{"id":11170,"date":"2016-02-05T21:31:25","date_gmt":"2016-02-05T20:31:25","guid":{"rendered":"http:\/\/shop.pronatur24.eu\/?page_id=11170"},"modified":"2025-06-25T00:02:38","modified_gmt":"2025-06-24T22:02:38","slug":"clientes-suiza-liechtenstein-2","status":"publish","type":"page","link":"https:\/\/ecoturbino.shop\/es\/customers-switzerland-liechtenstein\/","title":{"rendered":"Informaci\u00f3n para clientes de Suiza y Liechtenstein"},"content":{"rendered":"<div class=\"banner has-hover\" id=\"banner-1056936646\">\n          <div class=\"banner-inner fill\">\n        <div class=\"banner-bg fill\" >\n            <img decoding=\"async\" width=\"2000\" height=\"230\" src=\"https:\/\/ecoturbino.shop\/wp-content\/uploads\/2023\/08\/schweiz-liechtenstein-webdeals_2000.webp\" class=\"bg attachment-original size-original\" alt=\"Suiza Cabecera\" \/>                        <div class=\"overlay\"><\/div>            \n                    <\/div>\n\t\t\n        <div class=\"banner-layers container\">\n            <div class=\"fill banner-link\"><\/div>            \n   <div id=\"text-box-666857856\" class=\"text-box banner-layer x50 md-x50 lg-x50 y50 md-y50 lg-y50 res-text\">\n                                <div class=\"text-box-content text dark\">\n              \n              <div class=\"text-inner text-center\">\n                  \n<h1>SUIZA \/LI + TERCEROS PA\u00cdSES<\/h1>\n              <\/div>\n           <\/div>\n                            \n<style>\n#text-box-666857856 {\n  width: 97%;\n}\n#text-box-666857856 .text-box-content {\n  font-size: 100%;\n}\n@media (min-width:550px) {\n  #text-box-666857856 {\n    width: 80%;\n  }\n}\n@media (min-width:850px) {\n  #text-box-666857856 {\n    width: 83%;\n  }\n}\n<\/style>\n    <\/div>\n \n        <\/div>\n      <\/div>\n\n            \n<style>\n#banner-1056936646 {\n  padding-top: 110px;\n}\n#banner-1056936646 .overlay {\n  background-color: rgba(0,0,0,.5);\n}\n@media (min-width:550px) {\n  #banner-1056936646 {\n    padding-top: 170px;\n  }\n}\n@media (min-width:850px) {\n  #banner-1056936646 {\n    padding-top: 190px;\n  }\n}\n<\/style>\n  <\/div>\n\n\n<div class=\"row\"  id=\"row-2114097255\">\n\n\t<div id=\"col-423733934\" class=\"col medium-8 small-12 large-8\"  >\n\t\t\t\t<div class=\"col-inner\"  >\n\t\t\t\n\t\t\t\n<h2 class=\"headlinefocus\">Entregamos directamente en Suiza, Liechtenstein y terceros pa\u00edses (estados vecinos de la UE). \u00a1Siga a otros pa\u00edses!<\/h2>\n<p>En esta p\u00e1gina, destacamos espec\u00edficamente la posibilidad de hacer un pedido desde Suiza y Liechtenstein. <strong> Los siguientes datos se consideran contenidos para la exportaci\u00f3n a terceros pa\u00edses no pertenecientes a la UE. <\/strong><\/p>\n<ul>\n<li>Si vive en Suiza\/Liechtenstein y desea que se lo enviemos directamente a Suiza\/Liechtenstein, puede comprarlo inmediatamente libre de impuestos.<\/li>\n<li>Le enviaremos su pedido a trav\u00e9s de Correos de Austria. El impuesto suizo de importaci\u00f3n, as\u00ed como determinadas tasas de pago o tramitaci\u00f3n, son calculados por Correos de Suiza en el momento de la entrega del paquete.<\/li>\n<li>Enviamos paquetes asegurados por un valor m\u00e1ximo de 100 \u20ac. Usted mismo decide si desea ampliar el importe del seguro hasta un m\u00e1ximo de 510 \u20ac como env\u00edo de paquetes premium con un tiempo de ejecuci\u00f3n m\u00e1s r\u00e1pido. Tenga en cuenta que la suma asegurada representa el importe m\u00e1ximo de los da\u00f1os por la p\u00e9rdida del paquete.<\/li>\n<li>Los pedidos a partir de 20 kg de peso son relativamente caros. A partir de 30 kg de peso de env\u00edo, ya no es posible realizar un pedido directamente en la tienda. En caso de un pedido mayor, recomendamos ponerse en contacto con nosotros directamente para poder aclarar un env\u00edo razonablemente atractivo. Esto es especialmente cierto en el caso de productos de mayor peso, como pinturas para pantallas o papeles pintados para pantallas.<\/li>\n<\/ul>\n\t\t<\/div>\n\t\t\t\t\t<\/div>\n\n\t\n\n\t<div id=\"col-611811329\" class=\"col medium-4 small-12 large-4\"  >\n\t\t\t\t<div class=\"col-inner text-center\"  >\n\t\t\t\n\t\t\t\n\t<div id=\"ux-lottie-2553089628\" class=\"ux-lottie\">\n\t\t\t\t<lottie-player class=\"ux-lottie__player\" data-params=\"{&quot;src&quot;:&quot;https:\\\/\\\/ecoturbino.shop\\\/wp-content\\\/uploads\\\/2023\\\/08\\\/swiss-flag-move.json&quot;,&quot;loop&quot;:true,&quot;autoplay&quot;:true,&quot;controls&quot;:false,&quot;speed&quot;:&quot;1&quot;,&quot;direction&quot;:1,&quot;trigger&quot;:&quot;&quot;,&quot;mouseout&quot;:&quot;&quot;,&quot;start&quot;:0,&quot;end&quot;:100,&quot;scrollActionType&quot;:&quot;seek&quot;,&quot;visibilityStart&quot;:0,&quot;visibilityEnd&quot;:100,&quot;id&quot;:&quot;ux-lottie-2553089628&quot;}\"><\/lottie-player>\n\t\t\t\t\n<style>\n#ux-lottie-2553089628 {\n  width: 100%;\n  height: 300px;\n}\n<\/style>\n\t<\/div>\n\t\n\t\t<\/div>\n\t\t\t\t\t<\/div>\n\n\t\n\n\t<div id=\"col-1123254985\" class=\"col small-12 large-12\"  >\n\t\t\t\t<div class=\"col-inner\"  >\n\t\t\t\n\t\t\t\n<a href=\"https:\/\/en.ecoturbino.shop\/shippingcosts\/\" class=\"button primary is-larger expand\" style=\"border-radius:10px;\">\n\t\t<span>Gastos de env\u00edo para Suiza, Liechtenstein y TERCEROS PA\u00cdSES<\/span>\n\t<\/a>\n\n\t<div id=\"gap-1069767267\" class=\"gap-element clearfix\" style=\"display:block; height:auto;\">\n\t\t\n<style>\n#gap-1069767267 {\n  padding-top: 15px;\n}\n<\/style>\n\t<\/div>\n\t\n<div class=\"is-divider divider clearfix\" style=\"max-width:100%;height:1px;\"><\/div>\n<h3><strong> <span style=\"font-size: 120%;\"> PARCEL SERVICE, la alternativa al env\u00edo directo a Suiza y Liechtenstein<br \/>\n<\/span> <\/strong><\/h3>\n<p>La alternativa al env\u00edo directo libre de impuestos es la entrega en una direcci\u00f3n dentro de la UE cercana a la frontera suiza para importar la mercanc\u00eda usted mismo o utilizar un servicio de paqueter\u00eda. La principal ventaja en este caso es el seguro del paquete completo hasta la entrega en la direcci\u00f3n de entrega, dentro de la UE, y los gastos de env\u00edo tambi\u00e9n podr\u00edan reducirse.<\/p>\n<h3>Utilizaci\u00f3n de un servicio de paqueter\u00eda en la zona fronteriza<\/h3>\n<p>Dependiendo de lo que ofrezca el servicio de paqueter\u00eda, puede utilizarse puramente como direcci\u00f3n de entrega con la opci\u00f3n de importaci\u00f3n independiente o como servicio de entrega a la direcci\u00f3n nacional deseada.<\/p>\n<p>Si el servicio de paqueter\u00eda seleccionado es un servicio de paqueter\u00eda completo, el pedido se transportar\u00e1 directamente a su direcci\u00f3n en Suiza o Liechtenstein. El servicio de paqueter\u00eda se encargar\u00e1 de todas las formalidades aduaneras y del transporte hasta su domicilio. Para m\u00e1s detalles, p\u00f3ngase en contacto directamente con el proveedor deseado o visite su sitio web.<\/p>\n<p>A continuaci\u00f3n se presentan tres conocidos proveedores que ya han sido utilizados por nuestros clientes suizos. Aunque no hacemos ninguna recomendaci\u00f3n por parte de PROnatur24\u00ae, al comparar los sitios web pudimos tener la impresi\u00f3n de que \u201cmeineinkauf.ch\u201d ofrece al cliente la cartera de autoservicio en l\u00ednea m\u00e1s distintiva.<\/p>\n\t<div id=\"gap-1619611042\" class=\"gap-element clearfix\" style=\"display:block; height:auto;\">\n\t\t\n<style>\n#gap-1619611042 {\n  padding-top: 30px;\n}\n<\/style>\n\t<\/div>\n\t\n<div class=\"row align-bottom row-divided\"  id=\"row-747921305\">\n\n\t<div id=\"col-1218376837\" class=\"col medium-4 small-12 large-4\"  >\n\t\t\t\t<div class=\"col-inner text-center\"  >\n\t\t\t\n\t\t\t\n\t<div class=\"img has-hover x md-x lg-x y md-y lg-y\" id=\"image_946919632\">\n\t\t<a class=\"\" href=\"https:\/\/meineinkauf.ch\/einkaufen\/\" target=\"_blank\" rel=\"sponsored noopener\">\t\t\t\t\t\t<div class=\"img-inner dark\" >\n\t\t\t<img decoding=\"async\" width=\"842\" height=\"264\" src=\"https:\/\/ecoturbino.shop\/wp-content\/uploads\/2023\/08\/meineinkaufch-logo.svg\" class=\"attachment-original size-original\" alt=\"Logotipo de MeinEinkauf\" \/>\t\t\t\t\t\t\n\t\t\t\t\t<\/div>\n\t\t\t\t\t\t<\/a>\t\t\n<style>\n#image_946919632 {\n  width: 75%;\n}\n<\/style>\n\t<\/div>\n\t\n<p>MeinEinkauf GmbH<br \/>\nMaybachstra\u00dfe 19<br \/>\n78467 Constanza<br \/>\nDEUTSCHLAND<\/p>\n<a href=\"https:\/\/meineinkauf.ch\/einkaufen\/\" target=\"_blank\" class=\"button primary\" rel=\"sponsored noopener\" style=\"border-radius:10px;\">\n\t\t<span>www.meineinkauf.ch<\/span>\n\t<\/a>\n\n\t\t<\/div>\n\t\t\t\t\t<\/div>\n\n\t\n\n\t<div id=\"col-196385185\" class=\"col medium-4 small-12 large-4\"  >\n\t\t\t\t<div class=\"col-inner text-center\"  >\n\t\t\t\n\t\t\t\n\t<div class=\"img has-hover x md-x lg-x y md-y lg-y\" id=\"image_204607579\">\n\t\t<a class=\"\" href=\"https:\/\/swiss-paket.de\" target=\"_blank\" rel=\"sponsored noopener\">\t\t\t\t\t\t<div class=\"img-inner dark\" >\n\t\t\t<img decoding=\"async\" width=\"900\" height=\"270\" src=\"https:\/\/ecoturbino.shop\/wp-content\/uploads\/2023\/08\/swisspaket-logo.png\" class=\"attachment-original size-original\" alt=\"Logotipo de Swiss Paket\" srcset=\"https:\/\/ecoturbino.shop\/wp-content\/uploads\/2023\/08\/swisspaket-logo.png 900w, https:\/\/ecoturbino.shop\/wp-content\/uploads\/2023\/08\/swisspaket-logo-470x141.png 470w, https:\/\/ecoturbino.shop\/wp-content\/uploads\/2023\/08\/swisspaket-logo-635x191.png 635w, https:\/\/ecoturbino.shop\/wp-content\/uploads\/2023\/08\/swisspaket-logo-800x240.png 800w\" sizes=\"(max-width: 900px) 100vw, 900px\" \/>\t\t\t\t\t\t\n\t\t\t\t\t<\/div>\n\t\t\t\t\t\t<\/a>\t\t\n<style>\n#image_204607579 {\n  width: 75%;\n}\n<\/style>\n\t<\/div>\n\t\n<p>Swiss Paket \/ HAM OHG<br \/>\nSchn\u00f6tring 9<br \/>\n79804 Dogern<br \/>\nDEUTSCHLAND<\/p>\n<a href=\"https:\/\/swiss-paket.de\/filialen\" target=\"_blank\" class=\"button primary\" rel=\"sponsored noopener\" style=\"border-radius:10px;\">\n\t\t<span>www.swiss-paket.de<\/span>\n\t<\/a>\n\n\t\t<\/div>\n\t\t\t\t\t<\/div>\n\n\t\n\n\t<div id=\"col-1662496297\" class=\"col medium-4 small-12 large-4\"  >\n\t\t\t\t<div class=\"col-inner text-center\"  >\n\t\t\t\n\t\t\t\n\t<div class=\"img has-hover x md-x lg-x y md-y lg-y\" id=\"image_1160071662\">\n\t\t<a class=\"\" href=\"https:\/\/grenzpaket.ch\" target=\"_blank\" rel=\"sponsored noopener\">\t\t\t\t\t\t<div class=\"img-inner dark\" >\n\t\t\t<img decoding=\"async\" width=\"450\" height=\"94\" src=\"https:\/\/ecoturbino.shop\/wp-content\/uploads\/2023\/08\/grenzpaket-logo.png\" class=\"attachment-original size-original\" alt=\"Logotipo de Grenzpaket\" srcset=\"https:\/\/ecoturbino.shop\/wp-content\/uploads\/2023\/08\/grenzpaket-logo.png 450w, https:\/\/ecoturbino.shop\/wp-content\/uploads\/2023\/08\/grenzpaket-logo-304x64.png 304w\" sizes=\"(max-width: 450px) 100vw, 450px\" \/>\t\t\t\t\t\t\n\t\t\t\t\t<\/div>\n\t\t\t\t\t\t<\/a>\t\t\n<style>\n#image_1160071662 {\n  width: 75%;\n}\n<\/style>\n\t<\/div>\n\t\n<p>Grenzpaket GmbH<br \/>\nHirsacker 14<br \/>\n78244 Gottmadingen<br \/>\nDEUTSCHLAND<\/p>\n<a href=\"https:\/\/www.grenzpaket.ch\/de\/lieferadresse-deutschland-oesterreich\" target=\"_blank\" class=\"button primary\" rel=\"sponsored noopener\" style=\"border-radius:10px;\">\n\t\t<span>www.grenzpaket.ch<\/span>\n\t<\/a>\n\n\t\t<\/div>\n\t\t\t\t\t<\/div>\n\n\t\n<\/div>\n\t\t<\/div>\n\t\t\t\t\t<\/div>\n\n\t\n\n<\/div>\n<div class=\"row\"  id=\"row-1266414902\">\n\n\t<div id=\"col-210660060\" class=\"col small-12 large-12\"  >\n\t\t\t\t<div class=\"col-inner\"  >\n\t\t\t\n\t\t\t\n<a href=\"https:\/\/en.ecoturbino.shop\/contact\/\" class=\"button secondary is-larger expand\" style=\"border-radius:10px;\">\n\t\t<span>\u00bfTiene m\u00e1s preguntas sobre el ENV\u00cdO AL EXTRANJERO? Utilice nuestra l\u00ednea directa<\/span>\n\t<\/a>\n\n<div class=\"is-divider divider clearfix\" style=\"max-width:100%;height:1px;\"><\/div>\n<p>Salvo error tipogr\u00e1fico o de impresi\u00f3n. Estado: 01.10.2023.<\/p>\n\t\t<\/div>\n\t\t\t\t\t<\/div>\n\n\t\n<\/div>","protected":false},"excerpt":{"rendered":"","protected":false},"author":1319,"featured_media":47649,"parent":0,"menu_order":0,"comment_status":"closed","ping_status":"closed","template":"page-blank.php","meta":{"inline_featured_image":false,"footnotes":""},"class_list":["post-11170","page","type-page","status-publish","has-post-thumbnail","hentry"],"_links":{"self":[{"href":"https:\/\/ecoturbino.shop\/es\/wp-json\/wp\/v2\/pages\/11170","targetHints":{"allow":["GET"]}}],"collection":[{"href":"https:\/\/ecoturbino.shop\/es\/wp-json\/wp\/v2\/pages"}],"about":[{"href":"https:\/\/ecoturbino.shop\/es\/wp-json\/wp\/v2\/types\/page"}],"author":[{"embeddable":true,"href":"https:\/\/ecoturbino.shop\/es\/wp-json\/wp\/v2\/users\/1319"}],"replies":[{"embeddable":true,"href":"https:\/\/ecoturbino.shop\/es\/wp-json\/wp\/v2\/comments?post=11170"}],"version-history":[{"count":0,"href":"https:\/\/ecoturbino.shop\/es\/wp-json\/wp\/v2\/pages\/11170\/revisions"}],"wp:featuredmedia":[{"embeddable":true,"href":"https:\/\/ecoturbino.shop\/es\/wp-json\/wp\/v2\/media\/47649"}],"wp:attachment":[{"href":"https:\/\/ecoturbino.shop\/es\/wp-json\/wp\/v2\/media?parent=11170"}],"curies":[{"name":"wp","href":"https:\/\/api.w.org\/{rel}","templated":true}]}}