{"id":46964,"date":"2023-09-13T13:45:20","date_gmt":"2023-09-13T11:45:20","guid":{"rendered":"https:\/\/en.ecoturbino.shop\/?page_id=46964"},"modified":"2025-08-15T11:14:05","modified_gmt":"2025-08-15T09:14:05","slug":"requisitos-funcion-ecoturbino","status":"publish","type":"page","link":"https:\/\/ecoturbino.shop\/es\/requirements-function-ecoturbino\/","title":{"rendered":"Requisitos para un funcionamiento impecable de ecoturbino"},"content":{"rendered":"<h3>Condiciones de uso de ecoturbino\u00ae en duchas<\/h3>\n<ul>\n<li>No utilizar nunca junto con <strong>cabezales de ducha ahorradores de agua<\/strong>. Esto nos lleva directamente a <a href=\"https:\/\/ecoturbino.shop\/es\/ecoturbino-faq\/#accordion-item-water_is_leaking_from_the_ecoturbino_air_hole_while_showering!?\" target=\"_blank\" rel=\"noopener\">interrupciones t\u00e9cnicas<\/a> y tambi\u00e9n afecta a la experiencia de la ducha (filosof\u00eda del disfrute de la ducha).<\/li>\n<li>Ni la alcachofa ni la manguera de la ducha deben llevar incorporado un reductor de agua. Si existe alguno, debe retirarse previamente.<\/li>\n<li>Si se utiliza una ducha de lluvia, debe comprobarse que no lleva un reductor de agua integrado y, si lo tiene, debe retirarse. Adem\u00e1s, la ducha de techo debe ser de metal (las duchas de techo de pl\u00e1stico se da\u00f1an debido a la funci\u00f3n de turbina).<\/li>\n<\/ul>","protected":false},"excerpt":{"rendered":"<p>Conditions for using ecoturbino\u00ae in showers Never use in conjunction with water-saving showerheads. This leads direct to technical disruptions and also affects the shower experience (shower enjoyment philosophy). Neither the showerhead nor the shower hose should have a built-in water reducer. If one exists, it must be removed beforehand. When using a rain shower, it [&#8230;]\n","protected":false},"author":1319,"featured_media":0,"parent":0,"menu_order":0,"comment_status":"closed","ping_status":"closed","template":"page-blank-title-center.php","meta":{"inline_featured_image":false,"footnotes":""},"class_list":["post-46964","page","type-page","status-publish","hentry"],"_links":{"self":[{"href":"https:\/\/ecoturbino.shop\/es\/wp-json\/wp\/v2\/pages\/46964","targetHints":{"allow":["GET"]}}],"collection":[{"href":"https:\/\/ecoturbino.shop\/es\/wp-json\/wp\/v2\/pages"}],"about":[{"href":"https:\/\/ecoturbino.shop\/es\/wp-json\/wp\/v2\/types\/page"}],"author":[{"embeddable":true,"href":"https:\/\/ecoturbino.shop\/es\/wp-json\/wp\/v2\/users\/1319"}],"replies":[{"embeddable":true,"href":"https:\/\/ecoturbino.shop\/es\/wp-json\/wp\/v2\/comments?post=46964"}],"version-history":[{"count":0,"href":"https:\/\/ecoturbino.shop\/es\/wp-json\/wp\/v2\/pages\/46964\/revisions"}],"wp:attachment":[{"href":"https:\/\/ecoturbino.shop\/es\/wp-json\/wp\/v2\/media?parent=46964"}],"curies":[{"name":"wp","href":"https:\/\/api.w.org\/{rel}","templated":true}]}}