{"id":4875,"date":"2014-09-28T09:43:35","date_gmt":"2014-09-28T07:43:35","guid":{"rendered":"http:\/\/shop.pronatur24.eu\/?page_id=4875"},"modified":"2025-08-15T11:30:23","modified_gmt":"2025-08-15T09:30:23","slug":"privacidad","status":"publish","type":"page","link":"https:\/\/ecoturbino.shop\/es\/privacy-cockpit\/privacy\/","title":{"rendered":"Pol\u00edtica de privacidad conforme al GDPR"},"content":{"rendered":"<div class=\"banner has-hover\" id=\"banner-326303636\">\n          <div class=\"banner-inner fill\">\n        <div class=\"banner-bg fill\" >\n            <img decoding=\"async\" width=\"2000\" height=\"230\" src=\"https:\/\/ecoturbino.shop\/wp-content\/uploads\/2023\/08\/paragraph-webdeals-2000.webp\" class=\"bg attachment-original size-original\" alt=\"Encabezado de p\u00e1rrafo\" \/>                        <div class=\"overlay\"><\/div>            \n                    <\/div>\n\t\t\n        <div class=\"banner-layers container\">\n            <div class=\"fill banner-link\"><\/div>            \n   <div id=\"text-box-281202215\" class=\"text-box banner-layer x50 md-x50 lg-x50 y50 md-y50 lg-y50 res-text\">\n                                <div class=\"text-box-content text dark\">\n              \n              <div class=\"text-inner text-center\">\n                  \n<h1><span style=\"font-size: 100%;\">POL\u00cdTICA DE PRIVACIDAD<\/span><\/h1>\n              <\/div>\n           <\/div>\n                            \n<style>\n#text-box-281202215 {\n  width: 60%;\n}\n#text-box-281202215 .text-box-content {\n  font-size: 100%;\n}\n<\/style>\n    <\/div>\n \n        <\/div>\n      <\/div>\n\n            \n<style>\n#banner-326303636 {\n  padding-top: 110px;\n}\n#banner-326303636 .overlay {\n  background-color: rgba(0,0,0,.5);\n}\n@media (min-width:550px) {\n  #banner-326303636 {\n    padding-top: 170px;\n  }\n}\n@media (min-width:850px) {\n  #banner-326303636 {\n    padding-top: 190px;\n  }\n}\n<\/style>\n  <\/div>\n\n\n<div class=\"row\"  id=\"row-1612434934\">\n\n\t<div id=\"col-751696108\" class=\"col small-12 large-12\"  >\n\t\t\t\t<div class=\"col-inner\"  >\n\t\t\t\n\t\t\t\n<h3>1. Nombre y direcci\u00f3n del responsable<\/h3>\n<p>La parte responsable en el sentido del Reglamento General de Protecci\u00f3n de Datos y otras leyes nacionales de protecci\u00f3n de datos de los estados miembros, as\u00ed como otras normas legales de protecci\u00f3n de datos es:<\/p>\n<p>Tiendas Webdeals GmbH<br \/>\nHolzbodenweg 6<br \/>\n6858 Schwarzach<\/p>\n<p>E-Mail: <a href=\"mailto:info@ecoturbino.shop\">info@ecoturbino.shop<\/a><br \/>\nTel: +43 5574 24010<\/p>\n<p>(tambi\u00e9n llamada parte responsable a partir de ahora).<\/p>\n<p>El responsable gestiona el siguiente sitio web: https:\/\/en.ecoturbino.shop.<\/p>\n<p>La protecci\u00f3n de su informaci\u00f3n personal es una cuesti\u00f3n importante para nosotros. Por ello, a continuaci\u00f3n le indicamos c\u00f3mo tratamos sus datos personales utilizados para este sitio web y nuestros servicios.<\/p>\n<p>Nuestra pol\u00edtica de privacidad s\u00f3lo se refiere al uso del sitio web https:\/\/en.ecoturbino.shop. Si se le redirige a otros sitios web desde nuestras p\u00e1ginas, inf\u00f3rmese sobre el tratamiento respectivo de su informaci\u00f3n personal en el sitio al que se le ha redirigido.<\/p>\n<h3>2. Cuestiones de protecci\u00f3n de datos<\/h3>\n<p>Dirija sus preguntas sobre protecci\u00f3n de datos a <a href=\"mailto:privacy@ecoturbino.shop\">privacy@ecoturbino.shop<\/a>.<\/p>\n<h3>3. Informaci\u00f3n general sobre el tratamiento de datos<\/h3>\n<p>Por informaci\u00f3n personal entendemos toda informaci\u00f3n que divulgue su identidad (por ejemplo: nombre, direcci\u00f3n, direcci\u00f3n de correo electr\u00f3nico, n\u00famero de tel\u00e9fono). Al utilizar nuestro servicio digital, su informaci\u00f3n personal s\u00f3lo se procesa de conformidad con la normativa legal. Esto incluye la DSGVO, la TKG 2003 o la ley nacional de protecci\u00f3n de datos. Su informaci\u00f3n personal s\u00f3lo se recopilar\u00e1 de acuerdo con las pol\u00edticas de evitaci\u00f3n y minimizaci\u00f3n de datos si es necesaria para el fin deseado o si usted la pone voluntariamente a nuestra disposici\u00f3n.<\/p>\n<p>Le informamos de que tambi\u00e9n somos responsables de sus datos si utilizamos a un tercero (encargado del tratamiento) para tramitar un contrato.<\/p>\n<h3>4. Llevamos a cabo los siguientes procesos<\/h3>\n<p><strong>4.1. Cookies<\/strong><\/p>\n<p>Para que el uso de nuestro sitio web sea lo m\u00e1s f\u00e1cil y seguro posible, y para que funcionen determinadas funciones, utilizamos las denominadas cookies. Se trata de peque\u00f1os archivos de texto que se introducen en su navegador. La mayor\u00eda de las cookies que utilizamos son las llamadas cookies de sesi\u00f3n, que son eliminadas autom\u00e1ticamente por su dispositivo despu\u00e9s de salir de nuestro sitio web. Otras cookies, denominadas cookies de larga duraci\u00f3n, permanecen guardadas en su dispositivo hasta que usted las borra. Estas cookies nos permiten reconocer su navegador en su pr\u00f3xima visita. Puede evitar que se guarden las cookies con la configuraci\u00f3n adecuada de su navegador. No obstante, le informamos de que no podr\u00e1 utilizar plenamente todas las funciones del sitio web.<\/p>\n<p>Al escribir un comentario en nuestro sitio web puede dar su consentimiento para que su nombre, direcci\u00f3n de correo electr\u00f3nico y sitio web se guarden en cookies. Se trata de una funci\u00f3n c\u00f3moda para que no tenga que volver a introducir toda esta informaci\u00f3n la pr\u00f3xima vez que escriba un comentario. Estas cookies se guardan durante un a\u00f1o.<\/p>\n<p>Si tiene una cuenta e inicia sesi\u00f3n en este sitio web, instalaremos una cookie temporal para determinar si su navegador acepta o no cookies. Esta cookie no contiene ninguna informaci\u00f3n personal y se elimina al cerrar el navegador.<\/p>\n<p>Cuando se registre, configuraremos algunas cookies para guardar su informaci\u00f3n de registro y sus opciones de visualizaci\u00f3n. Las cookies de registro caducan a los dos a\u00f1os y las cookies para sus opciones de visualizaci\u00f3n caducan al a\u00f1o. Si selecciona \u201cPermanecer conectado\u201d al iniciar sesi\u00f3n, permanecer\u00e1 conectado durante dos semanas. Al desconectarse de su cuenta, se borran las cookies de inicio de sesi\u00f3n.<\/p>\n<p><strong>4.2. Cookies de sesi\u00f3n<\/strong><\/p>\n<p>Para facilitarle la navegaci\u00f3n por nuestro sitio web, establecemos un identificador de sesi\u00f3n que se asigna a cada visitante cuando empieza a utilizar nuestro sitio web. Este identificador de sesi\u00f3n permite a nuestro servidor reconocerle a usted o a su ordenador\/navegador como el mismo visitante, a pesar de los posibles cambios de direcci\u00f3n IP entre visitas. Este ID de sesi\u00f3n tambi\u00e9n permite la asignaci\u00f3n de varias solicitudes relacionadas realizadas por un usuario durante una sesi\u00f3n. La cookie de ID de sesi\u00f3n utilizada se guarda hasta el final de una sesi\u00f3n. Se elimina autom\u00e1ticamente al cerrar el navegador.<\/p>\n<p><strong>4.3. Cookies de larga duraci\u00f3n<\/strong><\/p>\n<p>Nuestro sitio web tambi\u00e9n utiliza funciones del servicio de an\u00e1lisis web Google Analytics, un servicio de Google Inc. (\u201cGoogle\u201d) que cuenta con un certificado de protecci\u00f3n de la privacidad.<\/p>\n<p>Google Analytics tambi\u00e9n utiliza cookies que permiten, entre otras cosas, analizar el uso que usted hace del sitio web. Durante el uso de Google Analytics a trav\u00e9s de este sitio web, se recopila la siguiente informaci\u00f3n: Direcci\u00f3n IP, comportamiento del usuario, informaci\u00f3n del navegador. S\u00f3lo instalamos Google Analytics con anonimizaci\u00f3n de IP. Esto significa que su direcci\u00f3n IP es acortada por Google dentro de los estados miembros de la Uni\u00f3n Europea o en otras partes contratantes del Espacio Econ\u00f3mico Europeo. La direcci\u00f3n IP completa s\u00f3lo se transmitir\u00e1 a un servidor de Google en Estados Unidos en casos excepcionales y s\u00f3lo se acortar\u00e1 all\u00ed. Google usar\u00e1 esta informaci\u00f3n por cuenta del operador de este sitio web con el prop\u00f3sito de seguir la pista de su uso del sitio web, recopilando informes de la actividad del sitio web y prestando otros servicios relacionados con el uso del sitio web y de Internet al operador del sitio web. Estos informes y servicios se utilizar\u00e1n para mejorar constantemente las ofertas de este sitio web. Puede evitar que Google recopile la informaci\u00f3n generada por estas cookies y obtenida a trav\u00e9s de su uso del sitio web (incluida la direcci\u00f3n IP) y procese dicha informaci\u00f3n descargando e instalando el complemento del navegador de Google, disponible en el siguiente enlace:\u00a0<a href=\"http:\/\/tools.google.com\/dlpage\/gaoptout?hl=de\" target=\"_blank\" rel=\"noopener noreferrer\">http:\/\/tools.google.com\/dlpage\/gaoptout?hl=de<\/a>. Existen otros plug-ins similares de otros proveedores en funci\u00f3n del navegador utilizado. La informaci\u00f3n personal mencionada se guarda durante dos a\u00f1os.<\/p>\n<p><strong>4.4. Bolet\u00edn y mensajes push<br \/>\n<\/strong><\/p>\n<p>Procesamos su informaci\u00f3n personal para poder enviarle boletines y mensajes push. Este proceso se realiza legalmente con su consentimiento. Facilitamos sus datos personales a terceros para que env\u00eden el mensaje en nuestro nombre. Su informaci\u00f3n personal se procesa hasta que usted cancela el procesamiento.<\/p>\n<p><strong>4.5. Comentarios<\/strong><\/p>\n<p>Cuando los visitantes dejan comentarios en el sitio web, recopilamos los datos que aparecen en el formulario de comentarios, as\u00ed como la direcci\u00f3n IP del visitante y la cadena de agente de usuario (para identificar el navegador) con el fin de apoyar el reconocimiento de spam.<\/p>\n<p>Se puede crear una cadena de caracteres anonimizada (tambi\u00e9n llamada hash) a partir de tu direcci\u00f3n de correo electr\u00f3nico y d\u00e1rsela a Gravatar para comprobar si la utilizas. Puede consultar la pol\u00edtica de privacidad de Gravatar aqu\u00ed: <a href=\"https:\/\/automattic.com\/privacy\/\" target=\"_blank\" rel=\"noopener noreferrer\">https:\/\/automattic.com\/privacy\/<\/a>. Una vez aprobado tu comentario, tu foto de perfil ser\u00e1 visible en tu comentario.<\/p>\n<p><strong>4.6. Medios de comunicaci\u00f3n<\/strong><\/p>\n<p>Si usted es un usuario registrado y carga fotos en este sitio web, debe evitar cargar fotos con una ubicaci\u00f3n GPS EXIF. Los visitantes de este sitio web podr\u00edan descargar las fotos que se guardan en este sitio web y extraer informaci\u00f3n sobre la ubicaci\u00f3n en la que se tomaron.<\/p>\n<p><strong>4.7. Contenido incrustado de otros sitios web<\/strong><\/p>\n<p>Las contribuciones a este sitio web pueden incluir contenidos incrustados (por ejemplo, v\u00eddeos, im\u00e1genes o art\u00edculos). Los contenidos incrustados de otros sitios web act\u00faan exactamente igual que si el visitante hubiera consultado los otros sitios web.<\/p>\n<p>Estos sitios web pueden recopilar informaci\u00f3n sobre usted, utilizar cookies, incrustar servicios de seguimiento adicionales de terceros y registrar su interacci\u00f3n con este contenido incrustado, incluida su interacci\u00f3n con \u00e9l si tiene una cuenta y ha iniciado sesi\u00f3n en este sitio web.<\/p>\n<p><strong>4.8. Chat en directo<\/strong><\/p>\n<p>Utilizamos el servicio de chat de Zendesk para ofrecer un soporte \u00f3ptimo a nuestros usuarios y clientes. Puede consultar la pol\u00edtica de privacidad de Zendesk aqu\u00ed:\u00a0<a href=\"https:\/\/www.zendesk.com\/company\/customers-partners\/privacy-policy\/\" target=\"_blank\" rel=\"noopener noreferrer\">https:\/\/www.zendesk.com\/company\/customers-partners\/privacy-policy\/<\/a>.<\/p>\n<p><strong>4.9. Presentaci\u00f3n de consultas y compras anonimizadas<\/strong><\/p>\n<p>Utilizamos un servicio en la nube para la informaci\u00f3n y presentaci\u00f3n de productos solicitados y comprados con frecuencia y para demostrar la seguridad de la compra en nuestra tienda en l\u00ednea. Transmitimos datos anonimizados a este tercero para llevar a cabo presentaciones \u00f3ptimas para el sistema web.<\/p>\n<p><strong>4.10. Otros servicios de an\u00e1lisis<\/strong><\/p>\n<p>Adem\u00e1s del servicio de an\u00e1lisis de Google (Google Anlytics), utilizamos otros procesos de an\u00e1lisis t\u00e9cnico seg\u00fan sea necesario, principalmente inmediatamente despu\u00e9s de la actualizaci\u00f3n de la p\u00e1gina de inicio y del software operativo de la tienda web. El objetivo es reconocer r\u00e1pidamente los errores t\u00e9cnicos que podr\u00edan comprometer la experiencia de navegaci\u00f3n del usuario y sus necesidades de compra. Ejemplos de ello pueden ser \u201cNo se puede a\u00f1adir el producto a la cesta\u201d, \u201cPago imposible\u201d, \u201cNo se puede registrar una cuenta de cliente\u201d, etc. La informaci\u00f3n personal registrada se guarda de forma an\u00f3nima y se elimina tras desactivar el examen.<\/p>\n<p><strong>4.11. Sistema de protecci\u00f3n contra hacking, spam, malware y phishing<br \/>\n<\/strong><\/p>\n<p>Para proteger la informaci\u00f3n personal y todo el sistema, utilizamos varios sistemas de protecci\u00f3n muy desarrollados que no enumeramos por motivos de privacidad y seguridad. Los comentarios dejados por los visitantes podr\u00edan ser examinados por un servicio automatizado de reconocimiento de spam. Toda la p\u00e1gina de inicio est\u00e1 encriptada con SSL para garantizar una experiencia de navegaci\u00f3n segura.<\/p>\n<p>Este sitio est\u00e1 protegido por reCAPTCHA y por la pol\u00edtica de privacidad de Google. <a href=\"https:\/\/policies.google.com\/privacy\" rel=\"nofollow noopener\">Pol\u00edtica de privacidad<\/a>\u00a0y <a href=\"https:\/\/policies.google.com\/terms\" rel=\"nofollow noopener\">Condiciones de uso<\/a>\u00a0aplicar.<\/p>\n<h3>5. Almacenamiento y tratamiento de datos en la tienda web<\/h3>\n<p><strong>5.1. Durante su visita en nuestra tienda web, registramos:<\/strong><\/p>\n<ul>\n<li>Productos que ya ha visto. Utilizamos esta grabaci\u00f3n para mostrarle productos que ya ha visto a modo de recordatorio.<\/li>\n<li>Ubicaci\u00f3n, direcci\u00f3n IP y navegador. Utilizamos las opciones para mostrarle autom\u00e1ticamente los impuestos y gastos de env\u00edo correctos, por ejemplo.<\/li>\n<li>Cookies y sesiones para almacenar en cach\u00e9 el contenido de su cesta cuando navega por la tienda web.<\/li>\n<\/ul>\n<p>Cuando nos compre productos, le pediremos su informaci\u00f3n personal para poder completar un pedido y poder enviar los productos. Estos datos son su nombre, direcci\u00f3n de facturaci\u00f3n, direcci\u00f3n de env\u00edo, direcci\u00f3n de correo electr\u00f3nico y n\u00famero de tel\u00e9fono. Si abre una cuenta de cliente y no realiza el pedido como invitado, tambi\u00e9n le pediremos el nombre de usuario y la contrase\u00f1a que desee. No recopilamos ni guardamos la informaci\u00f3n de pago introducida en la tienda. El almacenamiento de esta informaci\u00f3n financiera depende del servicio de pago elegido (PayPal, tarjetas de cr\u00e9dito, transferencia inmediata, etc.).<\/p>\n<p>Adem\u00e1s de para cumplimentar pedidos, utilizamos sus datos personales para:<\/p>\n<ul>\n<li>Env\u00ede el pedido y los datos de la cuenta del cliente por correo electr\u00f3nico.<\/li>\n<li>Responda a cualquier pregunta en los comentarios del pedido.<\/li>\n<li>Realice su pago y evite los fraudes.<\/li>\n<li>Cree su cuenta de cliente<\/li>\n<li>Cumplir nuestras tareas financieras, como el c\u00e1lculo del IVA para Hacienda, por ejemplo.<\/li>\n<li>Optimice constantemente nuestra tienda para facilitar a\u00fan m\u00e1s sus compras.<\/li>\n<li>Enviarle informaci\u00f3n, como nuestro bolet\u00edn de noticias, si acepta este uso.<\/li>\n<\/ul>\n<p>Procesamos su informaci\u00f3n personal para poder ofrecerle una tienda en l\u00ednea. Este tratamiento se realiza conforme a la base jur\u00eddica del acuerdo. Facilitamos su informaci\u00f3n personal a un operador de un centro inform\u00e1tico para que lleve a cabo este tratamiento por nosotros. Adem\u00e1s, damos la informaci\u00f3n personal a un proveedor de servicios de pago, as\u00ed como a un servicio de entrega para que puedan procesar sus datos con el fin de procesar el pago o la entrega. Procesamos su informaci\u00f3n personal mientras sea necesario debido a los periodos de retenci\u00f3n fiscal y mientras no necesitemos m\u00e1s su informaci\u00f3n personal para reclamaciones legales.<\/p>\n<p>Tambi\u00e9n guardamos rese\u00f1as de productos y las hacemos p\u00fablicas para que otras personas interesadas en los productos puedan acceder a tus experiencias.<\/p>\n<p><strong>5.2. Acceso a la informaci\u00f3n personal<\/strong><\/p>\n<p>Nuestro equipo de atenci\u00f3n al cliente tiene acceso a la informaci\u00f3n que usted introduce al hacer el pedido. Esto incluye:<\/p>\n<ul>\n<li>Informaci\u00f3n sobre el contenido del pedido, cu\u00e1ndo se pidi\u00f3 y a d\u00f3nde debe enviarse<\/li>\n<li>Datos personales como nombre, direcci\u00f3n de facturaci\u00f3n y env\u00edo, direcci\u00f3n de correo electr\u00f3nico y n\u00famero de tel\u00e9fono.<\/li>\n<\/ul>\n<p>Este acceso es necesario para preparar el pedido para su env\u00edo, responder a sus preguntas y tramitar las devoluciones.<\/p>\n<p><strong>5.3. Sistemas de pago<\/strong><\/p>\n<div class=\"policy-text hide-privacy-policy-tutorial\">\n<p>Le ofrecemos varias opciones para pagar su pedido. Ampliamos constantemente estas opciones para crear la opci\u00f3n de pago m\u00e1s c\u00f3moda para usted. As\u00ed, es posible pagar mediante PayPal, tarjeta de cr\u00e9dito, transferencia inmediata, compra contra factura, Bitcoin y Altcoin, y muchas m\u00e1s. La pol\u00edtica de privacidad respectiva de cada sitio web puede consultarse en la p\u00e1gina de inicio del proveedor de pago elegido.<\/p>\n<p>A continuaci\u00f3n encontrar\u00e1 los enlaces a las pol\u00edticas de privacidad de los proveedores de pago:<\/p>\n<ul>\n<li>PayPal (https:\/\/www.paypal.com\/myaccount\/privacy\/privacyhub)<\/li>\n<li>Raya (https:\/\/stripe.com\/gb\/privacy)<\/li>\n<li>Klarna (https:\/\/cdn.klarna.com\/1.0\/shared\/content\/legal\/terms\/0\/en_us\/privacy)<\/li>\n<li>Amazon Pay (https:\/\/pay.amazon.com\/us\/help\/201491260)<\/li>\n<li>CoinGate (https:\/\/coingate.com\/privacy)<\/li>\n<\/ul>\n<\/div>\n<h3>6. Derechos de la persona afectada<\/h3>\n<p>Como afectado, le asisten los siguientes derechos frente a la parte responsable:<\/p>\n<p><strong>6.1. Derecho a la informaci\u00f3n<\/strong><\/p>\n<p>Puede exigir confirmaci\u00f3n al responsable si est\u00e1 tratando informaci\u00f3n personal que le concierne.<\/p>\n<p><strong>6.2. Derecho de rectificaci\u00f3n<\/strong><\/p>\n<p>Usted tiene derecho a rectificar o completar los datos contra el responsable si la informaci\u00f3n personal que se est\u00e1 tratando es incorrecta o incompleta. El responsable debe realizar estas correcciones inmediatamente.<\/p>\n<p><strong>6.3. Derecho a restringir el tratamiento<\/strong><\/p>\n<p>Puede exigir la restricci\u00f3n del tratamiento de sus datos personales en las siguientes condiciones:<\/p>\n<p>(1) Si niega la exactitud de la informaci\u00f3n personal;<br \/>\n(2) si el tratamiento es ilegal;<br \/>\n(3) si el responsable ya no necesita la informaci\u00f3n personal para el tratamiento, pero usted la necesita para hacer valer, ejercer o defender una reclamaci\u00f3n legal, o<br \/>\n(4) si ha presentado una objeci\u00f3n contra el tratamiento y a\u00fan no se ha determinado si los motivos del responsable prevalecen o no sobre los suyos.<\/p>\n<p><strong>6.4. Derecho de supresi\u00f3n<\/strong><\/p>\n<p>Usted puede exigir al responsable que borre inmediatamente sus datos personales, y el responsable est\u00e1 obligado a hacerlo si concurre uno de los siguientes motivos:<\/p>\n<p>(1) Sus datos personales ya no son necesarios para los fines para los que fueron recogidos o tratados de determinada manera.<br \/>\n(2) Usted retira su consentimiento para el tratamiento de sus datos personales y no existen otros fundamentos jur\u00eddicos para el tratamiento de dichos datos.<br \/>\n(3) Usted presenta una objeci\u00f3n contra el tratamiento de sus datos personales y no existen razones imperiosas para dicho tratamiento.<br \/>\n(4) Sus datos personales han sido tratados ilegalmente.<\/p>\n<p><strong>6.5. Derecho de consulta<\/strong><\/p>\n<p>Si usted ha hecho valer el derecho de rectificaci\u00f3n, el derecho de supresi\u00f3n o el derecho a restringir el tratamiento frente a la parte responsable, \u00e9sta est\u00e1 obligada a informar de esta rectificaci\u00f3n, supresi\u00f3n o restricci\u00f3n del tratamiento a todas las partes a las que se hayan comunicado sus datos personales, a menos que resulte imposible o exija un esfuerzo excesivo. Usted tiene derecho a ser informado sobre estas partes por la parte responsable.<\/p>\n<p><strong>6.6. Derecho a la portabilidad de los datos<\/strong><\/p>\n<p>Usted tiene derecho a recibir la informaci\u00f3n personal que haya puesto a disposici\u00f3n del responsable en un formato estructurado, com\u00fan y legible por m\u00e1quina. Adem\u00e1s, tiene derecho a transmitir esta informaci\u00f3n a otro responsable sin interferencia del responsable al que puso a disposici\u00f3n su informaci\u00f3n personal si<\/p>\n<p>(1) el tratamiento se basa en el consentimiento o en un contrato y<br \/>\n(2) el tratamiento se realiza con ayuda de procesos automatizados.<\/p>\n<p>Al ejercer este derecho, tambi\u00e9n obtiene el derecho a que su informaci\u00f3n personal sea transmitida de un responsable a otro responsable siempre que sea t\u00e9cnicamente factible. La libertad y los derechos de otras personas no pueden verse comprometidos por esta v\u00eda.<\/p>\n<p><strong>6.7. Derecho de recurso<\/strong><\/p>\n<p>Tiene derecho a presentar en cualquier momento una objeci\u00f3n contra el tratamiento de sus datos personales que se haya llevado a cabo por motivos de inter\u00e9s p\u00fablico o sobre la base de un inter\u00e9s leg\u00edtimo del responsable.<\/p>\n<p>Si sus datos personales se procesan con el fin de realizar publicidad directa, usted tiene derecho a oponerse en cualquier momento al procesamiento de sus datos personales a efectos de ese tipo de publicidad; esto tambi\u00e9n se aplica a la elaboraci\u00f3n de perfiles, siempre que est\u00e9 relacionada con este tipo de publicidad directa.<\/p>\n<p>Si se opone al tratamiento de su informaci\u00f3n personal con fines de publicidad directa, dicha informaci\u00f3n dejar\u00e1 de tratarse con este fin.<\/p>\n<p><strong>6.8. Derecho a revocar el consentimiento de protecci\u00f3n de datos<\/strong><\/p>\n<p>Tiene derecho a revocar su consentimiento de protecci\u00f3n de datos en cualquier momento.<\/p>\n<p><strong>6.9. Decisiones automatizadas en casos individuales, incluida la elaboraci\u00f3n de perfiles<\/strong><\/p>\n<p>Tiene derecho a no ser objeto de una decisi\u00f3n basada \u00fanicamente en un tratamiento automatizado de sus datos personales -incluida la elaboraci\u00f3n de perfiles- que produzca efectos jur\u00eddicos o le comprometa gravemente de modo similar.<\/p>\n<p><strong>6.10. Derecho de recurso ante un organismo regulador<\/strong><\/p>\n<p>Tiene derecho a recurrir ante un organismo regulador independientemente de otros recursos administrativos o legales, especialmente en el Estado miembro de su residencia, lugar de trabajo o lugar de la presunta infracci\u00f3n si el tratamiento de su informaci\u00f3n personal infringe la DSGVO.<\/p>\n<p>Si desea enviarnos una consulta, utilice este formulario.<\/p>\n<p>Si cree que se est\u00e1n vulnerando sus derechos como persona, puede ponerse en contacto con la Autoridad Austriaca de Protecci\u00f3n de Datos:<\/p>\n<p>Datenschutzbeh\u00f6rde<br \/>\nWickenburggasse 8<br \/>\n1080 Viena<\/p>\n<p>E-Mail:\u00a0<a href=\"mailto:dsb@dsb.gv.at\">dsb@dsb.gv.at<\/a><br \/>\nTel\u00e9fono: <a href=\"tel:+431521522569\">+43 1 521 52-25 69<\/a><\/p>\n<h3>7. Actualizaci\u00f3n de la pol\u00edtica de privacidad<\/h3>\n<p>Esta pol\u00edtica de privacidad se actualizar\u00e1 cuando se modifiquen los procesos o se realicen ajustes t\u00e9cnicos. Consulte siempre la versi\u00f3n actual de nuestra pol\u00edtica de privacidad.<\/p>\n<hr \/>\n<p>A partir de: 01.01.2022<\/p>\n<p>&nbsp;<\/p>\n\t\t<\/div>\n\t\t\t\t\t<\/div>\n\n\t\n<\/div>","protected":false},"excerpt":{"rendered":"","protected":false},"author":1319,"featured_media":0,"parent":39312,"menu_order":0,"comment_status":"closed","ping_status":"closed","template":"page-blank.php","meta":{"inline_featured_image":false,"footnotes":""},"class_list":["post-4875","page","type-page","status-publish","hentry"],"_links":{"self":[{"href":"https:\/\/ecoturbino.shop\/es\/wp-json\/wp\/v2\/pages\/4875","targetHints":{"allow":["GET"]}}],"collection":[{"href":"https:\/\/ecoturbino.shop\/es\/wp-json\/wp\/v2\/pages"}],"about":[{"href":"https:\/\/ecoturbino.shop\/es\/wp-json\/wp\/v2\/types\/page"}],"author":[{"embeddable":true,"href":"https:\/\/ecoturbino.shop\/es\/wp-json\/wp\/v2\/users\/1319"}],"replies":[{"embeddable":true,"href":"https:\/\/ecoturbino.shop\/es\/wp-json\/wp\/v2\/comments?post=4875"}],"version-history":[{"count":0,"href":"https:\/\/ecoturbino.shop\/es\/wp-json\/wp\/v2\/pages\/4875\/revisions"}],"up":[{"embeddable":true,"href":"https:\/\/ecoturbino.shop\/es\/wp-json\/wp\/v2\/pages\/39312"}],"wp:attachment":[{"href":"https:\/\/ecoturbino.shop\/es\/wp-json\/wp\/v2\/media?parent=4875"}],"curies":[{"name":"wp","href":"https:\/\/api.w.org\/{rel}","templated":true}]}}