{"id":48886,"date":"2024-01-23T19:21:10","date_gmt":"2024-01-23T18:21:10","guid":{"rendered":"https:\/\/en.ecoturbino.shop\/?page_id=48886"},"modified":"2026-01-02T11:37:06","modified_gmt":"2026-01-02T10:37:06","slug":"higiene-y-prevencion-de-la-cal","status":"publish","type":"page","link":"https:\/\/ecoturbino.shop\/es\/hygiene-and-limescale-prevention\/","title":{"rendered":"Higiene y cal en las duchas | Prevenir con ecoturbino siempre es mejor"},"content":{"rendered":"<section class=\"section zindex1\" id=\"section_1970770935\">\n\t\t<div class=\"section-bg fill\" >\n\t\t\t\t\t\t\t\t\t\n\t\t\t\n\n\t\t<\/div>\n\n\t\t\n\n\t\t<div class=\"section-content relative\">\n\t\t\t\n<div class=\"row\"  id=\"row-502911937\">\n\n\t<div id=\"col-653703557\" class=\"col small-12 large-12\"  >\n\t\t\t\t<div class=\"col-inner\"  >\n\t\t\t\n\t\t\t\n\t<div id=\"text-3798943465\" class=\"text\">\n\t\t\n<h1 class=\"uppercase\">Higiene y prevenci\u00f3n de la cal UB \u00a1Ducharse con ecoturbino siempre es mejor!<\/h1>\n<h3 class=\"thin-font\">En casa, en hoteles, instalaciones deportivas, hospitales, etc.<\/h3>\n\t\t\n<style>\n#text-3798943465 {\n  text-align: center;\n}\n<\/style>\n\t<\/div>\n\t\n<div class=\"text-center\"><div class=\"is-divider divider clearfix\" style=\"max-width:50%;height:1px;\"><\/div><\/div>\n\t<div id=\"gap-1189943963\" class=\"gap-element clearfix\" style=\"display:block; height:auto;\">\n\t\t\n<style>\n#gap-1189943963 {\n  padding-top: 30px;\n}\n<\/style>\n\t<\/div>\n\t\n<div class=\"row\"  id=\"row-1653563436\">\n\n\t<div id=\"col-1566665071\" class=\"col medium-8 small-12 large-8\"  >\n\t\t\t\t<div class=\"col-inner\"  >\n\t\t\t\n\t\t\t\n<p><strong>El uso de productos qu\u00edmicos es eficaz<\/strong> en la mayor\u00eda de los casos, pero lleva mucho tiempo,<strong> caro y perjudicial para el medio ambiente.<\/strong> Adem\u00e1s, el problema empeora a medida que aumenta la acumulaci\u00f3n de calcio.<\/p>\n<p>Para tener un sistema de agua completamente libre de legionela, debe asegurarse de que est\u00e1 libre tanto de calcio (incluida la biopel\u00edcula) como de bacterias.<\/p>\n<p>Independientemente de si est\u00e1 tratando un sistema de agua fr\u00eda, caliente o de proceso, es importante disponer de un m\u00e9todo para controlar los dep\u00f3sitos de calcio.<\/p>\n<h3>Higiene: \u00bfc\u00f3mo mitigar de otro modo el problema en las duchas?<\/h3>\n<p>En <strong><a href=\"https:\/\/ecoturbino.shop\/es\/comprar\/ecoturbino-et10l-adaptador-ducha-plata-2\/\">ecoturbiono\u00ae adaptador de ducha<\/a><\/strong> utiliza una tecnolog\u00eda \u00fanica para <strong>vaciado del agua de las duchas<\/strong> y sin duda puede ayudar <strong>mantener limpias las duchas<\/strong>. Se instala en su ducha existente y garantiza la <strong>drenaje de aguas estancadas<\/strong> del cabezal de la ducha y sobre todo del <strong>manguera<\/strong>.<\/p>\n<p>Adem\u00e1s, proporciona <strong>prevenci\u00f3n completa y continua<\/strong> as\u00ed como un <strong>reducci\u00f3n significativa<\/strong>. La tecnolog\u00eda ecoturbiono no requiere mantenimiento ni productos qu\u00edmicos. Esto significa que es una soluci\u00f3n sostenible y respetuosa con el medio ambiente.<\/p>\n<p>Utilizando esta tecnolog\u00eda, <strong>las bacterias se reducen significativamente en la manguera<\/strong> y el cabezal de la ducha. Adem\u00e1s, su cabezal de ducha se ve privado de su fuente de nutrientes, a saber, el calcio.<\/p>\n\t\t<\/div>\n\t\t\t\t\t<\/div>\n\n\t\n\n\t<div id=\"col-1789598196\" class=\"col medium-4 small-12 large-4\"  >\n\t\t\t\t<div class=\"col-inner\"  >\n\t\t\t\n\t\t\t\n\t<div class=\"img has-hover radius10 x md-x lg-x y md-y lg-y\" id=\"image_1573731737\">\n\t\t\t\t\t\t\t\t<div class=\"img-inner dark\" >\n\t\t\t<img decoding=\"async\" width=\"600\" height=\"600\" src=\"https:\/\/ecoturbino.shop\/wp-content\/uploads\/2024\/01\/legionellas-symbol_600.webp\" class=\"attachment-original size-original\" alt=\"Microscopio Legionellas\" srcset=\"https:\/\/ecoturbino.shop\/wp-content\/uploads\/2024\/01\/legionellas-symbol_600.webp 600w, https:\/\/ecoturbino.shop\/wp-content\/uploads\/2024\/01\/legionellas-symbol_600-470x470.webp 470w, https:\/\/ecoturbino.shop\/wp-content\/uploads\/2024\/01\/legionellas-symbol_600-340x340.webp 340w\" sizes=\"(max-width: 600px) 100vw, 600px\" \/>\t\t\t\t\t\t\n\t\t\t\t\t<\/div>\n\t\t\t\t\t\t\t\t\n<style>\n#image_1573731737 {\n  width: 100%;\n}\n<\/style>\n\t<\/div>\n\t\n\t\t<\/div>\n\t\t\t\t\t<\/div>\n\n\t\n<\/div>\n<div class=\"row\"  id=\"row-1482147268\">\n\n\t<div id=\"col-82528588\" class=\"col small-12 large-12\"  >\n\t\t\t\t<div class=\"col-inner\"  >\n\t\t\t\n\t\t\t\n\t<div class=\"img has-hover radius10 hide-for-small x md-x lg-x y md-y lg-y\" id=\"image_2011010776\">\n\t\t\t\t\t\t\t\t<div class=\"img-inner dark\" >\n\t\t\t<img decoding=\"async\" width=\"1280\" height=\"300\" src=\"https:\/\/ecoturbino.shop\/wp-content\/uploads\/2024\/01\/under-shower-legs_1280.webp\" class=\"attachment-original size-original\" alt=\"Piernas bajo la ducha\" srcset=\"https:\/\/ecoturbino.shop\/wp-content\/uploads\/2024\/01\/under-shower-legs_1280.webp 1280w, https:\/\/ecoturbino.shop\/wp-content\/uploads\/2024\/01\/under-shower-legs_1280-470x110.webp 470w, https:\/\/ecoturbino.shop\/wp-content\/uploads\/2024\/01\/under-shower-legs_1280-635x149.webp 635w, https:\/\/ecoturbino.shop\/wp-content\/uploads\/2024\/01\/under-shower-legs_1280-800x188.webp 800w\" sizes=\"(max-width: 1280px) 100vw, 1280px\" \/>\t\t\t\t\t\t\n\t\t\t\t\t<\/div>\n\t\t\t\t\t\t\t\t\n<style>\n#image_2011010776 {\n  width: 100%;\n}\n<\/style>\n\t<\/div>\n\t\n<h1>\u00bfSe puede contraer la legionelosis al ducharse?<\/h1>\n<p>S\u00ed, es posible contraer<strong> Legionelosis por ducha<\/strong>. Es poco probable que se produzca al ducharse a diario en el propio domicilio.<\/p>\n<p>Sin embargo, la probabilidad de contraerla al ducharse en un <strong>gimnasio, hotel, hospital u oficina es mayor<\/strong> - cualquier lugar con un gran sistema de agua. El agua puede cambiarse con menos frecuencia si estos lugares no est\u00e1n en uso constante.<\/p>\n\t<div id=\"gap-1080134875\" class=\"gap-element clearfix\" style=\"display:block; height:auto;\">\n\t\t\n<style>\n#gap-1080134875 {\n  padding-top: 30px;\n}\n<\/style>\n\t<\/div>\n\t\n<div class=\"row\"  id=\"row-2694317\">\n\n\t<div id=\"col-642781953\" class=\"col medium-8 small-12 large-8\"  >\n\t\t\t\t<div class=\"col-inner\"  >\n\t\t\t\n\t\t\t\n<h2>S\u00edntomas de la legionelosis<\/h2>\n<p>La infecci\u00f3n por estos <strong>Las bacterias pueden provocar s\u00edntomas como n\u00e1useas y v\u00f3mitos.<\/strong> La fiebre tambi\u00e9n es un s\u00edntoma frecuente. Otros s\u00edntomas son <strong>dolores musculares y, en casos extremos, insuficiencia renal<\/strong> puede ser el resultado de una infecci\u00f3n por la bacteria Legionella.<\/p>\n<p>Se\u00f1ales de que el<strong> los pulmones est\u00e1n afectados<\/strong> pueden incluir tos seca, dolor tor\u00e1cico y sibilancias al respirar. En estos casos, es importante buscar atenci\u00f3n m\u00e9dica r\u00e1pidamente, ya que estos signos pueden indicar neumon\u00eda.<\/p>\n<p>Para evitarlo, <strong>se presta mayor atenci\u00f3n a la higiene<\/strong> en lugares como <a href=\"https:\/\/en.wikipedia.org\/wiki\/Hospital#:~:text=A%20hospital%20is%20a%20healthcare,healthcare%20staff%20and%20medical%20equipment.\" target=\"_blank\" rel=\"noopener sponsored\"><strong>hospitales<\/strong><\/a>. La Ordenanza sobre agua potable tiene por objeto ayudar a prevenir la legionela y regula su presencia mediante reglamentos, recomendaciones y diversas leyes.<\/p>\n<p>En<strong> multiplicaci\u00f3n de la bacteria Legionella<\/strong> sigue un patr\u00f3n similar al de la multiplicaci\u00f3n de las bacterias de la humedad o transmitidas por el agua en general: prosperan en agua dulce. No existen en el agua salada ni en el agua de mar. Pueden encontrarse tanto en aguas superficiales como en el suelo.<\/p>\n<p>Desde aqu\u00ed, pueden entrar en las aguas subterr\u00e1neas. Se cree que, aunque no se multipliquen m\u00e1s en las aguas subterr\u00e1neas, pueden r<strong>Permanecen vivos durante a\u00f1os.<\/strong><\/p>\n<p><strong>La legionela puede entrar en el sistema de agua a trav\u00e9s de las aguas subterr\u00e1neas.<\/strong> De este modo, pueden <strong>inhalados durante actividades como ducharse y acaban en los pulmones.<\/strong> Dado que la Legionella puede causar enfermedades como la legionelosis en personas con sistemas inmunitarios debilitados, se considera una bacteria peligrosa en determinadas circunstancias.<\/p>\n\t\t<\/div>\n\t\t\t\t\n<style>\n#col-642781953 > .col-inner {\n  margin: 0px 0px -15px 0px;\n}\n<\/style>\n\t<\/div>\n\n\t\n\n\t<div id=\"col-214271588\" class=\"col medium-4 small-12 large-4\"  >\n\t\t\t\t<div class=\"col-inner\"  >\n\t\t\t\n\t\t\t\n\t<div class=\"img has-hover radius10 x md-x lg-x y md-y lg-y\" id=\"image_145090611\">\n\t\t\t\t\t\t\t\t<div class=\"img-inner dark\" >\n\t\t\t<img decoding=\"async\" width=\"600\" height=\"600\" src=\"https:\/\/ecoturbino.shop\/wp-content\/uploads\/2024\/01\/symptome-illness_600.webp\" class=\"attachment-original size-original\" alt=\"S\u00edntomas de la enfermedad\" srcset=\"https:\/\/ecoturbino.shop\/wp-content\/uploads\/2024\/01\/symptome-illness_600.webp 600w, https:\/\/ecoturbino.shop\/wp-content\/uploads\/2024\/01\/symptome-illness_600-470x470.webp 470w, https:\/\/ecoturbino.shop\/wp-content\/uploads\/2024\/01\/symptome-illness_600-340x340.webp 340w\" sizes=\"(max-width: 600px) 100vw, 600px\" \/>\t\t\t\t\t\t\n\t\t\t\t\t<\/div>\n\t\t\t\t\t\t\t\t\n<style>\n#image_145090611 {\n  width: 100%;\n}\n<\/style>\n\t<\/div>\n\t\n\t\t<\/div>\n\t\t\t\t\t<\/div>\n\n\t\n<\/div>\n\t\t<\/div>\n\t\t\t\t\t<\/div>\n\n\t\n<\/div>\n<div class=\"row\"  id=\"row-1702367536\">\n\n\t<div id=\"col-181454681\" class=\"col medium-8 small-12 large-8\"  >\n\t\t\t\t<div class=\"col-inner\"  >\n\t\t\t\n\t\t\t\n<h3>\u00bfC\u00f3mo se puede contraer la legionelosis al ducharse?<\/h3>\n<p>En condiciones adecuadas, la Legionella <strong>Las bacterias pueden crecer en cualquier sistema de agua.<\/strong> Cualquier agua con un<strong> temperatura entre 20 y 45 \u00b0C<\/strong> est\u00e1 en peligro porque la bacteria s\u00f3lo puede desarrollarse en este intervalo de temperatura.<\/p>\n<blockquote>\n<p>Nutrientes como el \u00f3xido, los lodos, las incrustaciones, los sedimentos y las algas tambi\u00e9n contribuyen al crecimiento de estas bacterias. \u00c9stas se convierten en un problema especial cuando el agua de un sistema se estanca (por ejemplo, cuando no se utiliza con regularidad una ducha o un grifo).<\/p>\n<\/blockquote>\n<p>Al abrir la ducha o el grifo, las gotas de agua contaminadas con L<strong>la egionela se propaga a trav\u00e9s de la niebla<\/strong>, generados en peque\u00f1as gotas llamadas aerosoles.<\/p>\n<p>Dado que estos <strong>aerosoles son lo suficientemente peque\u00f1os<\/strong> para ser inhaladas, penetran en los pulmones por inhalaci\u00f3n. Los pulmones se infectan entonces con Legionella, y la persona enferma de legionelosis o fiebre de Pontiac.<\/p>\n<p>La enfermedad tambi\u00e9n puede transmitirse por beber agua que contenga Legionella. Las personas con dificultades para tragar corren un mayor riesgo.<\/p>\n\t<div id=\"gap-1495726575\" class=\"gap-element clearfix\" style=\"display:block; height:auto;\">\n\t\t\n<style>\n#gap-1495726575 {\n  padding-top: 15px;\n}\n<\/style>\n\t<\/div>\n\t\n<div class=\"is-divider divider clearfix\" style=\"max-width:100%;height:1px;\"><\/div>\n<h3>\u00bfCu\u00e1les son los s\u00edntomas de la legionelosis?<\/h3>\n<p>En<strong> s\u00edntomas iniciales<\/strong> de la <strong>enfermedad suelen aparecer entre dos y diez d\u00edas<\/strong> tras la infecci\u00f3n. Sin embargo, no todas las personas expuestas a la bacteria desarrollan s\u00edntomas; las m\u00e1s expuestas son las mayores de 50 a\u00f1os y las que tienen el sistema inmunitario debilitado.<\/p>\n<p>Generalmente, los signos iniciales de la enfermedad son <strong>s\u00edntomas similares a los de la gripe<\/strong> y puede incluir:<\/p>\n<ul>\n<li>Fiebre alta, febr\u00edcula y escalofr\u00edos<\/li>\n<li>Tos seca<\/li>\n<li>Dolores musculares<\/li>\n<li>Debilidad (astenia)<\/li>\n<li>Dolores de cabeza<\/li>\n<\/ul>\n<p>Si no se trata, el <strong>la infecci\u00f3n puede empeorar<\/strong> en la primera semana, y los infectados pueden desarrollar s\u00edntomas adicionales como tos con mucosidad verde y<strong> Falta de aliento.<\/strong> Tambi\u00e9n pueden experimentar dolor en el pecho al respirar.<\/p>\n<p>Algunos pacientes de legionelosis padecen <strong>n\u00e1useas, v\u00f3mitos, diarrea y dolor abdominal.<\/strong> Casi la mitad de los pacientes experimentan alteraciones del sistema nervioso como <strong>confusi\u00f3n, delirio, depresi\u00f3n, desorientaci\u00f3n y alucinaciones.<\/strong><\/p>\n<p>Si sospecha que puede haber estado expuesto a la Legionella o experimenta s\u00edntomas como fiebre, tos, escalofr\u00edos o dolores musculares, es esencial que busque atenci\u00f3n m\u00e9dica lo antes posible.<\/p>\n<p>Tambi\u00e9n es importante que informe a su m\u00e9dico de su historial de viajes recientes, ya que puede haber estado en contacto con un brote conocido.<\/p>\n\t\t<\/div>\n\t\t\t\t\t<\/div>\n\n\t\n\n\t<div id=\"col-296380254\" class=\"col medium-4 small-12 large-4\"  >\n\t\t\t\t<div class=\"col-inner\"  >\n\t\t\t\n\t\t\t\n\t<div class=\"img has-hover radius10 hide-for-small x md-x lg-x y md-y lg-y\" id=\"image_180442529\">\n\t\t\t\t\t\t\t\t<div class=\"img-inner dark\" >\n\t\t\t<img decoding=\"async\" width=\"600\" height=\"900\" src=\"https:\/\/ecoturbino.shop\/wp-content\/uploads\/2024\/01\/water-vapour-shower_600.webp\" class=\"attachment-original size-original\" alt=\"ducha de vapor de agua\" srcset=\"https:\/\/ecoturbino.shop\/wp-content\/uploads\/2024\/01\/water-vapour-shower_600.webp 600w, https:\/\/ecoturbino.shop\/wp-content\/uploads\/2024\/01\/water-vapour-shower_600-470x705.webp 470w, https:\/\/ecoturbino.shop\/wp-content\/uploads\/2024\/01\/water-vapour-shower_600-313x470.webp 313w, https:\/\/ecoturbino.shop\/wp-content\/uploads\/2024\/01\/water-vapour-shower_600-533x800.webp 533w\" sizes=\"(max-width: 600px) 100vw, 600px\" \/>\t\t\t\t\t\t\n\t\t\t\t\t<\/div>\n\t\t\t\t\t\t\t\t\n<style>\n#image_180442529 {\n  width: 100%;\n}\n<\/style>\n\t<\/div>\n\t\n\t\t<\/div>\n\t\t\t\t\t<\/div>\n\n\t\n<\/div>\n<div class=\"is-divider divider clearfix\" style=\"margin-top:1.5em;margin-bottom:1.5em;max-width:100%;height:1px;\"><\/div>\n<div class=\"row\"  id=\"row-1074323406\">\n\n\t<div id=\"col-551646927\" class=\"col medium-4 small-12 large-4\"  >\n\t\t\t\t<div class=\"col-inner\"  >\n\t\t\t\n\t\t\t\n\t<div class=\"img has-hover radius10 x md-x lg-x y md-y lg-y\" id=\"image_1632029616\">\n\t\t\t\t\t\t\t\t<div class=\"img-inner dark\" >\n\t\t\t<img decoding=\"async\" width=\"600\" height=\"600\" src=\"https:\/\/ecoturbino.shop\/wp-content\/uploads\/2024\/01\/temperature-meter2_600.webp\" class=\"attachment-original size-original\" alt=\"Dispositivo de temperatura\" srcset=\"https:\/\/ecoturbino.shop\/wp-content\/uploads\/2024\/01\/temperature-meter2_600.webp 600w, https:\/\/ecoturbino.shop\/wp-content\/uploads\/2024\/01\/temperature-meter2_600-470x470.webp 470w, https:\/\/ecoturbino.shop\/wp-content\/uploads\/2024\/01\/temperature-meter2_600-340x340.webp 340w\" sizes=\"(max-width: 600px) 100vw, 600px\" \/>\t\t\t\t\t\t\n\t\t\t\t\t<\/div>\n\t\t\t\t\t\t\t\t\n<style>\n#image_1632029616 {\n  width: 100%;\n}\n<\/style>\n\t<\/div>\n\t\n\t\t<\/div>\n\t\t\t\t\t<\/div>\n\n\t\n\n\t<div id=\"col-385031748\" class=\"col medium-8 small-12 large-8\"  >\n\t\t\t\t<div class=\"col-inner\"  >\n\t\t\t\n\t\t\t\n<h3>\u00bfC\u00f3mo prevenir la legionelosis en las duchas?<\/h3>\n<p>La primera cuesti\u00f3n que hay que plantearse es <strong>de donde procede el agua de la ducha.<\/strong> Normalmente, procede de un dep\u00f3sito de agua que puede estar caliente. Si es as\u00ed, \u00bfa qu\u00e9 temperatura est\u00e1 ajustado el dep\u00f3sito de agua caliente? La legionela puede desarrollarse a temperaturas de entre 20 y 45 \u00b0C.<\/p>\n<blockquote>\n<p>Por lo tanto, el agua debe almacenarse a 60\u00b0C y distribuirse a una temperatura superior a 50\u00b0C para evitar que las bacterias sobrevivan.<\/p>\n<\/blockquote>\n<p>Si el agua de la ducha procede de un <strong>tanque de agua,<\/strong> Tambi\u00e9n debe inspeccionarse peri\u00f3dicamente y mantenerse limpio. Es aconsejable equipar el dep\u00f3sito con una tapa herm\u00e9tica para evitar la entrada de suciedad y la formaci\u00f3n de \u00f3xido, biopel\u00edcula y corrosi\u00f3n en su interior.<\/p>\n<p>La legionela se alimenta de estas bacterias, por lo que interrumpir su fuente de alimentaci\u00f3n es un medio eficaz para evitar su proliferaci\u00f3n.<\/p>\n<p>La regi\u00f3n en la que vive tambi\u00e9n es un factor de riesgo de Legionella. La geolog\u00eda influye en la dureza del agua de una zona determinada. Aunque las precipitaciones son blandas, una vez que se filtran a trav\u00e9s de las rocas, minerales como el calcio y el magnesio empiezan a disolverse en el agua. <strong>El agua con un alto contenido mineral se denomina agua dura.<\/strong><\/p>\n<p>Cuando las empresas de suministro de agua bombean agua dura a los hogares, se producen dep\u00f3sitos de calcio en tuber\u00edas, grifos y duchas. El calcio proporciona nutrientes a la Legionella, favoreciendo su crecimiento.<\/p>\n<p>Por lo tanto, las zonas con agua dura son especialmente susceptibles al crecimiento de la bacteria Legionella, y <strong>los cabezales de ducha y los grifos deben desincrustarse regularmente para reducir los dep\u00f3sitos de calcio<\/strong><\/p>\n\t\t<\/div>\n\t\t\t\t\t<\/div>\n\n\t\n<\/div>\n<div class=\"row\"  id=\"row-1581915309\">\n\n\t<div id=\"col-888944676\" class=\"col small-12 large-12\"  >\n\t\t\t\t<div class=\"col-inner\"  >\n\t\t\t\n\t\t\t\n<div class=\"row row-large row-divided\"  id=\"row-403055725\">\n\n\t<div id=\"col-375802259\" class=\"col medium-6 small-12 large-6\"  >\n\t\t\t\t<div class=\"col-inner\"  >\n\t\t\t\n\t\t\t\n<h3>\u00bfCon qu\u00e9 frecuencia hay que ducharse para prevenir la legionela?<\/h3>\n<p>La legionela puede <strong>se acumulan en cualquier ducha, grifo o tuber\u00eda de agua<\/strong> que no se utiliza con regularidad porque el agua del sistema se estanca.<\/p>\n<blockquote>\n<p>Cuando se abre el grifo, las bacterias salen del sistema con el agua, y las personas que utilizan la ducha inhalan aerosoles que contienen Legionella.<\/p>\n<\/blockquote>\n<p>Esta preocupaci\u00f3n es mayor, por ejemplo, en hoteles y oficinas donde <strong>las duchas y los grifos no se utilizan durante periodos prolongados.<\/strong> Sin embargo, incluso en los hogares privados, cualquier cuarto de ba\u00f1o de invitados puede estar en peligro.<\/p>\n<p>Es aconsejable dejar correr las duchas o grifos de uso poco frecuente durante unos <strong>dos minutos cada semana o hasta que el agua caliente y fr\u00eda alcance<\/strong> la misma temperatura que en las tomas de uso frecuente. Aseg\u00farese de salir de la habitaci\u00f3n para evitar inhalar aerosoles que puedan contener Legionella.<\/p>\n\t\t<\/div>\n\t\t\t\t\t<\/div>\n\n\t\n\n\t<div id=\"col-1224351155\" class=\"col medium-6 small-12 large-6\"  >\n\t\t\t\t<div class=\"col-inner\"  >\n\t\t\t\n\t\t\t\n<h3>C\u00f3mo desinfectar el cabezal de la ducha para prevenir la legionelosis:<\/h3>\n<ol>\n<li>Retire la alcachofa de la ducha de la manguera.<\/li>\n<li>Desmonte el cabezal de ducha.<\/li>\n<li>Coloque las piezas del cabezal de ducha y la manguera en el fregadero y sum\u00e9rjalas en agua caliente con un limpiador de cabezales de ducha adecuado.<\/li>\n<li>Utilice un cepillo para eliminar los residuos m\u00e1s resistentes.<\/li>\n<li>Aclare todas las piezas con agua limpia.<\/li>\n<li>Enjuague con agua las partes limpias para eliminar el limpiador desinfectante del cabezal de ducha.<\/li>\n<li>S\u00e9calo con una toalla limpia y d\u00e9jalo secar al aire.<\/li>\n<li>Vuelva a montar el cabezal de ducha y con\u00e9ctelo a la manguera.<\/li>\n<\/ol>\n<h3>\u00bfExisten avances tecnol\u00f3gicos que ayuden a eliminar la Legionella en las duchas?<\/h3>\n<p>Hay muchos dispositivos comercializados como <strong>unidades autom\u00e1ticas de lavado<\/strong>. Estos productos afirman que purgan las salidas no utilizadas, evitando el estancamiento del agua y reduciendo el riesgo de acumulaci\u00f3n de legionela.<\/p>\n\t\t<\/div>\n\t\t\t\t\t<\/div>\n\n\t\n<\/div>\n\t\t<\/div>\n\t\t\t\t\n<style>\n#col-888944676 > .col-inner {\n  padding: 25px 25px 25px 25px;\n  margin: 0px 0px -30px 0px;\n}\n<\/style>\n\t<\/div>\n\n\t\n\n<style>\n#row-1581915309 > .col > .col-inner {\n  background-color: rgba(0, 0, 0, 0.15);\n  border-radius: 10px;\n}\n<\/style>\n<\/div>\n\t\t<\/div>\n\t\t\t\t\t<\/div>\n\n\t\n<\/div>\n<div class=\"row\"  id=\"row-633960691\">\n\n\t<div id=\"col-105794753\" class=\"col small-12 large-12\"  >\n\t\t\t\t<div class=\"col-inner\" style=\"background-color:rgb(255,255,255);\" >\n\t\t\t\n\t<div class=\"is-border is-dashed\"\n\t\tstyle=\"border-color:rgba(85, 85, 85, 0.75);border-radius:10px;border-width:2px 2px 2px 2px;\">\n\t<\/div>\n\t\t\t\n<div class=\"row\"  id=\"row-726795350\">\n\n\t<div id=\"col-175720358\" class=\"col medium-8 small-12 large-8\"  >\n\t\t\t\t<div class=\"col-inner\"  >\n\t\t\t\n\t\t\t\n<h3>Cuatro m\u00e9todos seguros para minimizar la legionela en la ducha:<\/h3>\n<ul>\n<li>Aseg\u00farese de que la ducha se utiliza con frecuencia. Si no es as\u00ed, considere la posibilidad de retirar la ducha.<\/li>\n<li>Si no se puede eliminar una ducha que se utiliza con poca frecuencia, aseg\u00farese de que se vac\u00eda con regularidad y lleve un registro de ello.<\/li>\n<li>Mantenga limpios el cabezal y la manguera de la ducha, incluida la limpieza de los filtros.<\/li>\n<li>Realice una evaluaci\u00f3n del riesgo de legionela si es responsable de un edificio.<\/li>\n<\/ul>\n\t\t<\/div>\n\t\t\t\t\n<style>\n#col-175720358 > .col-inner {\n  margin: 0px 0px -20px 0px;\n}\n<\/style>\n\t<\/div>\n\n\t\n\n\t<div id=\"col-1680534971\" class=\"col medium-4 small-12 large-4\"  >\n\t\t\t\t<div class=\"col-inner\"  >\n\t\t\t\n\t\t\t\n\t<div class=\"img has-hover radius10 x md-x lg-x y md-y lg-y\" id=\"image_981047365\">\n\t\t\t\t\t\t\t\t<div class=\"img-inner dark\" >\n\t\t\t<img decoding=\"async\" width=\"600\" height=\"600\" src=\"https:\/\/ecoturbino.shop\/wp-content\/uploads\/2024\/01\/legionella-wikipedia_600.webp\" class=\"attachment-original size-original\" alt=\"Microscopio Legionellas\" srcset=\"https:\/\/ecoturbino.shop\/wp-content\/uploads\/2024\/01\/legionella-wikipedia_600.webp 600w, https:\/\/ecoturbino.shop\/wp-content\/uploads\/2024\/01\/legionella-wikipedia_600-470x470.webp 470w, https:\/\/ecoturbino.shop\/wp-content\/uploads\/2024\/01\/legionella-wikipedia_600-340x340.webp 340w\" sizes=\"(max-width: 600px) 100vw, 600px\" \/>\t\t\t\t\t\t\n\t\t\t\t\t<\/div>\n\t\t\t\t\t\t\t\t\n<style>\n#image_981047365 {\n  width: 100%;\n}\n<\/style>\n\t<\/div>\n\t\n\t\t<\/div>\n\t\t\t\t\n<style>\n#col-1680534971 > .col-inner {\n  margin: 5px 0px -20px 0px;\n}\n<\/style>\n\t<\/div>\n\n\t\n<\/div>\n\t\t<\/div>\n\t\t\t\t\n<style>\n#col-105794753 > .col-inner {\n  padding: 15px 20px 10px 30px;\n  margin: 0px 0px 0px 0px;\n  border-radius: 10px;\n}\n<\/style>\n\t<\/div>\n\n\t\n<\/div>\n\t\t<\/div>\n\n\t\t\n<style>\n#section_1970770935 {\n  padding-top: 30px;\n  padding-bottom: 30px;\n}\n<\/style>\n\t<\/section>","protected":false},"excerpt":{"rendered":"","protected":false},"author":1320,"featured_media":0,"parent":0,"menu_order":0,"comment_status":"closed","ping_status":"closed","template":"page-blank.php","meta":{"inline_featured_image":false,"footnotes":""},"class_list":["post-48886","page","type-page","status-publish","hentry"],"_links":{"self":[{"href":"https:\/\/ecoturbino.shop\/es\/wp-json\/wp\/v2\/pages\/48886","targetHints":{"allow":["GET"]}}],"collection":[{"href":"https:\/\/ecoturbino.shop\/es\/wp-json\/wp\/v2\/pages"}],"about":[{"href":"https:\/\/ecoturbino.shop\/es\/wp-json\/wp\/v2\/types\/page"}],"author":[{"embeddable":true,"href":"https:\/\/ecoturbino.shop\/es\/wp-json\/wp\/v2\/users\/1320"}],"replies":[{"embeddable":true,"href":"https:\/\/ecoturbino.shop\/es\/wp-json\/wp\/v2\/comments?post=48886"}],"version-history":[{"count":0,"href":"https:\/\/ecoturbino.shop\/es\/wp-json\/wp\/v2\/pages\/48886\/revisions"}],"wp:attachment":[{"href":"https:\/\/ecoturbino.shop\/es\/wp-json\/wp\/v2\/media?parent=48886"}],"curies":[{"name":"wp","href":"https:\/\/api.w.org\/{rel}","templated":true}]}}