{"id":48890,"date":"2024-01-23T19:20:20","date_gmt":"2024-01-23T18:20:20","guid":{"rendered":"https:\/\/en.ecoturbino.shop\/?page_id=48890"},"modified":"2025-07-27T13:09:52","modified_gmt":"2025-07-27T11:09:52","slug":"impacto-1","status":"publish","type":"page","link":"https:\/\/ecoturbino.shop\/es\/impact-1\/","title":{"rendered":"Experiencia de ducha con cascada y sonido de lluvia | ecoturbino"},"content":{"rendered":"<section class=\"section zindex1\" id=\"section_1611315863\">\n\t\t<div class=\"section-bg fill\" >\n\t\t\t\t\t\t\t\t\t\n\t\t\t\n\n\t\t<\/div>\n\n\t\t\n\n\t\t<div class=\"section-content relative\">\n\t\t\t\n<div class=\"row row-small\"  id=\"row-2085881022\">\n\n\t<div id=\"col-2137707854\" class=\"col medium-9 small-12 large-9\"  >\n\t\t\t\t<div class=\"col-inner\"  >\n\t\t\t\n\t\t\t\n<h1 class=\"uppercase\">Experiencia de ducha con cascada y sonido de lluvia | Ecoturbino<\/h1>\n<h3 class=\"thin-font\">el primer impacto de <a href=\"https:\/\/ecoturbino.shop\/es\/comprar\/ecoturbino-et10l-adaptador-ducha-plata-2\/\">ecoturbino<\/a>Sistema de ahorro de agua y protecci\u00f3n del medio ambiente<\/h3>\n<div class=\"row\"  id=\"row-1350220619\">\n\n\t<div id=\"col-392978802\" class=\"col medium-11 small-12 large-11\"  >\n\t\t\t\t<div class=\"col-inner\"  >\n\t\t\t\n\t\t\t\n\t<div id=\"stack-1521946866\" class=\"stack stack-row justify-start items-start\">\n\t\t\n\t<div class=\"img has-hover x md-x lg-x y md-y lg-y\" id=\"image_1070746645\">\n\t\t\t\t\t\t\t\t<div class=\"img-inner dark\" >\n\t\t\t<img decoding=\"async\" width=\"100\" height=\"100\" src=\"https:\/\/ecoturbino.shop\/wp-content\/uploads\/2024\/01\/impact1.svg\" class=\"attachment-original size-original\" alt=\"\" \/>\t\t\t\t\t\t\n\t\t\t\t\t<\/div>\n\t\t\t\t\t\t\t\t\n<style>\n#image_1070746645 {\n  width: 100%;\n}\n<\/style>\n\t<\/div>\n\t\n\t<div class=\"img has-hover x md-x lg-x y md-y lg-y\" id=\"image_2113482349\">\n\t\t<a class=\"\" href=\"\/es\/impacto-2-2\/\" >\t\t\t\t\t\t<div class=\"img-inner image-color dark\" >\n\t\t\t<img decoding=\"async\" width=\"100\" height=\"100\" src=\"https:\/\/ecoturbino.shop\/wp-content\/uploads\/2024\/01\/impact2.svg\" class=\"attachment-original size-original\" alt=\"\" \/>\t\t\t\t\t\t\n\t\t\t\t\t<\/div>\n\t\t\t\t\t\t<\/a>\t\t\n<style>\n#image_2113482349 {\n  width: 100%;\n}\n<\/style>\n\t<\/div>\n\t\n\t<div class=\"img has-hover x md-x lg-x y md-y lg-y\" id=\"image_1190904995\">\n\t\t<a class=\"\" href=\"\/es\/impacto-3\/\" >\t\t\t\t\t\t<div class=\"img-inner image-color dark\" >\n\t\t\t<img decoding=\"async\" width=\"100\" height=\"100\" src=\"https:\/\/ecoturbino.shop\/wp-content\/uploads\/2024\/01\/impact3.svg\" class=\"attachment-original size-original\" alt=\"\" \/>\t\t\t\t\t\t\n\t\t\t\t\t<\/div>\n\t\t\t\t\t\t<\/a>\t\t\n<style>\n#image_1190904995 {\n  width: 100%;\n}\n<\/style>\n\t<\/div>\n\t\n\t<div class=\"img has-hover x md-x lg-x y md-y lg-y\" id=\"image_1942303797\">\n\t\t<a class=\"\" href=\"\/es\/impacto-4\/\" >\t\t\t\t\t\t<div class=\"img-inner image-color dark\" >\n\t\t\t<img decoding=\"async\" width=\"100\" height=\"100\" src=\"https:\/\/ecoturbino.shop\/wp-content\/uploads\/2024\/01\/impact4.svg\" class=\"attachment-original size-original\" alt=\"\" \/>\t\t\t\t\t\t\n\t\t\t\t\t<\/div>\n\t\t\t\t\t\t<\/a>\t\t\n<style>\n#image_1942303797 {\n  width: 100%;\n}\n<\/style>\n\t<\/div>\n\t\n\t<div class=\"img has-hover x md-x lg-x y md-y lg-y\" id=\"image_515886485\">\n\t\t<a class=\"\" href=\"\/es\/impacto-5-2\/\" >\t\t\t\t\t\t<div class=\"img-inner image-color dark\" >\n\t\t\t<img decoding=\"async\" width=\"100\" height=\"100\" src=\"https:\/\/ecoturbino.shop\/wp-content\/uploads\/2024\/01\/impact5.svg\" class=\"attachment-original size-original\" alt=\"\" \/>\t\t\t\t\t\t\n\t\t\t\t\t<\/div>\n\t\t\t\t\t\t<\/a>\t\t\n<style>\n#image_515886485 {\n  width: 100%;\n}\n<\/style>\n\t<\/div>\n\t\n\t<div class=\"img has-hover x md-x lg-x y md-y lg-y\" id=\"image_1232650641\">\n\t\t<a class=\"\" href=\"\/es\/impacto-6\/\" >\t\t\t\t\t\t<div class=\"img-inner image-color dark\" >\n\t\t\t<img decoding=\"async\" width=\"100\" height=\"100\" src=\"https:\/\/ecoturbino.shop\/wp-content\/uploads\/2024\/01\/impact6.svg\" class=\"attachment-original size-original\" alt=\"\" \/>\t\t\t\t\t\t\n\t\t\t\t\t<\/div>\n\t\t\t\t\t\t<\/a>\t\t\n<style>\n#image_1232650641 {\n  width: 100%;\n}\n<\/style>\n\t<\/div>\n\t\n\t<div class=\"img has-hover x md-x lg-x y md-y lg-y\" id=\"image_1300832021\">\n\t\t<a class=\"\" href=\"\/es\/impacto-7-2\/\" >\t\t\t\t\t\t<div class=\"img-inner image-color dark\" >\n\t\t\t<img decoding=\"async\" width=\"100\" height=\"100\" src=\"https:\/\/ecoturbino.shop\/wp-content\/uploads\/2024\/01\/impact7.svg\" class=\"attachment-original size-original\" alt=\"\" \/>\t\t\t\t\t\t\n\t\t\t\t\t<\/div>\n\t\t\t\t\t\t<\/a>\t\t\n<style>\n#image_1300832021 {\n  width: 100%;\n}\n<\/style>\n\t<\/div>\n\t\n\t\t\n<style>\n#stack-1521946866 > * {\n  --stack-gap: 1rem;\n}\n<\/style>\n\t<\/div>\n\t\n\t\t<\/div>\n\t\t\t\t\t<\/div>\n\n\t\n<\/div>\n\t\t<\/div>\n\t\t\t\t\t<\/div>\n\n\t\n\n\t<div id=\"col-254056652\" class=\"col medium-3 small-12 large-3\"  >\n\t\t\t\t<div class=\"col-inner\"  >\n\t\t\t\n\t\t\t\n\t<div class=\"img has-hover x md-x lg-x y md-y lg-y\" id=\"image_705454833\">\n\t\t\t\t\t\t\t\t<div class=\"img-inner dark\" >\n\t\t\t<img decoding=\"async\" width=\"100\" height=\"100\" src=\"https:\/\/ecoturbino.shop\/wp-content\/uploads\/2024\/01\/impact1.svg\" class=\"attachment-original size-original\" alt=\"\" \/>\t\t\t\t\t\t\n\t\t\t\t\t<\/div>\n\t\t\t\t\t\t\t\t\n<style>\n#image_705454833 {\n  width: 100%;\n}\n<\/style>\n\t<\/div>\n\t\n\t\t<\/div>\n\t\t\t\t\t<\/div>\n\n\t\n<\/div>\n<div class=\"row\"  id=\"row-374851997\">\n\n\t<div id=\"col-1722163270\" class=\"col small-12 large-12\"  >\n\t\t\t\t<div class=\"col-inner\"  >\n\t\t\t\n\t\t\t\n<div class=\"is-divider divider clearfix\" style=\"max-width:100%;height:1px;\"><\/div>\n<h2><span style=\"font-size: 120%;\">La experiencia de ducharse como si estuviera al aire libre | un chubasco audible para mayor comodidad<\/span><\/h2>\n<p>Para muchas personas, el d\u00eda a d\u00eda <strong>ducharse<\/strong> es algo m\u00e1s que una medida de higiene necesaria. Es una <strong>momento de relajaci\u00f3n, bienestar y refresco.<\/strong><\/p>\n<p>En el ajetreado mundo actual, donde el estr\u00e9s y los plazos son omnipresentes, la <strong>la ducha puede ser un oasis de calma<\/strong> y rejuvenecimiento.<\/p>\n<p>Y cuando se puede mejorar la<strong> experiencia de ducha por sensaciones<\/strong> como si estuvieras bajo un <strong>refrescante ducha de lluvia al aire libre o junto a una cascada,<\/strong> ese momento se convierte en algo realmente especial. Gracias a ecoturbino, ahora es posible.<\/p>\n<h3>La nostalgia de la naturaleza en el ba\u00f1o<\/h3>\n<p>En <strong>anhelo de naturaleza y aire libre<\/strong> est\u00e1 profundamente arraigada en nosotros. A lo largo de la historia, <strong>los humanos han buscado una conexi\u00f3n con la naturaleza<\/strong> y la integramos en nuestra vida cotidiana, ya sea reverdeciendo nuestros espacios vitales o utilizando materiales naturales.<\/p>\n<p>As\u00ed que es normal que tambi\u00e9n queramos disfrutar de la naturaleza en nuestros cuartos de ba\u00f1o. La idea de estar bajo una refrescante ducha de lluvia, completa con <strong>sonidos de agua al aire libre<\/strong>, mientras est\u00e9 caliente <strong>el agua fluye suavemente sobre nuestros cuerpos<\/strong>, a muchos de nosotros nos resulta muy atractivo. Gracias a ecoturbino, ahora es posible.<\/p>\n\t<div id=\"gap-1852488766\" class=\"gap-element clearfix\" style=\"display:block; height:auto;\">\n\t\t\n<style>\n#gap-1852488766 {\n  padding-top: 30px;\n}\n<\/style>\n\t<\/div>\n\t\n<div class=\"row\"  id=\"row-1708953130\">\n\n\t<div id=\"col-979109108\" class=\"col medium-4 small-12 large-4\"  >\n\t\t\t\t<div class=\"col-inner\"  >\n\t\t\t\n\t\t\t\n\t<div class=\"img has-hover radius10 x md-x lg-x y md-y lg-y\" id=\"image_1048797946\">\n\t\t\t\t\t\t\t\t<div class=\"img-inner dark\" >\n\t\t\t<img decoding=\"async\" width=\"600\" height=\"600\" src=\"https:\/\/ecoturbino.shop\/wp-content\/uploads\/2024\/01\/waterfall_600.webp\" class=\"attachment-original size-original\" alt=\"Cascada\" srcset=\"https:\/\/ecoturbino.shop\/wp-content\/uploads\/2024\/01\/waterfall_600.webp 600w, https:\/\/ecoturbino.shop\/wp-content\/uploads\/2024\/01\/waterfall_600-470x470.webp 470w, https:\/\/ecoturbino.shop\/wp-content\/uploads\/2024\/01\/waterfall_600-340x340.webp 340w\" sizes=\"(max-width: 600px) 100vw, 600px\" \/>\t\t\t\t\t\t\n\t\t\t\t\t<\/div>\n\t\t\t\t\t\t\t\t\n<style>\n#image_1048797946 {\n  width: 100%;\n}\n<\/style>\n\t<\/div>\n\t\n\t\t<\/div>\n\t\t\t\t\t<\/div>\n\n\t\n\n\t<div id=\"col-866450042\" class=\"col medium-8 small-12 large-8\"  >\n\t\t\t\t<div class=\"col-inner\"  >\n\t\t\t\n\t\t\t\n<h3>El sonido del agua y la lluvia | una experiencia auditiva relajante<\/h3>\n<p>Pero el <strong>Experiencia de ducha con sonido de lluvia y agua<\/strong> en la ducha va m\u00e1s all\u00e1 de la sensaci\u00f3n de lluvia caliente sobre la piel. Tambi\u00e9n incluye el relajante sonido de la lluvia golpeando suavemente el cuerpo y cayendo en cascada. Este suave repiqueteo nos recuerda un refrescante ba\u00f1o. <strong>ducha de lluvia exterior<\/strong> y ayuda a sacudirse el estr\u00e9s de la vida cotidiana.<\/p>\n<blockquote><p>Las burbujas de aire a presi\u00f3n integradas en el chorro de agua por ecoturbino esencialmente se desenrollan a medida que salen de las boquillas del cabezal de ducha. Esto crea una sensaci\u00f3n de sonido fresco que puede compararse con una ducha de lluvia al aire libre. Una experiencia fant\u00e1stica.<\/p><\/blockquote>\n<p>En <strong>sonido de <a href=\"https:\/\/en.wikipedia.org\/wiki\/Waterfall\" target=\"_blank\" rel=\"noopener sponsored\">cascada<\/a><\/strong> puede tener un efecto calmante y aliviar el estr\u00e9s. Crea un <strong>ambiente relajado que facilita la relajaci\u00f3n<\/strong> y conc\u00e9ntrese en la experiencia de la ducha. El suave murmullo del agua puede calmar la mente y relajar el cuerpo, lo que resulta especialmente reconfortante despu\u00e9s de un largo d\u00eda.<\/p>\n\t\t<\/div>\n\t\t\t\t\t<\/div>\n\n\t\n<\/div>\n\t<div id=\"gap-269955246\" class=\"gap-element clearfix\" style=\"display:block; height:auto;\">\n\t\t\n<style>\n#gap-269955246 {\n  padding-top: 30px;\n}\n<\/style>\n\t<\/div>\n\t\n<div class=\"row\"  id=\"row-150669966\">\n\n\t<div id=\"col-1728948530\" class=\"col medium-6 small-12 large-6\"  >\n\t\t\t\t<div class=\"col-inner\"  >\n\t\t\t\n\t\t\t\n<h3>La ciencia tras la experiencia de la ducha<\/h3>\n<blockquote><p>El efecto relajante de los sonidos del agua est\u00e1 avalado cient\u00edficamente. Los estudios han demostrado que escuchar sonidos acu\u00e1ticos puede reducir los niveles de estr\u00e9s.<\/p><\/blockquote>\n<p>En <strong>sonido de la lluvia, las olas o el agua que fluye<\/strong> activa ciertas partes del cerebro asociadas a la relajaci\u00f3n y el bienestar.<\/p>\n<p>Esto explica por qu\u00e9 muchas personas <strong>considerar la ducha como una forma de aliviar el estr\u00e9s y relajarse<\/strong>. Gracias a ecoturbino, ahora es posible.<\/p>\n\t\t<\/div>\n\t\t\t\t\t<\/div>\n\n\t\n\n\t<div id=\"col-730207483\" class=\"col medium-6 small-12 large-6\"  >\n\t\t\t\t<div class=\"col-inner\" style=\"background-color:#c0d63d;\" >\n\t\t\t\n\t\t\t\n\t<div id=\"text-3856263826\" class=\"text\">\n\t\t\n<h4 class=\"uppercase\">CONCLUSI\u00d3N<\/h4>\n\t\t\n<style>\n#text-3856263826 {\n  font-size: 2rem;\n  text-align: right;\n  color: rgb(255, 255, 255);\n}\n#text-3856263826 > * {\n  color: rgb(255, 255, 255);\n}\n@media (min-width:850px) {\n  #text-3856263826 {\n    font-size: 3.5rem;\n  }\n}\n<\/style>\n\t<\/div>\n\t\n<h3>Disfrutar de la ducha como si estuviera al aire libre<\/h3>\n<p>Experimentar la ducha como si fuera un <strong>chubasco sonoro<\/strong> es algo m\u00e1s que una simple ducha. Es una forma de integrar la naturaleza en nuestra vida cotidiana, reducir el estr\u00e9s y relajarnos.<\/p>\n<p>Con un chubasco y la <strong>elementos atmosf\u00e9ricos adecuados en el <a href=\"https:\/\/maps.ecoturbino.shop\/directory-world\/categories\/hotel\/\">hotel<\/a> o ba\u00f1o de casa<\/strong>, Cualquiera puede vivir este momento especial de relajaci\u00f3n.<\/p>\n<p>As\u00ed que reg\u00e1late un descanso bajo tu propia nube de lluvia de vez en cuando y saborea la sensaci\u00f3n como si estuvieras bajo una c\u00e1lida ducha de lluvia al aire libre. Tu cuerpo y tu mente te lo agradecer\u00e1n.<\/p>\n\t\t<\/div>\n\t\t\t\t\n<style>\n#col-730207483 > .col-inner {\n  padding: 10px 20px 1px 25px;\n  border-radius: 10px;\n}\n<\/style>\n\t<\/div>\n\n\t\n<\/div>\n<div class=\"video video-fit mb\" style=\"padding-top:56.25%;\"><p><iframe title=\"Cascada que fluye sobre las rocas en el bosque 4k. Agua que fluye relajante, ruido blanco para dormir, meditaci\u00f3n.\" width=\"1020\" height=\"574\" src=\"https:\/\/www.youtube.com\/embed\/sa2JCQ1Dils?feature=oembed\" frameborder=\"0\" allow=\"accelerometer; autoplay; clipboard-write; encrypted-media; gyroscope; picture-in-picture; web-share\" referrerpolicy=\"strict-origin-when-cross-origin\" allowfullscreen><\/iframe><\/p>\n<\/div>\n\t\t<\/div>\n\t\t\t\t\t<\/div>\n\n\t\n<\/div>\n\t\t<\/div>\n\n\t\t\n<style>\n#section_1611315863 {\n  padding-top: 30px;\n  padding-bottom: 30px;\n}\n<\/style>\n\t<\/section>","protected":false},"excerpt":{"rendered":"","protected":false},"author":1320,"featured_media":0,"parent":0,"menu_order":0,"comment_status":"closed","ping_status":"closed","template":"page-blank.php","meta":{"inline_featured_image":false,"footnotes":""},"class_list":["post-48890","page","type-page","status-publish","hentry"],"_links":{"self":[{"href":"https:\/\/ecoturbino.shop\/es\/wp-json\/wp\/v2\/pages\/48890","targetHints":{"allow":["GET"]}}],"collection":[{"href":"https:\/\/ecoturbino.shop\/es\/wp-json\/wp\/v2\/pages"}],"about":[{"href":"https:\/\/ecoturbino.shop\/es\/wp-json\/wp\/v2\/types\/page"}],"author":[{"embeddable":true,"href":"https:\/\/ecoturbino.shop\/es\/wp-json\/wp\/v2\/users\/1320"}],"replies":[{"embeddable":true,"href":"https:\/\/ecoturbino.shop\/es\/wp-json\/wp\/v2\/comments?post=48890"}],"version-history":[{"count":0,"href":"https:\/\/ecoturbino.shop\/es\/wp-json\/wp\/v2\/pages\/48890\/revisions"}],"wp:attachment":[{"href":"https:\/\/ecoturbino.shop\/es\/wp-json\/wp\/v2\/media?parent=48890"}],"curies":[{"name":"wp","href":"https:\/\/api.w.org\/{rel}","templated":true}]}}