{"id":48895,"date":"2024-01-23T19:21:07","date_gmt":"2024-01-23T18:21:07","guid":{"rendered":"https:\/\/en.ecoturbino.shop\/?page_id=48895"},"modified":"2024-01-23T19:21:07","modified_gmt":"2024-01-23T18:21:07","slug":"impacto-2-2","status":"publish","type":"page","link":"https:\/\/ecoturbino.shop\/es\/impact-2\/","title":{"rendered":"Higiene optimizada y visible en duchas | alcachofas de ducha"},"content":{"rendered":"<section class=\"section zindex1\" id=\"section_127205999\">\n\t\t<div class=\"section-bg fill\" >\n\t\t\t\t\t\t\t\t\t\n\t\t\t\n\n\t\t<\/div>\n\n\t\t\n\n\t\t<div class=\"section-content relative\">\n\t\t\t\n<div class=\"row row-small\"  id=\"row-1938524651\">\n\n\t<div id=\"col-688577248\" class=\"col medium-9 small-12 large-9\"  >\n\t\t\t\t<div class=\"col-inner\"  >\n\t\t\t\n\t\t\t\n<h1 class=\"uppercase\">Higiene optimizada y visible EN DUCHAS Y BA\u00d1OS<\/h1>\n<h3 class=\"thin-font\">el segundo impacto del sistema ecoturbino\u00ae de ahorro de agua y protecci\u00f3n del medio ambiente<\/h3>\n<div class=\"row\"  id=\"row-553743857\">\n\n\t<div id=\"col-1391751039\" class=\"col medium-11 small-12 large-11\"  >\n\t\t\t\t<div class=\"col-inner\"  >\n\t\t\t\n\t\t\t\n\t<div id=\"stack-1896604660\" class=\"stack stack-row justify-start items-start\">\n\t\t\n\t<div class=\"img has-hover x md-x lg-x y md-y lg-y\" id=\"image_96671686\">\n\t\t<a class=\"\" href=\"\/es\/impacto-1\/\" >\t\t\t\t\t\t<div class=\"img-inner image-color dark\" >\n\t\t\t<img decoding=\"async\" width=\"100\" height=\"100\" src=\"https:\/\/ecoturbino.shop\/wp-content\/uploads\/2024\/01\/impact1.svg\" class=\"attachment-original size-original\" alt=\"\" \/>\t\t\t\t\t\t\n\t\t\t\t\t<\/div>\n\t\t\t\t\t\t<\/a>\t\t\n<style>\n#image_96671686 {\n  width: 100%;\n}\n<\/style>\n\t<\/div>\n\t\n\t<div class=\"img has-hover x md-x lg-x y md-y lg-y\" id=\"image_1366135059\">\n\t\t\t\t\t\t\t\t<div class=\"img-inner dark\" >\n\t\t\t<img decoding=\"async\" width=\"100\" height=\"100\" src=\"https:\/\/ecoturbino.shop\/wp-content\/uploads\/2024\/01\/impact2.svg\" class=\"attachment-original size-original\" alt=\"\" \/>\t\t\t\t\t\t\n\t\t\t\t\t<\/div>\n\t\t\t\t\t\t\t\t\n<style>\n#image_1366135059 {\n  width: 100%;\n}\n<\/style>\n\t<\/div>\n\t\n\t<div class=\"img has-hover x md-x lg-x y md-y lg-y\" id=\"image_1485096785\">\n\t\t<a class=\"\" href=\"\/es\/impacto-3\/\" >\t\t\t\t\t\t<div class=\"img-inner image-color dark\" >\n\t\t\t<img decoding=\"async\" width=\"100\" height=\"100\" src=\"https:\/\/ecoturbino.shop\/wp-content\/uploads\/2024\/01\/impact3.svg\" class=\"attachment-original size-original\" alt=\"\" \/>\t\t\t\t\t\t\n\t\t\t\t\t<\/div>\n\t\t\t\t\t\t<\/a>\t\t\n<style>\n#image_1485096785 {\n  width: 100%;\n}\n<\/style>\n\t<\/div>\n\t\n\t<div class=\"img has-hover x md-x lg-x y md-y lg-y\" id=\"image_696379112\">\n\t\t<a class=\"\" href=\"\/es\/impacto-4\/\" >\t\t\t\t\t\t<div class=\"img-inner image-color dark\" >\n\t\t\t<img decoding=\"async\" width=\"100\" height=\"100\" src=\"https:\/\/ecoturbino.shop\/wp-content\/uploads\/2024\/01\/impact4.svg\" class=\"attachment-original size-original\" alt=\"\" \/>\t\t\t\t\t\t\n\t\t\t\t\t<\/div>\n\t\t\t\t\t\t<\/a>\t\t\n<style>\n#image_696379112 {\n  width: 100%;\n}\n<\/style>\n\t<\/div>\n\t\n\t<div class=\"img has-hover x md-x lg-x y md-y lg-y\" id=\"image_135488958\">\n\t\t<a class=\"\" href=\"\/es\/impacto-5-2\/\" >\t\t\t\t\t\t<div class=\"img-inner image-color dark\" >\n\t\t\t<img decoding=\"async\" width=\"100\" height=\"100\" src=\"https:\/\/ecoturbino.shop\/wp-content\/uploads\/2024\/01\/impact5.svg\" class=\"attachment-original size-original\" alt=\"\" \/>\t\t\t\t\t\t\n\t\t\t\t\t<\/div>\n\t\t\t\t\t\t<\/a>\t\t\n<style>\n#image_135488958 {\n  width: 100%;\n}\n<\/style>\n\t<\/div>\n\t\n\t<div class=\"img has-hover x md-x lg-x y md-y lg-y\" id=\"image_464314698\">\n\t\t<a class=\"\" href=\"\/es\/impacto-6\/\" >\t\t\t\t\t\t<div class=\"img-inner image-color dark\" >\n\t\t\t<img decoding=\"async\" width=\"100\" height=\"100\" src=\"https:\/\/ecoturbino.shop\/wp-content\/uploads\/2024\/01\/impact6.svg\" class=\"attachment-original size-original\" alt=\"\" \/>\t\t\t\t\t\t\n\t\t\t\t\t<\/div>\n\t\t\t\t\t\t<\/a>\t\t\n<style>\n#image_464314698 {\n  width: 100%;\n}\n<\/style>\n\t<\/div>\n\t\n\t<div class=\"img has-hover x md-x lg-x y md-y lg-y\" id=\"image_397117630\">\n\t\t<a class=\"\" href=\"\/es\/impacto-7-2\/\" >\t\t\t\t\t\t<div class=\"img-inner image-color dark\" >\n\t\t\t<img decoding=\"async\" width=\"100\" height=\"100\" src=\"https:\/\/ecoturbino.shop\/wp-content\/uploads\/2024\/01\/impact7.svg\" class=\"attachment-original size-original\" alt=\"\" \/>\t\t\t\t\t\t\n\t\t\t\t\t<\/div>\n\t\t\t\t\t\t<\/a>\t\t\n<style>\n#image_397117630 {\n  width: 100%;\n}\n<\/style>\n\t<\/div>\n\t\n\t\t\n<style>\n#stack-1896604660 > * {\n  --stack-gap: 1rem;\n}\n<\/style>\n\t<\/div>\n\t\n\t\t<\/div>\n\t\t\t\t\t<\/div>\n\n\t\n<\/div>\n\t\t<\/div>\n\t\t\t\t\t<\/div>\n\n\t\n\n\t<div id=\"col-102416939\" class=\"col medium-3 small-12 large-3\"  >\n\t\t\t\t<div class=\"col-inner\"  >\n\t\t\t\n\t\t\t\n\t<div class=\"img has-hover x md-x lg-x y md-y lg-y\" id=\"image_1772063450\">\n\t\t\t\t\t\t\t\t<div class=\"img-inner dark\" >\n\t\t\t<img decoding=\"async\" width=\"100\" height=\"100\" src=\"https:\/\/ecoturbino.shop\/wp-content\/uploads\/2024\/01\/impact2.svg\" class=\"attachment-original size-original\" alt=\"\" \/>\t\t\t\t\t\t\n\t\t\t\t\t<\/div>\n\t\t\t\t\t\t\t\t\n<style>\n#image_1772063450 {\n  width: 100%;\n}\n<\/style>\n\t<\/div>\n\t\n\t\t<\/div>\n\t\t\t\t\t<\/div>\n\n\t\n<\/div>\n<div class=\"row\"  id=\"row-679785105\">\n\n\t<div id=\"col-960209785\" class=\"col small-12 large-12\"  >\n\t\t\t\t<div class=\"col-inner\"  >\n\t\t\t\n\t\t\t\n<div class=\"is-divider divider clearfix\" style=\"max-width:100%;height:1px;\"><\/div>\n<h3><span style=\"font-size: 120%;\">Duchas y mangueras limpias | imprescindible para duchas higi\u00e9nicas en hoteles, hogares, instalaciones deportivas, etc.<\/span><\/h3>\n<p>En <strong>experiencia en la ducha<\/strong> desempe\u00f1a un papel fundamental en nuestro bienestar, ya sea en casa, en hoteles o en otros alojamientos.<\/p>\n<p>Una ducha relajante por la ma\u00f1ana o despu\u00e9s de un largo d\u00eda puede marcar la diferencia entre un buen y un gran d\u00eda. Pero \u00bfy si la <strong>duchas y mangueras<\/strong> que usamos para limpiarnos son ellos mismos <strong>contaminado con bacterias<\/strong>?<\/p>\n<p>Este problema no s\u00f3lo puede <strong>antihigi\u00e9nico<\/strong> sino tambi\u00e9n <strong>plantean riesgos para la salud (contaminaci\u00f3n por legionela).<\/strong> Aqu\u00ed es donde entra en juego la innovadora tecnolog\u00eda de ecoturbino, no s\u00f3lo <strong>duchas y mangueras higi\u00e9nicamente limpias<\/strong> sino tambi\u00e9n minimizar los esfuerzos de limpieza, reducir la cal y los dep\u00f3sitos, y promover la salud, especialmente en t\u00e9rminos de riesgo de legionela.<\/p>\n\t<div id=\"gap-969150974\" class=\"gap-element clearfix\" style=\"display:block; height:auto;\">\n\t\t\n<style>\n#gap-969150974 {\n  padding-top: 30px;\n}\n<\/style>\n\t<\/div>\n\t\n<div class=\"row\"  id=\"row-384745476\">\n\n\t<div id=\"col-1075017778\" class=\"col medium-4 small-12 large-4\"  >\n\t\t\t\t<div class=\"col-inner\"  >\n\t\t\t\n\t\t\t\n\t<div class=\"img has-hover radius10 x md-x lg-x y md-y lg-y\" id=\"image_2070124005\">\n\t\t\t\t\t\t\t\t<div class=\"img-inner dark\" >\n\t\t\t<img decoding=\"async\" width=\"600\" height=\"600\" src=\"https:\/\/ecoturbino.shop\/wp-content\/uploads\/2024\/01\/shower-head_600.webp\" class=\"attachment-original size-original\" alt=\"Ducha limpia\" srcset=\"https:\/\/ecoturbino.shop\/wp-content\/uploads\/2024\/01\/shower-head_600.webp 600w, https:\/\/ecoturbino.shop\/wp-content\/uploads\/2024\/01\/shower-head_600-470x470.webp 470w, https:\/\/ecoturbino.shop\/wp-content\/uploads\/2024\/01\/shower-head_600-340x340.webp 340w\" sizes=\"(max-width: 600px) 100vw, 600px\" \/>\t\t\t\t\t\t\n\t\t\t\t\t<\/div>\n\t\t\t\t\t\t\t\t\n<style>\n#image_2070124005 {\n  width: 100%;\n}\n<\/style>\n\t<\/div>\n\t\n\t\t<\/div>\n\t\t\t\t\t<\/div>\n\n\t\n\n\t<div id=\"col-219640079\" class=\"col medium-8 small-12 large-8\"  >\n\t\t\t\t<div class=\"col-inner\"  >\n\t\t\t\n\t\t\t\n<h3>\u00bfPor qu\u00e9 los cabezales de ducha y las mangueras se contaminan con bacterias?<\/h3>\n<p>Los cabezales de ducha y las mangueras son susceptibles de contaminaci\u00f3n bacteriana por varias razones. La raz\u00f3n principal es <strong>agua estancada.<\/strong> Cuando el agua se estanca en las tuber\u00edas y en la alcachofa de la ducha, proporciona un <strong>caldo de cultivo ideal para las bacterias<\/strong> y otros microorganismos.<\/p>\n<p>Cuando no se utilizan los cabezales de ducha y las mangueras de ducha, como cuando se va de vacaciones, la temperatura del agua en el <strong>se eleva de forma natural a la temperatura ambiente, lo que aumenta la contaminaci\u00f3n y la proliferaci\u00f3n de Legionella.<\/strong> por un m\u00faltiplo: \u00a1un caldo de cultivo \u00f3ptimo para las bacterias!<\/p>\n<p>Estas bacterias pueden multiplicarse r\u00e1pidamente en el ambiente c\u00e1lido y h\u00famedo y pueden<strong> causar problemas de salud (como <a href=\"https:\/\/en.wikipedia.org\/wiki\/Pneumonia\" target=\"_blank\" rel=\"noopener sponsored\">neumon\u00eda<\/a><\/strong>). Otro problema es el<strong> formaci\u00f3n de cal<\/strong> y otros dep\u00f3sitos, que no s\u00f3lo tienen un aspecto antiest\u00e9tico sino que tambi\u00e9n <strong>afectar al rendimiento del cabezal de ducha<\/strong> y puede provocar una distribuci\u00f3n desigual del agua.<\/p>\n\t\t<\/div>\n\t\t\t\t\t<\/div>\n\n\t\n<\/div>\n<div class=\"row\"  id=\"row-434954365\">\n\n\t<div id=\"col-1029969016\" class=\"col medium-6 small-12 large-6\"  >\n\t\t\t\t<div class=\"col-inner\"  >\n\t\t\t\n\t\t\t\n<h3>La soluci\u00f3n para duchas y mangueras limpias: ecoturbino\u00ae.<\/h3>\n<p>La tecnolog\u00eda Ecoturbino ofrece una soluci\u00f3n eficaz a estos problemas. Est\u00e1 dise\u00f1ada para vaciar continuamente los cabezales de ducha y las mangueras para evitar el estancamiento del agua. Esto tiene varias ventajas:<\/p>\n<ul>\n<li><strong>Higiene:<\/strong> El drenaje continuo de los cabezales de ducha y las mangueras despu\u00e9s de ducharse reduce significativamente el riesgo de contaminaci\u00f3n bacteriana. Sin agua estancada en el cabezal de ducha, las bacterias y los microorganismos no tienen caldo de cultivo.<\/li>\n<li><strong>Esfuerzo de limpieza:<\/strong> Se elimina en gran medida la tediosa tarea de limpiar regularmente los cabezales de ducha y las mangueras para evitar los dep\u00f3sitos y la acumulaci\u00f3n de cal. Esto ahorra tiempo y esfuerzo. Los esfuerzos de mantenimiento se reducen considerablemente.<\/li>\n<li><strong>Cal y dep\u00f3sitos:<\/strong> <a href=\"https:\/\/ecoturbino.shop\/es\/comprar\/ecoturbino-et10l-adaptador-ducha-plata-2\/\">Tecnolog\u00eda Ecoturbino<\/a> tambi\u00e9n ayuda a reducir la cal y los dep\u00f3sitos en los cabezales de ducha y las mangueras. Esto no solo mejora la vida \u00fatil de los equipos de ducha, sino que tambi\u00e9n garantiza un caudal de agua constante y un rendimiento \u00f3ptimo.<\/li>\n<li><strong>Salud:<\/strong> Reducir el riesgo de legionela es especialmente importante. La legionela es una bacteria que se multiplica en el agua estancada y puede causar graves problemas de salud cuando se inhala a trav\u00e9s de aerosoles. Ecoturbino ayuda a minimizar este riesgo y a proteger la salud de los usuarios.<\/li>\n<li><strong>Limpieza visual:<\/strong> Los cabezales de ducha que drenan continuamente gracias a la tecnolog\u00eda ecoturbino permanecen siempre visualmente limpios y atractivos. Esto contribuye a la est\u00e9tica general del cuarto de ba\u00f1o.<\/li>\n<\/ul>\n\t\t<\/div>\n\t\t\t\t\t<\/div>\n\n\t\n\n\t<div id=\"col-1405321061\" class=\"col medium-6 small-12 large-6\"  >\n\t\t\t\t<div class=\"col-inner\" style=\"background-color:#c0d63d;\" >\n\t\t\t\n\t\t\t\n\t<div id=\"text-3406874093\" class=\"text\">\n\t\t\n<h4 class=\"uppercase\">CONCLUSI\u00d3N<\/h4>\n\t\t\n<style>\n#text-3406874093 {\n  font-size: 2rem;\n  text-align: right;\n  color: rgb(255, 255, 255);\n}\n#text-3406874093 > * {\n  color: rgb(255, 255, 255);\n}\n@media (min-width:850px) {\n  #text-3406874093 {\n    font-size: 3.5rem;\n  }\n}\n<\/style>\n\t<\/div>\n\t\n<h3>Higiene perfecta en el ba\u00f1o y mucho m\u00e1s gracias a ecoturbino<\/h3>\n<p><strong>ecoturbino<\/strong> no s\u00f3lo proporciona <strong>duchas higi\u00e9nicamente limpias<\/strong> y mangueras, sino que tambi\u00e9n contribuye a la higiene general del cuarto de ba\u00f1o. Al reducirse el agua estancada y los problemas bacterianos asociados, mejora la higiene general del cuarto de ba\u00f1o.<\/p>\n<p>Esto es especialmente importante en alojamientos como <strong>hoteles, residencias de ancianos, <a href=\"https:\/\/maps.ecoturbino.shop\/directory-world\/categories\/medical\/\" target=\"_blank\" rel=\"noopener\">cl\u00ednicas<\/a>, y pensiones<\/strong>, La seguridad y el confort de hu\u00e9spedes y pacientes son prioritarios.<\/p>\n<p>En general, ecoturbino es un<strong> soluci\u00f3n innovadora a un problema<\/strong> problema. Las duchas y mangueras limpias no s\u00f3lo son <strong>est\u00e9ticamente agradable<\/strong> pero tambi\u00e9n esencial para la salud y el bienestar de los usuarios.<\/p>\n<p>Con ecoturbino, puede elevar el<strong> experiencia de ducha en hoteles, hogares<\/strong>, y otros alojamientos a un nuevo nivel mientras<strong> optimizar la higiene del ba\u00f1o.<\/strong><\/p>\n\t\t<\/div>\n\t\t\t\t\n<style>\n#col-1405321061 > .col-inner {\n  padding: 10px 20px 1px 25px;\n  border-radius: 10px;\n}\n<\/style>\n\t<\/div>\n\n\t\n<\/div>\n<div class=\"video video-fit mb\" style=\"padding-top:56.25%;\"><p><iframe title=\"La forma m\u00e1s f\u00e1cil de limpiar la alcachofa de la ducha\ud83d\udca5(\u00a1\u00a1\u00a1INCRE\u00cdBLE RESULTADO!!!)\" width=\"1020\" height=\"574\" src=\"https:\/\/www.youtube.com\/embed\/J7uwCSF8Ym0?feature=oembed\" frameborder=\"0\" allow=\"accelerometer; autoplay; clipboard-write; encrypted-media; gyroscope; picture-in-picture; web-share\" referrerpolicy=\"strict-origin-when-cross-origin\" allowfullscreen><\/iframe><\/p>\n<\/div>\n\t\t<\/div>\n\t\t\t\t\t<\/div>\n\n\t\n<\/div>\n\t\t<\/div>\n\n\t\t\n<style>\n#section_127205999 {\n  padding-top: 30px;\n  padding-bottom: 30px;\n}\n<\/style>\n\t<\/section>","protected":false},"excerpt":{"rendered":"","protected":false},"author":1320,"featured_media":0,"parent":0,"menu_order":0,"comment_status":"closed","ping_status":"closed","template":"page-blank.php","meta":{"inline_featured_image":false,"footnotes":""},"class_list":["post-48895","page","type-page","status-publish","hentry"],"_links":{"self":[{"href":"https:\/\/ecoturbino.shop\/es\/wp-json\/wp\/v2\/pages\/48895","targetHints":{"allow":["GET"]}}],"collection":[{"href":"https:\/\/ecoturbino.shop\/es\/wp-json\/wp\/v2\/pages"}],"about":[{"href":"https:\/\/ecoturbino.shop\/es\/wp-json\/wp\/v2\/types\/page"}],"author":[{"embeddable":true,"href":"https:\/\/ecoturbino.shop\/es\/wp-json\/wp\/v2\/users\/1320"}],"replies":[{"embeddable":true,"href":"https:\/\/ecoturbino.shop\/es\/wp-json\/wp\/v2\/comments?post=48895"}],"version-history":[{"count":0,"href":"https:\/\/ecoturbino.shop\/es\/wp-json\/wp\/v2\/pages\/48895\/revisions"}],"wp:attachment":[{"href":"https:\/\/ecoturbino.shop\/es\/wp-json\/wp\/v2\/media?parent=48895"}],"curies":[{"name":"wp","href":"https:\/\/api.w.org\/{rel}","templated":true}]}}