{"id":48905,"date":"2024-01-23T19:21:02","date_gmt":"2024-01-23T18:21:02","guid":{"rendered":"https:\/\/en.ecoturbino.shop\/?page_id=48905"},"modified":"2026-01-02T10:53:00","modified_gmt":"2026-01-02T09:53:00","slug":"impacto-4","status":"publish","type":"page","link":"https:\/\/ecoturbino.shop\/es\/impact-4\/","title":{"rendered":"Presi\u00f3n del agua de la ducha suficiente para todos (no es un problema en los hogares)"},"content":{"rendered":"<section class=\"section zindex1\" id=\"section_41595062\">\n\t\t<div class=\"section-bg fill\" >\n\t\t\t\t\t\t\t\t\t\n\t\t\t\n\n\t\t<\/div>\n\n\t\t\n\n\t\t<div class=\"section-content relative\">\n\t\t\t\n<div class=\"row row-small\"  id=\"row-1901072900\">\n\n\t<div id=\"col-1535449639\" class=\"col medium-9 small-12 large-9\"  >\n\t\t\t\t<div class=\"col-inner\"  >\n\t\t\t\n\t\t\t\n<h1 class=\"uppercase\">Presi\u00f3n de agua suficiente para todos (s\u00f3lo empresas)<\/h1>\n<h3 class=\"thin-font\">el cuarto impacto del sistema ecoturbino\u00ae de ahorro de agua y protecci\u00f3n del medio ambiente<\/h3>\n<div class=\"row\"  id=\"row-1486576830\">\n\n\t<div id=\"col-840838233\" class=\"col medium-11 small-12 large-11\"  >\n\t\t\t\t<div class=\"col-inner\"  >\n\t\t\t\n\t\t\t\n\t<div id=\"stack-3641376010\" class=\"stack stack-row justify-start items-start\">\n\t\t\n\t<div class=\"img has-hover x md-x lg-x y md-y lg-y\" id=\"image_307994259\">\n\t\t<a class=\"\" href=\"\/es\/impacto-1\/\" >\t\t\t\t\t\t<div class=\"img-inner image-color dark\" >\n\t\t\t<img decoding=\"async\" width=\"100\" height=\"100\" src=\"https:\/\/ecoturbino.shop\/wp-content\/uploads\/2024\/01\/impact1.svg\" class=\"attachment-original size-original\" alt=\"\" \/>\t\t\t\t\t\t\n\t\t\t\t\t<\/div>\n\t\t\t\t\t\t<\/a>\t\t\n<style>\n#image_307994259 {\n  width: 100%;\n}\n<\/style>\n\t<\/div>\n\t\n\t<div class=\"img has-hover x md-x lg-x y md-y lg-y\" id=\"image_1503671638\">\n\t\t<a class=\"\" href=\"\/es\/impacto-2-2\/\" >\t\t\t\t\t\t<div class=\"img-inner image-color dark\" >\n\t\t\t<img decoding=\"async\" width=\"100\" height=\"100\" src=\"https:\/\/ecoturbino.shop\/wp-content\/uploads\/2024\/01\/impact2.svg\" class=\"attachment-original size-original\" alt=\"\" \/>\t\t\t\t\t\t\n\t\t\t\t\t<\/div>\n\t\t\t\t\t\t<\/a>\t\t\n<style>\n#image_1503671638 {\n  width: 100%;\n}\n<\/style>\n\t<\/div>\n\t\n\t<div class=\"img has-hover x md-x lg-x y md-y lg-y\" id=\"image_1218948183\">\n\t\t<a class=\"\" href=\"\/es\/impacto-3\/\" >\t\t\t\t\t\t<div class=\"img-inner image-color dark\" >\n\t\t\t<img decoding=\"async\" width=\"100\" height=\"100\" src=\"https:\/\/ecoturbino.shop\/wp-content\/uploads\/2024\/01\/impact3.svg\" class=\"attachment-original size-original\" alt=\"\" \/>\t\t\t\t\t\t\n\t\t\t\t\t<\/div>\n\t\t\t\t\t\t<\/a>\t\t\n<style>\n#image_1218948183 {\n  width: 100%;\n}\n<\/style>\n\t<\/div>\n\t\n\t<div class=\"img has-hover x md-x lg-x y md-y lg-y\" id=\"image_1199241602\">\n\t\t\t\t\t\t\t\t<div class=\"img-inner dark\" >\n\t\t\t<img decoding=\"async\" width=\"100\" height=\"100\" src=\"https:\/\/ecoturbino.shop\/wp-content\/uploads\/2024\/01\/impact4.svg\" class=\"attachment-original size-original\" alt=\"\" \/>\t\t\t\t\t\t\n\t\t\t\t\t<\/div>\n\t\t\t\t\t\t\t\t\n<style>\n#image_1199241602 {\n  width: 100%;\n}\n<\/style>\n\t<\/div>\n\t\n\t<div class=\"img has-hover x md-x lg-x y md-y lg-y\" id=\"image_508635354\">\n\t\t<a class=\"\" href=\"\/es\/impacto-5-2\/\" >\t\t\t\t\t\t<div class=\"img-inner image-color dark\" >\n\t\t\t<img decoding=\"async\" width=\"100\" height=\"100\" src=\"https:\/\/ecoturbino.shop\/wp-content\/uploads\/2024\/01\/impact5.svg\" class=\"attachment-original size-original\" alt=\"\" \/>\t\t\t\t\t\t\n\t\t\t\t\t<\/div>\n\t\t\t\t\t\t<\/a>\t\t\n<style>\n#image_508635354 {\n  width: 100%;\n}\n<\/style>\n\t<\/div>\n\t\n\t<div class=\"img has-hover x md-x lg-x y md-y lg-y\" id=\"image_2076009768\">\n\t\t<a class=\"\" href=\"\/es\/impacto-6\/\" >\t\t\t\t\t\t<div class=\"img-inner image-color dark\" >\n\t\t\t<img decoding=\"async\" width=\"100\" height=\"100\" src=\"https:\/\/ecoturbino.shop\/wp-content\/uploads\/2024\/01\/impact6.svg\" class=\"attachment-original size-original\" alt=\"\" \/>\t\t\t\t\t\t\n\t\t\t\t\t<\/div>\n\t\t\t\t\t\t<\/a>\t\t\n<style>\n#image_2076009768 {\n  width: 100%;\n}\n<\/style>\n\t<\/div>\n\t\n\t<div class=\"img has-hover x md-x lg-x y md-y lg-y\" id=\"image_639685659\">\n\t\t<a class=\"\" href=\"\/es\/impacto-7-2\/\" >\t\t\t\t\t\t<div class=\"img-inner image-color dark\" >\n\t\t\t<img decoding=\"async\" width=\"100\" height=\"100\" src=\"https:\/\/ecoturbino.shop\/wp-content\/uploads\/2024\/01\/impact7.svg\" class=\"attachment-original size-original\" alt=\"\" \/>\t\t\t\t\t\t\n\t\t\t\t\t<\/div>\n\t\t\t\t\t\t<\/a>\t\t\n<style>\n#image_639685659 {\n  width: 100%;\n}\n<\/style>\n\t<\/div>\n\t\n\t\t\n<style>\n#stack-3641376010 > * {\n  --stack-gap: 1rem;\n}\n<\/style>\n\t<\/div>\n\t\n\t\t<\/div>\n\t\t\t\t\t<\/div>\n\n\t\n<\/div>\n\t\t<\/div>\n\t\t\t\t\t<\/div>\n\n\t\n\n\t<div id=\"col-2138466985\" class=\"col medium-3 small-12 large-3\"  >\n\t\t\t\t<div class=\"col-inner\"  >\n\t\t\t\n\t\t\t\n\t<div class=\"img has-hover x md-x lg-x y md-y lg-y\" id=\"image_1346603082\">\n\t\t\t\t\t\t\t\t<div class=\"img-inner dark\" >\n\t\t\t<img decoding=\"async\" width=\"100\" height=\"100\" src=\"https:\/\/ecoturbino.shop\/wp-content\/uploads\/2024\/01\/impact4.svg\" class=\"attachment-original size-original\" alt=\"\" \/>\t\t\t\t\t\t\n\t\t\t\t\t<\/div>\n\t\t\t\t\t\t\t\t\n<style>\n#image_1346603082 {\n  width: 100%;\n}\n<\/style>\n\t<\/div>\n\t\n\t\t<\/div>\n\t\t\t\t\t<\/div>\n\n\t\n<\/div>\n<div class=\"row\"  id=\"row-1136099438\">\n\n\t<div id=\"col-1359201272\" class=\"col small-12 large-12\"  >\n\t\t\t\t<div class=\"col-inner\"  >\n\t\t\t\n\t\t\t\n<div class=\"is-divider divider clearfix\" style=\"max-width:100%;height:1px;\"><\/div>\n<h3><span style=\"font-size: 120%;\">Soluciones de ducha eficaces para hoteles, <a href=\"https:\/\/maps.ecoturbino.shop\/directory-world\/categories\/student-residences\/\" target=\"_blank\" rel=\"noopener\">Residencias de estudiantes<\/a>, Clubes y gimnasios: <a href=\"https:\/\/ecoturbino.shop\/es\/comprar\/ecoturbino-et10l-adaptador-ducha-plata-2\/\">ecoturbino<\/a> para una mayor satisfacci\u00f3n<\/span><\/h3>\n<p>En <strong>hoteles, clubes y gimnasios, el suministro de agua caliente puede convertirse a menudo en un verdadero problema,<\/strong> especialmente cuando todos los invitados o miembros <strong>quieren ducharse al mismo tiempo<\/strong>. Despu\u00e9s de hacer deporte, esquiar o antes de cenar, la gente se precipita a las duchas, y el<a href=\"https:\/\/en.wikipedia.org\/wiki\/Plumbing#Water_pipes\" target=\"_blank\" rel=\"noopener sponsored\"> tuber\u00edas de agua<\/a> s\u00f3lo puede proporcionar<strong> capacidad limitada de agua.<\/strong><\/p>\n<blockquote>\n<p>Cuando demasiadas personas se duchan simult\u00e1neamente, la presi\u00f3n del agua disminuye considerablemente y la experiencia de la ducha se ve arruinada. Esto provoca el descontento de los clientes o hu\u00e9spedes y puede afectar negativamente a la reputaci\u00f3n del establecimiento.<\/p>\n<\/blockquote>\n<p>Aqu\u00ed es donde el <strong>entra en juego la innovadora tecnolog\u00eda de ecoturbino,<\/strong> reducir el consumo de agua de las duchas en un 40%, mantener la presi\u00f3n del agua y garantizar la satisfacci\u00f3n de clientes y hu\u00e9spedes.<\/p>\n\t<div id=\"gap-1823287139\" class=\"gap-element clearfix\" style=\"display:block; height:auto;\">\n\t\t\n<style>\n#gap-1823287139 {\n  padding-top: 30px;\n}\n<\/style>\n\t<\/div>\n\t\n<div class=\"row\"  id=\"row-1893451098\">\n\n\t<div id=\"col-126609878\" class=\"col medium-4 small-12 large-4\"  >\n\t\t\t\t<div class=\"col-inner\"  >\n\t\t\t\n\t\t\t\n\t<div class=\"img has-hover radius10 x md-x lg-x y md-y lg-y\" id=\"image_1627024765\">\n\t\t\t\t\t\t\t\t<div class=\"img-inner dark\" >\n\t\t\t<img decoding=\"async\" width=\"600\" height=\"600\" src=\"https:\/\/ecoturbino.shop\/wp-content\/uploads\/2024\/01\/hotel-floor_600.webp\" class=\"attachment-original size-original\" alt=\"Piso del hotel | ecoturbino\" srcset=\"https:\/\/ecoturbino.shop\/wp-content\/uploads\/2024\/01\/hotel-floor_600.webp 600w, https:\/\/ecoturbino.shop\/wp-content\/uploads\/2024\/01\/hotel-floor_600-470x470.webp 470w, https:\/\/ecoturbino.shop\/wp-content\/uploads\/2024\/01\/hotel-floor_600-340x340.webp 340w\" sizes=\"(max-width: 600px) 100vw, 600px\" \/>\t\t\t\t\t\t\n\t\t\t\t\t<\/div>\n\t\t\t\t\t\t\t\t\n<style>\n#image_1627024765 {\n  width: 100%;\n}\n<\/style>\n\t<\/div>\n\t\n\t\t<\/div>\n\t\t\t\t\t<\/div>\n\n\t\n\n\t<div id=\"col-1754827366\" class=\"col medium-8 small-12 large-8\"  >\n\t\t\t\t<div class=\"col-inner\"  >\n\t\t\t\n\t\t\t\n<h3>El problema de la capacidad limitada de agua<\/h3>\n<p>La capacidad limitada de las tuber\u00edas y los sistemas de suministro de agua caliente en hoteles, clubes y gimnasios es un problema habitual que <strong>puede dar lugar a situaciones frustrantes.<\/strong><\/p>\n<p>Cuando todo el mundo quiere <strong>ducha al mismo tiempo, la presi\u00f3n del agua puede bajar<\/strong> tanto que el chorro de agua se convierte en un mero hilillo. Se pierde la alegr\u00eda de ducharse, y <strong>los invitados o los socios est\u00e1n decepcionados<\/strong>. Esto puede afectar a la satisfacci\u00f3n del cliente y empa\u00f1ar la reputaci\u00f3n del establecimiento.<\/p>\n<ul>\n<li><strong>Corredores largos:<\/strong> Muchas habitaciones suelen estar conectadas a una \u00fanica tuber\u00eda, y el aumento del consumo de agua cerca del punto de entrada de la tuber\u00eda suele provocar <strong>desabastecimiento en puntos de uso distantes,<\/strong> un problema com\u00fan en edificios antiguos. Soluci\u00f3n: El reequipamiento del sistema ecoturbino garantiza una distribuci\u00f3n uniforme del agua en todos los puntos de uso, \u00a1tambi\u00e9n en edificios de varias plantas!<\/li>\n<li>La soluci\u00f3n sencilla: el sistema ecoturbino<\/li>\n<\/ul>\n\t\t<\/div>\n\t\t\t\t\t<\/div>\n\n\t\n<\/div>\n\t<div id=\"gap-503696232\" class=\"gap-element clearfix\" style=\"display:block; height:auto;\">\n\t\t\n<style>\n#gap-503696232 {\n  padding-top: 30px;\n}\n<\/style>\n\t<\/div>\n\t\n<div class=\"row\"  id=\"row-1066018693\">\n\n\t<div id=\"col-1607972603\" class=\"col medium-6 small-12 large-6\"  >\n\t\t\t\t<div class=\"col-inner\" style=\"background-color:rgb(255,255,255);\" >\n\t\t\t\n\t\t\t\n<p>ecoturbino es una soluci\u00f3n eficaz a este problema tan extendido. La tecnolog\u00eda se desarroll\u00f3 para reducir el consumo de agua de la ducha en un impresionante 40% sin afectar a la presi\u00f3n del agua. Estas son algunas de las ventajas que ecoturbino ofrece a hoteles, clubes y gimnasios:<\/p>\n<ul>\n<li><strong>Preservaci\u00f3n de la presi\u00f3n del agua:<\/strong> ecoturbino garantiza el mantenimiento de la presi\u00f3n del agua incluso cuando varias personas se duchan simult\u00e1neamente. Esto significa que todos los invitados o miembros pueden disfrutar de un chorro de agua fuerte y agradable sin tener que hacer concesiones debido a la limitada disponibilidad de agua.<\/li>\n<li><strong>Clientes e invitados satisfechos:<\/strong> ecoturbino garantiza clientes y hu\u00e9spedes satisfechos. Pueden disfrutar plenamente de su experiencia en la ducha sin preocuparse por la presi\u00f3n del agua. Esto se traduce en <strong>boca a boca positivo<\/strong> y refuerza la reputaci\u00f3n del centro.<\/li>\n<li><strong>Ahorro de agua:<\/strong> A pesar de mantener la presi\u00f3n del agua, <strong>ecoturbino reduce significativamente el consumo de agua.<\/strong> Esto contribuye a conservar los recursos h\u00eddricos y, al mismo tiempo, reduce los costes de agua.<\/li>\n<li><strong>Ahorro de energ\u00eda:<\/strong> Como hay que calentar menos agua para obtener agua caliente para la ducha, tambi\u00e9n se reducen los costes energ\u00e9ticos. Esto no s\u00f3lo es beneficioso para el medio ambiente, sino tambi\u00e9n para el presupuesto del establecimiento.<\/li>\n<li><strong>F\u00e1cil instalaci\u00f3n:<\/strong> ecoturbino puede instalarse f\u00e1cil y econ\u00f3micamente sin necesidad de grandes reformas. La inversi\u00f3n se amortiza r\u00e1pidamente gracias al ahorro conseguido.<\/li>\n<\/ul>\n\t\t<\/div>\n\t\t\t\t\n<style>\n#col-1607972603 > .col-inner {\n  padding: 0px 0px 1px 0px;\n  border-radius: 10px;\n}\n<\/style>\n\t<\/div>\n\n\t\n\n\t<div id=\"col-358923400\" class=\"col medium-6 small-12 large-6\"  >\n\t\t\t\t<div class=\"col-inner\" style=\"background-color:#c0d63d;\" >\n\t\t\t\n\t\t\t\n\t<div id=\"text-1107902342\" class=\"text\">\n\t\t\n<h4 class=\"uppercase\">CONCLUSI\u00d3N<\/h4>\n\t\t\n<style>\n#text-1107902342 {\n  font-size: 2rem;\n  text-align: right;\n  color: rgb(255, 255, 255);\n}\n#text-1107902342 > * {\n  color: rgb(255, 255, 255);\n}\n@media (min-width:550px) {\n  #text-1107902342 {\n    font-size: 3.5rem;\n    text-align: right;\n  }\n}\n<\/style>\n\t<\/div>\n\t\n<h3>M\u00e1s satisfacci\u00f3n, menos costes<\/h3>\n<p>la tecnolog\u00eda ecoturbino es una<strong> soluci\u00f3n ideal para hoteles, clubes y gimnasios<\/strong>, as\u00ed como a cualquiera que tenga una capacidad de agua limitada. No s\u00f3lo <strong>garantiza clientes y hu\u00e9spedes satisfechos<\/strong> sino que tambi\u00e9n permite un importante ahorro de agua y una reducci\u00f3n de los costes energ\u00e9ticos.<\/p>\n<p>Con ecoturbino, las instalaciones pueden mejorar sus servicios al tiempo que reducen costes: una situaci\u00f3n en la que todos salen ganando.<\/p>\n\t\t<\/div>\n\t\t\t\t\n<style>\n#col-358923400 > .col-inner {\n  padding: 10px 20px 1px 25px;\n  border-radius: 10px;\n}\n<\/style>\n\t<\/div>\n\n\t\n<\/div>\n\t\t<\/div>\n\t\t\t\t\n<style>\n#col-1359201272 > .col-inner {\n  margin: 0px 0px -200px 0px;\n}\n<\/style>\n\t<\/div>\n\n\t\n<\/div>\n\t\t<\/div>\n\n\t\t\n<style>\n#section_41595062 {\n  padding-top: 30px;\n  padding-bottom: 30px;\n}\n<\/style>\n\t<\/section>\n\t\n\n\t<section class=\"section hide-for-small\" id=\"section_838492173\">\n\t\t<div class=\"section-bg fill\" >\n\t\t\t<img decoding=\"async\" width=\"1920\" height=\"683\" src=\"https:\/\/ecoturbino.shop\/wp-content\/uploads\/2025\/12\/ecoturbino-function_1920.webp\" class=\"bg attachment- size-\" alt=\"funci\u00f3n ecoturbino\" \/>\t\t\t\t\t\t<div class=\"section-bg-overlay absolute fill\"><\/div>\n\t\t\t\n\n\t\t<\/div>\n\n\t\t\t<div class=\"ux-shape-divider ux-shape-divider--top ux-shape-divider--style-waves-opacity\">\n\t\t<svg viewbox=\"0 0 1000 300\" xmlns=\"http:\/\/www.w3.org\/2000\/svg\" preserveaspectratio=\"none\">\n    <path class=\"ux-shape-fill\" d=\"M0 300L-1 69.71C216 57 299.47 198.86 403 226C506 253 577 196 660 197C740 198 790.09 234.07 874 267C935.23 291 982 282.61 1000 277.61V300H0Z\"\/>\n    <path class=\"ux-shape-fill\" opacity=\"0.5\" d=\"M1 265.094L0 50.5C217 37.79 300.47 186.36 404 213.5C507 240.5 578 196.5 661 197.5C741 198.5 787.59 239.57 871.5 272.5C932.73 296.5 980.5 284.5 998.5 279.5V298.5L1 265.094Z\"\/>\n    <path class=\"ux-shape-fill\" opacity=\"0.15\" d=\"M0.999878 244.094L-0.00012207 27C217 14.29 300.47 173.86 404 201C507 228 578 196 661 197C741 198 787.59 243.07 871.5 276C932.73 300 980.5 284.5 998.5 279.5V299L0.999878 244.094Z\"\/>\n<\/svg>\n\n\t<\/div>\n\n\n\t\t<div class=\"section-content relative\">\n\t\t\t\n\t\t<\/div>\n\n\t\t\n<style>\n#section_838492173 {\n  padding-top: 220px;\n  padding-bottom: 220px;\n}\n#section_838492173 .section-bg-overlay {\n  background-color: rgba(0, 0, 0, 0.25);\n}\n#section_838492173 .ux-shape-divider--top svg {\n  height: 80px;\n  --divider-top-width: 100%;\n}\n@media (min-width:550px) {\n  #section_838492173 .ux-shape-divider--top svg {\n    height: 124px;\n  }\n}\n<\/style>\n\t<\/section>","protected":false},"excerpt":{"rendered":"","protected":false},"author":1320,"featured_media":0,"parent":0,"menu_order":0,"comment_status":"closed","ping_status":"closed","template":"page-blank.php","meta":{"inline_featured_image":false,"footnotes":""},"class_list":["post-48905","page","type-page","status-publish","hentry"],"_links":{"self":[{"href":"https:\/\/ecoturbino.shop\/es\/wp-json\/wp\/v2\/pages\/48905","targetHints":{"allow":["GET"]}}],"collection":[{"href":"https:\/\/ecoturbino.shop\/es\/wp-json\/wp\/v2\/pages"}],"about":[{"href":"https:\/\/ecoturbino.shop\/es\/wp-json\/wp\/v2\/types\/page"}],"author":[{"embeddable":true,"href":"https:\/\/ecoturbino.shop\/es\/wp-json\/wp\/v2\/users\/1320"}],"replies":[{"embeddable":true,"href":"https:\/\/ecoturbino.shop\/es\/wp-json\/wp\/v2\/comments?post=48905"}],"version-history":[{"count":0,"href":"https:\/\/ecoturbino.shop\/es\/wp-json\/wp\/v2\/pages\/48905\/revisions"}],"wp:attachment":[{"href":"https:\/\/ecoturbino.shop\/es\/wp-json\/wp\/v2\/media?parent=48905"}],"curies":[{"name":"wp","href":"https:\/\/api.w.org\/{rel}","templated":true}]}}