{"id":48909,"date":"2024-01-23T19:20:21","date_gmt":"2024-01-23T18:20:21","guid":{"rendered":"https:\/\/en.ecoturbino.shop\/?page_id=48909"},"modified":"2026-01-02T10:53:13","modified_gmt":"2026-01-02T09:53:13","slug":"impacto-5-2","status":"publish","type":"page","link":"https:\/\/ecoturbino.shop\/es\/impact-5\/","title":{"rendered":"El uso de la tierra para conservar los recursos"},"content":{"rendered":"<section class=\"section zindex1\" id=\"section_236924431\">\n\t\t<div class=\"section-bg fill\" >\n\t\t\t\t\t\t\t\t\t\n\t\t\t\n\n\t\t<\/div>\n\n\t\t\n\n\t\t<div class=\"section-content relative\">\n\t\t\t\n<div class=\"row row-small\"  id=\"row-446865893\">\n\n\t<div id=\"col-2089999584\" class=\"col medium-9 small-12 large-9\"  >\n\t\t\t\t<div class=\"col-inner\"  >\n\t\t\t\n\t\t\t\n<h2 class=\"uppercase\">Tratamiento de la Tierra respetuoso con los recursos<\/h2>\n<h3 class=\"thin-font\">el quinto impacto del sistema ecoturbino\u00ae de ahorro de agua y protecci\u00f3n del medio ambiente<\/h3>\n<div class=\"row\"  id=\"row-1503464347\">\n\n\t<div id=\"col-676904\" class=\"col medium-11 small-12 large-11\"  >\n\t\t\t\t<div class=\"col-inner\"  >\n\t\t\t\n\t\t\t\n\t<div id=\"stack-200597808\" class=\"stack stack-row justify-start items-start\">\n\t\t\n\t<div class=\"img has-hover x md-x lg-x y md-y lg-y\" id=\"image_1698130460\">\n\t\t<a class=\"\" href=\"\/es\/impacto-1\/\" >\t\t\t\t\t\t<div class=\"img-inner image-color dark\" >\n\t\t\t<img decoding=\"async\" width=\"100\" height=\"100\" src=\"https:\/\/ecoturbino.shop\/wp-content\/uploads\/2024\/01\/impact1.svg\" class=\"attachment-original size-original\" alt=\"\" \/>\t\t\t\t\t\t\n\t\t\t\t\t<\/div>\n\t\t\t\t\t\t<\/a>\t\t\n<style>\n#image_1698130460 {\n  width: 100%;\n}\n<\/style>\n\t<\/div>\n\t\n\t<div class=\"img has-hover x md-x lg-x y md-y lg-y\" id=\"image_1624817338\">\n\t\t<a class=\"\" href=\"\/es\/impacto-2-2\/\" >\t\t\t\t\t\t<div class=\"img-inner image-color dark\" >\n\t\t\t<img decoding=\"async\" width=\"100\" height=\"100\" src=\"https:\/\/ecoturbino.shop\/wp-content\/uploads\/2024\/01\/impact2.svg\" class=\"attachment-original size-original\" alt=\"\" \/>\t\t\t\t\t\t\n\t\t\t\t\t<\/div>\n\t\t\t\t\t\t<\/a>\t\t\n<style>\n#image_1624817338 {\n  width: 100%;\n}\n<\/style>\n\t<\/div>\n\t\n\t<div class=\"img has-hover x md-x lg-x y md-y lg-y\" id=\"image_1198268102\">\n\t\t<a class=\"\" href=\"\/es\/impacto-3\/\" >\t\t\t\t\t\t<div class=\"img-inner image-color dark\" >\n\t\t\t<img decoding=\"async\" width=\"100\" height=\"100\" src=\"https:\/\/ecoturbino.shop\/wp-content\/uploads\/2024\/01\/impact3.svg\" class=\"attachment-original size-original\" alt=\"\" \/>\t\t\t\t\t\t\n\t\t\t\t\t<\/div>\n\t\t\t\t\t\t<\/a>\t\t\n<style>\n#image_1198268102 {\n  width: 100%;\n}\n<\/style>\n\t<\/div>\n\t\n\t<div class=\"img has-hover x md-x lg-x y md-y lg-y\" id=\"image_1139181436\">\n\t\t<a class=\"\" href=\"\/es\/impacto-4\/\" >\t\t\t\t\t\t<div class=\"img-inner image-color dark\" >\n\t\t\t<img decoding=\"async\" width=\"100\" height=\"100\" src=\"https:\/\/ecoturbino.shop\/wp-content\/uploads\/2024\/01\/impact4.svg\" class=\"attachment-original size-original\" alt=\"\" \/>\t\t\t\t\t\t\n\t\t\t\t\t<\/div>\n\t\t\t\t\t\t<\/a>\t\t\n<style>\n#image_1139181436 {\n  width: 100%;\n}\n<\/style>\n\t<\/div>\n\t\n\t<div class=\"img has-hover x md-x lg-x y md-y lg-y\" id=\"image_543462351\">\n\t\t\t\t\t\t\t\t<div class=\"img-inner dark\" >\n\t\t\t<img decoding=\"async\" width=\"100\" height=\"100\" src=\"https:\/\/ecoturbino.shop\/wp-content\/uploads\/2024\/01\/impact5.svg\" class=\"attachment-original size-original\" alt=\"\" \/>\t\t\t\t\t\t\n\t\t\t\t\t<\/div>\n\t\t\t\t\t\t\t\t\n<style>\n#image_543462351 {\n  width: 100%;\n}\n<\/style>\n\t<\/div>\n\t\n\t<div class=\"img has-hover x md-x lg-x y md-y lg-y\" id=\"image_108722328\">\n\t\t<a class=\"\" href=\"\/es\/impacto-6\/\" >\t\t\t\t\t\t<div class=\"img-inner image-color dark\" >\n\t\t\t<img decoding=\"async\" width=\"100\" height=\"100\" src=\"https:\/\/ecoturbino.shop\/wp-content\/uploads\/2024\/01\/impact6.svg\" class=\"attachment-original size-original\" alt=\"\" \/>\t\t\t\t\t\t\n\t\t\t\t\t<\/div>\n\t\t\t\t\t\t<\/a>\t\t\n<style>\n#image_108722328 {\n  width: 100%;\n}\n<\/style>\n\t<\/div>\n\t\n\t<div class=\"img has-hover x md-x lg-x y md-y lg-y\" id=\"image_1341163374\">\n\t\t<a class=\"\" href=\"\/es\/impacto-7-2\/\" >\t\t\t\t\t\t<div class=\"img-inner image-color dark\" >\n\t\t\t<img decoding=\"async\" width=\"100\" height=\"100\" src=\"https:\/\/ecoturbino.shop\/wp-content\/uploads\/2024\/01\/impact7.svg\" class=\"attachment-original size-original\" alt=\"\" \/>\t\t\t\t\t\t\n\t\t\t\t\t<\/div>\n\t\t\t\t\t\t<\/a>\t\t\n<style>\n#image_1341163374 {\n  width: 100%;\n}\n<\/style>\n\t<\/div>\n\t\n\t\t\n<style>\n#stack-200597808 > * {\n  --stack-gap: 1rem;\n}\n<\/style>\n\t<\/div>\n\t\n\t\t<\/div>\n\t\t\t\t\t<\/div>\n\n\t\n<\/div>\n\t\t<\/div>\n\t\t\t\t\t<\/div>\n\n\t\n\n\t<div id=\"col-1568361846\" class=\"col medium-3 small-12 large-3\"  >\n\t\t\t\t<div class=\"col-inner\"  >\n\t\t\t\n\t\t\t\n\t<div class=\"img has-hover x md-x lg-x y md-y lg-y\" id=\"image_1712853071\">\n\t\t\t\t\t\t\t\t<div class=\"img-inner dark\" >\n\t\t\t<img decoding=\"async\" width=\"100\" height=\"100\" src=\"https:\/\/ecoturbino.shop\/wp-content\/uploads\/2024\/01\/impact5.svg\" class=\"attachment-original size-original\" alt=\"\" \/>\t\t\t\t\t\t\n\t\t\t\t\t<\/div>\n\t\t\t\t\t\t\t\t\n<style>\n#image_1712853071 {\n  width: 100%;\n}\n<\/style>\n\t<\/div>\n\t\n\t\t<\/div>\n\t\t\t\t\t<\/div>\n\n\t\n<\/div>\n<div class=\"row\"  id=\"row-162764120\">\n\n\t<div id=\"col-1674110351\" class=\"col small-12 large-12\"  >\n\t\t\t\t<div class=\"col-inner\"  >\n\t\t\t\n\t\t\t\n<div class=\"is-divider divider clearfix\" style=\"max-width:100%;height:1px;\"><\/div>\n<h3><span style=\"font-size: 120%;\">Ahorro de agua, costes energ\u00e9ticos y aguas residuales para todos | La importancia del <a href=\"https:\/\/ecoturbino.shop\/es\/comprar\/ecoturbino-et10l-adaptador-ducha-plata-2\/\">ecoturbino<\/a><\/span><\/h3>\n<p>Aqu\u00ed reducimos a\u00fan m\u00e1s el consumo de agua durante las duchas en Europa. \u00a1Los datos seguir\u00e1n!<\/p>\n<p><strong>Nuestro mundo es cada vez m\u00e1s seco<\/strong>, con <strong>los precios del agua y la energ\u00eda no dejan de subir<\/strong>, y los costes de las instalaciones de tratamiento de aguas residuales tambi\u00e9n aumentan. Ante estos retos, es esencial utilizar los recursos de manera m\u00e1s eficiente y actuar de forma sostenible.<\/p>\n<blockquote>\n<p>Una de las aparentemente insignificantes pero <strong>h\u00e1bito no derrochador es ducharse<\/strong>. Disfrutamos de un breve encuentro con el agua caliente, pero despu\u00e9s, esta agua se convierte en aguas residuales calientes que simplemente se tiran por el desag\u00fce.<\/p>\n<\/blockquote>\n<p>Se trata de un <strong>derroche absurdo de agua y energ\u00eda valiosas<\/strong> y contradice los principios de sostenibilidad y protecci\u00f3n del medio ambiente. Aqu\u00ed es donde la <strong>tecnolog\u00eda innovadora de ecoturbino<\/strong> entra en juego, permitiendo a todos<strong> ahorrar un 40% del consumo de agua<\/strong> mientras se ducha y reducir inmediatamente los costes.<\/p>\n<h3>La cuesti\u00f3n de <strong>derroche de agua y energ\u00eda durante la ducha<\/strong><\/h3>\n<p><strong>Ducharse<\/strong> es uno de nuestros h\u00e1bitos cotidianos en el que a menudo pensamos poco en su impacto sobre el medio ambiente. Disfrutamos del agua caliente que fluye sobre nuestra piel, olvidando que es un recurso finito.<\/p>\n<p>El problema comienza cuando el <strong>el agua usada de la ducha va a parar al alcantarillado como agua residual caliente.<\/strong> Calentar el agua requiere energ\u00eda, a menudo de fuentes no renovables, lo que genera costes.<\/p>\n<p>Adem\u00e1s, las depuradoras de aguas residuales deben <strong>procesar estas aguas residuales, lo que a\u00f1ade costes adicionales<\/strong>. Los costes de las aguas residuales se disparan.<\/p>\n\t<div id=\"gap-1751921081\" class=\"gap-element clearfix\" style=\"display:block; height:auto;\">\n\t\t\n<style>\n#gap-1751921081 {\n  padding-top: 30px;\n}\n<\/style>\n\t<\/div>\n\t\n<div class=\"row\"  id=\"row-195476550\">\n\n\t<div id=\"col-1731807060\" class=\"col medium-4 small-12 large-4\"  >\n\t\t\t\t<div class=\"col-inner\"  >\n\t\t\t\n\t\t\t\n\t<div class=\"img has-hover radius10 x md-x lg-x y md-y lg-y\" id=\"image_1581795605\">\n\t\t\t\t\t\t\t\t<div class=\"img-inner dark\" >\n\t\t\t<img decoding=\"async\" width=\"600\" height=\"600\" src=\"https:\/\/ecoturbino.shop\/wp-content\/uploads\/2024\/01\/water-saving-environment-costs_600.webp\" class=\"attachment-original size-original\" alt=\"Ahorro de agua medio ambiente | ecoturbino\" srcset=\"https:\/\/ecoturbino.shop\/wp-content\/uploads\/2024\/01\/water-saving-environment-costs_600.webp 600w, https:\/\/ecoturbino.shop\/wp-content\/uploads\/2024\/01\/water-saving-environment-costs_600-470x470.webp 470w, https:\/\/ecoturbino.shop\/wp-content\/uploads\/2024\/01\/water-saving-environment-costs_600-340x340.webp 340w\" sizes=\"(max-width: 600px) 100vw, 600px\" \/>\t\t\t\t\t\t\n\t\t\t\t\t<\/div>\n\t\t\t\t\t\t\t\t\n<style>\n#image_1581795605 {\n  width: 100%;\n}\n<\/style>\n\t<\/div>\n\t\n\t\t<\/div>\n\t\t\t\t\t<\/div>\n\n\t\n\n\t<div id=\"col-497070027\" class=\"col medium-8 small-12 large-8\"  >\n\t\t\t\t<div class=\"col-inner\"  >\n\t\t\t\n\t\t\t\n<h3>La soluci\u00f3n: ecoturbino<\/h3>\n<p>ecoturbino ofrece una soluci\u00f3n sencilla y eficaz a este problema. La tecnolog\u00eda se desarroll\u00f3 para reducir<strong> el consumo de agua durante las duchas en un sorprendente 40%.<\/strong> sin que los usuarios tengan que sacrificar la comodidad de la ducha. Estas son algunas de las ventajas que ecoturbino ofrece a todos:<\/p>\n<ul>\n<li><strong>Reducci\u00f3n de costes:<\/strong> ecoturbino permite a todo el mundo reducir significativamente sus costes de agua y energ\u00eda. Al reducir el consumo de agua, es necesario calentar menos agua, lo que reduce los costes energ\u00e9ticos. Los menores costes de agua suponen una ventaja econ\u00f3mica adicional.<\/li>\n<li><strong>Respetuoso con el medio ambiente:<\/strong> Al reducir el consumo de agua y ahorrar energ\u00eda, ecoturbino contribuye a la protecci\u00f3n del medio ambiente. Ayuda a reducir el consumo de agua y a disminuir las emisiones de CO2, contribuyendo a la conservaci\u00f3n del medio ambiente.<\/li>\n<li><strong>Corto periodo de amortizaci\u00f3n:<\/strong> Los costes de adquisici\u00f3n de ecoturbino son bajos, y el ahorro en costes de agua y energ\u00eda amortiza la inversi\u00f3n en poco tiempo. Es una decisi\u00f3n econ\u00f3micamente sensata para empresas, hoteles, familias, clubes, hospitales, residencias de ancianos y muchos otros.<\/li>\n<li><strong>Sin concesiones en el disfrute de la ducha:<\/strong> A pesar de la reducci\u00f3n del consumo de agua, ecoturbino sigue proporcionando una experiencia de ducha agradable y relajante. El chorro de agua sigue siendo fuerte y agradable sin comprometer la calidad de la ducha.<\/li>\n<\/ul>\n\t\t<\/div>\n\t\t\t\t\t<\/div>\n\n\t\n<\/div>\n\t<div id=\"gap-2042731153\" class=\"gap-element clearfix\" style=\"display:block; height:auto;\">\n\t\t\n<style>\n#gap-2042731153 {\n  padding-top: 30px;\n}\n<\/style>\n\t<\/div>\n\t\n<div class=\"row\"  id=\"row-1038642479\">\n\n\t<div id=\"col-959611536\" class=\"col medium-6 small-12 large-6\"  >\n\t\t\t\t<div class=\"col-inner\"  >\n\t\t\t\n\t\t\t\n<h3>Ventajas adicionales de ecoturbino<\/h3>\n<p>ecoturbino ofrece otras ventajas adem\u00e1s del ahorro de costes. Ayuda a conservar el suministro de agua y <strong>reducir la carga de las depuradoras de aguas residuales<\/strong>.<\/p>\n<p>Esto es especialmente importante en tiempos en que la escasez de agua y los impactos ambientales son cada vez m\u00e1s frecuentes.<\/p>\n\t\t<\/div>\n\t\t\t\t\t<\/div>\n\n\t\n\n\t<div id=\"col-1181317490\" class=\"col medium-6 small-12 large-6\"  >\n\t\t\t\t<div class=\"col-inner\" style=\"background-color:#c0d63d;\" >\n\t\t\t\n\t\t\t\n\t<div id=\"text-3900565491\" class=\"text\">\n\t\t\n<h4 class=\"uppercase\">CONCLUSI\u00d3N<\/h4>\n\t\t\n<style>\n#text-3900565491 {\n  font-size: 2rem;\n  text-align: right;\n  color: rgb(255, 255, 255);\n}\n#text-3900565491 > * {\n  color: rgb(255, 255, 255);\n}\n@media (min-width:550px) {\n  #text-3900565491 {\n    font-size: 3.5rem;\n  }\n}\n<\/style>\n\t<\/div>\n\t\n<h3>ecoturbino - Una victoria para todos, <a href=\"https:\/\/www.google.com\/aclk?sa=l&amp;ai=DChcSEwizlIz2qdWDAxXtm1oFHdKnCJEYABAAGgJ2dQ&amp;ase=2&amp;gclid=Cj0KCQiAwP6sBhDAARIsAPfK_watGz1qAKakOF_2c21Sq6uC66UaUaL18vzWqCx2GV9fPAC4TGya1OQaAgj9EALw_wcB&amp;ei=1t2fZZTQN4yJ9u8PsZifyAM&amp;sig=AOD64_3tZ_HBVO8lhe659upTWIB85jM_VA&amp;q&amp;sqi=2&amp;nis=4&amp;adurl&amp;ved=2ahUKEwiUk4L2qdWDAxWMhP0HHTHMBzkQ0Qx6BAgIEAE\" target=\"_blank\" rel=\"noopener sponsored\">Certificado T\u00dcV<\/a> c\u00e1lculo de la amortizaci\u00f3n<\/h3>\n<p><strong>ecoturbino es una soluci\u00f3n innovadora para ahorrar agua, costes energ\u00e9ticos y aguas residuales,<\/strong> todo ello sin comprometer el disfrute de la ducha. La tecnolog\u00eda es adecuada para empresas, hoteles, familias, clubes, hospitales, residencias de ancianos y muchos otros.<\/p>\n<blockquote>\n<p>Con ecoturbino, todos podemos contribuir a la protecci\u00f3n del medio ambiente al tiempo que reducimos nuestra carga financiera.<\/p>\n<\/blockquote>\n<p>Es hora de responsabilizarnos de nuestros recursos y dar un paso hacia la sostenibilidad.<\/p>\n\t\t<\/div>\n\t\t\t\t\n<style>\n#col-1181317490 > .col-inner {\n  padding: 10px 20px 1px 25px;\n  border-radius: 10px;\n}\n<\/style>\n\t<\/div>\n\n\t\n<\/div>\n\t\t<\/div>\n\t\t\t\t\n<style>\n#col-1674110351 > .col-inner {\n  margin: 0px 0px -200px 0px;\n}\n<\/style>\n\t<\/div>\n\n\t\n<\/div>\n\t\t<\/div>\n\n\t\t\n<style>\n#section_236924431 {\n  padding-top: 30px;\n  padding-bottom: 30px;\n}\n<\/style>\n\t<\/section>\n\t\n\n\t<section class=\"section hide-for-small\" id=\"section_33681392\">\n\t\t<div class=\"section-bg fill\" >\n\t\t\t<img decoding=\"async\" width=\"1920\" height=\"683\" src=\"https:\/\/ecoturbino.shop\/wp-content\/uploads\/2025\/12\/ecoturbino-function_1920.webp\" class=\"bg attachment- size-\" alt=\"funci\u00f3n ecoturbino\" \/>\t\t\t\t\t\t<div class=\"section-bg-overlay absolute fill\"><\/div>\n\t\t\t\n\n\t\t<\/div>\n\n\t\t\t<div class=\"ux-shape-divider ux-shape-divider--top ux-shape-divider--style-waves-opacity\">\n\t\t<svg viewbox=\"0 0 1000 300\" xmlns=\"http:\/\/www.w3.org\/2000\/svg\" preserveaspectratio=\"none\">\n    <path class=\"ux-shape-fill\" d=\"M0 300L-1 69.71C216 57 299.47 198.86 403 226C506 253 577 196 660 197C740 198 790.09 234.07 874 267C935.23 291 982 282.61 1000 277.61V300H0Z\"\/>\n    <path class=\"ux-shape-fill\" opacity=\"0.5\" d=\"M1 265.094L0 50.5C217 37.79 300.47 186.36 404 213.5C507 240.5 578 196.5 661 197.5C741 198.5 787.59 239.57 871.5 272.5C932.73 296.5 980.5 284.5 998.5 279.5V298.5L1 265.094Z\"\/>\n    <path class=\"ux-shape-fill\" opacity=\"0.15\" d=\"M0.999878 244.094L-0.00012207 27C217 14.29 300.47 173.86 404 201C507 228 578 196 661 197C741 198 787.59 243.07 871.5 276C932.73 300 980.5 284.5 998.5 279.5V299L0.999878 244.094Z\"\/>\n<\/svg>\n\n\t<\/div>\n\n\n\t\t<div class=\"section-content relative\">\n\t\t\t\n\t\t<\/div>\n\n\t\t\n<style>\n#section_33681392 {\n  padding-top: 220px;\n  padding-bottom: 220px;\n}\n#section_33681392 .section-bg-overlay {\n  background-color: rgba(0, 0, 0, 0.25);\n}\n#section_33681392 .ux-shape-divider--top svg {\n  height: 80px;\n  --divider-top-width: 100%;\n}\n@media (min-width:550px) {\n  #section_33681392 .ux-shape-divider--top svg {\n    height: 124px;\n  }\n}\n<\/style>\n\t<\/section>","protected":false},"excerpt":{"rendered":"","protected":false},"author":1320,"featured_media":0,"parent":0,"menu_order":0,"comment_status":"closed","ping_status":"closed","template":"page-blank.php","meta":{"inline_featured_image":false,"footnotes":""},"class_list":["post-48909","page","type-page","status-publish","hentry"],"_links":{"self":[{"href":"https:\/\/ecoturbino.shop\/es\/wp-json\/wp\/v2\/pages\/48909","targetHints":{"allow":["GET"]}}],"collection":[{"href":"https:\/\/ecoturbino.shop\/es\/wp-json\/wp\/v2\/pages"}],"about":[{"href":"https:\/\/ecoturbino.shop\/es\/wp-json\/wp\/v2\/types\/page"}],"author":[{"embeddable":true,"href":"https:\/\/ecoturbino.shop\/es\/wp-json\/wp\/v2\/users\/1320"}],"replies":[{"embeddable":true,"href":"https:\/\/ecoturbino.shop\/es\/wp-json\/wp\/v2\/comments?post=48909"}],"version-history":[{"count":0,"href":"https:\/\/ecoturbino.shop\/es\/wp-json\/wp\/v2\/pages\/48909\/revisions"}],"wp:attachment":[{"href":"https:\/\/ecoturbino.shop\/es\/wp-json\/wp\/v2\/media?parent=48909"}],"curies":[{"name":"wp","href":"https:\/\/api.w.org\/{rel}","templated":true}]}}