{"id":48915,"date":"2024-01-23T19:21:18","date_gmt":"2024-01-23T18:21:18","guid":{"rendered":"https:\/\/en.ecoturbino.shop\/?page_id=48915"},"modified":"2025-05-27T14:29:40","modified_gmt":"2025-05-27T12:29:40","slug":"impacto-6","status":"publish","type":"page","link":"https:\/\/ecoturbino.shop\/es\/impact-6\/","title":{"rendered":"Absolutamente libre de mantenimiento y retroadaptable a todas las duchas - puede instalarlo cualquiera"},"content":{"rendered":"<section class=\"section zindex1\" id=\"section_719863295\">\n\t\t<div class=\"section-bg fill\" >\n\t\t\t\t\t\t\t\t\t\n\t\t\t\n\n\t\t<\/div>\n\n\t\t\n\n\t\t<div class=\"section-content relative\">\n\t\t\t\n<div class=\"row row-small\"  id=\"row-259127662\">\n\n\t<div id=\"col-1428455204\" class=\"col medium-9 small-12 large-9\"  >\n\t\t\t\t<div class=\"col-inner\"  >\n\t\t\t\n\t\t\t\n<h2 class=\"uppercase\">Absolutamente libre de mantenimiento y reequipable en todas las duchas - Instalable por cualquiera<\/h2>\n<h3 class=\"thin-font\">el sexto impacto del sistema ecoturbino\u00ae de ahorro de agua y protecci\u00f3n del medio ambiente<\/h3>\n<div class=\"row\"  id=\"row-444843945\">\n\n\t<div id=\"col-1037152360\" class=\"col medium-11 small-12 large-11\"  >\n\t\t\t\t<div class=\"col-inner\"  >\n\t\t\t\n\t\t\t\n\t<div id=\"stack-3676797489\" class=\"stack stack-row justify-start items-start\">\n\t\t\n\t<div class=\"img has-hover x md-x lg-x y md-y lg-y\" id=\"image_1620857958\">\n\t\t<a class=\"\" href=\"\/es\/impacto-1\/\" >\t\t\t\t\t\t<div class=\"img-inner image-color dark\" >\n\t\t\t<img decoding=\"async\" width=\"100\" height=\"100\" src=\"https:\/\/ecoturbino.shop\/wp-content\/uploads\/2024\/01\/impact1.svg\" class=\"attachment-original size-original\" alt=\"\" \/>\t\t\t\t\t\t\n\t\t\t\t\t<\/div>\n\t\t\t\t\t\t<\/a>\t\t\n<style>\n#image_1620857958 {\n  width: 100%;\n}\n<\/style>\n\t<\/div>\n\t\n\t<div class=\"img has-hover x md-x lg-x y md-y lg-y\" id=\"image_1726784773\">\n\t\t<a class=\"\" href=\"\/es\/impacto-2-2\/\" >\t\t\t\t\t\t<div class=\"img-inner image-color dark\" >\n\t\t\t<img decoding=\"async\" width=\"100\" height=\"100\" src=\"https:\/\/ecoturbino.shop\/wp-content\/uploads\/2024\/01\/impact2.svg\" class=\"attachment-original size-original\" alt=\"\" \/>\t\t\t\t\t\t\n\t\t\t\t\t<\/div>\n\t\t\t\t\t\t<\/a>\t\t\n<style>\n#image_1726784773 {\n  width: 100%;\n}\n<\/style>\n\t<\/div>\n\t\n\t<div class=\"img has-hover x md-x lg-x y md-y lg-y\" id=\"image_1434303434\">\n\t\t<a class=\"\" href=\"\/es\/impacto-3\/\" >\t\t\t\t\t\t<div class=\"img-inner image-color dark\" >\n\t\t\t<img decoding=\"async\" width=\"100\" height=\"100\" src=\"https:\/\/ecoturbino.shop\/wp-content\/uploads\/2024\/01\/impact3.svg\" class=\"attachment-original size-original\" alt=\"\" \/>\t\t\t\t\t\t\n\t\t\t\t\t<\/div>\n\t\t\t\t\t\t<\/a>\t\t\n<style>\n#image_1434303434 {\n  width: 100%;\n}\n<\/style>\n\t<\/div>\n\t\n\t<div class=\"img has-hover x md-x lg-x y md-y lg-y\" id=\"image_1349543046\">\n\t\t<a class=\"\" href=\"\/es\/impacto-4\/\" >\t\t\t\t\t\t<div class=\"img-inner image-color dark\" >\n\t\t\t<img decoding=\"async\" width=\"100\" height=\"100\" src=\"https:\/\/ecoturbino.shop\/wp-content\/uploads\/2024\/01\/impact4.svg\" class=\"attachment-original size-original\" alt=\"\" \/>\t\t\t\t\t\t\n\t\t\t\t\t<\/div>\n\t\t\t\t\t\t<\/a>\t\t\n<style>\n#image_1349543046 {\n  width: 100%;\n}\n<\/style>\n\t<\/div>\n\t\n\t<div class=\"img has-hover x md-x lg-x y md-y lg-y\" id=\"image_1987803837\">\n\t\t<a class=\"\" href=\"\/es\/impacto-5-2\/\" >\t\t\t\t\t\t<div class=\"img-inner image-color dark\" >\n\t\t\t<img decoding=\"async\" width=\"100\" height=\"100\" src=\"https:\/\/ecoturbino.shop\/wp-content\/uploads\/2024\/01\/impact5.svg\" class=\"attachment-original size-original\" alt=\"\" \/>\t\t\t\t\t\t\n\t\t\t\t\t<\/div>\n\t\t\t\t\t\t<\/a>\t\t\n<style>\n#image_1987803837 {\n  width: 100%;\n}\n<\/style>\n\t<\/div>\n\t\n\t<div class=\"img has-hover x md-x lg-x y md-y lg-y\" id=\"image_616520443\">\n\t\t\t\t\t\t\t\t<div class=\"img-inner dark\" >\n\t\t\t<img decoding=\"async\" width=\"100\" height=\"100\" src=\"https:\/\/ecoturbino.shop\/wp-content\/uploads\/2024\/01\/impact6.svg\" class=\"attachment-original size-original\" alt=\"\" \/>\t\t\t\t\t\t\n\t\t\t\t\t<\/div>\n\t\t\t\t\t\t\t\t\n<style>\n#image_616520443 {\n  width: 100%;\n}\n<\/style>\n\t<\/div>\n\t\n\t<div class=\"img has-hover x md-x lg-x y md-y lg-y\" id=\"image_1621782294\">\n\t\t<a class=\"\" href=\"\/es\/impacto-7-2\/\" >\t\t\t\t\t\t<div class=\"img-inner image-color dark\" >\n\t\t\t<img decoding=\"async\" width=\"100\" height=\"100\" src=\"https:\/\/ecoturbino.shop\/wp-content\/uploads\/2024\/01\/impact7.svg\" class=\"attachment-original size-original\" alt=\"\" \/>\t\t\t\t\t\t\n\t\t\t\t\t<\/div>\n\t\t\t\t\t\t<\/a>\t\t\n<style>\n#image_1621782294 {\n  width: 100%;\n}\n<\/style>\n\t<\/div>\n\t\n\t\t\n<style>\n#stack-3676797489 > * {\n  --stack-gap: 1rem;\n}\n<\/style>\n\t<\/div>\n\t\n\t\t<\/div>\n\t\t\t\t\t<\/div>\n\n\t\n<\/div>\n\t\t<\/div>\n\t\t\t\t\t<\/div>\n\n\t\n\n\t<div id=\"col-2019509147\" class=\"col medium-3 small-12 large-3\"  >\n\t\t\t\t<div class=\"col-inner\"  >\n\t\t\t\n\t\t\t\n\t<div class=\"img has-hover x md-x lg-x y md-y lg-y\" id=\"image_474185622\">\n\t\t\t\t\t\t\t\t<div class=\"img-inner dark\" >\n\t\t\t<img decoding=\"async\" width=\"100\" height=\"100\" src=\"https:\/\/ecoturbino.shop\/wp-content\/uploads\/2024\/01\/impact6.svg\" class=\"attachment-original size-original\" alt=\"\" \/>\t\t\t\t\t\t\n\t\t\t\t\t<\/div>\n\t\t\t\t\t\t\t\t\n<style>\n#image_474185622 {\n  width: 100%;\n}\n<\/style>\n\t<\/div>\n\t\n\t\t<\/div>\n\t\t\t\t\t<\/div>\n\n\t\n<\/div>\n<div class=\"row\"  id=\"row-254918068\">\n\n\t<div id=\"col-270998861\" class=\"col small-12 large-12\"  >\n\t\t\t\t<div class=\"col-inner\"  >\n\t\t\t\n\t\t\t\n<div class=\"is-divider divider clearfix\" style=\"max-width:100%;height:1px;\"><\/div>\n<h3><span style=\"font-size: 120%;\">Ahorrar energ\u00eda es f\u00e1cil <a href=\"https:\/\/ecoturbino.shop\/es\/comprar\/ecoturbino-et10l-adaptador-ducha-plata-2\/\">ecoturbino<\/a> - F\u00e1cil de instalar y apto para todos<\/span><\/h3>\n<p>En una \u00e9poca en la que <strong>La conservaci\u00f3n de la energ\u00eda y la protecci\u00f3n del medio ambiente son cada vez m\u00e1s importantes,<\/strong> muchas personas buscan formas de <strong>reducir su consumo de energ\u00eda<\/strong> y <strong>reducir su huella ecol\u00f3gica.<\/strong><\/p>\n<p>Sin embargo, a menudo se encuentran con el problema de que muchos <strong>los productos de ahorro energ\u00e9tico son complicados<\/strong> y requieren una instalaci\u00f3n profesional. Pero no tiene por qu\u00e9 ser as\u00ed. Con ecoturbino, ahorrar energ\u00eda se convierte en un juego de ni\u00f1os.<\/p>\n<p>Este <strong>innovador producto austriaco<\/strong> puede ser <strong>instalado por cualquier persona sin conocimiento previo<\/strong> o experiencia, y cabe en cualquier ducha. Est\u00e1 listo para usar en solo tres minutos y no requiere herramientas ni una instalaci\u00f3n compleja.<\/p>\n<h3>\u00bfPor qu\u00e9 ecoturbino es tan f\u00e1cil de instalar?<\/h3>\n<p>Ecoturbino se dise\u00f1\u00f3 para hacer<strong> instalaci\u00f3n lo m\u00e1s sencilla posible<\/strong>. No requiere herramientas complicadas ni conocimientos especializados. El motivo es la rosca est\u00e1ndar de \u00bd pulgada presente en la mayor\u00eda de las conexiones de fontaner\u00eda del mezclador de agua caliente de la ducha.<\/p>\n<p>Esta rosca est\u00e1ndar permite una fijaci\u00f3n f\u00e1cil y segura del ecoturbino sin necesidad de ajustes o modificaciones adicionales.<\/p>\n\t<div id=\"gap-496248268\" class=\"gap-element clearfix\" style=\"display:block; height:auto;\">\n\t\t\n<style>\n#gap-496248268 {\n  padding-top: 30px;\n}\n<\/style>\n\t<\/div>\n\t\n<div class=\"row\"  id=\"row-505043142\">\n\n\t<div id=\"col-2035263556\" class=\"col medium-4 small-12 large-4\"  >\n\t\t\t\t<div class=\"col-inner\"  >\n\t\t\t\n\t\t\t\n\t<div class=\"img has-hover radius10 x md-x lg-x y md-y lg-y\" id=\"image_1170952551\">\n\t\t\t\t\t\t\t\t<div class=\"img-inner dark\" >\n\t\t\t<img decoding=\"async\" width=\"600\" height=\"600\" src=\"https:\/\/ecoturbino.shop\/wp-content\/uploads\/2024\/01\/tools-shower_600.webp\" class=\"attachment-original size-original\" alt=\"Herramienta de montaje ecoturbino\" srcset=\"https:\/\/ecoturbino.shop\/wp-content\/uploads\/2024\/01\/tools-shower_600.webp 600w, https:\/\/ecoturbino.shop\/wp-content\/uploads\/2024\/01\/tools-shower_600-470x470.webp 470w, https:\/\/ecoturbino.shop\/wp-content\/uploads\/2024\/01\/tools-shower_600-340x340.webp 340w\" sizes=\"(max-width: 600px) 100vw, 600px\" \/>\t\t\t\t\t\t\n\t\t\t\t\t<\/div>\n\t\t\t\t\t\t\t\t\n<style>\n#image_1170952551 {\n  width: 100%;\n}\n<\/style>\n\t<\/div>\n\t\n\t\t<\/div>\n\t\t\t\t\t<\/div>\n\n\t\n\n\t<div id=\"col-559581223\" class=\"col medium-8 small-12 large-8\"  >\n\t\t\t\t<div class=\"col-inner\"  >\n\t\t\t\n\t\t\t\n<h3>El sencillo proceso de instalaci\u00f3n de ecoturbino<\/h3>\n<p>Instalar ecoturbino no podr\u00eda ser m\u00e1s f\u00e1cil. Aqu\u00ed est\u00e1n los pasos en detalle:<\/p>\n<ol>\n<li><strong>Preparaci\u00f3n:<\/strong> Aseg\u00farese de que su manguera de ducha tiene <a href=\"https:\/\/en.wikipedia.org\/wiki\/Unified_Thread_Standard\" target=\"_blank\" rel=\"noopener sponsored\"><strong>Rosca est\u00e1ndar de \u00bd pulgada<\/strong><\/a> (que es la norma mundial). Este es el caso de la mayor\u00eda de las duchas.<\/li>\n<li><strong>Retire la manguera de la ducha:<\/strong> Desenr\u00f3scalo gir\u00e1ndolo en el sentido de las agujas del reloj.<\/li>\n<li><strong>Adjuntar ecoturbino:<\/strong> Basta con enroscar el ecoturbino en la rosca est\u00e1ndar de \u00bd pulgada de la batidora, gir\u00e1ndolo en el sentido de las agujas del reloj hasta que quede bien sujeto.<\/li>\n<li>Ahora, conecte la manguera de agua al ecoturbino - \u00a1Listo! Su ecoturbino ya est\u00e1 listo para su uso. No es necesario realizar m\u00e1s pasos.<\/li>\n<\/ol>\n\t\t<\/div>\n\t\t\t\t\t<\/div>\n\n\t\n<\/div>\n\t<div id=\"gap-313402350\" class=\"gap-element clearfix\" style=\"display:block; height:auto;\">\n\t\t\n<style>\n#gap-313402350 {\n  padding-top: 30px;\n}\n<\/style>\n\t<\/div>\n\t\n<div class=\"row\"  id=\"row-1813140111\">\n\n\t<div id=\"col-596566525\" class=\"col medium-6 small-12 large-6\"  >\n\t\t\t\t<div class=\"col-inner\"  >\n\t\t\t\n\t\t\t\n<h3>No se requieren conocimientos ni experiencia previos<\/h3>\n<p>Lo mejor de ecoturbino es que es <strong>apto para todos los p\u00fablicos<\/strong>. No necesita conocimientos previos ni experiencia en instalaciones de fontaner\u00eda. La rosca est\u00e1ndar y la facilidad de fijaci\u00f3n hacen que la instalaci\u00f3n sea pan comido.<\/p>\n<blockquote>\n<p>Es una forma estupenda de ahorrar energ\u00eda y agua sin tener que preocuparse por la complejidad de la instalaci\u00f3n.<\/p>\n<\/blockquote>\n\t\t<\/div>\n\t\t\t\t\t<\/div>\n\n\t\n\n\t<div id=\"col-1937226800\" class=\"col medium-6 small-12 large-6\"  >\n\t\t\t\t<div class=\"col-inner\" style=\"background-color:#c0d63d;\" >\n\t\t\t\n\t\t\t\n\t<div id=\"text-2182607015\" class=\"text\">\n\t\t\n<h4 class=\"uppercase\">CONCLUSI\u00d3N<\/h4>\n\t\t\n<style>\n#text-2182607015 {\n  font-size: 2rem;\n  text-align: right;\n  color: rgb(255,255,255);\n}\n#text-2182607015 > * {\n  color: rgb(255,255,255);\n}\n@media (min-width:550px) {\n  #text-2182607015 {\n    font-size: 3.5rem;\n  }\n}\n<\/style>\n\t<\/div>\n\t\n<h3>Las grandes ventajas de ecoturbino<\/h3>\n<p>Ecoturbino no s\u00f3lo ofrece una instalaci\u00f3n sencilla, sino tambi\u00e9n una serie de ventajas que <strong>que sea una inversi\u00f3n rentable<\/strong>:<\/p>\n<ul>\n<li><strong>Ahorro de agua:<\/strong> Ecoturbino reduce el consumo de agua durante la ducha en un 40%. Esto no solo ahorra agua, sino que tambi\u00e9n reduce los costes de producci\u00f3n y eliminaci\u00f3n de agua.<\/li>\n<li><strong>Ahorro de energ\u00eda:<\/strong> Dado que hay que calentar menos agua para obtener agua caliente para la ducha, ecoturbino tambi\u00e9n permite ahorrar mucha energ\u00eda y reducir los costes energ\u00e9ticos.<\/li>\n<li><strong>Respetuoso con el medio ambiente:<\/strong> La reducci\u00f3n del consumo de agua y energ\u00eda contribuye a la conservaci\u00f3n del medio ambiente y a la disminuci\u00f3n de las emisiones de CO2.<\/li>\n<li><strong>R\u00e1pida amortizaci\u00f3n:<\/strong> El ahorro en costes de agua y energ\u00eda rentabiliza r\u00e1pidamente la inversi\u00f3n en ecoturbino.<\/li>\n<li><strong>Mayor comodidad en la ducha:<\/strong> A pesar de la reducci\u00f3n del consumo de agua, ecoturbino sigue proporcionando una experiencia de ducha intensa y agradable. El chorro de agua sigue siendo robusto y agradable.<\/li>\n<\/ul>\n<blockquote>\n<p>En general, ecoturbino es un sistema sencillo y <strong>forma rentable de ahorrar energ\u00eda y agua sin sacrificar la comodidad de la ducha.<\/strong> Cualquiera puede instalarlo y beneficiarse de las numerosas ventajas que ofrece. Es una soluci\u00f3n con la que ganan tanto tu cartera como el medio ambiente.<\/p>\n<\/blockquote>\n\t\t<\/div>\n\t\t\t\t\n<style>\n#col-1937226800 > .col-inner {\n  padding: 10px 20px 1px 20px;\n  border-radius: 10px;\n}\n<\/style>\n\t<\/div>\n\n\t\n<\/div>\n\t\t<\/div>\n\t\t\t\t\n<style>\n#col-270998861 > .col-inner {\n  margin: 0px 0px -200px 0px;\n}\n<\/style>\n\t<\/div>\n\n\t\n<\/div>\n\t\t<\/div>\n\n\t\t\n<style>\n#section_719863295 {\n  padding-top: 30px;\n  padding-bottom: 30px;\n}\n<\/style>\n\t<\/section>\n\t\n\n\t<section class=\"section hide-for-small\" id=\"section_721210664\">\n\t\t<div class=\"section-bg fill\" >\n\t\t\t\t\t\t\t\t\t<div class=\"section-bg-overlay absolute fill\"><\/div>\n\t\t\t\n\n\t\t<\/div>\n\n\t\t\t<div class=\"ux-shape-divider ux-shape-divider--top ux-shape-divider--style-waves-opacity\">\n\t\t<svg viewbox=\"0 0 1000 300\" xmlns=\"http:\/\/www.w3.org\/2000\/svg\" preserveaspectratio=\"none\">\n    <path class=\"ux-shape-fill\" d=\"M0 300L-1 69.71C216 57 299.47 198.86 403 226C506 253 577 196 660 197C740 198 790.09 234.07 874 267C935.23 291 982 282.61 1000 277.61V300H0Z\"\/>\n    <path class=\"ux-shape-fill\" opacity=\"0.5\" d=\"M1 265.094L0 50.5C217 37.79 300.47 186.36 404 213.5C507 240.5 578 196.5 661 197.5C741 198.5 787.59 239.57 871.5 272.5C932.73 296.5 980.5 284.5 998.5 279.5V298.5L1 265.094Z\"\/>\n    <path class=\"ux-shape-fill\" opacity=\"0.15\" d=\"M0.999878 244.094L-0.00012207 27C217 14.29 300.47 173.86 404 201C507 228 578 196 661 197C741 198 787.59 243.07 871.5 276C932.73 300 980.5 284.5 998.5 279.5V299L0.999878 244.094Z\"\/>\n<\/svg>\n\n\t<\/div>\n\n\n\t\t<div class=\"section-content relative\">\n\t\t\t\n\t\t<\/div>\n\n\t\t\n<style>\n#section_721210664 {\n  padding-top: 220px;\n  padding-bottom: 220px;\n}\n#section_721210664 .section-bg-overlay {\n  background-color: rgba(0, 0, 0, 0.25);\n}\n#section_721210664 .ux-shape-divider--top svg {\n  height: 80px;\n  --divider-top-width: 100%;\n}\n@media (min-width:550px) {\n  #section_721210664 .ux-shape-divider--top svg {\n    height: 124px;\n  }\n}\n<\/style>\n\t<\/section>","protected":false},"excerpt":{"rendered":"","protected":false},"author":1320,"featured_media":0,"parent":0,"menu_order":0,"comment_status":"closed","ping_status":"closed","template":"page-blank.php","meta":{"inline_featured_image":false,"footnotes":""},"class_list":["post-48915","page","type-page","status-publish","hentry"],"_links":{"self":[{"href":"https:\/\/ecoturbino.shop\/es\/wp-json\/wp\/v2\/pages\/48915","targetHints":{"allow":["GET"]}}],"collection":[{"href":"https:\/\/ecoturbino.shop\/es\/wp-json\/wp\/v2\/pages"}],"about":[{"href":"https:\/\/ecoturbino.shop\/es\/wp-json\/wp\/v2\/types\/page"}],"author":[{"embeddable":true,"href":"https:\/\/ecoturbino.shop\/es\/wp-json\/wp\/v2\/users\/1320"}],"replies":[{"embeddable":true,"href":"https:\/\/ecoturbino.shop\/es\/wp-json\/wp\/v2\/comments?post=48915"}],"version-history":[{"count":0,"href":"https:\/\/ecoturbino.shop\/es\/wp-json\/wp\/v2\/pages\/48915\/revisions"}],"wp:attachment":[{"href":"https:\/\/ecoturbino.shop\/es\/wp-json\/wp\/v2\/media?parent=48915"}],"curies":[{"name":"wp","href":"https:\/\/api.w.org\/{rel}","templated":true}]}}