{"id":50140,"date":"2024-05-24T12:05:41","date_gmt":"2024-05-24T10:05:41","guid":{"rendered":"https:\/\/en.ecoturbino.shop\/?page_id=50140"},"modified":"2025-08-15T11:39:54","modified_gmt":"2025-08-15T09:39:54","slug":"texto-de-licitacion-2","status":"publish","type":"page","link":"https:\/\/ecoturbino.shop\/es\/tender-text\/","title":{"rendered":"Texto de licitaci\u00f3n para oficinas de ingenier\u00eda, arquitectos y oficinas de planificaci\u00f3n"},"content":{"rendered":"<div class=\"banner has-hover\" id=\"banner-31448757\">\n          <div class=\"banner-inner fill\">\n        <div class=\"banner-bg fill\" >\n            <img decoding=\"async\" width=\"2000\" height=\"230\" src=\"https:\/\/ecoturbino.shop\/wp-content\/uploads\/2024\/05\/tender-ecourbino_2000.webp\" class=\"bg attachment-original size-original\" alt=\"tender-ecourbino_2000\" \/>                        <div class=\"overlay\"><\/div>            \n                    <\/div>\n\t\t\n        <div class=\"banner-layers container\">\n            <div class=\"fill banner-link\"><\/div>            \n   <div id=\"text-box-1758040831\" class=\"text-box banner-layer x50 md-x50 lg-x50 y50 md-y50 lg-y50 res-text\">\n                                <div class=\"text-box-content text dark\">\n              \n              <div class=\"text-inner text-center\">\n                  \n\t<div id=\"text-2516121271\" class=\"text\">\n\t\t\n<h1>TEXTO DE LA LICITACI\u00d3N<\/h1>\n<h1><span style=\"font-size: 80%;\">para oficinas de ingenier\u00eda, arquitectos y oficinas de planificaci\u00f3n<\/span><\/h1>\n\t\t\n<style>\n#text-2516121271 {\n  font-size: 0.75rem;\n}\n@media (min-width:550px) {\n  #text-2516121271 {\n    font-size: 1.05rem;\n  }\n}\n<\/style>\n\t<\/div>\n\t\n              <\/div>\n           <\/div>\n                            \n<style>\n#text-box-1758040831 {\n  width: 100%;\n}\n#text-box-1758040831 .text-box-content {\n  font-size: 100%;\n}\n@media (min-width:550px) {\n  #text-box-1758040831 {\n    width: 91%;\n  }\n}\n@media (min-width:850px) {\n  #text-box-1758040831 {\n    width: 100%;\n  }\n}\n<\/style>\n    <\/div>\n \n        <\/div>\n      <\/div>\n\n            \n<style>\n#banner-31448757 {\n  padding-top: 200px;\n}\n#banner-31448757 .overlay {\n  background-color: rgba(0, 0, 0, 0.5);\n}\n@media (min-width:550px) {\n  #banner-31448757 {\n    padding-top: 190px;\n  }\n}\n@media (min-width:850px) {\n  #banner-31448757 {\n    padding-top: 190px;\n  }\n}\n<\/style>\n  <\/div>\n\n\n<div class=\"row\"  id=\"row-1527297940\">\n\n\t<div id=\"col-1394668452\" class=\"col small-12 large-12\"  >\n\t\t\t\t<div class=\"col-inner\"  >\n\t\t\t\n\t\t\t\n<h2>Texto de licitaci\u00f3n para oficinas de ingenier\u00eda, arquitectos y oficinas de planificaci\u00f3n para el equipamiento de hoteles, hospitales, centros deportivos, etc.<\/h2>\n<p>Licitaci\u00f3n p\u00fablica para la adquisici\u00f3n de tecnolog\u00edas de ahorro de agua<\/p>\n<div class=\"is-divider divider clearfix\" style=\"max-width:100%;height:1px;\"><\/div>\n<ol>\n<li><strong>Objeto de la licitaci\u00f3n<\/strong><br \/>\nLa instituci\u00f3n p\u00fablica (Nombre de la instituci\u00f3n) convoca una licitaci\u00f3n para la entrega e instalaci\u00f3n de sistemas innovadores de ahorro de agua destinados a reducir el consumo de agua y mejorar las normas de higiene en duchas y lavabos. El objetivo es reducir de forma sostenible el consumo de agua en las instalaciones sanitarias (por ejemplo, comunidades, escuelas, autoridades, instalaciones deportivas y edificios p\u00fablicos y nuevas construcciones) de la instituci\u00f3n, prevenir la formaci\u00f3n de biopel\u00edculas, reducir el riesgo de legionela y garantizar la funci\u00f3n de drenaje de los cabezales de ducha y, principalmente, de las mangueras de ducha.<\/li>\n<li><strong>Descripci\u00f3n del alcance de los servicios<\/strong><br \/>\n- Entrega: Suministro de los sistemas de ahorro de agua en las cantidades y dise\u00f1os requeridos en un plazo de 3 semanas naturales.<br \/>\n- Instalaci\u00f3n: Instalaci\u00f3n profesional de los sistemas de ahorro de agua suministrados en las instalaciones sanitarias.<br \/>\n- Formaci\u00f3n: Formaci\u00f3n del personal sobre el funcionamiento y el mantenimiento de los sistemas de ahorro de agua.<br \/>\n- Mantenimiento: Contrato de mantenimiento opcional para la inspecci\u00f3n peri\u00f3dica y el mantenimiento de los sistemas instalados de acuerdo con los requisitos legales.<\/li>\n<li><strong>Requisitos para los licitadores<\/strong><br \/>\n- Prueba de idoneidad t\u00e9cnica y profesional para la entrega e instalaci\u00f3n de tecnolog\u00edas de ahorro de agua (certificado T\u00dcV, informe higi\u00e9nico-sanitario).<br \/>\n- Al menos 15 a\u00f1os de experiencia y referencias en la instalaci\u00f3n de sistemas de ahorro de agua.<br \/>\n- Provisi\u00f3n de un concepto de mantenimiento.<br \/>\n- Certificaci\u00f3n de calidad seg\u00fan la etiqueta ecol\u00f3gica o la etiqueta ecol\u00f3gica austriaca.<br \/>\n- Divulgaci\u00f3n del n\u00famero EORI.<br \/>\n- Oferta de un programa de formaci\u00f3n para el personal de la instituci\u00f3n.<\/li>\n<li><strong>Especificaciones t\u00e9cnicas<\/strong><br \/>\n- Los sistemas de ahorro de agua ofrecidos deben permitir una reducci\u00f3n del consumo de agua de al menos 40%. Caudal m\u00e1ximo de 6 a 9 litros\/hora cuando est\u00e1 completamente abierto para las duchas y de 5 a 6 litros para los lavabos. La base es el Reglamento de taxonom\u00eda de la UE en su forma actual (a partir de 2024):<br \/>\n<a href=\"https:\/\/eur-lex.europa.eu\/eli\/reg\/2020\/852\/oj\" rel=\"noopener\">Reglamento - 2020\/852 - ES - Reglamento sobre taxonom\u00eda - EUR-Lex (europa.eu)<\/a><br \/>\n<a href=\"https:\/\/www.bmk.gv.at\/green-finance\/finanzen\/eu-strategie\/eu-taxonomie-vo.html\" rel=\"noopener\">Reglamento sobre taxonom\u00eda de la UE (bmk.gv.at)<\/a><br \/>\n- Compatibilidad con los sistemas de ducha y grifer\u00eda habituales, disponible como pieza de reequipamiento.<br \/>\n- Instalaci\u00f3n sencilla sin grandes esfuerzos de construcci\u00f3n.<br \/>\n- Funci\u00f3n de drenaje del sistema para evitar la formaci\u00f3n de biopel\u00edculas.<br \/>\n- Mecanismos para reducir el riesgo de Legionella.<br \/>\n- Funci\u00f3n de desag\u00fce en la grifer\u00eda para evitar el agua estancada en las duchas despu\u00e9s de ducharse.<br \/>\n- 10 a\u00f1os de garant\u00eda funcional como caracter\u00edstica de sostenibilidad.<\/li>\n<li><strong>Criterios de adjudicaci\u00f3n<\/strong><br \/>\nEl contrato se adjudicar\u00e1 a la oferta econ\u00f3micamente m\u00e1s ventajosa teniendo en cuenta los siguientes criterios:<br \/>\nPrecio (20%)<br \/>\nCalidad y caracter\u00edsticas t\u00e9cnicas de los sistemas de ahorro de agua ofrecidos (50%)<br \/>\nServicio, incluida la instalaci\u00f3n, la formaci\u00f3n y el mantenimiento (10%)<br \/>\nGarant\u00eda de suministro de piezas de repuesto durante 10 a\u00f1os (10%)<br \/>\nPrueba de c\u00e1lculo del ahorro T\u00dcV - certificado (10%) desglose detallado por Cantidad de agua - Costes de aguas residuales - Costes de energ\u00eda - Reducci\u00f3n de CO2<\/li>\n<li><strong>Presentaci\u00f3n de ofertas<\/strong><br \/>\nSe invita a las empresas interesadas a presentar sus ofertas por escrito antes del (fecha) a la siguiente direcci\u00f3n:<br \/>\n(Nombre y direcci\u00f3n de la instituci\u00f3n p\u00fablica)<\/li>\n<li><strong>Visita a las instalaciones<\/strong><br \/>\nSe ofrecer\u00e1 una visita a las instalaciones sanitarias que se van a modernizar el (fecha) a las (hora). El punto de encuentro es (lugar).<\/li>\n<li><strong>P\u00f3ngase en contacto con<\/strong><br \/>\nPara preguntas y m\u00e1s informaci\u00f3n, p\u00f3ngase en contacto con (Nombre de la persona de contacto) en (n\u00famero de tel\u00e9fono) o por correo electr\u00f3nico en (direcci\u00f3n de correo electr\u00f3nico).<\/li>\n<\/ol>\n<div class=\"is-divider divider clearfix\" style=\"max-width:100%;height:1px;\"><\/div>\n<p>El organismo p\u00fablico espera sus ofertas y la aplicaci\u00f3n conjunta de una gesti\u00f3n sostenible del agua.<\/p>\n\t<div id=\"gap-603642524\" class=\"gap-element clearfix\" style=\"display:block; height:auto;\">\n\t\t\n<style>\n#gap-603642524 {\n  padding-top: 30px;\n}\n<\/style>\n\t<\/div>\n\t\n\t\t<\/div>\n\t\t\t\t\t<\/div>\n\n\t\n<\/div>","protected":false},"excerpt":{"rendered":"","protected":false},"author":1320,"featured_media":49835,"parent":0,"menu_order":0,"comment_status":"closed","ping_status":"closed","template":"page-blank.php","meta":{"inline_featured_image":false,"footnotes":""},"class_list":["post-50140","page","type-page","status-publish","has-post-thumbnail","hentry"],"_links":{"self":[{"href":"https:\/\/ecoturbino.shop\/es\/wp-json\/wp\/v2\/pages\/50140","targetHints":{"allow":["GET"]}}],"collection":[{"href":"https:\/\/ecoturbino.shop\/es\/wp-json\/wp\/v2\/pages"}],"about":[{"href":"https:\/\/ecoturbino.shop\/es\/wp-json\/wp\/v2\/types\/page"}],"author":[{"embeddable":true,"href":"https:\/\/ecoturbino.shop\/es\/wp-json\/wp\/v2\/users\/1320"}],"replies":[{"embeddable":true,"href":"https:\/\/ecoturbino.shop\/es\/wp-json\/wp\/v2\/comments?post=50140"}],"version-history":[{"count":0,"href":"https:\/\/ecoturbino.shop\/es\/wp-json\/wp\/v2\/pages\/50140\/revisions"}],"wp:featuredmedia":[{"embeddable":true,"href":"https:\/\/ecoturbino.shop\/es\/wp-json\/wp\/v2\/media\/49835"}],"wp:attachment":[{"href":"https:\/\/ecoturbino.shop\/es\/wp-json\/wp\/v2\/media?parent=50140"}],"curies":[{"name":"wp","href":"https:\/\/api.w.org\/{rel}","templated":true}]}}