{"id":50551,"date":"2024-09-17T08:50:09","date_gmt":"2024-09-17T06:50:09","guid":{"rendered":"https:\/\/en.ecoturbino.shop\/?post_type=product&#038;p=50551"},"modified":"2025-08-15T20:41:43","modified_gmt":"2025-08-15T18:41:43","slug":"ducha-lavavajillas-ecopre-para-gastronomia-2","status":"publish","type":"product","link":"https:\/\/ecoturbino.shop\/es\/buy\/dishwashing-shower-ecopre-for-gastronomy\/","title":{"rendered":"Ducha lavavajillas | Grifo de prelavado \u201cecoPre\u201d para gastronom\u00eda | Ahorre mucha agua gracias a ecoturbino\u00ae | Innovaci\u00f3n y sostenibilidad en el prelavado en grandes cocinas"},"content":{"rendered":"<div id=\"gap-1473232008\" class=\"gap-element clearfix\" style=\"display:block; height:auto;\">\n\t\t\n<style>\n#gap-1473232008 {\n  padding-top: 0px;\n}\n<\/style>\n\t<\/div>\n\t\n\n  <div class=\"banner has-hover radius10\" id=\"banner-1025273032\">\n          <div class=\"banner-inner fill\">\n        <div class=\"banner-bg fill\" >\n            <img decoding=\"async\" width=\"1920\" height=\"683\" src=\"https:\/\/ecoturbino.shop\/wp-content\/uploads\/2026\/01\/ecoturbino-function_1920.webp\" class=\"bg attachment-original size-original\" alt=\"funci\u00f3n ecoturbino\" \/>                                    \n                    <\/div>\n\t\t\n        <div class=\"banner-layers container\">\n            <div class=\"fill banner-link\"><\/div>            \n\n\t<div class=\"img has-hover x95 md-x95 lg-x95 y5 md-y5 lg-y5\" id=\"image_714306863\">\n\t\t\t\t\t\t\t\t<div class=\"img-inner dark\" >\n\t\t\t<img decoding=\"async\" width=\"100\" height=\"100\" src=\"https:\/\/ecoturbino.shop\/wp-content\/uploads\/2023\/08\/LOGO-ecoturbino-RGB-weiss.svg\" class=\"attachment-original size-original\" alt=\"Logotipo ecoturbino\" \/>\t\t\t\t\t\t\n\t\t\t\t\t<\/div>\n\t\t\t\t\t\t\t\t\n<style>\n#image_714306863 {\n  width: 30%;\n}\n<\/style>\n\t<\/div>\n\t\n\n\n        <\/div>\n      <\/div>\n\n            \n<style>\n#banner-1025273032 {\n  padding-top: 350px;\n}\n<\/style>\n  <\/div>\n\n\n<div class=\"is-divider divider clearfix\" style=\"margin-top:2em;margin-bottom:2em;max-width:100%;height:1px;\"><\/div>\n<h2 class=\"headlinefocus\">Ducha lavavajillas \u201cecoPre\u201d para gastronom\u00eda | Ahorre f\u00e1cilmente mucha agua en la cocina mientras lava los platos | Innovaci\u00f3n en prelavado para grandes cocinas<\/h2>\n<p><strong>Nota: La imagen del prototipo muestra lat\u00f3n; la versi\u00f3n suministrada es cromada.<\/strong><\/p>\n<p>En <strong>ducha lavavajillas \u201cecoPre\u201d<\/strong> para uso profesional en<strong> la gastronom\u00eda revoluciona el proceso de prelavado<\/strong> en grandes cocinas, estableciendo <strong>nuevas normas de sostenibilidad<\/strong> y conservaci\u00f3n de recursos.<\/p>\n<div class=\"row\"  id=\"row-1562498028\">\n\n\t<div id=\"col-527930855\" class=\"col medium-8 small-12 large-8\"  >\n\t\t\t\t<div class=\"col-inner\"  >\n\t\t\t\n\t\t\t\n<p>En un momento en que <strong>el despilfarro de agua est\u00e1 cada vez m\u00e1s en el punto de mira<\/strong> y la eficiencia es uno de los <strong>factores clave para el \u00e9xito de las empresas de hosteler\u00eda<\/strong>, la ducha lavavajillas ecoPre ofrece una soluci\u00f3n que no s\u00f3lo reduce dr\u00e1sticamente el consumo de agua, sino que tambi\u00e9n ayuda a<strong> menores costes de explotaci\u00f3n.<\/strong><\/p>\n<h3>Consumo de agua en las grandes cocinas: Un reto para la industria<\/h3>\n<blockquote><p>Las grandes cocinas de restaurantes, hoteles y cafeter\u00edas se enfrentan diariamente a grandes cargas de trabajo, siendo el proceso de prelavado de los platos un reto especialmente importante.<\/p><\/blockquote>\n<p>Inmensas cantidades de <strong>agua dulce son necesarios para eliminar los alimentos<\/strong> residuos y preparar la vajilla para el ciclo de lavado en el lavavajillas.<\/p>\n<p>En los sistemas tradicionales, <strong>el consumo de agua puede ser extraordinariamente alto,<\/strong> lo que repercute negativamente tanto en los costes de explotaci\u00f3n como en la huella medioambiental.<\/p>\n<p>Las duchas lavavajillas son uno de los aparatos m\u00e1s utilizados en una gran cocina. Muchos <strong>los modelos consumen entre 15 y 20 litros de agua por minuto<\/strong> a una presi\u00f3n de funcionamiento de 4 bar.<\/p>\n<blockquote><p>Dado que estas duchas funcionan durante varias horas al d\u00eda, el consumo de agua puede ascender a varios miles de litros al final de la jornada.<\/p><\/blockquote>\n\t\t<\/div>\n\t\t\t\t\t<\/div>\n\n\t\n\n\t<div id=\"col-1733732031\" class=\"col medium-4 small-12 large-4\"  >\n\t\t\t\t<div class=\"col-inner text-center\"  >\n\t\t\t\n\t\t\t\n<a href=\"https:\/\/ecoturbino.shop\/es\/estreno-mundial-de-la-feria-fafga-de-innsbruck\/\" class=\"button secondary\" style=\"border-radius:9px;\">\n\t\t<span>Informe Estreno feria ecoPre FAFGA<\/span>\n\t<\/a>\n\n\t<div class=\"img has-hover x md-x lg-x y md-y lg-y\" id=\"image_982303917\">\n\t\t<a class=\"image-lightbox lightbox-gallery\" title=\"\" href=\"https:\/\/ecoturbino.shop\/wp-content\/uploads\/2024\/09\/Screenshot_1.jpg\">\t\t\t\t\t\t<div class=\"img-inner dark\" >\n\t\t\t<img decoding=\"async\" width=\"846\" height=\"302\" src=\"https:\/\/ecoturbino.shop\/wp-content\/uploads\/2024\/09\/Screenshot_1.jpg\" class=\"attachment-original size-original\" alt=\"ducha lavavajillas ecoPre | ecoturbino\" srcset=\"https:\/\/ecoturbino.shop\/wp-content\/uploads\/2024\/09\/Screenshot_1.jpg 846w, https:\/\/ecoturbino.shop\/wp-content\/uploads\/2024\/09\/Screenshot_1-470x168.jpg 470w, https:\/\/ecoturbino.shop\/wp-content\/uploads\/2024\/09\/Screenshot_1-635x227.jpg 635w, https:\/\/ecoturbino.shop\/wp-content\/uploads\/2024\/09\/Screenshot_1-800x286.jpg 800w\" sizes=\"(max-width: 846px) 100vw, 846px\" \/>\t\t\t\t\t\t\n\t\t\t\t\t<\/div>\n\t\t\t\t\t\t<\/a>\t\t\n<style>\n#image_982303917 {\n  width: 100%;\n}\n<\/style>\n\t<\/div>\n\t\n<div class=\"is-divider divider clearfix\" ><\/div>\n\t<div class=\"img has-hover x md-x lg-x y md-y lg-y\" id=\"image_1991058581\">\n\t\t<a class=\"image-lightbox lightbox-gallery\" title=\"\" href=\"https:\/\/ecoturbino.shop\/wp-content\/uploads\/2024\/09\/FAFGA2024.webp\">\t\t\t\t\t\t<div class=\"img-inner dark\" >\n\t\t\t<img decoding=\"async\" width=\"1200\" height=\"750\" src=\"https:\/\/ecoturbino.shop\/wp-content\/uploads\/2024\/09\/FAFGA2024.webp\" class=\"attachment-original size-original\" alt=\"Feria FAFGA 2024 Innsbruck\" srcset=\"https:\/\/ecoturbino.shop\/wp-content\/uploads\/2024\/09\/FAFGA2024.webp 1200w, https:\/\/ecoturbino.shop\/wp-content\/uploads\/2024\/09\/FAFGA2024-470x294.webp 470w, https:\/\/ecoturbino.shop\/wp-content\/uploads\/2024\/09\/FAFGA2024-635x397.webp 635w, https:\/\/ecoturbino.shop\/wp-content\/uploads\/2024\/09\/FAFGA2024-800x500.webp 800w\" sizes=\"(max-width: 1200px) 100vw, 1200px\" \/>\t\t\t\t\t\t\n\t\t\t\t\t<\/div>\n\t\t\t\t\t\t<\/a>\t\t\n<style>\n#image_1991058581 {\n  width: 100%;\n}\n<\/style>\n\t<\/div>\n\t\n\t\t<\/div>\n\t\t\t\t\t<\/div>\n\n\t\n<\/div>\n<p>Esto no s\u00f3lo conlleva un consumo extremadamente elevado de agua dulce, sino que tambi\u00e9n a\u00f1ade costes adicionales, ya que las aguas residuales deben ser tratadas y eliminadas, lo que puede suponer un uso intensivo de recursos.<\/p>\n<h3>La innovaci\u00f3n: la ducha lavavajillas ecoPre con tecnolog\u00eda ecoturbino<\/h3>\n<p>En <strong>ducha lavavajillas ecoPre<\/strong> aborda esta cuesti\u00f3n introduciendo un<strong> soluci\u00f3n revolucionaria equipada con tecnolog\u00eda ecoturbino\u00ae.<\/strong><\/p>\n<p>Gracias a esta innovadora tecnolog\u00eda, el consumo de agua a 4 bares de presi\u00f3n se reduce a s\u00f3lo 7-8 litros por minuto, m\u00e1s de 50% menos que los modelos convencionales.<\/p>\n<blockquote><p>Esta reducci\u00f3n representa un avance significativo para las grandes cocinas que buscan tanto recortar costes como reducir su huella medioambiental.<\/p><\/blockquote>\n<p>La tecnolog\u00eda ecoturbino\u00ae funciona seg\u00fan un principio de optimizaci\u00f3n del caudal, garantizando que el flujo de agua est\u00e9 dise\u00f1ado para mantener la presi\u00f3n de aclarado y el rendimiento de la limpieza.<\/p>\n<p>Esto significa que <strong>a pesar del menor consumo de agua, la eficacia del prelavado no se ve comprometida.<\/strong> En <strong>la fuerza de la ducha sigue siendo lo suficientemente fuerte<\/strong> para eliminar sin esfuerzo incluso los restos de comida m\u00e1s resistentes, optimizando todo el proceso de prelavado y reduciendo la carga de trabajo del personal de cocina.<\/p>\n<h3>La sostenibilidad en el punto de mira: Conservaci\u00f3n y protecci\u00f3n del medio ambiente<\/h3>\n<p>A medida que la protecci\u00f3n del medio ambiente se convierte en un tema cada vez m\u00e1s importante en la sociedad y la pol\u00edtica, es crucial que el sector de la hosteler\u00eda tambi\u00e9n contribuya a reducir el consumo de recursos.<\/p>\n<p>La ducha lavavajillas ecoPre cumple plenamente este requisito. Por <strong>reduciendo dr\u00e1sticamente el consumo de agua,<\/strong> valioso <strong>conservaci\u00f3n de los recursos naturales,<\/strong> y se reduce significativamente la presi\u00f3n sobre los sistemas de aguas residuales.<\/p>\n<p>Adem\u00e1s del ahorro de agua, el <strong>La ducha lavavajillas ecoPre tambi\u00e9n ayuda a reducir el consumo de energ\u00eda.<\/strong> Un menor consumo de agua significa que se necesita menos energ\u00eda para calentarla, lo que puede tener un impacto significativo en la reducci\u00f3n de los costes energ\u00e9ticos, especialmente en las cocinas grandes de alta demanda.<\/p>\n<p>Esta es otra ventaja para las empresas que buscan minimizar los costes operativos al tiempo que operan de forma sostenible.<\/p>\n<h3>Moderno y eficiente: Reducci\u00f3n de los costes de explotaci\u00f3n<\/h3>\n<a href=\"https:\/\/ecoturbino.shop\/es\/calculadora-de-ahorro-de-agua\/\" target=\"_blank\" class=\"button secondary\" rel=\"noopener\" style=\"border-radius:6px;\">\n\t\t<span>Calculadora general de ahorro para empresas<\/span>\n\t<\/a>\n\n<a href=\"https:\/\/ecoturbino.shop\/es\/presentacion-del-sistema-hotelero\/\" target=\"_blank\" class=\"button success\" rel=\"noopener\" style=\"border-radius:6px;\">\n\t\t<span>Presentaciones de sistemas para hoteles<\/span>\n\t<\/a>\n\n<p>Para <strong>Restauradores y operadores de grandes cocinas<\/strong>, Reducir los costes operativos es la clave. La ducha lavavajillas ecoPre ofrece la oportunidad de <strong>conseguir importantes ahorros de costes<\/strong> gracias a la reducci\u00f3n del consumo de agua y el consiguiente ahorro de energ\u00eda.<\/p>\n<blockquote><p>A lo largo de un a\u00f1o, este ahorro puede ascender a varios miles de euros en un establecimiento grande.<\/p><\/blockquote>\n<p>Otro factor de coste que reduce ecoPre es el mantenimiento y conservaci\u00f3n de los sistemas de tratamiento del agua. El menor caudal de agua reduce el desgaste de tuber\u00edas y filtros, alargando la vida \u00fatil de estos sistemas y minimizando los costes de mantenimiento.<\/p>\n<h3>Comodidad y facilidad de uso<\/h3>\n<p>M\u00e1s all\u00e1 de las ventajas t\u00e9cnicas y medioambientales, la ducha lavavajillas ecoPre pone gran \u00e9nfasis en la facilidad de uso. En el vertiginoso entorno de una gran cocina, es crucial que todos los dispositivos funcionen de forma intuitiva y fiable.<\/p>\n<p>La ducha ecoPre ha sido dise\u00f1ada para facilitar su uso y puede integrarse perfectamente en los sistemas de enjuague existentes. Su mango ergon\u00f3mico y su suave sistema de v\u00e1lvulas garantizan un manejo c\u00f3modo, incluso durante un uso prolongado. Adem\u00e1s, la ducha es extremadamente duradera y est\u00e1 fabricada para soportar las exigencias del uso diario en entornos dif\u00edciles.<\/p>\n<h3>Contribuci\u00f3n a la certificaci\u00f3n de sostenibilidad<\/h3>\n<p>M\u00e1s y <strong>cada vez m\u00e1s empresas hosteleras se centran en la sostenibilidad y aspiran a obtener certificaciones medioambientales<\/strong>, como la Llave Verde o el \u00c1ngel Azul. El uso de la ducha lavavajillas ecoPre puede contribuir significativamente a la obtenci\u00f3n de estas certificaciones.<\/p>\n<blockquote><p>Al reducir de forma demostrable el consumo de agua y energ\u00eda, se mejora la huella ecol\u00f3gica, lo que no s\u00f3lo contribuye a la certificaci\u00f3n, sino que tambi\u00e9n mejora la imagen positiva de la empresa.<\/p><\/blockquote>\n<p>Hu\u00e9spedes y clientes valoran cada vez m\u00e1s las empresas que gestionan los recursos de forma responsable y participan activamente en la protecci\u00f3n del medio ambiente.<\/p>\n<h3>Conclusi\u00f3n: ecoPre - El futuro de la tecnolog\u00eda de prelavado en las grandes cocinas<\/h3>\n<p>En <strong>La ducha lavavajillas ecoPre es una innovaci\u00f3n revolucionaria para las grandes cocinas de la hosteler\u00eda.<\/strong> Con su tecnolog\u00eda ecoturbino\u00ae integrada, el consumo de agua se reduce a m\u00e1s de la mitad sin comprometer el rendimiento de la limpieza.<\/p>\n<p>Esto no s\u00f3lo supone una reducci\u00f3n sustancial de los costes de funcionamiento, sino que tambi\u00e9n fomenta el uso sostenible de recursos valiosos.<\/p>\n<p>Para los restauradores que buscan soluciones modernas para mejorar su huella medioambiental y reducir los costes operativos, la ducha lavavajillas ecoPre ofrece la soluci\u00f3n perfecta. Combina tecnolog\u00eda punta con facilidad de uso y durabilidad, satisfaciendo las demandas de pr\u00e1cticas de trabajo sostenibles y orientadas al futuro en las cocinas profesionales.<\/p>\n<div class=\"text-center\"><div class=\"is-divider divider clearfix\" style=\"margin-top:2em;margin-bottom:2em;max-width:100%;height:1px;\"><\/div><\/div>\n<div class=\"row\"  id=\"row-1692938428\">\n\n\t<div id=\"col-819331071\" class=\"col medium-9 small-12 large-9\"  >\n\t\t\t\t<div class=\"col-inner\"  >\n\t\t\t\n\t\t\t\n<h3>Por qu\u00e9 es perfecto el adaptador economizador de agua ecoturbino\u00ae ecoPre* plata<\/h3>\n<p>Ahorrar agua, y sobre todo agua caliente, hoy en d\u00eda significa sobre todo una cosa: \u00a1ahorrar mucho dinero!<\/p>\n<p><strong>Agua<\/strong> ya est\u00e1 <strong>caro<\/strong> debido a la <strong>coste de las aguas residuales<\/strong> y probablemente ser\u00e1 a\u00fan <strong>m\u00e1s caro en el futuro.<\/strong> La situaci\u00f3n es a\u00fan peor para <strong>agua caliente<\/strong>. Esto se ha encarecido a\u00fan m\u00e1s debido a la creciente <a href=\"https:\/\/en.wikipedia.org\/wiki\/Cost_of_electricity_by_source\" target=\"_blank\" rel=\"noopener sponsored\">energ\u00eda<\/a> costes de<strong> electricidad, gas y petr\u00f3leo.<\/strong><\/p>\n<p>As\u00ed pues, las soluciones innovadoras con un <strong>reducci\u00f3n del consumo de agua<\/strong> ofrecer siempre un <strong>buen potencial de ahorro<\/strong> lo que se nota inmediatamente en los costes.<\/p>\n<p>Y aqu\u00ed es donde el ecoturbino los productos originales entran en juego.<br \/>\n<span style=\"font-size: 80%;\">*Garant\u00eda de funcionamiento del adaptador ecoturbino<\/span><\/p>\n\t\t<\/div>\n\t\t\t\t\t<\/div>\n\n\t\n\n\t<div id=\"col-1115583100\" class=\"col medium-3 small-12 large-3\"  data-animate=\"flipInY\">\n\t\t\t\t<div class=\"col-inner\"  >\n\t\t\t\n\t\t\t\n\t<div id=\"ux-lottie-699871673\" class=\"ux-lottie\">\n\t\t\t\t<lottie-player class=\"ux-lottie__player\" data-params=\"{&quot;src&quot;:&quot;https:\\\/\\\/ecoturbino.shop\\\/wp-content\\\/uploads\\\/2023\\\/09\\\/ecoturbino-10-jahre-functional-guarantee.json&quot;,&quot;loop&quot;:true,&quot;autoplay&quot;:true,&quot;controls&quot;:false,&quot;speed&quot;:&quot;0.5&quot;,&quot;direction&quot;:1,&quot;trigger&quot;:&quot;&quot;,&quot;mouseout&quot;:&quot;&quot;,&quot;start&quot;:0,&quot;end&quot;:100,&quot;scrollActionType&quot;:&quot;seek&quot;,&quot;visibilityStart&quot;:0,&quot;visibilityEnd&quot;:100,&quot;id&quot;:&quot;ux-lottie-699871673&quot;}\"><\/lottie-player>\n\t\t\t\t\n<style>\n#ux-lottie-699871673 {\n  width: 100%;\n  height: 300px;\n}\n<\/style>\n\t<\/div>\n\t\n\t<div class=\"img has-hover x md-x lg-x y md-y lg-y\" id=\"image_1570405592\">\n\t\t\t\t\t\t\t\t<div class=\"img-inner dark\" >\n\t\t\t<img decoding=\"async\" width=\"1020\" height=\"221\" src=\"https:\/\/ecoturbino.shop\/wp-content\/uploads\/2023\/08\/LOGO-ecoturbino-RGB.svg\" class=\"attachment-large size-large\" alt=\"Logotipo ecoturbino\" \/>\t\t\t\t\t\t\n\t\t\t\t\t<\/div>\n\t\t\t\t\t\t\t\t\n<style>\n#image_1570405592 {\n  width: 100%;\n}\n<\/style>\n\t<\/div>\n\t\n\t\t<\/div>\n\t\t\t\t\t<\/div>\n\n\t\n\n<style>\n#row-1692938428 > .col > .col-inner {\n  padding: 0px 0px 30px 0px;\n}\n<\/style>\n<\/div>\n\t<div id=\"gap-958680373\" class=\"gap-element clearfix\" style=\"display:block; height:auto;\">\n\t\t\n<style>\n#gap-958680373 {\n  padding-top: 15px;\n}\n<\/style>\n\t<\/div>\n\t\n<div class=\"is-divider divider clearfix\" style=\"margin-top:2em;margin-bottom:2em;max-width:100%;height:1px;\"><\/div>\n\t<div id=\"text-490821207\" class=\"text\">\n\t\t\n<h3 class=\"uppercase\"><span style=\"font-size: 120%;\"><span style=\"font-size: 130%;\">ECOTURBINO\u00ae Y SOSTENIBILIDAD DEL CONSUMO DE AGUA<br \/>\n<\/span><\/span>hechos, explicados sucintamente<\/h3>\n\t\t\n<style>\n#text-490821207 {\n  font-size: 1.5rem;\n  text-align: center;\n}\n@media (min-width:550px) {\n  #text-490821207 {\n    font-size: 2rem;\n  }\n}\n<\/style>\n\t<\/div>\n\t\n\t<div id=\"gap-119083252\" class=\"gap-element clearfix\" style=\"display:block; height:auto;\">\n\t\t\n<style>\n#gap-119083252 {\n  padding-top: 30px;\n}\n<\/style>\n\t<\/div>\n\t\n<div class=\"row\"  id=\"row-1198525516\">\n\n\t<div id=\"col-1880805354\" class=\"col medium-4 small-12 large-4\"  >\n\t\t\t\t<div class=\"col-inner text-center\"  >\n\t\t\t\n\t\t\t\n\t<div id=\"ux-lottie-1832970153\" class=\"ux-lottie\">\n\t\t\t\t<lottie-player class=\"ux-lottie__player\" data-params=\"{&quot;src&quot;:&quot;https:\\\/\\\/ecoturbino.shop\\\/wp-content\\\/uploads\\\/2023\\\/08\\\/logo-ecoturbino-lottie.json&quot;,&quot;loop&quot;:true,&quot;autoplay&quot;:true,&quot;controls&quot;:false,&quot;speed&quot;:&quot;0.5&quot;,&quot;direction&quot;:1,&quot;trigger&quot;:&quot;&quot;,&quot;mouseout&quot;:&quot;&quot;,&quot;start&quot;:0,&quot;end&quot;:100,&quot;scrollActionType&quot;:&quot;seek&quot;,&quot;visibilityStart&quot;:0,&quot;visibilityEnd&quot;:100,&quot;id&quot;:&quot;ux-lottie-1832970153&quot;}\"><\/lottie-player>\n\t\t\t\t\n<style>\n#ux-lottie-1832970153 {\n  width: 100%;\n  height: 100px;\n}\n@media (min-width:550px) {\n  #ux-lottie-1832970153 {\n    height: 200px;\n  }\n}\n<\/style>\n\t<\/div>\n\t\n<div class=\"row align-middle\"  id=\"row-1415015791\">\n\n\t<div id=\"col-436930023\" class=\"col medium-8 small-12 large-8\"  >\n\t\t\t\t<div class=\"col-inner text-center\"  >\n\t\t\t\n\t\t\t\n\t<div class=\"img has-hover x md-x lg-x y md-y lg-y\" id=\"image_66551267\">\n\t\t\t\t\t\t\t\t<div class=\"img-inner dark\" >\n\t\t\t<img decoding=\"async\" width=\"1020\" height=\"1020\" src=\"https:\/\/ecoturbino.shop\/wp-content\/uploads\/2023\/08\/tuev-austria.svg\" class=\"attachment-large size-large\" alt=\"T\u00dcV Austria\" \/>\t\t\t\t\t\t\n\t\t\t\t\t<\/div>\n\t\t\t\t\t\t\t\t\n<style>\n#image_66551267 {\n  width: 75%;\n}\n<\/style>\n\t<\/div>\n\t\n\t\t<\/div>\n\t\t\t\t\t<\/div>\n\n\t\n<\/div>\n\t\t<\/div>\n\t\t\t\t\t<\/div>\n\n\t\n\n\t<div id=\"col-1078819281\" class=\"col medium-8 small-12 large-8\"  >\n\t\t\t\t<div class=\"col-inner dark\" style=\"background-color:rgb(85, 85, 85);\" >\n\t\t\t\n\t\t\t\n<p><strong>FABRICADO EN ALEMANIA Y AUSTRIA<\/strong><br \/>\nEl ecoturbino 100% se fabrica en Alemania y Austria cumpliendo las tolerancias m\u00e1s estrictas.<\/p>\n<p><strong>LA VERDAD SOBRE EL ECOTURBINO CONFIRMADA POR T\u00dcV<\/strong><br \/>\nEl ecoturbino\u00ae original ha sido certificado por expertos independientes y T\u00dcV AUSTRIA y galardonado con la etiqueta ecol\u00f3gica austriaca y el Energy Globe Upper Austria.<\/p>\n<p><strong>ACTOS PURAMENTE F\u00cdSICOS<br \/>\nLas altas velocidades del agua se acumulan en la \u201cturbina\u201d<\/strong> y como resultado <strong>el aire se mezcla con el flujo de agua<\/strong>. La manguera de la ducha no debe tener m\u00e1s de 2 m de longitud. Una manguera demasiado larga permitir\u00e1 que el aire vuelva a escapar del caudal de agua.<\/p>\n<p><strong>MONTAJE F\u00c1CIL Y R\u00c1PIDO<br \/>\n<\/strong>Basta con sustituir la manguera de ducha de prelavado existente por la ducha de lavavajillas \u201cecoPre\u201d Done.<\/p>\n\t\t<\/div>\n\t\t\t\t\n<style>\n#col-1078819281 > .col-inner {\n  padding: 15px 15px 10px 20px;\n  border-radius: 10px;\n}\n<\/style>\n\t<\/div>\n\n\t\n<\/div>\n\t<div id=\"gap-1591960364\" class=\"gap-element clearfix\" style=\"display:block; height:auto;\">\n\t\t\n<style>\n#gap-1591960364 {\n  padding-top: 30px;\n}\n<\/style>\n\t<\/div>","protected":false},"excerpt":{"rendered":"<p>A partir de ahora, \u00a1aproximadamente la mitad de consumo de agua durante el prelavado!<\/p>\n<p><strong>Condiciones de funcionamiento: \u00a14 bar \u00f3ptimo + conexi\u00f3n roscada de 1\/2 pulgada!<\/strong><\/p>\n<p>Primera presentaci\u00f3n en el<strong> <a href=\"https:\/\/ecoturbino.shop\/es\/estreno-mundial-de-la-feria-fafga-de-innsbruck\/\">Feria FAFGA 2024.<\/a><\/strong><\/p>\n<p>El ecoturbino\u00ae ha sido certificado por expertos independientes y <a href=\"https:\/\/ecoturbino.shop\/wp-content\/uploads\/2024\/01\/EEffG_Expertise-TUEV_en-komp.pdf\" target=\"_blank\" rel=\"noopener\">T\u00dcV AUSTRIA<\/a> y galardonada con la etiqueta ecol\u00f3gica austriaca y el Energy Globe Upper Austria.<\/p>\n<div class=\"is-divider divider clearfix\" style=\"max-width:small;\"><\/div>\n<p><span style=\"font-size: 90%;\">Plazo de entrega: aprox. 4 semanas.<\/span><\/p>","protected":false},"featured_media":50571,"comment_status":"open","ping_status":"closed","template":"","meta":{"inline_featured_image":false,"footnotes":""},"product_brand":[],"product_cat":[3125,3124],"product_tag":[3211,3082,3210,3213,3212],"class_list":{"0":"post-50551","1":"product","2":"type-product","3":"status-publish","4":"has-post-thumbnail","6":"product_cat-accessories","7":"product_cat-complete-sets","8":"product_tag-dishwasher-shower","9":"product_tag-ecoturbino","10":"product_tag-gastronomy","11":"product_tag-kitchen","12":"product_tag-pre-rinse-shower","13":"product_shipping_class-parcel","14":"pa_brand-ecoturbino","16":"first","17":"outofstock","18":"taxable","19":"shipping-taxable","20":"purchasable","21":"product-type-simple"},"bundled_by":[],"bundle_stock_status":"outofstock","bundle_stock_quantity":null,"bundle_virtual":false,"bundle_layout":"","bundle_add_to_cart_form_location":"","bundle_editable_in_cart":false,"bundle_sold_individually_context":"","bundle_item_grouping":"","bundle_min_size":"","bundle_max_size":"","bundle_price":[],"bundled_items":[],"bundle_sell_ids":[],"_links":{"self":[{"href":"https:\/\/ecoturbino.shop\/es\/wp-json\/wp\/v2\/product\/50551","targetHints":{"allow":["GET"]}}],"collection":[{"href":"https:\/\/ecoturbino.shop\/es\/wp-json\/wp\/v2\/product"}],"about":[{"href":"https:\/\/ecoturbino.shop\/es\/wp-json\/wp\/v2\/types\/product"}],"replies":[{"embeddable":true,"href":"https:\/\/ecoturbino.shop\/es\/wp-json\/wp\/v2\/comments?post=50551"}],"version-history":[{"count":0,"href":"https:\/\/ecoturbino.shop\/es\/wp-json\/wp\/v2\/product\/50551\/revisions"}],"wp:featuredmedia":[{"embeddable":true,"href":"https:\/\/ecoturbino.shop\/es\/wp-json\/wp\/v2\/media\/50571"}],"wp:attachment":[{"href":"https:\/\/ecoturbino.shop\/es\/wp-json\/wp\/v2\/media?parent=50551"}],"wp:term":[{"taxonomy":"product_brand","embeddable":true,"href":"https:\/\/ecoturbino.shop\/es\/wp-json\/wp\/v2\/product_brand?post=50551"},{"taxonomy":"product_cat","embeddable":true,"href":"https:\/\/ecoturbino.shop\/es\/wp-json\/wp\/v2\/product_cat?post=50551"},{"taxonomy":"product_tag","embeddable":true,"href":"https:\/\/ecoturbino.shop\/es\/wp-json\/wp\/v2\/product_tag?post=50551"}],"curies":[{"name":"wp","href":"https:\/\/api.w.org\/{rel}","templated":true}]}}