{"id":11170,"date":"2016-02-05T21:31:25","date_gmt":"2016-02-05T20:31:25","guid":{"rendered":"http:\/\/shop.pronatur24.eu\/?page_id=11170"},"modified":"2025-06-25T00:02:38","modified_gmt":"2025-06-24T22:02:38","slug":"clients-suisse-liechtenstein","status":"publish","type":"page","link":"https:\/\/ecoturbino.shop\/fr\/customers-switzerland-liechtenstein\/","title":{"rendered":"Informations pour les clients de Suisse et du Liechtenstein"},"content":{"rendered":"<div class=\"banner has-hover\" id=\"banner-339384265\">\n          <div class=\"banner-inner fill\">\n        <div class=\"banner-bg fill\" >\n            <img decoding=\"async\" width=\"2000\" height=\"230\" src=\"https:\/\/ecoturbino.shop\/wp-content\/uploads\/2023\/08\/schweiz-liechtenstein-webdeals_2000.webp\" class=\"bg attachment-original size-original\" alt=\"T\u00eate de la Suisse\" \/>                        <div class=\"overlay\"><\/div>            \n                    <\/div>\n\t\t\n        <div class=\"banner-layers container\">\n            <div class=\"fill banner-link\"><\/div>            \n   <div id=\"text-box-1622943988\" class=\"text-box banner-layer x50 md-x50 lg-x50 y50 md-y50 lg-y50 res-text\">\n                                <div class=\"text-box-content text dark\">\n              \n              <div class=\"text-inner text-center\">\n                  \n<h1>SUISSE \/LI + PAYS TIERS<\/h1>\n              <\/div>\n           <\/div>\n                            \n<style>\n#text-box-1622943988 {\n  width: 97%;\n}\n#text-box-1622943988 .text-box-content {\n  font-size: 100%;\n}\n@media (min-width:550px) {\n  #text-box-1622943988 {\n    width: 80%;\n  }\n}\n@media (min-width:850px) {\n  #text-box-1622943988 {\n    width: 83%;\n  }\n}\n<\/style>\n    <\/div>\n \n        <\/div>\n      <\/div>\n\n            \n<style>\n#banner-339384265 {\n  padding-top: 110px;\n}\n#banner-339384265 .overlay {\n  background-color: rgba(0,0,0,.5);\n}\n@media (min-width:550px) {\n  #banner-339384265 {\n    padding-top: 170px;\n  }\n}\n@media (min-width:850px) {\n  #banner-339384265 {\n    padding-top: 190px;\n  }\n}\n<\/style>\n  <\/div>\n\n\n<div class=\"row\"  id=\"row-372545833\">\n\n\t<div id=\"col-1781591893\" class=\"col medium-8 small-12 large-8\"  >\n\t\t\t\t<div class=\"col-inner\"  >\n\t\t\t\n\t\t\t\n<h2 class=\"headlinefocus\">Nous livrons directement en Suisse, au Liechtenstein et dans les pays tiers (\u00c9tats voisins de l'UE). Suivez les autres pays !<\/h2>\n<p>Sur cette page, nous soulignons sp\u00e9cifiquement la possibilit\u00e9 de passer une commande \u00e0 partir de la Suisse et du Liechtenstein. <strong> Les \u00e9l\u00e9ments suivants sont consid\u00e9r\u00e9s comme des contenus destin\u00e9s \u00e0 l'exportation vers des pays tiers en dehors de l'UE. <\/strong><\/p>\n<ul>\n<li>Si vous habitez en Suisse \/ au Liechtenstein et que vous souhaitez vous faire livrer directement en Suisse \/ au Liechtenstein, vous pouvez l'acheter imm\u00e9diatement sans payer de taxe sur le chiffre d'affaires.<\/li>\n<li>Nous envoyons votre commande par la poste autrichienne. La taxe suisse \u00e0 l'importation ainsi que certains frais de paiement ou de traitement sont calcul\u00e9s par la poste suisse lors de la livraison du colis.<\/li>\n<li>Nous exp\u00e9dions des colis assur\u00e9s jusqu'\u00e0 une valeur de 100 \u20ac. Vous d\u00e9cidez vous-m\u00eame de l'extension du montant de l'assurance jusqu'\u00e0 un maximum de 510 \u20ac en tant qu'envoi de colis premium avec un temps d'ex\u00e9cution plus rapide. Veuillez noter que la somme assur\u00e9e repr\u00e9sente le montant maximum des dommages pour la perte du colis.<\/li>\n<li>Les commandes \u00e0 partir d'un poids de 20 kg sont relativement ch\u00e8res \u00e0 l'exp\u00e9dition. \u00c0 partir d'un poids de 30 kg, une commande directe dans le magasin n'est plus possible. En cas de commande plus importante, nous vous conseillons de nous contacter directement afin de convenir d'un mode d'exp\u00e9dition raisonnablement int\u00e9ressant. Ceci est particuli\u00e8rement vrai pour les produits de poids \u00e9lev\u00e9 tels que les peintures pour \u00e9crans ou les papiers peints pour \u00e9crans.<\/li>\n<\/ul>\n\t\t<\/div>\n\t\t\t\t\t<\/div>\n\n\t\n\n\t<div id=\"col-1015738596\" class=\"col medium-4 small-12 large-4\"  >\n\t\t\t\t<div class=\"col-inner text-center\"  >\n\t\t\t\n\t\t\t\n\t<div id=\"ux-lottie-3540547057\" class=\"ux-lottie\">\n\t\t\t\t<lottie-player class=\"ux-lottie__player\" data-params=\"{&quot;src&quot;:&quot;https:\\\/\\\/ecoturbino.shop\\\/wp-content\\\/uploads\\\/2023\\\/08\\\/swiss-flag-move.json&quot;,&quot;loop&quot;:true,&quot;autoplay&quot;:true,&quot;controls&quot;:false,&quot;speed&quot;:&quot;1&quot;,&quot;direction&quot;:1,&quot;trigger&quot;:&quot;&quot;,&quot;mouseout&quot;:&quot;&quot;,&quot;start&quot;:0,&quot;end&quot;:100,&quot;scrollActionType&quot;:&quot;seek&quot;,&quot;visibilityStart&quot;:0,&quot;visibilityEnd&quot;:100,&quot;id&quot;:&quot;ux-lottie-3540547057&quot;}\"><\/lottie-player>\n\t\t\t\t\n<style>\n#ux-lottie-3540547057 {\n  width: 100%;\n  height: 300px;\n}\n<\/style>\n\t<\/div>\n\t\n\t\t<\/div>\n\t\t\t\t\t<\/div>\n\n\t\n\n\t<div id=\"col-2038402175\" class=\"col small-12 large-12\"  >\n\t\t\t\t<div class=\"col-inner\"  >\n\t\t\t\n\t\t\t\n<a href=\"https:\/\/en.ecoturbino.shop\/shippingcosts\/\" class=\"button primary is-larger expand\" style=\"border-radius:10px;\">\n\t\t<span>Frais d'exp\u00e9dition pour la Suisse, le Liechtenstein et les PAYS TIERS<\/span>\n\t<\/a>\n\n\t<div id=\"gap-215966647\" class=\"gap-element clearfix\" style=\"display:block; height:auto;\">\n\t\t\n<style>\n#gap-215966647 {\n  padding-top: 15px;\n}\n<\/style>\n\t<\/div>\n\t\n<div class=\"is-divider divider clearfix\" style=\"max-width:100%;height:1px;\"><\/div>\n<h3><strong> <span style=\"font-size: 120%;\"> PARCEL SERVICE, l'alternative \u00e0 l'exp\u00e9dition directe vers la Suisse et le Liechtenstein<br \/>\n<\/span> <\/strong><\/h3>\n<p>L'alternative \u00e0 l'envoi direct hors taxe est la livraison \u00e0 une adresse dans l'UE proche de la fronti\u00e8re suisse, en important les marchandises soi-m\u00eame ou en utilisant un service de colis. Le principal avantage de cette solution r\u00e9side dans l'assurance compl\u00e8te du colis jusqu'\u00e0 sa remise \u00e0 l'adresse de livraison, au sein de l'UE, et dans la possibilit\u00e9 de r\u00e9duire les frais d'exp\u00e9dition.<\/p>\n<h3>Utilisation d'un service de colis dans la zone frontali\u00e8re<\/h3>\n<p>En fonction de l'offre du service de colis, il peut \u00eatre utilis\u00e9 uniquement comme adresse de livraison avec la possibilit\u00e9 d'une importation ind\u00e9pendante ou comme service de livraison \u00e0 l'adresse nationale souhait\u00e9e.<\/p>\n<p>Si le service de colis choisi est un service de colis complet, la commande sera transport\u00e9e directement \u00e0 votre adresse en Suisse ou au Liechtenstein. Le service de colis se charge alors de toutes les formalit\u00e9s douani\u00e8res et de l'acheminement jusqu'\u00e0 votre adresse. Pour plus de d\u00e9tails, contactez directement le prestataire souhait\u00e9 ou visitez son site web.<\/p>\n<p>Nous vous pr\u00e9sentons ci-dessous trois prestataires de renom auxquels nos clients suisses ont d\u00e9j\u00e0 fait appel. M\u00eame si PROnatur24\u00ae n'\u00e9met aucune recommandation, nous avons eu l'impression, en comparant les sites Internet, que \u201cmeineinkauf.ch\u201d offrait au client le portefeuille de libre-service en ligne le plus distinctif.<\/p>\n\t<div id=\"gap-753488319\" class=\"gap-element clearfix\" style=\"display:block; height:auto;\">\n\t\t\n<style>\n#gap-753488319 {\n  padding-top: 30px;\n}\n<\/style>\n\t<\/div>\n\t\n<div class=\"row align-bottom row-divided\"  id=\"row-2101736258\">\n\n\t<div id=\"col-193437502\" class=\"col medium-4 small-12 large-4\"  >\n\t\t\t\t<div class=\"col-inner text-center\"  >\n\t\t\t\n\t\t\t\n\t<div class=\"img has-hover x md-x lg-x y md-y lg-y\" id=\"image_286578587\">\n\t\t<a class=\"\" href=\"https:\/\/meineinkauf.ch\/einkaufen\/\" target=\"_blank\" rel=\"sponsored noopener\">\t\t\t\t\t\t<div class=\"img-inner dark\" >\n\t\t\t<img decoding=\"async\" width=\"842\" height=\"264\" src=\"https:\/\/ecoturbino.shop\/wp-content\/uploads\/2023\/08\/meineinkaufch-logo.svg\" class=\"attachment-original size-original\" alt=\"Logo MeinEinkauf\" \/>\t\t\t\t\t\t\n\t\t\t\t\t<\/div>\n\t\t\t\t\t\t<\/a>\t\t\n<style>\n#image_286578587 {\n  width: 75%;\n}\n<\/style>\n\t<\/div>\n\t\n<p>MeinEinkauf GmbH<br \/>\nMaybachstra\u00dfe 19<br \/>\n78467 Konstanz<br \/>\nDEUTSCHLAND<\/p>\n<a href=\"https:\/\/meineinkauf.ch\/einkaufen\/\" target=\"_blank\" class=\"button primary\" rel=\"sponsored noopener\" style=\"border-radius:10px;\">\n\t\t<span>www.meineinkauf.ch<\/span>\n\t<\/a>\n\n\t\t<\/div>\n\t\t\t\t\t<\/div>\n\n\t\n\n\t<div id=\"col-1609764956\" class=\"col medium-4 small-12 large-4\"  >\n\t\t\t\t<div class=\"col-inner text-center\"  >\n\t\t\t\n\t\t\t\n\t<div class=\"img has-hover x md-x lg-x y md-y lg-y\" id=\"image_775502900\">\n\t\t<a class=\"\" href=\"https:\/\/swiss-paket.de\" target=\"_blank\" rel=\"sponsored noopener\">\t\t\t\t\t\t<div class=\"img-inner dark\" >\n\t\t\t<img decoding=\"async\" width=\"900\" height=\"270\" src=\"https:\/\/ecoturbino.shop\/wp-content\/uploads\/2023\/08\/swisspaket-logo.png\" class=\"attachment-original size-original\" alt=\"Logo de Swiss Paket\" srcset=\"https:\/\/ecoturbino.shop\/wp-content\/uploads\/2023\/08\/swisspaket-logo.png 900w, https:\/\/ecoturbino.shop\/wp-content\/uploads\/2023\/08\/swisspaket-logo-470x141.png 470w, https:\/\/ecoturbino.shop\/wp-content\/uploads\/2023\/08\/swisspaket-logo-635x191.png 635w, https:\/\/ecoturbino.shop\/wp-content\/uploads\/2023\/08\/swisspaket-logo-800x240.png 800w\" sizes=\"(max-width: 900px) 100vw, 900px\" \/>\t\t\t\t\t\t\n\t\t\t\t\t<\/div>\n\t\t\t\t\t\t<\/a>\t\t\n<style>\n#image_775502900 {\n  width: 75%;\n}\n<\/style>\n\t<\/div>\n\t\n<p>Swiss Paket \/ HAM OHG<br \/>\nSchn\u00f6tring 9<br \/>\n79804 Dogern<br \/>\nDEUTSCHLAND<\/p>\n<a href=\"https:\/\/swiss-paket.de\/filialen\" target=\"_blank\" class=\"button primary\" rel=\"sponsored noopener\" style=\"border-radius:10px;\">\n\t\t<span>www.swiss-paket.de<\/span>\n\t<\/a>\n\n\t\t<\/div>\n\t\t\t\t\t<\/div>\n\n\t\n\n\t<div id=\"col-75612877\" class=\"col medium-4 small-12 large-4\"  >\n\t\t\t\t<div class=\"col-inner text-center\"  >\n\t\t\t\n\t\t\t\n\t<div class=\"img has-hover x md-x lg-x y md-y lg-y\" id=\"image_1470254077\">\n\t\t<a class=\"\" href=\"https:\/\/grenzpaket.ch\" target=\"_blank\" rel=\"sponsored noopener\">\t\t\t\t\t\t<div class=\"img-inner dark\" >\n\t\t\t<img decoding=\"async\" width=\"450\" height=\"94\" src=\"https:\/\/ecoturbino.shop\/wp-content\/uploads\/2023\/08\/grenzpaket-logo.png\" class=\"attachment-original size-original\" alt=\"Logo Grenzpaket\" srcset=\"https:\/\/ecoturbino.shop\/wp-content\/uploads\/2023\/08\/grenzpaket-logo.png 450w, https:\/\/ecoturbino.shop\/wp-content\/uploads\/2023\/08\/grenzpaket-logo-304x64.png 304w\" sizes=\"(max-width: 450px) 100vw, 450px\" \/>\t\t\t\t\t\t\n\t\t\t\t\t<\/div>\n\t\t\t\t\t\t<\/a>\t\t\n<style>\n#image_1470254077 {\n  width: 75%;\n}\n<\/style>\n\t<\/div>\n\t\n<p>Grenzpaket GmbH<br \/>\nHirsacker 14<br \/>\n78244 Gottmadingen<br \/>\nDEUTSCHLAND<\/p>\n<a href=\"https:\/\/www.grenzpaket.ch\/de\/lieferadresse-deutschland-oesterreich\" target=\"_blank\" class=\"button primary\" rel=\"sponsored noopener\" style=\"border-radius:10px;\">\n\t\t<span>www.grenzpaket.ch<\/span>\n\t<\/a>\n\n\t\t<\/div>\n\t\t\t\t\t<\/div>\n\n\t\n<\/div>\n\t\t<\/div>\n\t\t\t\t\t<\/div>\n\n\t\n\n<\/div>\n<div class=\"row\"  id=\"row-1812367346\">\n\n\t<div id=\"col-1413314549\" class=\"col small-12 large-12\"  >\n\t\t\t\t<div class=\"col-inner\"  >\n\t\t\t\n\t\t\t\n<a href=\"https:\/\/en.ecoturbino.shop\/contact\/\" class=\"button secondary is-larger expand\" style=\"border-radius:10px;\">\n\t\t<span>D'autres questions sur l'exp\u00e9dition \u00e0 l'\u00e9tranger ? Utilisez notre hotline !<\/span>\n\t<\/a>\n\n<div class=\"is-divider divider clearfix\" style=\"max-width:100%;height:1px;\"><\/div>\n<p>Sous r\u00e9serve d'erreurs d'impression et de composition. Statut : 01.10.2023.<\/p>\n\t\t<\/div>\n\t\t\t\t\t<\/div>\n\n\t\n<\/div>","protected":false},"excerpt":{"rendered":"","protected":false},"author":1319,"featured_media":47649,"parent":0,"menu_order":0,"comment_status":"closed","ping_status":"closed","template":"page-blank.php","meta":{"inline_featured_image":false,"footnotes":""},"class_list":["post-11170","page","type-page","status-publish","has-post-thumbnail","hentry"],"_links":{"self":[{"href":"https:\/\/ecoturbino.shop\/fr\/wp-json\/wp\/v2\/pages\/11170","targetHints":{"allow":["GET"]}}],"collection":[{"href":"https:\/\/ecoturbino.shop\/fr\/wp-json\/wp\/v2\/pages"}],"about":[{"href":"https:\/\/ecoturbino.shop\/fr\/wp-json\/wp\/v2\/types\/page"}],"author":[{"embeddable":true,"href":"https:\/\/ecoturbino.shop\/fr\/wp-json\/wp\/v2\/users\/1319"}],"replies":[{"embeddable":true,"href":"https:\/\/ecoturbino.shop\/fr\/wp-json\/wp\/v2\/comments?post=11170"}],"version-history":[{"count":0,"href":"https:\/\/ecoturbino.shop\/fr\/wp-json\/wp\/v2\/pages\/11170\/revisions"}],"wp:featuredmedia":[{"embeddable":true,"href":"https:\/\/ecoturbino.shop\/fr\/wp-json\/wp\/v2\/media\/47649"}],"wp:attachment":[{"href":"https:\/\/ecoturbino.shop\/fr\/wp-json\/wp\/v2\/media?parent=11170"}],"curies":[{"name":"wp","href":"https:\/\/api.w.org\/{rel}","templated":true}]}}