{"id":22194,"date":"2018-04-14T12:33:22","date_gmt":"2018-04-14T10:33:22","guid":{"rendered":"https:\/\/pronatur24.shop\/?page_id=22194"},"modified":"2025-08-15T11:36:30","modified_gmt":"2025-08-15T09:36:30","slug":"bulletin-dinformation-2","status":"publish","type":"page","link":"https:\/\/ecoturbino.shop\/fr\/newsletter\/","title":{"rendered":"Bulletin d'information : S'inscrire"},"content":{"rendered":"<div class=\"banner has-hover\" id=\"banner-1418321077\">\n          <div class=\"banner-inner fill\">\n        <div class=\"banner-bg fill\" >\n            <img decoding=\"async\" width=\"2000\" height=\"230\" src=\"https:\/\/ecoturbino.shop\/wp-content\/uploads\/2023\/08\/tastatur-webdeals-2000.webp\" class=\"bg attachment-original size-original\" alt=\"Clavier d&#039;en-t\u00eate\" \/>                        <div class=\"overlay\"><\/div>            \n                    <\/div>\n\t\t\n        <div class=\"banner-layers container\">\n            <div class=\"fill banner-link\"><\/div>            \n   <div id=\"text-box-982547202\" class=\"text-box banner-layer x50 md-x50 lg-x50 y50 md-y50 lg-y50 res-text\">\n                                <div class=\"text-box-content text dark\">\n              \n              <div class=\"text-inner text-center\">\n                  \n<h1>LETTRE D'INFORMATION<\/h1>\n              <\/div>\n           <\/div>\n                            \n<style>\n#text-box-982547202 {\n  width: 73%;\n}\n#text-box-982547202 .text-box-content {\n  font-size: 100%;\n}\n@media (min-width:550px) {\n  #text-box-982547202 {\n    width: 45%;\n  }\n}\n@media (min-width:850px) {\n  #text-box-982547202 {\n    width: 31%;\n  }\n}\n<\/style>\n    <\/div>\n \n        <\/div>\n      <\/div>\n\n            \n<style>\n#banner-1418321077 {\n  padding-top: 110px;\n}\n#banner-1418321077 .overlay {\n  background-color: rgba(0,0,0,.5);\n}\n@media (min-width:550px) {\n  #banner-1418321077 {\n    padding-top: 170px;\n  }\n}\n@media (min-width:850px) {\n  #banner-1418321077 {\n    padding-top: 190px;\n  }\n}\n<\/style>\n  <\/div>\n\n\n<div class=\"row\"  id=\"row-1258840200\">\n\n\t<div id=\"col-1311835132\" class=\"col medium-9 small-12 large-9\"  >\n\t\t\t\t<div class=\"col-inner\"  >\n\t\t\t\n\t\t\t\n<h2 class=\"headlinefocus\">Inscription \u00e0 la lettre d'information ecoturbino<\/h2>\n<p>La lettre d'information ecoturbino\u00ae traite de sujets li\u00e9s \u00e0 la durabilit\u00e9 dans le domaine de l'eau. Nous \u00e9largissons ainsi notre service de conseil personnalis\u00e9 en y ajoutant des informations actualis\u00e9es. Nous vous informons \u00e9galement sur les nouveaux produits \u00e9conomiseurs d'eau qui viennent d'arriver dans le magasin.<\/p>\n\t<div id=\"text-2870607133\" class=\"text show-for-small\">\n\t\t\n\n\t\t\t\t<script src=\"https:\/\/challenges.cloudflare.com\/turnstile\/v0\/api.js\"><\/script>\n\n\t\t\t\n\t\t\t<form id=\"sib_signup_form_1\" method=\"post\" class=\"sib_signup_form\" action=\"\">\n\t\t\t\t<div class=\"sib_loader\" style=\"display:none;\"><img\n\t\t\t\t\t\t\tsrc=\"https:\/\/ecoturbino.shop\/wp-includes\/images\/spinner.gif\" alt=\"chargeur\"><\/div>\n\t\t\t\t<input type=\"hidden\" name=\"sib_form_action\" value=\"subscribe_form_submit\">\n\t\t\t\t<input type=\"hidden\" name=\"sib_form_id\" value=\"1\">\n                <input type=\"hidden\" name=\"sib_form_alert_notice\" value=\"Required Field\">\n                <input type=\"hidden\" name=\"sib_form_invalid_email_notice\" value=\"The given e-mail address is invalid.\">\n                <input type=\"hidden\" name=\"sib_security\" value=\"529eafcba8\">\n\t\t\t\t<div class=\"sib_signup_box_inside_1\">\n\t\t\t\t\t<div style=\"\/*display:none*\/\" class=\"sib_msg_disp\">\n\t\t\t\t\t<\/div>\n                                            <div id=\"sib_captcha_invisible\" class=\"invi-recaptcha\" data-sitekey=\"6LdBOOoUAAAAAKtOKVeN8rPYbb1T-xNVbL0xsgAA\"><\/div>\n                    \t\t\t\t\t<p class=\"sib-email-area\">\r\n    <label class=\"sib-email-area\">Veuillez saisir votre adresse e-mail : *<\/label>\r\n    <font style=\"font-size:13px\"><input type=\"email\" class=\"sib-email-area\" name=\"email\" required=\"required\" placeholder=\"Adresse \u00e9lectronique\">\r\n<br><input type=\"checkbox\" name=\"terms\" required=\"required\"><strong>Oui, je souhaite recevoir la lettre d'information ecoturbino\u00ae.<\/strong><br>La lettre d'information est gratuite. Je peux me d\u00e9sinscrire \u00e0 tout moment via le lien de d\u00e9sinscription figurant dans la lettre d'information.<\/font>\r\n<div id=\"cf-turnstile-0x4AAAAAAALCOGxAMe4ujVPQ\" class=\"cf-turnstile\" data-error-callback=\"errorCallbackForTurnstileErrors\" data-sitekey=\"0x4AAAAAAALCOGxAMe4ujVPQ\"><\/div>\r\n<p>\r\n    <input type=\"submit\" class=\"sib-default-btn\" value=\"ENVOYER L&#039;INSCRIPTION\">\r\n<\/p>\r\n<font style=\"font-size:13px\">Nous n'utilisons les donn\u00e9es fournies que pour l'envoi de la lettre d'information. Veuillez \u00e9galement noter que notre <a href=\"\/fr\/vie-privee-2\/\" target=\"_blank\">politique de confidentialit\u00e9<\/a>.<\/font>\t\t\t\t<\/div>\n\t\t\t<input type=\"hidden\" name=\"trp-form-language\" value=\"fr\"\/><\/form>\n\t\t\t<style>\n\t\t\t\tform#sib_signup_form_1 p.sib-alert-message {\n    padding: 6px 12px;\n    margin-bottom: 20px;\n    border: 1px solid transparent;\n    border-radius: 4px;\n    -webkit-box-sizing: border-box;\n    -moz-box-sizing: border-box;\n    box-sizing: border-box;\n}\nform#sib_signup_form_1 p.sib-alert-message-error {\n    background-color: #f2dede;\n    border-color: #ebccd1;\n    color: #a94442;\n}\nform#sib_signup_form_1 p.sib-alert-message-success {\n    background-color: #dff0d8;\n    border-color: #d6e9c6;\n    color: #3c763d;\n}\nform#sib_signup_form_1 p.sib-alert-message-warning {\n    background-color: #fcf8e3;\n    border-color: #faebcc;\n    color: #8a6d3b;\n}\n\t\t\t<\/style>\n\t\t\t\n\t\t\t<\/div>\n\t\n\t\t<\/div>\n\t\t\t\t\t<\/div>\n\n\t\n\n\t<div id=\"col-345806166\" class=\"col medium-3 small-12 large-3\"  >\n\t\t\t\t<div class=\"col-inner\"  >\n\t\t\t\n\t\t\t\n\t<div id=\"ux-lottie-263542225\" class=\"ux-lottie\">\n\t\t\t\t<lottie-player class=\"ux-lottie__player\" data-params=\"{&quot;src&quot;:&quot;https:\\\/\\\/ecoturbino.shop\\\/wp-content\\\/uploads\\\/2023\\\/08\\\/100676-black-down-arrow.json&quot;,&quot;loop&quot;:true,&quot;autoplay&quot;:true,&quot;controls&quot;:false,&quot;speed&quot;:&quot;1&quot;,&quot;direction&quot;:1,&quot;trigger&quot;:&quot;&quot;,&quot;mouseout&quot;:&quot;&quot;,&quot;start&quot;:0,&quot;end&quot;:100,&quot;scrollActionType&quot;:&quot;seek&quot;,&quot;visibilityStart&quot;:0,&quot;visibilityEnd&quot;:100,&quot;id&quot;:&quot;ux-lottie-263542225&quot;}\"><\/lottie-player>\n\t\t\t\t\n<style>\n#ux-lottie-263542225 {\n  width: 100%;\n  height: 300px;\n}\n<\/style>\n\t<\/div>\n\t\n\t\t<\/div>\n\t\t\t\t\t<\/div>\n\n\t\n<\/div>","protected":false},"excerpt":{"rendered":"","protected":false},"author":1319,"featured_media":47649,"parent":0,"menu_order":0,"comment_status":"closed","ping_status":"closed","template":"page-blank.php","meta":{"inline_featured_image":false,"footnotes":""},"class_list":["post-22194","page","type-page","status-publish","has-post-thumbnail","hentry"],"_links":{"self":[{"href":"https:\/\/ecoturbino.shop\/fr\/wp-json\/wp\/v2\/pages\/22194","targetHints":{"allow":["GET"]}}],"collection":[{"href":"https:\/\/ecoturbino.shop\/fr\/wp-json\/wp\/v2\/pages"}],"about":[{"href":"https:\/\/ecoturbino.shop\/fr\/wp-json\/wp\/v2\/types\/page"}],"author":[{"embeddable":true,"href":"https:\/\/ecoturbino.shop\/fr\/wp-json\/wp\/v2\/users\/1319"}],"replies":[{"embeddable":true,"href":"https:\/\/ecoturbino.shop\/fr\/wp-json\/wp\/v2\/comments?post=22194"}],"version-history":[{"count":0,"href":"https:\/\/ecoturbino.shop\/fr\/wp-json\/wp\/v2\/pages\/22194\/revisions"}],"wp:featuredmedia":[{"embeddable":true,"href":"https:\/\/ecoturbino.shop\/fr\/wp-json\/wp\/v2\/media\/47649"}],"wp:attachment":[{"href":"https:\/\/ecoturbino.shop\/fr\/wp-json\/wp\/v2\/media?parent=22194"}],"curies":[{"name":"wp","href":"https:\/\/api.w.org\/{rel}","templated":true}]}}