{"id":39318,"date":"2021-01-22T00:47:37","date_gmt":"2021-01-21T23:47:37","guid":{"rendered":"https:\/\/en.ecoturbino.shop\/?page_id=39318"},"modified":"2024-06-17T12:54:26","modified_gmt":"2024-06-17T10:54:26","slug":"moublier-2","status":"publish","type":"page","link":"https:\/\/ecoturbino.shop\/fr\/privacy-cockpit\/forget-me\/","title":{"rendered":"Oubliez-moi"},"content":{"rendered":"<a class=\"wordpress-gdpr-back-link\" href=\"https:\/\/ecoturbino.shop\/fr\/privacy-cockpit\/\">&larr; Retourner au Centre de confidentialit\u00e9 priv\u00e9<\/a><form action=\"\/fr\/wp-json\/wp\/v2\/pages\/39318\" class=\"wordpress-gdpr-form wordpress-gdpr-form-forget-me\" method=\"post\" data-trp-original-action=\"\/fr\/wp-json\/wp\/v2\/pages\/39318\"><input type=\"hidden\" name=\"wordpress_gdpr_form_type\" value=\"forget-me\"><div class=\"form-group\"><label for=\"gdpr_firstname\">Votre pr\u00e9nom (*)<\/label><input class=\"form-control\" type=\"text\" name=\"gdpr_firstname\" value=\"\" required \/><\/div><div class=\"form-group\"><label for=\"gdpr_lastname\">Votre nom de famille (*)<\/label><input class=\"form-control\" type=\"text\" name=\"gdpr_lastname\" value=\"\" required \/><\/div><div class=\"form-group\"><label for=\"gdpr_email\">Votre Email (*)<\/label><input class=\"form-control\" type=\"email\" name=\"gdpr_email\" value=\"\" required \/><\/div><div class=\"form-group\"><label for=\"gdpr_terms\"><input id=\"gdpr_terms\" class=\"form-control\" type=\"checkbox\" name=\"gdpr_terms\" value=\"1\" required \/><span class=\"gdpr-accept-conditiones-text\">J'accepte la politique de confidentialit\u00e9 et que mes donn\u00e9es soient stock\u00e9es pour cette demande GDPR.<\/span><\/label><\/div><input type=\"submit\" name=\"gdpr_submitted\" value=\"Envoyer\"\/><input type=\"hidden\" name=\"trp-form-language\" value=\"fr\"\/><\/form>","protected":false},"excerpt":{"rendered":"","protected":false},"author":1319,"featured_media":0,"parent":39312,"menu_order":0,"comment_status":"closed","ping_status":"closed","template":"","meta":{"inline_featured_image":false,"footnotes":""},"class_list":["post-39318","page","type-page","status-publish","hentry"],"_links":{"self":[{"href":"https:\/\/ecoturbino.shop\/fr\/wp-json\/wp\/v2\/pages\/39318","targetHints":{"allow":["GET"]}}],"collection":[{"href":"https:\/\/ecoturbino.shop\/fr\/wp-json\/wp\/v2\/pages"}],"about":[{"href":"https:\/\/ecoturbino.shop\/fr\/wp-json\/wp\/v2\/types\/page"}],"author":[{"embeddable":true,"href":"https:\/\/ecoturbino.shop\/fr\/wp-json\/wp\/v2\/users\/1319"}],"replies":[{"embeddable":true,"href":"https:\/\/ecoturbino.shop\/fr\/wp-json\/wp\/v2\/comments?post=39318"}],"version-history":[{"count":0,"href":"https:\/\/ecoturbino.shop\/fr\/wp-json\/wp\/v2\/pages\/39318\/revisions"}],"up":[{"embeddable":true,"href":"https:\/\/ecoturbino.shop\/fr\/wp-json\/wp\/v2\/pages\/39312"}],"wp:attachment":[{"href":"https:\/\/ecoturbino.shop\/fr\/wp-json\/wp\/v2\/media?parent=39318"}],"curies":[{"name":"wp","href":"https:\/\/api.w.org\/{rel}","templated":true}]}}