{"id":47883,"date":"2023-10-03T01:25:02","date_gmt":"2023-10-02T23:25:02","guid":{"rendered":"https:\/\/en.ecoturbino.shop\/?page_id=47883"},"modified":"2023-10-04T00:02:31","modified_gmt":"2023-10-03T22:02:31","slug":"zone-marchande","status":"publish","type":"page","link":"https:\/\/ecoturbino.shop\/fr\/merchant-area\/","title":{"rendered":"Zone marchande"},"content":{"rendered":"<div class=\"banner has-hover\" id=\"banner-1583318573\">\n          <div class=\"banner-inner fill\">\n        <div class=\"banner-bg fill\" >\n            <img decoding=\"async\" width=\"2000\" height=\"230\" src=\"https:\/\/ecoturbino.shop\/wp-content\/uploads\/2023\/09\/wasser-faq-2000.webp\" class=\"bg attachment-original size-original\" alt=\"Cat\u00e9gorie d&#039;eau\" \/>                        <div class=\"overlay\"><\/div>            \n                    <\/div>\n\t\t\n        <div class=\"banner-layers container\">\n            <div class=\"fill banner-link\"><\/div>            \n   <div id=\"text-box-702255049\" class=\"text-box banner-layer x50 md-x50 lg-x50 y50 md-y50 lg-y50 res-text\">\n                                <div class=\"text-box-content text dark\">\n              \n              <div class=\"text-inner text-center\">\n                  \n<h1>MARCHAND | INSTALLATEUR<\/h1>\n              <\/div>\n           <\/div>\n                            \n<style>\n#text-box-702255049 {\n  width: 84%;\n}\n#text-box-702255049 .text-box-content {\n  font-size: 100%;\n}\n@media (min-width:550px) {\n  #text-box-702255049 {\n    width: 75%;\n  }\n}\n@media (min-width:850px) {\n  #text-box-702255049 {\n    width: 79%;\n  }\n}\n<\/style>\n    <\/div>\n \n        <\/div>\n      <\/div>\n\n            \n<style>\n#banner-1583318573 {\n  padding-top: 110px;\n}\n#banner-1583318573 .overlay {\n  background-color: rgba(0,0,0,.5);\n}\n@media (min-width:550px) {\n  #banner-1583318573 {\n    padding-top: 170px;\n  }\n}\n@media (min-width:850px) {\n  #banner-1583318573 {\n    padding-top: 190px;\n  }\n}\n<\/style>\n  <\/div>\n\n\n<div class=\"row\"  id=\"row-810845839\">\n\n\t<div id=\"col-317397722\" class=\"col medium-6 small-12 large-6\"  >\n\t\t\t\t<div class=\"col-inner\"  >\n\t\t\t\n\t\t\t\n<h2 class=\"headlinefocus\">Votre enregistrement en tant que commer\u00e7ant, installateur, etc.<\/h2>\n<p>Apr\u00e8s votre inscription, vous recevrez les conditions de revente dans les plus brefs d\u00e9lais.<\/p>\n<p>Il est tr\u00e8s probable que nous vous appelions personnellement pour une premi\u00e8re pr\u00e9sentation et que nous vous expliquions les fonctions du magasin.<\/p>\n<p>Si vous souhaitez avoir un entretien personnel avant de vous inscrire, vous pouvez nous contacter directement \u00e0 l'adresse suivante : T <a href=\"tel:+4369918180000\">+43 699 18180000<\/a><\/p>\n<p>Nous nous r\u00e9jouissons de vous rencontrer !<\/p>\n<div class=\"row\"  id=\"row-949973591\">\n\n\t<div id=\"col-335013130\" class=\"col small-12 large-12\"  >\n\t\t\t\t<div class=\"col-inner dark\"  >\n\t\t\t\n\t\t\t\n<div class=\"accordion\">\n\t<div id=\"accordion-1901239004\" class=\"accordion-item\">\n\t\t<a id=\"accordion-1901239004-label\" class=\"accordion-title plain\" href=\"#accordion-item-click-and-register-as-a-merchant,-installer,-or-similar.\" aria-expanded=\"false\" aria-controls=\"accordion-1901239004-content\">\n\t\t\t<button class=\"toggle\" aria-label=\"Basculer\"><i class=\"icon-angle-down\" aria-hidden=\"true\"><\/i><\/button>\n\t\t\t<span>Cliquez et enregistrez-vous en tant que commer\u00e7ant, installateur ou autre.<\/span>\n\t\t<\/a>\n\t\t<div id=\"accordion-1901239004-content\" class=\"accordion-inner\" aria-labelledby=\"accordion-1901239004-label\">\n\t\t\t\n\n<div class=\"wpcf7 no-js\" id=\"wpcf7-f47918-o1\" lang=\"en-GB\" dir=\"ltr\" data-wpcf7-id=\"47918\">\n<div class=\"screen-reader-response\"><p role=\"status\" aria-live=\"polite\" aria-atomic=\"true\"><\/p> <ul><\/ul><\/div>\n<form action=\"\/fr\/wp-json\/wp\/v2\/pages\/47883#wpcf7-f47918-o1\" method=\"post\" class=\"wpcf7-form init\" aria-label=\"Formulaire de contact\" enctype=\"multipart\/form-data\" novalidate=\"novalidate\" data-status=\"init\" data-trp-original-action=\"\/fr\/wp-json\/wp\/v2\/pages\/47883#wpcf7-f47918-o1\">\n<fieldset class=\"hidden-fields-container\"><input type=\"hidden\" name=\"_wpcf7\" value=\"47918\" \/><input type=\"hidden\" name=\"_wpcf7_version\" value=\"6.1.5\" \/><input type=\"hidden\" name=\"_wpcf7_locale\" value=\"en_GB\" \/><input type=\"hidden\" name=\"_wpcf7_unit_tag\" value=\"wpcf7-f47918-o1\" \/><input type=\"hidden\" name=\"_wpcf7_container_post\" value=\"0\" \/><input type=\"hidden\" name=\"_wpcf7_posted_data_hash\" value=\"\" \/>\n<\/fieldset>\n<p><span class=\"wpcf7-form-control-wrap\" data-name=\"vorname10\"><input size=\"60\" maxlength=\"100\" class=\"wpcf7-form-control wpcf7-text wpcf7-validates-as-required\" aria-required=\"true\" aria-invalid=\"false\" placeholder=\"Pr\u00e9nom\" value=\"\" type=\"text\" name=\"vorname10\" \/><\/span><span class=\"wpcf7-form-control-wrap\" data-name=\"nachname10\"><input size=\"60\" maxlength=\"100\" class=\"wpcf7-form-control wpcf7-text wpcf7-validates-as-required\" aria-required=\"true\" aria-invalid=\"false\" placeholder=\"Nom de famille\" value=\"\" type=\"text\" name=\"nachname10\" \/><\/span>\n<\/p>\n<p><span class=\"wpcf7-form-control-wrap\" data-name=\"unternehmen10\"><input size=\"60\" maxlength=\"100\" class=\"wpcf7-form-control wpcf7-text wpcf7-validates-as-required\" aria-required=\"true\" aria-invalid=\"false\" placeholder=\"Nom de l&#039;entreprise\" value=\"\" type=\"text\" name=\"unternehmen10\" \/><\/span>\n<\/p>\n<p><span class=\"wpcf7-form-control-wrap\" data-name=\"gewerbe10\"><select class=\"wpcf7-form-control wpcf7-select wpcf7-validates-as-required\" aria-required=\"true\" aria-invalid=\"false\" name=\"gewerbe10\"><option value=\"\">&#8212;Please choose an option&#8212;<\/option><option value=\"Trade\">Commerce<\/option><option value=\"Installer\">Installateur<\/option><option value=\"Others\">Autres<\/option><\/select><\/span>\n<\/p>\n<p><span class=\"wpcf7-form-control-wrap\" data-name=\"firmenbuch10\"><input size=\"60\" maxlength=\"100\" class=\"wpcf7-form-control wpcf7-text\" aria-invalid=\"false\" placeholder=\"Num\u00e9ro d&#039;enregistrement de la soci\u00e9t\u00e9 \/ num\u00e9ro de TVA (le cas \u00e9ch\u00e9ant)\" value=\"\" type=\"text\" name=\"firmenbuch10\" \/><\/span>\n<\/p>\n<p><span class=\"wpcf7-form-control-wrap\" data-name=\"email10\"><input size=\"60\" maxlength=\"100\" class=\"wpcf7-form-control wpcf7-email wpcf7-validates-as-required wpcf7-text wpcf7-validates-as-email\" aria-required=\"true\" aria-invalid=\"false\" placeholder=\"@adresse-email\" value=\"\" type=\"email\" name=\"email10\" \/><\/span>\n<\/p>\n<p><span class=\"wpcf7-form-control-wrap\" data-name=\"telefon10\"><input size=\"30\" maxlength=\"50\" class=\"wpcf7-form-control wpcf7-text wpcf7-validates-as-required\" aria-required=\"true\" aria-invalid=\"false\" placeholder=\"Num\u00e9ro de t\u00e9l\u00e9phone\" value=\"\" type=\"text\" name=\"telefon10\" \/><\/span>\n<\/p>\n<p><span class=\"wpcf7-form-control-wrap\" data-name=\"homepage10\"><input size=\"60\" maxlength=\"100\" class=\"wpcf7-form-control wpcf7-text\" aria-invalid=\"false\" placeholder=\"Site web (si disponible)\" value=\"\" type=\"text\" name=\"homepage10\" \/><\/span>\n<\/p>\n<p><span class=\"wpcf7-form-control-wrap\" data-name=\"nachricht10\"><textarea cols=\"60\" rows=\"10\" maxlength=\"500\" class=\"wpcf7-form-control wpcf7-textarea wpcf7-validates-as-required\" aria-required=\"true\" aria-invalid=\"false\" placeholder=\"O\u00f9 et comment vendez-vous ? Quels sont les produits que vous vendez ?\" name=\"nachricht10\"><\/textarea><\/span>\n<\/p>\n<p><span class=\"wpcf7-form-control-wrap\" data-name=\"erfahren10\"><textarea cols=\"60\" rows=\"1\" maxlength=\"200\" class=\"wpcf7-form-control wpcf7-textarea wpcf7-validates-as-required\" aria-required=\"true\" aria-invalid=\"false\" placeholder=\"Comment nous avez-vous trouv\u00e9s ?\" name=\"erfahren10\"><\/textarea><\/span>\n<\/p>\n<p>T\u00e9l\u00e9charger la licence commerciale ou le num\u00e9ro d'entreprise (.pdf\/.jpg) : <span class=\"wpcf7-form-control-wrap\" data-name=\"gewerbeschein10\"><input size=\"40\" class=\"wpcf7-form-control wpcf7-file wpcf7-validates-as-required\" accept=\".jpg,.pdf,.gif,.png,.doc,.docx,.odt\" aria-required=\"true\" aria-invalid=\"false\" type=\"file\" name=\"gewerbeschein10\" \/><\/span>\n<\/p>\n<div class=\"wpcf7-turnstile cf-turnstile\" data-sitekey=\"0x4AAAAAAALCOGxAMe4ujVPQ\" data-response-field-name=\"_wpcf7_turnstile_response\"><\/div>\n<p><input class=\"wpcf7-form-control wpcf7-submit has-spinner\" type=\"submit\" value=\"Soumettre\" \/>\n<\/p><div class=\"wpcf7-response-output\" aria-hidden=\"true\"><\/div>\n<input type=\"hidden\" name=\"trp-form-language\" value=\"fr\"\/><\/form>\n<\/div>\n\n\t\t<\/div>\n\t<\/div>\n\t\n\t<div id=\"accordion-2734720040\" class=\"accordion-item\">\n\t\t<a id=\"accordion-2734720040-label\" class=\"accordion-title plain\" href=\"#accordion-item-click-for-the-affiliate-program\" aria-expanded=\"false\" aria-controls=\"accordion-2734720040-content\">\n\t\t\t<button class=\"toggle\" aria-label=\"Basculer\"><i class=\"icon-angle-down\" aria-hidden=\"true\"><\/i><\/button>\n\t\t\t<span>Cliquez pour le programme d'affiliation<\/span>\n\t\t<\/a>\n\t\t<div id=\"accordion-2734720040-content\" class=\"accordion-inner\" aria-labelledby=\"accordion-2734720040-label\">\n\t\t\t\n<a href=\"\/fr\/programme-des-partenaires-affilies-2\/\" class=\"button white\" >\n\t<i class=\"icon-plus\" aria-hidden=\"true\"><\/i>\t<span>Informations sur l'affiliation + s'inscrire<\/span>\n\t<\/a>\n\n\t\t<\/div>\n\t<\/div>\n\t\n<\/div>\n\t\t<\/div>\n\t\t\t\t\t<\/div>\n\n\t\n\n<style>\n#row-949973591 > .col > .col-inner {\n  background-color: rgb(119, 119, 119);\n  border-radius: 10px;\n}\n<\/style>\n<\/div>\n\t\t<\/div>\n\t\t\t\t\t<\/div>\n\n\t\n\n\t<div id=\"col-100246552\" class=\"col medium-6 small-12 large-6\"  >\n\t\t\t\t<div class=\"col-inner\"  >\n\t\t\t\n\t\t\t\n<a href=\"https:\/\/ecoturbino.shop\/fr\/mon-compte\/\" class=\"button secondary is-xlarge reveal-icon expand\" style=\"border-radius:10px;\">\n\t\t<span>Vers le login<\/span>\n\t<i class=\"icon-user\" aria-hidden=\"true\"><\/i><\/a>\n\n<p>Pour vous inscrire, veuillez cliquer sur le bouton ci-dessus ou sur l'ic\u00f4ne de compte \u00e0 c\u00f4t\u00e9 du panier d'achat.<\/p>\n\t<div class=\"img has-hover radius10 x md-x lg-x y md-y lg-y\" id=\"image_2101089817\">\n\t\t\t\t\t\t\t\t<div class=\"img-inner dark\" >\n\t\t\t<img decoding=\"async\" width=\"600\" height=\"220\" src=\"https:\/\/ecoturbino.shop\/wp-content\/uploads\/2023\/10\/merchant-login_600.webp\" class=\"attachment-original size-original\" alt=\"En-t\u00eate de connexion du commer\u00e7ant\" srcset=\"https:\/\/ecoturbino.shop\/wp-content\/uploads\/2023\/10\/merchant-login_600.webp 600w, https:\/\/ecoturbino.shop\/wp-content\/uploads\/2023\/10\/merchant-login_600-470x172.webp 470w\" sizes=\"(max-width: 600px) 100vw, 600px\" \/>\t\t\t\t\t\t\t<div class=\"overlay\" style=\"background-color: rgba(0, 0, 0, 0.1)\"><\/div>\n\t\t\t\t\t\t\n\t\t\t\t\t<\/div>\n\t\t\t\t\t\t\t\t\n<style>\n#image_2101089817 {\n  width: 100%;\n}\n<\/style>\n\t<\/div>\n\t\n\t\t<\/div>\n\t\t\t\t\t<\/div>\n\n\t\n<\/div>\n\t<div id=\"gap-1980418752\" class=\"gap-element clearfix\" style=\"display:block; height:auto;\">\n\t\t\n<style>\n#gap-1980418752 {\n  padding-top: 30px;\n}\n<\/style>\n\t<\/div>\n\t\n\n\t<section class=\"section\" id=\"section_147828124\">\n\t\t<div class=\"section-bg fill\" >\n\t\t\t\t\t\t\t\t\t\n\t\t\t\n\n\t\t<\/div>\n\n\t\t\n\n\t\t<div class=\"section-content relative\">\n\t\t\t\n<div class=\"row\"  id=\"row-1887815864\">\n\n\t<div id=\"col-1032388113\" class=\"col medium-4 small-12 large-4\"  >\n\t\t\t\t<div class=\"col-inner\"  >\n\t\t\t\n\t\t\t\n<h3>Contacter le service d'assistance aux commer\u00e7ants<\/h3>\n<p><strong>ecoturbino\u00ae Shop by<br \/>Webdeals Shops GmbH<\/strong><br \/>Holzbodenweg 6<br \/>AT- 6858 Schwarzach<\/p>\n<p>E : <a href=\"mailto:wholesale@ecoturbino.shop\">wholesale@ecoturbino.shop<\/a><br \/>T : <a href=\"tel:+4369918180000\">+43 699 18180000<\/a><\/p>\n<div class=\"is-divider divider clearfix\" style=\"max-width:small;\"><\/div>\n<p><a href=\"\/fr\/les-modes-de-paiement\/\">Modes de paiement<\/a> | <a href=\"\/fr\/frais-dexpedition\/\">Frais d'exp\u00e9dition<\/a><\/p>\n\t\t<\/div>\n\t\t\t\t\t<\/div>\n\n\t\n\n\t<div id=\"col-1093356946\" class=\"col medium-8 small-12 large-8\"  >\n\t\t\t\t<div class=\"col-inner\"  >\n\t\t\t\n\t\t\t\n\t<div class=\"img has-hover x md-x lg-x y md-y lg-y\" id=\"image_491480246\">\n\t\t\t\t\t\t\t\t<div class=\"img-inner dark\" >\n\t\t\t<img decoding=\"async\" width=\"1222\" height=\"580\" src=\"https:\/\/ecoturbino.shop\/wp-content\/uploads\/2023\/10\/ecoturbino-produkte.webp\" class=\"attachment-original size-original\" alt=\"\" srcset=\"https:\/\/ecoturbino.shop\/wp-content\/uploads\/2023\/10\/ecoturbino-produkte.webp 1222w, https:\/\/ecoturbino.shop\/wp-content\/uploads\/2023\/10\/ecoturbino-produkte-470x223.webp 470w, https:\/\/ecoturbino.shop\/wp-content\/uploads\/2023\/10\/ecoturbino-produkte-635x301.webp 635w, https:\/\/ecoturbino.shop\/wp-content\/uploads\/2023\/10\/ecoturbino-produkte-800x380.webp 800w\" sizes=\"(max-width: 1222px) 100vw, 1222px\" \/>\t\t\t\t\t\t\n\t\t\t\t\t<\/div>\n\t\t\t\t\t\t\t\t\n<style>\n#image_491480246 {\n  width: 100%;\n}\n<\/style>\n\t<\/div>\n\t\n\t\t<\/div>\n\t\t\t\t\n<style>\n#col-1093356946 > .col-inner {\n  margin: 0px 0px -30px 0px;\n}\n<\/style>\n\t<\/div>\n\n\t\n<\/div>\n\t\t<\/div>\n\n\t\t\n<style>\n#section_147828124 {\n  padding-top: 30px;\n  padding-bottom: 30px;\n}\n<\/style>\n\t<\/section>","protected":false},"excerpt":{"rendered":"","protected":false},"author":1319,"featured_media":47649,"parent":0,"menu_order":0,"comment_status":"closed","ping_status":"closed","template":"page-blank.php","meta":{"inline_featured_image":false,"footnotes":""},"class_list":["post-47883","page","type-page","status-publish","has-post-thumbnail","hentry"],"_links":{"self":[{"href":"https:\/\/ecoturbino.shop\/fr\/wp-json\/wp\/v2\/pages\/47883","targetHints":{"allow":["GET"]}}],"collection":[{"href":"https:\/\/ecoturbino.shop\/fr\/wp-json\/wp\/v2\/pages"}],"about":[{"href":"https:\/\/ecoturbino.shop\/fr\/wp-json\/wp\/v2\/types\/page"}],"author":[{"embeddable":true,"href":"https:\/\/ecoturbino.shop\/fr\/wp-json\/wp\/v2\/users\/1319"}],"replies":[{"embeddable":true,"href":"https:\/\/ecoturbino.shop\/fr\/wp-json\/wp\/v2\/comments?post=47883"}],"version-history":[{"count":0,"href":"https:\/\/ecoturbino.shop\/fr\/wp-json\/wp\/v2\/pages\/47883\/revisions"}],"wp:featuredmedia":[{"embeddable":true,"href":"https:\/\/ecoturbino.shop\/fr\/wp-json\/wp\/v2\/media\/47649"}],"wp:attachment":[{"href":"https:\/\/ecoturbino.shop\/fr\/wp-json\/wp\/v2\/media?parent=47883"}],"curies":[{"name":"wp","href":"https:\/\/api.w.org\/{rel}","templated":true}]}}