{"id":48421,"date":"2023-10-12T16:52:37","date_gmt":"2023-10-12T14:52:37","guid":{"rendered":"https:\/\/en.ecoturbino.shop\/?page_id=48421"},"modified":"2025-08-15T11:15:11","modified_gmt":"2025-08-15T09:15:11","slug":"presentation-du-produit-2","status":"publish","type":"page","link":"https:\/\/ecoturbino.shop\/fr\/product-presentation\/","title":{"rendered":"Demande de pr\u00e9sentation de produit"},"content":{"rendered":"<div class=\"banner has-hover\" id=\"banner-2005066240\">\n          <div class=\"banner-inner fill\">\n        <div class=\"banner-bg fill\" >\n            <img decoding=\"async\" width=\"800\" height=\"92\" src=\"https:\/\/ecoturbino.shop\/wp-content\/uploads\/2023\/10\/water-faq-2000-sw-800x92-1.webp\" class=\"bg attachment-original size-original\" alt=\"\" \/>                                    \n                    <\/div>\n\t\t\n        <div class=\"banner-layers container\">\n            <div class=\"fill banner-link\"><\/div>            \n   <div id=\"text-box-981904424\" class=\"text-box banner-layer x50 md-x50 lg-x50 y50 md-y50 lg-y50 res-text\">\n                                <div class=\"text-box-content text dark\">\n              \n              <div class=\"text-inner text-center\">\n                  \n<h1>PR\u00c9SENTATION DU PRODUIT<\/h1>\n              <\/div>\n           <\/div>\n                            \n<style>\n#text-box-981904424 {\n  width: 86%;\n}\n#text-box-981904424 .text-box-content {\n  font-size: 100%;\n}\n@media (min-width:550px) {\n  #text-box-981904424 {\n    width: 83%;\n  }\n}\n@media (min-width:850px) {\n  #text-box-981904424 {\n    width: 58%;\n  }\n}\n<\/style>\n    <\/div>\n \n        <\/div>\n      <\/div>\n\n            \n<style>\n#banner-2005066240 {\n  padding-top: 110px;\n}\n@media (min-width:550px) {\n  #banner-2005066240 {\n    padding-top: 170px;\n  }\n}\n@media (min-width:850px) {\n  #banner-2005066240 {\n    padding-top: 190px;\n  }\n}\n<\/style>\n  <\/div>\n\n\n<div class=\"row\"  id=\"row-1062783968\">\n\n\t<div id=\"col-1204835157\" class=\"col medium-8 small-12 large-8\"  >\n\t\t\t\t<div class=\"col-inner\"  >\n\t\t\t\n\t\t\t\n\n<div class=\"wpcf7 no-js\" id=\"wpcf7-f48244-o1\" lang=\"en-GB\" dir=\"ltr\" data-wpcf7-id=\"48244\">\n<div class=\"screen-reader-response\"><p role=\"status\" aria-live=\"polite\" aria-atomic=\"true\"><\/p> <ul><\/ul><\/div>\n<form action=\"\/fr\/wp-json\/wp\/v2\/pages\/48421#wpcf7-f48244-o1\" method=\"post\" class=\"wpcf7-form init\" aria-label=\"Formulaire de contact\" novalidate=\"novalidate\" data-status=\"init\" data-trp-original-action=\"\/fr\/wp-json\/wp\/v2\/pages\/48421#wpcf7-f48244-o1\">\n<fieldset class=\"hidden-fields-container\"><input type=\"hidden\" name=\"_wpcf7\" value=\"48244\" \/><input type=\"hidden\" name=\"_wpcf7_version\" value=\"6.1.5\" \/><input type=\"hidden\" name=\"_wpcf7_locale\" value=\"en_GB\" \/><input type=\"hidden\" name=\"_wpcf7_unit_tag\" value=\"wpcf7-f48244-o1\" \/><input type=\"hidden\" name=\"_wpcf7_container_post\" value=\"0\" \/><input type=\"hidden\" name=\"_wpcf7_posted_data_hash\" value=\"\" \/>\n<\/fieldset>\n<p><span class=\"wpcf7-form-control-wrap\" data-name=\"name202\"><input size=\"40\" maxlength=\"400\" class=\"wpcf7-form-control wpcf7-text wpcf7-validates-as-required\" aria-required=\"true\" aria-invalid=\"false\" placeholder=\"Pr\u00e9nom\/Nom\" value=\"\" type=\"text\" name=\"name202\" \/><\/span>\n<\/p>\n<p><span class=\"wpcf7-form-control-wrap\" data-name=\"email202\"><input size=\"40\" maxlength=\"400\" class=\"wpcf7-form-control wpcf7-email wpcf7-validates-as-required wpcf7-text wpcf7-validates-as-email\" aria-required=\"true\" aria-invalid=\"false\" placeholder=\"@Adresse \u00e9lectronique*\" value=\"\" type=\"email\" name=\"email202\" \/><\/span>\n<\/p>\n<p><span class=\"wpcf7-form-control-wrap\" data-name=\"telefon202\"><input size=\"40\" maxlength=\"400\" class=\"wpcf7-form-control wpcf7-text wpcf7-validates-as-required\" aria-required=\"true\" aria-invalid=\"false\" placeholder=\"Num\u00e9ro de t\u00e9l\u00e9phone*\" value=\"\" type=\"text\" name=\"telefon202\" \/><\/span>\n<\/p>\n<p><span class=\"wpcf7-form-control-wrap\" data-name=\"homepage202\"><input size=\"40\" maxlength=\"400\" class=\"wpcf7-form-control wpcf7-text\" aria-invalid=\"false\" placeholder=\"Site web\" value=\"\" type=\"text\" name=\"homepage202\" \/><\/span>\n<\/p>\n<div class=\"acceptance-container\" style=\"margin-bottom:15px;\">\n\t<p><span class=\"wpcf7-form-control-wrap\" data-name=\"testen202\"><span class=\"wpcf7-form-control wpcf7-acceptance optional\"><span class=\"wpcf7-list-item\"><input type=\"checkbox\" name=\"testen202\" value=\"1\" aria-invalid=\"false\" \/><\/span><\/span><\/span>Int\u00e9ress\u00e9 par la p\u00e9riode d'essai gratuite de 60 jours pour les h\u00f4tels\n\t<\/p>\n<\/div>\n<div class=\"wpcf7-turnstile cf-turnstile\" data-sitekey=\"0x4AAAAAAALCOGxAMe4ujVPQ\" data-response-field-name=\"_wpcf7_turnstile_response\"><\/div>\n<p><input class=\"wpcf7-form-control wpcf7-submit has-spinner\" type=\"submit\" value=\"Soumettre\" \/>\n<\/p><div class=\"wpcf7-response-output\" aria-hidden=\"true\"><\/div>\n<input type=\"hidden\" name=\"trp-form-language\" value=\"fr\"\/><\/form>\n<\/div>\n\n\t\t<\/div>\n\t\t\t\t\t<\/div>\n\n\t\n\n\t<div id=\"col-393373005\" class=\"col medium-4 small-12 large-4\"  >\n\t\t\t\t<div class=\"col-inner\"  >\n\t\t\t\n\t\t\t\n<div class=\"row\"  id=\"row-1784900060\">\n\n\t<div id=\"col-1729486182\" class=\"col small-12 large-12\"  >\n\t\t\t\t<div class=\"col-inner text-center dark\" style=\"background-color:#199bc5;\" >\n\t\t\t\n\t\t\t\n\t<div id=\"stack-1413891433\" class=\"stack stack-row justify-center items-center\">\n\t\t\n\t<div class=\"img has-hover x md-x lg-x y md-y lg-y\" id=\"image_1085541220\">\n\t\t\t\t\t\t\t\t<div class=\"img-inner dark\" >\n\t\t\t<img decoding=\"async\" width=\"16\" height=\"16\" src=\"https:\/\/ecoturbino.shop\/wp-content\/uploads\/2023\/08\/email-icon.svg\" class=\"attachment-original size-original\" alt=\"Ic\u00f4ne de courrier \u00e9lectronique\" \/>\t\t\t\t\t\t\n\t\t\t\t\t<\/div>\n\t\t\t\t\t\t\t\t\n<style>\n#image_1085541220 {\n  width: 15%;\n}\n@media (min-width:550px) {\n  #image_1085541220 {\n    width: 18%;\n  }\n}\n<\/style>\n\t<\/div>\n\t\n\t<div class=\"img has-hover x md-x lg-x y md-y lg-y\" id=\"image_9272894\">\n\t\t\t\t\t\t\t\t<div class=\"img-inner dark\" >\n\t\t\t<img decoding=\"async\" width=\"16\" height=\"16\" src=\"https:\/\/ecoturbino.shop\/wp-content\/uploads\/2023\/08\/phone-icon.svg\" class=\"attachment-original size-original\" alt=\"Ic\u00f4ne du t\u00e9l\u00e9phone\" \/>\t\t\t\t\t\t\n\t\t\t\t\t<\/div>\n\t\t\t\t\t\t\t\t\n<style>\n#image_9272894 {\n  width: 15%;\n}\n@media (min-width:550px) {\n  #image_9272894 {\n    width: 20%;\n  }\n}\n<\/style>\n\t<\/div>\n\t\n\t\t\n<style>\n#stack-1413891433 > * {\n  --stack-gap: 1.5rem;\n}\n<\/style>\n\t<\/div>\n\t\n\t<div id=\"gap-730006218\" class=\"gap-element clearfix\" style=\"display:block; height:auto;\">\n\t\t\n<style>\n#gap-730006218 {\n  padding-top: 10px;\n}\n<\/style>\n\t<\/div>\n\t\n<h3 class=\"uppercase\">E-Mail | Telefon<\/h3>\n<p><span style=\"font-size: 120%;\"><a href=\"mailto:sales@ecoturbino.shop\">sales (at) ecoturbino.shop<\/a><\/span><br \/>\n<span style=\"font-size: 120%;\"><a href=\"tel:+4369918180000\">+43 699 18180000<\/a><\/span><\/p>\n\t\t<\/div>\n\t\t\t\t\n<style>\n#col-1729486182 > .col-inner {\n  padding: 20px 0px 10px 0px;\n  border-radius: 10px;\n}\n<\/style>\n\t<\/div>\n\n\t\n<\/div>\n\t<div class=\"img has-hover x md-x lg-x y md-y lg-y\" id=\"image_1556815372\">\n\t\t<a class=\"\" href=\"\/fr\/details\/\" >\t\t\t\t\t\t<div class=\"img-inner dark\" >\n\t\t\t<img decoding=\"async\" width=\"2000\" height=\"2000\" src=\"https:\/\/ecoturbino.shop\/wp-content\/uploads\/2023\/10\/ecoturbino-duschadapter-silber-seite_2000.webp\" class=\"attachment-original size-original\" alt=\"ecoturbino\u00ae ET10L Adaptateur de douche \u00e0 \u00e9conomie d&#039;eau | Economiser de l&#039;eau et de l&#039;\u00e9nergie (gaz, \u00e9lectricit\u00e9) | R\u00e9duire les co\u00fbts jusqu&#039;\u00e0 40% lors de la douche et de la vidange de la pomme de douche | argent\u00e9\" srcset=\"https:\/\/ecoturbino.shop\/wp-content\/uploads\/2023\/10\/ecoturbino-duschadapter-silber-seite_2000.webp 2000w, https:\/\/ecoturbino.shop\/wp-content\/uploads\/2023\/10\/ecoturbino-duschadapter-silber-seite_2000-470x470.webp 470w, https:\/\/ecoturbino.shop\/wp-content\/uploads\/2023\/10\/ecoturbino-duschadapter-silber-seite_2000-635x635.webp 635w, https:\/\/ecoturbino.shop\/wp-content\/uploads\/2023\/10\/ecoturbino-duschadapter-silber-seite_2000-800x800.webp 800w, https:\/\/ecoturbino.shop\/wp-content\/uploads\/2023\/10\/ecoturbino-duschadapter-silber-seite_2000-1600x1600.webp 1600w, https:\/\/ecoturbino.shop\/wp-content\/uploads\/2023\/10\/ecoturbino-duschadapter-silber-seite_2000-340x340.webp 340w, https:\/\/ecoturbino.shop\/wp-content\/uploads\/2023\/10\/ecoturbino-duschadapter-silber-seite_2000-1536x1536.webp 1536w\" sizes=\"(max-width: 2000px) 100vw, 2000px\" \/>\t\t\t\t\t\t\n\t\t\t\t\t<\/div>\n\t\t\t\t\t\t<\/a>\t\t\n<style>\n#image_1556815372 {\n  width: 100%;\n}\n<\/style>\n\t<\/div>\n\t\n\t\t<\/div>\n\t\t\t\t\t<\/div>\n\n\t\n<\/div>","protected":false},"excerpt":{"rendered":"","protected":false},"author":1319,"featured_media":47649,"parent":0,"menu_order":0,"comment_status":"closed","ping_status":"closed","template":"page-blank.php","meta":{"inline_featured_image":false,"footnotes":""},"class_list":["post-48421","page","type-page","status-publish","has-post-thumbnail","hentry"],"_links":{"self":[{"href":"https:\/\/ecoturbino.shop\/fr\/wp-json\/wp\/v2\/pages\/48421","targetHints":{"allow":["GET"]}}],"collection":[{"href":"https:\/\/ecoturbino.shop\/fr\/wp-json\/wp\/v2\/pages"}],"about":[{"href":"https:\/\/ecoturbino.shop\/fr\/wp-json\/wp\/v2\/types\/page"}],"author":[{"embeddable":true,"href":"https:\/\/ecoturbino.shop\/fr\/wp-json\/wp\/v2\/users\/1319"}],"replies":[{"embeddable":true,"href":"https:\/\/ecoturbino.shop\/fr\/wp-json\/wp\/v2\/comments?post=48421"}],"version-history":[{"count":0,"href":"https:\/\/ecoturbino.shop\/fr\/wp-json\/wp\/v2\/pages\/48421\/revisions"}],"wp:featuredmedia":[{"embeddable":true,"href":"https:\/\/ecoturbino.shop\/fr\/wp-json\/wp\/v2\/media\/47649"}],"wp:attachment":[{"href":"https:\/\/ecoturbino.shop\/fr\/wp-json\/wp\/v2\/media?parent=48421"}],"curies":[{"name":"wp","href":"https:\/\/api.w.org\/{rel}","templated":true}]}}