{"id":48882,"date":"2024-01-23T19:21:13","date_gmt":"2024-01-23T18:21:13","guid":{"rendered":"https:\/\/en.ecoturbino.shop\/?page_id=48882"},"modified":"2026-01-02T11:35:47","modified_gmt":"2026-01-02T10:35:47","slug":"eau-dure-et-legionelles","status":"publish","type":"page","link":"https:\/\/ecoturbino.shop\/fr\/hard-water-and-legionella\/","title":{"rendered":"Eau dure et l\u00e9gionelles | Probl\u00e8mes avec les douches dans la salle de bain"},"content":{"rendered":"<section class=\"section zindex1\" id=\"section_241001750\">\n\t\t<div class=\"section-bg fill\" >\n\t\t\t\t\t\t\t\t\t\n\t\t\t\n\n\t\t<\/div>\n\n\t\t\n\n\t\t<div class=\"section-content relative\">\n\t\t\t\n<div class=\"row\"  id=\"row-1053952723\">\n\n\t<div id=\"col-708317958\" class=\"col small-12 large-12\"  >\n\t\t\t\t<div class=\"col-inner\"  >\n\t\t\t\n\t\t\t\n\t<div id=\"text-3359709969\" class=\"text\">\n\t\t\n<h1 class=\"uppercase\">Eau dure et l\u00e9gionelles | La v\u00e9ritable ampleur du probl\u00e8me !<\/h1>\n<h3 class=\"thin-font\">Bien que le lien g\u00e9n\u00e9ral entre l'eau dure et les l\u00e9gionelles soit bien connu, il est souvent mal compris.<\/h3>\n\t\t\n<style>\n#text-3359709969 {\n  text-align: center;\n}\n<\/style>\n\t<\/div>\n\t\n<div class=\"text-center\"><div class=\"is-divider divider clearfix\" style=\"max-width:50%;height:1px;\"><\/div><\/div>\n\t<div id=\"gap-64127883\" class=\"gap-element clearfix\" style=\"display:block; height:auto;\">\n\t\t\n<style>\n#gap-64127883 {\n  padding-top: 30px;\n}\n<\/style>\n\t<\/div>\n\t\n<div class=\"row\"  id=\"row-1751581212\">\n\n\t<div id=\"col-1040176275\" class=\"col medium-8 small-12 large-8\"  >\n\t\t\t\t<div class=\"col-inner\"  >\n\t\t\t\n\t\t\t\n<p>Dans ce billet, nous nous concentrons sur la fa\u00e7on dont nous pouvons <strong>mieux contr\u00f4ler la teneur en bact\u00e9ries de l'eau d\u00e8s le d\u00e9part<\/strong>, afin de <strong>r\u00e9duire<\/strong> l'utilisation de <strong>des produits chimiques agressifs et nocifs pour l'environnement pour l'\u00e9limination des bact\u00e9ries.<\/strong><\/p>\n<p><strong>Dioxyde de chlore<\/strong> continue d'\u00eatre la <strong>biocide le plus couramment utilis\u00e9 pour \u00e9liminer les bact\u00e9ries pr\u00e9sentes dans l'eau, y compris les l\u00e9gionelles<\/strong>. Sa capacit\u00e9 \u00e0 d\u00e9truire les biofilms est un aspect tr\u00e8s important de ce produit chimique. Toutefois, le dioxyde de chlore ne sert qu'\u00e0 contr\u00f4ler et \u00e0 r\u00e9duire, et non \u00e0 pr\u00e9venir.<\/p>\n<p>La cl\u00e9 de cette question r\u00e9side dans <strong>comprendre le lien entre les d\u00e9p\u00f4ts de calcium, les biofilms et les l\u00e9gionelles.<\/strong> Cette approche permet une<strong> r\u00e9duction du nombre de bact\u00e9ries dans votre syst\u00e8me d'eau<\/strong>, Le temps et les produits chimiques n\u00e9cessaires \u00e0 l'entretien du syst\u00e8me sont ainsi r\u00e9duits au minimum.<\/p>\n<p>Et c'est l\u00e0 que le <a href=\"https:\/\/ecoturbino.shop\/fr\/acheter\/ecoturbino-et10l-adaptateur-de-douche-argente\/\">adaptateur de douche ecoturbino<\/a> entre en jeu,<strong> garantir des douches hygi\u00e9niques dans les h\u00f4tels, les centres de remise en forme, \u00e0 domicile, dans les maisons de retraite, les h\u00f4pitaux, etc.<\/strong><\/p>\n\t\t<\/div>\n\t\t\t\t\t<\/div>\n\n\t\n\n\t<div id=\"col-2021849455\" class=\"col medium-4 small-12 large-4\"  >\n\t\t\t\t<div class=\"col-inner\"  >\n\t\t\t\n\t\t\t\n\t<div class=\"img has-hover radius10 hide-for-small x md-x lg-x y md-y lg-y\" id=\"image_500132898\">\n\t\t\t\t\t\t\t\t<div class=\"img-inner dark\" >\n\t\t\t<img decoding=\"async\" width=\"600\" height=\"600\" src=\"https:\/\/ecoturbino.shop\/wp-content\/uploads\/2024\/01\/water-drain2_600.webp\" class=\"attachment-original size-original\" alt=\"Drainage de l&#039;eau\" srcset=\"https:\/\/ecoturbino.shop\/wp-content\/uploads\/2024\/01\/water-drain2_600.webp 600w, https:\/\/ecoturbino.shop\/wp-content\/uploads\/2024\/01\/water-drain2_600-470x470.webp 470w, https:\/\/ecoturbino.shop\/wp-content\/uploads\/2024\/01\/water-drain2_600-340x340.webp 340w\" sizes=\"(max-width: 600px) 100vw, 600px\" \/>\t\t\t\t\t\t\n\t\t\t\t\t<\/div>\n\t\t\t\t\t\t\t\t\n<style>\n#image_500132898 {\n  width: 100%;\n}\n<\/style>\n\t<\/div>\n\t\n\t\t<\/div>\n\t\t\t\t\t<\/div>\n\n\t\n<\/div>\n\t<div id=\"gap-1562982411\" class=\"gap-element clearfix\" style=\"display:block; height:auto;\">\n\t\t\n<style>\n#gap-1562982411 {\n  padding-top: 30px;\n}\n<\/style>\n\t<\/div>\n\t\n<div class=\"row\"  id=\"row-953894718\">\n\n\t<div id=\"col-1516737008\" class=\"col medium-4 small-12 large-4\"  >\n\t\t\t\t<div class=\"col-inner\"  >\n\t\t\t\n\t\t\t\n\t<div class=\"img has-hover radius10 x md-x lg-x y md-y lg-y\" id=\"image_222466168\">\n\t\t\t\t\t\t\t\t<div class=\"img-inner dark\" >\n\t\t\t<img decoding=\"async\" width=\"600\" height=\"900\" src=\"https:\/\/ecoturbino.shop\/wp-content\/uploads\/2024\/01\/shower-head-limescale_600.webp\" class=\"attachment-original size-original\" alt=\"Le calcaire de la pomme de douche\" srcset=\"https:\/\/ecoturbino.shop\/wp-content\/uploads\/2024\/01\/shower-head-limescale_600.webp 600w, https:\/\/ecoturbino.shop\/wp-content\/uploads\/2024\/01\/shower-head-limescale_600-470x705.webp 470w, https:\/\/ecoturbino.shop\/wp-content\/uploads\/2024\/01\/shower-head-limescale_600-313x470.webp 313w, https:\/\/ecoturbino.shop\/wp-content\/uploads\/2024\/01\/shower-head-limescale_600-533x800.webp 533w\" sizes=\"(max-width: 600px) 100vw, 600px\" \/>\t\t\t\t\t\t\n\t\t\t\t\t<\/div>\n\t\t\t\t\t\t\t\t\n<style>\n#image_222466168 {\n  width: 100%;\n}\n<\/style>\n\t<\/div>\n\t\n\t\t<\/div>\n\t\t\t\t\t<\/div>\n\n\t\n\n\t<div id=\"col-866131626\" class=\"col medium-8 small-12 large-8\"  >\n\t\t\t\t<div class=\"col-inner\"  >\n\t\t\t\n\t\t\t\n<div class=\"flex-1 overflow-hidden\">\n<div class=\"react-scroll-to-bottom--css-tpvix-79elbk h-full\">\n<div class=\"react-scroll-to-bottom--css-tpvix-1n7m0yu\">\n<div class=\"flex flex-col pb-9 text-sm\">\n<div class=\"w-full text-token-text-primary\" data-testid=\"conversation-turn-13\">\n<div class=\"px-4 py-2 justify-center text-base md:gap-6 m-auto\">\n<div class=\"flex flex-1 text-base mx-auto gap-3 md:px-5 lg:px-1 xl:px-5 md:max-w-3xl lg:max-w-&#091;40rem&#093; xl:max-w-&#091;48rem&#093; group final-completion\">\n<div class=\"relative flex w-full flex-col lg:w-&#091;calc(100%-115px)&#093; agent-turn\">\n<div class=\"flex-col gap-1 md:gap-3\">\n<div class=\"flex flex-grow flex-col max-w-full\">\n<div class=\"min-h-&#091;20px&#093; text-message flex flex-col items-start gap-3 whitespace-pre-wrap break-words &#091;.text-message+&amp;&#093;:mt-5 overflow-x-auto\" data-message-author-role=\"assistant\" data-message-id=\"6402d42d-ba99-40ec-b57e-ac45c40c778e\">\n<div class=\"markdown prose w-full break-words dark:prose-invert light\">\n<h3>Qu'est-ce qu'un d\u00e9p\u00f4t calcaire ?<\/h3>\n<p><strong>Les d\u00e9p\u00f4ts de calcaire sont des accumulations dures<\/strong> principalement compos\u00e9 de <strong>carbonate de calcium (CaCO3)<\/strong> et souvent <strong>s'accumulent dans les syst\u00e8mes d'eau chaude, les canalisations et les appareils.<\/strong><\/p>\n<p>Ils peuvent<strong> compromettre de mani\u00e8re significative les performances de l'entreprise<\/strong> de divers \u00e9l\u00e9ments de plomberie et de chauffage,<strong> entra\u00eenant une r\u00e9duction de l'efficacit\u00e9<\/strong> et <strong>des co\u00fbts d'exploitation plus \u00e9lev\u00e9s<\/strong> pour vos \u00e9quipements li\u00e9s \u00e0 l'eau, ainsi que des r\u00e9sultats visuellement peu attrayants dans la salle de bains.<\/p>\n<blockquote>\n<p>Les <strong>le degr\u00e9 de formation de calcaire<\/strong> est d\u00e9termin\u00e9e par la duret\u00e9 de l'eau. D\u00e9terminer la duret\u00e9 de l'eau : Mon eau est-elle douce ou dure ?<\/p>\n<\/blockquote>\n<p>La duret\u00e9 de l'eau d\u00e9pend de la <strong>teneur en compos\u00e9s de calcium et de magn\u00e9sium<\/strong>, L'eau de mer est une substance qui se forme lorsque le calcium et le magn\u00e9sium se combinent avec le dioxyde de carbone dissous dans l'eau.<\/p>\n<ol>\n<li>Eau douce : Entre 0 et 7 degr\u00e9s de duret\u00e9 allemande (dH) - La cat\u00e9gorie de duret\u00e9 I (0 \u00e0 1,3 millimoles d'oxyde de calcium par litre) est consid\u00e9r\u00e9e comme une eau douce.<\/li>\n<li>Eau dure : Entre 14 et 21 degr\u00e9s dH - La cat\u00e9gorie de duret\u00e9 III (2,5 \u00e0 3,8 millimoles d'oxyde de calcium par litre) est consid\u00e9r\u00e9e comme une eau dure.<\/li>\n<\/ol>\n<\/div>\n<\/div>\n<\/div>\n<\/div>\n<\/div>\n<\/div>\n<\/div>\n<\/div>\n<\/div>\n<\/div>\n<\/div>\n<\/div>\n\t<div id=\"gap-1433991189\" class=\"gap-element clearfix\" style=\"display:block; height:auto;\">\n\t\t\n<style>\n#gap-1433991189 {\n  padding-top: 15px;\n}\n<\/style>\n\t<\/div>\n\t\n<div class=\"is-divider divider clearfix\" style=\"max-width:100%;height:1px;\"><\/div>\n<h3>Qu'est-ce qu'un biofilm ?<\/h3>\n<p>A <strong><a href=\"https:\/\/en.wikipedia.org\/wiki\/Biofilm\" target=\"_blank\" rel=\"noopener sponsored\">biofilm<\/a> se compose de micro-organismes vivants<\/strong>, Les bact\u00e9ries, par exemple, qui s'installent et se multiplient au sein d'une colonie ou d'une communaut\u00e9.<\/p>\n<p>La formation d'un biofilm se produit lorsque <strong>certains micro-organismes<\/strong>, comme certaines esp\u00e8ces de bact\u00e9ries, <strong>adh\u00e9rer \u00e0 la surface d'un objet<\/strong> dans un environnement humide et commencent \u00e0 prolif\u00e9rer.<\/p>\n<p>Ces micro-organismes se fixent \u00e0 la surface de l'objet par <strong>s\u00e9cr\u00e9ter une substance collante et visqueuse.<\/strong><\/p>\n\t\t<\/div>\n\t\t\t\t\t<\/div>\n\n\t\n<\/div>\n<div class=\"row\"  id=\"row-1522332754\">\n\n\t<div id=\"col-175041325\" class=\"col small-12 large-12\"  >\n\t\t\t\t<div class=\"col-inner\"  >\n\t\t\t\n\t\t\t\n<div class=\"row row-large row-divided\"  id=\"row-1249896825\">\n\n\t<div id=\"col-1430168512\" class=\"col medium-6 small-12 large-6\"  >\n\t\t\t\t<div class=\"col-inner\"  >\n\t\t\t\n\t\t\t\n<h3>Qu'est-ce que les l\u00e9gionelles ?<\/h3>\n<p><strong><a href=\"https:\/\/en.wikipedia.org\/wiki\/Legionella\" target=\"_blank\" rel=\"noopener sponsored\">L\u00e9gionelle<\/a> sont des bact\u00e9ries<\/strong> qui peut causer la maladie du l\u00e9gionnaire, une maladie grave et mortelle. <strong>forme de pneumonie potentiellement mortelle.<\/strong><\/p>\n<p>Transmission de <strong>La maladie du l\u00e9gionnaire chez l'homme<\/strong> se produit par l'inhalation de minuscules gouttelettes d'eau (a\u00e9rosols) en suspension dans l'air et contenant des bact\u00e9ries de type Legionella. L'infection se produit lorsque ces gouttelettes d'eau p\u00e9n\u00e8trent dans les poumons.<\/p>\n<p>La Legionella pneumophila a \u00e9t\u00e9 la premi\u00e8re \u00e0 \u00eatre d\u00e9couverte parmi un groupe important et croissant d'esp\u00e8ces bact\u00e9riennes apparent\u00e9es, connues sous le nom de Legionellae. Aujourd'hui, on sait qu'il existe <strong>48 esp\u00e8ces et 70 sous-groupes.<\/strong><\/p>\n<p>Les rapports concernant la pr\u00e9valence de la l\u00e9gionellose varient, mais ils sont les suivants <strong>g\u00e9n\u00e9ralement plus fr\u00e9quents dans les syst\u00e8mes d'eau chaude<\/strong>. Toutefois, on estime que la fr\u00e9quence de la l\u00e9gionellose dans les syst\u00e8mes d'eau chaude a diminu\u00e9 au cours des derni\u00e8res ann\u00e9es.<\/p>\n<p>Ce nombre devrait continuer \u00e0 diminuer au fur et \u00e0 mesure que l'on prend conscience du probl\u00e8me et que l'on adopte de nouvelles mesures en mati\u00e8re de plomberie. Cela signifie que les mesures prises se sont av\u00e9r\u00e9es efficaces pour minimiser la pr\u00e9sence de bact\u00e9ries dans l'eau, et que le fait de les n\u00e9gliger est consid\u00e9r\u00e9 comme une n\u00e9gligence.<\/p>\n\t\t<\/div>\n\t\t\t\t\n<style>\n#col-1430168512 > .col-inner {\n  margin: 0px 0px -50px 0px;\n}\n<\/style>\n\t<\/div>\n\n\t\n\n\t<div id=\"col-1030944827\" class=\"col medium-6 small-12 large-6\"  >\n\t\t\t\t<div class=\"col-inner\"  >\n\t\t\t\n\t\t\t\n<p><strong>Les conditions de vie optimales pour la Legionella sont les suivantes :<\/strong><\/p>\n<ul>\n<li>R\u00e9approvisionnement en eau douce.<\/li>\n<li>Temps de s\u00e9jour prolong\u00e9.<\/li>\n<li>Plage de temp\u00e9rature de 25\u00b0C \u00e0 50\u00b0C.<\/li>\n<\/ul>\n<p>Effets de la<strong> diff\u00e9rentes plages de temp\u00e9rature<\/strong> sur la prolif\u00e9ration des l\u00e9gionelles :<\/p>\n<div class=\"row\"  id=\"row-1722887526\">\n\n\t<div id=\"col-1623463022\" class=\"col small-12 large-12\"  >\n\t\t\t\t<div class=\"col-inner\"  >\n\t\t\t\n\t\t\t\n<table style=\"border-collapse: collapse; width: 100%; height: 189px;\">\n<tbody>\n<tr style=\"height: 21px;\">\n<td style=\"width: 50%; height: 21px;\">Plage de temp\u00e9rature<\/td>\n<td style=\"width: 50%; height: 21px;\">Effet sur le taux de reproduction<\/td>\n<\/tr>\n<tr style=\"height: 21px;\">\n<td style=\"width: 50%; height: 21px;\">jusqu'\u00e0 20 \u00b0C<\/td>\n<td style=\"width: 50%; height: 21px;\">reproduction tr\u00e8s lente<\/td>\n<\/tr>\n<tr style=\"height: 21px;\">\n<td style=\"width: 50%; height: 21px;\">\u00e0 partir de 20 \u00b0C<\/td>\n<td style=\"width: 50%; height: 21px;\">Augmentation du taux de reproduction<\/td>\n<\/tr>\n<tr style=\"height: 21px;\">\n<td style=\"width: 50%; height: 21px;\">30 \u00b0C \u00e0 45 \u00b0C<\/td>\n<td style=\"width: 50%; height: 21px;\">Multiplication optimale, doublement \u00e0 36 \u00b0C en seulement 3 heures environ avec un bon apport de nutriments, 22 - 72 heures avec un faible apport de nutriments.<\/td>\n<\/tr>\n<tr style=\"height: 21px;\">\n<td style=\"width: 50%; height: 21px;\">\u00e0 partir de 50 \u00b0C<\/td>\n<td style=\"width: 50%; height: 21px;\">pratiquement pas de reproduction<\/td>\n<\/tr>\n<tr style=\"height: 21px;\">\n<td style=\"width: 50%; height: 21px;\">\u00e0 partir de 55 \u00b0C<\/td>\n<td style=\"width: 50%; height: 21px;\">Plus de reproduction possible, tu\u00e9 apr\u00e8s 6 heures<\/td>\n<\/tr>\n<tr style=\"height: 21px;\">\n<td style=\"width: 50%; height: 21px;\">\u00e0 partir de 60 \u00b0C<\/td>\n<td style=\"width: 50%; height: 21px;\">D\u00e9truit les l\u00e9gionelles en 30 minutes environ<\/td>\n<\/tr>\n<tr style=\"height: 21px;\">\n<td style=\"width: 50%; height: 21px;\">\u00e0 partir de 65 \u00b0C<\/td>\n<td style=\"width: 50%; height: 21px;\">Tu\u00e9 dans les 2 minutes<\/td>\n<\/tr>\n<tr style=\"height: 21px;\">\n<td style=\"width: 50%; height: 21px;\">\u00e0 partir de 70 \u00b0C<\/td>\n<td style=\"width: 50%; height: 21px;\">Tu\u00e9 en quelques secondes<\/td>\n<\/tr>\n<\/tbody>\n<\/table>\n\t\t<\/div>\n\t\t\t\t\n<style>\n#col-1623463022 > .col-inner {\n  margin: 0px 0px -60px 0px;\n}\n<\/style>\n\t<\/div>\n\n\t\n<\/div>\n<p><span style=\"font-size: 90%;\">(Source : <a href=\"https:\/\/de.wikipedia.org\/wiki\/Legionellen\" target=\"_blank\" rel=\"noopener sponsored\">https:\/\/de.wikipedia.org\/wiki\/Legionellen<\/a>)<\/span><\/p>\n\t\t<\/div>\n\t\t\t\t\n<style>\n#col-1030944827 > .col-inner {\n  margin: 0px 0px -50px 0px;\n}\n<\/style>\n\t<\/div>\n\n\t\n<\/div>\n\t\t<\/div>\n\t\t\t\t\n<style>\n#col-175041325 > .col-inner {\n  padding: 25px 25px 25px 25px;\n  margin: 0px 0px -30px 0px;\n}\n<\/style>\n\t<\/div>\n\n\t\n\n<style>\n#row-1522332754 > .col > .col-inner {\n  background-color: rgba(0, 0, 0, 0.15);\n  border-radius: 10px;\n}\n<\/style>\n<\/div>\n\t\t<\/div>\n\t\t\t\t\t<\/div>\n\n\t\n<\/div>\n<div class=\"row\"  id=\"row-472663677\">\n\n\t<div id=\"col-747465104\" class=\"col small-12 large-12\"  >\n\t\t\t\t<div class=\"col-inner\" style=\"background-color:rgb(255,255,255);\" >\n\t\t\t\n\t<div class=\"is-border is-dashed\"\n\t\tstyle=\"border-color:rgba(85, 85, 85, 0.75);border-radius:10px;border-width:2px 2px 2px 2px;\">\n\t<\/div>\n\t\t\t\n<div class=\"row\"  id=\"row-550394595\">\n\n\t<div id=\"col-1669777116\" class=\"col medium-8 small-12 large-8\"  >\n\t\t\t\t<div class=\"col-inner\"  >\n\t\t\t\n\t\t\t\n<h3>Quel est le lien entre les d\u00e9p\u00f4ts de calcaire, le biofilm et les l\u00e9gionelles ?<\/h3>\n<p>Dans les lieux o\u00f9<strong> Les d\u00e9p\u00f4ts de calcaire se sont form\u00e9s par pr\u00e9cipitation de min\u00e9raux.<\/strong> dans l'eau dure et leur fixation sur les surfaces cr\u00e9ent un terrain propice \u00e0 la prolif\u00e9ration des bact\u00e9ries.<\/p>\n<p>Les principaux facteurs qui favorisent particuli\u00e8rement la croissance de Legionella sont la temp\u00e9rature et la disponibilit\u00e9 des nutriments. <strong>Les l\u00e9gionelles se d\u00e9veloppent mieux \u00e0 des temp\u00e9ratures comprises entre 20 et 45\u00b0C.<\/strong>, et lorsque l'eau reste stagnante dans cette plage de temp\u00e9rature, le<strong> les bact\u00e9ries peuvent se multiplier rapidement.<\/strong><\/p>\n<p>En conjonction avec la nature riche en min\u00e9raux de la <strong>un nouvel habitat pour les bact\u00e9ries, \u00e0 savoir le calcaire,<\/strong> qui constitue une excellente source de nutrition, le probl\u00e8me peut s'aggraver.<\/p>\n<p>Une fois que les bact\u00e9ries sont pr\u00e9sentes et se multiplient, elles forment un biofilm. En pr\u00e9sence de calcaire et de biofilm, qui se trouvent maintenant dans un environnement qui leur fournit les \u00e9l\u00e9ments suivants <strong>des conditions id\u00e9ales et une alimentation suffisante,<\/strong> La l\u00e9gionelle et d'autres bact\u00e9ries peuvent s'y multiplier et s'y d\u00e9velopper.<\/p>\n\t\t<\/div>\n\t\t\t\t\n<style>\n#col-1669777116 > .col-inner {\n  margin: 0px 0px -20px 0px;\n}\n<\/style>\n\t<\/div>\n\n\t\n\n\t<div id=\"col-54786509\" class=\"col medium-4 small-12 large-4\"  >\n\t\t\t\t<div class=\"col-inner\"  >\n\t\t\t\n\t\t\t\n\t<div class=\"img has-hover radius10 x md-x lg-x y md-y lg-y\" id=\"image_1378368266\">\n\t\t\t\t\t\t\t\t<div class=\"img-inner dark\" >\n\t\t\t<img decoding=\"async\" width=\"600\" height=\"600\" src=\"https:\/\/ecoturbino.shop\/wp-content\/uploads\/2024\/01\/legionella-wikipedia_600.webp\" class=\"attachment-original size-original\" alt=\"Legionellas Microscope\" srcset=\"https:\/\/ecoturbino.shop\/wp-content\/uploads\/2024\/01\/legionella-wikipedia_600.webp 600w, https:\/\/ecoturbino.shop\/wp-content\/uploads\/2024\/01\/legionella-wikipedia_600-470x470.webp 470w, https:\/\/ecoturbino.shop\/wp-content\/uploads\/2024\/01\/legionella-wikipedia_600-340x340.webp 340w\" sizes=\"(max-width: 600px) 100vw, 600px\" \/>\t\t\t\t\t\t\n\t\t\t\t\t<\/div>\n\t\t\t\t\t\t\t\t\n<style>\n#image_1378368266 {\n  width: 100%;\n}\n<\/style>\n\t<\/div>\n\t\n\t\t<\/div>\n\t\t\t\t\n<style>\n#col-54786509 > .col-inner {\n  margin: 5px 0px -20px 0px;\n}\n<\/style>\n\t<\/div>\n\n\t\n<\/div>\n\t\t<\/div>\n\t\t\t\t\n<style>\n#col-747465104 > .col-inner {\n  padding: 15px 20px 10px 30px;\n  margin: 0px 0px 0px 0px;\n  border-radius: 10px;\n}\n@media (min-width:550px) {\n  #col-747465104 > .col-inner {\n    margin: 0px 0px 0px 0px;\n  }\n}\n<\/style>\n\t<\/div>\n\n\t\n<\/div>\n\t\t<\/div>\n\n\t\t\n<style>\n#section_241001750 {\n  padding-top: 30px;\n  padding-bottom: 30px;\n}\n<\/style>\n\t<\/section>","protected":false},"excerpt":{"rendered":"","protected":false},"author":1320,"featured_media":0,"parent":0,"menu_order":0,"comment_status":"closed","ping_status":"closed","template":"page-blank.php","meta":{"inline_featured_image":false,"footnotes":""},"class_list":["post-48882","page","type-page","status-publish","hentry"],"_links":{"self":[{"href":"https:\/\/ecoturbino.shop\/fr\/wp-json\/wp\/v2\/pages\/48882","targetHints":{"allow":["GET"]}}],"collection":[{"href":"https:\/\/ecoturbino.shop\/fr\/wp-json\/wp\/v2\/pages"}],"about":[{"href":"https:\/\/ecoturbino.shop\/fr\/wp-json\/wp\/v2\/types\/page"}],"author":[{"embeddable":true,"href":"https:\/\/ecoturbino.shop\/fr\/wp-json\/wp\/v2\/users\/1320"}],"replies":[{"embeddable":true,"href":"https:\/\/ecoturbino.shop\/fr\/wp-json\/wp\/v2\/comments?post=48882"}],"version-history":[{"count":0,"href":"https:\/\/ecoturbino.shop\/fr\/wp-json\/wp\/v2\/pages\/48882\/revisions"}],"wp:attachment":[{"href":"https:\/\/ecoturbino.shop\/fr\/wp-json\/wp\/v2\/media?parent=48882"}],"curies":[{"name":"wp","href":"https:\/\/api.w.org\/{rel}","templated":true}]}}