{"id":48890,"date":"2024-01-23T19:20:20","date_gmt":"2024-01-23T18:20:20","guid":{"rendered":"https:\/\/en.ecoturbino.shop\/?page_id=48890"},"modified":"2025-07-27T13:09:52","modified_gmt":"2025-07-27T11:09:52","slug":"impact-1","status":"publish","type":"page","link":"https:\/\/ecoturbino.shop\/fr\/impact-1\/","title":{"rendered":"Douche sonore avec cascade et pluie | ecoturbino"},"content":{"rendered":"<section class=\"section zindex1\" id=\"section_909915322\">\n\t\t<div class=\"section-bg fill\" >\n\t\t\t\t\t\t\t\t\t\n\t\t\t\n\n\t\t<\/div>\n\n\t\t\n\n\t\t<div class=\"section-content relative\">\n\t\t\t\n<div class=\"row row-small\"  id=\"row-164750625\">\n\n\t<div id=\"col-1222785007\" class=\"col medium-9 small-12 large-9\"  >\n\t\t\t\t<div class=\"col-inner\"  >\n\t\t\t\n\t\t\t\n<h1 class=\"uppercase\">Douche \u00e0 cascade et son de pluie | Ecoturbino<\/h1>\n<h3 class=\"thin-font\">le premier impact de la <a href=\"https:\/\/ecoturbino.shop\/fr\/acheter\/ecoturbino-et10l-adaptateur-de-douche-argente\/\">ecoturbino<\/a>\u00ae syst\u00e8me d'\u00e9conomie d'eau et de protection de l'environnement<\/h3>\n<div class=\"row\"  id=\"row-512780722\">\n\n\t<div id=\"col-400243527\" class=\"col medium-11 small-12 large-11\"  >\n\t\t\t\t<div class=\"col-inner\"  >\n\t\t\t\n\t\t\t\n\t<div id=\"stack-1439565475\" class=\"stack stack-row justify-start items-start\">\n\t\t\n\t<div class=\"img has-hover x md-x lg-x y md-y lg-y\" id=\"image_1518702395\">\n\t\t\t\t\t\t\t\t<div class=\"img-inner dark\" >\n\t\t\t<img decoding=\"async\" width=\"100\" height=\"100\" src=\"https:\/\/ecoturbino.shop\/wp-content\/uploads\/2024\/01\/impact1.svg\" class=\"attachment-original size-original\" alt=\"\" \/>\t\t\t\t\t\t\n\t\t\t\t\t<\/div>\n\t\t\t\t\t\t\t\t\n<style>\n#image_1518702395 {\n  width: 100%;\n}\n<\/style>\n\t<\/div>\n\t\n\t<div class=\"img has-hover x md-x lg-x y md-y lg-y\" id=\"image_548485381\">\n\t\t<a class=\"\" href=\"\/fr\/impact-2\/\" >\t\t\t\t\t\t<div class=\"img-inner image-color dark\" >\n\t\t\t<img decoding=\"async\" width=\"100\" height=\"100\" src=\"https:\/\/ecoturbino.shop\/wp-content\/uploads\/2024\/01\/impact2.svg\" class=\"attachment-original size-original\" alt=\"\" \/>\t\t\t\t\t\t\n\t\t\t\t\t<\/div>\n\t\t\t\t\t\t<\/a>\t\t\n<style>\n#image_548485381 {\n  width: 100%;\n}\n<\/style>\n\t<\/div>\n\t\n\t<div class=\"img has-hover x md-x lg-x y md-y lg-y\" id=\"image_479456962\">\n\t\t<a class=\"\" href=\"\/fr\/impact-3\/\" >\t\t\t\t\t\t<div class=\"img-inner image-color dark\" >\n\t\t\t<img decoding=\"async\" width=\"100\" height=\"100\" src=\"https:\/\/ecoturbino.shop\/wp-content\/uploads\/2024\/01\/impact3.svg\" class=\"attachment-original size-original\" alt=\"\" \/>\t\t\t\t\t\t\n\t\t\t\t\t<\/div>\n\t\t\t\t\t\t<\/a>\t\t\n<style>\n#image_479456962 {\n  width: 100%;\n}\n<\/style>\n\t<\/div>\n\t\n\t<div class=\"img has-hover x md-x lg-x y md-y lg-y\" id=\"image_1982513958\">\n\t\t<a class=\"\" href=\"\/fr\/impact-4-2\/\" >\t\t\t\t\t\t<div class=\"img-inner image-color dark\" >\n\t\t\t<img decoding=\"async\" width=\"100\" height=\"100\" src=\"https:\/\/ecoturbino.shop\/wp-content\/uploads\/2024\/01\/impact4.svg\" class=\"attachment-original size-original\" alt=\"\" \/>\t\t\t\t\t\t\n\t\t\t\t\t<\/div>\n\t\t\t\t\t\t<\/a>\t\t\n<style>\n#image_1982513958 {\n  width: 100%;\n}\n<\/style>\n\t<\/div>\n\t\n\t<div class=\"img has-hover x md-x lg-x y md-y lg-y\" id=\"image_1970760331\">\n\t\t<a class=\"\" href=\"\/fr\/impact-5-2\/\" >\t\t\t\t\t\t<div class=\"img-inner image-color dark\" >\n\t\t\t<img decoding=\"async\" width=\"100\" height=\"100\" src=\"https:\/\/ecoturbino.shop\/wp-content\/uploads\/2024\/01\/impact5.svg\" class=\"attachment-original size-original\" alt=\"\" \/>\t\t\t\t\t\t\n\t\t\t\t\t<\/div>\n\t\t\t\t\t\t<\/a>\t\t\n<style>\n#image_1970760331 {\n  width: 100%;\n}\n<\/style>\n\t<\/div>\n\t\n\t<div class=\"img has-hover x md-x lg-x y md-y lg-y\" id=\"image_380268089\">\n\t\t<a class=\"\" href=\"\/fr\/impact-6\/\" >\t\t\t\t\t\t<div class=\"img-inner image-color dark\" >\n\t\t\t<img decoding=\"async\" width=\"100\" height=\"100\" src=\"https:\/\/ecoturbino.shop\/wp-content\/uploads\/2024\/01\/impact6.svg\" class=\"attachment-original size-original\" alt=\"\" \/>\t\t\t\t\t\t\n\t\t\t\t\t<\/div>\n\t\t\t\t\t\t<\/a>\t\t\n<style>\n#image_380268089 {\n  width: 100%;\n}\n<\/style>\n\t<\/div>\n\t\n\t<div class=\"img has-hover x md-x lg-x y md-y lg-y\" id=\"image_754677498\">\n\t\t<a class=\"\" href=\"\/fr\/impact-7-2\/\" >\t\t\t\t\t\t<div class=\"img-inner image-color dark\" >\n\t\t\t<img decoding=\"async\" width=\"100\" height=\"100\" src=\"https:\/\/ecoturbino.shop\/wp-content\/uploads\/2024\/01\/impact7.svg\" class=\"attachment-original size-original\" alt=\"\" \/>\t\t\t\t\t\t\n\t\t\t\t\t<\/div>\n\t\t\t\t\t\t<\/a>\t\t\n<style>\n#image_754677498 {\n  width: 100%;\n}\n<\/style>\n\t<\/div>\n\t\n\t\t\n<style>\n#stack-1439565475 > * {\n  --stack-gap: 1rem;\n}\n<\/style>\n\t<\/div>\n\t\n\t\t<\/div>\n\t\t\t\t\t<\/div>\n\n\t\n<\/div>\n\t\t<\/div>\n\t\t\t\t\t<\/div>\n\n\t\n\n\t<div id=\"col-61263594\" class=\"col medium-3 small-12 large-3\"  >\n\t\t\t\t<div class=\"col-inner\"  >\n\t\t\t\n\t\t\t\n\t<div class=\"img has-hover x md-x lg-x y md-y lg-y\" id=\"image_1601946874\">\n\t\t\t\t\t\t\t\t<div class=\"img-inner dark\" >\n\t\t\t<img decoding=\"async\" width=\"100\" height=\"100\" src=\"https:\/\/ecoturbino.shop\/wp-content\/uploads\/2024\/01\/impact1.svg\" class=\"attachment-original size-original\" alt=\"\" \/>\t\t\t\t\t\t\n\t\t\t\t\t<\/div>\n\t\t\t\t\t\t\t\t\n<style>\n#image_1601946874 {\n  width: 100%;\n}\n<\/style>\n\t<\/div>\n\t\n\t\t<\/div>\n\t\t\t\t\t<\/div>\n\n\t\n<\/div>\n<div class=\"row\"  id=\"row-1722550897\">\n\n\t<div id=\"col-1212299353\" class=\"col small-12 large-12\"  >\n\t\t\t\t<div class=\"col-inner\"  >\n\t\t\t\n\t\t\t\n<div class=\"is-divider divider clearfix\" style=\"max-width:100%;height:1px;\"><\/div>\n<h2><span style=\"font-size: 120%;\">L'exp\u00e9rience d'une douche comme \u00e0 l'ext\u00e9rieur - une douche de pluie audible pour le confort<\/span><\/h2>\n<p>Pour de nombreuses personnes, le quotidien <strong>douche<\/strong> est plus qu'une simple mesure d'hygi\u00e8ne n\u00e9cessaire. C'est une <strong>moment de d\u00e9tente, de bien-\u00eatre et de rafra\u00eechissement.<\/strong><\/p>\n<p>Dans le monde tr\u00e9pidant d'aujourd'hui, o\u00f9 le stress et les d\u00e9lais sont omnipr\u00e9sents, les <strong>la douche peut \u00eatre une oasis de calme<\/strong> et le rajeunissement.<\/p>\n<p>Et lorsque vous pouvez am\u00e9liorer la<strong> l'exp\u00e9rience de la douche par le ressenti<\/strong> comme si vous vous trouviez sous un <strong>douche rafra\u00eechissante en plein air ou \u00e0 c\u00f4t\u00e9 d'une cascade,<\/strong> ce moment devient quelque chose de vraiment sp\u00e9cial. Gr\u00e2ce \u00e0 ecoturbino, c'est d\u00e9sormais possible.<\/p>\n<h3>La nostalgie de la nature dans la salle de bains<\/h3>\n<p>Les <strong>la nostalgie de la nature et du plein air<\/strong> est profond\u00e9ment ancr\u00e9e en nous. Tout au long de l'histoire, <strong>l'homme a cherch\u00e9 \u00e0 se rapprocher de la nature<\/strong> et nous l'avons int\u00e9gr\u00e9e dans notre vie quotidienne, que ce soit en verdissant nos espaces de vie ou en utilisant des mat\u00e9riaux naturels.<\/p>\n<p>Il est donc tout \u00e0 fait naturel que nous souhaitions \u00e9galement faire l'exp\u00e9rience de la nature dans nos salles de bains. L'id\u00e9e de se tenir sous une douche \u00e0 effet de pluie rafra\u00eechissante, avec des <strong>bruits d'eau en ext\u00e9rieur<\/strong>, tandis que la chaleur <strong>l'eau coule doucement sur nos corps<\/strong>, est tr\u00e8s attrayante pour beaucoup d'entre nous. Gr\u00e2ce \u00e0 ecoturbino, c'est d\u00e9sormais possible.<\/p>\n\t<div id=\"gap-1973285420\" class=\"gap-element clearfix\" style=\"display:block; height:auto;\">\n\t\t\n<style>\n#gap-1973285420 {\n  padding-top: 30px;\n}\n<\/style>\n\t<\/div>\n\t\n<div class=\"row\"  id=\"row-408734648\">\n\n\t<div id=\"col-456652761\" class=\"col medium-4 small-12 large-4\"  >\n\t\t\t\t<div class=\"col-inner\"  >\n\t\t\t\n\t\t\t\n\t<div class=\"img has-hover radius10 x md-x lg-x y md-y lg-y\" id=\"image_1070186098\">\n\t\t\t\t\t\t\t\t<div class=\"img-inner dark\" >\n\t\t\t<img decoding=\"async\" width=\"600\" height=\"600\" src=\"https:\/\/ecoturbino.shop\/wp-content\/uploads\/2024\/01\/waterfall_600.webp\" class=\"attachment-original size-original\" alt=\"Cascade\" srcset=\"https:\/\/ecoturbino.shop\/wp-content\/uploads\/2024\/01\/waterfall_600.webp 600w, https:\/\/ecoturbino.shop\/wp-content\/uploads\/2024\/01\/waterfall_600-470x470.webp 470w, https:\/\/ecoturbino.shop\/wp-content\/uploads\/2024\/01\/waterfall_600-340x340.webp 340w\" sizes=\"(max-width: 600px) 100vw, 600px\" \/>\t\t\t\t\t\t\n\t\t\t\t\t<\/div>\n\t\t\t\t\t\t\t\t\n<style>\n#image_1070186098 {\n  width: 100%;\n}\n<\/style>\n\t<\/div>\n\t\n\t\t<\/div>\n\t\t\t\t\t<\/div>\n\n\t\n\n\t<div id=\"col-1130453252\" class=\"col medium-8 small-12 large-8\"  >\n\t\t\t\t<div class=\"col-inner\"  >\n\t\t\t\n\t\t\t\n<h3>Le bruit de l'eau et de la pluie | une exp\u00e9rience auditive relaxante<\/h3>\n<p>Mais la <strong>Douche sonore de pluie et d'eau<\/strong> sous la douche ne se limite pas \u00e0 la sensation de la pluie chaude sur la peau. Elle inclut \u00e9galement le son apaisant de la pluie qui frappe doucement le corps et tombe en cascade. Ce doux clapotis nous rappelle la fra\u00eecheur d'une journ\u00e9e d'\u00e9t\u00e9. <strong>douche de pluie ext\u00e9rieure<\/strong> et aide \u00e0 se d\u00e9barrasser du stress de la vie quotidienne.<\/p>\n<blockquote><p>Les bulles d'air pressuris\u00e9es int\u00e9gr\u00e9es dans le flux d'eau par ecoturbino se d\u00e9roulent essentiellement lorsqu'elles sortent des buses de la pomme de douche. Cela cr\u00e9e une sensation de fra\u00eecheur que l'on peut comparer \u00e0 une douche de pluie en plein air. Une exp\u00e9rience fantastique.<\/p><\/blockquote>\n<p>Les <strong>son de <a href=\"https:\/\/en.wikipedia.org\/wiki\/Waterfall\" target=\"_blank\" rel=\"noopener sponsored\">chute d'eau<\/a><\/strong> peut avoir un effet calmant et att\u00e9nuer le stress. Il cr\u00e9e une <strong>une atmosph\u00e8re d\u00e9tendue qui facilite le l\u00e2cher-prise<\/strong> et se concentrer sur l'exp\u00e9rience de la douche. Le doux murmure de l'eau peut apaiser l'esprit et d\u00e9tendre le corps, ce qui est particuli\u00e8rement r\u00e9confortant apr\u00e8s une longue journ\u00e9e.<\/p>\n\t\t<\/div>\n\t\t\t\t\t<\/div>\n\n\t\n<\/div>\n\t<div id=\"gap-1578478930\" class=\"gap-element clearfix\" style=\"display:block; height:auto;\">\n\t\t\n<style>\n#gap-1578478930 {\n  padding-top: 30px;\n}\n<\/style>\n\t<\/div>\n\t\n<div class=\"row\"  id=\"row-164480290\">\n\n\t<div id=\"col-648989428\" class=\"col medium-6 small-12 large-6\"  >\n\t\t\t\t<div class=\"col-inner\"  >\n\t\t\t\n\t\t\t\n<h3>La science derri\u00e8re l'exp\u00e9rience de la douche<\/h3>\n<blockquote><p>L'effet relaxant des bruits de l'eau est scientifiquement prouv\u00e9. Des \u00e9tudes ont montr\u00e9 que l'\u00e9coute des sons de l'eau peut r\u00e9duire le niveau de stress.<\/p><\/blockquote>\n<p>Les <strong>le bruit de la pluie, des vagues ou de l'eau qui coule<\/strong> active certaines parties du cerveau associ\u00e9es \u00e0 la relaxation et au bien-\u00eatre.<\/p>\n<p>Cela explique pourquoi de nombreuses personnes <strong>consid\u00e9rer la douche comme un moyen d'\u00e9vacuer le stress et de se d\u00e9tendre<\/strong>. Gr\u00e2ce \u00e0 ecoturbino, c'est d\u00e9sormais possible.<\/p>\n\t\t<\/div>\n\t\t\t\t\t<\/div>\n\n\t\n\n\t<div id=\"col-316602089\" class=\"col medium-6 small-12 large-6\"  >\n\t\t\t\t<div class=\"col-inner\" style=\"background-color:#c0d63d;\" >\n\t\t\t\n\t\t\t\n\t<div id=\"text-786325554\" class=\"text\">\n\t\t\n<h4 class=\"uppercase\">CONCLUSION<\/h4>\n\t\t\n<style>\n#text-786325554 {\n  font-size: 2rem;\n  text-align: right;\n  color: rgb(255, 255, 255);\n}\n#text-786325554 > * {\n  color: rgb(255, 255, 255);\n}\n@media (min-width:850px) {\n  #text-786325554 {\n    font-size: 3.5rem;\n  }\n}\n<\/style>\n\t<\/div>\n\t\n<h3>Prendre une douche comme \u00e0 l'ext\u00e9rieur<\/h3>\n<p>Vivre la douche comme s'il s'agissait d'une <strong>douche de pluie audible<\/strong> est plus qu'une simple douche. C'est un moyen d'int\u00e9grer la nature dans notre vie quotidienne, de r\u00e9duire le stress et de se d\u00e9tendre.<\/p>\n<p>Avec une averse et le <strong>les \u00e9l\u00e9ments atmosph\u00e9riques appropri\u00e9s dans le <a href=\"https:\/\/maps.ecoturbino.shop\/directory-world\/categories\/hotel\/\">h\u00f4tel<\/a> ou salle de bain domestique<\/strong>, Tout le monde peut profiter de ce moment de d\u00e9tente.<\/p>\n<p>Alors, offrez-vous de temps en temps une pause sous votre petit nuage de pluie et savourez cette sensation comme si vous vous trouviez sous une douche chaude en plein air. Votre corps et votre esprit vous remercieront.<\/p>\n\t\t<\/div>\n\t\t\t\t\n<style>\n#col-316602089 > .col-inner {\n  padding: 10px 20px 1px 25px;\n  border-radius: 10px;\n}\n<\/style>\n\t<\/div>\n\n\t\n<\/div>\n<div class=\"video video-fit mb\" style=\"padding-top:56.25%;\"><p><iframe title=\"Cascade s&#039;\u00e9coulant sur des rochers dans une for\u00eat 4k. Bruit blanc pour le sommeil, la m\u00e9ditation.\" width=\"1020\" height=\"574\" src=\"https:\/\/www.youtube.com\/embed\/sa2JCQ1Dils?feature=oembed\" frameborder=\"0\" allow=\"accelerometer; autoplay; clipboard-write; encrypted-media; gyroscope; picture-in-picture; web-share\" referrerpolicy=\"strict-origin-when-cross-origin\" allowfullscreen><\/iframe><\/p>\n<\/div>\n\t\t<\/div>\n\t\t\t\t\t<\/div>\n\n\t\n<\/div>\n\t\t<\/div>\n\n\t\t\n<style>\n#section_909915322 {\n  padding-top: 30px;\n  padding-bottom: 30px;\n}\n<\/style>\n\t<\/section>","protected":false},"excerpt":{"rendered":"","protected":false},"author":1320,"featured_media":0,"parent":0,"menu_order":0,"comment_status":"closed","ping_status":"closed","template":"page-blank.php","meta":{"inline_featured_image":false,"footnotes":""},"class_list":["post-48890","page","type-page","status-publish","hentry"],"_links":{"self":[{"href":"https:\/\/ecoturbino.shop\/fr\/wp-json\/wp\/v2\/pages\/48890","targetHints":{"allow":["GET"]}}],"collection":[{"href":"https:\/\/ecoturbino.shop\/fr\/wp-json\/wp\/v2\/pages"}],"about":[{"href":"https:\/\/ecoturbino.shop\/fr\/wp-json\/wp\/v2\/types\/page"}],"author":[{"embeddable":true,"href":"https:\/\/ecoturbino.shop\/fr\/wp-json\/wp\/v2\/users\/1320"}],"replies":[{"embeddable":true,"href":"https:\/\/ecoturbino.shop\/fr\/wp-json\/wp\/v2\/comments?post=48890"}],"version-history":[{"count":0,"href":"https:\/\/ecoturbino.shop\/fr\/wp-json\/wp\/v2\/pages\/48890\/revisions"}],"wp:attachment":[{"href":"https:\/\/ecoturbino.shop\/fr\/wp-json\/wp\/v2\/media?parent=48890"}],"curies":[{"name":"wp","href":"https:\/\/api.w.org\/{rel}","templated":true}]}}