{"id":48899,"date":"2024-01-23T19:21:04","date_gmt":"2024-01-23T18:21:04","guid":{"rendered":"https:\/\/en.ecoturbino.shop\/?page_id=48899"},"modified":"2026-01-02T10:52:49","modified_gmt":"2026-01-02T09:52:49","slug":"impact-3","status":"publish","type":"page","link":"https:\/\/ecoturbino.shop\/fr\/impact-3\/","title":{"rendered":"Suffisamment d'eau chaude pour toutes les douches en m\u00eame temps"},"content":{"rendered":"<section class=\"section zindex1\" id=\"section_656211867\">\n\t\t<div class=\"section-bg fill\" >\n\t\t\t\t\t\t\t\t\t\n\t\t\t\n\n\t\t<\/div>\n\n\t\t\n\n\t\t<div class=\"section-content relative\">\n\t\t\t\n<div class=\"row row-small\"  id=\"row-975153979\">\n\n\t<div id=\"col-5833165\" class=\"col medium-9 small-12 large-9\"  >\n\t\t\t\t<div class=\"col-inner\"  >\n\t\t\t\n\t\t\t\n<h1 class=\"uppercase\">Approvisionnement suffisant en eau chaude pour toutes les douches<\/h1>\n<h3 class=\"thin-font\">le troisi\u00e8me impact du syst\u00e8me ecoturbino\u00ae d'\u00e9conomie d'eau et de protection de l'environnement<\/h3>\n<div class=\"row\"  id=\"row-526118297\">\n\n\t<div id=\"col-555959797\" class=\"col medium-11 small-12 large-11\"  >\n\t\t\t\t<div class=\"col-inner\"  >\n\t\t\t\n\t\t\t\n\t<div id=\"stack-917199165\" class=\"stack stack-row justify-start items-start\">\n\t\t\n\t<div class=\"img has-hover x md-x lg-x y md-y lg-y\" id=\"image_423868941\">\n\t\t<a class=\"\" href=\"\/fr\/impact-1\/\" >\t\t\t\t\t\t<div class=\"img-inner image-color dark\" >\n\t\t\t<img decoding=\"async\" width=\"100\" height=\"100\" src=\"https:\/\/ecoturbino.shop\/wp-content\/uploads\/2024\/01\/impact1.svg\" class=\"attachment-original size-original\" alt=\"\" \/>\t\t\t\t\t\t\n\t\t\t\t\t<\/div>\n\t\t\t\t\t\t<\/a>\t\t\n<style>\n#image_423868941 {\n  width: 100%;\n}\n<\/style>\n\t<\/div>\n\t\n\t<div class=\"img has-hover x md-x lg-x y md-y lg-y\" id=\"image_542930575\">\n\t\t<a class=\"\" href=\"\/fr\/impact-2\/\" >\t\t\t\t\t\t<div class=\"img-inner image-color dark\" >\n\t\t\t<img decoding=\"async\" width=\"100\" height=\"100\" src=\"https:\/\/ecoturbino.shop\/wp-content\/uploads\/2024\/01\/impact2.svg\" class=\"attachment-original size-original\" alt=\"\" \/>\t\t\t\t\t\t\n\t\t\t\t\t<\/div>\n\t\t\t\t\t\t<\/a>\t\t\n<style>\n#image_542930575 {\n  width: 100%;\n}\n<\/style>\n\t<\/div>\n\t\n\t<div class=\"img has-hover x md-x lg-x y md-y lg-y\" id=\"image_1049501469\">\n\t\t\t\t\t\t\t\t<div class=\"img-inner dark\" >\n\t\t\t<img decoding=\"async\" width=\"100\" height=\"100\" src=\"https:\/\/ecoturbino.shop\/wp-content\/uploads\/2024\/01\/impact3.svg\" class=\"attachment-original size-original\" alt=\"\" \/>\t\t\t\t\t\t\n\t\t\t\t\t<\/div>\n\t\t\t\t\t\t\t\t\n<style>\n#image_1049501469 {\n  width: 100%;\n}\n<\/style>\n\t<\/div>\n\t\n\t<div class=\"img has-hover x md-x lg-x y md-y lg-y\" id=\"image_1359492608\">\n\t\t<a class=\"\" href=\"\/fr\/impact-4-2\/\" >\t\t\t\t\t\t<div class=\"img-inner image-color dark\" >\n\t\t\t<img decoding=\"async\" width=\"100\" height=\"100\" src=\"https:\/\/ecoturbino.shop\/wp-content\/uploads\/2024\/01\/impact4.svg\" class=\"attachment-original size-original\" alt=\"\" \/>\t\t\t\t\t\t\n\t\t\t\t\t<\/div>\n\t\t\t\t\t\t<\/a>\t\t\n<style>\n#image_1359492608 {\n  width: 100%;\n}\n<\/style>\n\t<\/div>\n\t\n\t<div class=\"img has-hover x md-x lg-x y md-y lg-y\" id=\"image_40494248\">\n\t\t<a class=\"\" href=\"\/fr\/impact-5-2\/\" >\t\t\t\t\t\t<div class=\"img-inner image-color dark\" >\n\t\t\t<img decoding=\"async\" width=\"100\" height=\"100\" src=\"https:\/\/ecoturbino.shop\/wp-content\/uploads\/2024\/01\/impact5.svg\" class=\"attachment-original size-original\" alt=\"\" \/>\t\t\t\t\t\t\n\t\t\t\t\t<\/div>\n\t\t\t\t\t\t<\/a>\t\t\n<style>\n#image_40494248 {\n  width: 100%;\n}\n<\/style>\n\t<\/div>\n\t\n\t<div class=\"img has-hover x md-x lg-x y md-y lg-y\" id=\"image_1663367665\">\n\t\t<a class=\"\" href=\"\/fr\/impact-6\/\" >\t\t\t\t\t\t<div class=\"img-inner image-color dark\" >\n\t\t\t<img decoding=\"async\" width=\"100\" height=\"100\" src=\"https:\/\/ecoturbino.shop\/wp-content\/uploads\/2024\/01\/impact6.svg\" class=\"attachment-original size-original\" alt=\"\" \/>\t\t\t\t\t\t\n\t\t\t\t\t<\/div>\n\t\t\t\t\t\t<\/a>\t\t\n<style>\n#image_1663367665 {\n  width: 100%;\n}\n<\/style>\n\t<\/div>\n\t\n\t<div class=\"img has-hover x md-x lg-x y md-y lg-y\" id=\"image_1091085212\">\n\t\t<a class=\"\" href=\"\/fr\/impact-7-2\/\" >\t\t\t\t\t\t<div class=\"img-inner image-color dark\" >\n\t\t\t<img decoding=\"async\" width=\"100\" height=\"100\" src=\"https:\/\/ecoturbino.shop\/wp-content\/uploads\/2024\/01\/impact7.svg\" class=\"attachment-original size-original\" alt=\"\" \/>\t\t\t\t\t\t\n\t\t\t\t\t<\/div>\n\t\t\t\t\t\t<\/a>\t\t\n<style>\n#image_1091085212 {\n  width: 100%;\n}\n<\/style>\n\t<\/div>\n\t\n\t\t\n<style>\n#stack-917199165 > * {\n  --stack-gap: 1rem;\n}\n<\/style>\n\t<\/div>\n\t\n\t\t<\/div>\n\t\t\t\t\t<\/div>\n\n\t\n<\/div>\n\t\t<\/div>\n\t\t\t\t\t<\/div>\n\n\t\n\n\t<div id=\"col-441678082\" class=\"col medium-3 small-12 large-3\"  >\n\t\t\t\t<div class=\"col-inner\"  >\n\t\t\t\n\t\t\t\n\t<div class=\"img has-hover x md-x lg-x y md-y lg-y\" id=\"image_1199403472\">\n\t\t\t\t\t\t\t\t<div class=\"img-inner dark\" >\n\t\t\t<img decoding=\"async\" width=\"100\" height=\"100\" src=\"https:\/\/ecoturbino.shop\/wp-content\/uploads\/2024\/01\/impact3.svg\" class=\"attachment-original size-original\" alt=\"\" \/>\t\t\t\t\t\t\n\t\t\t\t\t<\/div>\n\t\t\t\t\t\t\t\t\n<style>\n#image_1199403472 {\n  width: 100%;\n}\n<\/style>\n\t<\/div>\n\t\n\t\t<\/div>\n\t\t\t\t\t<\/div>\n\n\t\n<\/div>\n<div class=\"row\"  id=\"row-2089433766\">\n\n\t<div id=\"col-1676577474\" class=\"col small-12 large-12\"  >\n\t\t\t\t<div class=\"col-inner\"  >\n\t\t\t\n\t\t\t\n<div class=\"is-divider divider clearfix\" style=\"max-width:100%;height:1px;\"><\/div>\n<h3><span style=\"font-size: 120%;\">Petites chaudi\u00e8res et production d'eau chaude pour tous | Probl\u00e8me et solution avec ecoturbino<\/span><\/h3>\n<p>La question de la <strong>l'approvisionnement en eau chaude est souvent n\u00e9glig\u00e9<\/strong> mais reste un \u00e9l\u00e9ment crucial pour le confort et la qualit\u00e9 de vie dans de nombreux pays. <strong>m\u00e9nages, <a href=\"https:\/\/maps.ecoturbino.shop\/directory-world\/categories\/sports-center\/\" target=\"_blank\" rel=\"noopener\">salles de sport<\/a>, les dortoirs pour \u00e9tudiants,<\/strong> et d'autres \u00e9quipements collectifs.<\/p>\n<p>En particulier dans les situations o\u00f9 <strong>les petites chaudi\u00e8res ou les pompes \u00e0 chaleur sont la seule source d'eau chaude,<\/strong> La p\u00e9nurie peut survenir lorsque tout le monde veut se doucher en m\u00eame temps. Ce probl\u00e8me touche principalement les familles dans les maisons individuelles, les gymnases et les installations collectives.<\/p>\n<p>C'est ici que le <strong>la technologie innovante de l'ecoturbino entre en jeu<\/strong>, non seulement <strong>une r\u00e9duction impressionnante de 40 % de la consommation d'eau pendant les douches<\/strong> mais aussi, d'une mani\u00e8re g\u00e9n\u00e9rale, d'assurer un approvisionnement suffisant en eau chaude pour tous et d'offrir de nombreux avantages.<\/p>\n<blockquote>\n<p>La dur\u00e9e de disponibilit\u00e9 de l'eau chaude pour les douches est prolong\u00e9e par 40%.<\/p>\n<\/blockquote>\n\t<div id=\"gap-1526165443\" class=\"gap-element clearfix\" style=\"display:block; height:auto;\">\n\t\t\n<style>\n#gap-1526165443 {\n  padding-top: 30px;\n}\n<\/style>\n\t<\/div>\n\t\n<div class=\"row\"  id=\"row-111815810\">\n\n\t<div id=\"col-647475498\" class=\"col medium-4 small-12 large-4\"  >\n\t\t\t\t<div class=\"col-inner\"  >\n\t\t\t\n\t\t\t\n\t<div class=\"img has-hover radius10 x md-x lg-x y md-y lg-y\" id=\"image_823553089\">\n\t\t\t\t\t\t\t\t<div class=\"img-inner dark\" >\n\t\t\t<img decoding=\"async\" width=\"600\" height=\"600\" src=\"https:\/\/ecoturbino.shop\/wp-content\/uploads\/2024\/01\/setting-temp_600-1.webp\" class=\"attachment-original size-original\" alt=\"R\u00e9glage de la temp\u00e9rature Eau\" srcset=\"https:\/\/ecoturbino.shop\/wp-content\/uploads\/2024\/01\/setting-temp_600-1.webp 600w, https:\/\/ecoturbino.shop\/wp-content\/uploads\/2024\/01\/setting-temp_600-1-470x470.webp 470w, https:\/\/ecoturbino.shop\/wp-content\/uploads\/2024\/01\/setting-temp_600-1-340x340.webp 340w\" sizes=\"(max-width: 600px) 100vw, 600px\" \/>\t\t\t\t\t\t\n\t\t\t\t\t<\/div>\n\t\t\t\t\t\t\t\t\n<style>\n#image_823553089 {\n  width: 100%;\n}\n<\/style>\n\t<\/div>\n\t\n\t\t<\/div>\n\t\t\t\t\t<\/div>\n\n\t\n\n\t<div id=\"col-106619439\" class=\"col medium-8 small-12 large-8\"  >\n\t\t\t\t<div class=\"col-inner\"  >\n\t\t\t\n\t\t\t\n<h3>Le probl\u00e8me des petites chaudi\u00e8res et <a href=\"https:\/\/en.wikipedia.org\/wiki\/Heat_pump\" target=\"_blank\" rel=\"noopener sponsored\">Pompes \u00e0 chaleur<\/a><\/h3>\n<p>Dans de nombreuses maisons d'habitation et installations collectives, <strong>les syst\u00e8mes d'alimentation en eau chaude sont souvent sous-dimensionn\u00e9s<\/strong> en raison de ressources limit\u00e9es ou de contraintes d'espace.<\/p>\n<p>Les petites chaudi\u00e8res ou pompes \u00e0 chaleur peuvent poser des difficult\u00e9s, <strong>surtout lorsque plusieurs personnes veulent se doucher en m\u00eame temps.<\/strong> Cela conduit souvent \u00e0 des situations d\u00e9sagr\u00e9ables o\u00f9 l'eau chaude se rar\u00e9fie, voire s'\u00e9puise compl\u00e8tement.<\/p>\n<p>Les membres de la famille doivent se d\u00e9p\u00eacher pendant les douches ou attendre qu'il y ait plus d'eau chaude, <strong>les clients des salles de sport sont frustr\u00e9s,<\/strong> et le confort g\u00e9n\u00e9ral est consid\u00e9rablement compromis.<\/p>\n\t\t<\/div>\n\t\t\t\t\t<\/div>\n\n\t\n<\/div>\n\t<div id=\"gap-89205849\" class=\"gap-element clearfix\" style=\"display:block; height:auto;\">\n\t\t\n<style>\n#gap-89205849 {\n  padding-top: 30px;\n}\n<\/style>\n\t<\/div>\n\t\n<div class=\"row\"  id=\"row-15581093\">\n\n\t<div id=\"col-1882228772\" class=\"col medium-6 small-12 large-6\"  >\n\t\t\t\t<div class=\"col-inner\" style=\"background-color:rgb(255,255,255);\" >\n\t\t\t\n\t\t\t\n<h3>La solution \u201cEau chaude suffisante pour tous\u201d = ecoturbino<\/h3>\n<p>La technologie ecoturbino offre une<strong> une solution efficace \u00e0 ce probl\u00e8me g\u00e9n\u00e9ralis\u00e9<\/strong>. Il est con\u00e7u pour <strong>r\u00e9duire consid\u00e9rablement la consommation d'eau pendant les douches<\/strong> sans compromettre le confort de la douche. Voici quelques-uns des avantages qu'ecoturbino offre \u00e0 chacun :<\/p>\n<ul>\n<li><strong>R\u00e9duite (HOT) - Consommation d'eau :<\/strong> ecoturbino peut r\u00e9duire la consommation d'eau d'un pourcentage impressionnant de 40 %. Cela signifie qu'il faut chauffer moins d'eau pour obtenir de l'eau chaude pour les douches, ou que la quantit\u00e9 existante est suffisante pour un plus grand nombre de douches. Cela permet de r\u00e9aliser d'importantes \u00e9conomies d'\u00e9nergie et d'eau.<\/li>\n<\/ul>\n<blockquote>\n<p>De l'eau chaude en quantit\u00e9 suffisante pour tous : en r\u00e9duisant la consommation d'eau, ecoturbino garantit qu'il y a suffisamment d'eau chaude pour tout le monde, m\u00eame lorsque plusieurs personnes veulent se doucher en m\u00eame temps. Le probl\u00e8me de la capacit\u00e9 limit\u00e9e des petites chaudi\u00e8res ou des pompes \u00e0 chaleur est ainsi r\u00e9solu.<\/p>\n<\/blockquote>\n<ul>\n<li><strong>Retour rapide :<\/strong> L'installation d'ecoturbino est simple et rentable. Les \u00e9conomies r\u00e9alis\u00e9es sur les co\u00fbts de l'\u00e9nergie et de l'eau rendent l'investissement rentable en peu de temps. Pour les familles, les gymnases et autres installations, ecoturbino est rapidement rentabilis\u00e9.<\/li>\n<li><strong>Respectueux de l'environnement :<\/strong> En r\u00e9duisant la consommation d'eau, ecoturbino contribue \u00e0 pr\u00e9server les ressources en eau et \u00e0 r\u00e9duire les \u00e9missions de CO2. Ce n'est pas seulement b\u00e9n\u00e9fique pour votre portefeuille, mais aussi pour l'environnement.<\/li>\n<li><strong>Confort de douche am\u00e9lior\u00e9 :<\/strong> Malgr\u00e9 la r\u00e9duction de la consommation d'eau, <strong>ecoturbino offre une exp\u00e9rience de douche inchang\u00e9e, agr\u00e9able et relaxante<\/strong>. La technologie garantit que le flux d'eau reste fort et agr\u00e9able sans \u00eatre gaspill\u00e9 (principe d'am\u00e9lioration de la pression sans \u00e9nergie externe).<\/li>\n<\/ul>\n\t\t<\/div>\n\t\t\t\t\n<style>\n#col-1882228772 > .col-inner {\n  padding: 0px 0px 1px 0px;\n  border-radius: 10px;\n}\n<\/style>\n\t<\/div>\n\n\t\n\n\t<div id=\"col-1997748179\" class=\"col medium-6 small-12 large-6\"  >\n\t\t\t\t<div class=\"col-inner\" style=\"background-color:#c0d63d;\" >\n\t\t\t\n\t\t\t\n\t<div id=\"text-2590974732\" class=\"text\">\n\t\t\n<h4 class=\"uppercase\">CONCLUSION<\/h4>\n\t\t\n<style>\n#text-2590974732 {\n  font-size: 2rem;\n  text-align: right;\n  color: rgb(255,255,255);\n}\n#text-2590974732 > * {\n  color: rgb(255,255,255);\n}\n@media (min-width:850px) {\n  #text-2590974732 {\n    font-size: 3.5rem;\n  }\n}\n<\/style>\n\t<\/div>\n\t\n<h3>Des avantages pour tous gr\u00e2ce au syst\u00e8me ecoturbino<\/h3>\n<p>La technologie ecoturbino est un <strong>une solution gagnant-gagnant pour tous<\/strong> de faire face \u00e0 des ressources en eau chaude limit\u00e9es. Il s'agit <strong>r\u00e9duit la consommation d'eau et garantit une quantit\u00e9 suffisante d'eau chaude pour tous,<\/strong> et offre de nombreux avantages en termes d'\u00e9conomies, de respect de l'environnement et de confort de la douche.<\/p>\n<blockquote>\n<p>Qu'il s'agisse de maisons familiales, de gymnases ou d'autres installations collectives, ecoturbino assure un approvisionnement en eau chaude efficace et satisfaisant pour tous.<\/p>\n<\/blockquote>\n<p>Si un <strong>Le drain existant est trop petit,<\/strong> ecoturbino peut \u00e9galement aider \u00e0 r\u00e9soudre ce probl\u00e8me. Au lieu d'inonder, l'utilisation de nos produits est <strong>souvent suffisante pour \u00e9viter un d\u00e9bordement,<\/strong> de sorte que seule 60% de la capacit\u00e9 de drainage est n\u00e9cessaire - le d\u00e9bordement peut souvent \u00eatre \u00e9vit\u00e9.<\/p>\n\t\t<\/div>\n\t\t\t\t\n<style>\n#col-1997748179 > .col-inner {\n  padding: 10px 20px 1px 25px;\n  border-radius: 10px;\n}\n<\/style>\n\t<\/div>\n\n\t\n<\/div>\n\t\t<\/div>\n\t\t\t\t\n<style>\n#col-1676577474 > .col-inner {\n  margin: 0px 0px -200px 0px;\n}\n<\/style>\n\t<\/div>\n\n\t\n<\/div>\n\t\t<\/div>\n\n\t\t\n<style>\n#section_656211867 {\n  padding-top: 30px;\n  padding-bottom: 30px;\n}\n<\/style>\n\t<\/section>\n\t\n\n\t<section class=\"section hide-for-small\" id=\"section_237299143\">\n\t\t<div class=\"section-bg fill\" >\n\t\t\t<img decoding=\"async\" width=\"1920\" height=\"683\" src=\"https:\/\/ecoturbino.shop\/wp-content\/uploads\/2025\/12\/ecoturbino-function_1920.webp\" class=\"bg attachment- size-\" alt=\"fonction ecoturbino\" \/>\t\t\t\t\t\t<div class=\"section-bg-overlay absolute fill\"><\/div>\n\t\t\t\n\n\t\t<\/div>\n\n\t\t\t<div class=\"ux-shape-divider ux-shape-divider--top ux-shape-divider--style-waves-opacity\">\n\t\t<svg viewbox=\"0 0 1000 300\" xmlns=\"http:\/\/www.w3.org\/2000\/svg\" preserveaspectratio=\"none\">\n    <path class=\"ux-shape-fill\" d=\"M0 300L-1 69.71C216 57 299.47 198.86 403 226C506 253 577 196 660 197C740 198 790.09 234.07 874 267C935.23 291 982 282.61 1000 277.61V300H0Z\"\/>\n    <path class=\"ux-shape-fill\" opacity=\"0.5\" d=\"M1 265.094L0 50.5C217 37.79 300.47 186.36 404 213.5C507 240.5 578 196.5 661 197.5C741 198.5 787.59 239.57 871.5 272.5C932.73 296.5 980.5 284.5 998.5 279.5V298.5L1 265.094Z\"\/>\n    <path class=\"ux-shape-fill\" opacity=\"0.15\" d=\"M0.999878 244.094L-0.00012207 27C217 14.29 300.47 173.86 404 201C507 228 578 196 661 197C741 198 787.59 243.07 871.5 276C932.73 300 980.5 284.5 998.5 279.5V299L0.999878 244.094Z\"\/>\n<\/svg>\n\n\t<\/div>\n\n\n\t\t<div class=\"section-content relative\">\n\t\t\t\n\t\t<\/div>\n\n\t\t\n<style>\n#section_237299143 {\n  padding-top: 220px;\n  padding-bottom: 220px;\n}\n#section_237299143 .section-bg-overlay {\n  background-color: rgba(0, 0, 0, 0.25);\n}\n#section_237299143 .ux-shape-divider--top svg {\n  height: 80px;\n  --divider-top-width: 100%;\n}\n@media (min-width:550px) {\n  #section_237299143 .ux-shape-divider--top svg {\n    height: 124px;\n  }\n}\n<\/style>\n\t<\/section>","protected":false},"excerpt":{"rendered":"","protected":false},"author":1320,"featured_media":0,"parent":0,"menu_order":0,"comment_status":"closed","ping_status":"closed","template":"page-blank.php","meta":{"inline_featured_image":false,"footnotes":""},"class_list":["post-48899","page","type-page","status-publish","hentry"],"_links":{"self":[{"href":"https:\/\/ecoturbino.shop\/fr\/wp-json\/wp\/v2\/pages\/48899","targetHints":{"allow":["GET"]}}],"collection":[{"href":"https:\/\/ecoturbino.shop\/fr\/wp-json\/wp\/v2\/pages"}],"about":[{"href":"https:\/\/ecoturbino.shop\/fr\/wp-json\/wp\/v2\/types\/page"}],"author":[{"embeddable":true,"href":"https:\/\/ecoturbino.shop\/fr\/wp-json\/wp\/v2\/users\/1320"}],"replies":[{"embeddable":true,"href":"https:\/\/ecoturbino.shop\/fr\/wp-json\/wp\/v2\/comments?post=48899"}],"version-history":[{"count":0,"href":"https:\/\/ecoturbino.shop\/fr\/wp-json\/wp\/v2\/pages\/48899\/revisions"}],"wp:attachment":[{"href":"https:\/\/ecoturbino.shop\/fr\/wp-json\/wp\/v2\/media?parent=48899"}],"curies":[{"name":"wp","href":"https:\/\/api.w.org\/{rel}","templated":true}]}}