{"id":48905,"date":"2024-01-23T19:21:02","date_gmt":"2024-01-23T18:21:02","guid":{"rendered":"https:\/\/en.ecoturbino.shop\/?page_id=48905"},"modified":"2026-01-02T10:53:00","modified_gmt":"2026-01-02T09:53:00","slug":"impact-4-2","status":"publish","type":"page","link":"https:\/\/ecoturbino.shop\/fr\/impact-4\/","title":{"rendered":"Pression de l'eau de douche suffisante pour tout le monde (pas de probl\u00e8me dans les m\u00e9nages)"},"content":{"rendered":"<section class=\"section zindex1\" id=\"section_519791808\">\n\t\t<div class=\"section-bg fill\" >\n\t\t\t\t\t\t\t\t\t\n\t\t\t\n\n\t\t<\/div>\n\n\t\t\n\n\t\t<div class=\"section-content relative\">\n\t\t\t\n<div class=\"row row-small\"  id=\"row-1475268587\">\n\n\t<div id=\"col-1872033541\" class=\"col medium-9 small-12 large-9\"  >\n\t\t\t\t<div class=\"col-inner\"  >\n\t\t\t\n\t\t\t\n<h1 class=\"uppercase\">Pression d'eau suffisante pour tous (uniquement pour les entreprises)<\/h1>\n<h3 class=\"thin-font\">le quatri\u00e8me impact du syst\u00e8me ecoturbino\u00ae d'\u00e9conomie d'eau et de protection de l'environnement<\/h3>\n<div class=\"row\"  id=\"row-253947012\">\n\n\t<div id=\"col-1182321806\" class=\"col medium-11 small-12 large-11\"  >\n\t\t\t\t<div class=\"col-inner\"  >\n\t\t\t\n\t\t\t\n\t<div id=\"stack-2600565358\" class=\"stack stack-row justify-start items-start\">\n\t\t\n\t<div class=\"img has-hover x md-x lg-x y md-y lg-y\" id=\"image_2121617008\">\n\t\t<a class=\"\" href=\"\/fr\/impact-1\/\" >\t\t\t\t\t\t<div class=\"img-inner image-color dark\" >\n\t\t\t<img decoding=\"async\" width=\"100\" height=\"100\" src=\"https:\/\/ecoturbino.shop\/wp-content\/uploads\/2024\/01\/impact1.svg\" class=\"attachment-original size-original\" alt=\"\" \/>\t\t\t\t\t\t\n\t\t\t\t\t<\/div>\n\t\t\t\t\t\t<\/a>\t\t\n<style>\n#image_2121617008 {\n  width: 100%;\n}\n<\/style>\n\t<\/div>\n\t\n\t<div class=\"img has-hover x md-x lg-x y md-y lg-y\" id=\"image_688846974\">\n\t\t<a class=\"\" href=\"\/fr\/impact-2\/\" >\t\t\t\t\t\t<div class=\"img-inner image-color dark\" >\n\t\t\t<img decoding=\"async\" width=\"100\" height=\"100\" src=\"https:\/\/ecoturbino.shop\/wp-content\/uploads\/2024\/01\/impact2.svg\" class=\"attachment-original size-original\" alt=\"\" \/>\t\t\t\t\t\t\n\t\t\t\t\t<\/div>\n\t\t\t\t\t\t<\/a>\t\t\n<style>\n#image_688846974 {\n  width: 100%;\n}\n<\/style>\n\t<\/div>\n\t\n\t<div class=\"img has-hover x md-x lg-x y md-y lg-y\" id=\"image_1162120103\">\n\t\t<a class=\"\" href=\"\/fr\/impact-3\/\" >\t\t\t\t\t\t<div class=\"img-inner image-color dark\" >\n\t\t\t<img decoding=\"async\" width=\"100\" height=\"100\" src=\"https:\/\/ecoturbino.shop\/wp-content\/uploads\/2024\/01\/impact3.svg\" class=\"attachment-original size-original\" alt=\"\" \/>\t\t\t\t\t\t\n\t\t\t\t\t<\/div>\n\t\t\t\t\t\t<\/a>\t\t\n<style>\n#image_1162120103 {\n  width: 100%;\n}\n<\/style>\n\t<\/div>\n\t\n\t<div class=\"img has-hover x md-x lg-x y md-y lg-y\" id=\"image_494812151\">\n\t\t\t\t\t\t\t\t<div class=\"img-inner dark\" >\n\t\t\t<img decoding=\"async\" width=\"100\" height=\"100\" src=\"https:\/\/ecoturbino.shop\/wp-content\/uploads\/2024\/01\/impact4.svg\" class=\"attachment-original size-original\" alt=\"\" \/>\t\t\t\t\t\t\n\t\t\t\t\t<\/div>\n\t\t\t\t\t\t\t\t\n<style>\n#image_494812151 {\n  width: 100%;\n}\n<\/style>\n\t<\/div>\n\t\n\t<div class=\"img has-hover x md-x lg-x y md-y lg-y\" id=\"image_2013673238\">\n\t\t<a class=\"\" href=\"\/fr\/impact-5-2\/\" >\t\t\t\t\t\t<div class=\"img-inner image-color dark\" >\n\t\t\t<img decoding=\"async\" width=\"100\" height=\"100\" src=\"https:\/\/ecoturbino.shop\/wp-content\/uploads\/2024\/01\/impact5.svg\" class=\"attachment-original size-original\" alt=\"\" \/>\t\t\t\t\t\t\n\t\t\t\t\t<\/div>\n\t\t\t\t\t\t<\/a>\t\t\n<style>\n#image_2013673238 {\n  width: 100%;\n}\n<\/style>\n\t<\/div>\n\t\n\t<div class=\"img has-hover x md-x lg-x y md-y lg-y\" id=\"image_1801650580\">\n\t\t<a class=\"\" href=\"\/fr\/impact-6\/\" >\t\t\t\t\t\t<div class=\"img-inner image-color dark\" >\n\t\t\t<img decoding=\"async\" width=\"100\" height=\"100\" src=\"https:\/\/ecoturbino.shop\/wp-content\/uploads\/2024\/01\/impact6.svg\" class=\"attachment-original size-original\" alt=\"\" \/>\t\t\t\t\t\t\n\t\t\t\t\t<\/div>\n\t\t\t\t\t\t<\/a>\t\t\n<style>\n#image_1801650580 {\n  width: 100%;\n}\n<\/style>\n\t<\/div>\n\t\n\t<div class=\"img has-hover x md-x lg-x y md-y lg-y\" id=\"image_1328504256\">\n\t\t<a class=\"\" href=\"\/fr\/impact-7-2\/\" >\t\t\t\t\t\t<div class=\"img-inner image-color dark\" >\n\t\t\t<img decoding=\"async\" width=\"100\" height=\"100\" src=\"https:\/\/ecoturbino.shop\/wp-content\/uploads\/2024\/01\/impact7.svg\" class=\"attachment-original size-original\" alt=\"\" \/>\t\t\t\t\t\t\n\t\t\t\t\t<\/div>\n\t\t\t\t\t\t<\/a>\t\t\n<style>\n#image_1328504256 {\n  width: 100%;\n}\n<\/style>\n\t<\/div>\n\t\n\t\t\n<style>\n#stack-2600565358 > * {\n  --stack-gap: 1rem;\n}\n<\/style>\n\t<\/div>\n\t\n\t\t<\/div>\n\t\t\t\t\t<\/div>\n\n\t\n<\/div>\n\t\t<\/div>\n\t\t\t\t\t<\/div>\n\n\t\n\n\t<div id=\"col-536157156\" class=\"col medium-3 small-12 large-3\"  >\n\t\t\t\t<div class=\"col-inner\"  >\n\t\t\t\n\t\t\t\n\t<div class=\"img has-hover x md-x lg-x y md-y lg-y\" id=\"image_1148832417\">\n\t\t\t\t\t\t\t\t<div class=\"img-inner dark\" >\n\t\t\t<img decoding=\"async\" width=\"100\" height=\"100\" src=\"https:\/\/ecoturbino.shop\/wp-content\/uploads\/2024\/01\/impact4.svg\" class=\"attachment-original size-original\" alt=\"\" \/>\t\t\t\t\t\t\n\t\t\t\t\t<\/div>\n\t\t\t\t\t\t\t\t\n<style>\n#image_1148832417 {\n  width: 100%;\n}\n<\/style>\n\t<\/div>\n\t\n\t\t<\/div>\n\t\t\t\t\t<\/div>\n\n\t\n<\/div>\n<div class=\"row\"  id=\"row-152090664\">\n\n\t<div id=\"col-825568086\" class=\"col small-12 large-12\"  >\n\t\t\t\t<div class=\"col-inner\"  >\n\t\t\t\n\t\t\t\n<div class=\"is-divider divider clearfix\" style=\"max-width:100%;height:1px;\"><\/div>\n<h3><span style=\"font-size: 120%;\">Solutions de douche efficaces pour les h\u00f4tels, <a href=\"https:\/\/maps.ecoturbino.shop\/directory-world\/categories\/student-residences\/\" target=\"_blank\" rel=\"noopener\">Dortoirs pour \u00e9tudiants<\/a>, les clubs et les centres de remise en forme : <a href=\"https:\/\/ecoturbino.shop\/fr\/acheter\/ecoturbino-et10l-adaptateur-de-douche-argente\/\">ecoturbino<\/a> pour une plus grande satisfaction<\/span><\/h3>\n<p>En <strong>Dans les h\u00f4tels, les clubs et les centres de remise en forme, l'approvisionnement en eau chaude peut souvent devenir un v\u00e9ritable probl\u00e8me,<\/strong> surtout lorsque tous les invit\u00e9s ou membres <strong>veulent se doucher en m\u00eame temps<\/strong>. Apr\u00e8s le sport, le ski, ou avant le d\u00eener, les gens se pr\u00e9cipitent vers les douches, et les<a href=\"https:\/\/en.wikipedia.org\/wiki\/Plumbing#Water_pipes\" target=\"_blank\" rel=\"noopener sponsored\"> conduites d'eau<\/a> ne peut que fournir<strong> une capacit\u00e9 d'eau limit\u00e9e.<\/strong><\/p>\n<blockquote>\n<p>Lorsqu'un trop grand nombre de personnes se douchent simultan\u00e9ment, la pression de l'eau diminue consid\u00e9rablement et l'exp\u00e9rience de la douche est g\u00e2ch\u00e9e. Les clients ou les invit\u00e9s sont alors m\u00e9contents et la r\u00e9putation de l'\u00e9tablissement peut en souffrir.<\/p>\n<\/blockquote>\n<p>C'est ici que le <strong>la technologie innovante de l'\u00e9coturbino entre en jeu,<\/strong> r\u00e9duire la consommation d'eau des douches de 40 %, maintenir la pression de l'eau et assurer la satisfaction des clients et des h\u00f4tes.<\/p>\n\t<div id=\"gap-1722144950\" class=\"gap-element clearfix\" style=\"display:block; height:auto;\">\n\t\t\n<style>\n#gap-1722144950 {\n  padding-top: 30px;\n}\n<\/style>\n\t<\/div>\n\t\n<div class=\"row\"  id=\"row-124114298\">\n\n\t<div id=\"col-1394210010\" class=\"col medium-4 small-12 large-4\"  >\n\t\t\t\t<div class=\"col-inner\"  >\n\t\t\t\n\t\t\t\n\t<div class=\"img has-hover radius10 x md-x lg-x y md-y lg-y\" id=\"image_918471475\">\n\t\t\t\t\t\t\t\t<div class=\"img-inner dark\" >\n\t\t\t<img decoding=\"async\" width=\"600\" height=\"600\" src=\"https:\/\/ecoturbino.shop\/wp-content\/uploads\/2024\/01\/hotel-floor_600.webp\" class=\"attachment-original size-original\" alt=\"H\u00f4tel floor | ecoturbino\" srcset=\"https:\/\/ecoturbino.shop\/wp-content\/uploads\/2024\/01\/hotel-floor_600.webp 600w, https:\/\/ecoturbino.shop\/wp-content\/uploads\/2024\/01\/hotel-floor_600-470x470.webp 470w, https:\/\/ecoturbino.shop\/wp-content\/uploads\/2024\/01\/hotel-floor_600-340x340.webp 340w\" sizes=\"(max-width: 600px) 100vw, 600px\" \/>\t\t\t\t\t\t\n\t\t\t\t\t<\/div>\n\t\t\t\t\t\t\t\t\n<style>\n#image_918471475 {\n  width: 100%;\n}\n<\/style>\n\t<\/div>\n\t\n\t\t<\/div>\n\t\t\t\t\t<\/div>\n\n\t\n\n\t<div id=\"col-1585543093\" class=\"col medium-8 small-12 large-8\"  >\n\t\t\t\t<div class=\"col-inner\"  >\n\t\t\t\n\t\t\t\n<h3>Le probl\u00e8me de la capacit\u00e9 limit\u00e9e en eau<\/h3>\n<p>La capacit\u00e9 limit\u00e9e des canalisations et des syst\u00e8mes d'approvisionnement en eau chaude dans les h\u00f4tels, les clubs et les centres de remise en forme est un probl\u00e8me courant qui peut avoir des cons\u00e9quences n\u00e9gatives sur la qualit\u00e9 de l'eau. <strong>peut conduire \u00e0 des situations frustrantes.<\/strong><\/p>\n<p>Quand tout le monde veut <strong>la douche en m\u00eame temps, la pression de l'eau peut baisser<\/strong> \u00e0 tel point que l'eau ne coule plus que goutte \u00e0 goutte. Le plaisir de se doucher est perdu, et <strong>les invit\u00e9s ou les membres sont d\u00e9\u00e7us<\/strong>. Cela peut affecter la satisfaction des clients et ternir la r\u00e9putation de l'\u00e9tablissement.<\/p>\n<ul>\n<li><strong>Longs corridors :<\/strong> Plusieurs pi\u00e8ces sont souvent reli\u00e9es \u00e0 une seule canalisation, et une consommation d'eau accrue \u00e0 proximit\u00e9 du point d'entr\u00e9e de la canalisation se traduit souvent par <strong>l'insuffisance de l'offre dans les points d'utilisation \u00e9loign\u00e9s,<\/strong> un probl\u00e8me courant dans les b\u00e2timents anciens. La solution : L'installation du syst\u00e8me ecoturbino assure une distribution uniforme de l'eau \u00e0 tous les points d'utilisation, y compris dans les b\u00e2timents \u00e0 plusieurs \u00e9tages !<\/li>\n<li>La solution simple : le syst\u00e8me ecoturbino<\/li>\n<\/ul>\n\t\t<\/div>\n\t\t\t\t\t<\/div>\n\n\t\n<\/div>\n\t<div id=\"gap-1083210745\" class=\"gap-element clearfix\" style=\"display:block; height:auto;\">\n\t\t\n<style>\n#gap-1083210745 {\n  padding-top: 30px;\n}\n<\/style>\n\t<\/div>\n\t\n<div class=\"row\"  id=\"row-1517172037\">\n\n\t<div id=\"col-61710489\" class=\"col medium-6 small-12 large-6\"  >\n\t\t\t\t<div class=\"col-inner\" style=\"background-color:rgb(255,255,255);\" >\n\t\t\t\n\t\t\t\n<p>ecoturbino est une solution efficace \u00e0 ce probl\u00e8me tr\u00e8s r\u00e9pandu. Cette technologie a \u00e9t\u00e9 d\u00e9velopp\u00e9e pour r\u00e9duire la consommation d'eau des douches d'un pourcentage impressionnant de 40 % sans affecter la pression de l'eau. Voici quelques-uns des avantages qu'ecoturbino offre aux h\u00f4tels, aux clubs et aux centres de remise en forme :<\/p>\n<ul>\n<li><strong>Pr\u00e9servation de la pression de l'eau :<\/strong> ecoturbino garantit le maintien de la pression de l'eau m\u00eame lorsque plusieurs personnes se douchent simultan\u00e9ment. Cela signifie que tous les invit\u00e9s ou membres peuvent profiter d'un jet d'eau fort et agr\u00e9able sans avoir \u00e0 faire de compromis en raison de la disponibilit\u00e9 limit\u00e9e de l'eau.<\/li>\n<li><strong>Des clients et des h\u00f4tes satisfaits :<\/strong> ecoturbino garantit la satisfaction de ses clients et de ses invit\u00e9s. Ils peuvent profiter pleinement de leur douche sans se soucier de la pression de l'eau. Cela conduit \u00e0 <strong>un bouche-\u00e0-oreille positif<\/strong> et renforce la r\u00e9putation de l'\u00e9tablissement.<\/li>\n<li><strong>\u00c9conomies d'eau :<\/strong> Malgr\u00e9 le maintien de la pression de l'eau, <strong>ecoturbino r\u00e9duit consid\u00e9rablement la consommation d'eau.<\/strong> Cela contribue \u00e0 la conservation des ressources en eau et r\u00e9duit simultan\u00e9ment les co\u00fbts de l'eau.<\/li>\n<li><strong>\u00c9conomies d'\u00e9nergie :<\/strong> Comme il faut chauffer moins d'eau pour obtenir de l'eau de douche chaude, les co\u00fbts \u00e9nerg\u00e9tiques sont \u00e9galement r\u00e9duits. Ce n'est pas seulement b\u00e9n\u00e9fique pour l'environnement, mais aussi pour le budget de l'\u00e9tablissement.<\/li>\n<li><strong>Installation facile :<\/strong> ecoturbino peut \u00eatre install\u00e9 facilement et de mani\u00e8re rentable, sans n\u00e9cessiter de travaux de r\u00e9novation importants. L'investissement est rapidement rentabilis\u00e9 par les \u00e9conomies r\u00e9alis\u00e9es.<\/li>\n<\/ul>\n\t\t<\/div>\n\t\t\t\t\n<style>\n#col-61710489 > .col-inner {\n  padding: 0px 0px 1px 0px;\n  border-radius: 10px;\n}\n<\/style>\n\t<\/div>\n\n\t\n\n\t<div id=\"col-1745107092\" class=\"col medium-6 small-12 large-6\"  >\n\t\t\t\t<div class=\"col-inner\" style=\"background-color:#c0d63d;\" >\n\t\t\t\n\t\t\t\n\t<div id=\"text-1610993832\" class=\"text\">\n\t\t\n<h4 class=\"uppercase\">CONCLUSION<\/h4>\n\t\t\n<style>\n#text-1610993832 {\n  font-size: 2rem;\n  text-align: right;\n  color: rgb(255, 255, 255);\n}\n#text-1610993832 > * {\n  color: rgb(255, 255, 255);\n}\n@media (min-width:550px) {\n  #text-1610993832 {\n    font-size: 3.5rem;\n    text-align: right;\n  }\n}\n<\/style>\n\t<\/div>\n\t\n<h3>Plus de satisfaction, moins de co\u00fbts<\/h3>\n<p>La technologie ecoturbino est un<strong> solution id\u00e9ale pour les h\u00f4tels, les clubs et les centres de remise en forme<\/strong>, ainsi qu'\u00e0 tous ceux qui doivent faire face \u00e0 une capacit\u00e9 d'eau limit\u00e9e. Il ne s'agit pas seulement <strong>veille \u00e0 la satisfaction des clients et des h\u00f4tes<\/strong> mais permet \u00e9galement de r\u00e9aliser d'importantes \u00e9conomies d'eau et de r\u00e9duire les co\u00fbts \u00e9nerg\u00e9tiques.<\/p>\n<p>Avec ecoturbino, les \u00e9tablissements peuvent am\u00e9liorer leurs services tout en r\u00e9duisant leurs co\u00fbts - une situation gagnant-gagnant pour tout le monde.<\/p>\n\t\t<\/div>\n\t\t\t\t\n<style>\n#col-1745107092 > .col-inner {\n  padding: 10px 20px 1px 25px;\n  border-radius: 10px;\n}\n<\/style>\n\t<\/div>\n\n\t\n<\/div>\n\t\t<\/div>\n\t\t\t\t\n<style>\n#col-825568086 > .col-inner {\n  margin: 0px 0px -200px 0px;\n}\n<\/style>\n\t<\/div>\n\n\t\n<\/div>\n\t\t<\/div>\n\n\t\t\n<style>\n#section_519791808 {\n  padding-top: 30px;\n  padding-bottom: 30px;\n}\n<\/style>\n\t<\/section>\n\t\n\n\t<section class=\"section hide-for-small\" id=\"section_1606467938\">\n\t\t<div class=\"section-bg fill\" >\n\t\t\t<img decoding=\"async\" width=\"1920\" height=\"683\" src=\"https:\/\/ecoturbino.shop\/wp-content\/uploads\/2025\/12\/ecoturbino-function_1920.webp\" class=\"bg attachment- size-\" alt=\"fonction ecoturbino\" \/>\t\t\t\t\t\t<div class=\"section-bg-overlay absolute fill\"><\/div>\n\t\t\t\n\n\t\t<\/div>\n\n\t\t\t<div class=\"ux-shape-divider ux-shape-divider--top ux-shape-divider--style-waves-opacity\">\n\t\t<svg viewbox=\"0 0 1000 300\" xmlns=\"http:\/\/www.w3.org\/2000\/svg\" preserveaspectratio=\"none\">\n    <path class=\"ux-shape-fill\" d=\"M0 300L-1 69.71C216 57 299.47 198.86 403 226C506 253 577 196 660 197C740 198 790.09 234.07 874 267C935.23 291 982 282.61 1000 277.61V300H0Z\"\/>\n    <path class=\"ux-shape-fill\" opacity=\"0.5\" d=\"M1 265.094L0 50.5C217 37.79 300.47 186.36 404 213.5C507 240.5 578 196.5 661 197.5C741 198.5 787.59 239.57 871.5 272.5C932.73 296.5 980.5 284.5 998.5 279.5V298.5L1 265.094Z\"\/>\n    <path class=\"ux-shape-fill\" opacity=\"0.15\" d=\"M0.999878 244.094L-0.00012207 27C217 14.29 300.47 173.86 404 201C507 228 578 196 661 197C741 198 787.59 243.07 871.5 276C932.73 300 980.5 284.5 998.5 279.5V299L0.999878 244.094Z\"\/>\n<\/svg>\n\n\t<\/div>\n\n\n\t\t<div class=\"section-content relative\">\n\t\t\t\n\t\t<\/div>\n\n\t\t\n<style>\n#section_1606467938 {\n  padding-top: 220px;\n  padding-bottom: 220px;\n}\n#section_1606467938 .section-bg-overlay {\n  background-color: rgba(0, 0, 0, 0.25);\n}\n#section_1606467938 .ux-shape-divider--top svg {\n  height: 80px;\n  --divider-top-width: 100%;\n}\n@media (min-width:550px) {\n  #section_1606467938 .ux-shape-divider--top svg {\n    height: 124px;\n  }\n}\n<\/style>\n\t<\/section>","protected":false},"excerpt":{"rendered":"","protected":false},"author":1320,"featured_media":0,"parent":0,"menu_order":0,"comment_status":"closed","ping_status":"closed","template":"page-blank.php","meta":{"inline_featured_image":false,"footnotes":""},"class_list":["post-48905","page","type-page","status-publish","hentry"],"_links":{"self":[{"href":"https:\/\/ecoturbino.shop\/fr\/wp-json\/wp\/v2\/pages\/48905","targetHints":{"allow":["GET"]}}],"collection":[{"href":"https:\/\/ecoturbino.shop\/fr\/wp-json\/wp\/v2\/pages"}],"about":[{"href":"https:\/\/ecoturbino.shop\/fr\/wp-json\/wp\/v2\/types\/page"}],"author":[{"embeddable":true,"href":"https:\/\/ecoturbino.shop\/fr\/wp-json\/wp\/v2\/users\/1320"}],"replies":[{"embeddable":true,"href":"https:\/\/ecoturbino.shop\/fr\/wp-json\/wp\/v2\/comments?post=48905"}],"version-history":[{"count":0,"href":"https:\/\/ecoturbino.shop\/fr\/wp-json\/wp\/v2\/pages\/48905\/revisions"}],"wp:attachment":[{"href":"https:\/\/ecoturbino.shop\/fr\/wp-json\/wp\/v2\/media?parent=48905"}],"curies":[{"name":"wp","href":"https:\/\/api.w.org\/{rel}","templated":true}]}}