{"id":48920,"date":"2024-01-23T19:20:20","date_gmt":"2024-01-23T18:20:20","guid":{"rendered":"https:\/\/en.ecoturbino.shop\/?page_id=48920"},"modified":"2026-01-02T10:53:36","modified_gmt":"2026-01-02T09:53:36","slug":"impact-7-2","status":"publish","type":"page","link":"https:\/\/ecoturbino.shop\/fr\/impact-7\/","title":{"rendered":"Eau turbulente - revitalise l'eau"},"content":{"rendered":"<section class=\"section zindex1\" id=\"section_221815666\">\n\t\t<div class=\"section-bg fill\" >\n\t\t\t\t\t\t\t\t\t\n\t\t\t\n\n\t\t<\/div>\n\n\t\t\n\n\t\t<div class=\"section-content relative\">\n\t\t\t\n<div class=\"row row-small\"  id=\"row-1597991168\">\n\n\t<div id=\"col-2067571084\" class=\"col medium-9 small-12 large-9\"  >\n\t\t\t\t<div class=\"col-inner\"  >\n\t\t\t\n\t\t\t\n<h1 class=\"uppercase\">Eau turbulente - dynamise l'eau<\/h1>\n<h3 class=\"thin-font\">le septi\u00e8me impact du syst\u00e8me ecoturbino\u00ae d'\u00e9conomie d'eau et de protection de l'environnement<\/h3>\n<div class=\"row\"  id=\"row-32005081\">\n\n\t<div id=\"col-255673605\" class=\"col medium-11 small-12 large-11\"  >\n\t\t\t\t<div class=\"col-inner\"  >\n\t\t\t\n\t\t\t\n\t<div id=\"stack-2799393676\" class=\"stack stack-row justify-start items-start\">\n\t\t\n\t<div class=\"img has-hover x md-x lg-x y md-y lg-y\" id=\"image_669332131\">\n\t\t<a class=\"\" href=\"\/fr\/impact-1\/\" >\t\t\t\t\t\t<div class=\"img-inner image-color dark\" >\n\t\t\t<img decoding=\"async\" width=\"100\" height=\"100\" src=\"https:\/\/ecoturbino.shop\/wp-content\/uploads\/2024\/01\/impact1.svg\" class=\"attachment-original size-original\" alt=\"\" \/>\t\t\t\t\t\t\n\t\t\t\t\t<\/div>\n\t\t\t\t\t\t<\/a>\t\t\n<style>\n#image_669332131 {\n  width: 100%;\n}\n<\/style>\n\t<\/div>\n\t\n\t<div class=\"img has-hover x md-x lg-x y md-y lg-y\" id=\"image_1128915538\">\n\t\t<a class=\"\" href=\"\/fr\/impact-2\/\" >\t\t\t\t\t\t<div class=\"img-inner image-color dark\" >\n\t\t\t<img decoding=\"async\" width=\"100\" height=\"100\" src=\"https:\/\/ecoturbino.shop\/wp-content\/uploads\/2024\/01\/impact2.svg\" class=\"attachment-original size-original\" alt=\"\" \/>\t\t\t\t\t\t\n\t\t\t\t\t<\/div>\n\t\t\t\t\t\t<\/a>\t\t\n<style>\n#image_1128915538 {\n  width: 100%;\n}\n<\/style>\n\t<\/div>\n\t\n\t<div class=\"img has-hover x md-x lg-x y md-y lg-y\" id=\"image_1137977257\">\n\t\t<a class=\"\" href=\"\/fr\/impact-3\/\" >\t\t\t\t\t\t<div class=\"img-inner image-color dark\" >\n\t\t\t<img decoding=\"async\" width=\"100\" height=\"100\" src=\"https:\/\/ecoturbino.shop\/wp-content\/uploads\/2024\/01\/impact3.svg\" class=\"attachment-original size-original\" alt=\"\" \/>\t\t\t\t\t\t\n\t\t\t\t\t<\/div>\n\t\t\t\t\t\t<\/a>\t\t\n<style>\n#image_1137977257 {\n  width: 100%;\n}\n<\/style>\n\t<\/div>\n\t\n\t<div class=\"img has-hover x md-x lg-x y md-y lg-y\" id=\"image_561574989\">\n\t\t<a class=\"\" href=\"\/fr\/impact-4-2\/\" >\t\t\t\t\t\t<div class=\"img-inner image-color dark\" >\n\t\t\t<img decoding=\"async\" width=\"100\" height=\"100\" src=\"https:\/\/ecoturbino.shop\/wp-content\/uploads\/2024\/01\/impact4.svg\" class=\"attachment-original size-original\" alt=\"\" \/>\t\t\t\t\t\t\n\t\t\t\t\t<\/div>\n\t\t\t\t\t\t<\/a>\t\t\n<style>\n#image_561574989 {\n  width: 100%;\n}\n<\/style>\n\t<\/div>\n\t\n\t<div class=\"img has-hover x md-x lg-x y md-y lg-y\" id=\"image_1268377923\">\n\t\t<a class=\"\" href=\"\/fr\/impact-5-2\/\" >\t\t\t\t\t\t<div class=\"img-inner image-color dark\" >\n\t\t\t<img decoding=\"async\" width=\"100\" height=\"100\" src=\"https:\/\/ecoturbino.shop\/wp-content\/uploads\/2024\/01\/impact5.svg\" class=\"attachment-original size-original\" alt=\"\" \/>\t\t\t\t\t\t\n\t\t\t\t\t<\/div>\n\t\t\t\t\t\t<\/a>\t\t\n<style>\n#image_1268377923 {\n  width: 100%;\n}\n<\/style>\n\t<\/div>\n\t\n\t<div class=\"img has-hover x md-x lg-x y md-y lg-y\" id=\"image_1034300708\">\n\t\t<a class=\"\" href=\"\/fr\/impact-6\/\" >\t\t\t\t\t\t<div class=\"img-inner image-color dark\" >\n\t\t\t<img decoding=\"async\" width=\"100\" height=\"100\" src=\"https:\/\/ecoturbino.shop\/wp-content\/uploads\/2024\/01\/impact6.svg\" class=\"attachment-original size-original\" alt=\"\" \/>\t\t\t\t\t\t\n\t\t\t\t\t<\/div>\n\t\t\t\t\t\t<\/a>\t\t\n<style>\n#image_1034300708 {\n  width: 100%;\n}\n<\/style>\n\t<\/div>\n\t\n\t<div class=\"img has-hover x md-x lg-x y md-y lg-y\" id=\"image_973973132\">\n\t\t\t\t\t\t\t\t<div class=\"img-inner dark\" >\n\t\t\t<img decoding=\"async\" width=\"100\" height=\"100\" src=\"https:\/\/ecoturbino.shop\/wp-content\/uploads\/2024\/01\/impact7.svg\" class=\"attachment-original size-original\" alt=\"\" \/>\t\t\t\t\t\t\n\t\t\t\t\t<\/div>\n\t\t\t\t\t\t\t\t\n<style>\n#image_973973132 {\n  width: 100%;\n}\n<\/style>\n\t<\/div>\n\t\n\t\t\n<style>\n#stack-2799393676 > * {\n  --stack-gap: 1rem;\n}\n<\/style>\n\t<\/div>\n\t\n\t\t<\/div>\n\t\t\t\t\t<\/div>\n\n\t\n<\/div>\n\t\t<\/div>\n\t\t\t\t\t<\/div>\n\n\t\n\n\t<div id=\"col-1386701541\" class=\"col medium-3 small-12 large-3\"  >\n\t\t\t\t<div class=\"col-inner\"  >\n\t\t\t\n\t\t\t\n\t<div class=\"img has-hover x md-x lg-x y md-y lg-y\" id=\"image_1217649890\">\n\t\t\t\t\t\t\t\t<div class=\"img-inner dark\" >\n\t\t\t<img decoding=\"async\" width=\"100\" height=\"100\" src=\"https:\/\/ecoturbino.shop\/wp-content\/uploads\/2024\/01\/impact7.svg\" class=\"attachment-original size-original\" alt=\"\" \/>\t\t\t\t\t\t\n\t\t\t\t\t<\/div>\n\t\t\t\t\t\t\t\t\n<style>\n#image_1217649890 {\n  width: 100%;\n}\n<\/style>\n\t<\/div>\n\t\n\t\t<\/div>\n\t\t\t\t\t<\/div>\n\n\t\n<\/div>\n<div class=\"row\"  id=\"row-902620973\">\n\n\t<div id=\"col-787514771\" class=\"col small-12 large-12\"  >\n\t\t\t\t<div class=\"col-inner\"  >\n\t\t\t\n\t\t\t\n<div class=\"is-divider divider clearfix\" style=\"max-width:100%;height:1px;\"><\/div>\n<h2><span style=\"font-size: 120%;\">L'eau turbulente dans la douche gr\u00e2ce \u00e0 l'\u00e9coturbino | Comment l'air revitalise le flux d'eau<\/span><\/h2>\n<p>Les <strong>la douche matinale est un moment crucial<\/strong> pour de nombreuses personnes<strong> commencer la journ\u00e9e en se sentant frais et plein d'\u00e9nergie<\/strong>. Un cours d'eau vivifiant peut faire des merveilles et \u00e9veiller les sens.<\/p>\n<p>ecoturbino va encore plus loin pour am\u00e9liorer l'exp\u00e9rience de la douche en<strong> g\u00e9n\u00e9rant de l'eau turbulente.<\/strong> Mais comment cela fonctionne-t-il r\u00e9ellement ? La r\u00e9ponse se trouve dans l'astucieuse <strong>introduction d'air dans le courant d'eau<\/strong>, La douche est donc revitalisante et efficace.<\/p>\n<h3>Le r\u00f4le de l'air dans la douche<\/h3>\n<p>L'air joue un r\u00f4le crucial dans l'am\u00e9lioration de l'exp\u00e9rience de la douche. Lorsqu'il est introduit dans le flux d'eau, il <strong>cr\u00e9e de minuscules bulles d'air qui agitent l'eau, lui donnant plus de volume et de structure.<\/strong> Il en r\u00e9sulte un courant d'eau turbulent qui offre<strong> une plus grande efficacit\u00e9 et une exp\u00e9rience de douche plus agr\u00e9able.<\/strong><\/p>\n<h3>La technologie innovante de l'\u00e9coturbino<\/h3>\n<p>ecoturbino utilise ceci <strong>la technologie de l'air pour am\u00e9liorer le flux d'eau.<\/strong> La technologie est bas\u00e9e sur un r\u00e9tr\u00e9cissement sp\u00e9cial de la section transversale qui <strong>acc\u00e9l\u00e8re l'\u00e9coulement de l'eau<\/strong> tout en aspirant de l'air. Cet air est ensuite m\u00e9lang\u00e9 \u00e0 l'eau, cr\u00e9ant ainsi un courant dynamique et vivifiant.<\/p>\n\t<div id=\"gap-350534540\" class=\"gap-element clearfix\" style=\"display:block; height:auto;\">\n\t\t\n<style>\n#gap-350534540 {\n  padding-top: 30px;\n}\n<\/style>\n\t<\/div>\n\t\n<div class=\"row\"  id=\"row-867428262\">\n\n\t<div id=\"col-536747917\" class=\"col medium-4 small-12 large-4\"  >\n\t\t\t\t<div class=\"col-inner\"  >\n\t\t\t\n\t\t\t\n\t<div class=\"img has-hover radius10 x md-x lg-x y md-y lg-y\" id=\"image_1984450985\">\n\t\t\t\t\t\t\t\t<div class=\"img-inner dark\" >\n\t\t\t<img decoding=\"async\" width=\"600\" height=\"600\" src=\"https:\/\/ecoturbino.shop\/wp-content\/uploads\/2024\/01\/air-water_600.webp\" class=\"attachment-original size-original\" alt=\"Air Eau ecoturbino\" srcset=\"https:\/\/ecoturbino.shop\/wp-content\/uploads\/2024\/01\/air-water_600.webp 600w, https:\/\/ecoturbino.shop\/wp-content\/uploads\/2024\/01\/air-water_600-470x470.webp 470w, https:\/\/ecoturbino.shop\/wp-content\/uploads\/2024\/01\/air-water_600-340x340.webp 340w\" sizes=\"(max-width: 600px) 100vw, 600px\" \/>\t\t\t\t\t\t\n\t\t\t\t\t<\/div>\n\t\t\t\t\t\t\t\t\n<style>\n#image_1984450985 {\n  width: 100%;\n}\n<\/style>\n\t<\/div>\n\t\n\t\t<\/div>\n\t\t\t\t\t<\/div>\n\n\t\n\n\t<div id=\"col-1574411484\" class=\"col medium-8 small-12 large-8\"  >\n\t\t\t\t<div class=\"col-inner\"  >\n\t\t\t\n\t\t\t\n<h3>Les avantages d'une eau turbulente dans la douche<\/h3>\n<ul>\n<li><strong>Nettoyage plus efficace :<\/strong> A <a href=\"https:\/\/en.wikipedia.org\/wiki\/Turbulence\" target=\"_blank\" rel=\"noopener sponsored\">turbulent<\/a> Le flux d'eau peut \u00e9liminer efficacement la salet\u00e9 et le savon de la peau et des cheveux, ce qui permet un nettoyage plus approfondi et une meilleure exp\u00e9rience de la douche.<\/li>\n<li><strong>\u00c9conomies d'eau :<\/strong> En ajoutant de l'air, ecoturbino peut augmenter la pression de l'eau sans consommer plus d'eau. Cela permet de prendre une douche confortable tout en r\u00e9duisant la consommation d'eau.<\/li>\n<li><strong>\u00c9conomies d'\u00e9nergie :<\/strong> Comme il faut chauffer moins d'eau pour obtenir de l'eau de douche chaude, l'\u00e9coturbino permet \u00e9galement de r\u00e9aliser des \u00e9conomies d'\u00e9nergie et de r\u00e9duire les co\u00fbts \u00e9nerg\u00e9tiques.<\/li>\n<li><strong>Confort de douche am\u00e9lior\u00e9 :<\/strong> Le jet d'eau plus turbulent de l'ecoturbino est plus fort et plus agr\u00e9able, ce qui am\u00e9liore le confort de la douche.<\/li>\n<li><strong>Respectueux de l'environnement :<\/strong> La r\u00e9duction de la consommation d'eau et d'\u00e9nergie se traduit par une diminution de la pression sur l'environnement et une r\u00e9duction des \u00e9missions de CO2.<\/li>\n<\/ul>\n\t\t<\/div>\n\t\t\t\t\t<\/div>\n\n\t\n<\/div>\n\t<div id=\"gap-1671380136\" class=\"gap-element clearfix\" style=\"display:block; height:auto;\">\n\t\t\n<style>\n#gap-1671380136 {\n  padding-top: 30px;\n}\n<\/style>\n\t<\/div>\n\t\n<div class=\"row\"  id=\"row-2036614749\">\n\n\t<div id=\"col-129282288\" class=\"col medium-6 small-12 large-6\"  >\n\t\t\t\t<div class=\"col-inner\"  >\n\t\t\t\n\t\t\t\n<h3>L'installation de <a href=\"https:\/\/ecoturbino.shop\/fr\/acheter\/ecoturbino-et10l-adaptateur-de-douche-argente\/\">ecoturbino<\/a><\/h3>\n<p>L'installation de l'ecoturbino ne pourrait pas \u00eatre plus facile. Il est g\u00e9n\u00e9ralement livr\u00e9 avec un filetage standard de \u00bd pouce, pr\u00e9sent dans la plupart des douches.<\/p>\n<p>Cela permet <strong>installation rapide et simple sans outils sp\u00e9ciaux<\/strong> ou d'expertise. En quelques minutes, tout le monde peut profiter des avantages d'un courant d'eau turbulent.<\/p>\n\t\t<\/div>\n\t\t\t\t\t<\/div>\n\n\t\n\n\t<div id=\"col-1977338962\" class=\"col medium-6 small-12 large-6\"  >\n\t\t\t\t<div class=\"col-inner\" style=\"background-color:#c0d63d;\" >\n\t\t\t\n\t\t\t\n\t<div id=\"text-2220885784\" class=\"text\">\n\t\t\n<h4 class=\"uppercase\">CONCLUSION<\/h4>\n\t\t\n<style>\n#text-2220885784 {\n  font-size: 2rem;\n  text-align: right;\n  color: rgb(255,255,255);\n}\n#text-2220885784 > * {\n  color: rgb(255,255,255);\n}\n@media (min-width:550px) {\n  #text-2220885784 {\n    font-size: 3.5rem;\n  }\n}\n<\/style>\n\t<\/div>\n\t\n<h3>Une douche revigorante gr\u00e2ce \u00e0 ecoturbino<\/h3>\n<blockquote>\n<p>ecoturbino offre une solution innovante pour g\u00e9n\u00e9rer de l'eau turbulente dans la douche et profiter des bienfaits d'un jet d'eau vivifiant.<\/p>\n<\/blockquote>\n<p>L'introduction d'air dans le flux d'eau permet de <strong>se doucher plus efficacement, \u00e9conomiser de l'eau et de l'\u00e9nergie,<\/strong> et <strong>am\u00e9liorer le confort de la douche<\/strong>t.<\/p>\n<p>Gr\u00e2ce \u00e0 sa facilit\u00e9 d'installation, tout le monde peut b\u00e9n\u00e9ficier des avantages d'ecoturbino et \u00e9lever l'exp\u00e9rience de la douche matinale \u00e0 un niveau sup\u00e9rieur.<\/p>\n\t\t<\/div>\n\t\t\t\t\n<style>\n#col-1977338962 > .col-inner {\n  padding: 10px 20px 1px 25px;\n  border-radius: 10px;\n}\n<\/style>\n\t<\/div>\n\n\t\n<\/div>\n\t\t<\/div>\n\t\t\t\t\n<style>\n#col-787514771 > .col-inner {\n  margin: 0px 0px -200px 0px;\n}\n<\/style>\n\t<\/div>\n\n\t\n<\/div>\n\t\t<\/div>\n\n\t\t\n<style>\n#section_221815666 {\n  padding-top: 30px;\n  padding-bottom: 30px;\n}\n<\/style>\n\t<\/section>\n\t\n\n\t<section class=\"section hide-for-small\" id=\"section_1186357648\">\n\t\t<div class=\"section-bg fill\" >\n\t\t\t<img decoding=\"async\" width=\"1920\" height=\"683\" src=\"https:\/\/ecoturbino.shop\/wp-content\/uploads\/2025\/12\/ecoturbino-function_1920.webp\" class=\"bg attachment- size-\" alt=\"fonction ecoturbino\" \/>\t\t\t\t\t\t<div class=\"section-bg-overlay absolute fill\"><\/div>\n\t\t\t\n\n\t\t<\/div>\n\n\t\t\t<div class=\"ux-shape-divider ux-shape-divider--top ux-shape-divider--style-waves-opacity\">\n\t\t<svg viewbox=\"0 0 1000 300\" xmlns=\"http:\/\/www.w3.org\/2000\/svg\" preserveaspectratio=\"none\">\n    <path class=\"ux-shape-fill\" d=\"M0 300L-1 69.71C216 57 299.47 198.86 403 226C506 253 577 196 660 197C740 198 790.09 234.07 874 267C935.23 291 982 282.61 1000 277.61V300H0Z\"\/>\n    <path class=\"ux-shape-fill\" opacity=\"0.5\" d=\"M1 265.094L0 50.5C217 37.79 300.47 186.36 404 213.5C507 240.5 578 196.5 661 197.5C741 198.5 787.59 239.57 871.5 272.5C932.73 296.5 980.5 284.5 998.5 279.5V298.5L1 265.094Z\"\/>\n    <path class=\"ux-shape-fill\" opacity=\"0.15\" d=\"M0.999878 244.094L-0.00012207 27C217 14.29 300.47 173.86 404 201C507 228 578 196 661 197C741 198 787.59 243.07 871.5 276C932.73 300 980.5 284.5 998.5 279.5V299L0.999878 244.094Z\"\/>\n<\/svg>\n\n\t<\/div>\n\n\n\t\t<div class=\"section-content relative\">\n\t\t\t\n\t\t<\/div>\n\n\t\t\n<style>\n#section_1186357648 {\n  padding-top: 220px;\n  padding-bottom: 220px;\n}\n#section_1186357648 .section-bg-overlay {\n  background-color: rgba(0, 0, 0, 0.25);\n}\n#section_1186357648 .ux-shape-divider--top svg {\n  height: 80px;\n  --divider-top-width: 100%;\n}\n@media (min-width:550px) {\n  #section_1186357648 .ux-shape-divider--top svg {\n    height: 124px;\n  }\n}\n<\/style>\n\t<\/section>","protected":false},"excerpt":{"rendered":"","protected":false},"author":1320,"featured_media":0,"parent":0,"menu_order":0,"comment_status":"closed","ping_status":"closed","template":"page-blank.php","meta":{"inline_featured_image":false,"footnotes":""},"class_list":["post-48920","page","type-page","status-publish","hentry"],"_links":{"self":[{"href":"https:\/\/ecoturbino.shop\/fr\/wp-json\/wp\/v2\/pages\/48920","targetHints":{"allow":["GET"]}}],"collection":[{"href":"https:\/\/ecoturbino.shop\/fr\/wp-json\/wp\/v2\/pages"}],"about":[{"href":"https:\/\/ecoturbino.shop\/fr\/wp-json\/wp\/v2\/types\/page"}],"author":[{"embeddable":true,"href":"https:\/\/ecoturbino.shop\/fr\/wp-json\/wp\/v2\/users\/1320"}],"replies":[{"embeddable":true,"href":"https:\/\/ecoturbino.shop\/fr\/wp-json\/wp\/v2\/comments?post=48920"}],"version-history":[{"count":0,"href":"https:\/\/ecoturbino.shop\/fr\/wp-json\/wp\/v2\/pages\/48920\/revisions"}],"wp:attachment":[{"href":"https:\/\/ecoturbino.shop\/fr\/wp-json\/wp\/v2\/media?parent=48920"}],"curies":[{"name":"wp","href":"https:\/\/api.w.org\/{rel}","templated":true}]}}