{"id":49029,"date":"2024-02-05T01:24:18","date_gmt":"2024-02-05T00:24:18","guid":{"rendered":"https:\/\/en.ecoturbino.shop\/?page_id=49029"},"modified":"2024-02-06T11:24:51","modified_gmt":"2024-02-06T10:24:51","slug":"bon-dhotel","status":"publish","type":"page","link":"https:\/\/ecoturbino.shop\/fr\/hotelvoucher\/","title":{"rendered":"Demande de bon 50% | 1x ecoturbino Deluxe Set, silver"},"content":{"rendered":"<div class=\"banner has-hover\" id=\"banner-1335564382\">\n          <div class=\"banner-inner fill\">\n        <div class=\"banner-bg fill\" >\n            <img decoding=\"async\" width=\"800\" height=\"92\" src=\"https:\/\/ecoturbino.shop\/wp-content\/uploads\/2023\/10\/water-faq-2000-sw-800x92-1.webp\" class=\"bg attachment-original size-original\" alt=\"\" \/>                        <div class=\"overlay\"><\/div>            \n                    <\/div>\n\t\t\n        <div class=\"banner-layers container\">\n            <div class=\"fill banner-link\"><\/div>            \n   <div id=\"text-box-1783205020\" class=\"text-box banner-layer x50 md-x50 lg-x50 y50 md-y50 lg-y50 res-text\">\n                                <div class=\"text-box-content text dark\">\n              \n              <div class=\"text-inner text-center\">\n                  \n\t<div id=\"text-1320113053\" class=\"text\">\n\t\t\n<h1>50% DEMANDE DE BON DE R\u00c9DUCTION<\/h1>\n<h3>La v\u00e9rit\u00e9 sur les salles de bains des h\u00f4tels : Pr\u00e9venir le gaspillage !<\/h3>\n\t\t\n<style>\n#text-1320113053 {\n  font-size: 0.75rem;\n}\n<\/style>\n\t<\/div>\n\t\n              <\/div>\n           <\/div>\n                            \n<style>\n#text-box-1783205020 {\n  width: 88%;\n}\n#text-box-1783205020 .text-box-content {\n  font-size: 100%;\n}\n@media (min-width:550px) {\n  #text-box-1783205020 {\n    width: 100%;\n  }\n}\n@media (min-width:850px) {\n  #text-box-1783205020 {\n    width: 86%;\n  }\n}\n<\/style>\n    <\/div>\n \n        <\/div>\n      <\/div>\n\n            \n<style>\n#banner-1335564382 {\n  padding-top: 230px;\n}\n#banner-1335564382 .overlay {\n  background-color: rgba(0, 0, 0, 0.5);\n}\n@media (min-width:550px) {\n  #banner-1335564382 {\n    padding-top: 200px;\n  }\n}\n@media (min-width:850px) {\n  #banner-1335564382 {\n    padding-top: 190px;\n  }\n}\n<\/style>\n  <\/div>\n\n\n<div class=\"row\"  id=\"row-1495617219\">\n\n\t<div id=\"col-1693239203\" class=\"col medium-8 small-12 large-8\"  >\n\t\t\t\t<div class=\"col-inner\"  >\n\t\t\t\n\t\t\t\n<p><span style=\"color: #555555;\">Dans le monde des affaires, personne n'a le temps de s'attarder sur de longues explications. C'est pourquoi : Visitez notre portail international <\/span><strong style=\"color: #555555;\">\u201c<a href=\"https:\/\/ecoturbino.eu\/\" target=\"_blank\" rel=\"noopener\">Mot de l'\u00e9coturbino<\/a>\u201c<\/strong><span style=\"color: #555555;\"> et voyez par vous-m\u00eame comment nos partenaires du monde entier profitent des avantages de la <\/span><strong style=\"color: #555555;\">\u201cecoturbino - l'original\u201d<\/strong><span style=\"color: #555555;\">.<\/span><\/p>\n<blockquote><p>Prochaine \u00e9tape : demandez un bon 50% MAINTENANT, commandez le <a href=\"https:\/\/ecoturbino.shop\/fr\/acheter\/ecoturbino-douchette-deluxe-set-silver\/\">ecoturbino Deluxe Set<\/a>, Le syst\u00e8me ecoturbino\u00ae est un syst\u00e8me d'alimentation en eau et en \u00e9lectricit\u00e9, install\u00e9 et test\u00e9 par vous-m\u00eame, qui vous permet de profiter des avantages de l'ecoturbino\u00ae.<\/p><\/blockquote>\n<div class=\"accordion\">\n\t<div id=\"accordion-2804186171\" class=\"accordion-item\">\n\t\t<a id=\"accordion-2804186171-label\" class=\"accordion-title plain\" aria-expanded=\"false\" aria-controls=\"accordion-2804186171-content\">\n\t\t\t<button class=\"toggle\" aria-label=\"Basculer\"><i class=\"icon-angle-down\" aria-hidden=\"true\"><\/i><\/button>\n\t\t\t<span>En bref : Quels sont mes avantages en tant qu'h\u00f4telier ?<\/span>\n\t\t<\/a>\n\t\t<div id=\"accordion-2804186171-content\" class=\"accordion-inner\" aria-labelledby=\"accordion-2804186171-label\">\n\t\t\t\n<ol>\n<li><strong>Am\u00e9liorer l'hygi\u00e8ne de la salle de bains<br \/>\n<\/strong>par - vider le tuyau de douche apr\u00e8s la douche = r\u00e9duit le biofilm et les l\u00e9gionelles !<\/li>\n<li><strong>R\u00e9duire les co\u00fbts de main-d'\u0153uvre<\/strong><br \/>\npar - Moins de calcaire \u201d moins de pommeaux de douche entartr\u00e9s = moins de temps pass\u00e9 = plus d'hygi\u00e8ne !<\/li>\n<li><strong>R\u00e9duire les co\u00fbts de consommation de 40%<\/strong><br \/>\ngr\u00e2ce \u00e0 la r\u00e9duction des co\u00fbts de l'eau et des eaux us\u00e9es dans la salle de bains = dur\u00e9e d'amortissement de 1 \u00e0 2 mois !<\/li>\n<li><strong>100% Le confort de la douche est conserv\u00e9<\/strong><br \/>\nmais - r\u00e9duction de la consommation d'eau d'environ 15 litres \u00e0 7 litres par minute - tout en profitant pleinement de la douche<\/li>\n<\/ol>\n\t\t<\/div>\n\t<\/div>\n\t\n<\/div>\n\t<div id=\"gap-417368972\" class=\"gap-element clearfix\" style=\"display:block; height:auto;\">\n\t\t\n<style>\n#gap-417368972 {\n  padding-top: 30px;\n}\n<\/style>\n\t<\/div>\n\t\n<div class=\"row\"  id=\"row-1472696576\">\n\n\t<div id=\"col-1707970288\" class=\"col small-12 large-12\"  >\n\t\t\t\t<div class=\"col-inner\" style=\"background-color:rgb(242, 242, 242);\" >\n\t\t\t\n\t<div class=\"is-border is-dashed\"\n\t\tstyle=\"border-color:rgba(85, 85, 85, 0.75);border-radius:10px;border-width:2px 2px 2px 2px;\">\n\t<\/div>\n\t\t\t\n\n<div class=\"wpcf7 no-js\" id=\"wpcf7-f49037-o1\" lang=\"en-GB\" dir=\"ltr\" data-wpcf7-id=\"49037\">\n<div class=\"screen-reader-response\"><p role=\"status\" aria-live=\"polite\" aria-atomic=\"true\"><\/p> <ul><\/ul><\/div>\n<form action=\"\/fr\/wp-json\/wp\/v2\/pages\/49029#wpcf7-f49037-o1\" method=\"post\" class=\"wpcf7-form init\" aria-label=\"Formulaire de contact\" novalidate=\"novalidate\" data-status=\"init\" data-trp-original-action=\"\/fr\/wp-json\/wp\/v2\/pages\/49029#wpcf7-f49037-o1\">\n<fieldset class=\"hidden-fields-container\"><input type=\"hidden\" name=\"_wpcf7\" value=\"49037\" \/><input type=\"hidden\" name=\"_wpcf7_version\" value=\"6.1.5\" \/><input type=\"hidden\" name=\"_wpcf7_locale\" value=\"en_GB\" \/><input type=\"hidden\" name=\"_wpcf7_unit_tag\" value=\"wpcf7-f49037-o1\" \/><input type=\"hidden\" name=\"_wpcf7_container_post\" value=\"0\" \/><input type=\"hidden\" name=\"_wpcf7_posted_data_hash\" value=\"\" \/>\n<\/fieldset>\n<p><span class=\"wpcf7-form-control-wrap\" data-name=\"name5102\"><input size=\"40\" maxlength=\"400\" class=\"wpcf7-form-control wpcf7-text wpcf7-validates-as-required\" aria-required=\"true\" aria-invalid=\"false\" placeholder=\"Nom de l&#039;entreprise (h\u00f4tel, maison d&#039;h\u00f4tes,...)\" value=\"\" type=\"text\" name=\"name5102\" \/><\/span>\n<\/p>\n<p><span class=\"wpcf7-form-control-wrap\" data-name=\"partner5102\"><input size=\"40\" maxlength=\"400\" class=\"wpcf7-form-control wpcf7-text wpcf7-validates-as-required\" aria-required=\"true\" aria-invalid=\"false\" placeholder=\"Personne de contact*\" value=\"\" type=\"text\" name=\"partner5102\" \/><\/span>\n<\/p>\n<p><span class=\"wpcf7-form-control-wrap\" data-name=\"email5102\"><input size=\"40\" maxlength=\"400\" class=\"wpcf7-form-control wpcf7-email wpcf7-validates-as-required wpcf7-text wpcf7-validates-as-email\" aria-required=\"true\" aria-invalid=\"false\" placeholder=\"Adresse postale\" value=\"\" type=\"email\" name=\"email5102\" \/><\/span>\n<\/p>\n<p><span class=\"wpcf7-form-control-wrap\" data-name=\"telefon5102\"><input size=\"40\" maxlength=\"400\" class=\"wpcf7-form-control wpcf7-text\" aria-invalid=\"false\" placeholder=\"T\u00e9l\u00e9phone\" value=\"\" type=\"text\" name=\"telefon5102\" \/><\/span>\n<\/p>\n<p><span class=\"wpcf7-form-control-wrap\" data-name=\"betrieb5102\"><input size=\"40\" maxlength=\"400\" class=\"wpcf7-form-control wpcf7-text\" aria-invalid=\"false\" placeholder=\"Num\u00e9ro d&#039;entreprise \/ num\u00e9ro d&#039;enregistrement de l&#039;entreprise\" value=\"\" type=\"text\" name=\"betrieb5102\" \/><\/span>\n<\/p>\n<div class=\"acceptance-container\" style=\"margin-bottom:15px;\">\n\t<p><span class=\"wpcf7-form-control-wrap\" data-name=\"beratung5102\"><span class=\"wpcf7-form-control wpcf7-acceptance optional\"><span class=\"wpcf7-list-item\"><input type=\"checkbox\" name=\"beratung5102\" value=\"1\" aria-invalid=\"false\" \/><\/span><\/span><\/span>Appelez-nous \u00e0 l'avance pour obtenir des conseils sur les produits !\n\t<\/p>\n<\/div>\n<div class=\"wpcf7-turnstile cf-turnstile\" data-sitekey=\"0x4AAAAAAALCOGxAMe4ujVPQ\" data-response-field-name=\"_wpcf7_turnstile_response\"><\/div>\n<p><input class=\"wpcf7-form-control wpcf7-submit has-spinner\" type=\"submit\" value=\"Envoi\" \/>\n<\/p><div class=\"wpcf7-response-output\" aria-hidden=\"true\"><\/div>\n<input type=\"hidden\" name=\"trp-form-language\" value=\"fr\"\/><\/form>\n<\/div>\n\n\t\t<\/div>\n\t\t\t\t\n<style>\n#col-1707970288 > .col-inner {\n  padding: 25px 25px 25px 25px;\n  border-radius: 10px;\n}\n<\/style>\n\t<\/div>\n\n\t\n<\/div>\n\t\t<\/div>\n\t\t\t\t\t<\/div>\n\n\t\n\n\t<div id=\"col-46853430\" class=\"col medium-4 small-12 large-4\"  >\n\t\t\t\t<div class=\"col-inner text-center\"  >\n\t\t\t\n\t\t\t\n\t<div class=\"img has-hover x md-x lg-x y md-y lg-y\" id=\"image_2146292420\">\n\t\t<a class=\"\" href=\"https:\/\/ecoturbino.shop\/fr\/impact-1\/\" target=\"_blank\" rel=\"noopener\">\t\t\t\t\t\t<div class=\"img-inner dark\" >\n\t\t\t<img decoding=\"async\" width=\"100\" height=\"100\" src=\"https:\/\/ecoturbino.shop\/wp-content\/uploads\/2024\/01\/impact1-7.svg\" class=\"attachment-original size-original\" alt=\"\" \/>\t\t\t\t\t\t\n\t\t\t\t\t<\/div>\n\t\t\t\t\t\t<\/a>\t\t\n<style>\n#image_2146292420 {\n  width: 57%;\n}\n<\/style>\n\t<\/div>\n\t\n\t<div class=\"img has-hover x md-x lg-x y md-y lg-y\" id=\"image_634504815\">\n\t\t<a class=\"\" href=\"\/fr\/details\/\" >\t\t\t\t\t\t<div class=\"img-inner dark\" >\n\t\t\t<img decoding=\"async\" width=\"2000\" height=\"2000\" src=\"https:\/\/ecoturbino.shop\/wp-content\/uploads\/2023\/08\/ecoturbino-handbrause-teile-silber-set_2000.webp\" class=\"attachment-original size-original\" alt=\"Pomme de douche DELUXE 10 Legio | ecoturbino\u00ae ET10L Adaptateur pour \u00e9conomie d&#039;eau + Tuyau de douche + Pomme de douche DESIGN | silver\" srcset=\"https:\/\/ecoturbino.shop\/wp-content\/uploads\/2023\/08\/ecoturbino-handbrause-teile-silber-set_2000.webp 2000w, https:\/\/ecoturbino.shop\/wp-content\/uploads\/2023\/08\/ecoturbino-handbrause-teile-silber-set_2000-470x470.webp 470w, https:\/\/ecoturbino.shop\/wp-content\/uploads\/2023\/08\/ecoturbino-handbrause-teile-silber-set_2000-635x635.webp 635w, https:\/\/ecoturbino.shop\/wp-content\/uploads\/2023\/08\/ecoturbino-handbrause-teile-silber-set_2000-800x800.webp 800w, https:\/\/ecoturbino.shop\/wp-content\/uploads\/2023\/08\/ecoturbino-handbrause-teile-silber-set_2000-1600x1600.webp 1600w, https:\/\/ecoturbino.shop\/wp-content\/uploads\/2023\/08\/ecoturbino-handbrause-teile-silber-set_2000-340x340.webp 340w, https:\/\/ecoturbino.shop\/wp-content\/uploads\/2023\/08\/ecoturbino-handbrause-teile-silber-set_2000-1536x1536.webp 1536w\" sizes=\"(max-width: 2000px) 100vw, 2000px\" \/>\t\t\t\t\t\t\n\t\t\t\t\t<\/div>\n\t\t\t\t\t\t<\/a>\t\t\n<style>\n#image_634504815 {\n  width: 74%;\n}\n<\/style>\n\t<\/div>\n\t\n<h3>Votre kit de test 50% DELUXE sans souci !<\/h3>\n\t<div id=\"gap-1614083980\" class=\"gap-element clearfix\" style=\"display:block; height:auto;\">\n\t\t\n<style>\n#gap-1614083980 {\n  padding-top: 30px;\n}\n<\/style>\n\t<\/div>\n\t\n<div class=\"row align-center\"  id=\"row-658488079\">\n\n\t<div id=\"col-309625300\" class=\"col small-12 large-12\"  >\n\t\t\t\t<div class=\"col-inner text-center dark\" style=\"background-color:#199bc5;\" >\n\t\t\t\n\t\t\t\n\t<div id=\"stack-2043553411\" class=\"stack stack-row justify-center items-center\">\n\t\t\n\t<div class=\"img has-hover x md-x lg-x y md-y lg-y\" id=\"image_1413057770\">\n\t\t\t\t\t\t\t\t<div class=\"img-inner dark\" >\n\t\t\t<img decoding=\"async\" width=\"16\" height=\"16\" src=\"https:\/\/ecoturbino.shop\/wp-content\/uploads\/2023\/08\/email-icon.svg\" class=\"attachment-original size-original\" alt=\"Ic\u00f4ne de courrier \u00e9lectronique\" \/>\t\t\t\t\t\t\n\t\t\t\t\t<\/div>\n\t\t\t\t\t\t\t\t\n<style>\n#image_1413057770 {\n  width: 15%;\n}\n@media (min-width:550px) {\n  #image_1413057770 {\n    width: 20%;\n  }\n}\n<\/style>\n\t<\/div>\n\t\n\t<div class=\"img has-hover x md-x lg-x y md-y lg-y\" id=\"image_137452052\">\n\t\t\t\t\t\t\t\t<div class=\"img-inner dark\" >\n\t\t\t<img decoding=\"async\" width=\"16\" height=\"16\" src=\"https:\/\/ecoturbino.shop\/wp-content\/uploads\/2023\/08\/phone-icon.svg\" class=\"attachment-original size-original\" alt=\"Ic\u00f4ne du t\u00e9l\u00e9phone\" \/>\t\t\t\t\t\t\n\t\t\t\t\t<\/div>\n\t\t\t\t\t\t\t\t\n<style>\n#image_137452052 {\n  width: 15%;\n}\n@media (min-width:550px) {\n  #image_137452052 {\n    width: 18%;\n  }\n}\n<\/style>\n\t<\/div>\n\t\n\t\t\n<style>\n#stack-2043553411 > * {\n  --stack-gap: 1.5rem;\n}\n<\/style>\n\t<\/div>\n\t\n\t<div id=\"gap-1430018816\" class=\"gap-element clearfix\" style=\"display:block; height:auto;\">\n\t\t\n<style>\n#gap-1430018816 {\n  padding-top: 10px;\n}\n<\/style>\n\t<\/div>\n\t\n<h3 class=\"uppercase\">E-Mail | T\u00c9L\u00c9PHONE<\/h3>\n<p><span style=\"font-size: 120%;\"><a href=\"mailto:sales@ecoturbino.shop\">sales (at) ecoturbino.shop<\/a><\/span><br \/>\n<span style=\"font-size: 120%;\"><a href=\"tel:+4369918180000\">+43 699 18180000<\/a><\/span><\/p>\n\t\t<\/div>\n\t\t\t\t\n<style>\n#col-309625300 > .col-inner {\n  padding: 20px 0px 10px 0px;\n  border-radius: 10px;\n}\n<\/style>\n\t<\/div>\n\n\t\n<\/div>\n\t\t<\/div>\n\t\t\t\t\t<\/div>\n\n\t\n<\/div>","protected":false},"excerpt":{"rendered":"","protected":false},"author":1320,"featured_media":48720,"parent":0,"menu_order":0,"comment_status":"closed","ping_status":"closed","template":"page-blank.php","meta":{"inline_featured_image":false,"footnotes":""},"class_list":["post-49029","page","type-page","status-publish","has-post-thumbnail","hentry"],"_links":{"self":[{"href":"https:\/\/ecoturbino.shop\/fr\/wp-json\/wp\/v2\/pages\/49029","targetHints":{"allow":["GET"]}}],"collection":[{"href":"https:\/\/ecoturbino.shop\/fr\/wp-json\/wp\/v2\/pages"}],"about":[{"href":"https:\/\/ecoturbino.shop\/fr\/wp-json\/wp\/v2\/types\/page"}],"author":[{"embeddable":true,"href":"https:\/\/ecoturbino.shop\/fr\/wp-json\/wp\/v2\/users\/1320"}],"replies":[{"embeddable":true,"href":"https:\/\/ecoturbino.shop\/fr\/wp-json\/wp\/v2\/comments?post=49029"}],"version-history":[{"count":0,"href":"https:\/\/ecoturbino.shop\/fr\/wp-json\/wp\/v2\/pages\/49029\/revisions"}],"wp:featuredmedia":[{"embeddable":true,"href":"https:\/\/ecoturbino.shop\/fr\/wp-json\/wp\/v2\/media\/48720"}],"wp:attachment":[{"href":"https:\/\/ecoturbino.shop\/fr\/wp-json\/wp\/v2\/media?parent=49029"}],"curies":[{"name":"wp","href":"https:\/\/api.w.org\/{rel}","templated":true}]}}