{"id":50140,"date":"2024-05-24T12:05:41","date_gmt":"2024-05-24T10:05:41","guid":{"rendered":"https:\/\/en.ecoturbino.shop\/?page_id=50140"},"modified":"2025-08-15T11:39:54","modified_gmt":"2025-08-15T09:39:54","slug":"texte-de-loffre-2","status":"publish","type":"page","link":"https:\/\/ecoturbino.shop\/fr\/tender-text\/","title":{"rendered":"Texte de l'appel d'offres pour les bureaux d'\u00e9tudes, les architectes et les bureaux de planification"},"content":{"rendered":"<div class=\"banner has-hover\" id=\"banner-1965523557\">\n          <div class=\"banner-inner fill\">\n        <div class=\"banner-bg fill\" >\n            <img decoding=\"async\" width=\"2000\" height=\"230\" src=\"https:\/\/ecoturbino.shop\/wp-content\/uploads\/2024\/05\/tender-ecourbino_2000.webp\" class=\"bg attachment-original size-original\" alt=\"appel d&#039;offres-ecourbino_2000\" \/>                        <div class=\"overlay\"><\/div>            \n                    <\/div>\n\t\t\n        <div class=\"banner-layers container\">\n            <div class=\"fill banner-link\"><\/div>            \n   <div id=\"text-box-330542753\" class=\"text-box banner-layer x50 md-x50 lg-x50 y50 md-y50 lg-y50 res-text\">\n                                <div class=\"text-box-content text dark\">\n              \n              <div class=\"text-inner text-center\">\n                  \n\t<div id=\"text-1318510863\" class=\"text\">\n\t\t\n<h1>TEXTE DE L'APPEL D'OFFRES<\/h1>\n<h1><span style=\"font-size: 80%;\">pour les bureaux d'\u00e9tudes, les architectes et les bureaux de planification<\/span><\/h1>\n\t\t\n<style>\n#text-1318510863 {\n  font-size: 0.75rem;\n}\n@media (min-width:550px) {\n  #text-1318510863 {\n    font-size: 1.05rem;\n  }\n}\n<\/style>\n\t<\/div>\n\t\n              <\/div>\n           <\/div>\n                            \n<style>\n#text-box-330542753 {\n  width: 100%;\n}\n#text-box-330542753 .text-box-content {\n  font-size: 100%;\n}\n@media (min-width:550px) {\n  #text-box-330542753 {\n    width: 91%;\n  }\n}\n@media (min-width:850px) {\n  #text-box-330542753 {\n    width: 100%;\n  }\n}\n<\/style>\n    <\/div>\n \n        <\/div>\n      <\/div>\n\n            \n<style>\n#banner-1965523557 {\n  padding-top: 200px;\n}\n#banner-1965523557 .overlay {\n  background-color: rgba(0, 0, 0, 0.5);\n}\n@media (min-width:550px) {\n  #banner-1965523557 {\n    padding-top: 190px;\n  }\n}\n@media (min-width:850px) {\n  #banner-1965523557 {\n    padding-top: 190px;\n  }\n}\n<\/style>\n  <\/div>\n\n\n<div class=\"row\"  id=\"row-1604556461\">\n\n\t<div id=\"col-1123993771\" class=\"col small-12 large-12\"  >\n\t\t\t\t<div class=\"col-inner\"  >\n\t\t\t\n\t\t\t\n<h2>Texte de l'appel d'offres pour les bureaux d'\u00e9tudes, les architectes et les bureaux de planification pour l'\u00e9quipement d'h\u00f4tels, d'h\u00f4pitaux, de centres sportifs, etc.<\/h2>\n<p>Appel d'offres pour l'acquisition de technologies d'\u00e9conomie d'eau<\/p>\n<div class=\"is-divider divider clearfix\" style=\"max-width:100%;height:1px;\"><\/div>\n<ol>\n<li><strong>Objet de l'appel d'offres<\/strong><br \/>\nL'institution publique (nom de l'institution) lance un appel d'offres pour la fourniture et l'installation de syst\u00e8mes innovants d'\u00e9conomie d'eau visant \u00e0 r\u00e9duire la consommation d'eau et \u00e0 am\u00e9liorer les normes d'hygi\u00e8ne dans les douches et les lavabos. L'objectif est de r\u00e9duire durablement la consommation d'eau dans les installations sanitaires (communaut\u00e9s, \u00e9coles, autorit\u00e9s, installations sportives, b\u00e2timents publics et nouvelles constructions) de l'institution, de pr\u00e9venir la formation de biofilms, de r\u00e9duire le risque de l\u00e9gionellose et d'assurer la fonction d'\u00e9vacuation des pommes de douche et principalement des tuyaux de douche.<\/li>\n<li><strong>Description de l'\u00e9tendue des services<\/strong><br \/>\n- Livraison : Fourniture des syst\u00e8mes d'\u00e9conomie d'eau dans les quantit\u00e9s et les mod\u00e8les requis dans un d\u00e9lai de 3 semaines calendaires.<br \/>\n- Installation : Installation professionnelle des syst\u00e8mes d'\u00e9conomie d'eau livr\u00e9s dans les installations sanitaires.<br \/>\n- Formation : Formation du personnel au fonctionnement et \u00e0 l'entretien des syst\u00e8mes d'\u00e9conomie d'eau.<br \/>\n- Maintenance : Contrat d'entretien optionnel pour l'inspection et l'entretien r\u00e9guliers des syst\u00e8mes install\u00e9s conform\u00e9ment aux exigences l\u00e9gales.<\/li>\n<li><strong>Exigences pour les soumissionnaires<\/strong><br \/>\n- Preuve de l'aptitude technique et professionnelle \u00e0 la fourniture et \u00e0 l'installation de technologies d'\u00e9conomie d'eau (certificat T\u00dcV, rapport d'hygi\u00e8ne sur la sant\u00e9).<br \/>\n- Au moins 15 ans d'exp\u00e9rience et de r\u00e9f\u00e9rences dans l'installation de syst\u00e8mes d'\u00e9conomie d'eau.<br \/>\n- Mise \u00e0 disposition d'un concept de maintenance.<br \/>\n- Certification de qualit\u00e9 selon le label \u00e9cologique ou le label \u00e9cologique autrichien.<br \/>\n- Divulgation du num\u00e9ro EORI.<br \/>\n- Offre d'un programme de formation pour le personnel de l'institution.<\/li>\n<li><strong>Sp\u00e9cifications techniques<\/strong><br \/>\n- Les syst\u00e8mes d'\u00e9conomie d'eau propos\u00e9s doivent permettre une r\u00e9duction de la consommation d'eau d'au moins 40%. D\u00e9bit maximal de 6 \u00e0 9 litres\/heure en pleine ouverture pour les douches et de 5 \u00e0 6 litres pour les \u00e9viers. La base est le r\u00e8glement de l'UE sur la taxonomie dans sa forme actuelle (\u00e0 partir de 2024) :<br \/>\n<a href=\"https:\/\/eur-lex.europa.eu\/eli\/reg\/2020\/852\/oj\" rel=\"noopener\">R\u00e8glement - 2020\/852 - FR - r\u00e8glement sur la taxonomie - EUR-Lex (europa.eu)<\/a><br \/>\n<a href=\"https:\/\/www.bmk.gv.at\/green-finance\/finanzen\/eu-strategie\/eu-taxonomie-vo.html\" rel=\"noopener\">R\u00e8glement de l'UE sur la taxonomie (bmk.gv.at)<\/a><br \/>\n- Compatibilit\u00e9 avec les syst\u00e8mes de douche et les robinets courants, disponible en tant que pi\u00e8ce de rechange.<br \/>\n- Installation simple sans effort de construction important.<br \/>\n- Fonction de drainage du syst\u00e8me pour \u00e9viter la formation de biofilms.<br \/>\n- M\u00e9canismes de r\u00e9duction du risque de l\u00e9gionellose.<br \/>\n- Fonction d'\u00e9vacuation au niveau de la robinetterie pour \u00e9viter l'eau stagnante dans les pommes de douche apr\u00e8s la douche.<br \/>\n- Garantie fonctionnelle de 10 ans en tant que caract\u00e9ristique de durabilit\u00e9.<\/li>\n<li><strong>Crit\u00e8res d'attribution<\/strong><br \/>\nLe march\u00e9 sera attribu\u00e9 \u00e0 l'offre \u00e9conomiquement la plus avantageuse en tenant compte des crit\u00e8res suivants :<br \/>\nPrix (20%)<br \/>\nQualit\u00e9 et caract\u00e9ristiques techniques des syst\u00e8mes d'\u00e9conomie d'eau propos\u00e9s (50%)<br \/>\nService, y compris l'installation, la formation et la maintenance (10%)<br \/>\nGarantie de fourniture de pi\u00e8ces d\u00e9tach\u00e9es pendant 10 ans (10%)<br \/>\nPreuve du calcul des \u00e9conomies certifi\u00e9e par le T\u00dcV (10%) ventilation d\u00e9taill\u00e9e par quantit\u00e9 d'eau - co\u00fbts des eaux us\u00e9es - co\u00fbts de l'\u00e9nergie - r\u00e9duction du CO2<\/li>\n<li><strong>Pr\u00e9sentation des offres<\/strong><br \/>\nLes entreprises int\u00e9ress\u00e9es sont invit\u00e9es \u00e0 soumettre leurs offres par \u00e9crit avant le (date) \u00e0 l'adresse suivante :<br \/>\n(Nom et adresse de l'institution publique)<\/li>\n<li><strong>Visite du site<\/strong><br \/>\nUne visite des installations sanitaires \u00e0 moderniser sera propos\u00e9e le (date) \u00e0 (heure). Le point de rencontre est (lieu).<\/li>\n<li><strong>Contact<\/strong><br \/>\nPour toute question ou information compl\u00e9mentaire, veuillez contacter (nom de la personne de contact) au (num\u00e9ro de t\u00e9l\u00e9phone) ou par courrier \u00e9lectronique \u00e0 (adresse \u00e9lectronique).<\/li>\n<\/ol>\n<div class=\"is-divider divider clearfix\" style=\"max-width:100%;height:1px;\"><\/div>\n<p>L'organisme public attend avec impatience vos offres et la mise en \u0153uvre conjointe d'une gestion durable de l'eau.<\/p>\n\t<div id=\"gap-992169246\" class=\"gap-element clearfix\" style=\"display:block; height:auto;\">\n\t\t\n<style>\n#gap-992169246 {\n  padding-top: 30px;\n}\n<\/style>\n\t<\/div>\n\t\n\t\t<\/div>\n\t\t\t\t\t<\/div>\n\n\t\n<\/div>","protected":false},"excerpt":{"rendered":"","protected":false},"author":1320,"featured_media":49835,"parent":0,"menu_order":0,"comment_status":"closed","ping_status":"closed","template":"page-blank.php","meta":{"inline_featured_image":false,"footnotes":""},"class_list":["post-50140","page","type-page","status-publish","has-post-thumbnail","hentry"],"_links":{"self":[{"href":"https:\/\/ecoturbino.shop\/fr\/wp-json\/wp\/v2\/pages\/50140","targetHints":{"allow":["GET"]}}],"collection":[{"href":"https:\/\/ecoturbino.shop\/fr\/wp-json\/wp\/v2\/pages"}],"about":[{"href":"https:\/\/ecoturbino.shop\/fr\/wp-json\/wp\/v2\/types\/page"}],"author":[{"embeddable":true,"href":"https:\/\/ecoturbino.shop\/fr\/wp-json\/wp\/v2\/users\/1320"}],"replies":[{"embeddable":true,"href":"https:\/\/ecoturbino.shop\/fr\/wp-json\/wp\/v2\/comments?post=50140"}],"version-history":[{"count":0,"href":"https:\/\/ecoturbino.shop\/fr\/wp-json\/wp\/v2\/pages\/50140\/revisions"}],"wp:featuredmedia":[{"embeddable":true,"href":"https:\/\/ecoturbino.shop\/fr\/wp-json\/wp\/v2\/media\/49835"}],"wp:attachment":[{"href":"https:\/\/ecoturbino.shop\/fr\/wp-json\/wp\/v2\/media?parent=50140"}],"curies":[{"name":"wp","href":"https:\/\/api.w.org\/{rel}","templated":true}]}}