{"id":8166,"date":"2015-02-14T16:37:30","date_gmt":"2015-02-14T15:37:30","guid":{"rendered":"http:\/\/shop.pronatur24.eu\/?page_id=8166"},"modified":"2025-08-15T11:10:48","modified_gmt":"2025-08-15T09:10:48","slug":"programme-des-partenaires-affilies-2","status":"publish","type":"page","link":"https:\/\/ecoturbino.shop\/fr\/affiliate-partner-program\/","title":{"rendered":"AFFILI\u00c9S \u00bb Le programme de partenariat"},"content":{"rendered":"<div class=\"banner has-hover\" id=\"banner-746784756\">\n          <div class=\"banner-inner fill\">\n        <div class=\"banner-bg fill\" >\n            <img decoding=\"async\" width=\"2000\" height=\"230\" src=\"https:\/\/ecoturbino.shop\/wp-content\/uploads\/2023\/08\/bonuspunkte-webdeals_1050.webp\" class=\"bg attachment-original size-original\" alt=\"En-t\u00eate de l&#039;affili\u00e9\" \/>                        <div class=\"overlay\"><\/div>            \n                    <\/div>\n\t\t\n        <div class=\"banner-layers container\">\n            <div class=\"fill banner-link\"><\/div>            \n   <div id=\"text-box-262146337\" class=\"text-box banner-layer x50 md-x50 lg-x50 y50 md-y50 lg-y50 res-text\">\n                                <div class=\"text-box-content text dark\">\n              \n              <div class=\"text-inner text-center\">\n                  \n<h1>AFFILIE<\/h1>\n              <\/div>\n           <\/div>\n                            \n<style>\n#text-box-262146337 {\n  width: 80%;\n}\n#text-box-262146337 .text-box-content {\n  font-size: 100%;\n}\n@media (min-width:550px) {\n  #text-box-262146337 {\n    width: 67%;\n  }\n}\n@media (min-width:850px) {\n  #text-box-262146337 {\n    width: 44%;\n  }\n}\n<\/style>\n    <\/div>\n \n        <\/div>\n      <\/div>\n\n            \n<style>\n#banner-746784756 {\n  padding-top: 110px;\n}\n#banner-746784756 .overlay {\n  background-color: rgba(0,0,0,.5);\n}\n@media (min-width:550px) {\n  #banner-746784756 {\n    padding-top: 170px;\n  }\n}\n@media (min-width:850px) {\n  #banner-746784756 {\n    padding-top: 190px;\n  }\n}\n<\/style>\n  <\/div>\n\n\n<div class=\"row\"  id=\"row-28233474\">\n\n\t<div id=\"col-2055367350\" class=\"col small-12 large-12\"  >\n\t\t\t\t<div class=\"col-inner\"  >\n\t\t\t\n\t\t\t\n<div class=\"row\"  id=\"row-675227590\">\n\n\t<div id=\"col-936611018\" class=\"col medium-8 small-12 large-8\"  >\n\t\t\t\t<div class=\"col-inner\"  >\n\t\t\t\n\t\t\t\n<h2 class=\"headlinefocus\">Vous parlez d\u00e9j\u00e0 d'ecoturbino\u00ae ?<\/h2>\n<p>Gr\u00e2ce \u00e0 notre programme de partenariat, nous vous remercions de votre appr\u00e9ciation et de votre recommandation. De nombreux utilisateurs connaissent et appr\u00e9cient nos produits et leur potentiel d'\u00e9conomie sur les co\u00fbts li\u00e9s \u00e0 l'eau. Et ce, ind\u00e9pendamment du fait que l'application se situe dans le secteur priv\u00e9 ou commercial.<\/p>\n<p><strong>Pour que davantage d'utilisateurs d\u00e9couvrent la qualit\u00e9 et le potentiel d'ecoturbino\u00ae, nous avons besoin de personnes comme vous.<\/strong> La sensibilisation \u00e0 l'efficacit\u00e9 \u00e9nerg\u00e9tique, \u00e0 la protection de l'environnement et aux \u00e9conomies r\u00e9elles doit se poursuivre. Gr\u00e2ce \u00e0 notre programme de partenaires affili\u00e9s, nous jetons les bases de cette sensibilisation, car nous sommes parfaitement conscients de la valeur des recommandations.<\/p>\n<p><strong>Vous avez votre propre site web, vous \u00eates blogueur, YouTuber, influenceur ou vous g\u00e9rez une boutique en ligne ?<\/strong> Inscrivez-vous alors en tant que partenaire affili\u00e9 d'ecoturbino\u00ae et offrez avec nous une alternative aux gens. Un outil tr\u00e8s efficace qui permet d'\u00e9conomiser de l'argent durement gagn\u00e9, \u00e0 plusieurs reprises, et qui garantit un confort total sous la douche - pour les invit\u00e9s et les employ\u00e9s dans les entreprises comme dans les m\u00e9nages priv\u00e9s.<\/p>\n<p><strong>Nous vous remercions de votre pr\u00e9cieux travail en vous offrant des commissions attrayantes !<\/strong><\/p>\n\t\t<\/div>\n\t\t\t\t\t<\/div>\n\n\t\n\n\t<div id=\"col-561171413\" class=\"col hide-for-small medium-4 small-12 large-4\"  >\n\t\t\t\t<div class=\"col-inner\"  >\n\t\t\t\n\t\t\t\n\t<div id=\"ux-lottie-802163040\" class=\"ux-lottie hide-for-small\">\n\t\t\t\t<lottie-player class=\"ux-lottie__player\" data-params=\"{&quot;src&quot;:&quot;https:\\\/\\\/ecoturbino.shop\\\/wp-content\\\/uploads\\\/2023\\\/08\\\/102516-growth.json&quot;,&quot;loop&quot;:true,&quot;autoplay&quot;:true,&quot;controls&quot;:false,&quot;speed&quot;:&quot;1&quot;,&quot;direction&quot;:1,&quot;trigger&quot;:&quot;&quot;,&quot;mouseout&quot;:&quot;&quot;,&quot;start&quot;:0,&quot;end&quot;:100,&quot;scrollActionType&quot;:&quot;seek&quot;,&quot;visibilityStart&quot;:0,&quot;visibilityEnd&quot;:100,&quot;id&quot;:&quot;ux-lottie-802163040&quot;}\"><\/lottie-player>\n\t\t\t\t\n<style>\n#ux-lottie-802163040 {\n  width: 100%;\n  height: 300px;\n}\n<\/style>\n\t<\/div>\n\t\n\t\t<\/div>\n\t\t\t\t\t<\/div>\n\n\t\n<\/div>\n<div class=\"is-divider divider clearfix\" style=\"max-width:100%;height:1px;\"><\/div>\n\t<div class=\"img has-hover x md-x lg-x y md-y lg-y\" id=\"image_1905747649\">\n\t\t\t\t\t\t\t\t<div class=\"img-inner dark\" >\n\t\t\t<img decoding=\"async\" width=\"1050\" height=\"250\" src=\"https:\/\/ecoturbino.shop\/wp-content\/uploads\/2023\/08\/affiliate-erfolg-webdeals_1050.webp\" class=\"attachment-original size-original\" alt=\"Programme de partenariat d&#039;affiliation\" srcset=\"https:\/\/ecoturbino.shop\/wp-content\/uploads\/2023\/08\/affiliate-erfolg-webdeals_1050.webp 1050w, https:\/\/ecoturbino.shop\/wp-content\/uploads\/2023\/08\/affiliate-erfolg-webdeals_1050-470x112.webp 470w, https:\/\/ecoturbino.shop\/wp-content\/uploads\/2023\/08\/affiliate-erfolg-webdeals_1050-635x151.webp 635w, https:\/\/ecoturbino.shop\/wp-content\/uploads\/2023\/08\/affiliate-erfolg-webdeals_1050-800x190.webp 800w\" sizes=\"(max-width: 1050px) 100vw, 1050px\" \/>\t\t\t\t\t\t\n\t\t\t\t\t<\/div>\n\t\t\t\t\t\t\t\t\n<style>\n#image_1905747649 {\n  width: 100%;\n}\n<\/style>\n\t<\/div>\n\t\n<h3>L'application d'affiliation est avant tout une chose : FACILE !<\/h3>\n<p>Il suffit de remplir et d'envoyer le formulaire de candidature figurant sur cette page. C'est tout. Nous prenons beaucoup de temps pour chaque nouveau partenaire afin de r\u00e9pondre \u00e0 toutes les questions. Nous vous appellerons apr\u00e8s un court laps de temps - \u00e9galement pour apprendre \u00e0 vous conna\u00eetre.<\/p>\n<p>Et c'est parti. Avec votre ID de partenaire, nos images de produits et notre mat\u00e9riel publicitaire num\u00e9rique, plus rien ne s'oppose \u00e0 votre entr\u00e9e dans le monde de la biologie de la construction efficace et de la sant\u00e9 humaine.<\/p>\n\t<div id=\"gap-742684105\" class=\"gap-element clearfix\" style=\"display:block; height:auto;\">\n\t\t\n<style>\n#gap-742684105 {\n  padding-top: 15px;\n}\n<\/style>\n\t<\/div>\n\t\n<div class=\"is-divider divider clearfix\" style=\"max-width:100%;height:1px;\"><\/div>\n<div class=\"row\"  id=\"row-156164614\">\n\n\t<div id=\"col-281859755\" class=\"col medium-8 small-12 large-8\"  >\n\t\t\t\t<div class=\"col-inner\"  >\n\t\t\t\n\t\t\t\n<h3>Le programme de partenariat ecoturbino\u00ae est tout simplement convaincant !<\/h3>\n<ul>\n<li><strong>Propre syst\u00e8me d'affiliation et pas de plateforme externe<\/strong><\/li>\n<li><strong>Entretien des contacts personnels et recherche ou optimisation d'id\u00e9es<\/strong><\/li>\n<li><strong>Accords individuels<\/strong> et du mat\u00e9riel ou des campagnes publicitaires<\/li>\n<li>Des commissions attrayantes<\/li>\n<li>D\u00e9lais de paiement individuels<\/li>\n<li>Dur\u00e9e du cookie : 30 jours<\/li>\n<li>Taux d'annulation les plus bas - <strong>tr\u00e8s peu de retours<\/strong><\/li>\n<li>Taux de conversion \u00e9lev\u00e9<\/li>\n<\/ul>\n\t<div id=\"gap-270019080\" class=\"gap-element clearfix\" style=\"display:block; height:auto;\">\n\t\t\n<style>\n#gap-270019080 {\n  padding-top: 15px;\n}\n<\/style>\n\t<\/div>\n\t\n<h3>Lignes directrices pour le marketing par moteur de recherche<\/h3>\n<ul>\n<li>Le marketing par moteur de recherche est g\u00e9n\u00e9ralement autoris\u00e9 et encourag\u00e9. L'URL peut \u00eatre utilis\u00e9e comme URL d'affichage et comme URL cible.<\/li>\n<li>La surench\u00e8re (\u201cecoturbino\u201d et autres orthographes similaires) n'est pas autoris\u00e9e.<\/li>\n<li>L'utilisation de portails de bons d'achat utilisant la marque \u201cecoturbino\u201d n'est pas autoris\u00e9e.<\/li>\n<\/ul>\n\t\t<\/div>\n\t\t\t\t\t<\/div>\n\n\t\n\n\t<div id=\"col-1342578239\" class=\"col medium-4 small-12 large-4\"  >\n\t\t\t\t<div class=\"col-inner\"  >\n\t\t\t\n\t\t\t\n\t<div class=\"img has-hover x md-x lg-x y md-y lg-y\" id=\"image_1569539726\">\n\t\t\t\t\t\t\t\t<div class=\"img-inner dark\" >\n\t\t\t<img decoding=\"async\" width=\"1000\" height=\"1000\" src=\"https:\/\/ecoturbino.shop\/wp-content\/uploads\/2023\/09\/ecoturbino-crometta-vario-hansgrohe-handbrause-pronatur24-feedbild2_1000.webp\" class=\"attachment-original size-original\" alt=\"hansgrohe Crometta Vario, 2 jets SET + ecoturbino\u00ae 10 Legio | ET10L adaptateur d&#039;\u00e9conomie d&#039;eau + flexible de douche + pomme de douche. Image d&#039;alimentation.\" srcset=\"https:\/\/ecoturbino.shop\/wp-content\/uploads\/2023\/09\/ecoturbino-crometta-vario-hansgrohe-handbrause-pronatur24-feedbild2_1000.webp 1000w, https:\/\/ecoturbino.shop\/wp-content\/uploads\/2023\/09\/ecoturbino-crometta-vario-hansgrohe-handbrause-pronatur24-feedbild2_1000-470x470.webp 470w, https:\/\/ecoturbino.shop\/wp-content\/uploads\/2023\/09\/ecoturbino-crometta-vario-hansgrohe-handbrause-pronatur24-feedbild2_1000-635x635.webp 635w, https:\/\/ecoturbino.shop\/wp-content\/uploads\/2023\/09\/ecoturbino-crometta-vario-hansgrohe-handbrause-pronatur24-feedbild2_1000-800x800.webp 800w, https:\/\/ecoturbino.shop\/wp-content\/uploads\/2023\/09\/ecoturbino-crometta-vario-hansgrohe-handbrause-pronatur24-feedbild2_1000-340x340.webp 340w\" sizes=\"(max-width: 1000px) 100vw, 1000px\" \/>\t\t\t\t\t\t\n\t\t\t\t\t<\/div>\n\t\t\t\t\t\t\t\t\n<style>\n#image_1569539726 {\n  width: 100%;\n}\n<\/style>\n\t<\/div>\n\t\n\t\t<\/div>\n\t\t\t\t\t<\/div>\n\n\t\n<\/div>\n\t<div id=\"gap-1029494557\" class=\"gap-element clearfix\" style=\"display:block; height:auto;\">\n\t\t\n<style>\n#gap-1029494557 {\n  padding-top: 15px;\n}\n<\/style>\n\t<\/div>\n\t\n\n\t<section class=\"section\" id=\"section_895780117\">\n\t\t<div class=\"section-bg fill\" >\n\t\t\t\t\t\t\t\t\t\n\t\t\t\n\n\t\t<\/div>\n\n\t\t\t<div class=\"ux-shape-divider ux-shape-divider--top ux-shape-divider--style-curve-opacity\">\n\t\t<svg viewbox=\"0 0 1000 100\" xmlns=\"http:\/\/www.w3.org\/2000\/svg\" preserveaspectratio=\"none\">\n\t\t<path class=\"ux-shape-fill\" opacity=\"0.15\" d=\"M0 14C0 14 88.64 17.48 300 50C560 90 814 77 1003 40L1015 68L1018 104H0V14Z\"\/>\n\t\t<path class=\"ux-shape-fill\" opacity=\"0.3\" d=\"M0 45C0 45 271 90.13 500 77C657 68 830 30 1015 14V100H0V45Z\"\/>\n\t\t<path class=\"ux-shape-fill\" d=\"M0 58C0 58 188.29 90 508 90C798 90 1002 55 1002 55V100H0V58Z\"\/>\n<\/svg>\n\t<\/div>\n\n\t<div class=\"ux-shape-divider ux-shape-divider--bottom ux-shape-divider--style-waves-opacity-3\">\n\t\t<svg viewbox=\"0 0 1000 300\" xmlns=\"http:\/\/www.w3.org\/2000\/svg\" preserveaspectratio=\"none\">\n\t<path class=\"ux-shape-fill\" opacity=\"0.05\" d=\"M1014 264V386H206L34 300C34 300 344.42 277.16 436 221C542 156 590 160 704 209C811 255 899.11 214.94 979 346L1014 264Z\"\/>\n\t<path class=\"ux-shape-fill\" opacity=\"0.1\" d=\"M-302 55C-302 55 -66.73 263.25 50 214C178 160 283 116 353 141C445.68 174.1 534.28 256.19 588 249C692.9 235 764.52 75.94 855 131C940.61 183.09 1000 254 1000 254V328L-306 338L-302 55Z\"\/>\n\t<path class=\"ux-shape-fill\" opacity=\"0.15\" d=\"M-286 255C-286 255 -72 152 52 126C176 100 255 155 436 227C581.57 284.91 614.7 277.79 708 227C787 184 1009 3.0001 1093 164C1146 265.63 1031 293 1031 293L924 377L-288 389L-286 255Z\"\/>\n\t<path class=\"ux-shape-fill\" opacity=\"0.3\" d=\"M-24 69C-24 69 275.68 370.66 389 314C397 310 622 316 673 356C690.47 369.7 845 224 890 182C944.8 130.85 1018 92 1078 143C1154.12 207.7 1196 242 1196 242L1184 374L-28 386L-24 69Z\"\/>\n\t<path class=\"ux-shape-fill\" d=\"M-12 201C-12 201 58 284 182 258C306 232 342.29 221.23 456 264C565 305 640.82 288.36 721 249C776 222 837.5 191.31 935 253C984 284 1030 279 1030 279L1024 430L-12 440V201Z\"\/>\n<\/svg>\n\t<\/div>\n\n\t\t<div class=\"section-content relative\">\n\t\t\t\n\t<div id=\"gap-741349428\" class=\"gap-element clearfix\" style=\"display:block; height:auto;\">\n\t\t\n<style>\n#gap-741349428 {\n  padding-top: 40px;\n}\n<\/style>\n\t<\/div>\n\t\n<h3>LA DEMANDE D'ADH\u00c9SION AU PROGRAMME D'AFFILIATION ECOTURBINO\u00ae.<\/h3>\n\t<div id=\"gap-1159601259\" class=\"gap-element clearfix\" style=\"display:block; height:auto;\">\n\t\t\n<style>\n#gap-1159601259 {\n  padding-top: 15px;\n}\n<\/style>\n\t<\/div>\n\t\n\n<div class=\"wpcf7 no-js\" id=\"wpcf7-f9590-o1\" lang=\"de-DE\" dir=\"ltr\" data-wpcf7-id=\"9590\">\n<div class=\"screen-reader-response\"><p role=\"status\" aria-live=\"polite\" aria-atomic=\"true\"><\/p> <ul><\/ul><\/div>\n<form action=\"\/fr\/wp-json\/wp\/v2\/pages\/8166#wpcf7-f9590-o1\" method=\"post\" class=\"wpcf7-form init\" aria-label=\"Kontaktformular\" novalidate=\"novalidate\" data-status=\"init\" data-trp-original-action=\"\/fr\/wp-json\/wp\/v2\/pages\/8166#wpcf7-f9590-o1\">\n<fieldset class=\"hidden-fields-container\"><input type=\"hidden\" name=\"_wpcf7\" value=\"9590\" \/><input type=\"hidden\" name=\"_wpcf7_version\" value=\"6.1.5\" \/><input type=\"hidden\" name=\"_wpcf7_locale\" value=\"de_DE\" \/><input type=\"hidden\" name=\"_wpcf7_unit_tag\" value=\"wpcf7-f9590-o1\" \/><input type=\"hidden\" name=\"_wpcf7_container_post\" value=\"0\" \/><input type=\"hidden\" name=\"_wpcf7_posted_data_hash\" value=\"\" \/>\n<\/fieldset>\n<p><span class=\"wpcf7-form-control-wrap\" data-name=\"name102\"><input size=\"60\" maxlength=\"100\" class=\"wpcf7-form-control wpcf7-text wpcf7-validates-as-required\" aria-required=\"true\" aria-invalid=\"false\" placeholder=\"Nom\" value=\"\" type=\"text\" name=\"name102\" \/><\/span>\n<\/p>\n<p><span class=\"wpcf7-form-control-wrap\" data-name=\"email102\"><input size=\"60\" maxlength=\"100\" class=\"wpcf7-form-control wpcf7-email wpcf7-validates-as-required wpcf7-text wpcf7-validates-as-email\" aria-required=\"true\" aria-invalid=\"false\" placeholder=\"@eMail-address\" value=\"\" type=\"email\" name=\"email102\" \/><\/span>\n<\/p>\n<p><span class=\"wpcf7-form-control-wrap\" data-name=\"telefon102\"><input size=\"30\" maxlength=\"50\" class=\"wpcf7-form-control wpcf7-text\" aria-invalid=\"false\" placeholder=\"T\u00e9l\u00e9phone\" value=\"\" type=\"text\" name=\"telefon102\" \/><\/span>\n<\/p>\n<p><span class=\"wpcf7-form-control-wrap\" data-name=\"homepage102\"><input size=\"60\" maxlength=\"100\" class=\"wpcf7-form-control wpcf7-text\" aria-invalid=\"false\" placeholder=\"Page d&#039;accueil\" value=\"\" type=\"text\" name=\"homepage102\" \/><\/span>\n<\/p>\n<p><span class=\"wpcf7-form-control-wrap\" data-name=\"nachricht102\"><textarea cols=\"60\" rows=\"5\" maxlength=\"500\" class=\"wpcf7-form-control wpcf7-textarea wpcf7-validates-as-required\" aria-required=\"true\" aria-invalid=\"false\" placeholder=\"O\u00f9 et comment voulez-vous parler de nous ? De quoi avez-vous besoin pour recommander ecoturbino (photos, liens) ?\" name=\"nachricht102\"><\/textarea><\/span>\n<\/p>\n<div class=\"wpcf7-turnstile cf-turnstile\" data-sitekey=\"0x4AAAAAAALCOGxAMe4ujVPQ\" data-response-field-name=\"_wpcf7_turnstile_response\"><\/div>\n<p><input class=\"wpcf7-form-control wpcf7-submit has-spinner\" type=\"submit\" value=\"Soumettre\" \/>\n<\/p><div class=\"wpcf7-response-output\" aria-hidden=\"true\"><\/div>\n<input type=\"hidden\" name=\"trp-form-language\" value=\"fr\"\/><\/form>\n<\/div>\n\n\t\t<\/div>\n\n\t\t\n<style>\n#section_895780117 {\n  padding-top: 0px;\n  padding-bottom: 0px;\n  background-color: rgba(83, 166, 0, 0.05);\n}\n#section_895780117 .ux-shape-divider--top svg {\n  height: 150px;\n  --divider-top-width: 100%;\n}\n#section_895780117 .ux-shape-divider--top .ux-shape-fill {\n  fill: #c0d63d;\n}\n#section_895780117 .ux-shape-divider--bottom svg {\n  height: 150px;\n  --divider-width: 100%;\n}\n<\/style>\n\t<\/section>\n\t\n\t\t<\/div>\n\t\t\t\t\t<\/div>\n\n\t\n<\/div>","protected":false},"excerpt":{"rendered":"","protected":false},"author":1319,"featured_media":47649,"parent":0,"menu_order":0,"comment_status":"closed","ping_status":"closed","template":"page-blank.php","meta":{"inline_featured_image":false,"footnotes":""},"class_list":["post-8166","page","type-page","status-publish","has-post-thumbnail","hentry"],"_links":{"self":[{"href":"https:\/\/ecoturbino.shop\/fr\/wp-json\/wp\/v2\/pages\/8166","targetHints":{"allow":["GET"]}}],"collection":[{"href":"https:\/\/ecoturbino.shop\/fr\/wp-json\/wp\/v2\/pages"}],"about":[{"href":"https:\/\/ecoturbino.shop\/fr\/wp-json\/wp\/v2\/types\/page"}],"author":[{"embeddable":true,"href":"https:\/\/ecoturbino.shop\/fr\/wp-json\/wp\/v2\/users\/1319"}],"replies":[{"embeddable":true,"href":"https:\/\/ecoturbino.shop\/fr\/wp-json\/wp\/v2\/comments?post=8166"}],"version-history":[{"count":0,"href":"https:\/\/ecoturbino.shop\/fr\/wp-json\/wp\/v2\/pages\/8166\/revisions"}],"wp:featuredmedia":[{"embeddable":true,"href":"https:\/\/ecoturbino.shop\/fr\/wp-json\/wp\/v2\/media\/47649"}],"wp:attachment":[{"href":"https:\/\/ecoturbino.shop\/fr\/wp-json\/wp\/v2\/media?parent=8166"}],"curies":[{"name":"wp","href":"https:\/\/api.w.org\/{rel}","templated":true}]}}