{"id":50551,"date":"2024-09-17T08:50:09","date_gmt":"2024-09-17T06:50:09","guid":{"rendered":"https:\/\/en.ecoturbino.shop\/?post_type=product&#038;p=50551"},"modified":"2025-08-15T20:41:43","modified_gmt":"2025-08-15T18:41:43","slug":"douche-lave-vaisselle-ecopre-pour-la-gastronomie-2","status":"publish","type":"product","link":"https:\/\/ecoturbino.shop\/fr\/buy\/dishwashing-shower-ecopre-for-gastronomy\/","title":{"rendered":"Douche lave-vaisselle | Robinet de pr\u00e9rin\u00e7age pour lave-vaisselle \u201cecoPre\u201d pour la gastronomie | Economisez beaucoup d'eau gr\u00e2ce \u00e0 ecoturbino\u00ae | Innovation et durabilit\u00e9 dans le pr\u00e9rin\u00e7age dans les grandes cuisines"},"content":{"rendered":"<div id=\"gap-1733665593\" class=\"gap-element clearfix\" style=\"display:block; height:auto;\">\n\t\t\n<style>\n#gap-1733665593 {\n  padding-top: 0px;\n}\n<\/style>\n\t<\/div>\n\t\n\n  <div class=\"banner has-hover radius10\" id=\"banner-1662844236\">\n          <div class=\"banner-inner fill\">\n        <div class=\"banner-bg fill\" >\n            <img decoding=\"async\" width=\"1920\" height=\"683\" src=\"https:\/\/ecoturbino.shop\/wp-content\/uploads\/2026\/01\/ecoturbino-function_1920.webp\" class=\"bg attachment-original size-original\" alt=\"fonction ecoturbino\" \/>                                    \n                    <\/div>\n\t\t\n        <div class=\"banner-layers container\">\n            <div class=\"fill banner-link\"><\/div>            \n\n\t<div class=\"img has-hover x95 md-x95 lg-x95 y5 md-y5 lg-y5\" id=\"image_1452820840\">\n\t\t\t\t\t\t\t\t<div class=\"img-inner dark\" >\n\t\t\t<img decoding=\"async\" width=\"100\" height=\"100\" src=\"https:\/\/ecoturbino.shop\/wp-content\/uploads\/2023\/08\/LOGO-ecoturbino-RGB-weiss.svg\" class=\"attachment-original size-original\" alt=\"Logo ecoturbino\" \/>\t\t\t\t\t\t\n\t\t\t\t\t<\/div>\n\t\t\t\t\t\t\t\t\n<style>\n#image_1452820840 {\n  width: 30%;\n}\n<\/style>\n\t<\/div>\n\t\n\n\n        <\/div>\n      <\/div>\n\n            \n<style>\n#banner-1662844236 {\n  padding-top: 350px;\n}\n<\/style>\n  <\/div>\n\n\n<div class=\"is-divider divider clearfix\" style=\"margin-top:2em;margin-bottom:2em;max-width:100%;height:1px;\"><\/div>\n<h2 class=\"headlinefocus\">Douche lave-vaisselle \u201cecoPre\u201d pour la gastronomie | \u00c9conomiser facilement beaucoup d'eau dans la cuisine lors du lavage de la vaisselle | Innovation en mati\u00e8re de pr\u00e9rin\u00e7age pour les grandes cuisines<\/h2>\n<p><strong>Remarque : l'image du prototype montre du laiton - la version livr\u00e9e est chrom\u00e9e.<\/strong><\/p>\n<p>Les <strong>douche lave-vaisselle \u201cecoPre\u201d<\/strong> pour un usage professionnel dans<strong> La gastronomie r\u00e9volutionne le processus de pr\u00e9rin\u00e7age<\/strong> dans les grandes cuisines, le r\u00e9glage <strong>de nouvelles normes en mati\u00e8re de d\u00e9veloppement durable<\/strong> et la conservation des ressources.<\/p>\n<div class=\"row\"  id=\"row-1275950402\">\n\n\t<div id=\"col-1629564861\" class=\"col medium-8 small-12 large-8\"  >\n\t\t\t\t<div class=\"col-inner\"  >\n\t\t\t\n\t\t\t\n<p>\u00c0 une \u00e9poque o\u00f9 <strong>le gaspillage de l'eau est de plus en plus pris en compte<\/strong> et l'efficacit\u00e9 est l'une des priorit\u00e9s de l'Union europ\u00e9enne. <strong>facteurs cl\u00e9s de succ\u00e8s pour les entreprises du secteur de l'h\u00f4tellerie et de la restauration<\/strong>, La douche lave-vaisselle ecoPre offre une solution qui permet non seulement de r\u00e9duire consid\u00e9rablement la consommation d'eau, mais aussi d'am\u00e9liorer la qualit\u00e9 de l'eau.<strong> des co\u00fbts d'exploitation r\u00e9duits.<\/strong><\/p>\n<h3>Consommation d'eau dans les grandes cuisines : Un d\u00e9fi pour l'industrie<\/h3>\n<blockquote><p>Les grandes cuisines des restaurants, des h\u00f4tels et des caf\u00e9t\u00e9rias sont confront\u00e9es quotidiennement \u00e0 une charge de travail \u00e9lev\u00e9e, le processus de pr\u00e9rin\u00e7age de la vaisselle constituant un d\u00e9fi particuli\u00e8rement important.<\/p><\/blockquote>\n<p>D'immenses quantit\u00e9s de <strong>de l'eau douce sont n\u00e9cessaires pour \u00e9liminer les aliments<\/strong> et pr\u00e9parer la vaisselle pour le cycle de lavage dans le lave-vaisselle.<\/p>\n<p>Dans les syst\u00e8mes traditionnels, <strong>la consommation d'eau peut \u00eatre extraordinairement \u00e9lev\u00e9e,<\/strong> ce qui a un impact n\u00e9gatif sur les co\u00fbts d'exploitation et l'empreinte \u00e9cologique.<\/p>\n<p>Les douches lave-vaisselle sont parmi les appareils les plus utilis\u00e9s dans une grande cuisine. Beaucoup d'entre elles <strong>les mod\u00e8les consomment entre 15 et 20 litres d'eau par minute<\/strong> \u00e0 une pression de fonctionnement de 4 bar.<\/p>\n<blockquote><p>\u00c9tant donn\u00e9 que ces douches fonctionnent plusieurs heures par jour, la consommation d'eau peut s'\u00e9lever \u00e0 plusieurs milliers de litres \u00e0 la fin de la journ\u00e9e.<\/p><\/blockquote>\n\t\t<\/div>\n\t\t\t\t\t<\/div>\n\n\t\n\n\t<div id=\"col-1800974143\" class=\"col medium-4 small-12 large-4\"  >\n\t\t\t\t<div class=\"col-inner text-center\"  >\n\t\t\t\n\t\t\t\n<a href=\"https:\/\/ecoturbino.shop\/fr\/salon-fafga-innsbruck-premiere-mondiale-2\/\" class=\"button secondary\" style=\"border-radius:9px;\">\n\t\t<span>Rapport sur le salon Premiere ecoPre FAFGA<\/span>\n\t<\/a>\n\n\t<div class=\"img has-hover x md-x lg-x y md-y lg-y\" id=\"image_760533132\">\n\t\t<a class=\"image-lightbox lightbox-gallery\" title=\"\" href=\"https:\/\/ecoturbino.shop\/wp-content\/uploads\/2024\/09\/Screenshot_1.jpg\">\t\t\t\t\t\t<div class=\"img-inner dark\" >\n\t\t\t<img decoding=\"async\" width=\"846\" height=\"302\" src=\"https:\/\/ecoturbino.shop\/wp-content\/uploads\/2024\/09\/Screenshot_1.jpg\" class=\"attachment-original size-original\" alt=\"Douche lave-vaisselle ecoPre | ecoturbino\" srcset=\"https:\/\/ecoturbino.shop\/wp-content\/uploads\/2024\/09\/Screenshot_1.jpg 846w, https:\/\/ecoturbino.shop\/wp-content\/uploads\/2024\/09\/Screenshot_1-470x168.jpg 470w, https:\/\/ecoturbino.shop\/wp-content\/uploads\/2024\/09\/Screenshot_1-635x227.jpg 635w, https:\/\/ecoturbino.shop\/wp-content\/uploads\/2024\/09\/Screenshot_1-800x286.jpg 800w\" sizes=\"(max-width: 846px) 100vw, 846px\" \/>\t\t\t\t\t\t\n\t\t\t\t\t<\/div>\n\t\t\t\t\t\t<\/a>\t\t\n<style>\n#image_760533132 {\n  width: 100%;\n}\n<\/style>\n\t<\/div>\n\t\n<div class=\"is-divider divider clearfix\" ><\/div>\n\t<div class=\"img has-hover x md-x lg-x y md-y lg-y\" id=\"image_1476460515\">\n\t\t<a class=\"image-lightbox lightbox-gallery\" title=\"\" href=\"https:\/\/ecoturbino.shop\/wp-content\/uploads\/2024\/09\/FAFGA2024.webp\">\t\t\t\t\t\t<div class=\"img-inner dark\" >\n\t\t\t<img decoding=\"async\" width=\"1200\" height=\"750\" src=\"https:\/\/ecoturbino.shop\/wp-content\/uploads\/2024\/09\/FAFGA2024.webp\" class=\"attachment-original size-original\" alt=\"Salon FAFGA 2024 Innsbruck\" srcset=\"https:\/\/ecoturbino.shop\/wp-content\/uploads\/2024\/09\/FAFGA2024.webp 1200w, https:\/\/ecoturbino.shop\/wp-content\/uploads\/2024\/09\/FAFGA2024-470x294.webp 470w, https:\/\/ecoturbino.shop\/wp-content\/uploads\/2024\/09\/FAFGA2024-635x397.webp 635w, https:\/\/ecoturbino.shop\/wp-content\/uploads\/2024\/09\/FAFGA2024-800x500.webp 800w\" sizes=\"(max-width: 1200px) 100vw, 1200px\" \/>\t\t\t\t\t\t\n\t\t\t\t\t<\/div>\n\t\t\t\t\t\t<\/a>\t\t\n<style>\n#image_1476460515 {\n  width: 100%;\n}\n<\/style>\n\t<\/div>\n\t\n\t\t<\/div>\n\t\t\t\t\t<\/div>\n\n\t\n<\/div>\n<p>Cela entra\u00eene non seulement une consommation extr\u00eamement \u00e9lev\u00e9e d'eau douce, mais aussi des co\u00fbts suppl\u00e9mentaires, car les eaux us\u00e9es doivent \u00eatre trait\u00e9es et \u00e9limin\u00e9es, ce qui peut n\u00e9cessiter beaucoup de ressources.<\/p>\n<h3>L'innovation : la douche lave-vaisselle ecoPre avec la technologie ecoturbino\u00ae.<\/h3>\n<p>Les <strong>Douche lave-vaisselle ecoPre<\/strong> aborde cette question en introduisant un<strong> solution r\u00e9volutionnaire dot\u00e9e de la technologie ecoturbino\u00ae.<\/strong><\/p>\n<p>Gr\u00e2ce \u00e0 cette technologie innovante, la consommation d'eau \u00e0 une pression de 4 bars est r\u00e9duite \u00e0 seulement 7-8 litres par minute, soit plus de 50% de moins que les mod\u00e8les conventionnels.<\/p>\n<blockquote><p>Cette r\u00e9duction repr\u00e9sente une avanc\u00e9e significative pour les grandes cuisines qui cherchent \u00e0 la fois \u00e0 r\u00e9duire leurs co\u00fbts et leur empreinte environnementale.<\/p><\/blockquote>\n<p>La technologie ecoturbino\u00ae fonctionne selon un principe d'optimisation du d\u00e9bit, garantissant que le d\u00e9bit d'eau est con\u00e7u pour maintenir la pression de rin\u00e7age et la performance de nettoyage.<\/p>\n<p>Cela signifie que <strong>malgr\u00e9 la r\u00e9duction de la consommation d'eau, l'efficacit\u00e9 du pr\u00e9rin\u00e7age n'est pas compromise.<\/strong> Les <strong>la force de la douche reste suffisamment forte<\/strong> pour \u00e9liminer sans effort les r\u00e9sidus alimentaires les plus tenaces, optimisant ainsi l'ensemble du processus de pr\u00e9rin\u00e7age et r\u00e9duisant la charge de travail du personnel de cuisine.<\/p>\n<h3>Le d\u00e9veloppement durable en point de mire : Conservation et protection de l'environnement<\/h3>\n<p>La protection de l'environnement \u00e9tant de plus en plus au centre des pr\u00e9occupations de la soci\u00e9t\u00e9 et des politiques, il est essentiel que le secteur de l'h\u00f4tellerie et de la restauration contribue \u00e9galement \u00e0 la r\u00e9duction de la consommation des ressources.<\/p>\n<p>La douche lave-vaisselle ecoPre r\u00e9pond parfaitement \u00e0 cette exigence. Par <strong>r\u00e9duire consid\u00e9rablement la consommation d'eau,<\/strong> pr\u00e9cieux <strong>les ressources naturelles sont pr\u00e9serv\u00e9es,<\/strong> et la pression sur les syst\u00e8mes d'assainissement est consid\u00e9rablement r\u00e9duite.<\/p>\n<p>Outre les \u00e9conomies d'eau, le <strong>La douche lave-vaisselle ecoPre contribue \u00e9galement \u00e0 r\u00e9duire la consommation d'\u00e9nergie.<\/strong> Moins d'eau utilis\u00e9e signifie moins d'\u00e9nergie n\u00e9cessaire pour chauffer l'eau, ce qui peut avoir un impact significatif sur la r\u00e9duction des co\u00fbts \u00e9nerg\u00e9tiques, en particulier dans les grandes cuisines \u00e0 forte demande.<\/p>\n<p>C'est un autre avantage pour les entreprises qui cherchent \u00e0 minimiser les co\u00fbts op\u00e9rationnels tout en fonctionnant de mani\u00e8re durable.<\/p>\n<h3>Moderne et efficace : R\u00e9duire les co\u00fbts d'exploitation<\/h3>\n<a href=\"https:\/\/ecoturbino.shop\/fr\/calculateur-deconomies-deau\/\" target=\"_blank\" class=\"button secondary\" rel=\"noopener\" style=\"border-radius:6px;\">\n\t\t<span>Calculateur d'\u00e9pargne g\u00e9n\u00e9rale pour les entreprises<\/span>\n\t<\/a>\n\n<a href=\"https:\/\/ecoturbino.shop\/fr\/presentation-du-systeme-hotelier-2\/\" target=\"_blank\" class=\"button success\" rel=\"noopener\" style=\"border-radius:6px;\">\n\t\t<span>Pr\u00e9sentations de syst\u00e8mes pour les h\u00f4tels<\/span>\n\t<\/a>\n\n<p>Pour <strong>Restaurateurs et exploitants de grandes cuisines<\/strong>, La r\u00e9duction des co\u00fbts d'exploitation est essentielle. La douchette ecoPre pour le lavage de la vaisselle permet de <strong>r\u00e9aliser d'importantes \u00e9conomies<\/strong> gr\u00e2ce \u00e0 la r\u00e9duction de la consommation d'eau et aux \u00e9conomies d'\u00e9nergie qui en d\u00e9coulent.<\/p>\n<blockquote><p>Sur une ann\u00e9e, ces \u00e9conomies peuvent s'\u00e9lever \u00e0 plusieurs milliers d'euros dans un \u00e9tablissement plus important.<\/p><\/blockquote>\n<p>Un autre facteur de co\u00fbt r\u00e9duit par ecoPre est la maintenance et l'entretien des syst\u00e8mes de traitement de l'eau. Le d\u00e9bit d'eau plus faible r\u00e9duit l'usure des tuyaux et des filtres, ce qui prolonge la dur\u00e9e de vie de ces syst\u00e8mes et minimise les co\u00fbts d'entretien.<\/p>\n<h3>Confort et facilit\u00e9 d'utilisation<\/h3>\n<p>Au-del\u00e0 des avantages techniques et environnementaux, la douchette lave-vaisselle ecoPre met l'accent sur la convivialit\u00e9. Dans l'environnement rapide d'une grande cuisine, il est essentiel que tous les appareils fonctionnent de mani\u00e8re intuitive et fiable.<\/p>\n<p>La douche ecoPre a \u00e9t\u00e9 con\u00e7ue pour \u00eatre facile \u00e0 utiliser et peut \u00eatre int\u00e9gr\u00e9e en toute transparence dans les syst\u00e8mes de rin\u00e7age existants. Sa poign\u00e9e ergonomique et son syst\u00e8me de vannes souples garantissent une manipulation confortable, m\u00eame en cas d'utilisation prolong\u00e9e. En outre, la douche est extr\u00eamement durable et con\u00e7ue pour r\u00e9sister aux exigences d'une utilisation quotidienne dans des environnements difficiles.<\/p>\n<h3>Contribution \u00e0 la certification en mati\u00e8re de d\u00e9veloppement durable<\/h3>\n<p>Plus et <strong>Les entreprises du secteur de l'h\u00f4tellerie et de la restauration sont de plus en plus nombreuses \u00e0 se concentrer sur le d\u00e9veloppement durable et \u00e0 viser des certifications environnementales.<\/strong>, comme la Clef verte ou l'Ange bleu. L'utilisation de la douche lave-vaisselle ecoPre peut contribuer de mani\u00e8re significative \u00e0 l'obtention de ces certifications.<\/p>\n<blockquote><p>En r\u00e9duisant manifestement la consommation d'eau et d'\u00e9nergie, l'empreinte \u00e9cologique est am\u00e9lior\u00e9e, ce qui contribue non seulement \u00e0 la certification, mais aussi \u00e0 l'image positive de l'entreprise.<\/p><\/blockquote>\n<p>Les h\u00f4tes et les clients appr\u00e9cient de plus en plus les entreprises qui g\u00e8rent les ressources de mani\u00e8re responsable et s'engagent activement dans la protection de l'environnement.<\/p>\n<h3>Conclusion : ecoPre - L'avenir de la technologie de pr\u00e9rin\u00e7age dans les grandes cuisines<\/h3>\n<p>Les <strong>La douche lave-vaisselle ecoPre est une innovation r\u00e9volutionnaire pour les grandes cuisines de l'industrie h\u00f4teli\u00e8re.<\/strong> Gr\u00e2ce \u00e0 la technologie ecoturbino\u00ae int\u00e9gr\u00e9e, la consommation d'eau est r\u00e9duite de plus de moiti\u00e9 sans compromettre les performances de nettoyage.<\/p>\n<p>Cela permet non seulement de r\u00e9duire consid\u00e9rablement les co\u00fbts d'exploitation, mais aussi de promouvoir l'utilisation durable de ressources pr\u00e9cieuses.<\/p>\n<p>Pour les restaurateurs qui recherchent des solutions modernes pour am\u00e9liorer leur empreinte environnementale et r\u00e9duire leurs co\u00fbts d'exploitation, la douche lave-vaisselle ecoPre est la solution id\u00e9ale. Elle associe une technologie de pointe \u00e0 la facilit\u00e9 d'utilisation et \u00e0 la durabilit\u00e9, r\u00e9pondant ainsi aux exigences des pratiques de travail durables et orient\u00e9es vers l'avenir dans les cuisines professionnelles.<\/p>\n<div class=\"text-center\"><div class=\"is-divider divider clearfix\" style=\"margin-top:2em;margin-bottom:2em;max-width:100%;height:1px;\"><\/div><\/div>\n<div class=\"row\"  id=\"row-506497701\">\n\n\t<div id=\"col-1810516366\" class=\"col medium-9 small-12 large-9\"  >\n\t\t\t\t<div class=\"col-inner\"  >\n\t\t\t\n\t\t\t\n<h3>Pourquoi l'adaptateur \u00e9conome en eau ecoturbino\u00ae ecoPre* silver est parfait<\/h3>\n<p>Aujourd'hui, \u00e9conomiser l'eau, et en particulier l'eau chaude, signifie avant tout \u00e9conomiser beaucoup d'argent !<\/p>\n<p><strong>L'eau<\/strong> est d\u00e9j\u00e0 <strong>co\u00fbteux<\/strong> en raison de la <strong>co\u00fbt des eaux us\u00e9es<\/strong> et le deviendront probablement encore plus <strong>plus cher \u00e0 l'avenir.<\/strong> La situation est encore pire pour les <strong>eau chaude<\/strong>. Ce co\u00fbt est devenu encore plus \u00e9lev\u00e9 en raison de l'augmentation des prix de l'\u00e9nergie. <a href=\"https:\/\/en.wikipedia.org\/wiki\/Cost_of_electricity_by_source\" target=\"_blank\" rel=\"noopener sponsored\">l'\u00e9nergie<\/a> les co\u00fbts de<strong> l'\u00e9lectricit\u00e9, le gaz et le p\u00e9trole.<\/strong><\/p>\n<p>Ainsi, les solutions innovantes avec un <strong>r\u00e9duction de la consommation d'eau<\/strong> offrent toujours un <strong>un bon potentiel d'\u00e9pargne<\/strong> ce qui est imm\u00e9diatement perceptible dans les co\u00fbts.<\/p>\n<p>C'est l\u00e0 que les produits originaux ecoturbino entrent en jeu.<br \/>\n<span style=\"font-size: 80%;\">*Garantie de fonctionnement de l'adaptateur ecoturbino<\/span><\/p>\n\t\t<\/div>\n\t\t\t\t\t<\/div>\n\n\t\n\n\t<div id=\"col-55227018\" class=\"col medium-3 small-12 large-3\"  data-animate=\"flipInY\">\n\t\t\t\t<div class=\"col-inner\"  >\n\t\t\t\n\t\t\t\n\t<div id=\"ux-lottie-1662759133\" class=\"ux-lottie\">\n\t\t\t\t<lottie-player class=\"ux-lottie__player\" data-params=\"{&quot;src&quot;:&quot;https:\\\/\\\/ecoturbino.shop\\\/wp-content\\\/uploads\\\/2023\\\/09\\\/ecoturbino-10-jahre-functional-guarantee.json&quot;,&quot;loop&quot;:true,&quot;autoplay&quot;:true,&quot;controls&quot;:false,&quot;speed&quot;:&quot;0.5&quot;,&quot;direction&quot;:1,&quot;trigger&quot;:&quot;&quot;,&quot;mouseout&quot;:&quot;&quot;,&quot;start&quot;:0,&quot;end&quot;:100,&quot;scrollActionType&quot;:&quot;seek&quot;,&quot;visibilityStart&quot;:0,&quot;visibilityEnd&quot;:100,&quot;id&quot;:&quot;ux-lottie-1662759133&quot;}\"><\/lottie-player>\n\t\t\t\t\n<style>\n#ux-lottie-1662759133 {\n  width: 100%;\n  height: 300px;\n}\n<\/style>\n\t<\/div>\n\t\n\t<div class=\"img has-hover x md-x lg-x y md-y lg-y\" id=\"image_1461237923\">\n\t\t\t\t\t\t\t\t<div class=\"img-inner dark\" >\n\t\t\t<img decoding=\"async\" width=\"1020\" height=\"221\" src=\"https:\/\/ecoturbino.shop\/wp-content\/uploads\/2023\/08\/LOGO-ecoturbino-RGB.svg\" class=\"attachment-large size-large\" alt=\"Logo ecoturbino\" \/>\t\t\t\t\t\t\n\t\t\t\t\t<\/div>\n\t\t\t\t\t\t\t\t\n<style>\n#image_1461237923 {\n  width: 100%;\n}\n<\/style>\n\t<\/div>\n\t\n\t\t<\/div>\n\t\t\t\t\t<\/div>\n\n\t\n\n<style>\n#row-506497701 > .col > .col-inner {\n  padding: 0px 0px 30px 0px;\n}\n<\/style>\n<\/div>\n\t<div id=\"gap-1210969419\" class=\"gap-element clearfix\" style=\"display:block; height:auto;\">\n\t\t\n<style>\n#gap-1210969419 {\n  padding-top: 15px;\n}\n<\/style>\n\t<\/div>\n\t\n<div class=\"is-divider divider clearfix\" style=\"margin-top:2em;margin-bottom:2em;max-width:100%;height:1px;\"><\/div>\n\t<div id=\"text-3701472591\" class=\"text\">\n\t\t\n<h3 class=\"uppercase\"><span style=\"font-size: 120%;\"><span style=\"font-size: 130%;\">ECOTURBINO\u00ae ET LA CONSOMMATION D'EAU DURABLE<br \/>\n<\/span><\/span>des faits, expliqu\u00e9s succinctement<\/h3>\n\t\t\n<style>\n#text-3701472591 {\n  font-size: 1.5rem;\n  text-align: center;\n}\n@media (min-width:550px) {\n  #text-3701472591 {\n    font-size: 2rem;\n  }\n}\n<\/style>\n\t<\/div>\n\t\n\t<div id=\"gap-385576770\" class=\"gap-element clearfix\" style=\"display:block; height:auto;\">\n\t\t\n<style>\n#gap-385576770 {\n  padding-top: 30px;\n}\n<\/style>\n\t<\/div>\n\t\n<div class=\"row\"  id=\"row-1595551463\">\n\n\t<div id=\"col-2080262728\" class=\"col medium-4 small-12 large-4\"  >\n\t\t\t\t<div class=\"col-inner text-center\"  >\n\t\t\t\n\t\t\t\n\t<div id=\"ux-lottie-3062566349\" class=\"ux-lottie\">\n\t\t\t\t<lottie-player class=\"ux-lottie__player\" data-params=\"{&quot;src&quot;:&quot;https:\\\/\\\/ecoturbino.shop\\\/wp-content\\\/uploads\\\/2023\\\/08\\\/logo-ecoturbino-lottie.json&quot;,&quot;loop&quot;:true,&quot;autoplay&quot;:true,&quot;controls&quot;:false,&quot;speed&quot;:&quot;0.5&quot;,&quot;direction&quot;:1,&quot;trigger&quot;:&quot;&quot;,&quot;mouseout&quot;:&quot;&quot;,&quot;start&quot;:0,&quot;end&quot;:100,&quot;scrollActionType&quot;:&quot;seek&quot;,&quot;visibilityStart&quot;:0,&quot;visibilityEnd&quot;:100,&quot;id&quot;:&quot;ux-lottie-3062566349&quot;}\"><\/lottie-player>\n\t\t\t\t\n<style>\n#ux-lottie-3062566349 {\n  width: 100%;\n  height: 100px;\n}\n@media (min-width:550px) {\n  #ux-lottie-3062566349 {\n    height: 200px;\n  }\n}\n<\/style>\n\t<\/div>\n\t\n<div class=\"row align-middle\"  id=\"row-1929394797\">\n\n\t<div id=\"col-387013893\" class=\"col medium-8 small-12 large-8\"  >\n\t\t\t\t<div class=\"col-inner text-center\"  >\n\t\t\t\n\t\t\t\n\t<div class=\"img has-hover x md-x lg-x y md-y lg-y\" id=\"image_908131748\">\n\t\t\t\t\t\t\t\t<div class=\"img-inner dark\" >\n\t\t\t<img decoding=\"async\" width=\"1020\" height=\"1020\" src=\"https:\/\/ecoturbino.shop\/wp-content\/uploads\/2023\/08\/tuev-austria.svg\" class=\"attachment-large size-large\" alt=\"T\u00dcV Autriche\" \/>\t\t\t\t\t\t\n\t\t\t\t\t<\/div>\n\t\t\t\t\t\t\t\t\n<style>\n#image_908131748 {\n  width: 75%;\n}\n<\/style>\n\t<\/div>\n\t\n\t\t<\/div>\n\t\t\t\t\t<\/div>\n\n\t\n<\/div>\n\t\t<\/div>\n\t\t\t\t\t<\/div>\n\n\t\n\n\t<div id=\"col-1605327491\" class=\"col medium-8 small-12 large-8\"  >\n\t\t\t\t<div class=\"col-inner dark\" style=\"background-color:rgb(85, 85, 85);\" >\n\t\t\t\n\t\t\t\n<p><strong>FABRIQU\u00c9 EN ALLEMAGNE ET EN AUTRICHE<\/strong><br \/>\nL'ecoturbino est 100% fabriqu\u00e9 en Allemagne et en Autriche dans le respect des tol\u00e9rances les plus strictes.<\/p>\n<p><strong>LA V\u00c9RIT\u00c9 SUR L'ECOTURBINO CONFIRM\u00c9E PAR T\u00dcV<\/strong><br \/>\nL'original ecoturbino\u00ae a \u00e9t\u00e9 certifi\u00e9 par des experts ind\u00e9pendants et le T\u00dcV AUSTRIA et a re\u00e7u l'\u00e9colabel autrichien et l'Energy Globe Upper Austria.<\/p>\n<p><strong>LES ACTES PUREMENT PHYSIQUES<br \/>\nLes vitesses \u00e9lev\u00e9es de l'eau s'accumulent dans la \u201cturbine\u201d<\/strong> et par cons\u00e9quent <strong>l'air est m\u00e9lang\u00e9 au flux d'eau<\/strong>. Le tuyau de douche ne doit pas d\u00e9passer 2 m de long. Un tuyau trop long permet \u00e0 l'air de s'\u00e9chapper \u00e0 nouveau de l'\u00e9coulement de l'eau.<\/p>\n<p><strong>ASSEMBLAGE FACILE ET RAPIDE<br \/>\n<\/strong>Il suffit de remplacer le tuyau de douche de pr\u00e9-rin\u00e7age existant par le tuyau de douche de lavage de vaisselle \u201cecoPre\u201d.<\/p>\n\t\t<\/div>\n\t\t\t\t\n<style>\n#col-1605327491 > .col-inner {\n  padding: 15px 15px 10px 20px;\n  border-radius: 10px;\n}\n<\/style>\n\t<\/div>\n\n\t\n<\/div>\n\t<div id=\"gap-297720565\" class=\"gap-element clearfix\" style=\"display:block; height:auto;\">\n\t\t\n<style>\n#gap-297720565 {\n  padding-top: 30px;\n}\n<\/style>\n\t<\/div>","protected":false},"excerpt":{"rendered":"<p>D\u00e8s maintenant, environ la moiti\u00e9 de la consommation d'eau pendant le pr\u00e9rin\u00e7age !<\/p>\n<p><strong>Conditions d'utilisation : 4 bar optimal + raccord filet\u00e9 1\/2 pouce !<\/strong><\/p>\n<p>Premi\u00e8re pr\u00e9sentation au<strong> <a href=\"https:\/\/ecoturbino.shop\/fr\/salon-fafga-innsbruck-premiere-mondiale-2\/\">Salon FAFGA 2024.<\/a><\/strong><\/p>\n<p>L'ecoturbino\u00ae a \u00e9t\u00e9 certifi\u00e9 par des experts ind\u00e9pendants et par la Commission europ\u00e9enne. <a href=\"https:\/\/ecoturbino.shop\/wp-content\/uploads\/2024\/01\/EEffG_Expertise-TUEV_en-komp.pdf\" target=\"_blank\" rel=\"noopener\">T\u00dcV AUTRICHE<\/a> et s'est vu d\u00e9cerner le label \u00e9cologique autrichien et l'Energy Globe de Haute-Autriche.<\/p>\n<div class=\"is-divider divider clearfix\" style=\"max-width:small;\"><\/div>\n<p><span style=\"font-size: 90%;\">D\u00e9lai de livraison : environ 4 semaines.<\/span><\/p>","protected":false},"featured_media":50571,"comment_status":"open","ping_status":"closed","template":"","meta":{"inline_featured_image":false,"footnotes":""},"product_brand":[],"product_cat":[3125,3124],"product_tag":[3211,3082,3210,3213,3212],"class_list":{"0":"post-50551","1":"product","2":"type-product","3":"status-publish","4":"has-post-thumbnail","6":"product_cat-accessories","7":"product_cat-complete-sets","8":"product_tag-dishwasher-shower","9":"product_tag-ecoturbino","10":"product_tag-gastronomy","11":"product_tag-kitchen","12":"product_tag-pre-rinse-shower","13":"product_shipping_class-parcel","14":"pa_brand-ecoturbino","16":"first","17":"outofstock","18":"taxable","19":"shipping-taxable","20":"purchasable","21":"product-type-simple"},"bundled_by":[],"bundle_stock_status":"outofstock","bundle_stock_quantity":null,"bundle_virtual":false,"bundle_layout":"","bundle_add_to_cart_form_location":"","bundle_editable_in_cart":false,"bundle_sold_individually_context":"","bundle_item_grouping":"","bundle_min_size":"","bundle_max_size":"","bundle_price":[],"bundled_items":[],"bundle_sell_ids":[],"_links":{"self":[{"href":"https:\/\/ecoturbino.shop\/fr\/wp-json\/wp\/v2\/product\/50551","targetHints":{"allow":["GET"]}}],"collection":[{"href":"https:\/\/ecoturbino.shop\/fr\/wp-json\/wp\/v2\/product"}],"about":[{"href":"https:\/\/ecoturbino.shop\/fr\/wp-json\/wp\/v2\/types\/product"}],"replies":[{"embeddable":true,"href":"https:\/\/ecoturbino.shop\/fr\/wp-json\/wp\/v2\/comments?post=50551"}],"version-history":[{"count":0,"href":"https:\/\/ecoturbino.shop\/fr\/wp-json\/wp\/v2\/product\/50551\/revisions"}],"wp:featuredmedia":[{"embeddable":true,"href":"https:\/\/ecoturbino.shop\/fr\/wp-json\/wp\/v2\/media\/50571"}],"wp:attachment":[{"href":"https:\/\/ecoturbino.shop\/fr\/wp-json\/wp\/v2\/media?parent=50551"}],"wp:term":[{"taxonomy":"product_brand","embeddable":true,"href":"https:\/\/ecoturbino.shop\/fr\/wp-json\/wp\/v2\/product_brand?post=50551"},{"taxonomy":"product_cat","embeddable":true,"href":"https:\/\/ecoturbino.shop\/fr\/wp-json\/wp\/v2\/product_cat?post=50551"},{"taxonomy":"product_tag","embeddable":true,"href":"https:\/\/ecoturbino.shop\/fr\/wp-json\/wp\/v2\/product_tag?post=50551"}],"curies":[{"name":"wp","href":"https:\/\/api.w.org\/{rel}","templated":true}]}}