{"id":11170,"date":"2016-02-05T21:31:25","date_gmt":"2016-02-05T20:31:25","guid":{"rendered":"http:\/\/shop.pronatur24.eu\/?page_id=11170"},"modified":"2025-06-25T00:02:38","modified_gmt":"2025-06-24T22:02:38","slug":"clienti-svizzera-liechtenstein-2","status":"publish","type":"page","link":"https:\/\/ecoturbino.shop\/it\/customers-switzerland-liechtenstein\/","title":{"rendered":"Informazioni per i clienti della Svizzera e del Liechtenstein"},"content":{"rendered":"<div class=\"banner has-hover\" id=\"banner-1349146842\">\n          <div class=\"banner-inner fill\">\n        <div class=\"banner-bg fill\" >\n            <img decoding=\"async\" width=\"2000\" height=\"230\" src=\"https:\/\/ecoturbino.shop\/wp-content\/uploads\/2023\/08\/schweiz-liechtenstein-webdeals_2000.webp\" class=\"bg attachment-original size-original\" alt=\"Svizzera Testata\" \/>                        <div class=\"overlay\"><\/div>            \n                    <\/div>\n\t\t\n        <div class=\"banner-layers container\">\n            <div class=\"fill banner-link\"><\/div>            \n   <div id=\"text-box-259956764\" class=\"text-box banner-layer x50 md-x50 lg-x50 y50 md-y50 lg-y50 res-text\">\n                                <div class=\"text-box-content text dark\">\n              \n              <div class=\"text-inner text-center\">\n                  \n<h1>SVIZZERA \/LI + PAESI TERZI<\/h1>\n              <\/div>\n           <\/div>\n                            \n<style>\n#text-box-259956764 {\n  width: 97%;\n}\n#text-box-259956764 .text-box-content {\n  font-size: 100%;\n}\n@media (min-width:550px) {\n  #text-box-259956764 {\n    width: 80%;\n  }\n}\n@media (min-width:850px) {\n  #text-box-259956764 {\n    width: 83%;\n  }\n}\n<\/style>\n    <\/div>\n \n        <\/div>\n      <\/div>\n\n            \n<style>\n#banner-1349146842 {\n  padding-top: 110px;\n}\n#banner-1349146842 .overlay {\n  background-color: rgba(0,0,0,.5);\n}\n@media (min-width:550px) {\n  #banner-1349146842 {\n    padding-top: 170px;\n  }\n}\n@media (min-width:850px) {\n  #banner-1349146842 {\n    padding-top: 190px;\n  }\n}\n<\/style>\n  <\/div>\n\n\n<div class=\"row\"  id=\"row-1731315488\">\n\n\t<div id=\"col-1066734561\" class=\"col medium-8 small-12 large-8\"  >\n\t\t\t\t<div class=\"col-inner\"  >\n\t\t\t\n\t\t\t\n<h2 class=\"headlinefocus\">Consegniamo direttamente in Svizzera, Liechtenstein e Paesi terzi (Stati confinanti con l'UE). Seguite gli altri paesi!<\/h2>\n<p>In questa pagina, segnaliamo in particolare la possibilit\u00e0 di effettuare un ordine dalla Svizzera e dal Liechtenstein. <strong> I seguenti dettagli sono considerati contenuti per l'esportazione in paesi terzi al di fuori dell'UE. <\/strong><\/p>\n<ul>\n<li>Se vivete in Svizzera\/Liechtenstein e volete farvelo consegnare direttamente in Svizzera\/Liechtenstein, potete acquistarlo immediatamente in esenzione d'imposta senza tasse.<\/li>\n<li>Spediremo il vostro ordine tramite le Poste austriache. La tassa d'importazione svizzera e alcune spese di pagamento o di elaborazione vengono calcolate dall'ufficio postale svizzero al momento della consegna del pacco.<\/li>\n<li>Spediamo come pacco assicurato fino a 100 \u20ac di merce. Decidete voi stessi in merito all'estensione dell'importo dell'assicurazione fino a un massimo di \u20ac 510 come spedizione di pacchi premium con tempi di esecuzione pi\u00f9 rapidi. Si prega di notare che la somma assicurata rappresenta l'importo massimo del danno per la perdita del pacco.<\/li>\n<li>Gli ordini a partire da 20 kg di peso sono relativamente costosi per la spedizione. A partire da 30 kg di peso non \u00e8 pi\u00f9 possibile ordinare direttamente in negozio. In caso di ordini pi\u00f9 consistenti, consigliamo di contattarci direttamente per poter chiarire una spedizione ragionevolmente interessante. Questo vale soprattutto per i prodotti di peso superiore, come le vernici per schermi o le carte da parati per schermi.<\/li>\n<\/ul>\n\t\t<\/div>\n\t\t\t\t\t<\/div>\n\n\t\n\n\t<div id=\"col-2004253324\" class=\"col medium-4 small-12 large-4\"  >\n\t\t\t\t<div class=\"col-inner text-center\"  >\n\t\t\t\n\t\t\t\n\t<div id=\"ux-lottie-119563574\" class=\"ux-lottie\">\n\t\t\t\t<lottie-player class=\"ux-lottie__player\" data-params=\"{&quot;src&quot;:&quot;https:\\\/\\\/ecoturbino.shop\\\/wp-content\\\/uploads\\\/2023\\\/08\\\/swiss-flag-move.json&quot;,&quot;loop&quot;:true,&quot;autoplay&quot;:true,&quot;controls&quot;:false,&quot;speed&quot;:&quot;1&quot;,&quot;direction&quot;:1,&quot;trigger&quot;:&quot;&quot;,&quot;mouseout&quot;:&quot;&quot;,&quot;start&quot;:0,&quot;end&quot;:100,&quot;scrollActionType&quot;:&quot;seek&quot;,&quot;visibilityStart&quot;:0,&quot;visibilityEnd&quot;:100,&quot;id&quot;:&quot;ux-lottie-119563574&quot;}\"><\/lottie-player>\n\t\t\t\t\n<style>\n#ux-lottie-119563574 {\n  width: 100%;\n  height: 300px;\n}\n<\/style>\n\t<\/div>\n\t\n\t\t<\/div>\n\t\t\t\t\t<\/div>\n\n\t\n\n\t<div id=\"col-2054061062\" class=\"col small-12 large-12\"  >\n\t\t\t\t<div class=\"col-inner\"  >\n\t\t\t\n\t\t\t\n<a href=\"https:\/\/en.ecoturbino.shop\/shippingcosts\/\" class=\"button primary is-larger expand\" style=\"border-radius:10px;\">\n\t\t<span>Spese di spedizione per Svizzera, Liechtenstein e PAESI TERZI<\/span>\n\t<\/a>\n\n\t<div id=\"gap-1279092453\" class=\"gap-element clearfix\" style=\"display:block; height:auto;\">\n\t\t\n<style>\n#gap-1279092453 {\n  padding-top: 15px;\n}\n<\/style>\n\t<\/div>\n\t\n<div class=\"is-divider divider clearfix\" style=\"max-width:100%;height:1px;\"><\/div>\n<h3><strong> <span style=\"font-size: 120%;\"> PARCEL SERVICE, l'alternativa alla spedizione diretta in Svizzera e Liechtenstein<br \/>\n<\/span> <\/strong><\/h3>\n<p>L'alternativa alla spedizione diretta esente da imposte \u00e8 la consegna a un indirizzo all'interno dell'UE vicino al confine svizzero per importare la merce da soli o utilizzando un servizio pacchi. Il vantaggio principale \u00e8 l'assicurazione completa del pacco fino alla consegna all'indirizzo di consegna, all'interno dell'UE, e i costi di spedizione possono essere ridotti.<\/p>\n<h3>Utilizzo di un servizio pacchi nella zona di confine<\/h3>\n<p>A seconda di ci\u00f2 che offre il servizio pacchi, pu\u00f2 essere utilizzato solo come indirizzo di consegna con l'opzione di importazione indipendente o come servizio di consegna all'indirizzo nazionale desiderato.<\/p>\n<p>Se il servizio pacchi selezionato \u00e8 un servizio pacchi completo, l'ordine verr\u00e0 trasportato direttamente al vostro indirizzo in Svizzera o nel Liechtenstein. Il servizio pacchi si occuper\u00e0 di tutte le formalit\u00e0 doganali e del trasporto fino al vostro indirizzo. Per maggiori dettagli, contattate direttamente il fornitore desiderato o visitate il suo sito web.<\/p>\n<p>Di seguito sono riportati tre noti fornitori che sono gi\u00e0 stati utilizzati dai nostri clienti svizzeri. Anche se PROnatur24\u00ae non ha alcuna intenzione di consigliarli, confrontando i siti web abbiamo avuto l'impressione che \u201cmeineinkauf.ch\u201d offra al cliente il portafoglio di self-service online pi\u00f9 caratteristico.<\/p>\n\t<div id=\"gap-1313696841\" class=\"gap-element clearfix\" style=\"display:block; height:auto;\">\n\t\t\n<style>\n#gap-1313696841 {\n  padding-top: 30px;\n}\n<\/style>\n\t<\/div>\n\t\n<div class=\"row align-bottom row-divided\"  id=\"row-360281744\">\n\n\t<div id=\"col-1001740376\" class=\"col medium-4 small-12 large-4\"  >\n\t\t\t\t<div class=\"col-inner text-center\"  >\n\t\t\t\n\t\t\t\n\t<div class=\"img has-hover x md-x lg-x y md-y lg-y\" id=\"image_623306537\">\n\t\t<a class=\"\" href=\"https:\/\/meineinkauf.ch\/einkaufen\/\" target=\"_blank\" rel=\"sponsored noopener\">\t\t\t\t\t\t<div class=\"img-inner dark\" >\n\t\t\t<img decoding=\"async\" width=\"842\" height=\"264\" src=\"https:\/\/ecoturbino.shop\/wp-content\/uploads\/2023\/08\/meineinkaufch-logo.svg\" class=\"attachment-original size-original\" alt=\"Logo MeinEinkauf\" \/>\t\t\t\t\t\t\n\t\t\t\t\t<\/div>\n\t\t\t\t\t\t<\/a>\t\t\n<style>\n#image_623306537 {\n  width: 75%;\n}\n<\/style>\n\t<\/div>\n\t\n<p>MeinEinkauf GmbH<br \/>\nMaybachstra\u00dfe 19<br \/>\n78467 Costanza<br \/>\nDEUTSCHLANDIA<\/p>\n<a href=\"https:\/\/meineinkauf.ch\/einkaufen\/\" target=\"_blank\" class=\"button primary\" rel=\"sponsored noopener\" style=\"border-radius:10px;\">\n\t\t<span>www.meineinkauf.ch<\/span>\n\t<\/a>\n\n\t\t<\/div>\n\t\t\t\t\t<\/div>\n\n\t\n\n\t<div id=\"col-518874281\" class=\"col medium-4 small-12 large-4\"  >\n\t\t\t\t<div class=\"col-inner text-center\"  >\n\t\t\t\n\t\t\t\n\t<div class=\"img has-hover x md-x lg-x y md-y lg-y\" id=\"image_2110593505\">\n\t\t<a class=\"\" href=\"https:\/\/swiss-paket.de\" target=\"_blank\" rel=\"sponsored noopener\">\t\t\t\t\t\t<div class=\"img-inner dark\" >\n\t\t\t<img decoding=\"async\" width=\"900\" height=\"270\" src=\"https:\/\/ecoturbino.shop\/wp-content\/uploads\/2023\/08\/swisspaket-logo.png\" class=\"attachment-original size-original\" alt=\"Logo Swiss Paket\" srcset=\"https:\/\/ecoturbino.shop\/wp-content\/uploads\/2023\/08\/swisspaket-logo.png 900w, https:\/\/ecoturbino.shop\/wp-content\/uploads\/2023\/08\/swisspaket-logo-470x141.png 470w, https:\/\/ecoturbino.shop\/wp-content\/uploads\/2023\/08\/swisspaket-logo-635x191.png 635w, https:\/\/ecoturbino.shop\/wp-content\/uploads\/2023\/08\/swisspaket-logo-800x240.png 800w\" sizes=\"(max-width: 900px) 100vw, 900px\" \/>\t\t\t\t\t\t\n\t\t\t\t\t<\/div>\n\t\t\t\t\t\t<\/a>\t\t\n<style>\n#image_2110593505 {\n  width: 75%;\n}\n<\/style>\n\t<\/div>\n\t\n<p>Swiss Paket \/ HAM OHG<br \/>\nSchn\u00f6tring 9<br \/>\n79804 Dogern<br \/>\nDEUTSCHLANDIA<\/p>\n<a href=\"https:\/\/swiss-paket.de\/filialen\" target=\"_blank\" class=\"button primary\" rel=\"sponsored noopener\" style=\"border-radius:10px;\">\n\t\t<span>www.swiss-paket.de<\/span>\n\t<\/a>\n\n\t\t<\/div>\n\t\t\t\t\t<\/div>\n\n\t\n\n\t<div id=\"col-862959127\" class=\"col medium-4 small-12 large-4\"  >\n\t\t\t\t<div class=\"col-inner text-center\"  >\n\t\t\t\n\t\t\t\n\t<div class=\"img has-hover x md-x lg-x y md-y lg-y\" id=\"image_1907525475\">\n\t\t<a class=\"\" href=\"https:\/\/grenzpaket.ch\" target=\"_blank\" rel=\"sponsored noopener\">\t\t\t\t\t\t<div class=\"img-inner dark\" >\n\t\t\t<img decoding=\"async\" width=\"450\" height=\"94\" src=\"https:\/\/ecoturbino.shop\/wp-content\/uploads\/2023\/08\/grenzpaket-logo.png\" class=\"attachment-original size-original\" alt=\"Logo Grenzpaket\" srcset=\"https:\/\/ecoturbino.shop\/wp-content\/uploads\/2023\/08\/grenzpaket-logo.png 450w, https:\/\/ecoturbino.shop\/wp-content\/uploads\/2023\/08\/grenzpaket-logo-304x64.png 304w\" sizes=\"(max-width: 450px) 100vw, 450px\" \/>\t\t\t\t\t\t\n\t\t\t\t\t<\/div>\n\t\t\t\t\t\t<\/a>\t\t\n<style>\n#image_1907525475 {\n  width: 75%;\n}\n<\/style>\n\t<\/div>\n\t\n<p>Grenzpaket GmbH<br \/>\nHirsacker 14<br \/>\n78244 Gottmadingen<br \/>\nDEUTSCHLANDIA<\/p>\n<a href=\"https:\/\/www.grenzpaket.ch\/de\/lieferadresse-deutschland-oesterreich\" target=\"_blank\" class=\"button primary\" rel=\"sponsored noopener\" style=\"border-radius:10px;\">\n\t\t<span>www.grenzpaket.ch<\/span>\n\t<\/a>\n\n\t\t<\/div>\n\t\t\t\t\t<\/div>\n\n\t\n<\/div>\n\t\t<\/div>\n\t\t\t\t\t<\/div>\n\n\t\n\n<\/div>\n<div class=\"row\"  id=\"row-615720633\">\n\n\t<div id=\"col-777062279\" class=\"col small-12 large-12\"  >\n\t\t\t\t<div class=\"col-inner\"  >\n\t\t\t\n\t\t\t\n<a href=\"https:\/\/en.ecoturbino.shop\/contact\/\" class=\"button secondary is-larger expand\" style=\"border-radius:10px;\">\n\t\t<span>Altre domande su Spedizione all'estero? Utilizzate la nostra hotline!<\/span>\n\t<\/a>\n\n<div class=\"is-divider divider clearfix\" style=\"max-width:100%;height:1px;\"><\/div>\n<p>Salvo errori di stampa e di battitura. Stato: 01.10.2023.<\/p>\n\t\t<\/div>\n\t\t\t\t\t<\/div>\n\n\t\n<\/div>","protected":false},"excerpt":{"rendered":"","protected":false},"author":1319,"featured_media":47649,"parent":0,"menu_order":0,"comment_status":"closed","ping_status":"closed","template":"page-blank.php","meta":{"inline_featured_image":false,"footnotes":""},"class_list":["post-11170","page","type-page","status-publish","has-post-thumbnail","hentry"],"_links":{"self":[{"href":"https:\/\/ecoturbino.shop\/it\/wp-json\/wp\/v2\/pages\/11170","targetHints":{"allow":["GET"]}}],"collection":[{"href":"https:\/\/ecoturbino.shop\/it\/wp-json\/wp\/v2\/pages"}],"about":[{"href":"https:\/\/ecoturbino.shop\/it\/wp-json\/wp\/v2\/types\/page"}],"author":[{"embeddable":true,"href":"https:\/\/ecoturbino.shop\/it\/wp-json\/wp\/v2\/users\/1319"}],"replies":[{"embeddable":true,"href":"https:\/\/ecoturbino.shop\/it\/wp-json\/wp\/v2\/comments?post=11170"}],"version-history":[{"count":0,"href":"https:\/\/ecoturbino.shop\/it\/wp-json\/wp\/v2\/pages\/11170\/revisions"}],"wp:featuredmedia":[{"embeddable":true,"href":"https:\/\/ecoturbino.shop\/it\/wp-json\/wp\/v2\/media\/47649"}],"wp:attachment":[{"href":"https:\/\/ecoturbino.shop\/it\/wp-json\/wp\/v2\/media?parent=11170"}],"curies":[{"name":"wp","href":"https:\/\/api.w.org\/{rel}","templated":true}]}}