{"id":4392,"date":"2013-12-11T00:17:04","date_gmt":"2013-12-10T23:17:04","guid":{"rendered":"http:\/\/shop.pronatur24.eu\/?page_id=4392"},"modified":"2023-10-13T12:26:50","modified_gmt":"2023-10-13T10:26:50","slug":"problemi-di-ordine-spedizione-paga","status":"publish","type":"page","link":"https:\/\/ecoturbino.shop\/it\/problems-order-dispatch-pay\/","title":{"rendered":"Problemi noti che possono complicare l'ordine"},"content":{"rendered":"<div class=\"banner has-hover\" id=\"banner-1047239003\">\n          <div class=\"banner-inner fill\">\n        <div class=\"banner-bg fill\" >\n            <img decoding=\"async\" width=\"2000\" height=\"230\" src=\"https:\/\/ecoturbino.shop\/wp-content\/uploads\/2023\/08\/support-webdeals_2000.webp\" class=\"bg attachment-original size-original\" alt=\"Testata di supporto\" \/>                        <div class=\"overlay\"><\/div>            \n                    <\/div>\n\t\t\n        <div class=\"banner-layers container\">\n            <div class=\"fill banner-link\"><\/div>            \n   <div id=\"text-box-1694491430\" class=\"text-box banner-layer x50 md-x50 lg-x100 y50 md-y50 lg-y50 res-text\">\n                                <div class=\"text-box-content text dark\">\n              \n              <div class=\"text-inner text-center\">\n                  \n\t<div id=\"text-3415789560\" class=\"text\">\n\t\t\n<h1><a href=\"tel:+43557424010\"><img decoding=\"async\" class=\"wp-image-113483\" title=\"Linea diretta ecoturbino\" src=\"\/wp-content\/uploads\/2023\/10\/phone-weiss-voll.svg\" alt=\"Linea diretta ecoturbino\" width=\"100\" height=\"100\" \/> +43 (0)5574 24010<\/a><\/h1>\n\t\t\n<style>\n#text-3415789560 {\n  font-size: 0.75rem;\n}\n<\/style>\n\t<\/div>\n\t\n              <\/div>\n           <\/div>\n                            \n<style>\n#text-box-1694491430 {\n  width: 100%;\n}\n#text-box-1694491430 .text-box-content {\n  font-size: 100%;\n}\n@media (min-width:550px) {\n  #text-box-1694491430 {\n    width: 75%;\n  }\n}\n@media (min-width:850px) {\n  #text-box-1694491430 {\n    width: 60%;\n  }\n}\n<\/style>\n    <\/div>\n \n        <\/div>\n      <\/div>\n\n            \n<style>\n#banner-1047239003 {\n  padding-top: 110px;\n}\n#banner-1047239003 .overlay {\n  background-color: rgba(0, 0, 0, 0.17);\n}\n@media (min-width:550px) {\n  #banner-1047239003 {\n    padding-top: 170px;\n  }\n}\n@media (min-width:850px) {\n  #banner-1047239003 {\n    padding-top: 190px;\n  }\n}\n<\/style>\n  <\/div>\n\n\n<div class=\"row\"  id=\"row-1081369614\">\n\n\t<div id=\"col-584980372\" class=\"col small-12 large-12\"  >\n\t\t\t\t<div class=\"col-inner\"  >\n\t\t\t\n\t\t\t\n<div class=\"row\"  id=\"row-259908230\">\n\n\t<div id=\"col-597778056\" class=\"col medium-7 small-12 large-7\"  >\n\t\t\t\t<div class=\"col-inner\"  >\n\t\t\t\n\t\t\t\n<h2 class=\"headlinefocus\">Ecco il primo soccorso per un ordine di successo!<\/h2>\n<p>La nostra hotline immediata, telefonica o via chat, \u00e8 disponibile ed \u00e8 raggiungibile soprattutto dal luned\u00ec al venerd\u00ec, tra le 13.00 e le 20.00. In alternativa, \u00e8 sufficiente utilizzare il contatto diretto scritto.<\/p>\n<p><strong>Il pi\u00f9 delle volte, per\u00f2, si tratta di piccoli ostacoli che possono essere risolti rapidamente:<\/strong><\/p>\n<div class=\"is-divider divider clearfix\" style=\"max-width:100%;height:1px;\"><\/div>\n<ul>\n<li><strong>Tutti i campi obbligatori devono essere compilati!<\/strong><\/li>\n<li>Il <strong>NUMERO DI TELEFONO<\/strong> \u00e8 un campo obbligatorio ed \u00e8 molto importante a volte, ad esempio se l'autista del pacco non riesce a trovare l'indirizzo o se abbiamo una richiesta veloce per poter spedire.<\/li>\n<li>A <strong>NUMERO CIVICO<\/strong> \u00e8 obbligatorio per il buon esito della consegna del pacco. Al momento della compilazione automatica del modulo (tramite PayPal o Amazon Pay), verificare che tutti i campi siano stati compilati correttamente.<\/li>\n<li><strong>TERMINI E CONDIZIONI<\/strong> e <strong>CONDIZIONI DI CANCELLAZIONE<\/strong> sono anch'essi necessari per la buona riuscita dell'ordine.<\/li>\n<li>L'ordine \u00e8 andato a buon fine solo quando viene visualizzata la pagina di conferma dell'ordine dopo aver fatto clic sul pulsante <strong>ACQUISTA ORA<\/strong> pulsante.<\/li>\n<li>Nessuna e-mail dopo l'ordine? Si prega di controllare <strong>ENTRAMBE LE CARTELLE SPAM<\/strong>. Quella locale sul dispositivo e la cartella spam nella webmail.<\/li>\n<\/ul>\n\t\t<\/div>\n\t\t\t\t\t<\/div>\n\n\t\n\n\t<div id=\"col-1916752478\" class=\"col medium-5 small-12 large-5\"  >\n\t\t\t\t<div class=\"col-inner\"  >\n\t\t\t\n\t\t\t\n\t<div class=\"img has-hover x md-x lg-x y md-y lg-y\" id=\"image_304097550\">\n\t\t<a class=\"image-lightbox lightbox-gallery\" title=\"\" href=\"https:\/\/ecoturbino.shop\/wp-content\/uploads\/2023\/10\/checkout-ecoturbino-en.webp\">\t\t\t\t\t\t<div class=\"img-inner dark\" >\n\t\t\t<img decoding=\"async\" width=\"1950\" height=\"2101\" src=\"https:\/\/ecoturbino.shop\/wp-content\/uploads\/2023\/10\/checkout-ecoturbino-en.webp\" class=\"attachment-original size-original\" alt=\"Cassa ecoturbino\" srcset=\"https:\/\/ecoturbino.shop\/wp-content\/uploads\/2023\/10\/checkout-ecoturbino-en.webp 1950w, https:\/\/ecoturbino.shop\/wp-content\/uploads\/2023\/10\/checkout-ecoturbino-en-470x506.webp 470w, https:\/\/ecoturbino.shop\/wp-content\/uploads\/2023\/10\/checkout-ecoturbino-en-436x470.webp 436w, https:\/\/ecoturbino.shop\/wp-content\/uploads\/2023\/10\/checkout-ecoturbino-en-635x684.webp 635w, https:\/\/ecoturbino.shop\/wp-content\/uploads\/2023\/10\/checkout-ecoturbino-en-743x800.webp 743w, https:\/\/ecoturbino.shop\/wp-content\/uploads\/2023\/10\/checkout-ecoturbino-en-1485x1600.webp 1485w, https:\/\/ecoturbino.shop\/wp-content\/uploads\/2023\/10\/checkout-ecoturbino-en-1426x1536.webp 1426w, https:\/\/ecoturbino.shop\/wp-content\/uploads\/2023\/10\/checkout-ecoturbino-en-1901x2048.webp 1901w\" sizes=\"(max-width: 1950px) 100vw, 1950px\" \/>\t\t\t\t\t\t\n\t\t\t\t\t\t\t<div class=\"caption\">Cassa ecoturbino<\/div>\n\t\t\t\t\t<\/div>\n\t\t\t\t\t\t<\/a>\t\t\n<style>\n#image_304097550 {\n  width: 100%;\n}\n<\/style>\n\t<\/div>\n\t\n\t\t<\/div>\n\t\t\t\t\t<\/div>\n\n\t\n<\/div>\n<div class=\"is-divider divider clearfix\" style=\"max-width:100%;height:1px;\"><\/div>\n<h3 class=\"accordion_title\">Ostacoli noti che possono ostacolare il vostro acquisto<\/h3><div class=\"accordion\">\n\t<div id=\"accordion-1328878482\" class=\"accordion-item\">\n\t\t<a id=\"accordion-1328878482-label\" class=\"accordion-title plain\" href=\"#accordion-item-the-shop-does-not-work.-no-fields-are-displayed.-payment-methods-cannot-be-selected.\" aria-expanded=\"false\" aria-controls=\"accordion-1328878482-content\">\n\t\t\t<button class=\"toggle\" aria-label=\"Attiva\/Disattiva\"><i class=\"icon-angle-down\" aria-hidden=\"true\"><\/i><\/button>\n\t\t\t<span>Il negozio non funziona. Non vengono visualizzati i campi. Non \u00e8 possibile selezionare i metodi di pagamento.<\/span>\n\t\t<\/a>\n\t\t<div id=\"accordion-1328878482-content\" class=\"accordion-inner\" aria-labelledby=\"accordion-1328878482-label\">\n\t\t\t\n<p><strong>Disattivate le estensioni di blocco nel browser!<\/strong><\/p>\n<p>Le estensioni di blocco possono compromettere ESTREMAMENTE la funzionalit\u00e0 di base del negozio online. Questo pu\u00f2 portare a non visualizzare pi\u00f9 i contenuti, a non far funzionare i sistemi di pagamento o a non completare un ordine. Le estensioni del browser note per questo problema sono:<\/p>\n<ul>\n<li><strong>NoScript <\/strong>(<a title=\"Ricerca di NoScript\" href=\"http:\/\/www.google.at\/search?q=noscript\" target=\"_blank\" rel=\"noopener\">http:\/\/www.google.com\/search?q=noscript<\/a>)<br \/>\nNoScript \u00e8 un'estensione del browser che impedisce le funzioni automatiche di JavaScript nel browser. Il risultato \u00e8 che, ad esempio, non \u00e8 pi\u00f9 possibile inserire un prodotto nel carrello. Oppure viene bloccato l'inoltro al metodo di pagamento selezionato per pagare l'ordine.<\/li>\n<li><strong>AdBlocker<\/strong> (<a title=\"Ricerca di AdBlocker\" href=\"http:\/\/www.google.com\/search?q=adblocker\" target=\"_blank\" rel=\"noopener\">http:\/\/www.google.com\/search?q=adblocker<\/a>)<br \/>\nAdBlocker \u00e8 un'estensione che sostanzialmente impedisce la visualizzazione di annunci pubblicitari sulla homepage. Questo non influisce necessariamente su un negozio online. Tuttavia, questa estensione blocca la visualizzazione di aiuti o informazioni aggiuntive sui singoli prodotti.<\/li>\n<\/ul>\n\t\t<\/div>\n\t<\/div>\n\t\n\t<div id=\"accordion-2497767615\" class=\"accordion-item\">\n\t\t<a id=\"accordion-2497767615-label\" class=\"accordion-title plain\" href=\"#accordion-item-the-shop-looks-&#039;torn&#039;.-fields-and-graphics-are-pointlessly-shifted.\" aria-expanded=\"false\" aria-controls=\"accordion-2497767615-content\">\n\t\t\t<button class=\"toggle\" aria-label=\"Attiva\/Disattiva\"><i class=\"icon-angle-down\" aria-hidden=\"true\"><\/i><\/button>\n\t\t\t<span>Il negozio sembra 'strappato'. I campi e la grafica sono inutilmente spostati.<\/span>\n\t\t<\/a>\n\t\t<div id=\"accordion-2497767615-content\" class=\"accordion-inner\" aria-labelledby=\"accordion-2497767615-label\">\n\t\t\t\n<p><strong>Utilizzate sempre un browser aggiornato per navigare in Internet!<\/strong><\/p>\n<p>Scegliete tra questi tre programmi per navigare in Internet in modo moderno e multimediale. Ricordate di utilizzare sempre la versione pi\u00f9 recente. Naturalmente, sono consigliati anche altri browser, come ad esempio <a title=\"Scarica Opera\" href=\"http:\/\/www.opera.com\/de\/download\" target=\"_blank\" rel=\"noopener\">Opera<\/a> o <a title=\"Scarica Safari\" href=\"https:\/\/www.apple.com\/uk\/safari\/\" target=\"_blank\" rel=\"noopener\">Safari (su Mac)<\/a><a title=\"Scarica Opera\" href=\"http:\/\/www.opera.com\/de\/download\" target=\"_blank\" rel=\"noopener\">.<\/a><\/p>\n<p style=\"text-align: left;\">\n<div class=\"row\"  id=\"row-711791141\">\n\n\t<div id=\"col-1672271522\" class=\"col medium-3 small-12 large-3\"  >\n\t\t\t\t<div class=\"col-inner\"  >\n\t\t\t\n\t\t\t\n\t<div class=\"box has-hover   has-hover box-text-bottom\" >\n\n\t\t<div class=\"box-image\" style=\"width:80%;\">\n\t\t\t<a href=\"https:\/\/www.mozilla.org\/de\/firefox\/new\/\" rel=\"sponsored noopener\">\t\t\t<div class=\"\" >\n\t\t\t\t<img decoding=\"async\" width=\"77\" height=\"79\" src=\"https:\/\/ecoturbino.shop\/wp-content\/uploads\/2023\/08\/firefox-logo-icon.svg\" class=\"attachment- size-\" alt=\"Browser Firefox\" \/>\t\t\t\t\t\t\t\t\t\t\t<\/div>\n\t\t\t<\/a>\t\t<\/div>\n\n\t\t<div class=\"box-text text-center\" >\n\t\t\t<div class=\"box-text-inner\">\n\t\t\t\t\n<h3>Firefox<\/h3>\n<p><a href=\"https:\/\/www.mozilla.org\/de\/firefox\/new\/\" target=\"_blank\" rel=\"noopener sponsored\">Installa ora<\/a><\/p>\n\t\t\t<\/div>\n\t\t<\/div>\n\t<\/div>\n\t\n\t\t<\/div>\n\t\t\t\t\t<\/div>\n\n\t\n\n\t<div id=\"col-510175384\" class=\"col medium-3 small-12 large-3\"  >\n\t\t\t\t<div class=\"col-inner\"  >\n\t\t\t\n\t\t\t\n\t<div class=\"box has-hover   has-hover box-text-bottom\" >\n\n\t\t<div class=\"box-image\" style=\"width:80%;\">\n\t\t\t<a href=\"https:\/\/www.google.com\/intl\/de_de\/chrome\/\" target=\"_blank\" rel=\"sponsored noopener\">\t\t\t<div class=\"\" >\n\t\t\t\t<img decoding=\"async\" width=\"1\" height=\"1\" src=\"https:\/\/ecoturbino.shop\/wp-content\/uploads\/2023\/08\/chrome-logo-icon.svg\" class=\"attachment- size-\" alt=\"Browser Chrome\" \/>\t\t\t\t\t\t\t\t\t\t\t<\/div>\n\t\t\t<\/a>\t\t<\/div>\n\n\t\t<div class=\"box-text text-center\" >\n\t\t\t<div class=\"box-text-inner\">\n\t\t\t\t\n<h3>Cromo<\/h3>\n<p><a href=\"https:\/\/www.google.com\/intl\/de_de\/chrome\/\" target=\"_blank\" rel=\"noopener sponsored\">Installa ora<\/a><\/p>\n\t\t\t<\/div>\n\t\t<\/div>\n\t<\/div>\n\t\n\t\t<\/div>\n\t\t\t\t\t<\/div>\n\n\t\n\n\t<div id=\"col-412374806\" class=\"col medium-3 small-12 large-3\"  >\n\t\t\t\t<div class=\"col-inner\"  >\n\t\t\t\n\t\t\t\n\t<div class=\"box has-hover   has-hover box-text-bottom\" >\n\n\t\t<div class=\"box-image\" style=\"width:80%;\">\n\t\t\t<a href=\"https:\/\/www.microsoft.com\/de-de\/edge\/\" target=\"_blank\" rel=\"sponsored noopener\">\t\t\t<div class=\"\" >\n\t\t\t\t<img decoding=\"async\" width=\"1\" height=\"1\" src=\"https:\/\/ecoturbino.shop\/wp-content\/uploads\/2023\/08\/microsoft-edge-icon.svg\" class=\"attachment- size-\" alt=\"Browser Edge\" \/>\t\t\t\t\t\t\t\t\t\t\t<\/div>\n\t\t\t<\/a>\t\t<\/div>\n\n\t\t<div class=\"box-text text-center\" >\n\t\t\t<div class=\"box-text-inner\">\n\t\t\t\t\n<h3>Bordo<\/h3>\n<p><a href=\"https:\/\/www.microsoft.com\/de-de\/edge\/\" target=\"_blank\" rel=\"noopener sponsored\">Installa ora<\/a><\/p>\n\t\t\t<\/div>\n\t\t<\/div>\n\t<\/div>\n\t\n\t\t<\/div>\n\t\t\t\t\t<\/div>\n\n\t\n\n\t<div id=\"col-555012293\" class=\"col medium-3 small-12 large-3\"  >\n\t\t\t\t<div class=\"col-inner\"  >\n\t\t\t\n\t\t\t\n\t<div class=\"box has-hover   has-hover box-text-bottom\" >\n\n\t\t<div class=\"box-image\" style=\"width:80%;\">\n\t\t\t<a href=\"https:\/\/brave.com\/\" target=\"_blank\" rel=\"sponsored noopener\">\t\t\t<div class=\"\" >\n\t\t\t\t<img decoding=\"async\" width=\"256\" height=\"301\" src=\"https:\/\/ecoturbino.shop\/wp-content\/uploads\/2023\/08\/brave-logo-icon.svg\" class=\"attachment- size-\" alt=\"Browser coraggioso\" \/>\t\t\t\t\t\t\t\t\t\t\t<\/div>\n\t\t\t<\/a>\t\t<\/div>\n\n\t\t<div class=\"box-text text-center\" >\n\t\t\t<div class=\"box-text-inner\">\n\t\t\t\t\n<h3>Coraggioso<\/h3>\n<p><a href=\"https:\/\/brave.com\/\" target=\"_blank\" rel=\"noopener sponsored\">Installa ora<\/a><\/p>\n\t\t\t<\/div>\n\t\t<\/div>\n\t<\/div>\n\t\n\t\t<\/div>\n\t\t\t\t\t<\/div>\n\n\t\n<\/div>\n\t\t<\/div>\n\t<\/div>\n\t\n\t<div id=\"accordion-558690932\" class=\"accordion-item\">\n\t\t<a id=\"accordion-558690932-label\" class=\"accordion-title plain\" href=\"#accordion-item-live-chat-for-quick-technical-help-and-advice\" aria-expanded=\"false\" aria-controls=\"accordion-558690932-content\">\n\t\t\t<button class=\"toggle\" aria-label=\"Attiva\/Disattiva\"><i class=\"icon-angle-down\" aria-hidden=\"true\"><\/i><\/button>\n\t\t\t<span>Chat dal vivo per assistenza tecnica e consigli rapidi<\/span>\n\t\t<\/a>\n\t\t<div id=\"accordion-558690932-content\" class=\"accordion-inner\" aria-labelledby=\"accordion-558690932-label\">\n\t\t\t\n<div class=\"row\"  id=\"row-1744397442\">\n\n\t<div id=\"col-1113032718\" class=\"col medium-10 small-12 large-10\"  >\n\t\t\t\t<div class=\"col-inner\"  >\n\t\t\t\n\t\t\t\n<p>La nostra live chat \u00e8 attiva per diversi motivi. Chiaramente per poter rispondere il pi\u00f9 rapidamente possibile alle domande sui prodotti. E naturalmente, per poter offrire un aiuto rapido, \u00e8 necessario che ci siano piccoli ostacoli al momento dell'ordine.<\/p>\n<p>Anche se la nostra chat non \u00e8 sempre disponibile in diretta, \u00e8 possibile inviare messaggi alla hotline di PROnatur24\u00ae. Parlate con noi - provate!<\/p>\n\t\t<\/div>\n\t\t\t\t\t<\/div>\n\n\t\n\n\t<div id=\"col-1018320176\" class=\"col medium-2 small-12 large-2\"  >\n\t\t\t\t<div class=\"col-inner\"  >\n\t\t\t\n\t\t\t\n\t<div class=\"img has-hover x md-x lg-x y md-y lg-y\" id=\"image_966297033\">\n\t\t\t\t\t\t\t\t<div class=\"img-inner dark\" >\n\t\t\t<img decoding=\"async\" width=\"297\" height=\"302\" src=\"https:\/\/ecoturbino.shop\/wp-content\/uploads\/2023\/08\/live-chat-sferics-en.webp\" class=\"attachment-original size-original\" alt=\"Chat in diretta\" \/>\t\t\t\t\t\t\n\t\t\t\t\t<\/div>\n\t\t\t\t\t\t\t\t\n<style>\n#image_966297033 {\n  width: 100%;\n}\n<\/style>\n\t<\/div>\n\t\n\t\t<\/div>\n\t\t\t\t\t<\/div>\n\n\t\n<\/div>\n\t\t<\/div>\n\t<\/div>\n\t\n<\/div>\n\t<div id=\"gap-1848518801\" class=\"gap-element clearfix\" style=\"display:block; height:auto;\">\n\t\t\n<style>\n#gap-1848518801 {\n  padding-top: 30px;\n}\n<\/style>\n\t<\/div>\n\t\n\t\t<\/div>\n\t\t\t\t\t<\/div>\n\n\t\n<\/div>","protected":false},"excerpt":{"rendered":"","protected":false},"author":1319,"featured_media":0,"parent":0,"menu_order":0,"comment_status":"closed","ping_status":"closed","template":"page-blank.php","meta":{"inline_featured_image":false,"footnotes":""},"class_list":["post-4392","page","type-page","status-publish","hentry"],"_links":{"self":[{"href":"https:\/\/ecoturbino.shop\/it\/wp-json\/wp\/v2\/pages\/4392","targetHints":{"allow":["GET"]}}],"collection":[{"href":"https:\/\/ecoturbino.shop\/it\/wp-json\/wp\/v2\/pages"}],"about":[{"href":"https:\/\/ecoturbino.shop\/it\/wp-json\/wp\/v2\/types\/page"}],"author":[{"embeddable":true,"href":"https:\/\/ecoturbino.shop\/it\/wp-json\/wp\/v2\/users\/1319"}],"replies":[{"embeddable":true,"href":"https:\/\/ecoturbino.shop\/it\/wp-json\/wp\/v2\/comments?post=4392"}],"version-history":[{"count":0,"href":"https:\/\/ecoturbino.shop\/it\/wp-json\/wp\/v2\/pages\/4392\/revisions"}],"wp:attachment":[{"href":"https:\/\/ecoturbino.shop\/it\/wp-json\/wp\/v2\/media?parent=4392"}],"curies":[{"name":"wp","href":"https:\/\/api.w.org\/{rel}","templated":true}]}}