{"id":4689,"date":"2014-06-07T14:52:06","date_gmt":"2014-06-07T12:52:06","guid":{"rendered":"http:\/\/shop.pronatur24.eu\/?page_id=4689"},"modified":"2025-04-21T23:58:12","modified_gmt":"2025-04-21T21:58:12","slug":"ritiro","status":"publish","type":"page","link":"https:\/\/ecoturbino.shop\/it\/withdrawal\/","title":{"rendered":"Condizioni di recesso"},"content":{"rendered":"<div class=\"banner has-hover\" id=\"banner-1106580661\">\n          <div class=\"banner-inner fill\">\n        <div class=\"banner-bg fill\" >\n            <img decoding=\"async\" width=\"2000\" height=\"230\" src=\"https:\/\/ecoturbino.shop\/wp-content\/uploads\/2023\/08\/tastatur-webdeals-2000.webp\" class=\"bg attachment-original size-original\" alt=\"Tastiera di intestazione\" \/>                        <div class=\"overlay\"><\/div>            \n                    <\/div>\n\t\t\n        <div class=\"banner-layers container\">\n            <div class=\"fill banner-link\"><\/div>            \n   <div id=\"text-box-1783112412\" class=\"text-box banner-layer x50 md-x50 lg-x50 y50 md-y50 lg-y50 res-text\">\n                                <div class=\"text-box-content text dark\">\n              \n              <div class=\"text-inner text-center\">\n                  \n<h1>RITIRO<\/h1>\n              <\/div>\n           <\/div>\n                            \n<style>\n#text-box-1783112412 {\n  width: 80%;\n}\n#text-box-1783112412 .text-box-content {\n  font-size: 100%;\n}\n@media (min-width:550px) {\n  #text-box-1783112412 {\n    width: 67%;\n  }\n}\n@media (min-width:850px) {\n  #text-box-1783112412 {\n    width: 44%;\n  }\n}\n<\/style>\n    <\/div>\n \n        <\/div>\n      <\/div>\n\n            \n<style>\n#banner-1106580661 {\n  padding-top: 110px;\n}\n#banner-1106580661 .overlay {\n  background-color: rgba(0,0,0,.5);\n}\n@media (min-width:550px) {\n  #banner-1106580661 {\n    padding-top: 170px;\n  }\n}\n@media (min-width:850px) {\n  #banner-1106580661 {\n    padding-top: 190px;\n  }\n}\n<\/style>\n  <\/div>\n\n\n<div class=\"row\"  id=\"row-1583301656\">\n\n\t<div id=\"col-260032594\" class=\"col small-12 large-12\"  >\n\t\t\t\t<div class=\"col-inner\"  >\n\t\t\t\n\t\t\t\n<p><strong>Condizioni di cancellazione per i clienti finali (consumatori).<\/strong> Il cliente ha il diritto di annullare l'ordine entro quattordici giorni senza fornire alcuna motivazione.<\/p>\n<p>Il termine di cancellazione decorre dal ricevimento della comunicazione scritta, ma non prima che il destinatario riceva l'articolo (per ordini ripetuti degli stessi articoli, non prima di aver ricevuto la prima parte della consegna).<\/p>\n<p>Per esercitare il diritto di cancellazione, \u00e8 necessario informare:<\/p>\n<div class=\"is-divider divider clearfix\" style=\"max-width:100%;height:1px;\"><\/div>\n<div class=\"row\"  id=\"row-964280676\">\n\n\t<div id=\"col-169497641\" class=\"col medium-4 small-12 large-4\"  >\n\t\t\t\t<div class=\"col-inner\"  >\n\t\t\t\n\t\t\t\n<p>Webdeals Shops GmbH<br \/>\nSquadra ecoturbino<br \/>\nHolzbodenweg 6<br \/>\nAT- 6858 Schwarzach<br \/>\ninfo@ecoturbino.shop<\/p>\n\t\t<\/div>\n\t\t\t\t\t<\/div>\n\n\t\n\n\t<div id=\"col-1912415523\" class=\"col medium-8 small-12 large-8\"  >\n\t\t\t\t<div class=\"col-inner dark\" style=\"background-color:rgb(164, 57, 6);\" >\n\t\t\t\n\t\t\t\n<p>Indirizzo per la restituzione (vedi dettagli sotto):<\/p>\n<p>N.E.W. Development GmbH<br \/>\nSquadra ecoturbino<br \/>\nNeugasse 10<br \/>\nAT- 7020 Loipersbach<\/p>\n<p>Noi <span style=\"text-decoration: underline;\">raccomandiamo vivamente<\/span> scegliere un metodo di spedizione assicurato e tracciabile con numero di tracking per la restituzione. Siete invitati a comunicarci il numero di tracking dopo la spedizione.<\/p>\n\t\t<\/div>\n\t\t\t\t\n<style>\n#col-1912415523 > .col-inner {\n  padding: 10px 10px 10px 15px;\n  margin: 0px 0px -20px 0px;\n  border-radius: 10px;\n}\n<\/style>\n\t<\/div>\n\n\t\n<\/div>\n<div class=\"is-divider divider clearfix\" style=\"max-width:100%;height:1px;\"><\/div>\n<p>con una spiegazione chiara (ad esempio una lettera inviata per posta, un'e-mail o una telefonata) della vostra decisione di annullare l'ordine o - se l'articolo vi viene fornito prima della fine dei 14 giorni - rispedendo l'articolo. Potete utilizzare il nostro\u00a0<a title=\"Vorlage Widerruf der Bestellung runterladen\" href=\"https:\/\/ecoturbino.shop\/wp-content\/uploads\/2023\/10\/Cancellation-order-form.pdf\" target=\"_blank\" rel=\"noopener noreferrer\">modulo di recesso campione<\/a>\u00a0per questo, anche se non \u00e8 obbligatorio. Potete anche compilare e inviarci la spiegazione della cancellazione sul nostro sito web (<a title=\"Formulario per l&#039;acquisto della merce\" href=\"\/it\/annullamento-dellordine-2\/\">https:\/\/ecoturbino.shop\/cancel-order<\/a>). Utilizzando questa opzione, vi invieremo immediatamente una conferma (ad esempio via e-mail) della ricezione di tale cancellazione. Per conservare il termine di cancellazione, \u00e8 sufficiente informarci del ricorso al diritto di cancellazione prima che il termine di cancellazione sia scaduto.<\/p>\n<p><a title=\"Formulario online per l&#039;acquisto della merce\" href=\"https:\/\/ecoturbino.shop\/it\/annullamento-dellordine-2\/\">\u00bb Al modulo online per l'annullamento degli ordini<\/a><\/p>\n<p><a title=\"Vorlage Widerruf der Bestellung runterladen\" href=\"https:\/\/ecoturbino.shop\/wp-content\/uploads\/2023\/10\/Cancellation-order-form.pdf\" target=\"_blank\" rel=\"noopener noreferrer\">\u00bb Scarica il modulo \u201cRitiro dell'ordine\u201d (.pdf)<\/a><\/p>\n<h3>Per quanto riguarda il diritto di cancellazione per i gruppi di articoli esclusi<\/h3>\n<p>Servizi, prodotti di schermatura tessile*, articoli per l'igiene, merci deperibili di uso quotidiano, merci tagliate, rotoli aperti con merce a metraggio, nonch\u00e9 per i prodotti realizzati per conto del cliente. Nel caso in cui venga comunque effettuata una restituzione, decideremo per ogni prodotto se accettare la restituzione con una riduzione del valore e il relativo rimborso, se calcolare i costi di elaborazione per il controllo della restituzione (80 \u20ac all'ora) o se smaltire il prodotto senza rimborso.<\/p>\n<p>In caso di revoca di prodotti schermanti, elettrici ed elettronici (dispositivi di misurazione, interruttori, filtri, ecc.), per il controllo della qualit\u00e0 sono necessari costosi test metrologici nel laboratorio CEM. Abbiamo il diritto di detrarre i costi sostenuti dall'importo del rimborso.<\/p>\n<div class=\"row\"  id=\"row-1163251451\">\n\n\t<div id=\"col-270884770\" class=\"col small-12 large-12\"  >\n\t\t\t\t<div class=\"col-inner dark\"  >\n\t\t\t\n\t\t\t\n<p>*I prodotti schermanti tessili appartengono alla famiglia dei prodotti speciali per l'igiene e sono pertanto esclusi dal diritto di recesso o di sostituzione quando vengono utilizzati; tra questi rientrano gli indumenti, i sacchi a pelo, le lenzuola, le coperte, le tende e le tettoie della serie budget. Ogni restituzione di prodotti di questa classificazione sar\u00e0 controllata nel laboratorio CEM a pagamento e detratta dall'importo del rimborso. Le tettoie prodotte su ordinazione, comprese le misure speciali, sono generalmente escluse dalla revoca.<\/p>\n<p><strong>Noleggiate una tettoia invece di comprarla:<\/strong><br \/>\nA causa della limitazione del diritto di recesso, esiste la possibilit\u00e0 di noleggiare senza rischi le nostre tettoie per 2 settimane per conoscerle. Questa opzione di noleggio \u00e8 anche molto adatta per sperimentare l'effetto protettivo di una protezione totale dall'elettrosmog, soprattutto prima di una sanificazione EMF o di un investimento importante in schermature.<\/p>\n<p><strong>Abbigliamento schermante:<br \/>\n<\/strong>Non si consiglia di prestare attenzione alla taglia, ma di trovare la misura desiderata con un metro. I dettagli sono riportati nella descrizione del prodotto.<\/p>\n\t\t<\/div>\n\t\t\t\t\n<style>\n#col-270884770 > .col-inner {\n  padding: 10px 15px 10px 15px;\n}\n<\/style>\n\t<\/div>\n\n\t\n\n<style>\n#row-1163251451 > .col > .col-inner {\n  background-color: rgb(85, 85, 85);\n  border-radius: 10px;\n}\n<\/style>\n<\/div>\n<h3>Risultati delle cancellazioni<\/h3>\n<p>Se annullate un ordine con indirizzo di consegna austriaco (nazionale), vi restituiremo tutti i pagamenti ricevuti, compresi i costi di consegna (ad eccezione dei costi aggiuntivi derivanti dal fatto che avete scelto un tipo di consegna diverso da quello che abbiamo scelto per la consegna standard pi\u00f9 economica offerta). Se annullate un ordine con indirizzo di consegna in altri paesi europei o in paesi terzi, abbiamo il diritto di rifiutare il rimborso delle spese di spedizione, ossia di detrarre tali spese dall'importo del rimborso. Se il fornitore di servizi di pagamento attraverso il quale avete effettuato il pagamento (PayPal, Amazon, carta di credito, ecc.) non rimborsa le spese sostenute durante l'acquisto, abbiamo il diritto di trattenere tali spese, ossia di detrarle dall'importo del rimborso. Nel caso di beni digitali, questo rimborso pu\u00f2 essere effettuato immediatamente, ma deve essere rimborsato entro quattordici giorni dal giorno in cui abbiamo ricevuto la notifica della cancellazione del presente contratto. Lo stesso periodo di rimborso si applica a tutti gli altri beni, ma decorre dal giorno in cui si riceve la merce restituita. Ci\u00f2 significa che possiamo rifiutare il rimborso finch\u00e9 non abbiamo ricevuto la merce restituita dal cliente. Per il rimborso utilizziamo lo stesso mezzo di pagamento utilizzato nella transazione originaria, a meno che non sia stato espressamente concordato con voi qualcosa di diverso.<\/p>\n<h3>Revoca automatica \/ restituzione<\/h3>\n<p>In caso di recesso, si prega di restituire la merce. I costi della spedizione di ritorno sono a carico del cliente. I resi automatici sono equivalenti a un recesso e vengono gestiti in modo identico.\u00a0<strong>La revoca automatica comprende:<\/strong><\/p>\n<ul>\n<li>mancata accettazione dell'ordine\/consegna, o<\/li>\n<li>mancata consegna da parte del servizio pacchi commissionato, o<\/li>\n<li>mancato ritiro della merce presso il negozio di pacchi (se disponibile) nonostante le informazioni corrispondenti del servizio pacchi o il link di tracciamento del pacco. (Spiegazione: il servizio pacchi incaricato \u00e8 tenuto da noi a effettuare una consegna a domicilio. Tuttavia, a causa di problemi impegnativi e sempre pi\u00f9 gravi nella consegna dei pacchi, questa consegna a domicilio non pu\u00f2 pi\u00f9 essere garantita oggi (ad esempio, divieti di circolazione, divieti di sosta, traffico, carenza di personale, ecc.).<\/li>\n<\/ul>\n<h3>Restituzione degli articoli<\/h3>\n<p>Il cliente deve restituire o consegnare gli articoli immediatamente e fino a quattordici giorni dopo aver ricevuto l'avviso di cancellazione o gli articoli a noi:<\/p>\n<p>N.E.W. Development GmbH<br \/>\nSquadra ecoturbino<br \/>\nNeugasse 10<br \/>\nAT- 7020 Loipersbach<\/p>\n<p>Il termine \u00e8 rispettato se la merce viene spedita prima della scadenza del periodo di quattordici giorni. I costi diretti e la responsabilit\u00e0 della restituzione della merce, compresi i resi automatici, sono a carico del cliente. In base alla nostra esperienza pratica, vi consigliamo di scegliere una forma di restituzione assicurata e tracciabile con un numero di tracking. Nota bene: le merci restituite in porto assegnato non saranno accettate. Il cliente \u00e8 tenuto a pagare l'eventuale perdita di valore della merce solo se tale perdita di valore \u00e8 dovuta a una manipolazione della merce non necessaria per verificarne la natura, le propriet\u00e0 e la funzionalit\u00e0.<\/p>\n<p>In caso di annullamento dovuto alla mancata accettazione del pacco, \u00e8 necessario informarci per iscritto entro 24 ore, altrimenti la consegna sar\u00e0 automaticamente considerata accettata e qualsiasi richiesta di rimborso da parte di Webdeals Shops GmbH non sar\u00e0 applicabile.<\/p>\n<p>Trattiamo i resi con alta priorit\u00e0, in media entro 48 ore nei giorni lavorativi dopo aver ricevuto i prodotti annullati. Se entro 2 settimane dalla restituzione non riceviamo alcuna comunicazione da parte nostra in merito all'elaborazione del reso, \u00e8 responsabilit\u00e0 del cliente informarsi sullo stato dell'elaborazione e avviare il tracciamento del pacco con il fornitore del servizio di spedizione del pacco. Se l'ordine annullato non viene consegnato entro 4 settimane dall'invio, decade il diritto al rimborso da parte di Webdeals Shops GmbH.<\/p>\n\t<div id=\"text-4106039460\" class=\"text hidden\">\n\t\t\n<h3>Nessuna consegna alle stazioni di imballaggio<\/h3>\n<p>Se l'ordine viene comunque effettuato con una stazione di imballaggio, questo comporta, senza la modifica dell'indirizzo di consegna, l'annullamento automatico \/ la restituzione. <a href=\"https:\/\/ecoturbino.shop\/it\/gtc\/\">Per i dettagli si vedano i termini e le condizioni.<\/a><br \/>\n\t\t\t<\/div>\n\t\n\t\t<\/div>\n\t\t\t\t\t<\/div>\n\n\t\n<\/div>","protected":false},"excerpt":{"rendered":"","protected":false},"author":1319,"featured_media":47649,"parent":0,"menu_order":0,"comment_status":"closed","ping_status":"closed","template":"page-blank.php","meta":{"inline_featured_image":false,"footnotes":""},"class_list":["post-4689","page","type-page","status-publish","has-post-thumbnail","hentry"],"_links":{"self":[{"href":"https:\/\/ecoturbino.shop\/it\/wp-json\/wp\/v2\/pages\/4689","targetHints":{"allow":["GET"]}}],"collection":[{"href":"https:\/\/ecoturbino.shop\/it\/wp-json\/wp\/v2\/pages"}],"about":[{"href":"https:\/\/ecoturbino.shop\/it\/wp-json\/wp\/v2\/types\/page"}],"author":[{"embeddable":true,"href":"https:\/\/ecoturbino.shop\/it\/wp-json\/wp\/v2\/users\/1319"}],"replies":[{"embeddable":true,"href":"https:\/\/ecoturbino.shop\/it\/wp-json\/wp\/v2\/comments?post=4689"}],"version-history":[{"count":0,"href":"https:\/\/ecoturbino.shop\/it\/wp-json\/wp\/v2\/pages\/4689\/revisions"}],"wp:featuredmedia":[{"embeddable":true,"href":"https:\/\/ecoturbino.shop\/it\/wp-json\/wp\/v2\/media\/47649"}],"wp:attachment":[{"href":"https:\/\/ecoturbino.shop\/it\/wp-json\/wp\/v2\/media?parent=4689"}],"curies":[{"name":"wp","href":"https:\/\/api.w.org\/{rel}","templated":true}]}}