{"id":48886,"date":"2024-01-23T19:21:10","date_gmt":"2024-01-23T18:21:10","guid":{"rendered":"https:\/\/en.ecoturbino.shop\/?page_id=48886"},"modified":"2026-01-02T11:37:06","modified_gmt":"2026-01-02T10:37:06","slug":"igiene-e-prevenzione-del-calcare","status":"publish","type":"page","link":"https:\/\/ecoturbino.shop\/it\/hygiene-and-limescale-prevention\/","title":{"rendered":"Igiene e calcare nelle docce | Prevenire con ecoturbino \u00e8 sempre meglio"},"content":{"rendered":"<section class=\"section zindex1\" id=\"section_396480081\">\n\t\t<div class=\"section-bg fill\" >\n\t\t\t\t\t\t\t\t\t\n\t\t\t\n\n\t\t<\/div>\n\n\t\t\n\n\t\t<div class=\"section-content relative\">\n\t\t\t\n<div class=\"row\"  id=\"row-401826158\">\n\n\t<div id=\"col-1368618258\" class=\"col small-12 large-12\"  >\n\t\t\t\t<div class=\"col-inner\"  >\n\t\t\t\n\t\t\t\n\t<div id=\"text-2515266278\" class=\"text\">\n\t\t\n<h1 class=\"uppercase\">Igiene e prevenzione del calcare UB Fare la doccia con l'ecoturbino \u00e8 sempre meglio!<\/h1>\n<h3 class=\"thin-font\">A casa, negli alberghi, negli impianti sportivi, negli ospedali, ecc.<\/h3>\n\t\t\n<style>\n#text-2515266278 {\n  text-align: center;\n}\n<\/style>\n\t<\/div>\n\t\n<div class=\"text-center\"><div class=\"is-divider divider clearfix\" style=\"max-width:50%;height:1px;\"><\/div><\/div>\n\t<div id=\"gap-570241792\" class=\"gap-element clearfix\" style=\"display:block; height:auto;\">\n\t\t\n<style>\n#gap-570241792 {\n  padding-top: 30px;\n}\n<\/style>\n\t<\/div>\n\t\n<div class=\"row\"  id=\"row-1217197537\">\n\n\t<div id=\"col-207138148\" class=\"col medium-8 small-12 large-8\"  >\n\t\t\t\t<div class=\"col-inner\"  >\n\t\t\t\n\t\t\t\n<p><strong>L'uso di sostanze chimiche \u00e8 efficace<\/strong> nella maggior parte dei casi, ma richiede molto tempo,<strong> costoso e dannoso per l'ambiente.<\/strong> Inoltre, il problema si aggrava con l'aumento dell'accumulo di calcio.<\/p>\n<p>Per avere un sistema idrico completamente privo di legionella, \u00e8 necessario assicurarsi che sia privo di calcio (incluso il biofilm) e di batteri.<\/p>\n<p>Indipendentemente dal fatto che si tratti di un sistema di acqua fredda, calda o di processo, \u00e8 importante disporre di un metodo per controllare i depositi di calcio.<\/p>\n<h3>Igiene - Come si pu\u00f2 attenuare il problema nelle docce?<\/h3>\n<p>Il <strong><a href=\"https:\/\/ecoturbino.shop\/it\/acquistare\/ecoturbino-et10l-adattatore-doccia-argento\/\">adattatore doccia ecoturbiono\u00ae<\/a><\/strong> utilizza una tecnologia unica per <strong>scarico dell'acqua dai soffioni doccia<\/strong> e pu\u00f2 certamente aiutare <strong>Mantenere puliti i soffioni della doccia<\/strong>. Si installa nella doccia esistente e garantisce la massima sicurezza. <strong>drenaggio dell'acqua stagnante<\/strong> dal soffione della doccia e soprattutto dal <strong>tubo flessibile<\/strong>.<\/p>\n<p>Inoltre, fornisce <strong>prevenzione completa e continua<\/strong> cos\u00ec come un <strong>riduzione significativa<\/strong>. La tecnologia ecoturbiono non richiede manutenzione ed \u00e8 priva di sostanze chimiche. Si tratta quindi di una soluzione sostenibile e rispettosa dell'ambiente.<\/p>\n<p>Utilizzando questa tecnologia, <strong>I batteri sono significativamente ridotti nel tubo<\/strong> e il soffione della doccia. Inoltre, il soffione viene privato della sua fonte di nutrimento, il calcio.<\/p>\n\t\t<\/div>\n\t\t\t\t\t<\/div>\n\n\t\n\n\t<div id=\"col-2039534920\" class=\"col medium-4 small-12 large-4\"  >\n\t\t\t\t<div class=\"col-inner\"  >\n\t\t\t\n\t\t\t\n\t<div class=\"img has-hover radius10 x md-x lg-x y md-y lg-y\" id=\"image_317571675\">\n\t\t\t\t\t\t\t\t<div class=\"img-inner dark\" >\n\t\t\t<img decoding=\"async\" width=\"600\" height=\"600\" src=\"https:\/\/ecoturbino.shop\/wp-content\/uploads\/2024\/01\/legionellas-symbol_600.webp\" class=\"attachment-original size-original\" alt=\"Microscopio per legionelle\" srcset=\"https:\/\/ecoturbino.shop\/wp-content\/uploads\/2024\/01\/legionellas-symbol_600.webp 600w, https:\/\/ecoturbino.shop\/wp-content\/uploads\/2024\/01\/legionellas-symbol_600-470x470.webp 470w, https:\/\/ecoturbino.shop\/wp-content\/uploads\/2024\/01\/legionellas-symbol_600-340x340.webp 340w\" sizes=\"(max-width: 600px) 100vw, 600px\" \/>\t\t\t\t\t\t\n\t\t\t\t\t<\/div>\n\t\t\t\t\t\t\t\t\n<style>\n#image_317571675 {\n  width: 100%;\n}\n<\/style>\n\t<\/div>\n\t\n\t\t<\/div>\n\t\t\t\t\t<\/div>\n\n\t\n<\/div>\n<div class=\"row\"  id=\"row-973654227\">\n\n\t<div id=\"col-628085774\" class=\"col small-12 large-12\"  >\n\t\t\t\t<div class=\"col-inner\"  >\n\t\t\t\n\t\t\t\n\t<div class=\"img has-hover radius10 hide-for-small x md-x lg-x y md-y lg-y\" id=\"image_93796029\">\n\t\t\t\t\t\t\t\t<div class=\"img-inner dark\" >\n\t\t\t<img decoding=\"async\" width=\"1280\" height=\"300\" src=\"https:\/\/ecoturbino.shop\/wp-content\/uploads\/2024\/01\/under-shower-legs_1280.webp\" class=\"attachment-original size-original\" alt=\"Gambe sotto la doccia\" srcset=\"https:\/\/ecoturbino.shop\/wp-content\/uploads\/2024\/01\/under-shower-legs_1280.webp 1280w, https:\/\/ecoturbino.shop\/wp-content\/uploads\/2024\/01\/under-shower-legs_1280-470x110.webp 470w, https:\/\/ecoturbino.shop\/wp-content\/uploads\/2024\/01\/under-shower-legs_1280-635x149.webp 635w, https:\/\/ecoturbino.shop\/wp-content\/uploads\/2024\/01\/under-shower-legs_1280-800x188.webp 800w\" sizes=\"(max-width: 1280px) 100vw, 1280px\" \/>\t\t\t\t\t\t\n\t\t\t\t\t<\/div>\n\t\t\t\t\t\t\t\t\n<style>\n#image_93796029 {\n  width: 100%;\n}\n<\/style>\n\t<\/div>\n\t\n<h1>Si pu\u00f2 contrarre la legionella facendo la doccia?<\/h1>\n<p>S\u00ec, \u00e8 possibile contrarre<strong> Legionellosi da doccia<\/strong>. \u00c8 improbabile che si verifichi quando si fa la doccia in casa propria su base quotidiana.<\/p>\n<p>Tuttavia, la probabilit\u00e0 di contrarre la malattia durante la doccia in una <strong>palestra, albergo, ospedale o ufficio \u00e8 pi\u00f9 alto<\/strong> - ovunque ci sia un sistema idrico di grandi dimensioni. L'acqua pu\u00f2 essere cambiata meno frequentemente se questi luoghi non sono utilizzati costantemente.<\/p>\n\t<div id=\"gap-1471780189\" class=\"gap-element clearfix\" style=\"display:block; height:auto;\">\n\t\t\n<style>\n#gap-1471780189 {\n  padding-top: 30px;\n}\n<\/style>\n\t<\/div>\n\t\n<div class=\"row\"  id=\"row-1795530575\">\n\n\t<div id=\"col-588319781\" class=\"col medium-8 small-12 large-8\"  >\n\t\t\t\t<div class=\"col-inner\"  >\n\t\t\t\n\t\t\t\n<h2>Sintomi della legionellosi<\/h2>\n<p>L'infezione da parte di questi <strong>I batteri possono provocare sintomi come nausea e vomito.<\/strong> Anche la febbre \u00e8 un sintomo comune. Altri sintomi includono <strong>dolori muscolari e, in casi estremi, insufficienza renale.<\/strong> pu\u00f2 derivare da un'infezione da batteri della legionella.<\/p>\n<p>Segni che il<strong> I polmoni sono colpiti<\/strong> possono includere tosse secca, dolore al petto e respiro affannoso. In questi casi, \u00e8 importante rivolgersi tempestivamente a un medico, poich\u00e9 questi segni possono indicare una polmonite.<\/p>\n<p>Per evitare che ci\u00f2 accada, <strong>viene praticata una maggiore attenzione all'igiene<\/strong> in luoghi come <a href=\"https:\/\/en.wikipedia.org\/wiki\/Hospital#:~:text=A%20hospital%20is%20a%20healthcare,healthcare%20staff%20and%20medical%20equipment.\" target=\"_blank\" rel=\"noopener sponsored\"><strong>ospedali<\/strong><\/a>. L'ordinanza sull'acqua potabile mira a prevenire la legionella e ne regolamenta la presenza attraverso regolamenti, raccomandazioni e leggi varie.<\/p>\n<p>Il<strong> moltiplicazione dei batteri della legionella<\/strong> segue uno schema simile a quello della moltiplicazione dell'umidit\u00e0 o dei batteri acquatici in generale: prosperano in acqua dolce. Non esistono in acqua salata o marina. Si trovano nelle acque superficiali e nel suolo.<\/p>\n<p>Da qui possono entrare nelle acque sotterranee. Si ritiene che, pur non potendo moltiplicarsi ulteriormente nelle acque sotterranee, possano r<strong>e rimangono in vita anche per anni.<\/strong><\/p>\n<p><strong>La legionella pu\u00f2 penetrare nel sistema idrico attraverso le acque sotterranee.<\/strong> In questo modo, possono essere <strong>inalati durante attivit\u00e0 come la doccia e finiscono nei polmoni.<\/strong> Poich\u00e9 la legionella pu\u00f2 causare malattie come la legionellosi in individui con un sistema immunitario indebolito, in determinate circostanze \u00e8 considerata un batterio pericoloso.<\/p>\n\t\t<\/div>\n\t\t\t\t\n<style>\n#col-588319781 > .col-inner {\n  margin: 0px 0px -15px 0px;\n}\n<\/style>\n\t<\/div>\n\n\t\n\n\t<div id=\"col-558568244\" class=\"col medium-4 small-12 large-4\"  >\n\t\t\t\t<div class=\"col-inner\"  >\n\t\t\t\n\t\t\t\n\t<div class=\"img has-hover radius10 x md-x lg-x y md-y lg-y\" id=\"image_957384067\">\n\t\t\t\t\t\t\t\t<div class=\"img-inner dark\" >\n\t\t\t<img decoding=\"async\" width=\"600\" height=\"600\" src=\"https:\/\/ecoturbino.shop\/wp-content\/uploads\/2024\/01\/symptome-illness_600.webp\" class=\"attachment-original size-original\" alt=\"Sintomi della malattia\" srcset=\"https:\/\/ecoturbino.shop\/wp-content\/uploads\/2024\/01\/symptome-illness_600.webp 600w, https:\/\/ecoturbino.shop\/wp-content\/uploads\/2024\/01\/symptome-illness_600-470x470.webp 470w, https:\/\/ecoturbino.shop\/wp-content\/uploads\/2024\/01\/symptome-illness_600-340x340.webp 340w\" sizes=\"(max-width: 600px) 100vw, 600px\" \/>\t\t\t\t\t\t\n\t\t\t\t\t<\/div>\n\t\t\t\t\t\t\t\t\n<style>\n#image_957384067 {\n  width: 100%;\n}\n<\/style>\n\t<\/div>\n\t\n\t\t<\/div>\n\t\t\t\t\t<\/div>\n\n\t\n<\/div>\n\t\t<\/div>\n\t\t\t\t\t<\/div>\n\n\t\n<\/div>\n<div class=\"row\"  id=\"row-2106638329\">\n\n\t<div id=\"col-1231861181\" class=\"col medium-8 small-12 large-8\"  >\n\t\t\t\t<div class=\"col-inner\"  >\n\t\t\t\n\t\t\t\n<h3>Come si pu\u00f2 contrarre la legionellosi facendo la doccia?<\/h3>\n<p>Nelle giuste condizioni, la Legionella <strong>I batteri possono crescere in qualsiasi sistema idrico.<\/strong> Qualsiasi acqua con un<strong> temperatura compresa tra 20 e 45 \u00b0C<\/strong> \u00e8 a rischio perch\u00e9 i batteri possono prosperare solo in questo intervallo di temperatura.<\/p>\n<blockquote>\n<p>Anche sostanze nutritive come ruggine, fango, calcare, sedimenti e alghe contribuiscono alla crescita di questi batteri. Questi ultimi diventano un problema soprattutto quando l'acqua in un sistema ristagna (ad esempio, quando una doccia o un rubinetto non vengono utilizzati regolarmente).<\/p>\n<\/blockquote>\n<p>Quando si apre la doccia o il rubinetto, le gocce d'acqua contaminate da L<strong>L'egionella si diffonde attraverso la nebbia<\/strong>, generato in piccole goccioline chiamate aerosol.<\/p>\n<p>Poich\u00e9 questi <strong>Gli aerosol sono abbastanza piccoli<\/strong> per essere inalate, entrano nei polmoni attraverso l'inalazione. I polmoni si infettano quindi con la legionella e la persona si ammala di legionellosi o febbre di Pontiac.<\/p>\n<p>La malattia pu\u00f2 essere trasmessa anche bevendo acqua contenente legionella. Le persone con difficolt\u00e0 di deglutizione sono maggiormente a rischio.<\/p>\n\t<div id=\"gap-1516998868\" class=\"gap-element clearfix\" style=\"display:block; height:auto;\">\n\t\t\n<style>\n#gap-1516998868 {\n  padding-top: 15px;\n}\n<\/style>\n\t<\/div>\n\t\n<div class=\"is-divider divider clearfix\" style=\"max-width:100%;height:1px;\"><\/div>\n<h3>Quali sono i sintomi della legionellosi?<\/h3>\n<p>Il<strong> sintomi iniziali<\/strong> del <strong>La malattia compare in genere da due a dieci giorni<\/strong> dopo l'infezione. Tuttavia, non tutti coloro che sono esposti al batterio sviluppano i sintomi; i soggetti pi\u00f9 a rischio sono quelli di et\u00e0 superiore ai 50 anni e quelli con un sistema immunitario indebolito.<\/p>\n<p>In genere, i segni iniziali della malattia sono <strong>sintomi simili a quelli dell'influenza<\/strong> e possono includere:<\/p>\n<ul>\n<li>Febbre alta, febbricola e brividi<\/li>\n<li>Tosse secca<\/li>\n<li>Dolori muscolari<\/li>\n<li>Debolezza (astenia)<\/li>\n<li>Mal di testa<\/li>\n<\/ul>\n<p>Se non trattata, la <strong>l'infezione pu\u00f2 peggiorare<\/strong> entro la prima settimana, e i soggetti infetti possono sviluppare ulteriori sintomi, come tosse con muco verde e<strong> mancanza di respiro.<\/strong> Possono anche avvertire dolore al petto durante la respirazione.<\/p>\n<p>Alcuni pazienti affetti da legionellosi soffrono di <strong>nausea, vomito, diarrea e dolore addominale.<\/strong> Quasi la met\u00e0 dei pazienti presenta disturbi del sistema nervoso, quali <strong>confusione, delirio, depressione, disorientamento e allucinazioni.<\/strong><\/p>\n<p>Se si sospetta di essere stati esposti alla legionella o si avvertono sintomi come febbre, tosse, brividi o dolori muscolari, \u00e8 essenziale rivolgersi a un medico il prima possibile.<\/p>\n<p>\u00c8 inoltre importante informare il medico della storia recente dei viaggi, in quanto si potrebbe essere entrati in contatto con un focolaio noto.<\/p>\n\t\t<\/div>\n\t\t\t\t\t<\/div>\n\n\t\n\n\t<div id=\"col-617529654\" class=\"col medium-4 small-12 large-4\"  >\n\t\t\t\t<div class=\"col-inner\"  >\n\t\t\t\n\t\t\t\n\t<div class=\"img has-hover radius10 hide-for-small x md-x lg-x y md-y lg-y\" id=\"image_181562611\">\n\t\t\t\t\t\t\t\t<div class=\"img-inner dark\" >\n\t\t\t<img decoding=\"async\" width=\"600\" height=\"900\" src=\"https:\/\/ecoturbino.shop\/wp-content\/uploads\/2024\/01\/water-vapour-shower_600.webp\" class=\"attachment-original size-original\" alt=\"doccia a vapore acqueo\" srcset=\"https:\/\/ecoturbino.shop\/wp-content\/uploads\/2024\/01\/water-vapour-shower_600.webp 600w, https:\/\/ecoturbino.shop\/wp-content\/uploads\/2024\/01\/water-vapour-shower_600-470x705.webp 470w, https:\/\/ecoturbino.shop\/wp-content\/uploads\/2024\/01\/water-vapour-shower_600-313x470.webp 313w, https:\/\/ecoturbino.shop\/wp-content\/uploads\/2024\/01\/water-vapour-shower_600-533x800.webp 533w\" sizes=\"(max-width: 600px) 100vw, 600px\" \/>\t\t\t\t\t\t\n\t\t\t\t\t<\/div>\n\t\t\t\t\t\t\t\t\n<style>\n#image_181562611 {\n  width: 100%;\n}\n<\/style>\n\t<\/div>\n\t\n\t\t<\/div>\n\t\t\t\t\t<\/div>\n\n\t\n<\/div>\n<div class=\"is-divider divider clearfix\" style=\"margin-top:1.5em;margin-bottom:1.5em;max-width:100%;height:1px;\"><\/div>\n<div class=\"row\"  id=\"row-33672640\">\n\n\t<div id=\"col-1673265454\" class=\"col medium-4 small-12 large-4\"  >\n\t\t\t\t<div class=\"col-inner\"  >\n\t\t\t\n\t\t\t\n\t<div class=\"img has-hover radius10 x md-x lg-x y md-y lg-y\" id=\"image_684202523\">\n\t\t\t\t\t\t\t\t<div class=\"img-inner dark\" >\n\t\t\t<img decoding=\"async\" width=\"600\" height=\"600\" src=\"https:\/\/ecoturbino.shop\/wp-content\/uploads\/2024\/01\/temperature-meter2_600.webp\" class=\"attachment-original size-original\" alt=\"Dispositivo di temperatura\" srcset=\"https:\/\/ecoturbino.shop\/wp-content\/uploads\/2024\/01\/temperature-meter2_600.webp 600w, https:\/\/ecoturbino.shop\/wp-content\/uploads\/2024\/01\/temperature-meter2_600-470x470.webp 470w, https:\/\/ecoturbino.shop\/wp-content\/uploads\/2024\/01\/temperature-meter2_600-340x340.webp 340w\" sizes=\"(max-width: 600px) 100vw, 600px\" \/>\t\t\t\t\t\t\n\t\t\t\t\t<\/div>\n\t\t\t\t\t\t\t\t\n<style>\n#image_684202523 {\n  width: 100%;\n}\n<\/style>\n\t<\/div>\n\t\n\t\t<\/div>\n\t\t\t\t\t<\/div>\n\n\t\n\n\t<div id=\"col-1674572701\" class=\"col medium-8 small-12 large-8\"  >\n\t\t\t\t<div class=\"col-inner\"  >\n\t\t\t\n\t\t\t\n<h3>Come si pu\u00f2 prevenire la legionellosi nelle docce?<\/h3>\n<p>La prima domanda da considerare \u00e8 dove si trova il <strong>l'acqua della doccia.<\/strong> In genere, proviene da un serbatoio dell'acqua che pu\u00f2 essere riscaldato. In tal caso, a quale temperatura \u00e8 impostato il serbatoio dell'acqua calda? La legionella pu\u00f2 svilupparsi a temperature comprese tra i 20 e i 45\u00b0C.<\/p>\n<blockquote>\n<p>Pertanto, l'acqua deve essere conservata a 60\u00b0C e distribuita a una temperatura superiore a 50\u00b0C per evitare che i batteri sopravvivano.<\/p>\n<\/blockquote>\n<p>Se l'acqua della doccia proviene da un <strong>serbatoio dell'acqua,<\/strong> deve essere regolarmente ispezionato e mantenuto pulito. \u00c8 consigliabile dotare il serbatoio di un coperchio a tenuta per evitare l'ingresso di sporcizia e la formazione di ruggine, biofilm e corrosione all'interno.<\/p>\n<p>La legionella si nutre di questi batteri, quindi interrompere la loro alimentazione \u00e8 un mezzo efficace per impedirne la proliferazione.<\/p>\n<p>Anche la regione in cui si vive \u00e8 un fattore di rischio per la legionella. La geologia influenza la durezza dell'acqua in una determinata area. Mentre le piogge sono dolci, una volta filtrate attraverso le rocce, minerali come il calcio e il magnesio iniziano a dissolversi nell'acqua. <strong>L'acqua con un elevato contenuto di minerali \u00e8 chiamata acqua dura.<\/strong><\/p>\n<p>Quando le aziende di approvvigionamento idrico pompano acqua dura nelle abitazioni, si formano depositi di calcio nelle tubature, nei rubinetti e nei soffioni delle docce. Il calcio fornisce nutrimento alla Legionella, favorendone la crescita.<\/p>\n<p>Pertanto, le aree con acqua dura sono particolarmente suscettibili alla crescita dei batteri della legionella, e <strong>I soffioni e i rubinetti devono essere regolarmente decalcificati per ridurre i depositi di calcio.<\/strong><\/p>\n\t\t<\/div>\n\t\t\t\t\t<\/div>\n\n\t\n<\/div>\n<div class=\"row\"  id=\"row-604511870\">\n\n\t<div id=\"col-1887656610\" class=\"col small-12 large-12\"  >\n\t\t\t\t<div class=\"col-inner\"  >\n\t\t\t\n\t\t\t\n<div class=\"row row-large row-divided\"  id=\"row-1620840414\">\n\n\t<div id=\"col-1472633052\" class=\"col medium-6 small-12 large-6\"  >\n\t\t\t\t<div class=\"col-inner\"  >\n\t\t\t\n\t\t\t\n<h3>Con quale frequenza si dovrebbe fare la doccia per prevenire la legionella?<\/h3>\n<p>La legionella pu\u00f2 <strong>si accumulano nelle docce, nei rubinetti o nelle condutture dell'acqua.<\/strong> che non viene utilizzato regolarmente perch\u00e9 l'acqua nel sistema ristagna.<\/p>\n<blockquote>\n<p>Quando si apre l'acqua, i batteri fuoriescono dal sistema con l'acqua e le persone che utilizzano la doccia inalano aerosol contenenti legionella.<\/p>\n<\/blockquote>\n<p>Si tratta di un problema pi\u00f9 significativo, ad esempio, negli alberghi e negli uffici dove <strong>le docce e i rubinetti non vengono utilizzati per periodi prolungati.<\/strong> Tuttavia, anche nelle abitazioni private, qualsiasi bagno per gli ospiti pu\u00f2 essere a rischio.<\/p>\n<p>Si consiglia di far scorrere le docce o i rubinetti utilizzati di rado per circa <strong>due minuti ogni settimana o fino a quando l'acqua calda e fredda non raggiunga<\/strong> alla stessa temperatura delle prese di corrente. Assicurarsi di uscire dalla stanza per evitare di inalare aerosol che potrebbero contenere legionella.<\/p>\n\t\t<\/div>\n\t\t\t\t\t<\/div>\n\n\t\n\n\t<div id=\"col-1666867695\" class=\"col medium-6 small-12 large-6\"  >\n\t\t\t\t<div class=\"col-inner\"  >\n\t\t\t\n\t\t\t\n<h3>Come disinfettare il soffione della doccia per prevenire la legionellosi:<\/h3>\n<ol>\n<li>Rimuovere il soffione dal tubo flessibile.<\/li>\n<li>Smontare il soffione.<\/li>\n<li>Mettere le parti del soffione e del tubo flessibile nel lavandino e immergerle in acqua calda con un detergente per soffioni appropriato.<\/li>\n<li>Utilizzare una spazzola per rimuovere i residui pi\u00f9 ostinati.<\/li>\n<li>Sciacquare tutte le parti con acqua pulita.<\/li>\n<li>Sciacquare l'acqua sulle parti pulite per rimuovere il detergente per la disinfezione del soffione.<\/li>\n<li>Asciugare con un asciugamano pulito e lasciare asciugare all'aria.<\/li>\n<li>Rimontare il soffione e collegarlo al tubo flessibile.<\/li>\n<\/ol>\n<h3>Esistono progressi tecnologici che aiutano a eliminare la legionella nelle docce?<\/h3>\n<p>Esistono molti dispositivi commercializzati come <strong>unit\u00e0 di lavaggio automatico<\/strong>. Questi prodotti affermano di lavare gli scarichi inutilizzati, evitando il ristagno dell'acqua e riducendo il rischio di accumulo di legionella.<\/p>\n\t\t<\/div>\n\t\t\t\t\t<\/div>\n\n\t\n<\/div>\n\t\t<\/div>\n\t\t\t\t\n<style>\n#col-1887656610 > .col-inner {\n  padding: 25px 25px 25px 25px;\n  margin: 0px 0px -30px 0px;\n}\n<\/style>\n\t<\/div>\n\n\t\n\n<style>\n#row-604511870 > .col > .col-inner {\n  background-color: rgba(0, 0, 0, 0.15);\n  border-radius: 10px;\n}\n<\/style>\n<\/div>\n\t\t<\/div>\n\t\t\t\t\t<\/div>\n\n\t\n<\/div>\n<div class=\"row\"  id=\"row-603776483\">\n\n\t<div id=\"col-601801123\" class=\"col small-12 large-12\"  >\n\t\t\t\t<div class=\"col-inner\" style=\"background-color:rgb(255,255,255);\" >\n\t\t\t\n\t<div class=\"is-border is-dashed\"\n\t\tstyle=\"border-color:rgba(85, 85, 85, 0.75);border-radius:10px;border-width:2px 2px 2px 2px;\">\n\t<\/div>\n\t\t\t\n<div class=\"row\"  id=\"row-52984802\">\n\n\t<div id=\"col-1929565529\" class=\"col medium-8 small-12 large-8\"  >\n\t\t\t\t<div class=\"col-inner\"  >\n\t\t\t\n\t\t\t\n<h3>Quattro metodi sicuri per ridurre la legionella nella doccia:<\/h3>\n<ul>\n<li>Assicurarsi che la doccia venga utilizzata frequentemente. In caso contrario, valutare la possibilit\u00e0 di rimuovere la doccia.<\/li>\n<li>Se non \u00e8 possibile rimuovere una doccia utilizzata di rado, assicuratevi che venga lavata regolarmente e tenetene traccia.<\/li>\n<li>Mantenere puliti il soffione e il tubo flessibile, compresa la pulizia dei filtri.<\/li>\n<li>Eseguire una valutazione del rischio di legionella se si \u00e8 responsabili di un edificio.<\/li>\n<\/ul>\n\t\t<\/div>\n\t\t\t\t\n<style>\n#col-1929565529 > .col-inner {\n  margin: 0px 0px -20px 0px;\n}\n<\/style>\n\t<\/div>\n\n\t\n\n\t<div id=\"col-1319288390\" class=\"col medium-4 small-12 large-4\"  >\n\t\t\t\t<div class=\"col-inner\"  >\n\t\t\t\n\t\t\t\n\t<div class=\"img has-hover radius10 x md-x lg-x y md-y lg-y\" id=\"image_1307648665\">\n\t\t\t\t\t\t\t\t<div class=\"img-inner dark\" >\n\t\t\t<img decoding=\"async\" width=\"600\" height=\"600\" src=\"https:\/\/ecoturbino.shop\/wp-content\/uploads\/2024\/01\/legionella-wikipedia_600.webp\" class=\"attachment-original size-original\" alt=\"Microscopio per legionelle\" srcset=\"https:\/\/ecoturbino.shop\/wp-content\/uploads\/2024\/01\/legionella-wikipedia_600.webp 600w, https:\/\/ecoturbino.shop\/wp-content\/uploads\/2024\/01\/legionella-wikipedia_600-470x470.webp 470w, https:\/\/ecoturbino.shop\/wp-content\/uploads\/2024\/01\/legionella-wikipedia_600-340x340.webp 340w\" sizes=\"(max-width: 600px) 100vw, 600px\" \/>\t\t\t\t\t\t\n\t\t\t\t\t<\/div>\n\t\t\t\t\t\t\t\t\n<style>\n#image_1307648665 {\n  width: 100%;\n}\n<\/style>\n\t<\/div>\n\t\n\t\t<\/div>\n\t\t\t\t\n<style>\n#col-1319288390 > .col-inner {\n  margin: 5px 0px -20px 0px;\n}\n<\/style>\n\t<\/div>\n\n\t\n<\/div>\n\t\t<\/div>\n\t\t\t\t\n<style>\n#col-601801123 > .col-inner {\n  padding: 15px 20px 10px 30px;\n  margin: 0px 0px 0px 0px;\n  border-radius: 10px;\n}\n<\/style>\n\t<\/div>\n\n\t\n<\/div>\n\t\t<\/div>\n\n\t\t\n<style>\n#section_396480081 {\n  padding-top: 30px;\n  padding-bottom: 30px;\n}\n<\/style>\n\t<\/section>","protected":false},"excerpt":{"rendered":"","protected":false},"author":1320,"featured_media":0,"parent":0,"menu_order":0,"comment_status":"closed","ping_status":"closed","template":"page-blank.php","meta":{"inline_featured_image":false,"footnotes":""},"class_list":["post-48886","page","type-page","status-publish","hentry"],"_links":{"self":[{"href":"https:\/\/ecoturbino.shop\/it\/wp-json\/wp\/v2\/pages\/48886","targetHints":{"allow":["GET"]}}],"collection":[{"href":"https:\/\/ecoturbino.shop\/it\/wp-json\/wp\/v2\/pages"}],"about":[{"href":"https:\/\/ecoturbino.shop\/it\/wp-json\/wp\/v2\/types\/page"}],"author":[{"embeddable":true,"href":"https:\/\/ecoturbino.shop\/it\/wp-json\/wp\/v2\/users\/1320"}],"replies":[{"embeddable":true,"href":"https:\/\/ecoturbino.shop\/it\/wp-json\/wp\/v2\/comments?post=48886"}],"version-history":[{"count":0,"href":"https:\/\/ecoturbino.shop\/it\/wp-json\/wp\/v2\/pages\/48886\/revisions"}],"wp:attachment":[{"href":"https:\/\/ecoturbino.shop\/it\/wp-json\/wp\/v2\/media?parent=48886"}],"curies":[{"name":"wp","href":"https:\/\/api.w.org\/{rel}","templated":true}]}}