{"id":48890,"date":"2024-01-23T19:20:20","date_gmt":"2024-01-23T18:20:20","guid":{"rendered":"https:\/\/en.ecoturbino.shop\/?page_id=48890"},"modified":"2025-07-27T13:09:52","modified_gmt":"2025-07-27T11:09:52","slug":"impatto-1-2","status":"publish","type":"page","link":"https:\/\/ecoturbino.shop\/it\/impact-1\/","title":{"rendered":"Esperienza di doccia sonora con cascata e pioggia | ecoturbino"},"content":{"rendered":"<section class=\"section zindex1\" id=\"section_865200605\">\n\t\t<div class=\"section-bg fill\" >\n\t\t\t\t\t\t\t\t\t\n\t\t\t\n\n\t\t<\/div>\n\n\t\t\n\n\t\t<div class=\"section-content relative\">\n\t\t\t\n<div class=\"row row-small\"  id=\"row-121135861\">\n\n\t<div id=\"col-1239260094\" class=\"col medium-9 small-12 large-9\"  >\n\t\t\t\t<div class=\"col-inner\"  >\n\t\t\t\n\t\t\t\n<h1 class=\"uppercase\">Esperienza di doccia a cascata e a pioggia | Ecoturbino<\/h1>\n<h3 class=\"thin-font\">il primo impatto di <a href=\"https:\/\/ecoturbino.shop\/it\/acquistare\/ecoturbino-et10l-adattatore-doccia-argento\/\">ecoturbino<\/a>\u00ae sistema di protezione dell'ambiente a risparmio idrico<\/h3>\n<div class=\"row\"  id=\"row-1956012875\">\n\n\t<div id=\"col-566309369\" class=\"col medium-11 small-12 large-11\"  >\n\t\t\t\t<div class=\"col-inner\"  >\n\t\t\t\n\t\t\t\n\t<div id=\"stack-2036258058\" class=\"stack stack-row justify-start items-start\">\n\t\t\n\t<div class=\"img has-hover x md-x lg-x y md-y lg-y\" id=\"image_5153243\">\n\t\t\t\t\t\t\t\t<div class=\"img-inner dark\" >\n\t\t\t<img decoding=\"async\" width=\"100\" height=\"100\" src=\"https:\/\/ecoturbino.shop\/wp-content\/uploads\/2024\/01\/impact1.svg\" class=\"attachment-original size-original\" alt=\"\" \/>\t\t\t\t\t\t\n\t\t\t\t\t<\/div>\n\t\t\t\t\t\t\t\t\n<style>\n#image_5153243 {\n  width: 100%;\n}\n<\/style>\n\t<\/div>\n\t\n\t<div class=\"img has-hover x md-x lg-x y md-y lg-y\" id=\"image_926988163\">\n\t\t<a class=\"\" href=\"\/it\/impatto-2\/\" >\t\t\t\t\t\t<div class=\"img-inner image-color dark\" >\n\t\t\t<img decoding=\"async\" width=\"100\" height=\"100\" src=\"https:\/\/ecoturbino.shop\/wp-content\/uploads\/2024\/01\/impact2.svg\" class=\"attachment-original size-original\" alt=\"\" \/>\t\t\t\t\t\t\n\t\t\t\t\t<\/div>\n\t\t\t\t\t\t<\/a>\t\t\n<style>\n#image_926988163 {\n  width: 100%;\n}\n<\/style>\n\t<\/div>\n\t\n\t<div class=\"img has-hover x md-x lg-x y md-y lg-y\" id=\"image_137351120\">\n\t\t<a class=\"\" href=\"\/it\/impatto-3\/\" >\t\t\t\t\t\t<div class=\"img-inner image-color dark\" >\n\t\t\t<img decoding=\"async\" width=\"100\" height=\"100\" src=\"https:\/\/ecoturbino.shop\/wp-content\/uploads\/2024\/01\/impact3.svg\" class=\"attachment-original size-original\" alt=\"\" \/>\t\t\t\t\t\t\n\t\t\t\t\t<\/div>\n\t\t\t\t\t\t<\/a>\t\t\n<style>\n#image_137351120 {\n  width: 100%;\n}\n<\/style>\n\t<\/div>\n\t\n\t<div class=\"img has-hover x md-x lg-x y md-y lg-y\" id=\"image_1375353687\">\n\t\t<a class=\"\" href=\"\/it\/impatto-4-2\/\" >\t\t\t\t\t\t<div class=\"img-inner image-color dark\" >\n\t\t\t<img decoding=\"async\" width=\"100\" height=\"100\" src=\"https:\/\/ecoturbino.shop\/wp-content\/uploads\/2024\/01\/impact4.svg\" class=\"attachment-original size-original\" alt=\"\" \/>\t\t\t\t\t\t\n\t\t\t\t\t<\/div>\n\t\t\t\t\t\t<\/a>\t\t\n<style>\n#image_1375353687 {\n  width: 100%;\n}\n<\/style>\n\t<\/div>\n\t\n\t<div class=\"img has-hover x md-x lg-x y md-y lg-y\" id=\"image_880957968\">\n\t\t<a class=\"\" href=\"\/it\/impatto-5\/\" >\t\t\t\t\t\t<div class=\"img-inner image-color dark\" >\n\t\t\t<img decoding=\"async\" width=\"100\" height=\"100\" src=\"https:\/\/ecoturbino.shop\/wp-content\/uploads\/2024\/01\/impact5.svg\" class=\"attachment-original size-original\" alt=\"\" \/>\t\t\t\t\t\t\n\t\t\t\t\t<\/div>\n\t\t\t\t\t\t<\/a>\t\t\n<style>\n#image_880957968 {\n  width: 100%;\n}\n<\/style>\n\t<\/div>\n\t\n\t<div class=\"img has-hover x md-x lg-x y md-y lg-y\" id=\"image_1518068542\">\n\t\t<a class=\"\" href=\"\/it\/impatto-6\/\" >\t\t\t\t\t\t<div class=\"img-inner image-color dark\" >\n\t\t\t<img decoding=\"async\" width=\"100\" height=\"100\" src=\"https:\/\/ecoturbino.shop\/wp-content\/uploads\/2024\/01\/impact6.svg\" class=\"attachment-original size-original\" alt=\"\" \/>\t\t\t\t\t\t\n\t\t\t\t\t<\/div>\n\t\t\t\t\t\t<\/a>\t\t\n<style>\n#image_1518068542 {\n  width: 100%;\n}\n<\/style>\n\t<\/div>\n\t\n\t<div class=\"img has-hover x md-x lg-x y md-y lg-y\" id=\"image_563997544\">\n\t\t<a class=\"\" href=\"\/it\/impatto-7-2\/\" >\t\t\t\t\t\t<div class=\"img-inner image-color dark\" >\n\t\t\t<img decoding=\"async\" width=\"100\" height=\"100\" src=\"https:\/\/ecoturbino.shop\/wp-content\/uploads\/2024\/01\/impact7.svg\" class=\"attachment-original size-original\" alt=\"\" \/>\t\t\t\t\t\t\n\t\t\t\t\t<\/div>\n\t\t\t\t\t\t<\/a>\t\t\n<style>\n#image_563997544 {\n  width: 100%;\n}\n<\/style>\n\t<\/div>\n\t\n\t\t\n<style>\n#stack-2036258058 > * {\n  --stack-gap: 1rem;\n}\n<\/style>\n\t<\/div>\n\t\n\t\t<\/div>\n\t\t\t\t\t<\/div>\n\n\t\n<\/div>\n\t\t<\/div>\n\t\t\t\t\t<\/div>\n\n\t\n\n\t<div id=\"col-2106897314\" class=\"col medium-3 small-12 large-3\"  >\n\t\t\t\t<div class=\"col-inner\"  >\n\t\t\t\n\t\t\t\n\t<div class=\"img has-hover x md-x lg-x y md-y lg-y\" id=\"image_1806172059\">\n\t\t\t\t\t\t\t\t<div class=\"img-inner dark\" >\n\t\t\t<img decoding=\"async\" width=\"100\" height=\"100\" src=\"https:\/\/ecoturbino.shop\/wp-content\/uploads\/2024\/01\/impact1.svg\" class=\"attachment-original size-original\" alt=\"\" \/>\t\t\t\t\t\t\n\t\t\t\t\t<\/div>\n\t\t\t\t\t\t\t\t\n<style>\n#image_1806172059 {\n  width: 100%;\n}\n<\/style>\n\t<\/div>\n\t\n\t\t<\/div>\n\t\t\t\t\t<\/div>\n\n\t\n<\/div>\n<div class=\"row\"  id=\"row-1746530215\">\n\n\t<div id=\"col-183873352\" class=\"col small-12 large-12\"  >\n\t\t\t\t<div class=\"col-inner\"  >\n\t\t\t\n\t\t\t\n<div class=\"is-divider divider clearfix\" style=\"max-width:100%;height:1px;\"><\/div>\n<h2><span style=\"font-size: 120%;\">L'esperienza della doccia come se fosse all'aria aperta<\/span><\/h2>\n<p>Per molte persone, la quotidianit\u00e0 <strong>doccia<\/strong> \u00e8 pi\u00f9 di una misura igienica necessaria. \u00c8 una <strong>momento di relax, benessere e ristoro.<\/strong><\/p>\n<p>Nel mondo frenetico di oggi, dove lo stress e le scadenze sono onnipresenti, la <strong>La doccia pu\u00f2 essere un'oasi di tranquillit\u00e0<\/strong> e ringiovanimento.<\/p>\n<p>E quando si riesce a migliorare la<strong> l'esperienza della doccia attraverso la sensazione<\/strong> come se ci si trovasse sotto un <strong>rinfrescante doccia a pioggia all'aperto o accanto a una cascata,<\/strong> quel momento diventa qualcosa di veramente speciale. Grazie a ecoturbino, questo \u00e8 ora possibile.<\/p>\n<h3>Il desiderio di natura nel bagno<\/h3>\n<p>Il <strong>la voglia di natura e di stare all'aria aperta<\/strong> \u00e8 profondamente radicata dentro di noi. Nel corso della storia, <strong>l'uomo ha cercato un legame con la natura<\/strong> e l'abbiamo integrata nella nostra vita quotidiana, sia rendendo pi\u00f9 ecologici i nostri spazi abitativi sia utilizzando materiali naturali.<\/p>\n<p>\u00c8 quindi naturale che vogliamo vivere la natura anche nel nostro bagno. L'idea di trovarsi sotto una rinfrescante doccia a pioggia, completa di <strong>suoni d'acqua all'aperto<\/strong>, mentre caldo <strong>l'acqua scorre dolcemente sui nostri corpi<\/strong>, \u00e8 molto interessante per molti di noi. Grazie a ecoturbino, questo \u00e8 ora possibile.<\/p>\n\t<div id=\"gap-1519568356\" class=\"gap-element clearfix\" style=\"display:block; height:auto;\">\n\t\t\n<style>\n#gap-1519568356 {\n  padding-top: 30px;\n}\n<\/style>\n\t<\/div>\n\t\n<div class=\"row\"  id=\"row-1765107102\">\n\n\t<div id=\"col-998461775\" class=\"col medium-4 small-12 large-4\"  >\n\t\t\t\t<div class=\"col-inner\"  >\n\t\t\t\n\t\t\t\n\t<div class=\"img has-hover radius10 x md-x lg-x y md-y lg-y\" id=\"image_619153216\">\n\t\t\t\t\t\t\t\t<div class=\"img-inner dark\" >\n\t\t\t<img decoding=\"async\" width=\"600\" height=\"600\" src=\"https:\/\/ecoturbino.shop\/wp-content\/uploads\/2024\/01\/waterfall_600.webp\" class=\"attachment-original size-original\" alt=\"Cascata\" srcset=\"https:\/\/ecoturbino.shop\/wp-content\/uploads\/2024\/01\/waterfall_600.webp 600w, https:\/\/ecoturbino.shop\/wp-content\/uploads\/2024\/01\/waterfall_600-470x470.webp 470w, https:\/\/ecoturbino.shop\/wp-content\/uploads\/2024\/01\/waterfall_600-340x340.webp 340w\" sizes=\"(max-width: 600px) 100vw, 600px\" \/>\t\t\t\t\t\t\n\t\t\t\t\t<\/div>\n\t\t\t\t\t\t\t\t\n<style>\n#image_619153216 {\n  width: 100%;\n}\n<\/style>\n\t<\/div>\n\t\n\t\t<\/div>\n\t\t\t\t\t<\/div>\n\n\t\n\n\t<div id=\"col-1923888752\" class=\"col medium-8 small-12 large-8\"  >\n\t\t\t\t<div class=\"col-inner\"  >\n\t\t\t\n\t\t\t\n<h3>Il suono dell'acqua e della pioggia: un'esperienza uditiva rilassante<\/h3>\n<p>Ma il <strong>Esperienza di doccia sonora con pioggia e acqua<\/strong> nella doccia va oltre la sensazione di pioggia calda sulla pelle. Include anche il suono rilassante della pioggia che colpisce delicatamente il corpo e poi scende a cascata. Questo dolce ticchettio ci ricorda un'esperienza rinfrescante. <strong>doccia a pioggia per esterni<\/strong> e aiuta a scrollarsi di dosso lo stress della vita quotidiana.<\/p>\n<blockquote><p>Le bolle d'aria pressurizzate integrate nel flusso d'acqua da ecoturbino si srotolano essenzialmente all'uscita degli ugelli del soffione. Questo crea una sensazione di freschezza sonora che pu\u00f2 essere paragonata a quella di una doccia a pioggia all'aperto. Un'esperienza fantastica.<\/p><\/blockquote>\n<p>Il <strong>suono di <a href=\"https:\/\/en.wikipedia.org\/wiki\/Waterfall\" target=\"_blank\" rel=\"noopener sponsored\">cascata<\/a><\/strong> pu\u00f2 avere un effetto calmante e alleviare lo stress. Crea un <strong>un'atmosfera rilassata che rende pi\u00f9 facile lasciarsi andare<\/strong> e concentrarsi sull'esperienza della doccia. Il dolce mormorio dell'acqua pu\u00f2 calmare la mente e rilassare il corpo, il che \u00e8 particolarmente confortante dopo una lunga giornata.<\/p>\n\t\t<\/div>\n\t\t\t\t\t<\/div>\n\n\t\n<\/div>\n\t<div id=\"gap-1463697079\" class=\"gap-element clearfix\" style=\"display:block; height:auto;\">\n\t\t\n<style>\n#gap-1463697079 {\n  padding-top: 30px;\n}\n<\/style>\n\t<\/div>\n\t\n<div class=\"row\"  id=\"row-1513413204\">\n\n\t<div id=\"col-480489914\" class=\"col medium-6 small-12 large-6\"  >\n\t\t\t\t<div class=\"col-inner\"  >\n\t\t\t\n\t\t\t\n<h3>La scienza dietro l'esperienza della doccia<\/h3>\n<blockquote><p>L'effetto rilassante dei suoni dell'acqua \u00e8 scientificamente provato. Alcuni studi hanno dimostrato che l'ascolto dei suoni dell'acqua pu\u00f2 ridurre i livelli di stress.<\/p><\/blockquote>\n<p>Il <strong>suono della pioggia, delle onde o dell'acqua che scorre<\/strong> attiva alcune parti del cervello associate al rilassamento e al benessere.<\/p>\n<p>Questo spiega perch\u00e9 molte persone <strong>considerare la doccia come un modo per alleviare lo stress e rilassarsi<\/strong>. Grazie a ecoturbino, questo \u00e8 ora possibile.<\/p>\n\t\t<\/div>\n\t\t\t\t\t<\/div>\n\n\t\n\n\t<div id=\"col-1299396143\" class=\"col medium-6 small-12 large-6\"  >\n\t\t\t\t<div class=\"col-inner\" style=\"background-color:#c0d63d;\" >\n\t\t\t\n\t\t\t\n\t<div id=\"text-1940880214\" class=\"text\">\n\t\t\n<h4 class=\"uppercase\">CONCLUSIONE<\/h4>\n\t\t\n<style>\n#text-1940880214 {\n  font-size: 2rem;\n  text-align: right;\n  color: rgb(255, 255, 255);\n}\n#text-1940880214 > * {\n  color: rgb(255, 255, 255);\n}\n@media (min-width:850px) {\n  #text-1940880214 {\n    font-size: 3.5rem;\n  }\n}\n<\/style>\n\t<\/div>\n\t\n<h3>Godersi l'esperienza della doccia come all'aperto<\/h3>\n<p>Vivere la doccia come se fosse un <strong>pioggia udibile<\/strong> \u00e8 pi\u00f9 di una semplice doccia. \u00c8 un modo per integrare la natura nella nostra vita quotidiana, ridurre lo stress e rilassarsi.<\/p>\n<p>Con un acquazzone e il <strong>elementi atmosferici appropriati nel <a href=\"https:\/\/maps.ecoturbino.shop\/directory-world\/categories\/hotel\/\">albergo<\/a> o il bagno di casa<\/strong>, chiunque pu\u00f2 vivere questo speciale momento di relax.<\/p>\n<p>Quindi, ogni tanto concedetevi una pausa sotto la vostra nuvoletta di pioggia e assaporate la sensazione di trovarvi sotto una calda pioggia all'aperto. Il vostro corpo e la vostra mente vi ringrazieranno.<\/p>\n\t\t<\/div>\n\t\t\t\t\n<style>\n#col-1299396143 > .col-inner {\n  padding: 10px 20px 1px 25px;\n  border-radius: 10px;\n}\n<\/style>\n\t<\/div>\n\n\t\n<\/div>\n<div class=\"video video-fit mb\" style=\"padding-top:56.25%;\"><p><iframe title=\"Cascata che scorre sulle rocce nella foresta 4k. Acqua che scorre rilassante, rumore bianco per il sonno e la meditazione.\" width=\"1020\" height=\"574\" src=\"https:\/\/www.youtube.com\/embed\/sa2JCQ1Dils?feature=oembed\" frameborder=\"0\" allow=\"accelerometer; autoplay; clipboard-write; encrypted-media; gyroscope; picture-in-picture; web-share\" referrerpolicy=\"strict-origin-when-cross-origin\" allowfullscreen><\/iframe><\/p>\n<\/div>\n\t\t<\/div>\n\t\t\t\t\t<\/div>\n\n\t\n<\/div>\n\t\t<\/div>\n\n\t\t\n<style>\n#section_865200605 {\n  padding-top: 30px;\n  padding-bottom: 30px;\n}\n<\/style>\n\t<\/section>","protected":false},"excerpt":{"rendered":"","protected":false},"author":1320,"featured_media":0,"parent":0,"menu_order":0,"comment_status":"closed","ping_status":"closed","template":"page-blank.php","meta":{"inline_featured_image":false,"footnotes":""},"class_list":["post-48890","page","type-page","status-publish","hentry"],"_links":{"self":[{"href":"https:\/\/ecoturbino.shop\/it\/wp-json\/wp\/v2\/pages\/48890","targetHints":{"allow":["GET"]}}],"collection":[{"href":"https:\/\/ecoturbino.shop\/it\/wp-json\/wp\/v2\/pages"}],"about":[{"href":"https:\/\/ecoturbino.shop\/it\/wp-json\/wp\/v2\/types\/page"}],"author":[{"embeddable":true,"href":"https:\/\/ecoturbino.shop\/it\/wp-json\/wp\/v2\/users\/1320"}],"replies":[{"embeddable":true,"href":"https:\/\/ecoturbino.shop\/it\/wp-json\/wp\/v2\/comments?post=48890"}],"version-history":[{"count":0,"href":"https:\/\/ecoturbino.shop\/it\/wp-json\/wp\/v2\/pages\/48890\/revisions"}],"wp:attachment":[{"href":"https:\/\/ecoturbino.shop\/it\/wp-json\/wp\/v2\/media?parent=48890"}],"curies":[{"name":"wp","href":"https:\/\/api.w.org\/{rel}","templated":true}]}}