{"id":48895,"date":"2024-01-23T19:21:07","date_gmt":"2024-01-23T18:21:07","guid":{"rendered":"https:\/\/en.ecoturbino.shop\/?page_id=48895"},"modified":"2024-01-23T19:21:07","modified_gmt":"2024-01-23T18:21:07","slug":"impatto-2","status":"publish","type":"page","link":"https:\/\/ecoturbino.shop\/it\/impact-2\/","title":{"rendered":"Igiene ottimizzata e visibile nelle docce | soffioni doccia"},"content":{"rendered":"<section class=\"section zindex1\" id=\"section_1920675149\">\n\t\t<div class=\"section-bg fill\" >\n\t\t\t\t\t\t\t\t\t\n\t\t\t\n\n\t\t<\/div>\n\n\t\t\n\n\t\t<div class=\"section-content relative\">\n\t\t\t\n<div class=\"row row-small\"  id=\"row-649645795\">\n\n\t<div id=\"col-716535968\" class=\"col medium-9 small-12 large-9\"  >\n\t\t\t\t<div class=\"col-inner\"  >\n\t\t\t\n\t\t\t\n<h1 class=\"uppercase\">Igiene ottimizzata e visibile IN DOCCE E BAGNO<\/h1>\n<h3 class=\"thin-font\">il secondo impatto del sistema ecoturbino\u00ae per il risparmio idrico e la tutela dell'ambiente<\/h3>\n<div class=\"row\"  id=\"row-1425868377\">\n\n\t<div id=\"col-738114940\" class=\"col medium-11 small-12 large-11\"  >\n\t\t\t\t<div class=\"col-inner\"  >\n\t\t\t\n\t\t\t\n\t<div id=\"stack-4026634945\" class=\"stack stack-row justify-start items-start\">\n\t\t\n\t<div class=\"img has-hover x md-x lg-x y md-y lg-y\" id=\"image_1338217610\">\n\t\t<a class=\"\" href=\"\/it\/impatto-1-2\/\" >\t\t\t\t\t\t<div class=\"img-inner image-color dark\" >\n\t\t\t<img decoding=\"async\" width=\"100\" height=\"100\" src=\"https:\/\/ecoturbino.shop\/wp-content\/uploads\/2024\/01\/impact1.svg\" class=\"attachment-original size-original\" alt=\"\" \/>\t\t\t\t\t\t\n\t\t\t\t\t<\/div>\n\t\t\t\t\t\t<\/a>\t\t\n<style>\n#image_1338217610 {\n  width: 100%;\n}\n<\/style>\n\t<\/div>\n\t\n\t<div class=\"img has-hover x md-x lg-x y md-y lg-y\" id=\"image_2047497839\">\n\t\t\t\t\t\t\t\t<div class=\"img-inner dark\" >\n\t\t\t<img decoding=\"async\" width=\"100\" height=\"100\" src=\"https:\/\/ecoturbino.shop\/wp-content\/uploads\/2024\/01\/impact2.svg\" class=\"attachment-original size-original\" alt=\"\" \/>\t\t\t\t\t\t\n\t\t\t\t\t<\/div>\n\t\t\t\t\t\t\t\t\n<style>\n#image_2047497839 {\n  width: 100%;\n}\n<\/style>\n\t<\/div>\n\t\n\t<div class=\"img has-hover x md-x lg-x y md-y lg-y\" id=\"image_2132648940\">\n\t\t<a class=\"\" href=\"\/it\/impatto-3\/\" >\t\t\t\t\t\t<div class=\"img-inner image-color dark\" >\n\t\t\t<img decoding=\"async\" width=\"100\" height=\"100\" src=\"https:\/\/ecoturbino.shop\/wp-content\/uploads\/2024\/01\/impact3.svg\" class=\"attachment-original size-original\" alt=\"\" \/>\t\t\t\t\t\t\n\t\t\t\t\t<\/div>\n\t\t\t\t\t\t<\/a>\t\t\n<style>\n#image_2132648940 {\n  width: 100%;\n}\n<\/style>\n\t<\/div>\n\t\n\t<div class=\"img has-hover x md-x lg-x y md-y lg-y\" id=\"image_673056004\">\n\t\t<a class=\"\" href=\"\/it\/impatto-4-2\/\" >\t\t\t\t\t\t<div class=\"img-inner image-color dark\" >\n\t\t\t<img decoding=\"async\" width=\"100\" height=\"100\" src=\"https:\/\/ecoturbino.shop\/wp-content\/uploads\/2024\/01\/impact4.svg\" class=\"attachment-original size-original\" alt=\"\" \/>\t\t\t\t\t\t\n\t\t\t\t\t<\/div>\n\t\t\t\t\t\t<\/a>\t\t\n<style>\n#image_673056004 {\n  width: 100%;\n}\n<\/style>\n\t<\/div>\n\t\n\t<div class=\"img has-hover x md-x lg-x y md-y lg-y\" id=\"image_947474140\">\n\t\t<a class=\"\" href=\"\/it\/impatto-5\/\" >\t\t\t\t\t\t<div class=\"img-inner image-color dark\" >\n\t\t\t<img decoding=\"async\" width=\"100\" height=\"100\" src=\"https:\/\/ecoturbino.shop\/wp-content\/uploads\/2024\/01\/impact5.svg\" class=\"attachment-original size-original\" alt=\"\" \/>\t\t\t\t\t\t\n\t\t\t\t\t<\/div>\n\t\t\t\t\t\t<\/a>\t\t\n<style>\n#image_947474140 {\n  width: 100%;\n}\n<\/style>\n\t<\/div>\n\t\n\t<div class=\"img has-hover x md-x lg-x y md-y lg-y\" id=\"image_243963474\">\n\t\t<a class=\"\" href=\"\/it\/impatto-6\/\" >\t\t\t\t\t\t<div class=\"img-inner image-color dark\" >\n\t\t\t<img decoding=\"async\" width=\"100\" height=\"100\" src=\"https:\/\/ecoturbino.shop\/wp-content\/uploads\/2024\/01\/impact6.svg\" class=\"attachment-original size-original\" alt=\"\" \/>\t\t\t\t\t\t\n\t\t\t\t\t<\/div>\n\t\t\t\t\t\t<\/a>\t\t\n<style>\n#image_243963474 {\n  width: 100%;\n}\n<\/style>\n\t<\/div>\n\t\n\t<div class=\"img has-hover x md-x lg-x y md-y lg-y\" id=\"image_1464124077\">\n\t\t<a class=\"\" href=\"\/it\/impatto-7-2\/\" >\t\t\t\t\t\t<div class=\"img-inner image-color dark\" >\n\t\t\t<img decoding=\"async\" width=\"100\" height=\"100\" src=\"https:\/\/ecoturbino.shop\/wp-content\/uploads\/2024\/01\/impact7.svg\" class=\"attachment-original size-original\" alt=\"\" \/>\t\t\t\t\t\t\n\t\t\t\t\t<\/div>\n\t\t\t\t\t\t<\/a>\t\t\n<style>\n#image_1464124077 {\n  width: 100%;\n}\n<\/style>\n\t<\/div>\n\t\n\t\t\n<style>\n#stack-4026634945 > * {\n  --stack-gap: 1rem;\n}\n<\/style>\n\t<\/div>\n\t\n\t\t<\/div>\n\t\t\t\t\t<\/div>\n\n\t\n<\/div>\n\t\t<\/div>\n\t\t\t\t\t<\/div>\n\n\t\n\n\t<div id=\"col-442830827\" class=\"col medium-3 small-12 large-3\"  >\n\t\t\t\t<div class=\"col-inner\"  >\n\t\t\t\n\t\t\t\n\t<div class=\"img has-hover x md-x lg-x y md-y lg-y\" id=\"image_126392139\">\n\t\t\t\t\t\t\t\t<div class=\"img-inner dark\" >\n\t\t\t<img decoding=\"async\" width=\"100\" height=\"100\" src=\"https:\/\/ecoturbino.shop\/wp-content\/uploads\/2024\/01\/impact2.svg\" class=\"attachment-original size-original\" alt=\"\" \/>\t\t\t\t\t\t\n\t\t\t\t\t<\/div>\n\t\t\t\t\t\t\t\t\n<style>\n#image_126392139 {\n  width: 100%;\n}\n<\/style>\n\t<\/div>\n\t\n\t\t<\/div>\n\t\t\t\t\t<\/div>\n\n\t\n<\/div>\n<div class=\"row\"  id=\"row-734140880\">\n\n\t<div id=\"col-1537807241\" class=\"col small-12 large-12\"  >\n\t\t\t\t<div class=\"col-inner\"  >\n\t\t\t\n\t\t\t\n<div class=\"is-divider divider clearfix\" style=\"max-width:100%;height:1px;\"><\/div>\n<h3><span style=\"font-size: 120%;\">I soffioni e i tubi flessibili puliti sono un must per le docce igieniche in hotel, case, impianti sportivi, ecc.<\/span><\/h3>\n<p>Il <strong>esperienza della doccia<\/strong> gioca un ruolo centrale nel nostro benessere, sia a casa che in hotel o in altre strutture ricettive.<\/p>\n<p>Una doccia rilassante al mattino o dopo una lunga giornata pu\u00f2 fare la differenza tra una buona e una grande giornata. Ma cosa succede se la <strong>soffioni e tubi flessibili<\/strong> che usiamo per pulirci sono loro stessi <strong>contaminato da batteri<\/strong>?<\/p>\n<p>Questo problema non solo pu\u00f2 essere <strong>antigienico<\/strong> ma anche <strong>rischi per la salute (contaminazione da legionella).<\/strong> \u00c8 qui che entra in gioco l'innovativa tecnologia dell'ecoturbino, che non solo <strong>garantire la pulizia igienica dei soffioni e dei tubi flessibili della doccia<\/strong> ma anche di minimizzare gli sforzi di pulizia, ridurre il calcare e i depositi e promuovere la salute, soprattutto in termini di rischio di legionella.<\/p>\n\t<div id=\"gap-1073635712\" class=\"gap-element clearfix\" style=\"display:block; height:auto;\">\n\t\t\n<style>\n#gap-1073635712 {\n  padding-top: 30px;\n}\n<\/style>\n\t<\/div>\n\t\n<div class=\"row\"  id=\"row-57317703\">\n\n\t<div id=\"col-759030839\" class=\"col medium-4 small-12 large-4\"  >\n\t\t\t\t<div class=\"col-inner\"  >\n\t\t\t\n\t\t\t\n\t<div class=\"img has-hover radius10 x md-x lg-x y md-y lg-y\" id=\"image_65130546\">\n\t\t\t\t\t\t\t\t<div class=\"img-inner dark\" >\n\t\t\t<img decoding=\"async\" width=\"600\" height=\"600\" src=\"https:\/\/ecoturbino.shop\/wp-content\/uploads\/2024\/01\/shower-head_600.webp\" class=\"attachment-original size-original\" alt=\"Soffione della doccia pulito\" srcset=\"https:\/\/ecoturbino.shop\/wp-content\/uploads\/2024\/01\/shower-head_600.webp 600w, https:\/\/ecoturbino.shop\/wp-content\/uploads\/2024\/01\/shower-head_600-470x470.webp 470w, https:\/\/ecoturbino.shop\/wp-content\/uploads\/2024\/01\/shower-head_600-340x340.webp 340w\" sizes=\"(max-width: 600px) 100vw, 600px\" \/>\t\t\t\t\t\t\n\t\t\t\t\t<\/div>\n\t\t\t\t\t\t\t\t\n<style>\n#image_65130546 {\n  width: 100%;\n}\n<\/style>\n\t<\/div>\n\t\n\t\t<\/div>\n\t\t\t\t\t<\/div>\n\n\t\n\n\t<div id=\"col-1615811971\" class=\"col medium-8 small-12 large-8\"  >\n\t\t\t\t<div class=\"col-inner\"  >\n\t\t\t\n\t\t\t\n<h3>Perch\u00e9 i soffioni e i tubi flessibili si contaminano con i batteri?<\/h3>\n<p>I soffioni e i tubi flessibili sono soggetti a contaminazione batterica per diversi motivi. Il motivo principale \u00e8 <strong>acqua stagnante.<\/strong> Quando l'acqua ristagna nelle tubature e nel soffione della doccia, si crea una <strong>terreno di coltura ideale per i batteri<\/strong> e altri microrganismi.<\/p>\n<p>Quando i soffioni e i tubi della doccia non vengono utilizzati, come ad esempio quando si va in vacanza, la temperatura dell'acqua nella stanza non \u00e8 pi\u00f9 cos\u00ec alta. <strong>I sistemi di riscaldamento salgono naturalmente a temperatura ambiente, aumentando la contaminazione e la crescita della legionella.<\/strong> da un multiplo - un terreno di coltura ottimale per i batteri!<\/p>\n<p>Questi batteri possono moltiplicarsi rapidamente in un ambiente caldo e umido e possono<strong> causare problemi di salute (come <a href=\"https:\/\/en.wikipedia.org\/wiki\/Pneumonia\" target=\"_blank\" rel=\"noopener sponsored\">polmonite<\/a><\/strong>). Un altro problema \u00e8 la<strong> formazione di calcare<\/strong> e altri depositi, che non solo hanno un aspetto antiestetico, ma anche <strong>influiscono sulle prestazioni del soffione<\/strong> e pu\u00f2 portare a una distribuzione dell'acqua non uniforme.<\/p>\n\t\t<\/div>\n\t\t\t\t\t<\/div>\n\n\t\n<\/div>\n<div class=\"row\"  id=\"row-839951337\">\n\n\t<div id=\"col-235264456\" class=\"col medium-6 small-12 large-6\"  >\n\t\t\t\t<div class=\"col-inner\"  >\n\t\t\t\n\t\t\t\n<h3>La soluzione per soffioni e tubi flessibili puliti: ecoturbino\u00ae<\/h3>\n<p>La tecnologia Ecoturbino offre una soluzione efficace a questi problemi. \u00c8 progettata per scaricare continuamente i soffioni e i tubi flessibili per evitare il ristagno dell'acqua. Questo comporta diversi vantaggi:<\/p>\n<ul>\n<li><strong>Igiene:<\/strong> Lo scarico continuo dei soffioni e dei tubi flessibili dopo la doccia riduce notevolmente il rischio di contaminazione batterica. Senza acqua stagnante nel soffione, batteri e microrganismi non hanno terreno di coltura.<\/li>\n<li><strong>Sforzo di pulizia:<\/strong> Il noioso compito di pulire regolarmente i soffioni e i tubi flessibili per evitare depositi e accumuli di calcare viene in gran parte eliminato. Ci\u00f2 consente di risparmiare tempo e fatica. L'impegno per la manutenzione \u00e8 notevolmente ridotto!<\/li>\n<li><strong>Calcare e depositi:<\/strong> <a href=\"https:\/\/ecoturbino.shop\/it\/acquistare\/ecoturbino-et10l-adattatore-doccia-argento\/\">Tecnologia Ecoturbino<\/a> contribuisce a ridurre il calcare e i depositi nei soffioni e nei tubi flessibili. Questo non solo migliora la durata di vita delle apparecchiature della doccia, ma garantisce anche un flusso d'acqua costante e prestazioni ottimali.<\/li>\n<li><strong>Salute:<\/strong> La riduzione del rischio di legionella \u00e8 particolarmente importante. La legionella \u00e8 un batterio che si moltiplica nell'acqua stagnante e pu\u00f2 causare gravi problemi di salute se inalato attraverso gli aerosol. Ecoturbino aiuta a minimizzare questo rischio e a proteggere la salute degli utenti.<\/li>\n<li><strong>Pulizia visiva:<\/strong> I soffioni che vengono svuotati continuamente dalla tecnologia ecoturbina rimangono sempre visivamente puliti e accattivanti. Ci\u00f2 contribuisce all'estetica complessiva del bagno.<\/li>\n<\/ul>\n\t\t<\/div>\n\t\t\t\t\t<\/div>\n\n\t\n\n\t<div id=\"col-1579065517\" class=\"col medium-6 small-12 large-6\"  >\n\t\t\t\t<div class=\"col-inner\" style=\"background-color:#c0d63d;\" >\n\t\t\t\n\t\t\t\n\t<div id=\"text-2143945874\" class=\"text\">\n\t\t\n<h4 class=\"uppercase\">CONCLUSIONE<\/h4>\n\t\t\n<style>\n#text-2143945874 {\n  font-size: 2rem;\n  text-align: right;\n  color: rgb(255, 255, 255);\n}\n#text-2143945874 > * {\n  color: rgb(255, 255, 255);\n}\n@media (min-width:850px) {\n  #text-2143945874 {\n    font-size: 3.5rem;\n  }\n}\n<\/style>\n\t<\/div>\n\t\n<h3>Igiene perfetta del bagno e non solo grazie a ecoturbino<\/h3>\n<p><strong>ecoturbino<\/strong> non solo fornisce <strong>soffioni igienicamente puliti<\/strong> e tubi, ma contribuisce anche all'igiene generale del bagno. Riducendo il ristagno dell'acqua e i problemi batterici associati, si migliora l'igiene generale del bagno.<\/p>\n<p>Questo \u00e8 particolarmente importante in strutture come <strong>alberghi, case di cura, <a href=\"https:\/\/maps.ecoturbino.shop\/directory-world\/categories\/medical\/\" target=\"_blank\" rel=\"noopener\">cliniche<\/a>, e pensioni<\/strong>, cos\u00ec come le attivit\u00e0 stagionali e le strutture sportive, dove la sicurezza e il comfort degli ospiti e dei pazienti sono le priorit\u00e0 assolute.<\/p>\n<p>Nel complesso, ecoturbino \u00e8 un<strong> soluzione innovativa a un problema spesso trascurato<\/strong> problema. Soffioni e tubi flessibili puliti non sono solo <strong>esteticamente gradevole<\/strong> ma anche essenziale per la salute e il benessere degli utenti.<\/p>\n<p>Con ecoturbino, \u00e8 possibile elevare la<strong> esperienza di doccia in hotel, case<\/strong>, e altre strutture ricettive a un nuovo livello, mentre<strong> ottimizzare l'igiene del bagno.<\/strong><\/p>\n\t\t<\/div>\n\t\t\t\t\n<style>\n#col-1579065517 > .col-inner {\n  padding: 10px 20px 1px 25px;\n  border-radius: 10px;\n}\n<\/style>\n\t<\/div>\n\n\t\n<\/div>\n<div class=\"video video-fit mb\" style=\"padding-top:56.25%;\"><p><iframe title=\"Il modo pi\u00f9 semplice per pulire il soffione della doccia\ud83d\udca5 (RISULTATO INCREDIBILE)!!!\" width=\"1020\" height=\"574\" src=\"https:\/\/www.youtube.com\/embed\/J7uwCSF8Ym0?feature=oembed\" frameborder=\"0\" allow=\"accelerometer; autoplay; clipboard-write; encrypted-media; gyroscope; picture-in-picture; web-share\" referrerpolicy=\"strict-origin-when-cross-origin\" allowfullscreen><\/iframe><\/p>\n<\/div>\n\t\t<\/div>\n\t\t\t\t\t<\/div>\n\n\t\n<\/div>\n\t\t<\/div>\n\n\t\t\n<style>\n#section_1920675149 {\n  padding-top: 30px;\n  padding-bottom: 30px;\n}\n<\/style>\n\t<\/section>","protected":false},"excerpt":{"rendered":"","protected":false},"author":1320,"featured_media":0,"parent":0,"menu_order":0,"comment_status":"closed","ping_status":"closed","template":"page-blank.php","meta":{"inline_featured_image":false,"footnotes":""},"class_list":["post-48895","page","type-page","status-publish","hentry"],"_links":{"self":[{"href":"https:\/\/ecoturbino.shop\/it\/wp-json\/wp\/v2\/pages\/48895","targetHints":{"allow":["GET"]}}],"collection":[{"href":"https:\/\/ecoturbino.shop\/it\/wp-json\/wp\/v2\/pages"}],"about":[{"href":"https:\/\/ecoturbino.shop\/it\/wp-json\/wp\/v2\/types\/page"}],"author":[{"embeddable":true,"href":"https:\/\/ecoturbino.shop\/it\/wp-json\/wp\/v2\/users\/1320"}],"replies":[{"embeddable":true,"href":"https:\/\/ecoturbino.shop\/it\/wp-json\/wp\/v2\/comments?post=48895"}],"version-history":[{"count":0,"href":"https:\/\/ecoturbino.shop\/it\/wp-json\/wp\/v2\/pages\/48895\/revisions"}],"wp:attachment":[{"href":"https:\/\/ecoturbino.shop\/it\/wp-json\/wp\/v2\/media?parent=48895"}],"curies":[{"name":"wp","href":"https:\/\/api.w.org\/{rel}","templated":true}]}}