{"id":48899,"date":"2024-01-23T19:21:04","date_gmt":"2024-01-23T18:21:04","guid":{"rendered":"https:\/\/en.ecoturbino.shop\/?page_id=48899"},"modified":"2026-01-02T10:52:49","modified_gmt":"2026-01-02T09:52:49","slug":"impatto-3","status":"publish","type":"page","link":"https:\/\/ecoturbino.shop\/it\/impact-3\/","title":{"rendered":"Acqua calda sufficiente per tutte le docce contemporaneamente"},"content":{"rendered":"<section class=\"section zindex1\" id=\"section_258124019\">\n\t\t<div class=\"section-bg fill\" >\n\t\t\t\t\t\t\t\t\t\n\t\t\t\n\n\t\t<\/div>\n\n\t\t\n\n\t\t<div class=\"section-content relative\">\n\t\t\t\n<div class=\"row row-small\"  id=\"row-188491091\">\n\n\t<div id=\"col-813977784\" class=\"col medium-9 small-12 large-9\"  >\n\t\t\t\t<div class=\"col-inner\"  >\n\t\t\t\n\t\t\t\n<h1 class=\"uppercase\">Fornitura di acqua calda sufficiente per tutte le docce<\/h1>\n<h3 class=\"thin-font\">il terzo impatto del sistema ecoturbino\u00ae per il risparmio idrico e la tutela dell'ambiente<\/h3>\n<div class=\"row\"  id=\"row-1420224866\">\n\n\t<div id=\"col-885602857\" class=\"col medium-11 small-12 large-11\"  >\n\t\t\t\t<div class=\"col-inner\"  >\n\t\t\t\n\t\t\t\n\t<div id=\"stack-71039510\" class=\"stack stack-row justify-start items-start\">\n\t\t\n\t<div class=\"img has-hover x md-x lg-x y md-y lg-y\" id=\"image_254815365\">\n\t\t<a class=\"\" href=\"\/it\/impatto-1-2\/\" >\t\t\t\t\t\t<div class=\"img-inner image-color dark\" >\n\t\t\t<img decoding=\"async\" width=\"100\" height=\"100\" src=\"https:\/\/ecoturbino.shop\/wp-content\/uploads\/2024\/01\/impact1.svg\" class=\"attachment-original size-original\" alt=\"\" \/>\t\t\t\t\t\t\n\t\t\t\t\t<\/div>\n\t\t\t\t\t\t<\/a>\t\t\n<style>\n#image_254815365 {\n  width: 100%;\n}\n<\/style>\n\t<\/div>\n\t\n\t<div class=\"img has-hover x md-x lg-x y md-y lg-y\" id=\"image_662391186\">\n\t\t<a class=\"\" href=\"\/it\/impatto-2\/\" >\t\t\t\t\t\t<div class=\"img-inner image-color dark\" >\n\t\t\t<img decoding=\"async\" width=\"100\" height=\"100\" src=\"https:\/\/ecoturbino.shop\/wp-content\/uploads\/2024\/01\/impact2.svg\" class=\"attachment-original size-original\" alt=\"\" \/>\t\t\t\t\t\t\n\t\t\t\t\t<\/div>\n\t\t\t\t\t\t<\/a>\t\t\n<style>\n#image_662391186 {\n  width: 100%;\n}\n<\/style>\n\t<\/div>\n\t\n\t<div class=\"img has-hover x md-x lg-x y md-y lg-y\" id=\"image_1878586283\">\n\t\t\t\t\t\t\t\t<div class=\"img-inner dark\" >\n\t\t\t<img decoding=\"async\" width=\"100\" height=\"100\" src=\"https:\/\/ecoturbino.shop\/wp-content\/uploads\/2024\/01\/impact3.svg\" class=\"attachment-original size-original\" alt=\"\" \/>\t\t\t\t\t\t\n\t\t\t\t\t<\/div>\n\t\t\t\t\t\t\t\t\n<style>\n#image_1878586283 {\n  width: 100%;\n}\n<\/style>\n\t<\/div>\n\t\n\t<div class=\"img has-hover x md-x lg-x y md-y lg-y\" id=\"image_1592949006\">\n\t\t<a class=\"\" href=\"\/it\/impatto-4-2\/\" >\t\t\t\t\t\t<div class=\"img-inner image-color dark\" >\n\t\t\t<img decoding=\"async\" width=\"100\" height=\"100\" src=\"https:\/\/ecoturbino.shop\/wp-content\/uploads\/2024\/01\/impact4.svg\" class=\"attachment-original size-original\" alt=\"\" \/>\t\t\t\t\t\t\n\t\t\t\t\t<\/div>\n\t\t\t\t\t\t<\/a>\t\t\n<style>\n#image_1592949006 {\n  width: 100%;\n}\n<\/style>\n\t<\/div>\n\t\n\t<div class=\"img has-hover x md-x lg-x y md-y lg-y\" id=\"image_15832868\">\n\t\t<a class=\"\" href=\"\/it\/impatto-5\/\" >\t\t\t\t\t\t<div class=\"img-inner image-color dark\" >\n\t\t\t<img decoding=\"async\" width=\"100\" height=\"100\" src=\"https:\/\/ecoturbino.shop\/wp-content\/uploads\/2024\/01\/impact5.svg\" class=\"attachment-original size-original\" alt=\"\" \/>\t\t\t\t\t\t\n\t\t\t\t\t<\/div>\n\t\t\t\t\t\t<\/a>\t\t\n<style>\n#image_15832868 {\n  width: 100%;\n}\n<\/style>\n\t<\/div>\n\t\n\t<div class=\"img has-hover x md-x lg-x y md-y lg-y\" id=\"image_1781247853\">\n\t\t<a class=\"\" href=\"\/it\/impatto-6\/\" >\t\t\t\t\t\t<div class=\"img-inner image-color dark\" >\n\t\t\t<img decoding=\"async\" width=\"100\" height=\"100\" src=\"https:\/\/ecoturbino.shop\/wp-content\/uploads\/2024\/01\/impact6.svg\" class=\"attachment-original size-original\" alt=\"\" \/>\t\t\t\t\t\t\n\t\t\t\t\t<\/div>\n\t\t\t\t\t\t<\/a>\t\t\n<style>\n#image_1781247853 {\n  width: 100%;\n}\n<\/style>\n\t<\/div>\n\t\n\t<div class=\"img has-hover x md-x lg-x y md-y lg-y\" id=\"image_643297995\">\n\t\t<a class=\"\" href=\"\/it\/impatto-7-2\/\" >\t\t\t\t\t\t<div class=\"img-inner image-color dark\" >\n\t\t\t<img decoding=\"async\" width=\"100\" height=\"100\" src=\"https:\/\/ecoturbino.shop\/wp-content\/uploads\/2024\/01\/impact7.svg\" class=\"attachment-original size-original\" alt=\"\" \/>\t\t\t\t\t\t\n\t\t\t\t\t<\/div>\n\t\t\t\t\t\t<\/a>\t\t\n<style>\n#image_643297995 {\n  width: 100%;\n}\n<\/style>\n\t<\/div>\n\t\n\t\t\n<style>\n#stack-71039510 > * {\n  --stack-gap: 1rem;\n}\n<\/style>\n\t<\/div>\n\t\n\t\t<\/div>\n\t\t\t\t\t<\/div>\n\n\t\n<\/div>\n\t\t<\/div>\n\t\t\t\t\t<\/div>\n\n\t\n\n\t<div id=\"col-559666582\" class=\"col medium-3 small-12 large-3\"  >\n\t\t\t\t<div class=\"col-inner\"  >\n\t\t\t\n\t\t\t\n\t<div class=\"img has-hover x md-x lg-x y md-y lg-y\" id=\"image_1083191966\">\n\t\t\t\t\t\t\t\t<div class=\"img-inner dark\" >\n\t\t\t<img decoding=\"async\" width=\"100\" height=\"100\" src=\"https:\/\/ecoturbino.shop\/wp-content\/uploads\/2024\/01\/impact3.svg\" class=\"attachment-original size-original\" alt=\"\" \/>\t\t\t\t\t\t\n\t\t\t\t\t<\/div>\n\t\t\t\t\t\t\t\t\n<style>\n#image_1083191966 {\n  width: 100%;\n}\n<\/style>\n\t<\/div>\n\t\n\t\t<\/div>\n\t\t\t\t\t<\/div>\n\n\t\n<\/div>\n<div class=\"row\"  id=\"row-1347995627\">\n\n\t<div id=\"col-486798194\" class=\"col small-12 large-12\"  >\n\t\t\t\t<div class=\"col-inner\"  >\n\t\t\t\n\t\t\t\n<div class=\"is-divider divider clearfix\" style=\"max-width:100%;height:1px;\"><\/div>\n<h3><span style=\"font-size: 120%;\">Piccole caldaie e fornitura di acqua calda per tutti | Problema e soluzione con l'ecoturbino<\/span><\/h3>\n<p>La questione di <strong>l'alimentazione dell'acqua calda \u00e8 spesso trascurata<\/strong> ma rimane un elemento cruciale per il comfort e la qualit\u00e0 della vita in molti paesi. <strong>famiglie, <a href=\"https:\/\/maps.ecoturbino.shop\/directory-world\/categories\/sports-center\/\" target=\"_blank\" rel=\"noopener\">palestre<\/a>, dormitori per studenti,<\/strong> e altre strutture comuni.<\/p>\n<p>Soprattutto in situazioni in cui <strong>piccole caldaie o pompe di calore sono l'unica fonte di acqua calda,<\/strong> La carenza di acqua pu\u00f2 verificarsi quando tutti vogliono fare la doccia nello stesso momento. Questo problema riguarda soprattutto le famiglie nelle case unifamiliari, nelle palestre e nelle strutture comunali.<\/p>\n<p>Questo \u00e8 il punto in cui il <strong>entra in gioco la tecnologia innovativa di ecoturbino<\/strong>, non solo <strong>riducendo il consumo di acqua durante le docce di ben il 40%.<\/strong> ma anche, in generale, garantire un'adeguata fornitura di acqua calda per tutti e offrire numerosi vantaggi.<\/p>\n<blockquote>\n<p>La durata della disponibilit\u00e0 di acqua calda per le docce \u00e8 prolungata da 40%.<\/p>\n<\/blockquote>\n\t<div id=\"gap-45764954\" class=\"gap-element clearfix\" style=\"display:block; height:auto;\">\n\t\t\n<style>\n#gap-45764954 {\n  padding-top: 30px;\n}\n<\/style>\n\t<\/div>\n\t\n<div class=\"row\"  id=\"row-1570779995\">\n\n\t<div id=\"col-446434384\" class=\"col medium-4 small-12 large-4\"  >\n\t\t\t\t<div class=\"col-inner\"  >\n\t\t\t\n\t\t\t\n\t<div class=\"img has-hover radius10 x md-x lg-x y md-y lg-y\" id=\"image_292523560\">\n\t\t\t\t\t\t\t\t<div class=\"img-inner dark\" >\n\t\t\t<img decoding=\"async\" width=\"600\" height=\"600\" src=\"https:\/\/ecoturbino.shop\/wp-content\/uploads\/2024\/01\/setting-temp_600-1.webp\" class=\"attachment-original size-original\" alt=\"Impostazione della temperatura dell&#039;acqua\" srcset=\"https:\/\/ecoturbino.shop\/wp-content\/uploads\/2024\/01\/setting-temp_600-1.webp 600w, https:\/\/ecoturbino.shop\/wp-content\/uploads\/2024\/01\/setting-temp_600-1-470x470.webp 470w, https:\/\/ecoturbino.shop\/wp-content\/uploads\/2024\/01\/setting-temp_600-1-340x340.webp 340w\" sizes=\"(max-width: 600px) 100vw, 600px\" \/>\t\t\t\t\t\t\n\t\t\t\t\t<\/div>\n\t\t\t\t\t\t\t\t\n<style>\n#image_292523560 {\n  width: 100%;\n}\n<\/style>\n\t<\/div>\n\t\n\t\t<\/div>\n\t\t\t\t\t<\/div>\n\n\t\n\n\t<div id=\"col-164185673\" class=\"col medium-8 small-12 large-8\"  >\n\t\t\t\t<div class=\"col-inner\"  >\n\t\t\t\n\t\t\t\n<h3>Il problema delle piccole caldaie e <a href=\"https:\/\/en.wikipedia.org\/wiki\/Heat_pump\" target=\"_blank\" rel=\"noopener sponsored\">Pompe di calore<\/a><\/h3>\n<p>In molte case residenziali e strutture comuni, <strong>i sistemi di alimentazione dell'acqua calda sono spesso sottodimensionati<\/strong> a causa di risorse limitate o di vincoli di spazio.<\/p>\n<p>Le caldaie o le pompe di calore di piccole dimensioni possono presentare delle difficolt\u00e0, <strong>soprattutto quando molte persone vogliono fare la doccia contemporaneamente.<\/strong> Questo porta spesso a situazioni spiacevoli in cui l'acqua calda scarseggia o addirittura si esaurisce del tutto.<\/p>\n<p>I membri della famiglia devono affrettarsi a fare la doccia o aspettare di avere pi\u00f9 acqua calda, <strong>I clienti delle palestre si sentono frustrati,<\/strong> e il comfort generale \u00e8 significativamente compromesso.<\/p>\n\t\t<\/div>\n\t\t\t\t\t<\/div>\n\n\t\n<\/div>\n\t<div id=\"gap-1837949682\" class=\"gap-element clearfix\" style=\"display:block; height:auto;\">\n\t\t\n<style>\n#gap-1837949682 {\n  padding-top: 30px;\n}\n<\/style>\n\t<\/div>\n\t\n<div class=\"row\"  id=\"row-1292713052\">\n\n\t<div id=\"col-1215115497\" class=\"col medium-6 small-12 large-6\"  >\n\t\t\t\t<div class=\"col-inner\" style=\"background-color:rgb(255,255,255);\" >\n\t\t\t\n\t\t\t\n<h3>La soluzione \u201cAcqua calda adeguata per tutti\u201d = ecoturbino<\/h3>\n<p>La tecnologia ecoturbino offre un<strong> soluzione efficace a questo problema diffuso<\/strong>. \u00c8 progettato per <strong>ridurre drasticamente il consumo di acqua durante le docce<\/strong> senza compromettere il comfort della doccia. Ecco alcuni dei vantaggi che ecoturbino offre a tutti:<\/p>\n<ul>\n<li><strong>Ridotto (HOT) - Consumo di acqua:<\/strong> ecoturbino \u00e8 in grado di ridurre il consumo di acqua di ben il 40%. Ci\u00f2 significa che \u00e8 necessario riscaldare meno acqua per fornire acqua calda per la doccia o che la quantit\u00e0 esistente \u00e8 sufficiente per molte pi\u00f9 sessioni di doccia. Ci\u00f2 comporta un notevole risparmio di energia e di risorse idriche.<\/li>\n<\/ul>\n<blockquote>\n<p>Acqua calda sufficiente per tutti: riducendo il consumo d'acqua, ecoturbino garantisce acqua calda sufficiente per tutti, anche quando pi\u00f9 persone vogliono fare la doccia contemporaneamente. Il problema della capacit\u00e0 limitata delle piccole caldaie o delle pompe di calore \u00e8 efficacemente risolto.<\/p>\n<\/blockquote>\n<ul>\n<li><strong>Ripagamento rapido:<\/strong> L'installazione di ecoturbino \u00e8 semplice e conveniente. Il risparmio sui costi energetici e idrici rende l'investimento redditizio in breve tempo. Per le famiglie, le palestre e altre strutture, ecoturbino si ripaga rapidamente.<\/li>\n<li><strong>Rispettoso dell'ambiente:<\/strong> Riducendo il consumo di acqua, ecoturbino contribuisce alla conservazione delle risorse idriche e alla riduzione delle emissioni di CO2. Questo non \u00e8 solo un vantaggio per il vostro portafoglio, ma anche per l'ambiente.<\/li>\n<li><strong>Comfort della doccia migliorato:<\/strong> Nonostante la riduzione del consumo di acqua, <strong>ecoturbino continua a fornire un'esperienza di doccia immutata, piacevole e rilassante<\/strong>. La tecnologia garantisce che il flusso d'acqua rimanga forte e piacevole senza essere dispendioso (principio di aumento della pressione senza energia esterna).<\/li>\n<\/ul>\n\t\t<\/div>\n\t\t\t\t\n<style>\n#col-1215115497 > .col-inner {\n  padding: 0px 0px 1px 0px;\n  border-radius: 10px;\n}\n<\/style>\n\t<\/div>\n\n\t\n\n\t<div id=\"col-391559433\" class=\"col medium-6 small-12 large-6\"  >\n\t\t\t\t<div class=\"col-inner\" style=\"background-color:#c0d63d;\" >\n\t\t\t\n\t\t\t\n\t<div id=\"text-890291276\" class=\"text\">\n\t\t\n<h4 class=\"uppercase\">CONCLUSIONE<\/h4>\n\t\t\n<style>\n#text-890291276 {\n  font-size: 2rem;\n  text-align: right;\n  color: rgb(255,255,255);\n}\n#text-890291276 > * {\n  color: rgb(255,255,255);\n}\n@media (min-width:850px) {\n  #text-890291276 {\n    font-size: 3.5rem;\n  }\n}\n<\/style>\n\t<\/div>\n\t\n<h3>Vantaggi per tutti grazie al sistema ecoturbino<\/h3>\n<p>La tecnologia ecoturbino \u00e8 un <strong>soluzione vantaggiosa per tutti<\/strong> che si occupano di risorse di acqua calda limitate. Esso <strong>riduce il consumo d'acqua e garantisce un'adeguata quantit\u00e0 di acqua calda per tutti,<\/strong> e offre numerosi vantaggi in termini di risparmio economico, rispetto dell'ambiente e comfort della doccia.<\/p>\n<blockquote>\n<p>Che si tratti di case familiari, palestre o altre strutture comuni, ecoturbino garantisce una fornitura di acqua calda efficiente e soddisfacente per tutti.<\/p>\n<\/blockquote>\n<p>Se un <strong>Lo scarico esistente \u00e8 troppo piccolo,<\/strong> ecoturbino pu\u00f2 aiutare anche a risolvere questo problema. Invece di allagare, l'utilizzo dei nostri prodotti \u00e8 <strong>spesso sufficiente a prevenire un traboccamento,<\/strong> in modo da richiedere solo 60% della capacit\u00e0 di scarico - spesso \u00e8 possibile evitare il traboccamento.<\/p>\n\t\t<\/div>\n\t\t\t\t\n<style>\n#col-391559433 > .col-inner {\n  padding: 10px 20px 1px 25px;\n  border-radius: 10px;\n}\n<\/style>\n\t<\/div>\n\n\t\n<\/div>\n\t\t<\/div>\n\t\t\t\t\n<style>\n#col-486798194 > .col-inner {\n  margin: 0px 0px -200px 0px;\n}\n<\/style>\n\t<\/div>\n\n\t\n<\/div>\n\t\t<\/div>\n\n\t\t\n<style>\n#section_258124019 {\n  padding-top: 30px;\n  padding-bottom: 30px;\n}\n<\/style>\n\t<\/section>\n\t\n\n\t<section class=\"section hide-for-small\" id=\"section_926418107\">\n\t\t<div class=\"section-bg fill\" >\n\t\t\t<img decoding=\"async\" width=\"1920\" height=\"683\" src=\"https:\/\/ecoturbino.shop\/wp-content\/uploads\/2025\/12\/ecoturbino-function_1920.webp\" class=\"bg attachment- size-\" alt=\"funzione ecoturbino\" \/>\t\t\t\t\t\t<div class=\"section-bg-overlay absolute fill\"><\/div>\n\t\t\t\n\n\t\t<\/div>\n\n\t\t\t<div class=\"ux-shape-divider ux-shape-divider--top ux-shape-divider--style-waves-opacity\">\n\t\t<svg viewbox=\"0 0 1000 300\" xmlns=\"http:\/\/www.w3.org\/2000\/svg\" preserveaspectratio=\"none\">\n    <path class=\"ux-shape-fill\" d=\"M0 300L-1 69.71C216 57 299.47 198.86 403 226C506 253 577 196 660 197C740 198 790.09 234.07 874 267C935.23 291 982 282.61 1000 277.61V300H0Z\"\/>\n    <path class=\"ux-shape-fill\" opacity=\"0.5\" d=\"M1 265.094L0 50.5C217 37.79 300.47 186.36 404 213.5C507 240.5 578 196.5 661 197.5C741 198.5 787.59 239.57 871.5 272.5C932.73 296.5 980.5 284.5 998.5 279.5V298.5L1 265.094Z\"\/>\n    <path class=\"ux-shape-fill\" opacity=\"0.15\" d=\"M0.999878 244.094L-0.00012207 27C217 14.29 300.47 173.86 404 201C507 228 578 196 661 197C741 198 787.59 243.07 871.5 276C932.73 300 980.5 284.5 998.5 279.5V299L0.999878 244.094Z\"\/>\n<\/svg>\n\n\t<\/div>\n\n\n\t\t<div class=\"section-content relative\">\n\t\t\t\n\t\t<\/div>\n\n\t\t\n<style>\n#section_926418107 {\n  padding-top: 220px;\n  padding-bottom: 220px;\n}\n#section_926418107 .section-bg-overlay {\n  background-color: rgba(0, 0, 0, 0.25);\n}\n#section_926418107 .ux-shape-divider--top svg {\n  height: 80px;\n  --divider-top-width: 100%;\n}\n@media (min-width:550px) {\n  #section_926418107 .ux-shape-divider--top svg {\n    height: 124px;\n  }\n}\n<\/style>\n\t<\/section>","protected":false},"excerpt":{"rendered":"","protected":false},"author":1320,"featured_media":0,"parent":0,"menu_order":0,"comment_status":"closed","ping_status":"closed","template":"page-blank.php","meta":{"inline_featured_image":false,"footnotes":""},"class_list":["post-48899","page","type-page","status-publish","hentry"],"_links":{"self":[{"href":"https:\/\/ecoturbino.shop\/it\/wp-json\/wp\/v2\/pages\/48899","targetHints":{"allow":["GET"]}}],"collection":[{"href":"https:\/\/ecoturbino.shop\/it\/wp-json\/wp\/v2\/pages"}],"about":[{"href":"https:\/\/ecoturbino.shop\/it\/wp-json\/wp\/v2\/types\/page"}],"author":[{"embeddable":true,"href":"https:\/\/ecoturbino.shop\/it\/wp-json\/wp\/v2\/users\/1320"}],"replies":[{"embeddable":true,"href":"https:\/\/ecoturbino.shop\/it\/wp-json\/wp\/v2\/comments?post=48899"}],"version-history":[{"count":0,"href":"https:\/\/ecoturbino.shop\/it\/wp-json\/wp\/v2\/pages\/48899\/revisions"}],"wp:attachment":[{"href":"https:\/\/ecoturbino.shop\/it\/wp-json\/wp\/v2\/media?parent=48899"}],"curies":[{"name":"wp","href":"https:\/\/api.w.org\/{rel}","templated":true}]}}