{"id":48920,"date":"2024-01-23T19:20:20","date_gmt":"2024-01-23T18:20:20","guid":{"rendered":"https:\/\/en.ecoturbino.shop\/?page_id=48920"},"modified":"2026-01-02T10:53:36","modified_gmt":"2026-01-02T09:53:36","slug":"impatto-7-2","status":"publish","type":"page","link":"https:\/\/ecoturbino.shop\/it\/impact-7\/","title":{"rendered":"Acqua turbolenta - rivitalizza l'acqua"},"content":{"rendered":"<section class=\"section zindex1\" id=\"section_1422509122\">\n\t\t<div class=\"section-bg fill\" >\n\t\t\t\t\t\t\t\t\t\n\t\t\t\n\n\t\t<\/div>\n\n\t\t\n\n\t\t<div class=\"section-content relative\">\n\t\t\t\n<div class=\"row row-small\"  id=\"row-1239094814\">\n\n\t<div id=\"col-728622683\" class=\"col medium-9 small-12 large-9\"  >\n\t\t\t\t<div class=\"col-inner\"  >\n\t\t\t\n\t\t\t\n<h1 class=\"uppercase\">Acqua turbolenta - Energizza l'acqua<\/h1>\n<h3 class=\"thin-font\">il settimo impatto del sistema ecoturbino\u00ae per il risparmio idrico e la tutela dell'ambiente<\/h3>\n<div class=\"row\"  id=\"row-786053529\">\n\n\t<div id=\"col-1343055469\" class=\"col medium-11 small-12 large-11\"  >\n\t\t\t\t<div class=\"col-inner\"  >\n\t\t\t\n\t\t\t\n\t<div id=\"stack-1260059864\" class=\"stack stack-row justify-start items-start\">\n\t\t\n\t<div class=\"img has-hover x md-x lg-x y md-y lg-y\" id=\"image_242174677\">\n\t\t<a class=\"\" href=\"\/it\/impatto-1-2\/\" >\t\t\t\t\t\t<div class=\"img-inner image-color dark\" >\n\t\t\t<img decoding=\"async\" width=\"100\" height=\"100\" src=\"https:\/\/ecoturbino.shop\/wp-content\/uploads\/2024\/01\/impact1.svg\" class=\"attachment-original size-original\" alt=\"\" \/>\t\t\t\t\t\t\n\t\t\t\t\t<\/div>\n\t\t\t\t\t\t<\/a>\t\t\n<style>\n#image_242174677 {\n  width: 100%;\n}\n<\/style>\n\t<\/div>\n\t\n\t<div class=\"img has-hover x md-x lg-x y md-y lg-y\" id=\"image_279952224\">\n\t\t<a class=\"\" href=\"\/it\/impatto-2\/\" >\t\t\t\t\t\t<div class=\"img-inner image-color dark\" >\n\t\t\t<img decoding=\"async\" width=\"100\" height=\"100\" src=\"https:\/\/ecoturbino.shop\/wp-content\/uploads\/2024\/01\/impact2.svg\" class=\"attachment-original size-original\" alt=\"\" \/>\t\t\t\t\t\t\n\t\t\t\t\t<\/div>\n\t\t\t\t\t\t<\/a>\t\t\n<style>\n#image_279952224 {\n  width: 100%;\n}\n<\/style>\n\t<\/div>\n\t\n\t<div class=\"img has-hover x md-x lg-x y md-y lg-y\" id=\"image_412351021\">\n\t\t<a class=\"\" href=\"\/it\/impatto-3\/\" >\t\t\t\t\t\t<div class=\"img-inner image-color dark\" >\n\t\t\t<img decoding=\"async\" width=\"100\" height=\"100\" src=\"https:\/\/ecoturbino.shop\/wp-content\/uploads\/2024\/01\/impact3.svg\" class=\"attachment-original size-original\" alt=\"\" \/>\t\t\t\t\t\t\n\t\t\t\t\t<\/div>\n\t\t\t\t\t\t<\/a>\t\t\n<style>\n#image_412351021 {\n  width: 100%;\n}\n<\/style>\n\t<\/div>\n\t\n\t<div class=\"img has-hover x md-x lg-x y md-y lg-y\" id=\"image_1080621165\">\n\t\t<a class=\"\" href=\"\/it\/impatto-4-2\/\" >\t\t\t\t\t\t<div class=\"img-inner image-color dark\" >\n\t\t\t<img decoding=\"async\" width=\"100\" height=\"100\" src=\"https:\/\/ecoturbino.shop\/wp-content\/uploads\/2024\/01\/impact4.svg\" class=\"attachment-original size-original\" alt=\"\" \/>\t\t\t\t\t\t\n\t\t\t\t\t<\/div>\n\t\t\t\t\t\t<\/a>\t\t\n<style>\n#image_1080621165 {\n  width: 100%;\n}\n<\/style>\n\t<\/div>\n\t\n\t<div class=\"img has-hover x md-x lg-x y md-y lg-y\" id=\"image_1797018070\">\n\t\t<a class=\"\" href=\"\/it\/impatto-5\/\" >\t\t\t\t\t\t<div class=\"img-inner image-color dark\" >\n\t\t\t<img decoding=\"async\" width=\"100\" height=\"100\" src=\"https:\/\/ecoturbino.shop\/wp-content\/uploads\/2024\/01\/impact5.svg\" class=\"attachment-original size-original\" alt=\"\" \/>\t\t\t\t\t\t\n\t\t\t\t\t<\/div>\n\t\t\t\t\t\t<\/a>\t\t\n<style>\n#image_1797018070 {\n  width: 100%;\n}\n<\/style>\n\t<\/div>\n\t\n\t<div class=\"img has-hover x md-x lg-x y md-y lg-y\" id=\"image_165019756\">\n\t\t<a class=\"\" href=\"\/it\/impatto-6\/\" >\t\t\t\t\t\t<div class=\"img-inner image-color dark\" >\n\t\t\t<img decoding=\"async\" width=\"100\" height=\"100\" src=\"https:\/\/ecoturbino.shop\/wp-content\/uploads\/2024\/01\/impact6.svg\" class=\"attachment-original size-original\" alt=\"\" \/>\t\t\t\t\t\t\n\t\t\t\t\t<\/div>\n\t\t\t\t\t\t<\/a>\t\t\n<style>\n#image_165019756 {\n  width: 100%;\n}\n<\/style>\n\t<\/div>\n\t\n\t<div class=\"img has-hover x md-x lg-x y md-y lg-y\" id=\"image_45814356\">\n\t\t\t\t\t\t\t\t<div class=\"img-inner dark\" >\n\t\t\t<img decoding=\"async\" width=\"100\" height=\"100\" src=\"https:\/\/ecoturbino.shop\/wp-content\/uploads\/2024\/01\/impact7.svg\" class=\"attachment-original size-original\" alt=\"\" \/>\t\t\t\t\t\t\n\t\t\t\t\t<\/div>\n\t\t\t\t\t\t\t\t\n<style>\n#image_45814356 {\n  width: 100%;\n}\n<\/style>\n\t<\/div>\n\t\n\t\t\n<style>\n#stack-1260059864 > * {\n  --stack-gap: 1rem;\n}\n<\/style>\n\t<\/div>\n\t\n\t\t<\/div>\n\t\t\t\t\t<\/div>\n\n\t\n<\/div>\n\t\t<\/div>\n\t\t\t\t\t<\/div>\n\n\t\n\n\t<div id=\"col-563661917\" class=\"col medium-3 small-12 large-3\"  >\n\t\t\t\t<div class=\"col-inner\"  >\n\t\t\t\n\t\t\t\n\t<div class=\"img has-hover x md-x lg-x y md-y lg-y\" id=\"image_1156676762\">\n\t\t\t\t\t\t\t\t<div class=\"img-inner dark\" >\n\t\t\t<img decoding=\"async\" width=\"100\" height=\"100\" src=\"https:\/\/ecoturbino.shop\/wp-content\/uploads\/2024\/01\/impact7.svg\" class=\"attachment-original size-original\" alt=\"\" \/>\t\t\t\t\t\t\n\t\t\t\t\t<\/div>\n\t\t\t\t\t\t\t\t\n<style>\n#image_1156676762 {\n  width: 100%;\n}\n<\/style>\n\t<\/div>\n\t\n\t\t<\/div>\n\t\t\t\t\t<\/div>\n\n\t\n<\/div>\n<div class=\"row\"  id=\"row-1878800631\">\n\n\t<div id=\"col-1700016471\" class=\"col small-12 large-12\"  >\n\t\t\t\t<div class=\"col-inner\"  >\n\t\t\t\n\t\t\t\n<div class=\"is-divider divider clearfix\" style=\"max-width:100%;height:1px;\"><\/div>\n<h2><span style=\"font-size: 120%;\">Acqua turbolenta nella doccia grazie all'ecoturbino | Come l'aria rivitalizza il getto d'acqua<\/span><\/h2>\n<p>Il <strong>La doccia mattutina \u00e8 un momento cruciale<\/strong> per molte persone di<strong> iniziare la giornata con una sensazione di freschezza ed energia<\/strong>. Un getto d'acqua tonificante pu\u00f2 fare miracoli e risvegliare i sensi.<\/p>\n<p>ecoturbino fa un ulteriore passo avanti per migliorare l'esperienza della doccia con<strong> generando acqua turbolenta.<\/strong> Ma come funziona effettivamente? La risposta sta nell'abile <strong>introduzione di aria nel flusso d'acqua<\/strong>, per un'esperienza di doccia rivitalizzante ed efficace.<\/p>\n<h3>Il ruolo dell'aria nella doccia<\/h3>\n<p>L'aria svolge un ruolo fondamentale nel migliorare l'esperienza della doccia. Quando viene introdotta nel flusso d'acqua, essa <strong>crea minuscole bolle d'aria che agitano l'acqua, fornendo pi\u00f9 volume e struttura.<\/strong> Questo porta ad una corrente d'acqua turbolenta che offre<strong> maggiore efficienza e un'esperienza di doccia pi\u00f9 piacevole.<\/strong><\/p>\n<h3>La tecnologia innovativa dell'ecoturbino<\/h3>\n<p>ecoturbino utilizza questo <strong>tecnologia dell'aria per migliorare il flusso dell'acqua.<\/strong> La tecnologia si basa su uno speciale restringimento della sezione trasversale che <strong>accelera il flusso dell'acqua<\/strong> mentre aspira l'aria. L'aria viene poi mescolata all'acqua, creando un flusso dinamico e tonificante.<\/p>\n\t<div id=\"gap-1211802892\" class=\"gap-element clearfix\" style=\"display:block; height:auto;\">\n\t\t\n<style>\n#gap-1211802892 {\n  padding-top: 30px;\n}\n<\/style>\n\t<\/div>\n\t\n<div class=\"row\"  id=\"row-741018649\">\n\n\t<div id=\"col-1628265894\" class=\"col medium-4 small-12 large-4\"  >\n\t\t\t\t<div class=\"col-inner\"  >\n\t\t\t\n\t\t\t\n\t<div class=\"img has-hover radius10 x md-x lg-x y md-y lg-y\" id=\"image_430371784\">\n\t\t\t\t\t\t\t\t<div class=\"img-inner dark\" >\n\t\t\t<img decoding=\"async\" width=\"600\" height=\"600\" src=\"https:\/\/ecoturbino.shop\/wp-content\/uploads\/2024\/01\/air-water_600.webp\" class=\"attachment-original size-original\" alt=\"Aria Acqua ecoturbino\" srcset=\"https:\/\/ecoturbino.shop\/wp-content\/uploads\/2024\/01\/air-water_600.webp 600w, https:\/\/ecoturbino.shop\/wp-content\/uploads\/2024\/01\/air-water_600-470x470.webp 470w, https:\/\/ecoturbino.shop\/wp-content\/uploads\/2024\/01\/air-water_600-340x340.webp 340w\" sizes=\"(max-width: 600px) 100vw, 600px\" \/>\t\t\t\t\t\t\n\t\t\t\t\t<\/div>\n\t\t\t\t\t\t\t\t\n<style>\n#image_430371784 {\n  width: 100%;\n}\n<\/style>\n\t<\/div>\n\t\n\t\t<\/div>\n\t\t\t\t\t<\/div>\n\n\t\n\n\t<div id=\"col-82617412\" class=\"col medium-8 small-12 large-8\"  >\n\t\t\t\t<div class=\"col-inner\"  >\n\t\t\t\n\t\t\t\n<h3>I benefici dell'acqua turbolenta nella doccia<\/h3>\n<ul>\n<li><strong>Pulizia pi\u00f9 efficace:<\/strong> A <a href=\"https:\/\/en.wikipedia.org\/wiki\/Turbulence\" target=\"_blank\" rel=\"noopener sponsored\">turbolento<\/a> Il getto d'acqua pu\u00f2 rimuovere efficacemente lo sporco e il sapone dalla pelle e dai capelli, garantendo una pulizia pi\u00f9 accurata e una migliore esperienza sotto la doccia.<\/li>\n<li><strong>Risparmio idrico:<\/strong> Aggiungendo aria, ecoturbino pu\u00f2 aumentare la pressione dell'acqua senza consumare pi\u00f9 acqua. Ci\u00f2 consente di ottenere una doccia confortevole con un consumo d'acqua ridotto.<\/li>\n<li><strong>Risparmio energetico:<\/strong> Poich\u00e9 \u00e8 necessario riscaldare meno acqua per ottenere acqua calda per la doccia, l'ecoturbino consente anche di risparmiare energia e di ridurre i costi energetici.<\/li>\n<li><strong>Comfort della doccia migliorato:<\/strong> Il getto d'acqua pi\u00f9 turbolento dell'ecoturbino \u00e8 pi\u00f9 forte e piacevole e migliora il comfort della doccia.<\/li>\n<li><strong>Rispettoso dell'ambiente:<\/strong> La riduzione del consumo di acqua e di energia si traduce in una minore pressione sull'ambiente e in una riduzione delle emissioni di CO2.<\/li>\n<\/ul>\n\t\t<\/div>\n\t\t\t\t\t<\/div>\n\n\t\n<\/div>\n\t<div id=\"gap-194336835\" class=\"gap-element clearfix\" style=\"display:block; height:auto;\">\n\t\t\n<style>\n#gap-194336835 {\n  padding-top: 30px;\n}\n<\/style>\n\t<\/div>\n\t\n<div class=\"row\"  id=\"row-535032712\">\n\n\t<div id=\"col-1366211330\" class=\"col medium-6 small-12 large-6\"  >\n\t\t\t\t<div class=\"col-inner\"  >\n\t\t\t\n\t\t\t\n<h3>L'installazione di <a href=\"https:\/\/ecoturbino.shop\/it\/acquistare\/ecoturbino-et10l-adattatore-doccia-argento\/\">ecoturbino<\/a><\/h3>\n<p>L'installazione di ecoturbino non potrebbe essere pi\u00f9 semplice. In genere viene fornito con una filettatura standard da \u00bd pollice, presente nella maggior parte delle docce.<\/p>\n<p>Questo permette di <strong>installazione rapida e semplice senza bisogno di attrezzi speciali<\/strong> o esperienza. In pochi minuti, chiunque pu\u00f2 godere dei benefici di un flusso d'acqua turbolento.<\/p>\n\t\t<\/div>\n\t\t\t\t\t<\/div>\n\n\t\n\n\t<div id=\"col-1706835618\" class=\"col medium-6 small-12 large-6\"  >\n\t\t\t\t<div class=\"col-inner\" style=\"background-color:#c0d63d;\" >\n\t\t\t\n\t\t\t\n\t<div id=\"text-1088844999\" class=\"text\">\n\t\t\n<h4 class=\"uppercase\">CONCLUSIONE<\/h4>\n\t\t\n<style>\n#text-1088844999 {\n  font-size: 2rem;\n  text-align: right;\n  color: rgb(255,255,255);\n}\n#text-1088844999 > * {\n  color: rgb(255,255,255);\n}\n@media (min-width:550px) {\n  #text-1088844999 {\n    font-size: 3.5rem;\n  }\n}\n<\/style>\n\t<\/div>\n\t\n<h3>Un'esperienza di doccia tonificante grazie all'ecoturbino<\/h3>\n<blockquote>\n<p>ecoturbino offre una soluzione innovativa per generare acqua turbolenta nella doccia e godere dei benefici di un getto d'acqua tonificante.<\/p>\n<\/blockquote>\n<p>L'introduzione di aria nel flusso d'acqua permette di <strong>fare la doccia in modo pi\u00f9 efficiente, risparmiando acqua ed energia,<\/strong> e <strong>migliorare il comfort della doccia<\/strong>t.<\/p>\n<p>Grazie alla facilit\u00e0 di installazione, tutti possono beneficiare dei vantaggi di ecoturbino ed elevare l'esperienza della doccia mattutina a un nuovo livello.<\/p>\n\t\t<\/div>\n\t\t\t\t\n<style>\n#col-1706835618 > .col-inner {\n  padding: 10px 20px 1px 25px;\n  border-radius: 10px;\n}\n<\/style>\n\t<\/div>\n\n\t\n<\/div>\n\t\t<\/div>\n\t\t\t\t\n<style>\n#col-1700016471 > .col-inner {\n  margin: 0px 0px -200px 0px;\n}\n<\/style>\n\t<\/div>\n\n\t\n<\/div>\n\t\t<\/div>\n\n\t\t\n<style>\n#section_1422509122 {\n  padding-top: 30px;\n  padding-bottom: 30px;\n}\n<\/style>\n\t<\/section>\n\t\n\n\t<section class=\"section hide-for-small\" id=\"section_1581788409\">\n\t\t<div class=\"section-bg fill\" >\n\t\t\t<img decoding=\"async\" width=\"1920\" height=\"683\" src=\"https:\/\/ecoturbino.shop\/wp-content\/uploads\/2025\/12\/ecoturbino-function_1920.webp\" class=\"bg attachment- size-\" alt=\"funzione ecoturbino\" \/>\t\t\t\t\t\t<div class=\"section-bg-overlay absolute fill\"><\/div>\n\t\t\t\n\n\t\t<\/div>\n\n\t\t\t<div class=\"ux-shape-divider ux-shape-divider--top ux-shape-divider--style-waves-opacity\">\n\t\t<svg viewbox=\"0 0 1000 300\" xmlns=\"http:\/\/www.w3.org\/2000\/svg\" preserveaspectratio=\"none\">\n    <path class=\"ux-shape-fill\" d=\"M0 300L-1 69.71C216 57 299.47 198.86 403 226C506 253 577 196 660 197C740 198 790.09 234.07 874 267C935.23 291 982 282.61 1000 277.61V300H0Z\"\/>\n    <path class=\"ux-shape-fill\" opacity=\"0.5\" d=\"M1 265.094L0 50.5C217 37.79 300.47 186.36 404 213.5C507 240.5 578 196.5 661 197.5C741 198.5 787.59 239.57 871.5 272.5C932.73 296.5 980.5 284.5 998.5 279.5V298.5L1 265.094Z\"\/>\n    <path class=\"ux-shape-fill\" opacity=\"0.15\" d=\"M0.999878 244.094L-0.00012207 27C217 14.29 300.47 173.86 404 201C507 228 578 196 661 197C741 198 787.59 243.07 871.5 276C932.73 300 980.5 284.5 998.5 279.5V299L0.999878 244.094Z\"\/>\n<\/svg>\n\n\t<\/div>\n\n\n\t\t<div class=\"section-content relative\">\n\t\t\t\n\t\t<\/div>\n\n\t\t\n<style>\n#section_1581788409 {\n  padding-top: 220px;\n  padding-bottom: 220px;\n}\n#section_1581788409 .section-bg-overlay {\n  background-color: rgba(0, 0, 0, 0.25);\n}\n#section_1581788409 .ux-shape-divider--top svg {\n  height: 80px;\n  --divider-top-width: 100%;\n}\n@media (min-width:550px) {\n  #section_1581788409 .ux-shape-divider--top svg {\n    height: 124px;\n  }\n}\n<\/style>\n\t<\/section>","protected":false},"excerpt":{"rendered":"","protected":false},"author":1320,"featured_media":0,"parent":0,"menu_order":0,"comment_status":"closed","ping_status":"closed","template":"page-blank.php","meta":{"inline_featured_image":false,"footnotes":""},"class_list":["post-48920","page","type-page","status-publish","hentry"],"_links":{"self":[{"href":"https:\/\/ecoturbino.shop\/it\/wp-json\/wp\/v2\/pages\/48920","targetHints":{"allow":["GET"]}}],"collection":[{"href":"https:\/\/ecoturbino.shop\/it\/wp-json\/wp\/v2\/pages"}],"about":[{"href":"https:\/\/ecoturbino.shop\/it\/wp-json\/wp\/v2\/types\/page"}],"author":[{"embeddable":true,"href":"https:\/\/ecoturbino.shop\/it\/wp-json\/wp\/v2\/users\/1320"}],"replies":[{"embeddable":true,"href":"https:\/\/ecoturbino.shop\/it\/wp-json\/wp\/v2\/comments?post=48920"}],"version-history":[{"count":0,"href":"https:\/\/ecoturbino.shop\/it\/wp-json\/wp\/v2\/pages\/48920\/revisions"}],"wp:attachment":[{"href":"https:\/\/ecoturbino.shop\/it\/wp-json\/wp\/v2\/media?parent=48920"}],"curies":[{"name":"wp","href":"https:\/\/api.w.org\/{rel}","templated":true}]}}