{"id":50140,"date":"2024-05-24T12:05:41","date_gmt":"2024-05-24T10:05:41","guid":{"rendered":"https:\/\/en.ecoturbino.shop\/?page_id=50140"},"modified":"2025-08-15T11:39:54","modified_gmt":"2025-08-15T09:39:54","slug":"testo-dellofferta-2","status":"publish","type":"page","link":"https:\/\/ecoturbino.shop\/it\/tender-text\/","title":{"rendered":"Testo di gara per studi di ingegneria, architetti e uffici di progettazione"},"content":{"rendered":"<div class=\"banner has-hover\" id=\"banner-1289994655\">\n          <div class=\"banner-inner fill\">\n        <div class=\"banner-bg fill\" >\n            <img decoding=\"async\" width=\"2000\" height=\"230\" src=\"https:\/\/ecoturbino.shop\/wp-content\/uploads\/2024\/05\/tender-ecourbino_2000.webp\" class=\"bg attachment-original size-original\" alt=\"gara-ecourbino_2000\" \/>                        <div class=\"overlay\"><\/div>            \n                    <\/div>\n\t\t\n        <div class=\"banner-layers container\">\n            <div class=\"fill banner-link\"><\/div>            \n   <div id=\"text-box-741657092\" class=\"text-box banner-layer x50 md-x50 lg-x50 y50 md-y50 lg-y50 res-text\">\n                                <div class=\"text-box-content text dark\">\n              \n              <div class=\"text-inner text-center\">\n                  \n\t<div id=\"text-1250668612\" class=\"text\">\n\t\t\n<h1>TESTO DELL'OFFERTA<\/h1>\n<h1><span style=\"font-size: 80%;\">per studi di ingegneria, architetti e uffici di progettazione<\/span><\/h1>\n\t\t\n<style>\n#text-1250668612 {\n  font-size: 0.75rem;\n}\n@media (min-width:550px) {\n  #text-1250668612 {\n    font-size: 1.05rem;\n  }\n}\n<\/style>\n\t<\/div>\n\t\n              <\/div>\n           <\/div>\n                            \n<style>\n#text-box-741657092 {\n  width: 100%;\n}\n#text-box-741657092 .text-box-content {\n  font-size: 100%;\n}\n@media (min-width:550px) {\n  #text-box-741657092 {\n    width: 91%;\n  }\n}\n@media (min-width:850px) {\n  #text-box-741657092 {\n    width: 100%;\n  }\n}\n<\/style>\n    <\/div>\n \n        <\/div>\n      <\/div>\n\n            \n<style>\n#banner-1289994655 {\n  padding-top: 200px;\n}\n#banner-1289994655 .overlay {\n  background-color: rgba(0, 0, 0, 0.5);\n}\n@media (min-width:550px) {\n  #banner-1289994655 {\n    padding-top: 190px;\n  }\n}\n@media (min-width:850px) {\n  #banner-1289994655 {\n    padding-top: 190px;\n  }\n}\n<\/style>\n  <\/div>\n\n\n<div class=\"row\"  id=\"row-1354600294\">\n\n\t<div id=\"col-421536313\" class=\"col small-12 large-12\"  >\n\t\t\t\t<div class=\"col-inner\"  >\n\t\t\t\n\t\t\t\n<h2>Testo di gara per studi di ingegneria, architetti e studi di progettazione per l'allestimento di alberghi, ospedali, centri sportivi, ecc.<\/h2>\n<p>Gara pubblica per l'acquisto di tecnologie per il risparmio idrico<\/p>\n<div class=\"is-divider divider clearfix\" style=\"max-width:100%;height:1px;\"><\/div>\n<ol>\n<li><strong>Oggetto della gara d'appalto<\/strong><br \/>\nL'ente pubblico (nome dell'ente) indice una gara d'appalto per la fornitura e l'installazione di sistemi innovativi di risparmio idrico volti a ridurre il consumo di acqua e a migliorare gli standard igienici di docce e lavandini. L'obiettivo \u00e8 quello di ridurre in modo sostenibile il consumo di acqua nelle strutture sanitarie (ad esempio, comunit\u00e0, scuole, autorit\u00e0, impianti sportivi, edifici pubblici e nuove costruzioni) dell'istituzione, prevenire la formazione di biofilm, ridurre il rischio di legionella e garantire la funzione di drenaggio dei soffioni e soprattutto dei tubi della doccia.<\/li>\n<li><strong>Descrizione dell'ambito dei servizi<\/strong><br \/>\n- Consegna: Fornitura dei sistemi di risparmio idrico nelle quantit\u00e0 e nei design richiesti entro 3 settimane di calendario.<br \/>\n- Installazione: Installazione professionale dei sistemi di risparmio idrico forniti nelle strutture sanitarie.<br \/>\n- Formazione: Formazione del personale sul funzionamento e la manutenzione dei sistemi di risparmio idrico.<br \/>\n- Manutenzione: Contratto di manutenzione opzionale per l'ispezione e la manutenzione periodica dei sistemi installati in conformit\u00e0 ai requisiti di legge.<\/li>\n<li><strong>Requisiti per gli offerenti<\/strong><br \/>\n- Prova di idoneit\u00e0 tecnica e professionale per la fornitura e l'installazione di tecnologie di risparmio idrico (certificato T\u00dcV, relazione igienico-sanitaria).<br \/>\n- Almeno 15 anni di esperienza e referenze nell'installazione di sistemi di risparmio idrico.<br \/>\n- Fornitura di un concetto di manutenzione.<br \/>\n- Certificazione di qualit\u00e0 secondo Ecolabel o Austrian Eco-label.<br \/>\n- Divulgazione del numero EORI.<br \/>\n- Offerta di un programma di formazione per il personale dell'istituzione.<\/li>\n<li><strong>Specifiche tecniche<\/strong><br \/>\n- I sistemi di risparmio idrico offerti devono consentire una riduzione del consumo di acqua di almeno 40%. Portata massima da 6 a 9 litri\/ora a piena apertura per le docce e da 5 a 6 litri per i lavandini. La base \u00e8 il Regolamento UE sulla tassonomia nella sua forma attuale (a partire dal 2024):<br \/>\n<a href=\"https:\/\/eur-lex.europa.eu\/eli\/reg\/2020\/852\/oj\" rel=\"noopener\">Regolamento - 2020\/852 - IT - regolamento sulla tassonomia - EUR-Lex (europa.eu)<\/a><br \/>\n<a href=\"https:\/\/www.bmk.gv.at\/green-finance\/finanzen\/eu-strategie\/eu-taxonomie-vo.html\" rel=\"noopener\">Regolamento UE sulla tassonomia (bmk.gv.at)<\/a><br \/>\n- Compatibilit\u00e0 con i sistemi doccia e le rubinetterie pi\u00f9 comuni, disponibile come componente di retrofit.<br \/>\n- Installazione semplice senza grandi sforzi di costruzione.<br \/>\n- Funzione di drenaggio del sistema per prevenire la formazione di biofilm.<br \/>\n- Meccanismi per ridurre il rischio di legionella.<br \/>\n- Funzione di drenaggio sulla rubinetteria per evitare l'acqua stagnante nei soffioni dopo la doccia.<br \/>\n- Garanzia funzionale di 10 anni come caratteristica di sostenibilit\u00e0.<\/li>\n<li><strong>Criteri di assegnazione<\/strong><br \/>\nIl contratto sar\u00e0 aggiudicato all'offerta economicamente pi\u00f9 vantaggiosa, tenendo conto dei seguenti criteri:<br \/>\nPrezzo (20%)<br \/>\nQualit\u00e0 e caratteristiche tecniche dei sistemi di risparmio idrico offerti (50%)<br \/>\nAssistenza, compresa l'installazione, la formazione e la manutenzione (10%)<br \/>\nGaranzia di fornitura dei ricambi per 10 anni (10%)<br \/>\nProva del calcolo dei risparmi T\u00dcV - certificato (10%) ripartizione dettagliata per quantit\u00e0 di acqua - costi delle acque reflue - costi energetici - riduzione di CO2<\/li>\n<li><strong>Presentazione delle offerte<\/strong><br \/>\nLe aziende interessate sono invitate a presentare le loro offerte per iscritto entro il (data) al seguente indirizzo:<br \/>\n(Nome e indirizzo dell'istituzione pubblica)<\/li>\n<li><strong>Visita al sito<\/strong><br \/>\nUn sopralluogo per l'ammodernamento delle strutture sanitarie sar\u00e0 offerto il (data) a (ora). Il punto d'incontro \u00e8 (luogo).<\/li>\n<li><strong>Contatto<\/strong><br \/>\nPer domande e ulteriori informazioni, si prega di contattare (nome della persona di contatto) al (numero di telefono) o via e-mail al (indirizzo e-mail).<\/li>\n<\/ol>\n<div class=\"is-divider divider clearfix\" style=\"max-width:100%;height:1px;\"><\/div>\n<p>L'organizzazione pubblica attende le vostre offerte e l'attuazione congiunta di una gestione sostenibile dell'acqua.<\/p>\n\t<div id=\"gap-2139966478\" class=\"gap-element clearfix\" style=\"display:block; height:auto;\">\n\t\t\n<style>\n#gap-2139966478 {\n  padding-top: 30px;\n}\n<\/style>\n\t<\/div>\n\t\n\t\t<\/div>\n\t\t\t\t\t<\/div>\n\n\t\n<\/div>","protected":false},"excerpt":{"rendered":"","protected":false},"author":1320,"featured_media":49835,"parent":0,"menu_order":0,"comment_status":"closed","ping_status":"closed","template":"page-blank.php","meta":{"inline_featured_image":false,"footnotes":""},"class_list":["post-50140","page","type-page","status-publish","has-post-thumbnail","hentry"],"_links":{"self":[{"href":"https:\/\/ecoturbino.shop\/it\/wp-json\/wp\/v2\/pages\/50140","targetHints":{"allow":["GET"]}}],"collection":[{"href":"https:\/\/ecoturbino.shop\/it\/wp-json\/wp\/v2\/pages"}],"about":[{"href":"https:\/\/ecoturbino.shop\/it\/wp-json\/wp\/v2\/types\/page"}],"author":[{"embeddable":true,"href":"https:\/\/ecoturbino.shop\/it\/wp-json\/wp\/v2\/users\/1320"}],"replies":[{"embeddable":true,"href":"https:\/\/ecoturbino.shop\/it\/wp-json\/wp\/v2\/comments?post=50140"}],"version-history":[{"count":0,"href":"https:\/\/ecoturbino.shop\/it\/wp-json\/wp\/v2\/pages\/50140\/revisions"}],"wp:featuredmedia":[{"embeddable":true,"href":"https:\/\/ecoturbino.shop\/it\/wp-json\/wp\/v2\/media\/49835"}],"wp:attachment":[{"href":"https:\/\/ecoturbino.shop\/it\/wp-json\/wp\/v2\/media?parent=50140"}],"curies":[{"name":"wp","href":"https:\/\/api.w.org\/{rel}","templated":true}]}}