{"id":7231,"date":"2015-02-14T13:23:14","date_gmt":"2015-02-14T12:23:14","guid":{"rendered":"http:\/\/shop.pronatur24.eu\/?page_id=7231"},"modified":"2023-11-09T01:12:03","modified_gmt":"2023-11-09T00:12:03","slug":"faq-domande-frequenti-2","status":"publish","type":"page","link":"https:\/\/ecoturbino.shop\/it\/faq-frequently-asked\/","title":{"rendered":"FAQ | Negozio"},"content":{"rendered":"<div class=\"banner has-hover\" id=\"banner-1983316195\">\n          <div class=\"banner-inner fill\">\n        <div class=\"banner-bg fill\" >\n            <img decoding=\"async\" width=\"2000\" height=\"230\" src=\"https:\/\/ecoturbino.shop\/wp-content\/uploads\/2023\/10\/faq-ecoturbino_2000.webp\" class=\"bg attachment-original size-original\" alt=\"Domande frequenti\" \/>                        <div class=\"overlay\"><\/div>            \n                    <\/div>\n\t\t\n        <div class=\"banner-layers container\">\n            <div class=\"fill banner-link\"><\/div>            \n   <div id=\"text-box-1103391715\" class=\"text-box banner-layer x50 md-x50 lg-x50 y50 md-y50 lg-y50 res-text\">\n                                <div class=\"text-box-content text dark\">\n              \n              <div class=\"text-inner text-center\">\n                  \n<h1>DOMANDE E RISPOSTE<\/h1>\n              <\/div>\n           <\/div>\n                            \n<style>\n#text-box-1103391715 {\n  width: 85%;\n}\n#text-box-1103391715 .text-box-content {\n  font-size: 100%;\n}\n@media (min-width:550px) {\n  #text-box-1103391715 {\n    width: 17%;\n  }\n}\n@media (min-width:850px) {\n  #text-box-1103391715 {\n    width: 54%;\n  }\n}\n<\/style>\n    <\/div>\n \n        <\/div>\n      <\/div>\n\n            \n<style>\n#banner-1983316195 {\n  padding-top: 110px;\n}\n#banner-1983316195 .overlay {\n  background-color: rgba(0,0,0,.5);\n}\n@media (min-width:550px) {\n  #banner-1983316195 {\n    padding-top: 170px;\n  }\n}\n@media (min-width:850px) {\n  #banner-1983316195 {\n    padding-top: 190px;\n  }\n}\n<\/style>\n  <\/div>\n\n\n<div class=\"row\"  id=\"row-1630377513\">\n\n\t<div id=\"col-243293190\" class=\"col small-12 large-12\"  >\n\t\t\t\t<div class=\"col-inner\"  >\n\t\t\t\n\t\t\t\n\n\t<section class=\"section\" id=\"section_189233071\">\n\t\t<div class=\"section-bg fill\" >\n\t\t\t\t\t\t\t\t\t\n\t\t\t\n\n\t\t<\/div>\n\n\t\t\n\n\t\t<div class=\"section-content relative\">\n\t\t\t\n\n<div class=\"row align-center\"  id=\"row-2135653462\">\n\n\n\t<div id=\"col-1362528463\" class=\"col medium-12 small-12 large-10\"  >\n\t\t\t\t<div class=\"col-inner text-left\"  >\n\t\t\t\n\t\t\t\n\n<div class=\"row row-collapse\"  id=\"row-674717016\">\n\n\n\t<div id=\"col-631878571\" class=\"col medium-12 small-12 large-4\"  >\n\t\t\t\t<div class=\"col-inner\"  >\n\t\t\t\n\t\t\t\n\n\n\t\t<div class=\"icon-box featured-box icon-box-left text-left\"  style=\"margin:0px 0px 30px 0px;\">\n\t\t\t\t\t<div class=\"icon-box-img\" style=\"width: 60px\">\n\t\t\t\t<div class=\"icon\">\n\t\t\t\t\t<div class=\"icon-inner\" >\n\t\t\t\t\t\t<?xml version=\"1.0\" encoding=\"UTF-8\"?>\n<!-- Generated by IcoMoon.io -->\n<svg xmlns=\"http:\/\/www.w3.org\/2000\/svg\" xmlns:xlink=\"http:\/\/www.w3.org\/1999\/xlink\" version=\"1.1\" width=\"16\" height=\"16\" viewbox=\"0 0 16 16\">\n  <path fill=\"#000000\" d=\"M16 9l-2-4h-3v-2c0-0.55-0.45-1-1-1h-9c-0.55 0-1 0.45-1 1v8l1 1h1.268c-0.17 0.294-0.268 0.636-0.268 1 0 1.105 0.895 2 2 2s2-0.895 2-2c0-0.364-0.098-0.706-0.268-1h5.536c-0.17 0.294-0.268 0.636-0.268 1 0 1.105 0.895 2 2 2s2-0.895 2-2c0-0.364-0.098-0.706-0.268-1h1.268v-3zM11 9v-3h2.073l1.5 3h-3.573z\"><\/path>\n<\/svg>\n\t\t\t\t\t<\/div>\n\t\t\t\t<\/div>\n\t\t\t<\/div>\n\t\t\t\t<div class=\"icon-box-text last-reset\">\n\t\t\t\t\t\t\t\t\t\n\n<h3>Spedizione + Sicurezza<\/h3>\n\n\t\t<\/div>\n\t<\/div>\n\t\n\t\n\n\t\t<\/div>\n\t\t\t\t\t<\/div>\n\n\t\n\n\t<div id=\"col-389435904\" class=\"col medium-12 small-12 large-8\"  >\n\t\t\t\t<div class=\"col-inner text-left\"  >\n\t\t\t\n\t\t\t\n\n<div class=\"accordion\">\n\n\t<div id=\"accordion-4183467452\" class=\"accordion-item\">\n\t\t<a id=\"accordion-4183467452-label\" class=\"accordion-title plain\" href=\"#accordion-item-shipping-costs\" aria-expanded=\"false\" aria-controls=\"accordion-4183467452-content\">\n\t\t\t<button class=\"toggle\" aria-label=\"Attiva\/Disattiva\"><i class=\"icon-angle-down\" aria-hidden=\"true\"><\/i><\/button>\n\t\t\t<span>Costi di spedizione<\/span>\n\t\t<\/a>\n\t\t<div id=\"accordion-4183467452-content\" class=\"accordion-inner\" aria-labelledby=\"accordion-4183467452-label\">\n\t\t\t\n\n<p>Informazioni dettagliate sulla spedizione sulla nostra pagina <a title=\"Costi di spedizione\" href=\"https:\/\/ecoturbino.shop\/it\/costi-di-spedizione-2\/\">costi di spedizione<\/a>.<\/p>\n\n\t\t<\/div>\n\t<\/div>\n\t\n\t<div id=\"accordion-2705967259\" class=\"accordion-item\">\n\t\t<a id=\"accordion-2705967259-label\" class=\"accordion-title plain\" href=\"#accordion-item-shipping-time-+-package-tracking\" aria-expanded=\"false\" aria-controls=\"accordion-2705967259-content\">\n\t\t\t<button class=\"toggle\" aria-label=\"Attiva\/Disattiva\"><i class=\"icon-angle-down\" aria-hidden=\"true\"><\/i><\/button>\n\t\t\t<span>Tempi di spedizione + tracciabilit\u00e0 del pacco<\/span>\n\t\t<\/a>\n\t\t<div id=\"accordion-2705967259-content\" class=\"accordion-inner\" aria-labelledby=\"accordion-2705967259-label\">\n\t\t\t\n\n<p>Spediamo tutti i giorni dal luned\u00ec al venerd\u00ec, ad eccezione dei giorni festivi. Informazioni dettagliate sulla durata della spedizione sono disponibili alla nostra pagina <a title=\"Costi di spedizione\" href=\"https:\/\/ecoturbino.shop\/it\/costi-di-spedizione-2\/\">Costi di spedizione<\/a>.<\/p>\n<p>Dopo aver imballato e preparato l'ordine per la spedizione, inviamo un'e-mail \"Completato\" all'indirizzo e-mail fornito durante l'ordine. Questa e-mail, oltre ai dettagli dell'ordine, include anche il link per la tracciabilit\u00e0 del pacco e la fattura in formato PDF.<\/p>\n<p>Inoltre, controllate la cartella SPAM per le nostre e-mail!<\/p>\n\n\t\t<\/div>\n\t<\/div>\n\t\n\t<div id=\"accordion-591560350\" class=\"accordion-item\">\n\t\t<a id=\"accordion-591560350-label\" class=\"accordion-title plain\" href=\"#accordion-item-pick-up-on-site\" aria-expanded=\"false\" aria-controls=\"accordion-591560350-content\">\n\t\t\t<button class=\"toggle\" aria-label=\"Attiva\/Disattiva\"><i class=\"icon-angle-down\" aria-hidden=\"true\"><\/i><\/button>\n\t\t\t<span>Ritiro in loco<\/span>\n\t\t<\/a>\n\t\t<div id=\"accordion-591560350-content\" class=\"accordion-inner\" aria-labelledby=\"accordion-591560350-label\">\n\t\t\t\n\n<p>Non abbiamo tempo per gli orari di apertura! ecoturbino\u00ae \u00e8 un negozio online aperto 24 ore su 24, 7 giorni su 7, e quindi non ha un negozio tradizionale con orari di apertura prestabiliti.<\/p>\n<p>\u00c8 solo il cliente a stabilire l'orario dell'ordine in negozio. Per noi, legarlo a orari specifici \u00e8 una restrizione inaccettabile.<\/p>\n<p>Di conseguenza, non esiste la possibilit\u00e0 di ritirare personalmente un ordine.<\/p>\n\n\t\t<\/div>\n\t<\/div>\n\t\n\t<div id=\"accordion-1490730170\" class=\"accordion-item\">\n\t\t<a id=\"accordion-1490730170-label\" class=\"accordion-title plain\" href=\"#accordion-item-order-as-a-gift\" aria-expanded=\"false\" aria-controls=\"accordion-1490730170-content\">\n\t\t\t<button class=\"toggle\" aria-label=\"Attiva\/Disattiva\"><i class=\"icon-angle-down\" aria-hidden=\"true\"><\/i><\/button>\n\t\t\t<span>Ordine come regalo<\/span>\n\t\t<\/a>\n\t\t<div id=\"accordion-1490730170-content\" class=\"accordion-inner\" aria-labelledby=\"accordion-1490730170-label\">\n\t\t\t\n\n<p>Al momento dell'ordine si prega di specificare anche il diverso indirizzo di consegna. Il campo di commento dell'ordine nella pagina di checkout consente di stampare un messaggio personale sulla bolla di consegna e sulla fattura. Il pacco contiene solo la bolla di consegna con il messaggio stampato. La fattura verr\u00e0 inviata via e-mail.<\/p>\n<p>La consegna in paesi al di fuori dell'UE costituisce un'eccezione. In questo caso siamo obbligati ad allegare anche la fattura per motivi di sdoganamento.<\/p>\n\n\t\t<\/div>\n\t<\/div>\n\t\n\t<div id=\"accordion-2859180385\" class=\"accordion-item\">\n\t\t<a id=\"accordion-2859180385-label\" class=\"accordion-title plain\" href=\"#accordion-item-&#039;purchase-on-account&#039;-is-our-security-seal\" aria-expanded=\"false\" aria-controls=\"accordion-2859180385-content\">\n\t\t\t<button class=\"toggle\" aria-label=\"Attiva\/Disattiva\"><i class=\"icon-angle-down\" aria-hidden=\"true\"><\/i><\/button>\n\t\t\t<span>'L'acquisto per conto \u00e8 il nostro sigillo di sicurezza<\/span>\n\t\t<\/a>\n\t\t<div id=\"accordion-2859180385-content\" class=\"accordion-inner\" aria-labelledby=\"accordion-2859180385-label\">\n\t\t\t\n\n<p>Le frodi su Internet da parte di falsi negozi si leggono ripetutamente nei media. Per contrastare il marketing e trarre profitto da questa spiacevole situazione, aziende intraprendenti hanno avuto l'idea del sigillo testato. Questo sigillo conferma all'acquirente che il negozio \u00e8 affidabile e sicuro. La registrazione di questo sigillo \u00e8 complessa e molto costosa per le aziende - ancora e ancora.<\/p>\n<p><strong>Esiste un'alternativa alla costosa guarnizione Trusted. Qualcosa di ancora migliore per il cliente?<\/strong><\/p>\n<p>S\u00ec, esiste. Il metodo migliore e pi\u00f9 sicuro si chiama \"Acquisto su conto\". Prima si riceve la merce, si controlla la merce e poi si paga. Questo rende superfluo e obsoleto qualsiasi sigillo. Nell'interesse della trasparenza, per noi il cliente viene sempre al primo posto. Non c'\u00e8 di che!<\/p>\n\n\t\t<\/div>\n\t<\/div>\n\t\n\t<div id=\"accordion-3435862246\" class=\"accordion-item\">\n\t\t<a id=\"accordion-3435862246-label\" class=\"accordion-title plain\" href=\"#accordion-item-security-+-privacy\" aria-expanded=\"false\" aria-controls=\"accordion-3435862246-content\">\n\t\t\t<button class=\"toggle\" aria-label=\"Attiva\/Disattiva\"><i class=\"icon-angle-down\" aria-hidden=\"true\"><\/i><\/button>\n\t\t\t<span>Sicurezza + privacy<\/span>\n\t\t<\/a>\n\t\t<div id=\"accordion-3435862246-content\" class=\"accordion-inner\" aria-labelledby=\"accordion-3435862246-label\">\n\t\t\t\n\n<p>L'intera visita al negozio online avviene in modo completamente criptato. A tale scopo utilizziamo una crittografia molto sicura a 2048 bit. I dati di pagamento personali, come i numeri delle carte di credito, non vengono memorizzati. Pertanto, non \u00e8 possibile accedere a queste informazioni nemmeno con mezzi legali; inoltriamo qualsiasi richiesta legale al rispettivo metodo di pagamento scelto dal cliente. Informazioni dettagliate sulle opzioni di pagamento sono disponibili sulla nostra pagina <a title=\"Come pagare nel negozio online\" href=\"https:\/\/ecoturbino.shop\/it\/metodi-di-pagamento-2\/\">Metodi di pagamento<\/a>.<\/p>\n\n\t\t<\/div>\n\t<\/div>\n\t\n\n<\/div>\n\n\t\t<\/div>\n\t\t\t\t\t<\/div>\n\n\t\n\n<\/div>\n<div class=\"is-divider divider clearfix\" style=\"margin-top:3em;margin-bottom:3em;max-width:100%;height:1px;background-color:rgb(9, 14, 29);\"><\/div>\n\n<div class=\"row row-collapse\"  id=\"row-544704978\">\n\n\n\t<div id=\"col-12929345\" class=\"col medium-12 small-12 large-4\"  >\n\t\t\t\t<div class=\"col-inner\"  >\n\t\t\t\n\t\t\t\n\n\n\t\t<div class=\"icon-box featured-box icon-box-left text-left\"  style=\"margin:0px 0px 30px 0px;\">\n\t\t\t\t\t<div class=\"icon-box-img\" style=\"width: 60px\">\n\t\t\t\t<div class=\"icon\">\n\t\t\t\t\t<div class=\"icon-inner\" >\n\t\t\t\t\t\t<?xml version=\"1.0\" encoding=\"UTF-8\"?>\n<!-- Generated by IcoMoon.io -->\n<svg xmlns=\"http:\/\/www.w3.org\/2000\/svg\" xmlns:xlink=\"http:\/\/www.w3.org\/1999\/xlink\" version=\"1.1\" width=\"16\" height=\"16\" viewbox=\"0 0 16 16\">\n  <path fill=\"#000000\" d=\"M14.5 2h-13c-0.825 0-1.5 0.675-1.5 1.5v9c0 0.825 0.675 1.5 1.5 1.5h13c0.825 0 1.5-0.675 1.5-1.5v-9c0-0.825-0.675-1.5-1.5-1.5zM3 12h-1v-2h1v2zM5 12h-1v-2h1v2zM7 12h-1v-2h1v2zM15.5 8h-15v-3h15v3z\"><\/path>\n<\/svg>\n\t\t\t\t\t<\/div>\n\t\t\t\t<\/div>\n\t\t\t<\/div>\n\t\t\t\t<div class=\"icon-box-text last-reset\">\n\t\t\t\t\t\t\t\t\t\n\n<h3>Ordine + Pagamento<\/h3>\n\n\t\t<\/div>\n\t<\/div>\n\t\n\t\n\n\t\t<\/div>\n\t\t\t\t\t<\/div>\n\n\t\n\n\t<div id=\"col-105801913\" class=\"col medium-12 small-12 large-8\"  >\n\t\t\t\t<div class=\"col-inner text-left\"  >\n\t\t\t\n\t\t\t\n\n<div class=\"accordion\">\n\n\t<div id=\"accordion-3432045422\" class=\"accordion-item\">\n\t\t<a id=\"accordion-3432045422-label\" class=\"accordion-title plain\" href=\"#accordion-item-payment-methods\" aria-expanded=\"false\" aria-controls=\"accordion-3432045422-content\">\n\t\t\t<button class=\"toggle\" aria-label=\"Attiva\/Disattiva\"><i class=\"icon-angle-down\" aria-hidden=\"true\"><\/i><\/button>\n\t\t\t<span>Metodi di pagamento<\/span>\n\t\t<\/a>\n\t\t<div id=\"accordion-3432045422-content\" class=\"accordion-inner\" aria-labelledby=\"accordion-3432045422-label\">\n\t\t\t\n\n<p>Informazioni dettagliate sulle opzioni di pagamento sulla nostra pagina <a title=\"Come pagare nel negozio online\" href=\"https:\/\/ecoturbino.shop\/it\/metodi-di-pagamento-2\/\">metodi di pagamento<\/a>.<\/p>\n\n\t\t<\/div>\n\t<\/div>\n\t\n\t<div id=\"accordion-2977565647\" class=\"accordion-item\">\n\t\t<a id=\"accordion-2977565647-label\" class=\"accordion-title plain\" href=\"#accordion-item-service-fee-|-discount-for-prepayment\" aria-expanded=\"false\" aria-controls=\"accordion-2977565647-content\">\n\t\t\t<button class=\"toggle\" aria-label=\"Attiva\/Disattiva\"><i class=\"icon-angle-down\" aria-hidden=\"true\"><\/i><\/button>\n\t\t\t<span>Tassa di servizio | Sconto per pagamento anticipato<\/span>\n\t\t<\/a>\n\t\t<div id=\"accordion-2977565647-content\" class=\"accordion-inner\" aria-labelledby=\"accordion-2977565647-label\">\n\t\t\t\n\n<p>Onest\u00e0 e trasparenza sono molto importanti per noi. Per questo motivo abbiamo deciso di sensibilizzare l'opinione pubblica sul tema delle commissioni online applicate dai fornitori di servizi di pagamento. Sul nostro sito elenchiamo le commissioni e i rimborsi dei fornitori di servizi di pagamento al commerciante in caso di cancellazione del prodotto. <a href=\"https:\/\/ecoturbino.shop\/it\/metodi-di-pagamento-2\/\">pagina di panoramica dei metodi di pagamento disponibili<\/a>.<\/p>\n<p>A seconda delle necessit\u00e0 economiche, applichiamo una commissione per il servizio di pagamento online. Lo stesso vale per uno sconto come bonus, se questo sostiene e facilita il nostro lavoro.<\/p>\n\n\t\t<\/div>\n\t<\/div>\n\t\n\t<div id=\"accordion-2698494232\" class=\"accordion-item\">\n\t\t<a id=\"accordion-2698494232-label\" class=\"accordion-title plain\" href=\"#accordion-item-order-by-phone-or-email\" aria-expanded=\"false\" aria-controls=\"accordion-2698494232-content\">\n\t\t\t<button class=\"toggle\" aria-label=\"Attiva\/Disattiva\"><i class=\"icon-angle-down\" aria-hidden=\"true\"><\/i><\/button>\n\t\t\t<span>Ordine per telefono o e-mail<\/span>\n\t\t<\/a>\n\t\t<div id=\"accordion-2698494232-content\" class=\"accordion-inner\" aria-labelledby=\"accordion-2698494232-label\">\n\t\t\t\n\n<p>Sviluppiamo e investiamo continuamente in un moderno sistema di negozio per consentire un ordine il pi\u00f9 semplice possibile su tutti i dispositivi. In casi eccezionali, c'\u00e8 ancora la possibilit\u00e0 di ordinare via e-mail o per telefono, tenendo conto delle esigenze del cliente. <a href=\"https:\/\/ecoturbino.shop\/it\/pozzetto-privacy-2\/privacy-2\/\">norme sulla protezione dei dati<\/a> secondo il GDPR.<\/p>\n<p>Per poter gestire questo servizio manuale a costo zero, applichiamo un costo di servizio di 10 euro per ogni ordine. Inoltre, il bonifico bancario \u00e8 l'unico metodo di pagamento disponibile come anticipo.<\/p>\n\n\t\t<\/div>\n\t<\/div>\n\t\n\t<div id=\"accordion-4254139910\" class=\"accordion-item\">\n\t\t<a id=\"accordion-4254139910-label\" class=\"accordion-title plain\" href=\"#accordion-item-order-with-vat-\/-tax\" aria-expanded=\"false\" aria-controls=\"accordion-4254139910-content\">\n\t\t\t<button class=\"toggle\" aria-label=\"Attiva\/Disattiva\"><i class=\"icon-angle-down\" aria-hidden=\"true\"><\/i><\/button>\n\t\t\t<span>Ordine con IVA\/imposta<\/span>\n\t\t<\/a>\n\t\t<div id=\"accordion-4254139910-content\" class=\"accordion-inner\" aria-labelledby=\"accordion-4254139910-label\">\n\t\t\t\n\n<p>\u00c8 possibile ordinare in esenzione fiscale come consegna intracomunitaria tramite ID IVA. \u00c8 sufficiente inserire il numero di identificazione IVA (Value Added Tax Identification Number) nella pagina di checkout insieme ai dati di fatturazione e consegna. La verifica del numero di identificazione IVA avviene in diretta.<\/p>\n<p>Una volta confermato, l'ordine verr\u00e0 rilasciato e noi invieremo una conferma d'ordine con il numero di identificazione IVA considerato. Si prega di notare che una consegna intracomunitaria esente da IVA \u00e8 possibile solo con un numero di identificazione IVA valido ed esclusivamente nei Paesi dell'UE al di fuori dell'Austria.<\/p>\n<p>In quanto azienda europea, siamo obbligati ad applicare l'imposta sul valore aggiunto locale del paese di destinazione dell'ordine. Pertanto, senza una partita IVA, \u00e8 possibile richiedere l'IVA calcolata come imposta a monte.<\/p>\n\n\t\t<\/div>\n\t<\/div>\n\t\n\t<div id=\"accordion-1378019396\" class=\"accordion-item\">\n\t\t<a id=\"accordion-1378019396-label\" class=\"accordion-title plain\" href=\"#accordion-item-invoice-received\" aria-expanded=\"false\" aria-controls=\"accordion-1378019396-content\">\n\t\t\t<button class=\"toggle\" aria-label=\"Attiva\/Disattiva\"><i class=\"icon-angle-down\" aria-hidden=\"true\"><\/i><\/button>\n\t\t\t<span>Fattura ricevuta<\/span>\n\t\t<\/a>\n\t\t<div id=\"accordion-1378019396-content\" class=\"accordion-inner\" aria-labelledby=\"accordion-1378019396-label\">\n\t\t\t\n\n<p>Inviamo la fattura in formato PDF insieme all'e-mail finale che include il link per la tracciabilit\u00e0 del pacco. Al pacco stesso alleghiamo solo una bolla di consegna o una lista di imballaggio.<\/p>\n\n\t\t<\/div>\n\t<\/div>\n\t\n\n<\/div>\n\n\t\t<\/div>\n\t\t\t\t\t<\/div>\n\n\t\n\n<\/div>\n<div class=\"is-divider divider clearfix\" style=\"margin-top:3em;margin-bottom:3em;max-width:100%;height:1px;background-color:rgb(9, 14, 29);\"><\/div>\n\n<div class=\"row row-collapse\"  id=\"row-1186830551\">\n\n\n\t<div id=\"col-1012852343\" class=\"col medium-12 small-12 large-4\"  >\n\t\t\t\t<div class=\"col-inner\"  >\n\t\t\t\n\t\t\t\n\n\n\t\t<div class=\"icon-box featured-box icon-box-left text-left\"  style=\"margin:0px 0px 30px 0px;\">\n\t\t\t\t\t<div class=\"icon-box-img\" style=\"width: 60px\">\n\t\t\t\t<div class=\"icon\">\n\t\t\t\t\t<div class=\"icon-inner\" >\n\t\t\t\t\t\t<?xml version=\"1.0\" encoding=\"UTF-8\"?>\n<!-- Generated by IcoMoon.io -->\n<svg xmlns=\"http:\/\/www.w3.org\/2000\/svg\" xmlns:xlink=\"http:\/\/www.w3.org\/1999\/xlink\" version=\"1.1\" width=\"16\" height=\"16\" viewbox=\"0 0 16 16\">\n  <path fill=\"#000000\" d=\"M16 1h-3v7h-7.5l2.5-2.5-2-2-6 6 6 6 2-2-2.5-2.5h10.5z\"><\/path>\n<\/svg>\n\t\t\t\t\t<\/div>\n\t\t\t\t<\/div>\n\t\t\t<\/div>\n\t\t\t\t<div class=\"icon-box-text last-reset\">\n\t\t\t\t\t\t\t\t\t\n\n<h3>Restituzioni<\/h3>\n\n\t\t<\/div>\n\t<\/div>\n\t\n\t\n\n\t\t<\/div>\n\t\t\t\t\t<\/div>\n\n\t\n\n\t<div id=\"col-1237314389\" class=\"col medium-12 small-12 large-8\"  >\n\t\t\t\t<div class=\"col-inner text-left\"  >\n\t\t\t\n\t\t\t\n\n<div class=\"accordion\">\n\n\t<div id=\"accordion-3192861263\" class=\"accordion-item\">\n\t\t<a id=\"accordion-3192861263-label\" class=\"accordion-title plain\" href=\"#accordion-item-withdrawal-of-an-order\" aria-expanded=\"false\" aria-controls=\"accordion-3192861263-content\">\n\t\t\t<button class=\"toggle\" aria-label=\"Attiva\/Disattiva\"><i class=\"icon-angle-down\" aria-hidden=\"true\"><\/i><\/button>\n\t\t\t<span>Ritiro di un ordine<\/span>\n\t\t<\/a>\n\t\t<div id=\"accordion-3192861263-content\" class=\"accordion-inner\" aria-labelledby=\"accordion-3192861263-label\">\n\t\t\t\n\n<p>In linea di principio, entro quattordici giorni dal ricevimento dell'ordine e senza fornire alcuna motivazione, esiste la possibilit\u00e0 di revocare l'ordine restituendolo. Tuttavia, alcuni prodotti della nostra gamma sono esclusi da questo diritto di recesso.<\/p>\n<p>Informazioni dettagliate sulla revoca, sulle eccezioni, sull'indirizzo di ritorno e sulle norme di recesso sono disponibili alla nostra pagina <a href=\"https:\/\/ecoturbino.shop\/it\/ritiro\/\">ritiro<\/a>.<\/p>\n\n\t\t<\/div>\n\t<\/div>\n\t\n\t<div id=\"accordion-3417219978\" class=\"accordion-item\">\n\t\t<a id=\"accordion-3417219978-label\" class=\"accordion-title plain\" aria-expanded=\"false\" aria-controls=\"accordion-3417219978-content\">\n\t\t\t<button class=\"toggle\" aria-label=\"Attiva\/Disattiva\"><i class=\"icon-angle-down\" aria-hidden=\"true\"><\/i><\/button>\n\t\t\t<span>Raccomandazione: Prima di restituire il prodotto, richiedere una consulenza per l'applicazione!<\/span>\n\t\t<\/a>\n\t\t<div id=\"accordion-3417219978-content\" class=\"accordion-inner\" aria-labelledby=\"accordion-3417219978-label\">\n\t\t\t\n\n<p>La nostra intera gamma di prodotti \u00e8 costituita da prodotti specializzati e non \u00e8 paragonabile ai prodotti di serie. Molti di questi prodotti richiedono anche una consulenza per una corretta applicazione al fine di ottenere le massime prestazioni.<\/p>\n<p>Abbiamo pochissimi resi. Tuttavia, grazie alle richieste di informazioni sui resi, ci siamo resi conto che spesso queste revoche derivano esclusivamente da un'applicazione errata o da un'interpretazione errata del prodotto.<\/p>\n<p>Pertanto, si consiglia vivamente (anche per evitare i costi di inutili restituzioni) di richiedere una consulenza sulla corretta applicazione del prodotto prima di restituirlo; ad esempio, l'utilizzo di un telefono cellulare come dispositivo di controllo\/misura, la valutazione errata di una curva di misurazione in dB per l'attenuazione della schermatura, ecc.<\/p>\n\n\t\t<\/div>\n\t<\/div>\n\t\n\n<\/div>\n\n\t\t<\/div>\n\t\t\t\t\t<\/div>\n\n\t\n\n<\/div>\n\t<div id=\"gap-1270697820\" class=\"gap-element clearfix\" style=\"display:block; height:auto;\">\n\t\t\n<style>\n#gap-1270697820 {\n  padding-top: 60px;\n}\n<\/style>\n\t<\/div>\n\t\n\n<div class=\"row align-center\"  id=\"row-1529876308\">\n\n\n\t<div id=\"col-1371108631\" class=\"col small-12 large-12\"  >\n\t\t\t\t<div class=\"col-inner text-center dark\" style=\"background-color:rgb(85, 85, 85);\" >\n\t\t\t\n\t\t\t\n\n<h3>Avete ancora domande?<\/h3>\n<a href=\"https:\/\/ecoturbino.shop\/it\/contatto\/\" class=\"button secondary\" style=\"border-radius:5px;\">\n\t\t<span>Contatto diretto con il team ecoturbino<\/span>\n\t<i class=\"icon-angle-right\" aria-hidden=\"true\"><\/i><\/a>\n\n\n\n\t\t<\/div>\n\t\t\t\t\n<style>\n#col-1371108631 > .col-inner {\n  border-radius: 10px;\n}\n<\/style>\n\t<\/div>\n\n\t\n\n\n<style>\n#row-1529876308 > .col > .col-inner {\n  padding: 40px 20px 40px 20px;\n  background-color: rgb(244, 244, 244);\n}\n@media (min-width:550px) {\n  #row-1529876308 > .col > .col-inner {\n    padding: 40px 40px 40px 40px;\n  }\n}\n<\/style>\n<\/div>\n\n\t\t<\/div>\n\t\t\t\t\t<\/div>\n\n\t\n\n<\/div>\n\n\t\t<\/div>\n\n\t\t\n<style>\n#section_189233071 {\n  padding-top: 30px;\n  padding-bottom: 30px;\n}\n<\/style>\n\t<\/section>\n\t\n\t\t<\/div>\n\t\t\t\t\t<\/div>\n\n\t\n<\/div>","protected":false},"excerpt":{"rendered":"","protected":false},"author":1319,"featured_media":47649,"parent":0,"menu_order":0,"comment_status":"closed","ping_status":"closed","template":"page-blank.php","meta":{"inline_featured_image":false,"footnotes":""},"class_list":["post-7231","page","type-page","status-publish","has-post-thumbnail","hentry"],"_links":{"self":[{"href":"https:\/\/ecoturbino.shop\/it\/wp-json\/wp\/v2\/pages\/7231","targetHints":{"allow":["GET"]}}],"collection":[{"href":"https:\/\/ecoturbino.shop\/it\/wp-json\/wp\/v2\/pages"}],"about":[{"href":"https:\/\/ecoturbino.shop\/it\/wp-json\/wp\/v2\/types\/page"}],"author":[{"embeddable":true,"href":"https:\/\/ecoturbino.shop\/it\/wp-json\/wp\/v2\/users\/1319"}],"replies":[{"embeddable":true,"href":"https:\/\/ecoturbino.shop\/it\/wp-json\/wp\/v2\/comments?post=7231"}],"version-history":[{"count":0,"href":"https:\/\/ecoturbino.shop\/it\/wp-json\/wp\/v2\/pages\/7231\/revisions"}],"wp:featuredmedia":[{"embeddable":true,"href":"https:\/\/ecoturbino.shop\/it\/wp-json\/wp\/v2\/media\/47649"}],"wp:attachment":[{"href":"https:\/\/ecoturbino.shop\/it\/wp-json\/wp\/v2\/media?parent=7231"}],"curies":[{"name":"wp","href":"https:\/\/api.w.org\/{rel}","templated":true}]}}