{"id":48895,"date":"2024-01-23T19:21:07","date_gmt":"2024-01-23T18:21:07","guid":{"rendered":"https:\/\/en.ecoturbino.shop\/?page_id=48895"},"modified":"2024-01-23T19:21:07","modified_gmt":"2024-01-23T18:21:07","slug":"impact-2-2","status":"publish","type":"page","link":"https:\/\/ecoturbino.shop\/nl\/impact-2\/","title":{"rendered":"Geoptimaliseerde en zichtbare hygi\u00ebne in douches | douchekoppen"},"content":{"rendered":"<section class=\"section zindex1\" id=\"section_1527384835\">\n\t\t<div class=\"section-bg fill\" >\n\t\t\t\t\t\t\t\t\t\n\t\t\t\n\n\t\t<\/div>\n\n\t\t\n\n\t\t<div class=\"section-content relative\">\n\t\t\t\n<div class=\"row row-small\"  id=\"row-1520315776\">\n\n\t<div id=\"col-817921186\" class=\"col medium-9 small-12 large-9\"  >\n\t\t\t\t<div class=\"col-inner\"  >\n\t\t\t\n\t\t\t\n<h1 class=\"uppercase\">Geoptimaliseerde en zichtbare hygi\u00ebne in douche en bad<\/h1>\n<h3 class=\"thin-font\">de tweede impact van ecoturbino\u00ae waterbesparend milieubeschermend systeem<\/h3>\n<div class=\"row\"  id=\"row-752291386\">\n\n\t<div id=\"col-78818804\" class=\"col medium-11 small-12 large-11\"  >\n\t\t\t\t<div class=\"col-inner\"  >\n\t\t\t\n\t\t\t\n\t<div id=\"stack-2273591085\" class=\"stack stack-row justify-start items-start\">\n\t\t\n\t<div class=\"img has-hover x md-x lg-x y md-y lg-y\" id=\"image_1864401734\">\n\t\t<a class=\"\" href=\"\/nl\/impact-1\/\" >\t\t\t\t\t\t<div class=\"img-inner image-color dark\" >\n\t\t\t<img decoding=\"async\" width=\"100\" height=\"100\" src=\"https:\/\/ecoturbino.shop\/wp-content\/uploads\/2024\/01\/impact1.svg\" class=\"attachment-original size-original\" alt=\"\" \/>\t\t\t\t\t\t\n\t\t\t\t\t<\/div>\n\t\t\t\t\t\t<\/a>\t\t\n<style>\n#image_1864401734 {\n  width: 100%;\n}\n<\/style>\n\t<\/div>\n\t\n\t<div class=\"img has-hover x md-x lg-x y md-y lg-y\" id=\"image_1094580750\">\n\t\t\t\t\t\t\t\t<div class=\"img-inner dark\" >\n\t\t\t<img decoding=\"async\" width=\"100\" height=\"100\" src=\"https:\/\/ecoturbino.shop\/wp-content\/uploads\/2024\/01\/impact2.svg\" class=\"attachment-original size-original\" alt=\"\" \/>\t\t\t\t\t\t\n\t\t\t\t\t<\/div>\n\t\t\t\t\t\t\t\t\n<style>\n#image_1094580750 {\n  width: 100%;\n}\n<\/style>\n\t<\/div>\n\t\n\t<div class=\"img has-hover x md-x lg-x y md-y lg-y\" id=\"image_847271682\">\n\t\t<a class=\"\" href=\"\/nl\/impact-3-2\/\" >\t\t\t\t\t\t<div class=\"img-inner image-color dark\" >\n\t\t\t<img decoding=\"async\" width=\"100\" height=\"100\" src=\"https:\/\/ecoturbino.shop\/wp-content\/uploads\/2024\/01\/impact3.svg\" class=\"attachment-original size-original\" alt=\"\" \/>\t\t\t\t\t\t\n\t\t\t\t\t<\/div>\n\t\t\t\t\t\t<\/a>\t\t\n<style>\n#image_847271682 {\n  width: 100%;\n}\n<\/style>\n\t<\/div>\n\t\n\t<div class=\"img has-hover x md-x lg-x y md-y lg-y\" id=\"image_1375726158\">\n\t\t<a class=\"\" href=\"\/nl\/impact-4-2\/\" >\t\t\t\t\t\t<div class=\"img-inner image-color dark\" >\n\t\t\t<img decoding=\"async\" width=\"100\" height=\"100\" src=\"https:\/\/ecoturbino.shop\/wp-content\/uploads\/2024\/01\/impact4.svg\" class=\"attachment-original size-original\" alt=\"\" \/>\t\t\t\t\t\t\n\t\t\t\t\t<\/div>\n\t\t\t\t\t\t<\/a>\t\t\n<style>\n#image_1375726158 {\n  width: 100%;\n}\n<\/style>\n\t<\/div>\n\t\n\t<div class=\"img has-hover x md-x lg-x y md-y lg-y\" id=\"image_1074585426\">\n\t\t<a class=\"\" href=\"\/nl\/impact-5-2\/\" >\t\t\t\t\t\t<div class=\"img-inner image-color dark\" >\n\t\t\t<img decoding=\"async\" width=\"100\" height=\"100\" src=\"https:\/\/ecoturbino.shop\/wp-content\/uploads\/2024\/01\/impact5.svg\" class=\"attachment-original size-original\" alt=\"\" \/>\t\t\t\t\t\t\n\t\t\t\t\t<\/div>\n\t\t\t\t\t\t<\/a>\t\t\n<style>\n#image_1074585426 {\n  width: 100%;\n}\n<\/style>\n\t<\/div>\n\t\n\t<div class=\"img has-hover x md-x lg-x y md-y lg-y\" id=\"image_2068084663\">\n\t\t<a class=\"\" href=\"\/nl\/impact-6\/\" >\t\t\t\t\t\t<div class=\"img-inner image-color dark\" >\n\t\t\t<img decoding=\"async\" width=\"100\" height=\"100\" src=\"https:\/\/ecoturbino.shop\/wp-content\/uploads\/2024\/01\/impact6.svg\" class=\"attachment-original size-original\" alt=\"\" \/>\t\t\t\t\t\t\n\t\t\t\t\t<\/div>\n\t\t\t\t\t\t<\/a>\t\t\n<style>\n#image_2068084663 {\n  width: 100%;\n}\n<\/style>\n\t<\/div>\n\t\n\t<div class=\"img has-hover x md-x lg-x y md-y lg-y\" id=\"image_1061617390\">\n\t\t<a class=\"\" href=\"\/nl\/impact-7-2\/\" >\t\t\t\t\t\t<div class=\"img-inner image-color dark\" >\n\t\t\t<img decoding=\"async\" width=\"100\" height=\"100\" src=\"https:\/\/ecoturbino.shop\/wp-content\/uploads\/2024\/01\/impact7.svg\" class=\"attachment-original size-original\" alt=\"\" \/>\t\t\t\t\t\t\n\t\t\t\t\t<\/div>\n\t\t\t\t\t\t<\/a>\t\t\n<style>\n#image_1061617390 {\n  width: 100%;\n}\n<\/style>\n\t<\/div>\n\t\n\t\t\n<style>\n#stack-2273591085 > * {\n  --stack-gap: 1rem;\n}\n<\/style>\n\t<\/div>\n\t\n\t\t<\/div>\n\t\t\t\t\t<\/div>\n\n\t\n<\/div>\n\t\t<\/div>\n\t\t\t\t\t<\/div>\n\n\t\n\n\t<div id=\"col-699863930\" class=\"col medium-3 small-12 large-3\"  >\n\t\t\t\t<div class=\"col-inner\"  >\n\t\t\t\n\t\t\t\n\t<div class=\"img has-hover x md-x lg-x y md-y lg-y\" id=\"image_1770981960\">\n\t\t\t\t\t\t\t\t<div class=\"img-inner dark\" >\n\t\t\t<img decoding=\"async\" width=\"100\" height=\"100\" src=\"https:\/\/ecoturbino.shop\/wp-content\/uploads\/2024\/01\/impact2.svg\" class=\"attachment-original size-original\" alt=\"\" \/>\t\t\t\t\t\t\n\t\t\t\t\t<\/div>\n\t\t\t\t\t\t\t\t\n<style>\n#image_1770981960 {\n  width: 100%;\n}\n<\/style>\n\t<\/div>\n\t\n\t\t<\/div>\n\t\t\t\t\t<\/div>\n\n\t\n<\/div>\n<div class=\"row\"  id=\"row-972968543\">\n\n\t<div id=\"col-1778480979\" class=\"col small-12 large-12\"  >\n\t\t\t\t<div class=\"col-inner\"  >\n\t\t\t\n\t\t\t\n<div class=\"is-divider divider clearfix\" style=\"max-width:100%;height:1px;\"><\/div>\n<h3><span style=\"font-size: 120%;\">Schone douchekoppen en slangen | zijn een must voor hygi\u00ebnische douches in hotels, huizen, sportfaciliteiten, enz.<\/span><\/h3>\n<p>De <strong>douche-ervaring<\/strong> speelt een centrale rol in ons welzijn, of we nu thuis zijn, in hotels of andere accommodaties.<\/p>\n<p>Een ontspannende douche 's ochtends of na een lange dag kan het verschil maken tussen een goede en een geweldige dag. Maar wat als de <strong>douchekoppen en slangen<\/strong> die we gebruiken om onszelf te reinigen zijn zelf <strong>besmet met bacteri\u00ebn<\/strong>?<\/p>\n<p>Dit probleem kan niet alleen <strong>onhygi\u00ebnisch<\/strong> maar ook <strong>gezondheidsrisico's met zich meebrengen (legionellabesmetting).<\/strong> Dit is waar de innovatieve technologie van ecoturbino om de hoek komt kijken, niet alleen <strong>zorgen voor hygi\u00ebnisch schone douchekoppen en slangen<\/strong> Maar ook het minimaliseren van reinigingsinspanningen, het verminderen van kalkaanslag en afzettingen en het bevorderen van de gezondheid, met name op het gebied van legionellarisico.<\/p>\n\t<div id=\"gap-1610504709\" class=\"gap-element clearfix\" style=\"display:block; height:auto;\">\n\t\t\n<style>\n#gap-1610504709 {\n  padding-top: 30px;\n}\n<\/style>\n\t<\/div>\n\t\n<div class=\"row\"  id=\"row-155973015\">\n\n\t<div id=\"col-2081952936\" class=\"col medium-4 small-12 large-4\"  >\n\t\t\t\t<div class=\"col-inner\"  >\n\t\t\t\n\t\t\t\n\t<div class=\"img has-hover radius10 x md-x lg-x y md-y lg-y\" id=\"image_1723691338\">\n\t\t\t\t\t\t\t\t<div class=\"img-inner dark\" >\n\t\t\t<img decoding=\"async\" width=\"600\" height=\"600\" src=\"https:\/\/ecoturbino.shop\/wp-content\/uploads\/2024\/01\/shower-head_600.webp\" class=\"attachment-original size-original\" alt=\"Douchekop schoon\" srcset=\"https:\/\/ecoturbino.shop\/wp-content\/uploads\/2024\/01\/shower-head_600.webp 600w, https:\/\/ecoturbino.shop\/wp-content\/uploads\/2024\/01\/shower-head_600-470x470.webp 470w, https:\/\/ecoturbino.shop\/wp-content\/uploads\/2024\/01\/shower-head_600-340x340.webp 340w\" sizes=\"(max-width: 600px) 100vw, 600px\" \/>\t\t\t\t\t\t\n\t\t\t\t\t<\/div>\n\t\t\t\t\t\t\t\t\n<style>\n#image_1723691338 {\n  width: 100%;\n}\n<\/style>\n\t<\/div>\n\t\n\t\t<\/div>\n\t\t\t\t\t<\/div>\n\n\t\n\n\t<div id=\"col-1777701470\" class=\"col medium-8 small-12 large-8\"  >\n\t\t\t\t<div class=\"col-inner\"  >\n\t\t\t\n\t\t\t\n<h3>Waarom raken douchekoppen en -slangen besmet met bacteri\u00ebn?<\/h3>\n<p>Douchekoppen en slangen zijn om verschillende redenen gevoelig voor bacteri\u00eble besmetting. De belangrijkste reden is <strong>stilstaand water.<\/strong> Wanneer water stagneert in de leidingen en douchekop, zorgt dit voor een <strong>ideale broedplaats voor bacteri\u00ebn<\/strong> en andere micro-organismen.<\/p>\n<p>Wanneer douchekoppen en doucheslangen niet worden gebruikt, zoals wanneer je op vakantie gaat, kan de watertemperatuur in de douche afnemen. <strong>systemen van nature stijgt tot kamertemperatuur, waardoor besmetting en legionellagroei toenemen.<\/strong> door een veelvoud - een optimale broedplaats voor bacteri\u00ebn!<\/p>\n<p>Deze bacteri\u00ebn kunnen zich snel vermenigvuldigen in een warme en vochtige omgeving en kunnen<strong> gezondheidsproblemen veroorzaken (zoals <a href=\"https:\/\/en.wikipedia.org\/wiki\/Pneumonia\" target=\"_blank\" rel=\"noopener sponsored\">longontsteking<\/a><\/strong>). Een ander probleem is de<strong> vorming van kalk<\/strong> en andere afzettingen, die er niet alleen lelijk uitzien, maar ook <strong>de prestaties van de douchekop be\u00efnvloeden<\/strong> en kan leiden tot een ongelijkmatige waterverdeling.<\/p>\n\t\t<\/div>\n\t\t\t\t\t<\/div>\n\n\t\n<\/div>\n<div class=\"row\"  id=\"row-586976718\">\n\n\t<div id=\"col-1987834954\" class=\"col medium-6 small-12 large-6\"  >\n\t\t\t\t<div class=\"col-inner\"  >\n\t\t\t\n\t\t\t\n<h3>De oplossing voor schone douchekoppen en slangen: ecoturbino\u00ae<\/h3>\n<p>De Ecoturbino-technologie biedt een effectieve oplossing voor deze problemen. Het is ontworpen om douchekoppen en slangen continu af te voeren om stilstaand water te voorkomen. Dit heeft verschillende voordelen:<\/p>\n<ul>\n<li><strong>Hygi\u00ebne:<\/strong> Door douchekoppen en slangen na het douchen continu af te tappen, wordt het risico op bacteri\u00eble besmetting aanzienlijk verkleind. Zonder stilstaand water in de douchekop hebben bacteri\u00ebn en micro-organismen geen voedingsbodem.<\/li>\n<li><strong>Schoonmaakinspanning:<\/strong> De vervelende taak van het regelmatig reinigen van douchekoppen en slangen om aanslag en kalkaanslag te voorkomen, vervalt grotendeels. Dit bespaart tijd en moeite. De onderhoudsinspanningen worden aanzienlijk verminderd!<\/li>\n<li><strong>Kalk en aanslag:<\/strong> <a href=\"https:\/\/ecoturbino.shop\/nl\/kopen\/ecoturbino-et10l-douche-adapter-zilver\/\">Ecoturbino-technologie<\/a> helpt ook kalkaanslag en afzettingen in douchekoppen en slangen te verminderen. Dit verbetert niet alleen de levensduur van de doucheapparatuur, maar zorgt ook voor een consistente waterstroom en optimale prestaties.<\/li>\n<li><strong>Gezondheid:<\/strong> Het verminderen van het risico op legionella is bijzonder belangrijk. Legionella zijn bacteri\u00ebn die zich vermenigvuldigen in stilstaand water en ernstige gezondheidsproblemen kunnen veroorzaken wanneer ze via a\u00ebrosolen worden ingeademd. Ecoturbino helpt dit risico te minimaliseren en de gezondheid van gebruikers te beschermen.<\/li>\n<li><strong>Visuele reinheid:<\/strong> Douchekoppen die continu worden geleegd door de ecoturbino-technologie blijven altijd visueel schoon en aantrekkelijk. Dit draagt bij tot de algemene esthetiek van de badkamer.<\/li>\n<\/ul>\n\t\t<\/div>\n\t\t\t\t\t<\/div>\n\n\t\n\n\t<div id=\"col-100158900\" class=\"col medium-6 small-12 large-6\"  >\n\t\t\t\t<div class=\"col-inner\" style=\"background-color:#c0d63d;\" >\n\t\t\t\n\t\t\t\n\t<div id=\"text-3648426483\" class=\"text\">\n\t\t\n<h4 class=\"uppercase\">CONCLUSIE<\/h4>\n\t\t\n<style>\n#text-3648426483 {\n  font-size: 2rem;\n  text-align: right;\n  color: rgb(255, 255, 255);\n}\n#text-3648426483 > * {\n  color: rgb(255, 255, 255);\n}\n@media (min-width:850px) {\n  #text-3648426483 {\n    font-size: 3.5rem;\n  }\n}\n<\/style>\n\t<\/div>\n\t\n<h3>Perfecte badkamerhygi\u00ebne en meer dankzij ecoturbino<\/h3>\n<p><strong>ecoturbino<\/strong> biedt niet alleen <strong>hygi\u00ebnisch schone douchekoppen<\/strong> en slangen, maar draagt ook bij aan de algehele hygi\u00ebne in de badkamer. Omdat stilstaand water en de bijbehorende bacteri\u00eble problemen worden verminderd, wordt de algehele hygi\u00ebne van de badkamer verbeterd.<\/p>\n<p>Dit is vooral belangrijk in accommodaties zoals <strong>hotels, verpleeghuizen, <a href=\"https:\/\/maps.ecoturbino.shop\/directory-world\/categories\/medical\/\" target=\"_blank\" rel=\"noopener\">klinieken<\/a>, en pensions<\/strong>, evenals seizoensgebonden activiteiten en sportfaciliteiten, waar de veiligheid en het comfort van gasten en pati\u00ebnten topprioriteit hebben.<\/p>\n<p>Over het algemeen is ecoturbino een<strong> innovatieve oplossing voor een vaak over het hoofd gezien<\/strong> probleem. Schone douchekoppen en slangen zijn niet alleen <strong>esthetisch<\/strong> maar ook essentieel voor de gezondheid en het welzijn van gebruikers.<\/p>\n<p>Met ecoturbino kun je de<strong> douche-ervaring in hotels, huizen<\/strong>, en andere accommodaties naar een nieuw niveau, terwijl<strong> badkamerhygi\u00ebne optimaliseren.<\/strong><\/p>\n\t\t<\/div>\n\t\t\t\t\n<style>\n#col-100158900 > .col-inner {\n  padding: 10px 20px 1px 25px;\n  border-radius: 10px;\n}\n<\/style>\n\t<\/div>\n\n\t\n<\/div>\n<div class=\"video video-fit mb\" style=\"padding-top:56.25%;\"><p><iframe title=\"EASIEST Way To Clean Your Shower Head\ud83d\udca5(UNBELIEVABLE RESULT)!!!\" width=\"1020\" height=\"574\" src=\"https:\/\/www.youtube.com\/embed\/J7uwCSF8Ym0?feature=oembed\" frameborder=\"0\" allow=\"accelerometer; autoplay; clipboard-write; encrypted-media; gyroscope; picture-in-picture; web-share\" referrerpolicy=\"strict-origin-when-cross-origin\" allowfullscreen><\/iframe><\/p>\n<\/div>\n\t\t<\/div>\n\t\t\t\t\t<\/div>\n\n\t\n<\/div>\n\t\t<\/div>\n\n\t\t\n<style>\n#section_1527384835 {\n  padding-top: 30px;\n  padding-bottom: 30px;\n}\n<\/style>\n\t<\/section>","protected":false},"excerpt":{"rendered":"","protected":false},"author":1320,"featured_media":0,"parent":0,"menu_order":0,"comment_status":"closed","ping_status":"closed","template":"page-blank.php","meta":{"inline_featured_image":false,"footnotes":""},"class_list":["post-48895","page","type-page","status-publish","hentry"],"_links":{"self":[{"href":"https:\/\/ecoturbino.shop\/nl\/wp-json\/wp\/v2\/pages\/48895","targetHints":{"allow":["GET"]}}],"collection":[{"href":"https:\/\/ecoturbino.shop\/nl\/wp-json\/wp\/v2\/pages"}],"about":[{"href":"https:\/\/ecoturbino.shop\/nl\/wp-json\/wp\/v2\/types\/page"}],"author":[{"embeddable":true,"href":"https:\/\/ecoturbino.shop\/nl\/wp-json\/wp\/v2\/users\/1320"}],"replies":[{"embeddable":true,"href":"https:\/\/ecoturbino.shop\/nl\/wp-json\/wp\/v2\/comments?post=48895"}],"version-history":[{"count":0,"href":"https:\/\/ecoturbino.shop\/nl\/wp-json\/wp\/v2\/pages\/48895\/revisions"}],"wp:attachment":[{"href":"https:\/\/ecoturbino.shop\/nl\/wp-json\/wp\/v2\/media?parent=48895"}],"curies":[{"name":"wp","href":"https:\/\/api.w.org\/{rel}","templated":true}]}}