{"id":50140,"date":"2024-05-24T12:05:41","date_gmt":"2024-05-24T10:05:41","guid":{"rendered":"https:\/\/en.ecoturbino.shop\/?page_id=50140"},"modified":"2025-08-15T11:39:54","modified_gmt":"2025-08-15T09:39:54","slug":"aanbestedingstekst-2","status":"publish","type":"page","link":"https:\/\/ecoturbino.shop\/nl\/tender-text\/","title":{"rendered":"Aanbestedingstekst voor ingenieursbureaus, architecten en planningsbureaus"},"content":{"rendered":"<div class=\"banner has-hover\" id=\"banner-198742571\">\n          <div class=\"banner-inner fill\">\n        <div class=\"banner-bg fill\" >\n            <img decoding=\"async\" width=\"2000\" height=\"230\" src=\"https:\/\/ecoturbino.shop\/wp-content\/uploads\/2024\/05\/tender-ecourbino_2000.webp\" class=\"bg attachment-original size-original\" alt=\"aanbesteding-ecourbino_2000\" \/>                        <div class=\"overlay\"><\/div>            \n                    <\/div>\n\t\t\n        <div class=\"banner-layers container\">\n            <div class=\"fill banner-link\"><\/div>            \n   <div id=\"text-box-1435707014\" class=\"text-box banner-layer x50 md-x50 lg-x50 y50 md-y50 lg-y50 res-text\">\n                                <div class=\"text-box-content text dark\">\n              \n              <div class=\"text-inner text-center\">\n                  \n\t<div id=\"text-3515669042\" class=\"text\">\n\t\t\n<h1>AANBOD TEKST<\/h1>\n<h1><span style=\"font-size: 80%;\">voor ingenieursbureaus, architecten en planningsbureaus<\/span><\/h1>\n\t\t\n<style>\n#text-3515669042 {\n  font-size: 0.75rem;\n}\n@media (min-width:550px) {\n  #text-3515669042 {\n    font-size: 1.05rem;\n  }\n}\n<\/style>\n\t<\/div>\n\t\n              <\/div>\n           <\/div>\n                            \n<style>\n#text-box-1435707014 {\n  width: 100%;\n}\n#text-box-1435707014 .text-box-content {\n  font-size: 100%;\n}\n@media (min-width:550px) {\n  #text-box-1435707014 {\n    width: 91%;\n  }\n}\n@media (min-width:850px) {\n  #text-box-1435707014 {\n    width: 100%;\n  }\n}\n<\/style>\n    <\/div>\n \n        <\/div>\n      <\/div>\n\n            \n<style>\n#banner-198742571 {\n  padding-top: 200px;\n}\n#banner-198742571 .overlay {\n  background-color: rgba(0, 0, 0, 0.5);\n}\n@media (min-width:550px) {\n  #banner-198742571 {\n    padding-top: 190px;\n  }\n}\n@media (min-width:850px) {\n  #banner-198742571 {\n    padding-top: 190px;\n  }\n}\n<\/style>\n  <\/div>\n\n\n<div class=\"row\"  id=\"row-1766663543\">\n\n\t<div id=\"col-714211516\" class=\"col small-12 large-12\"  >\n\t\t\t\t<div class=\"col-inner\"  >\n\t\t\t\n\t\t\t\n<h2>Aanbestedingstekst voor ingenieursbureaus, architecten en planningsbureaus voor de inrichting van hotels, ziekenhuizen, sportcentra, enz.<\/h2>\n<p>Openbare aanbesteding voor de aankoop van waterbesparende technologie\u00ebn<\/p>\n<div class=\"is-divider divider clearfix\" style=\"max-width:100%;height:1px;\"><\/div>\n<ol>\n<li><strong>Onderwerp van de aanbesteding<\/strong><br \/>\nDe openbare instelling (Naam van de instelling) schrijft een aanbesteding uit voor de levering en installatie van innovatieve waterbesparende systemen om het waterverbruik te verminderen en de hygi\u00ebnische normen in douches en gootstenen te verbeteren. Het doel is om het waterverbruik in de sanitaire voorzieningen (bijv. gemeenschappen, scholen, overheden, sportfaciliteiten en openbare gebouwen en nieuwbouw) van de instelling duurzaam te verminderen, biofilmvorming te voorkomen, het risico op legionella te verminderen en de afvoerfunctie van douchekoppen en voornamelijk doucheslangen te garanderen.<\/li>\n<li><strong>Beschrijving van het bereik van de services<\/strong><br \/>\n- Levering: Levering van de waterbesparende systemen in de vereiste hoeveelheden en uitvoeringen binnen 3 kalenderweken.<br \/>\n- Installatie: Professionele installatie van de geleverde waterbesparende systemen in de sanitaire voorzieningen.<br \/>\n- Opleiding: Training van personeel over de werking en het onderhoud van de waterbesparende systemen.<br \/>\n- Onderhoud: Optioneel onderhoudscontract voor regelmatige inspectie en onderhoud van de ge\u00efnstalleerde systemen in overeenstemming met de wettelijke vereisten.<\/li>\n<li><strong>Vereisten voor bieders<\/strong><br \/>\n- Bewijs van technische en professionele geschiktheid voor de levering en installatie van waterbesparende technologie\u00ebn (T\u00dcV-certificaat, hygi\u00ebnerapport over gezondheid).<br \/>\n- Minstens 15 jaar ervaring en referenties in de installatie van waterbesparende systemen.<br \/>\n- Voorzien in een onderhoudsconcept.<br \/>\n- Kwaliteitscertificering volgens Ecolabel of Oostenrijks Eco-label.<br \/>\n- Openbaarmaking van het EORI-nummer.<br \/>\n- Het aanbieden van een trainingsprogramma voor het personeel van de instelling.<\/li>\n<li><strong>Technische specificaties<\/strong><br \/>\n- De aangeboden waterbesparende systemen moeten een vermindering van het waterverbruik met minstens 40% mogelijk maken. Maximale stroomsnelheid van 6 tot 9 liter\/uur bij volledig geopende douches en 5 tot 6 liter voor gootstenen. Basis is de EU - Taxonomy Regulation in haar huidige vorm (vanaf 2024):<br \/>\n<a href=\"https:\/\/eur-lex.europa.eu\/eli\/reg\/2020\/852\/oj\" rel=\"noopener\">Verordening - 2020\/852 - NL - taxonomieverordening - EUR-Lex (europa.eu)<\/a><br \/>\n<a href=\"https:\/\/www.bmk.gv.at\/green-finance\/finanzen\/eu-strategie\/eu-taxonomie-vo.html\" rel=\"noopener\">EU-Taxonomieverordening (bmk.gv.at)<\/a><br \/>\n- Compatibel met gangbare douchesystemen en kranen, verkrijgbaar als retrofitsysteem.<br \/>\n- Eenvoudige installatie zonder grote bouwkundige inspanningen.<br \/>\n- Drainagefunctie van het systeem om biofilmvorming te voorkomen.<br \/>\n- Mechanismen om het risico op legionella te verminderen.<br \/>\n- Afvoerfunctie bij de armatuur om stilstaand water in douchekoppen na het douchen te voorkomen.<br \/>\n- 10 jaar functionele garantie als duurzaamheidskenmerk.<\/li>\n<li><strong>Gunningscriteria<\/strong><br \/>\nHet contract zal worden gegund aan de economisch meest voordelige inschrijving, rekening houdend met de volgende criteria:<br \/>\nPrijs (20%)<br \/>\nKwaliteit en technische kenmerken van de aangeboden waterbesparende systemen (50%)<br \/>\nService, inclusief installatie, training en onderhoud (10%)<br \/>\n10 jaar garantie op reserveonderdelen (10%)<br \/>\nBewijs van besparingsberekening T\u00dcV - gecertificeerd (10%) gedetailleerde uitsplitsing naar waterkwantiteit - afvalwaterkosten - energiekosten - CO2-reductie<\/li>\n<li><strong>Indienen van offertes<\/strong><br \/>\nGe\u00efnteresseerde bedrijven wordt verzocht hun offerte v\u00f3\u00f3r (datum) schriftelijk in te dienen op het volgende adres<br \/>\n(Naam en adres van de openbare instelling)<\/li>\n<li><strong>Bezoek<\/strong><br \/>\nEen bezoek ter plaatse voor de te moderniseren sanitaire voorzieningen wordt aangeboden op (datum) om (tijd). Het trefpunt is (locatie).<\/li>\n<li><strong>Neem contact op met<\/strong><br \/>\nVoor vragen en meer informatie kunt u contact opnemen met (Naam contactpersoon) op (telefoonnummer) of per e-mail op (e-mailadres).<\/li>\n<\/ol>\n<div class=\"is-divider divider clearfix\" style=\"max-width:100%;height:1px;\"><\/div>\n<p>De publieke organisatie kijkt uit naar uw aanbiedingen en de gezamenlijke implementatie van duurzaam waterbeheer.<\/p>\n\t<div id=\"gap-312430426\" class=\"gap-element clearfix\" style=\"display:block; height:auto;\">\n\t\t\n<style>\n#gap-312430426 {\n  padding-top: 30px;\n}\n<\/style>\n\t<\/div>\n\t\n\t\t<\/div>\n\t\t\t\t\t<\/div>\n\n\t\n<\/div>","protected":false},"excerpt":{"rendered":"","protected":false},"author":1320,"featured_media":49835,"parent":0,"menu_order":0,"comment_status":"closed","ping_status":"closed","template":"page-blank.php","meta":{"inline_featured_image":false,"footnotes":""},"class_list":["post-50140","page","type-page","status-publish","has-post-thumbnail","hentry"],"_links":{"self":[{"href":"https:\/\/ecoturbino.shop\/nl\/wp-json\/wp\/v2\/pages\/50140","targetHints":{"allow":["GET"]}}],"collection":[{"href":"https:\/\/ecoturbino.shop\/nl\/wp-json\/wp\/v2\/pages"}],"about":[{"href":"https:\/\/ecoturbino.shop\/nl\/wp-json\/wp\/v2\/types\/page"}],"author":[{"embeddable":true,"href":"https:\/\/ecoturbino.shop\/nl\/wp-json\/wp\/v2\/users\/1320"}],"replies":[{"embeddable":true,"href":"https:\/\/ecoturbino.shop\/nl\/wp-json\/wp\/v2\/comments?post=50140"}],"version-history":[{"count":0,"href":"https:\/\/ecoturbino.shop\/nl\/wp-json\/wp\/v2\/pages\/50140\/revisions"}],"wp:featuredmedia":[{"embeddable":true,"href":"https:\/\/ecoturbino.shop\/nl\/wp-json\/wp\/v2\/media\/49835"}],"wp:attachment":[{"href":"https:\/\/ecoturbino.shop\/nl\/wp-json\/wp\/v2\/media?parent=50140"}],"curies":[{"name":"wp","href":"https:\/\/api.w.org\/{rel}","templated":true}]}}