{"id":11170,"date":"2016-02-05T21:31:25","date_gmt":"2016-02-05T20:31:25","guid":{"rendered":"http:\/\/shop.pronatur24.eu\/?page_id=11170"},"modified":"2025-06-25T00:02:38","modified_gmt":"2025-06-24T22:02:38","slug":"zakaznici-svajciarsko-lichtenstajnsko","status":"publish","type":"page","link":"https:\/\/ecoturbino.shop\/sk\/customers-switzerland-liechtenstein\/","title":{"rendered":"Inform\u00e1cie pre z\u00e1kazn\u00edkov zo \u0160vaj\u010diarska a Lichten\u0161tajnska"},"content":{"rendered":"<div class=\"banner has-hover\" id=\"banner-1335843564\">\n          <div class=\"banner-inner fill\">\n        <div class=\"banner-bg fill\" >\n            <img decoding=\"async\" width=\"2000\" height=\"230\" src=\"https:\/\/ecoturbino.shop\/wp-content\/uploads\/2023\/08\/schweiz-liechtenstein-webdeals_2000.webp\" class=\"bg attachment-original size-original\" alt=\"\u0160vaj\u010diarsko Hlavi\u010dka\" \/>                        <div class=\"overlay\"><\/div>            \n                    <\/div>\n\t\t\n        <div class=\"banner-layers container\">\n            <div class=\"fill banner-link\"><\/div>            \n   <div id=\"text-box-893587950\" class=\"text-box banner-layer x50 md-x50 lg-x50 y50 md-y50 lg-y50 res-text\">\n                                <div class=\"text-box-content text dark\">\n              \n              <div class=\"text-inner text-center\">\n                  \n<h1>\u0160VAJ\u010cIARSKO \/LI + TRETIE KRAJINY<\/h1>\n              <\/div>\n           <\/div>\n                            \n<style>\n#text-box-893587950 {\n  width: 97%;\n}\n#text-box-893587950 .text-box-content {\n  font-size: 100%;\n}\n@media (min-width:550px) {\n  #text-box-893587950 {\n    width: 80%;\n  }\n}\n@media (min-width:850px) {\n  #text-box-893587950 {\n    width: 83%;\n  }\n}\n<\/style>\n    <\/div>\n \n        <\/div>\n      <\/div>\n\n            \n<style>\n#banner-1335843564 {\n  padding-top: 110px;\n}\n#banner-1335843564 .overlay {\n  background-color: rgba(0,0,0,.5);\n}\n@media (min-width:550px) {\n  #banner-1335843564 {\n    padding-top: 170px;\n  }\n}\n@media (min-width:850px) {\n  #banner-1335843564 {\n    padding-top: 190px;\n  }\n}\n<\/style>\n  <\/div>\n\n\n<div class=\"row\"  id=\"row-2101104556\">\n\n\t<div id=\"col-481485205\" class=\"col medium-8 small-12 large-8\"  >\n\t\t\t\t<div class=\"col-inner\"  >\n\t\t\t\n\t\t\t\n<h2 class=\"headlinefocus\">Doru\u010dujeme priamo do \u0160vaj\u010diarska, Lichten\u0161tajnska a tret\u00edch kraj\u00edn (susedn\u00fdch \u0161t\u00e1tov E\u00da). Sledujte \u010fal\u0161ie krajiny!<\/h2>\n<p>Na tejto str\u00e1nke osobitne upozor\u0148ujeme na mo\u017enos\u0165 objedna\u0165 si tovar zo \u0160vaj\u010diarska a Lichten\u0161tajnska. <strong> Za obsah na v\u00fdvoz do tret\u00edch kraj\u00edn mimo E\u00da sa pova\u017euj\u00fa tieto \u00fadaje. <\/strong><\/p>\n<ul>\n<li>Ak \u017eijete vo \u0160vaj\u010diarsku\/Lichten\u0161tajnsku a chcete si ho necha\u0165 doru\u010di\u0165 priamo do \u0160vaj\u010diarska\/Lichten\u0161tajnska, m\u00f4\u017eete si ho k\u00fapi\u0165 okam\u017eite bez dane z predaja.<\/li>\n<li>Va\u0161u objedn\u00e1vku za\u0161leme prostredn\u00edctvom Rak\u00faskej po\u0161ty. \u0160vaj\u010diarsku dovozn\u00fa da\u0148, ako aj niektor\u00e9 poplatky za platbu alebo spracovanie vypo\u010d\u00edtava \u0161vaj\u010diarska po\u0161ta pri doru\u010den\u00ed bal\u00edka.<\/li>\n<li>Tovar v hodnote do 100 \u20ac zasielame ako poisten\u00fa z\u00e1sielku. O roz\u0161\u00edrenej poistnej sume do max. 510 \u20ac rozhodnete sami ako o pr\u00e9miovej z\u00e1sielke s r\u00fdchlej\u0161ou dobou prepravy. Upozor\u0148ujeme, \u017ee poistn\u00e1 suma predstavuje maxim\u00e1lnu v\u00fd\u0161ku \u0161kody pri strate bal\u00edka.<\/li>\n<li>Objedn\u00e1vky s prepravnou hmotnos\u0165ou od 20 kg s\u00fa relat\u00edvne drah\u00e9. Od prepravnej hmotnosti 30 kg u\u017e nie je mo\u017en\u00e1 priama objedn\u00e1vka v obchode. V pr\u00edpade v\u00e4\u010d\u0161ej objedn\u00e1vky odpor\u00fa\u010dame kontaktova\u0165 n\u00e1s priamo, aby sme mohli objasni\u0165 primerane atrakt\u00edvnu zasielate\u013esk\u00fa prepravu. Plat\u00ed to najm\u00e4 pre v\u00fdrobky s vy\u0161\u0161ou hmotnos\u0165ou, ako s\u00fa farby na pl\u00e1tno alebo tapety na pl\u00e1tno.<\/li>\n<\/ul>\n\t\t<\/div>\n\t\t\t\t\t<\/div>\n\n\t\n\n\t<div id=\"col-920835859\" class=\"col medium-4 small-12 large-4\"  >\n\t\t\t\t<div class=\"col-inner text-center\"  >\n\t\t\t\n\t\t\t\n\t<div id=\"ux-lottie-3375409440\" class=\"ux-lottie\">\n\t\t\t\t<lottie-player class=\"ux-lottie__player\" data-params=\"{&quot;src&quot;:&quot;https:\\\/\\\/ecoturbino.shop\\\/wp-content\\\/uploads\\\/2023\\\/08\\\/swiss-flag-move.json&quot;,&quot;loop&quot;:true,&quot;autoplay&quot;:true,&quot;controls&quot;:false,&quot;speed&quot;:&quot;1&quot;,&quot;direction&quot;:1,&quot;trigger&quot;:&quot;&quot;,&quot;mouseout&quot;:&quot;&quot;,&quot;start&quot;:0,&quot;end&quot;:100,&quot;scrollActionType&quot;:&quot;seek&quot;,&quot;visibilityStart&quot;:0,&quot;visibilityEnd&quot;:100,&quot;id&quot;:&quot;ux-lottie-3375409440&quot;}\"><\/lottie-player>\n\t\t\t\t\n<style>\n#ux-lottie-3375409440 {\n  width: 100%;\n  height: 300px;\n}\n<\/style>\n\t<\/div>\n\t\n\t\t<\/div>\n\t\t\t\t\t<\/div>\n\n\t\n\n\t<div id=\"col-970589600\" class=\"col small-12 large-12\"  >\n\t\t\t\t<div class=\"col-inner\"  >\n\t\t\t\n\t\t\t\n<a href=\"https:\/\/en.ecoturbino.shop\/shippingcosts\/\" class=\"button primary is-larger expand\" style=\"border-radius:10px;\">\n\t\t<span>Prepravn\u00e9 n\u00e1klady pre \u0160vaj\u010diarsko, Lichten\u0161tajnsko a TRETIE KRAJINY<\/span>\n\t<\/a>\n\n\t<div id=\"gap-1589466468\" class=\"gap-element clearfix\" style=\"display:block; height:auto;\">\n\t\t\n<style>\n#gap-1589466468 {\n  padding-top: 15px;\n}\n<\/style>\n\t<\/div>\n\t\n<div class=\"is-divider divider clearfix\" style=\"max-width:100%;height:1px;\"><\/div>\n<h3><strong> <span style=\"font-size: 120%;\"> PARCEL SERVICE, alternat\u00edva k priamej preprave do \u0160vaj\u010diarska a Lichten\u0161tajnska<br \/>\n<\/span> <\/strong><\/h3>\n<p>Alternat\u00edvou k priamej preprave bez dane je doru\u010denie na adresu v r\u00e1mci E\u00da v bl\u00edzkosti \u0161vaj\u010diarskych hran\u00edc, ak si tovar doveziete sami alebo vyu\u017eijete z\u00e1sielkov\u00fa slu\u017ebu. Hlavnou v\u00fdhodou je tu poistenie cel\u00e9ho bal\u00edka a\u017e po jeho odovzdanie na doru\u010dovacej adrese v r\u00e1mci E\u00da a n\u00e1klady na dopravu by sa tie\u017e mohli zn\u00ed\u017ei\u0165.<\/p>\n<h3>Pou\u017e\u00edvanie bal\u00edkovej slu\u017eby v pohrani\u010dnej oblasti<\/h3>\n<p>V z\u00e1vislosti od ponuky bal\u00edkovej slu\u017eby ju mo\u017eno pou\u017ei\u0165 v\u00fdlu\u010dne ako doru\u010dovaciu adresu s mo\u017enos\u0165ou samostatn\u00e9ho dovozu alebo ako doru\u010dovaciu slu\u017ebu na po\u017eadovan\u00fa dom\u00e1cu adresu.<\/p>\n<p>Ak je vybran\u00e1 bal\u00edkov\u00e1 slu\u017eba plnohodnotnou bal\u00edkovou slu\u017ebou, objedn\u00e1vka bude prepraven\u00e1 priamo na va\u0161u adresu vo \u0160vaj\u010diarsku alebo Lichten\u0161tajnsku. Bal\u00edkov\u00e1 slu\u017eba sa potom postar\u00e1 o v\u0161etky coln\u00e9 formality za v\u00e1s, ako aj o \u010fal\u0161iu prepravu na va\u0161u adresu. Podrobnosti z\u00edskate priamo od po\u017eadovan\u00e9ho poskytovate\u013ea alebo na jeho webovej str\u00e1nke.<\/p>\n<p>Ni\u017e\u0161ie s\u00fa uveden\u00ed traja zn\u00e1mi poskytovatelia, ktor\u00fdch u\u017e vyu\u017eili na\u0161i \u0161vaj\u010diarski z\u00e1kazn\u00edci. Aj ke\u010f zo strany PROnatur24\u00ae nevyd\u00e1vame \u017eiadne odpor\u00fa\u010dania, pri porovn\u00e1van\u00ed webov\u00fdch str\u00e1nok sme mohli nadobudn\u00fa\u0165 dojem, \u017ee \u201cmeineinkauf.ch\u201d pon\u00faka z\u00e1kazn\u00edkovi najv\u00fdraznej\u0161ie portf\u00f3lio online samoobsluhy.<\/p>\n\t<div id=\"gap-1890325701\" class=\"gap-element clearfix\" style=\"display:block; height:auto;\">\n\t\t\n<style>\n#gap-1890325701 {\n  padding-top: 30px;\n}\n<\/style>\n\t<\/div>\n\t\n<div class=\"row align-bottom row-divided\"  id=\"row-776986062\">\n\n\t<div id=\"col-338168621\" class=\"col medium-4 small-12 large-4\"  >\n\t\t\t\t<div class=\"col-inner text-center\"  >\n\t\t\t\n\t\t\t\n\t<div class=\"img has-hover x md-x lg-x y md-y lg-y\" id=\"image_1605119069\">\n\t\t<a class=\"\" href=\"https:\/\/meineinkauf.ch\/einkaufen\/\" target=\"_blank\" rel=\"sponsored noopener\">\t\t\t\t\t\t<div class=\"img-inner dark\" >\n\t\t\t<img decoding=\"async\" width=\"842\" height=\"264\" src=\"https:\/\/ecoturbino.shop\/wp-content\/uploads\/2023\/08\/meineinkaufch-logo.svg\" class=\"attachment-original size-original\" alt=\"Logo spolo\u010dnosti MeinEinkauf\" \/>\t\t\t\t\t\t\n\t\t\t\t\t<\/div>\n\t\t\t\t\t\t<\/a>\t\t\n<style>\n#image_1605119069 {\n  width: 75%;\n}\n<\/style>\n\t<\/div>\n\t\n<p>MeinEinkauf GmbH<br \/>\nMaybachstra\u00dfe 19<br \/>\n78467 Konstanz<br \/>\nDEUTSCHLAND<\/p>\n<a href=\"https:\/\/meineinkauf.ch\/einkaufen\/\" target=\"_blank\" class=\"button primary\" rel=\"sponsored noopener\" style=\"border-radius:10px;\">\n\t\t<span>www.meineinkauf.ch<\/span>\n\t<\/a>\n\n\t\t<\/div>\n\t\t\t\t\t<\/div>\n\n\t\n\n\t<div id=\"col-1039376467\" class=\"col medium-4 small-12 large-4\"  >\n\t\t\t\t<div class=\"col-inner text-center\"  >\n\t\t\t\n\t\t\t\n\t<div class=\"img has-hover x md-x lg-x y md-y lg-y\" id=\"image_54578879\">\n\t\t<a class=\"\" href=\"https:\/\/swiss-paket.de\" target=\"_blank\" rel=\"sponsored noopener\">\t\t\t\t\t\t<div class=\"img-inner dark\" >\n\t\t\t<img decoding=\"async\" width=\"900\" height=\"270\" src=\"https:\/\/ecoturbino.shop\/wp-content\/uploads\/2023\/08\/swisspaket-logo.png\" class=\"attachment-original size-original\" alt=\"Logo Swiss Paket\" srcset=\"https:\/\/ecoturbino.shop\/wp-content\/uploads\/2023\/08\/swisspaket-logo.png 900w, https:\/\/ecoturbino.shop\/wp-content\/uploads\/2023\/08\/swisspaket-logo-470x141.png 470w, https:\/\/ecoturbino.shop\/wp-content\/uploads\/2023\/08\/swisspaket-logo-635x191.png 635w, https:\/\/ecoturbino.shop\/wp-content\/uploads\/2023\/08\/swisspaket-logo-800x240.png 800w\" sizes=\"(max-width: 900px) 100vw, 900px\" \/>\t\t\t\t\t\t\n\t\t\t\t\t<\/div>\n\t\t\t\t\t\t<\/a>\t\t\n<style>\n#image_54578879 {\n  width: 75%;\n}\n<\/style>\n\t<\/div>\n\t\n<p>Swiss Paket \/ HAM OHG<br \/>\nSchn\u00f6tring 9<br \/>\n79804 Dogern<br \/>\nDEUTSCHLAND<\/p>\n<a href=\"https:\/\/swiss-paket.de\/filialen\" target=\"_blank\" class=\"button primary\" rel=\"sponsored noopener\" style=\"border-radius:10px;\">\n\t\t<span>www.swiss-paket.de<\/span>\n\t<\/a>\n\n\t\t<\/div>\n\t\t\t\t\t<\/div>\n\n\t\n\n\t<div id=\"col-925354461\" class=\"col medium-4 small-12 large-4\"  >\n\t\t\t\t<div class=\"col-inner text-center\"  >\n\t\t\t\n\t\t\t\n\t<div class=\"img has-hover x md-x lg-x y md-y lg-y\" id=\"image_407672180\">\n\t\t<a class=\"\" href=\"https:\/\/grenzpaket.ch\" target=\"_blank\" rel=\"sponsored noopener\">\t\t\t\t\t\t<div class=\"img-inner dark\" >\n\t\t\t<img decoding=\"async\" width=\"450\" height=\"94\" src=\"https:\/\/ecoturbino.shop\/wp-content\/uploads\/2023\/08\/grenzpaket-logo.png\" class=\"attachment-original size-original\" alt=\"Logo Grenzpaket\" srcset=\"https:\/\/ecoturbino.shop\/wp-content\/uploads\/2023\/08\/grenzpaket-logo.png 450w, https:\/\/ecoturbino.shop\/wp-content\/uploads\/2023\/08\/grenzpaket-logo-304x64.png 304w\" sizes=\"(max-width: 450px) 100vw, 450px\" \/>\t\t\t\t\t\t\n\t\t\t\t\t<\/div>\n\t\t\t\t\t\t<\/a>\t\t\n<style>\n#image_407672180 {\n  width: 75%;\n}\n<\/style>\n\t<\/div>\n\t\n<p>Grenzpaket GmbH<br \/>\nHirsacker 14<br \/>\n78244 Gottmadingen<br \/>\nDEUTSCHLAND<\/p>\n<a href=\"https:\/\/www.grenzpaket.ch\/de\/lieferadresse-deutschland-oesterreich\" target=\"_blank\" class=\"button primary\" rel=\"sponsored noopener\" style=\"border-radius:10px;\">\n\t\t<span>www.grenzpaket.ch<\/span>\n\t<\/a>\n\n\t\t<\/div>\n\t\t\t\t\t<\/div>\n\n\t\n<\/div>\n\t\t<\/div>\n\t\t\t\t\t<\/div>\n\n\t\n\n<\/div>\n<div class=\"row\"  id=\"row-1955284163\">\n\n\t<div id=\"col-744548735\" class=\"col small-12 large-12\"  >\n\t\t\t\t<div class=\"col-inner\"  >\n\t\t\t\n\t\t\t\n<a href=\"https:\/\/en.ecoturbino.shop\/contact\/\" class=\"button secondary is-larger expand\" style=\"border-radius:10px;\">\n\t\t<span>\u010eal\u0161ie ot\u00e1zky t\u00fdkaj\u00face sa DOPRAVY DO ZAHRANI\u010cIA? Vyu\u017eite na\u0161u hor\u00facu linku!<\/span>\n\t<\/a>\n\n<div class=\"is-divider divider clearfix\" style=\"max-width:100%;height:1px;\"><\/div>\n<p>S v\u00fdnimkou tla\u010dov\u00fdch a typografick\u00fdch ch\u00fdb. Stav: 01.10.2023.<\/p>\n\t\t<\/div>\n\t\t\t\t\t<\/div>\n\n\t\n<\/div>","protected":false},"excerpt":{"rendered":"","protected":false},"author":1319,"featured_media":47649,"parent":0,"menu_order":0,"comment_status":"closed","ping_status":"closed","template":"page-blank.php","meta":{"inline_featured_image":false,"footnotes":""},"class_list":["post-11170","page","type-page","status-publish","has-post-thumbnail","hentry"],"_links":{"self":[{"href":"https:\/\/ecoturbino.shop\/sk\/wp-json\/wp\/v2\/pages\/11170","targetHints":{"allow":["GET"]}}],"collection":[{"href":"https:\/\/ecoturbino.shop\/sk\/wp-json\/wp\/v2\/pages"}],"about":[{"href":"https:\/\/ecoturbino.shop\/sk\/wp-json\/wp\/v2\/types\/page"}],"author":[{"embeddable":true,"href":"https:\/\/ecoturbino.shop\/sk\/wp-json\/wp\/v2\/users\/1319"}],"replies":[{"embeddable":true,"href":"https:\/\/ecoturbino.shop\/sk\/wp-json\/wp\/v2\/comments?post=11170"}],"version-history":[{"count":0,"href":"https:\/\/ecoturbino.shop\/sk\/wp-json\/wp\/v2\/pages\/11170\/revisions"}],"wp:featuredmedia":[{"embeddable":true,"href":"https:\/\/ecoturbino.shop\/sk\/wp-json\/wp\/v2\/media\/47649"}],"wp:attachment":[{"href":"https:\/\/ecoturbino.shop\/sk\/wp-json\/wp\/v2\/media?parent=11170"}],"curies":[{"name":"wp","href":"https:\/\/api.w.org\/{rel}","templated":true}]}}