{"id":26038,"date":"2019-01-02T00:48:41","date_gmt":"2019-01-01T23:48:41","guid":{"rendered":"https:\/\/en.ecoturbino.shop\/?page_id=26038"},"modified":"2023-10-13T12:11:28","modified_gmt":"2023-10-13T10:11:28","slug":"recenzie","status":"publish","type":"page","link":"https:\/\/ecoturbino.shop\/sk\/reviews\/","title":{"rendered":"Recenzie"},"content":{"rendered":"<div class=\"banner has-hover\" id=\"banner-1904162543\">\n          <div class=\"banner-inner fill\">\n        <div class=\"banner-bg fill\" >\n            <img decoding=\"async\" width=\"2000\" height=\"230\" src=\"https:\/\/ecoturbino.shop\/wp-content\/uploads\/2023\/08\/bewertungen-reviews-webdeals_2000.webp\" class=\"bg attachment-original size-original\" alt=\"Referencie Hlavi\u010dka\" \/>                        <div class=\"overlay\"><\/div>            \n                    <\/div>\n\t\t\n        <div class=\"banner-layers container\">\n            <div class=\"fill banner-link\"><\/div>            \n   <div id=\"text-box-1056339876\" class=\"text-box banner-layer x50 md-x50 lg-x50 y50 md-y50 lg-y50 res-text\">\n                                <div class=\"text-box-content text dark\">\n              \n              <div class=\"text-inner text-center\">\n                  \n<h1>RECENZIE<\/h1>\n              <\/div>\n           <\/div>\n                            \n<style>\n#text-box-1056339876 {\n  width: 53%;\n}\n#text-box-1056339876 .text-box-content {\n  font-size: 100%;\n}\n@media (min-width:550px) {\n  #text-box-1056339876 {\n    width: 32%;\n  }\n}\n@media (min-width:850px) {\n  #text-box-1056339876 {\n    width: 23%;\n  }\n}\n<\/style>\n    <\/div>\n \n        <\/div>\n      <\/div>\n\n            \n<style>\n#banner-1904162543 {\n  padding-top: 110px;\n}\n#banner-1904162543 .overlay {\n  background-color: rgba(0,0,0,.5);\n}\n@media (min-width:550px) {\n  #banner-1904162543 {\n    padding-top: 170px;\n  }\n}\n@media (min-width:850px) {\n  #banner-1904162543 {\n    padding-top: 190px;\n  }\n}\n<\/style>\n  <\/div>\n\n\n<div class=\"row\"  id=\"row-309443213\">\n\n\t<div id=\"col-1466300217\" class=\"col medium-8 small-12 large-8\"  >\n\t\t\t\t<div class=\"col-inner\"  >\n\t\t\t\n\t\t\t\n<h2 class=\"headlinefocus\">RECENZIE. Tu hovoria len na\u0161i klienti, bez v\u00fdnimky!<\/h2>\n<p>Tu je anglick\u00fd preklad poskytnut\u00e9ho obsahu:<\/p>\n<p>Tu si m\u00f4\u017eete pozrie\u0165 sk\u00fasenosti na\u0161ich z\u00e1kazn\u00edkov, priamo sa vyjadri\u0165 a sp\u00fdta\u0165 sa v\u0161etk\u00fdch zostaven\u00fdch.<\/p>\n<p>A ak\u00e9 s\u00fa va\u0161e sk\u00fasenosti s na\u0161imi v\u00fdrobkami na \u00fasporu vody? Pode\u013ete sa s nami o svoje osobn\u00e9 sk\u00fasenosti s v\u00fdrobkami. Svojou sp\u00e4tnou v\u00e4zbou n\u00e1m akt\u00edvne pom\u00f4\u017eete oslovi\u0165 e\u0161te viac \u013eud\u00ed a spolo\u010dne budeme \u0161etri\u0165 zdroje.<\/p>\n<p>\u010eakujeme za cel\u00fd t\u00edm ecoturbino\u00ae!<\/p>\n\t<div id=\"gap-2096427325\" class=\"gap-element clearfix\" style=\"display:block; height:auto;\">\n\t\t\n<style>\n#gap-2096427325 {\n  padding-top: 15px;\n}\n<\/style>\n\t<\/div>\n\t\n\t\t<\/div>\n\t\t\t\t\t<\/div>\n\n\t\n\n\t<div id=\"col-328290086\" class=\"col medium-4 small-12 large-4\"  >\n\t\t\t\t<div class=\"col-inner\"  >\n\t\t\t\n\t\t\t\n\n\t<div id=\"col-574431549\" class=\"col small-12 large-12\"  >\n\t\t\t\t<div class=\"col-inner dark\" style=\"background-color:#1499d6;\" >\n\t\t\t\n\t\t\t\n\n\t<section class=\"section\" id=\"section_427664386\">\n\t\t<div class=\"section-bg fill\" >\n\t\t\t\t\t\t\t\t\t\n\t\t\t\n\n\t\t<\/div>\n\n\t\t\n\t<div class=\"ux-shape-divider ux-shape-divider--bottom ux-shape-divider--style-curve-opacity\">\n\t\t<svg viewbox=\"0 0 1000 100\" xmlns=\"http:\/\/www.w3.org\/2000\/svg\" preserveaspectratio=\"none\">\n\t\t<path class=\"ux-shape-fill\" opacity=\"0.15\" d=\"M0 14C0 14 88.64 17.48 300 50C560 90 814 77 1003 40L1015 68L1018 104H0V14Z\"\/>\n\t\t<path class=\"ux-shape-fill\" opacity=\"0.3\" d=\"M0 45C0 45 271 90.13 500 77C657 68 830 30 1015 14V100H0V45Z\"\/>\n\t\t<path class=\"ux-shape-fill\" d=\"M0 58C0 58 188.29 90 508 90C798 90 1002 55 1002 55V100H0V58Z\"\/>\n<\/svg>\n\t<\/div>\n\n\t\t<div class=\"section-content relative\">\n\t\t\t\n\t<div id=\"text-3858947161\" class=\"text\">\n\t\t\n<h3><a href=\"\/sk\/kontakt\/\">Pode\u013ete sa o svoje osobn\u00e9 sk\u00fasenosti!<\/a><\/h3>\n\t\t\n<style>\n#text-3858947161 {\n  font-size: 1.4rem;\n  line-height: 1;\n  text-align: center;\n}\n<\/style>\n\t<\/div>\n\t\n\t<div id=\"gap-429621479\" class=\"gap-element clearfix\" style=\"display:block; height:auto;\">\n\t\t\n<style>\n#gap-429621479 {\n  padding-top: 30px;\n}\n<\/style>\n\t<\/div>\n\t\n\t\t<\/div>\n\n\t\t\n<style>\n#section_427664386 {\n  padding-top: 30px;\n  padding-bottom: 30px;\n  background-color: #199bc5;\n}\n#section_427664386 .ux-shape-divider--bottom svg {\n  height: 150px;\n  --divider-width: 200%;\n}\n<\/style>\n\t<\/section>\n\t\n\t\t<\/div>\n\t\t\t\t\n<style>\n#col-574431549 > .col-inner {\n  border-radius: 10px;\n}\n<\/style>\n\t<\/div>\n\n\t\n\t<div id=\"text-373925754\" class=\"text hidden\">\n\t\t\n<div class=\"cr-trustbadgef\"><div class=\"cr-badge badge_size_small badge_color_dark cr-trustbadge-border\" style=\"background-color:#3d3d3d;\">\n\n\t<div class=\"badge__store\">ecoturbino\u00ae<\/div>\n\n\t<div class=\"badge__nowrap\">\n\t\t<div class=\"badge__stars\">\n\t\t\t\t\t\t\t<div class=\"badge__star\">\n\t\t\t\t\t<div class=\"badge__star-icon badge__star-icon_type_empty\"><\/div>\n\t\t\t\t\t<div class=\"badge__star-icon badge__star-icon_type_fill\" style=\"width: 0%\"><\/div>\n\t\t\t\t<\/div>\n\t\t\t\t\t\t\t<div class=\"badge__star\">\n\t\t\t\t\t<div class=\"badge__star-icon badge__star-icon_type_empty\"><\/div>\n\t\t\t\t\t<div class=\"badge__star-icon badge__star-icon_type_fill\" style=\"width: 0%\"><\/div>\n\t\t\t\t<\/div>\n\t\t\t\t\t\t\t<div class=\"badge__star\">\n\t\t\t\t\t<div class=\"badge__star-icon badge__star-icon_type_empty\"><\/div>\n\t\t\t\t\t<div class=\"badge__star-icon badge__star-icon_type_fill\" style=\"width: 0%\"><\/div>\n\t\t\t\t<\/div>\n\t\t\t\t\t\t\t<div class=\"badge__star\">\n\t\t\t\t\t<div class=\"badge__star-icon badge__star-icon_type_empty\"><\/div>\n\t\t\t\t\t<div class=\"badge__star-icon badge__star-icon_type_fill\" style=\"width: 0%\"><\/div>\n\t\t\t\t<\/div>\n\t\t\t\t\t\t\t<div class=\"badge__star\">\n\t\t\t\t\t<div class=\"badge__star-icon badge__star-icon_type_empty\"><\/div>\n\t\t\t\t\t<div class=\"badge__star-icon badge__star-icon_type_fill\" style=\"width: 0%\"><\/div>\n\t\t\t\t<\/div>\n\t\t\t\t\t<\/div>\n\n\t\t<div class=\"badge__verified verified\">\n\t\t\t<div class=\"verified__logo\"><\/div>\n\t\t\t<div class=\"verified__text\">Nez\u00e1visle overen\u00e9<\/div>\n\t\t<\/div>\n\t<\/div>\n\n\t<div class=\"badge__rating rating\">\n\t\t\t\t\t<span class=\"rating__store\">0.00 hodnotenie obchodu<\/span> <span class=\"rating__reviews\">(0 hodnoten\u00ed)<\/span> | <span class=\"rating__product\">0.00 hodnotenie produktu<\/span>\n\t\t\t<\/div>\n\n\t\t\t<a href=\"https:\/\/www.cusrev.com\/sk\/reviews\/ecoturbino\" rel=\"nofollow noopener noreferrer\" target=\"_blank\" aria-label=\"ecoturbino\u00ae\">\n\t\t\t<span class=\"badge__link\"><\/span>\n\t\t<\/a>\n\t\n<\/div>\n<\/div>\n\t\t\t<\/div>\n\t\n\t\t<\/div>\n\t\t\t\t\t<\/div>\n\n\t\n\n<\/div>","protected":false},"excerpt":{"rendered":"","protected":false},"author":1319,"featured_media":47649,"parent":0,"menu_order":0,"comment_status":"closed","ping_status":"closed","template":"page-blank.php","meta":{"inline_featured_image":false,"footnotes":""},"class_list":["post-26038","page","type-page","status-publish","has-post-thumbnail","hentry"],"_links":{"self":[{"href":"https:\/\/ecoturbino.shop\/sk\/wp-json\/wp\/v2\/pages\/26038","targetHints":{"allow":["GET"]}}],"collection":[{"href":"https:\/\/ecoturbino.shop\/sk\/wp-json\/wp\/v2\/pages"}],"about":[{"href":"https:\/\/ecoturbino.shop\/sk\/wp-json\/wp\/v2\/types\/page"}],"author":[{"embeddable":true,"href":"https:\/\/ecoturbino.shop\/sk\/wp-json\/wp\/v2\/users\/1319"}],"replies":[{"embeddable":true,"href":"https:\/\/ecoturbino.shop\/sk\/wp-json\/wp\/v2\/comments?post=26038"}],"version-history":[{"count":0,"href":"https:\/\/ecoturbino.shop\/sk\/wp-json\/wp\/v2\/pages\/26038\/revisions"}],"wp:featuredmedia":[{"embeddable":true,"href":"https:\/\/ecoturbino.shop\/sk\/wp-json\/wp\/v2\/media\/47649"}],"wp:attachment":[{"href":"https:\/\/ecoturbino.shop\/sk\/wp-json\/wp\/v2\/media?parent=26038"}],"curies":[{"name":"wp","href":"https:\/\/api.w.org\/{rel}","templated":true}]}}