{"id":47883,"date":"2023-10-03T01:25:02","date_gmt":"2023-10-02T23:25:02","guid":{"rendered":"https:\/\/en.ecoturbino.shop\/?page_id=47883"},"modified":"2023-10-04T00:02:31","modified_gmt":"2023-10-03T22:02:31","slug":"obchodna-oblast","status":"publish","type":"page","link":"https:\/\/ecoturbino.shop\/sk\/merchant-area\/","title":{"rendered":"Obchodn\u00e1 oblas\u0165"},"content":{"rendered":"<div class=\"banner has-hover\" id=\"banner-1484638679\">\n          <div class=\"banner-inner fill\">\n        <div class=\"banner-bg fill\" >\n            <img decoding=\"async\" width=\"2000\" height=\"230\" src=\"https:\/\/ecoturbino.shop\/wp-content\/uploads\/2023\/09\/wasser-faq-2000.webp\" class=\"bg attachment-original size-original\" alt=\"Kateg\u00f3ria vody\" \/>                        <div class=\"overlay\"><\/div>            \n                    <\/div>\n\t\t\n        <div class=\"banner-layers container\">\n            <div class=\"fill banner-link\"><\/div>            \n   <div id=\"text-box-67276759\" class=\"text-box banner-layer x50 md-x50 lg-x50 y50 md-y50 lg-y50 res-text\">\n                                <div class=\"text-box-content text dark\">\n              \n              <div class=\"text-inner text-center\">\n                  \n<h1>OBCHODN\u00cdK | IN\u0160TALAT\u00c9R<\/h1>\n              <\/div>\n           <\/div>\n                            \n<style>\n#text-box-67276759 {\n  width: 84%;\n}\n#text-box-67276759 .text-box-content {\n  font-size: 100%;\n}\n@media (min-width:550px) {\n  #text-box-67276759 {\n    width: 75%;\n  }\n}\n@media (min-width:850px) {\n  #text-box-67276759 {\n    width: 79%;\n  }\n}\n<\/style>\n    <\/div>\n \n        <\/div>\n      <\/div>\n\n            \n<style>\n#banner-1484638679 {\n  padding-top: 110px;\n}\n#banner-1484638679 .overlay {\n  background-color: rgba(0,0,0,.5);\n}\n@media (min-width:550px) {\n  #banner-1484638679 {\n    padding-top: 170px;\n  }\n}\n@media (min-width:850px) {\n  #banner-1484638679 {\n    padding-top: 190px;\n  }\n}\n<\/style>\n  <\/div>\n\n\n<div class=\"row\"  id=\"row-984940172\">\n\n\t<div id=\"col-1931923213\" class=\"col medium-6 small-12 large-6\"  >\n\t\t\t\t<div class=\"col-inner\"  >\n\t\t\t\n\t\t\t\n<h2 class=\"headlinefocus\">Va\u0161a registr\u00e1cia ako obchodn\u00edka, in\u0161talat\u00e9ra at\u010f.<\/h2>\n<p>Po registr\u00e1cii dostanete \u010do najsk\u00f4r podmienky predajcu.<\/p>\n<p>Je ve\u013emi pravdepodobn\u00e9, \u017ee v\u00e1m zavol\u00e1me osobne na \u00favodn\u00e9 zozn\u00e1menie a vysvetl\u00edme v\u00e1m funkcie obchodu.<\/p>\n<p>Ak m\u00e1te z\u00e1ujem o osobn\u00fd rozhovor pred registr\u00e1ciou, m\u00f4\u017eete n\u00e1s kontaktova\u0165 priamo na adrese T <a href=\"tel:+4369918180000\">+43 699 18180000<\/a><\/p>\n<p>Te\u0161\u00edme sa na stretnutie s vami!<\/p>\n<div class=\"row\"  id=\"row-510838007\">\n\n\t<div id=\"col-530769678\" class=\"col small-12 large-12\"  >\n\t\t\t\t<div class=\"col-inner dark\"  >\n\t\t\t\n\t\t\t\n<div class=\"accordion\">\n\t<div id=\"accordion-1323068833\" class=\"accordion-item\">\n\t\t<a id=\"accordion-1323068833-label\" class=\"accordion-title plain\" href=\"#accordion-item-click-and-register-as-a-merchant,-installer,-or-similar.\" aria-expanded=\"false\" aria-controls=\"accordion-1323068833-content\">\n\t\t\t<button class=\"toggle\" aria-label=\"Prep\u00edna\u010d\"><i class=\"icon-angle-down\" aria-hidden=\"true\"><\/i><\/button>\n\t\t\t<span>Kliknite a zaregistrujte sa ako obchodn\u00edk, in\u0161talat\u00e9r alebo podobne.<\/span>\n\t\t<\/a>\n\t\t<div id=\"accordion-1323068833-content\" class=\"accordion-inner\" aria-labelledby=\"accordion-1323068833-label\">\n\t\t\t\n\n<div class=\"wpcf7 no-js\" id=\"wpcf7-f47918-o1\" lang=\"en-GB\" dir=\"ltr\" data-wpcf7-id=\"47918\">\n<div class=\"screen-reader-response\"><p role=\"status\" aria-live=\"polite\" aria-atomic=\"true\"><\/p> <ul><\/ul><\/div>\n<form action=\"\/sk\/wp-json\/wp\/v2\/pages\/47883#wpcf7-f47918-o1\" method=\"post\" class=\"wpcf7-form init\" aria-label=\"Contact form\" enctype=\"multipart\/form-data\" novalidate=\"novalidate\" data-status=\"init\" data-trp-original-action=\"\/sk\/wp-json\/wp\/v2\/pages\/47883#wpcf7-f47918-o1\">\n<fieldset class=\"hidden-fields-container\"><input type=\"hidden\" name=\"_wpcf7\" value=\"47918\" \/><input type=\"hidden\" name=\"_wpcf7_version\" value=\"6.1.5\" \/><input type=\"hidden\" name=\"_wpcf7_locale\" value=\"en_GB\" \/><input type=\"hidden\" name=\"_wpcf7_unit_tag\" value=\"wpcf7-f47918-o1\" \/><input type=\"hidden\" name=\"_wpcf7_container_post\" value=\"0\" \/><input type=\"hidden\" name=\"_wpcf7_posted_data_hash\" value=\"\" \/>\n<\/fieldset>\n<p><span class=\"wpcf7-form-control-wrap\" data-name=\"vorname10\"><input size=\"60\" maxlength=\"100\" class=\"wpcf7-form-control wpcf7-text wpcf7-validates-as-required\" aria-required=\"true\" aria-invalid=\"false\" placeholder=\"Kres\u0165ansk\u00e9 meno\" value=\"\" type=\"text\" name=\"vorname10\" \/><\/span><span class=\"wpcf7-form-control-wrap\" data-name=\"nachname10\"><input size=\"60\" maxlength=\"100\" class=\"wpcf7-form-control wpcf7-text wpcf7-validates-as-required\" aria-required=\"true\" aria-invalid=\"false\" placeholder=\"Priezvisko\" value=\"\" type=\"text\" name=\"nachname10\" \/><\/span>\n<\/p>\n<p><span class=\"wpcf7-form-control-wrap\" data-name=\"unternehmen10\"><input size=\"60\" maxlength=\"100\" class=\"wpcf7-form-control wpcf7-text wpcf7-validates-as-required\" aria-required=\"true\" aria-invalid=\"false\" placeholder=\"N\u00e1zov spolo\u010dnosti\" value=\"\" type=\"text\" name=\"unternehmen10\" \/><\/span>\n<\/p>\n<p><span class=\"wpcf7-form-control-wrap\" data-name=\"gewerbe10\"><select class=\"wpcf7-form-control wpcf7-select wpcf7-validates-as-required\" aria-required=\"true\" aria-invalid=\"false\" name=\"gewerbe10\"><option value=\"\">&#8212;Please choose an option&#8212;<\/option><option value=\"Trade\">Obchod<\/option><option value=\"Installer\">In\u0161talat\u00e9r<\/option><option value=\"Others\">In\u00e9<\/option><\/select><\/span>\n<\/p>\n<p><span class=\"wpcf7-form-control-wrap\" data-name=\"firmenbuch10\"><input size=\"60\" maxlength=\"100\" class=\"wpcf7-form-control wpcf7-text\" aria-invalid=\"false\" placeholder=\"Registra\u010dn\u00e9 \u010d\u00edslo spolo\u010dnosti \/ I\u010c DPH (ak je to vhodn\u00e9)\" value=\"\" type=\"text\" name=\"firmenbuch10\" \/><\/span>\n<\/p>\n<p><span class=\"wpcf7-form-control-wrap\" data-name=\"email10\"><input size=\"60\" maxlength=\"100\" class=\"wpcf7-form-control wpcf7-email wpcf7-validates-as-required wpcf7-text wpcf7-validates-as-email\" aria-required=\"true\" aria-invalid=\"false\" placeholder=\"@email-address\" value=\"\" type=\"email\" name=\"email10\" \/><\/span>\n<\/p>\n<p><span class=\"wpcf7-form-control-wrap\" data-name=\"telefon10\"><input size=\"30\" maxlength=\"50\" class=\"wpcf7-form-control wpcf7-text wpcf7-validates-as-required\" aria-required=\"true\" aria-invalid=\"false\" placeholder=\"Telef\u00f3nne \u010d\u00edslo\" value=\"\" type=\"text\" name=\"telefon10\" \/><\/span>\n<\/p>\n<p><span class=\"wpcf7-form-control-wrap\" data-name=\"homepage10\"><input size=\"60\" maxlength=\"100\" class=\"wpcf7-form-control wpcf7-text\" aria-invalid=\"false\" placeholder=\"Webov\u00e1 str\u00e1nka (ak je k dispoz\u00edcii)\" value=\"\" type=\"text\" name=\"homepage10\" \/><\/span>\n<\/p>\n<p><span class=\"wpcf7-form-control-wrap\" data-name=\"nachricht10\"><textarea cols=\"60\" rows=\"10\" maxlength=\"500\" class=\"wpcf7-form-control wpcf7-textarea wpcf7-validates-as-required\" aria-required=\"true\" aria-invalid=\"false\" placeholder=\"Kde a ako pred\u00e1vate? S ak\u00fdmi produktmi obchodujete?\" name=\"nachricht10\"><\/textarea><\/span>\n<\/p>\n<p><span class=\"wpcf7-form-control-wrap\" data-name=\"erfahren10\"><textarea cols=\"60\" rows=\"1\" maxlength=\"200\" class=\"wpcf7-form-control wpcf7-textarea wpcf7-validates-as-required\" aria-required=\"true\" aria-invalid=\"false\" placeholder=\"Ako ste n\u00e1s na\u0161li?\" name=\"erfahren10\"><\/textarea><\/span>\n<\/p>\n<p>Nahrajte \u017eivnostensk\u00e9 opr\u00e1vnenie alebo obchodn\u00e9 \u010d\u00edslo (.pdf\/.jpg): <span class=\"wpcf7-form-control-wrap\" data-name=\"gewerbeschein10\"><input size=\"40\" class=\"wpcf7-form-control wpcf7-file wpcf7-validates-as-required\" accept=\".jpg,.pdf,.gif,.png,.doc,.docx,.odt\" aria-required=\"true\" aria-invalid=\"false\" type=\"file\" name=\"gewerbeschein10\" \/><\/span>\n<\/p>\n<div class=\"wpcf7-turnstile cf-turnstile\" data-sitekey=\"0x4AAAAAAALCOGxAMe4ujVPQ\" data-response-field-name=\"_wpcf7_turnstile_response\"><\/div>\n<p><input class=\"wpcf7-form-control wpcf7-submit has-spinner\" type=\"submit\" value=\"Odosla\u0165\" \/>\n<\/p><div class=\"wpcf7-response-output\" aria-hidden=\"true\"><\/div>\n<input type=\"hidden\" name=\"trp-form-language\" value=\"sk\"\/><\/form>\n<\/div>\n\n\t\t<\/div>\n\t<\/div>\n\t\n\t<div id=\"accordion-3286217656\" class=\"accordion-item\">\n\t\t<a id=\"accordion-3286217656-label\" class=\"accordion-title plain\" href=\"#accordion-item-click-for-the-affiliate-program\" aria-expanded=\"false\" aria-controls=\"accordion-3286217656-content\">\n\t\t\t<button class=\"toggle\" aria-label=\"Prep\u00edna\u010d\"><i class=\"icon-angle-down\" aria-hidden=\"true\"><\/i><\/button>\n\t\t\t<span>Kliknite pre partnersk\u00fd program<\/span>\n\t\t<\/a>\n\t\t<div id=\"accordion-3286217656-content\" class=\"accordion-inner\" aria-labelledby=\"accordion-3286217656-label\">\n\t\t\t\n<a href=\"\/sk\/partnersky-program\/\" class=\"button white\" >\n\t<i class=\"icon-plus\" aria-hidden=\"true\"><\/i>\t<span>Inform\u00e1cie o partnerovi + registr\u00e1cia<\/span>\n\t<\/a>\n\n\t\t<\/div>\n\t<\/div>\n\t\n<\/div>\n\t\t<\/div>\n\t\t\t\t\t<\/div>\n\n\t\n\n<style>\n#row-510838007 > .col > .col-inner {\n  background-color: rgb(119, 119, 119);\n  border-radius: 10px;\n}\n<\/style>\n<\/div>\n\t\t<\/div>\n\t\t\t\t\t<\/div>\n\n\t\n\n\t<div id=\"col-673609313\" class=\"col medium-6 small-12 large-6\"  >\n\t\t\t\t<div class=\"col-inner\"  >\n\t\t\t\n\t\t\t\n<a href=\"https:\/\/ecoturbino.shop\/sk\/moj-ucet\/\" class=\"button secondary is-xlarge reveal-icon expand\" style=\"border-radius:10px;\">\n\t\t<span>Na prihl\u00e1senie<\/span>\n\t<i class=\"icon-user\" aria-hidden=\"true\"><\/i><\/a>\n\n<p>Ak sa chcete zaregistrova\u0165, kliknite na tla\u010didlo vy\u0161\u0161ie alebo na ikonu \u00fa\u010dtu ved\u013ea n\u00e1kupn\u00e9ho ko\u0161\u00edka.<\/p>\n\t<div class=\"img has-hover radius10 x md-x lg-x y md-y lg-y\" id=\"image_1693131980\">\n\t\t\t\t\t\t\t\t<div class=\"img-inner dark\" >\n\t\t\t<img decoding=\"async\" width=\"600\" height=\"220\" src=\"https:\/\/ecoturbino.shop\/wp-content\/uploads\/2023\/10\/merchant-login_600.webp\" class=\"attachment-original size-original\" alt=\"Hlavi\u010dka prihl\u00e1senia obchodn\u00edka\" srcset=\"https:\/\/ecoturbino.shop\/wp-content\/uploads\/2023\/10\/merchant-login_600.webp 600w, https:\/\/ecoturbino.shop\/wp-content\/uploads\/2023\/10\/merchant-login_600-470x172.webp 470w\" sizes=\"(max-width: 600px) 100vw, 600px\" \/>\t\t\t\t\t\t\t<div class=\"overlay\" style=\"background-color: rgba(0, 0, 0, 0.1)\"><\/div>\n\t\t\t\t\t\t\n\t\t\t\t\t<\/div>\n\t\t\t\t\t\t\t\t\n<style>\n#image_1693131980 {\n  width: 100%;\n}\n<\/style>\n\t<\/div>\n\t\n\t\t<\/div>\n\t\t\t\t\t<\/div>\n\n\t\n<\/div>\n\t<div id=\"gap-799713073\" class=\"gap-element clearfix\" style=\"display:block; height:auto;\">\n\t\t\n<style>\n#gap-799713073 {\n  padding-top: 30px;\n}\n<\/style>\n\t<\/div>\n\t\n\n\t<section class=\"section\" id=\"section_1093973922\">\n\t\t<div class=\"section-bg fill\" >\n\t\t\t\t\t\t\t\t\t\n\t\t\t\n\n\t\t<\/div>\n\n\t\t\n\n\t\t<div class=\"section-content relative\">\n\t\t\t\n<div class=\"row\"  id=\"row-1030079440\">\n\n\t<div id=\"col-1077063611\" class=\"col medium-4 small-12 large-4\"  >\n\t\t\t\t<div class=\"col-inner\"  >\n\t\t\t\n\t\t\t\n<h3>Kontakt | Podpora obchodn\u00edkov<\/h3>\n<p><strong>ecoturbino\u00ae Obchod pod\u013ea<br \/>Webdeals Shops GmbH<\/strong><br \/>Holzbodenweg 6<br \/>AT- 6858 Schwarzach<\/p>\n<p>E: <a href=\"mailto:wholesale@ecoturbino.shop\">wholesale@ecoturbino.shop<\/a><br \/>T: <a href=\"tel:+4369918180000\">+43 699 18180000<\/a><\/p>\n<div class=\"is-divider divider clearfix\" style=\"max-width:small;\"><\/div>\n<p><a href=\"\/sk\/sposoby-platby\/\">Sp\u00f4soby platby<\/a> | <a href=\"\/sk\/naklady-na-dopravu\/\">N\u00e1klady na dopravu<\/a><\/p>\n\t\t<\/div>\n\t\t\t\t\t<\/div>\n\n\t\n\n\t<div id=\"col-1034696311\" class=\"col medium-8 small-12 large-8\"  >\n\t\t\t\t<div class=\"col-inner\"  >\n\t\t\t\n\t\t\t\n\t<div class=\"img has-hover x md-x lg-x y md-y lg-y\" id=\"image_1724944594\">\n\t\t\t\t\t\t\t\t<div class=\"img-inner dark\" >\n\t\t\t<img decoding=\"async\" width=\"1222\" height=\"580\" src=\"https:\/\/ecoturbino.shop\/wp-content\/uploads\/2023\/10\/ecoturbino-produkte.webp\" class=\"attachment-original size-original\" alt=\"\" srcset=\"https:\/\/ecoturbino.shop\/wp-content\/uploads\/2023\/10\/ecoturbino-produkte.webp 1222w, https:\/\/ecoturbino.shop\/wp-content\/uploads\/2023\/10\/ecoturbino-produkte-470x223.webp 470w, https:\/\/ecoturbino.shop\/wp-content\/uploads\/2023\/10\/ecoturbino-produkte-635x301.webp 635w, https:\/\/ecoturbino.shop\/wp-content\/uploads\/2023\/10\/ecoturbino-produkte-800x380.webp 800w\" sizes=\"(max-width: 1222px) 100vw, 1222px\" \/>\t\t\t\t\t\t\n\t\t\t\t\t<\/div>\n\t\t\t\t\t\t\t\t\n<style>\n#image_1724944594 {\n  width: 100%;\n}\n<\/style>\n\t<\/div>\n\t\n\t\t<\/div>\n\t\t\t\t\n<style>\n#col-1034696311 > .col-inner {\n  margin: 0px 0px -30px 0px;\n}\n<\/style>\n\t<\/div>\n\n\t\n<\/div>\n\t\t<\/div>\n\n\t\t\n<style>\n#section_1093973922 {\n  padding-top: 30px;\n  padding-bottom: 30px;\n}\n<\/style>\n\t<\/section>","protected":false},"excerpt":{"rendered":"","protected":false},"author":1319,"featured_media":47649,"parent":0,"menu_order":0,"comment_status":"closed","ping_status":"closed","template":"page-blank.php","meta":{"inline_featured_image":false,"footnotes":""},"class_list":["post-47883","page","type-page","status-publish","has-post-thumbnail","hentry"],"_links":{"self":[{"href":"https:\/\/ecoturbino.shop\/sk\/wp-json\/wp\/v2\/pages\/47883","targetHints":{"allow":["GET"]}}],"collection":[{"href":"https:\/\/ecoturbino.shop\/sk\/wp-json\/wp\/v2\/pages"}],"about":[{"href":"https:\/\/ecoturbino.shop\/sk\/wp-json\/wp\/v2\/types\/page"}],"author":[{"embeddable":true,"href":"https:\/\/ecoturbino.shop\/sk\/wp-json\/wp\/v2\/users\/1319"}],"replies":[{"embeddable":true,"href":"https:\/\/ecoturbino.shop\/sk\/wp-json\/wp\/v2\/comments?post=47883"}],"version-history":[{"count":0,"href":"https:\/\/ecoturbino.shop\/sk\/wp-json\/wp\/v2\/pages\/47883\/revisions"}],"wp:featuredmedia":[{"embeddable":true,"href":"https:\/\/ecoturbino.shop\/sk\/wp-json\/wp\/v2\/media\/47649"}],"wp:attachment":[{"href":"https:\/\/ecoturbino.shop\/sk\/wp-json\/wp\/v2\/media?parent=47883"}],"curies":[{"name":"wp","href":"https:\/\/api.w.org\/{rel}","templated":true}]}}