{"id":49029,"date":"2024-02-05T01:24:18","date_gmt":"2024-02-05T00:24:18","guid":{"rendered":"https:\/\/en.ecoturbino.shop\/?page_id=49029"},"modified":"2024-02-06T11:24:51","modified_gmt":"2024-02-06T10:24:51","slug":"hotelvoucher","status":"publish","type":"page","link":"https:\/\/ecoturbino.shop\/sk\/hotelvoucher\/","title":{"rendered":"\u017diados\u0165 o poukaz 50% | 1x ecoturbino Deluxe Set, strieborn\u00e1"},"content":{"rendered":"<div class=\"banner has-hover\" id=\"banner-1630349183\">\n          <div class=\"banner-inner fill\">\n        <div class=\"banner-bg fill\" >\n            <img decoding=\"async\" width=\"800\" height=\"92\" src=\"https:\/\/ecoturbino.shop\/wp-content\/uploads\/2023\/10\/water-faq-2000-sw-800x92-1.webp\" class=\"bg attachment-original size-original\" alt=\"\" \/>                        <div class=\"overlay\"><\/div>            \n                    <\/div>\n\t\t\n        <div class=\"banner-layers container\">\n            <div class=\"fill banner-link\"><\/div>            \n   <div id=\"text-box-1302590866\" class=\"text-box banner-layer x50 md-x50 lg-x50 y50 md-y50 lg-y50 res-text\">\n                                <div class=\"text-box-content text dark\">\n              \n              <div class=\"text-inner text-center\">\n                  \n\t<div id=\"text-4274932867\" class=\"text\">\n\t\t\n<h1>50% \u017dIADOS\u0164 O Z\u013dAVOV\u00dd KUP\u00d3N<\/h1>\n<h3>Pravda o hotelov\u00fdch k\u00fape\u013eniach: Predch\u00e1dzajte plytvaniu!<\/h3>\n\t\t\n<style>\n#text-4274932867 {\n  font-size: 0.75rem;\n}\n<\/style>\n\t<\/div>\n\t\n              <\/div>\n           <\/div>\n                            \n<style>\n#text-box-1302590866 {\n  width: 88%;\n}\n#text-box-1302590866 .text-box-content {\n  font-size: 100%;\n}\n@media (min-width:550px) {\n  #text-box-1302590866 {\n    width: 100%;\n  }\n}\n@media (min-width:850px) {\n  #text-box-1302590866 {\n    width: 86%;\n  }\n}\n<\/style>\n    <\/div>\n \n        <\/div>\n      <\/div>\n\n            \n<style>\n#banner-1630349183 {\n  padding-top: 230px;\n}\n#banner-1630349183 .overlay {\n  background-color: rgba(0, 0, 0, 0.5);\n}\n@media (min-width:550px) {\n  #banner-1630349183 {\n    padding-top: 200px;\n  }\n}\n@media (min-width:850px) {\n  #banner-1630349183 {\n    padding-top: 190px;\n  }\n}\n<\/style>\n  <\/div>\n\n\n<div class=\"row\"  id=\"row-935969754\">\n\n\t<div id=\"col-331718134\" class=\"col medium-8 small-12 large-8\"  >\n\t\t\t\t<div class=\"col-inner\"  >\n\t\t\t\n\t\t\t\n<p><span style=\"color: #555555;\">V podnikan\u00ed nikto nem\u00e1 \u010das na dlh\u00e9 vysvet\u013eovanie. Preto: Nav\u0161t\u00edvte n\u00e1\u0161 medzin\u00e1rodn\u00fd port\u00e1l <\/span><strong style=\"color: #555555;\">\u201c<a href=\"https:\/\/ecoturbino.eu\/\" target=\"_blank\" rel=\"noopener\">Slovo ecoturbino<\/a>\u201c<\/strong><span style=\"color: #555555;\"> a presved\u010dte sa, ako na\u0161i partneri po celom svete vyu\u017e\u00edvaj\u00fa v\u00fdhody <\/span><strong style=\"color: #555555;\">\u201cecoturbino - origin\u00e1l\u201d<\/strong><span style=\"color: #555555;\">.<\/span><\/p>\n<blockquote><p>V\u00e1\u0161 \u010fal\u0161\u00ed krok: vy\u017eiadajte si poukaz 50% TERAZ, objednajte si <a href=\"https:\/\/ecoturbino.shop\/sk\/buy\/ecoturbino-sprchova-hlavica-deluxe-set-strieborna\/\">Sada ecoturbino Deluxe<\/a>, nain\u0161talujte ho, vysk\u00fa\u0161ajte si ho na vlastnej ko\u017ei + u\u017e\u00edvajte si v\u00fdhody syst\u00e9mu ecoturbino\u00ae.<\/p><\/blockquote>\n<div class=\"accordion\">\n\t<div id=\"accordion-3300115947\" class=\"accordion-item\">\n\t\t<a id=\"accordion-3300115947-label\" class=\"accordion-title plain\" aria-expanded=\"false\" aria-controls=\"accordion-3300115947-content\">\n\t\t\t<button class=\"toggle\" aria-label=\"Prep\u00edna\u010d\"><i class=\"icon-angle-down\" aria-hidden=\"true\"><\/i><\/button>\n\t\t\t<span>V skratke: Ak\u00e9 s\u00fa moje v\u00fdhody ako prev\u00e1dzkovate\u013ea hotela?<\/span>\n\t\t<\/a>\n\t\t<div id=\"accordion-3300115947-content\" class=\"accordion-inner\" aria-labelledby=\"accordion-3300115947-label\">\n\t\t\t\n<ol>\n<li><strong>Zlep\u0161enie hygieny v k\u00fape\u013eni<br \/>\n<\/strong>vypr\u00e1zdnenie sprchovej hadice po sprchovan\u00ed = zn\u00ed\u017eenie biofilmu a legionely!<\/li>\n<li><strong>Zn\u00ed\u017eenie n\u00e1kladov na pracovn\u00fa silu<\/strong><br \/>\nprostredn\u00edctvom - Menej vodn\u00e9ho kame\u0148a \u201d menej odv\u00e1pnen\u00fdch sprchovac\u00edch hlav\u00edc = menej \u010dasu str\u00e1ven\u00e9ho sprchovan\u00edm = viac hygieny!<\/li>\n<li><strong>Zn\u00ed\u017eenie n\u00e1kladov na spotrebu o 40%<\/strong><br \/>\nprostredn\u00edctvom - zn\u00ed\u017eenie n\u00e1kladov na vodu a odpadov\u00fa vodu v k\u00fape\u013eni = doba amortiz\u00e1cie 1-2 mesiace!<\/li>\n<li><strong>100% komfort sprchovania je zachovan\u00fd<\/strong><br \/>\nale - zn\u00ed\u017eenie spotreby vody z pribli\u017ene 15 litrov na 7 litrov za min\u00fatu - s pln\u00fdm pote\u0161en\u00edm zo sprchovania<\/li>\n<\/ol>\n\t\t<\/div>\n\t<\/div>\n\t\n<\/div>\n\t<div id=\"gap-1383086299\" class=\"gap-element clearfix\" style=\"display:block; height:auto;\">\n\t\t\n<style>\n#gap-1383086299 {\n  padding-top: 30px;\n}\n<\/style>\n\t<\/div>\n\t\n<div class=\"row\"  id=\"row-170131556\">\n\n\t<div id=\"col-1119990909\" class=\"col small-12 large-12\"  >\n\t\t\t\t<div class=\"col-inner\" style=\"background-color:rgb(242, 242, 242);\" >\n\t\t\t\n\t<div class=\"is-border is-dashed\"\n\t\tstyle=\"border-color:rgba(85, 85, 85, 0.75);border-radius:10px;border-width:2px 2px 2px 2px;\">\n\t<\/div>\n\t\t\t\n\n<div class=\"wpcf7 no-js\" id=\"wpcf7-f49037-o1\" lang=\"en-GB\" dir=\"ltr\" data-wpcf7-id=\"49037\">\n<div class=\"screen-reader-response\"><p role=\"status\" aria-live=\"polite\" aria-atomic=\"true\"><\/p> <ul><\/ul><\/div>\n<form action=\"\/sk\/wp-json\/wp\/v2\/pages\/49029#wpcf7-f49037-o1\" method=\"post\" class=\"wpcf7-form init\" aria-label=\"Contact form\" novalidate=\"novalidate\" data-status=\"init\" data-trp-original-action=\"\/sk\/wp-json\/wp\/v2\/pages\/49029#wpcf7-f49037-o1\">\n<fieldset class=\"hidden-fields-container\"><input type=\"hidden\" name=\"_wpcf7\" value=\"49037\" \/><input type=\"hidden\" name=\"_wpcf7_version\" value=\"6.1.5\" \/><input type=\"hidden\" name=\"_wpcf7_locale\" value=\"en_GB\" \/><input type=\"hidden\" name=\"_wpcf7_unit_tag\" value=\"wpcf7-f49037-o1\" \/><input type=\"hidden\" name=\"_wpcf7_container_post\" value=\"0\" \/><input type=\"hidden\" name=\"_wpcf7_posted_data_hash\" value=\"\" \/>\n<\/fieldset>\n<p><span class=\"wpcf7-form-control-wrap\" data-name=\"name5102\"><input size=\"40\" maxlength=\"400\" class=\"wpcf7-form-control wpcf7-text wpcf7-validates-as-required\" aria-required=\"true\" aria-invalid=\"false\" placeholder=\"N\u00e1zov spolo\u010dnosti (hotel, penzi\u00f3n,...)\" value=\"\" type=\"text\" name=\"name5102\" \/><\/span>\n<\/p>\n<p><span class=\"wpcf7-form-control-wrap\" data-name=\"partner5102\"><input size=\"40\" maxlength=\"400\" class=\"wpcf7-form-control wpcf7-text wpcf7-validates-as-required\" aria-required=\"true\" aria-invalid=\"false\" placeholder=\"Kontaktn\u00e1 osoba*\" value=\"\" type=\"text\" name=\"partner5102\" \/><\/span>\n<\/p>\n<p><span class=\"wpcf7-form-control-wrap\" data-name=\"email5102\"><input size=\"40\" maxlength=\"400\" class=\"wpcf7-form-control wpcf7-email wpcf7-validates-as-required wpcf7-text wpcf7-validates-as-email\" aria-required=\"true\" aria-invalid=\"false\" placeholder=\"@Mail-Address*\" value=\"\" type=\"email\" name=\"email5102\" \/><\/span>\n<\/p>\n<p><span class=\"wpcf7-form-control-wrap\" data-name=\"telefon5102\"><input size=\"40\" maxlength=\"400\" class=\"wpcf7-form-control wpcf7-text\" aria-invalid=\"false\" placeholder=\"Telef\u00f3n\" value=\"\" type=\"text\" name=\"telefon5102\" \/><\/span>\n<\/p>\n<p><span class=\"wpcf7-form-control-wrap\" data-name=\"betrieb5102\"><input size=\"40\" maxlength=\"400\" class=\"wpcf7-form-control wpcf7-text\" aria-invalid=\"false\" placeholder=\"\u010c\u00edslo spolo\u010dnosti \/ registra\u010dn\u00e9 \u010d\u00edslo spolo\u010dnosti\" value=\"\" type=\"text\" name=\"betrieb5102\" \/><\/span>\n<\/p>\n<div class=\"acceptance-container\" style=\"margin-bottom:15px;\">\n\t<p><span class=\"wpcf7-form-control-wrap\" data-name=\"beratung5102\"><span class=\"wpcf7-form-control wpcf7-acceptance optional\"><span class=\"wpcf7-list-item\"><input type=\"checkbox\" name=\"beratung5102\" value=\"1\" aria-invalid=\"false\" \/><\/span><\/span><\/span>Vopred sa informujte o produkte!\n\t<\/p>\n<\/div>\n<div class=\"wpcf7-turnstile cf-turnstile\" data-sitekey=\"0x4AAAAAAALCOGxAMe4ujVPQ\" data-response-field-name=\"_wpcf7_turnstile_response\"><\/div>\n<p><input class=\"wpcf7-form-control wpcf7-submit has-spinner\" type=\"submit\" value=\"Odosielanie\" \/>\n<\/p><div class=\"wpcf7-response-output\" aria-hidden=\"true\"><\/div>\n<input type=\"hidden\" name=\"trp-form-language\" value=\"sk\"\/><\/form>\n<\/div>\n\n\t\t<\/div>\n\t\t\t\t\n<style>\n#col-1119990909 > .col-inner {\n  padding: 25px 25px 25px 25px;\n  border-radius: 10px;\n}\n<\/style>\n\t<\/div>\n\n\t\n<\/div>\n\t\t<\/div>\n\t\t\t\t\t<\/div>\n\n\t\n\n\t<div id=\"col-189030967\" class=\"col medium-4 small-12 large-4\"  >\n\t\t\t\t<div class=\"col-inner text-center\"  >\n\t\t\t\n\t\t\t\n\t<div class=\"img has-hover x md-x lg-x y md-y lg-y\" id=\"image_1851919368\">\n\t\t<a class=\"\" href=\"https:\/\/ecoturbino.shop\/sk\/dopad-1\/\" target=\"_blank\" rel=\"noopener\">\t\t\t\t\t\t<div class=\"img-inner dark\" >\n\t\t\t<img decoding=\"async\" width=\"100\" height=\"100\" src=\"https:\/\/ecoturbino.shop\/wp-content\/uploads\/2024\/01\/impact1-7.svg\" class=\"attachment-original size-original\" alt=\"\" \/>\t\t\t\t\t\t\n\t\t\t\t\t<\/div>\n\t\t\t\t\t\t<\/a>\t\t\n<style>\n#image_1851919368 {\n  width: 57%;\n}\n<\/style>\n\t<\/div>\n\t\n\t<div class=\"img has-hover x md-x lg-x y md-y lg-y\" id=\"image_471752895\">\n\t\t<a class=\"\" href=\"\/sk\/podrobnosti\/\" >\t\t\t\t\t\t<div class=\"img-inner dark\" >\n\t\t\t<img decoding=\"async\" width=\"2000\" height=\"2000\" src=\"https:\/\/ecoturbino.shop\/wp-content\/uploads\/2023\/08\/ecoturbino-handbrause-teile-silber-set_2000.webp\" class=\"attachment-original size-original\" alt=\"Sprchov\u00e1 hlavica DELUXE Sprchov\u00fd set 10 Legio | ecoturbino\u00ae ET10L Adapt\u00e9r na \u00fasporu vody + sprchov\u00e1 hadica + dizajnov\u00e1 sprchov\u00e1 hlavica | strieborn\u00e1\" srcset=\"https:\/\/ecoturbino.shop\/wp-content\/uploads\/2023\/08\/ecoturbino-handbrause-teile-silber-set_2000.webp 2000w, https:\/\/ecoturbino.shop\/wp-content\/uploads\/2023\/08\/ecoturbino-handbrause-teile-silber-set_2000-470x470.webp 470w, https:\/\/ecoturbino.shop\/wp-content\/uploads\/2023\/08\/ecoturbino-handbrause-teile-silber-set_2000-635x635.webp 635w, https:\/\/ecoturbino.shop\/wp-content\/uploads\/2023\/08\/ecoturbino-handbrause-teile-silber-set_2000-800x800.webp 800w, https:\/\/ecoturbino.shop\/wp-content\/uploads\/2023\/08\/ecoturbino-handbrause-teile-silber-set_2000-1600x1600.webp 1600w, https:\/\/ecoturbino.shop\/wp-content\/uploads\/2023\/08\/ecoturbino-handbrause-teile-silber-set_2000-340x340.webp 340w, https:\/\/ecoturbino.shop\/wp-content\/uploads\/2023\/08\/ecoturbino-handbrause-teile-silber-set_2000-1536x1536.webp 1536w\" sizes=\"(max-width: 2000px) 100vw, 2000px\" \/>\t\t\t\t\t\t\n\t\t\t\t\t<\/div>\n\t\t\t\t\t\t<\/a>\t\t\n<style>\n#image_471752895 {\n  width: 74%;\n}\n<\/style>\n\t<\/div>\n\t\n<h3>Va\u0161a bezstarostn\u00e1 testovacia s\u00faprava 50% DELUXE!<\/h3>\n\t<div id=\"gap-1090746632\" class=\"gap-element clearfix\" style=\"display:block; height:auto;\">\n\t\t\n<style>\n#gap-1090746632 {\n  padding-top: 30px;\n}\n<\/style>\n\t<\/div>\n\t\n<div class=\"row align-center\"  id=\"row-453044156\">\n\n\t<div id=\"col-2127579259\" class=\"col small-12 large-12\"  >\n\t\t\t\t<div class=\"col-inner text-center dark\" style=\"background-color:#199bc5;\" >\n\t\t\t\n\t\t\t\n\t<div id=\"stack-549058929\" class=\"stack stack-row justify-center items-center\">\n\t\t\n\t<div class=\"img has-hover x md-x lg-x y md-y lg-y\" id=\"image_1722387965\">\n\t\t\t\t\t\t\t\t<div class=\"img-inner dark\" >\n\t\t\t<img decoding=\"async\" width=\"16\" height=\"16\" src=\"https:\/\/ecoturbino.shop\/wp-content\/uploads\/2023\/08\/email-icon.svg\" class=\"attachment-original size-original\" alt=\"Ikona e-mailu\" \/>\t\t\t\t\t\t\n\t\t\t\t\t<\/div>\n\t\t\t\t\t\t\t\t\n<style>\n#image_1722387965 {\n  width: 15%;\n}\n@media (min-width:550px) {\n  #image_1722387965 {\n    width: 20%;\n  }\n}\n<\/style>\n\t<\/div>\n\t\n\t<div class=\"img has-hover x md-x lg-x y md-y lg-y\" id=\"image_905021899\">\n\t\t\t\t\t\t\t\t<div class=\"img-inner dark\" >\n\t\t\t<img decoding=\"async\" width=\"16\" height=\"16\" src=\"https:\/\/ecoturbino.shop\/wp-content\/uploads\/2023\/08\/phone-icon.svg\" class=\"attachment-original size-original\" alt=\"Ikona telef\u00f3nu\" \/>\t\t\t\t\t\t\n\t\t\t\t\t<\/div>\n\t\t\t\t\t\t\t\t\n<style>\n#image_905021899 {\n  width: 15%;\n}\n@media (min-width:550px) {\n  #image_905021899 {\n    width: 18%;\n  }\n}\n<\/style>\n\t<\/div>\n\t\n\t\t\n<style>\n#stack-549058929 > * {\n  --stack-gap: 1.5rem;\n}\n<\/style>\n\t<\/div>\n\t\n\t<div id=\"gap-1935517090\" class=\"gap-element clearfix\" style=\"display:block; height:auto;\">\n\t\t\n<style>\n#gap-1935517090 {\n  padding-top: 10px;\n}\n<\/style>\n\t<\/div>\n\t\n<h3 class=\"uppercase\">E-Mail | TELEF\u00d3N<\/h3>\n<p><span style=\"font-size: 120%;\"><a href=\"mailto:sales@ecoturbino.shop\">sales (at) ecoturbino.shop<\/a><\/span><br \/>\n<span style=\"font-size: 120%;\"><a href=\"tel:+4369918180000\">+43 699 18180000<\/a><\/span><\/p>\n\t\t<\/div>\n\t\t\t\t\n<style>\n#col-2127579259 > .col-inner {\n  padding: 20px 0px 10px 0px;\n  border-radius: 10px;\n}\n<\/style>\n\t<\/div>\n\n\t\n<\/div>\n\t\t<\/div>\n\t\t\t\t\t<\/div>\n\n\t\n<\/div>","protected":false},"excerpt":{"rendered":"","protected":false},"author":1320,"featured_media":48720,"parent":0,"menu_order":0,"comment_status":"closed","ping_status":"closed","template":"page-blank.php","meta":{"inline_featured_image":false,"footnotes":""},"class_list":["post-49029","page","type-page","status-publish","has-post-thumbnail","hentry"],"_links":{"self":[{"href":"https:\/\/ecoturbino.shop\/sk\/wp-json\/wp\/v2\/pages\/49029","targetHints":{"allow":["GET"]}}],"collection":[{"href":"https:\/\/ecoturbino.shop\/sk\/wp-json\/wp\/v2\/pages"}],"about":[{"href":"https:\/\/ecoturbino.shop\/sk\/wp-json\/wp\/v2\/types\/page"}],"author":[{"embeddable":true,"href":"https:\/\/ecoturbino.shop\/sk\/wp-json\/wp\/v2\/users\/1320"}],"replies":[{"embeddable":true,"href":"https:\/\/ecoturbino.shop\/sk\/wp-json\/wp\/v2\/comments?post=49029"}],"version-history":[{"count":0,"href":"https:\/\/ecoturbino.shop\/sk\/wp-json\/wp\/v2\/pages\/49029\/revisions"}],"wp:featuredmedia":[{"embeddable":true,"href":"https:\/\/ecoturbino.shop\/sk\/wp-json\/wp\/v2\/media\/48720"}],"wp:attachment":[{"href":"https:\/\/ecoturbino.shop\/sk\/wp-json\/wp\/v2\/media?parent=49029"}],"curies":[{"name":"wp","href":"https:\/\/api.w.org\/{rel}","templated":true}]}}