{"id":50140,"date":"2024-05-24T12:05:41","date_gmt":"2024-05-24T10:05:41","guid":{"rendered":"https:\/\/en.ecoturbino.shop\/?page_id=50140"},"modified":"2025-08-15T11:39:54","modified_gmt":"2025-08-15T09:39:54","slug":"text-ponuky","status":"publish","type":"page","link":"https:\/\/ecoturbino.shop\/sk\/tender-text\/","title":{"rendered":"Text ponuky pre in\u017einierske kancel\u00e1rie, architektov a projek\u010dn\u00e9 kancel\u00e1rie"},"content":{"rendered":"<div class=\"banner has-hover\" id=\"banner-567405511\">\n          <div class=\"banner-inner fill\">\n        <div class=\"banner-bg fill\" >\n            <img decoding=\"async\" width=\"2000\" height=\"230\" src=\"https:\/\/ecoturbino.shop\/wp-content\/uploads\/2024\/05\/tender-ecourbino_2000.webp\" class=\"bg attachment-original size-original\" alt=\"tender-ecourbino_2000\" \/>                        <div class=\"overlay\"><\/div>            \n                    <\/div>\n\t\t\n        <div class=\"banner-layers container\">\n            <div class=\"fill banner-link\"><\/div>            \n   <div id=\"text-box-1196097928\" class=\"text-box banner-layer x50 md-x50 lg-x50 y50 md-y50 lg-y50 res-text\">\n                                <div class=\"text-box-content text dark\">\n              \n              <div class=\"text-inner text-center\">\n                  \n\t<div id=\"text-2896424571\" class=\"text\">\n\t\t\n<h1>TEXT PONUKY<\/h1>\n<h1><span style=\"font-size: 80%;\">pre in\u017einierske kancel\u00e1rie, architektov a projek\u010dn\u00e9 kancel\u00e1rie<\/span><\/h1>\n\t\t\n<style>\n#text-2896424571 {\n  font-size: 0.75rem;\n}\n@media (min-width:550px) {\n  #text-2896424571 {\n    font-size: 1.05rem;\n  }\n}\n<\/style>\n\t<\/div>\n\t\n              <\/div>\n           <\/div>\n                            \n<style>\n#text-box-1196097928 {\n  width: 100%;\n}\n#text-box-1196097928 .text-box-content {\n  font-size: 100%;\n}\n@media (min-width:550px) {\n  #text-box-1196097928 {\n    width: 91%;\n  }\n}\n@media (min-width:850px) {\n  #text-box-1196097928 {\n    width: 100%;\n  }\n}\n<\/style>\n    <\/div>\n \n        <\/div>\n      <\/div>\n\n            \n<style>\n#banner-567405511 {\n  padding-top: 200px;\n}\n#banner-567405511 .overlay {\n  background-color: rgba(0, 0, 0, 0.5);\n}\n@media (min-width:550px) {\n  #banner-567405511 {\n    padding-top: 190px;\n  }\n}\n@media (min-width:850px) {\n  #banner-567405511 {\n    padding-top: 190px;\n  }\n}\n<\/style>\n  <\/div>\n\n\n<div class=\"row\"  id=\"row-590866621\">\n\n\t<div id=\"col-255310534\" class=\"col small-12 large-12\"  >\n\t\t\t\t<div class=\"col-inner\"  >\n\t\t\t\n\t\t\t\n<h2>Texty pon\u00fak pre in\u017einierske kancel\u00e1rie, architektov a projek\u010dn\u00e9 kancel\u00e1rie na vybavenie hotelov, nemocn\u00edc, \u0161portov\u00fdch centier at\u010f.<\/h2>\n<p>Verejn\u00e1 s\u00fa\u0165a\u017e na obstaranie technol\u00f3gi\u00ed na \u00fasporu vody<\/p>\n<div class=\"is-divider divider clearfix\" style=\"max-width:100%;height:1px;\"><\/div>\n<ol>\n<li><strong>Predmet verejnej s\u00fa\u0165a\u017ee<\/strong><br \/>\nVerejn\u00e1 in\u0161tit\u00facia (n\u00e1zov in\u0161tit\u00facie) vyhlasuje verejn\u00fa s\u00fa\u0165a\u017e na dod\u00e1vku a in\u0161tal\u00e1ciu inovat\u00edvnych syst\u00e9mov na \u00fasporu vody zameran\u00fdch na zn\u00ed\u017eenie spotreby vody a zlep\u0161enie hygienick\u00fdch noriem v sprch\u00e1ch a um\u00fdvadl\u00e1ch. Cie\u013eom je trvalo zn\u00ed\u017ei\u0165 spotrebu vody v hygienick\u00fdch zariadeniach (napr. v obciach, \u0161kol\u00e1ch, \u00faradoch, \u0161portov\u00fdch zariadeniach a vo verejn\u00fdch budov\u00e1ch a novostavb\u00e1ch) in\u0161tit\u00facie, zabr\u00e1ni\u0165 tvorbe biofilmu, zn\u00ed\u017ei\u0165 riziko v\u00fdskytu bakt\u00e9rie Legionella a zabezpe\u010di\u0165 odtokov\u00fa funkciu sprchov\u00fdch hlav\u00edc a predov\u0161etk\u00fdm sprchov\u00fdch had\u00edc.<\/li>\n<li><strong>Opis rozsahu slu\u017eieb<\/strong><br \/>\n- Dod\u00e1vka: Dodanie syst\u00e9mov na \u00fasporu vody v po\u017eadovanom mno\u017estve a preveden\u00ed do 3 kalend\u00e1rnych t\u00fd\u017ed\u0148ov.<br \/>\n- In\u0161tal\u00e1cia: Odborn\u00e1 in\u0161tal\u00e1cia dodan\u00fdch syst\u00e9mov na \u00fasporu vody v sanit\u00e1rnych zariadeniach.<br \/>\n- \u0160kolenie: \u0160kolenie person\u00e1lu o prev\u00e1dzke a \u00fadr\u017ebe syst\u00e9mov na \u00fasporu vody.<br \/>\n- \u00dadr\u017eba: Volite\u013en\u00e1 zmluva o \u00fadr\u017ebe na pravideln\u00fa kontrolu a \u00fadr\u017ebu nain\u0161talovan\u00fdch syst\u00e9mov v s\u00falade so z\u00e1konn\u00fdmi po\u017eiadavkami.<\/li>\n<li><strong>Po\u017eiadavky na uch\u00e1dza\u010dov<\/strong><br \/>\n- Doklad o technickej a odbornej sp\u00f4sobilosti na dod\u00e1vku a mont\u00e1\u017e technol\u00f3gi\u00ed na \u00fasporu vody (certifik\u00e1t T\u00dcV, hygienick\u00fd posudok o zdravotnej sp\u00f4sobilosti).<br \/>\n- Najmenej 15 rokov sk\u00fasenost\u00ed a referencie v oblasti in\u0161tal\u00e1cie syst\u00e9mov na \u00fasporu vody.<br \/>\n- Poskytnutie koncepcie \u00fadr\u017eby.<br \/>\n- Certifik\u00e1cia kvality pod\u013ea environment\u00e1lnej zna\u010dky alebo rak\u00faskej environment\u00e1lnej zna\u010dky.<br \/>\n- Zverejnenie \u010d\u00edsla EORI.<br \/>\n- Ponuka programu odbornej pr\u00edpravy pre zamestnancov in\u0161tit\u00facie.<\/li>\n<li><strong>Technick\u00e9 \u0161pecifik\u00e1cie<\/strong><br \/>\n- Pon\u00fakan\u00e9 syst\u00e9my na \u00fasporu vody musia umo\u017eni\u0165 zn\u00ed\u017eenie spotreby vody aspo\u0148 o 40%. Maxim\u00e1lny prietok 6 a\u017e 9 litrov za hodinu pri plnom otvoren\u00ed pre sprchy a 5 a\u017e 6 litrov pre um\u00fdvadl\u00e1. Z\u00e1kladom je nariadenie E\u00da - Taxon\u00f3mia v jeho s\u00fa\u010dasnej podobe (od roku 2024):<br \/>\n<a href=\"https:\/\/eur-lex.europa.eu\/eli\/reg\/2020\/852\/oj\" rel=\"noopener\">Nariadenie - 2020\/852 - SK - nariadenie o taxon\u00f3mii - EUR-Lex (europa.eu)<\/a><br \/>\n<a href=\"https:\/\/www.bmk.gv.at\/green-finance\/finanzen\/eu-strategie\/eu-taxonomie-vo.html\" rel=\"noopener\">Nariadenie E\u00da o taxon\u00f3mii (bmk.gv.at)<\/a><br \/>\n- Kompatibilita s be\u017en\u00fdmi sprchovac\u00edmi syst\u00e9mami a bat\u00e9riami, k dispoz\u00edcii ako dodato\u010dne namontovan\u00fd diel.<br \/>\n- Jednoduch\u00e1 in\u0161tal\u00e1cia bez v\u00e4\u010d\u0161ej stavebnej n\u00e1mahy.<br \/>\n- Odvod\u0148ovacia funkcia syst\u00e9mu, ktor\u00e1 zabra\u0148uje tvorbe biofilmu.<br \/>\n- Mechanizmy na zn\u00ed\u017eenie rizika v\u00fdskytu legionelly.<br \/>\n- Odtokov\u00e1 funkcia na armat\u00fare, ktor\u00e1 zabra\u0148uje stojatej vode v sprchovac\u00edch hlaviciach po sprchovan\u00ed.<br \/>\n- 10-ro\u010dn\u00e1 funk\u010dn\u00e1 z\u00e1ruka ako prvok udr\u017eate\u013enosti.<\/li>\n<li><strong>Krit\u00e9ri\u00e1 ude\u013eovania<\/strong><br \/>\nZ\u00e1kazka sa zad\u00e1 ekonomicky najv\u00fdhodnej\u0161ej ponuke, pri\u010dom sa zoh\u013eadnia tieto krit\u00e9ri\u00e1:<br \/>\nCena (20%)<br \/>\nKvalita a technick\u00e9 vlastnosti pon\u00fakan\u00fdch syst\u00e9mov na \u00fasporu vody (50%)<br \/>\nServis vr\u00e1tane in\u0161tal\u00e1cie, \u0161kolenia a \u00fadr\u017eby (10%)<br \/>\nZ\u00e1ruka na n\u00e1hradn\u00e9 diely na 10 rokov (10%)<br \/>\nDoklad o v\u00fdpo\u010dte \u00faspor T\u00dcV - certifik\u00e1t (10%) podrobn\u00e9 rozdelenie pod\u013ea mno\u017estva vody - n\u00e1kladov na odpadov\u00fa vodu - n\u00e1kladov na energiu - zn\u00ed\u017eenia emisi\u00ed CO2<\/li>\n<li><strong>Predkladanie pon\u00fak<\/strong><br \/>\nSpolo\u010dnosti, ktor\u00e9 maj\u00fa z\u00e1ujem, m\u00f4\u017eu predlo\u017ei\u0165 svoje ponuky p\u00edsomne do (d\u00e1tum) na t\u00fato adresu:<br \/>\n(n\u00e1zov a adresa verejnej in\u0161tit\u00facie)<\/li>\n<li><strong>N\u00e1v\u0161teva na mieste<\/strong><br \/>\nN\u00e1v\u0161teva na mieste, kde sa maj\u00fa modernizova\u0165 hygienick\u00e9 zariadenia, sa uskuto\u010dn\u00ed (d\u00e1tum) v (\u010das). Miesto stretnutia je (miesto).<\/li>\n<li><strong>Kontakt<\/strong><br \/>\nV pr\u00edpade ot\u00e1zok a \u010fal\u0161\u00edch inform\u00e1ci\u00ed kontaktujte (meno kontaktnej osoby) na (telef\u00f3nne \u010d\u00edslo) alebo e-mailom na (e-mailov\u00e1 adresa).<\/li>\n<\/ol>\n<div class=\"is-divider divider clearfix\" style=\"max-width:100%;height:1px;\"><\/div>\n<p>Verejn\u00e1 organiz\u00e1cia sa te\u0161\u00ed na va\u0161e ponuky a spolo\u010dn\u00fa realiz\u00e1ciu udr\u017eate\u013en\u00e9ho hospod\u00e1renia s vodou.<\/p>\n\t<div id=\"gap-1669024049\" class=\"gap-element clearfix\" style=\"display:block; height:auto;\">\n\t\t\n<style>\n#gap-1669024049 {\n  padding-top: 30px;\n}\n<\/style>\n\t<\/div>\n\t\n\t\t<\/div>\n\t\t\t\t\t<\/div>\n\n\t\n<\/div>","protected":false},"excerpt":{"rendered":"","protected":false},"author":1320,"featured_media":49835,"parent":0,"menu_order":0,"comment_status":"closed","ping_status":"closed","template":"page-blank.php","meta":{"inline_featured_image":false,"footnotes":""},"class_list":["post-50140","page","type-page","status-publish","has-post-thumbnail","hentry"],"_links":{"self":[{"href":"https:\/\/ecoturbino.shop\/sk\/wp-json\/wp\/v2\/pages\/50140","targetHints":{"allow":["GET"]}}],"collection":[{"href":"https:\/\/ecoturbino.shop\/sk\/wp-json\/wp\/v2\/pages"}],"about":[{"href":"https:\/\/ecoturbino.shop\/sk\/wp-json\/wp\/v2\/types\/page"}],"author":[{"embeddable":true,"href":"https:\/\/ecoturbino.shop\/sk\/wp-json\/wp\/v2\/users\/1320"}],"replies":[{"embeddable":true,"href":"https:\/\/ecoturbino.shop\/sk\/wp-json\/wp\/v2\/comments?post=50140"}],"version-history":[{"count":0,"href":"https:\/\/ecoturbino.shop\/sk\/wp-json\/wp\/v2\/pages\/50140\/revisions"}],"wp:featuredmedia":[{"embeddable":true,"href":"https:\/\/ecoturbino.shop\/sk\/wp-json\/wp\/v2\/media\/49835"}],"wp:attachment":[{"href":"https:\/\/ecoturbino.shop\/sk\/wp-json\/wp\/v2\/media?parent=50140"}],"curies":[{"name":"wp","href":"https:\/\/api.w.org\/{rel}","templated":true}]}}