{"id":7231,"date":"2015-02-14T13:23:14","date_gmt":"2015-02-14T12:23:14","guid":{"rendered":"http:\/\/shop.pronatur24.eu\/?page_id=7231"},"modified":"2023-11-09T01:12:03","modified_gmt":"2023-11-09T00:12:03","slug":"faq-casto-kladene-otazky","status":"publish","type":"page","link":"https:\/\/ecoturbino.shop\/sk\/faq-frequently-asked\/","title":{"rendered":"\u010casto kladen\u00e9 ot\u00e1zky | Obchod"},"content":{"rendered":"<div class=\"banner has-hover\" id=\"banner-828089176\">\n          <div class=\"banner-inner fill\">\n        <div class=\"banner-bg fill\" >\n            <img decoding=\"async\" width=\"2000\" height=\"230\" src=\"https:\/\/ecoturbino.shop\/wp-content\/uploads\/2023\/10\/faq-ecoturbino_2000.webp\" class=\"bg attachment-original size-original\" alt=\"\u010casto kladen\u00e9 ot\u00e1zky\" \/>                        <div class=\"overlay\"><\/div>            \n                    <\/div>\n\t\t\n        <div class=\"banner-layers container\">\n            <div class=\"fill banner-link\"><\/div>            \n   <div id=\"text-box-585523106\" class=\"text-box banner-layer x50 md-x50 lg-x50 y50 md-y50 lg-y50 res-text\">\n                                <div class=\"text-box-content text dark\">\n              \n              <div class=\"text-inner text-center\">\n                  \n<h1>OT\u00c1ZKY A ODPOVEDE<\/h1>\n              <\/div>\n           <\/div>\n                            \n<style>\n#text-box-585523106 {\n  width: 85%;\n}\n#text-box-585523106 .text-box-content {\n  font-size: 100%;\n}\n@media (min-width:550px) {\n  #text-box-585523106 {\n    width: 17%;\n  }\n}\n@media (min-width:850px) {\n  #text-box-585523106 {\n    width: 54%;\n  }\n}\n<\/style>\n    <\/div>\n \n        <\/div>\n      <\/div>\n\n            \n<style>\n#banner-828089176 {\n  padding-top: 110px;\n}\n#banner-828089176 .overlay {\n  background-color: rgba(0,0,0,.5);\n}\n@media (min-width:550px) {\n  #banner-828089176 {\n    padding-top: 170px;\n  }\n}\n@media (min-width:850px) {\n  #banner-828089176 {\n    padding-top: 190px;\n  }\n}\n<\/style>\n  <\/div>\n\n\n<div class=\"row\"  id=\"row-1293855495\">\n\n\t<div id=\"col-1368408298\" class=\"col small-12 large-12\"  >\n\t\t\t\t<div class=\"col-inner\"  >\n\t\t\t\n\t\t\t\n\n\t<section class=\"section\" id=\"section_1066558359\">\n\t\t<div class=\"section-bg fill\" >\n\t\t\t\t\t\t\t\t\t\n\t\t\t\n\n\t\t<\/div>\n\n\t\t\n\n\t\t<div class=\"section-content relative\">\n\t\t\t\n\n<div class=\"row align-center\"  id=\"row-1344510576\">\n\n\n\t<div id=\"col-1017272587\" class=\"col medium-12 small-12 large-10\"  >\n\t\t\t\t<div class=\"col-inner text-left\"  >\n\t\t\t\n\t\t\t\n\n<div class=\"row row-collapse\"  id=\"row-1057123734\">\n\n\n\t<div id=\"col-659837921\" class=\"col medium-12 small-12 large-4\"  >\n\t\t\t\t<div class=\"col-inner\"  >\n\t\t\t\n\t\t\t\n\n\n\t\t<div class=\"icon-box featured-box icon-box-left text-left\"  style=\"margin:0px 0px 30px 0px;\">\n\t\t\t\t\t<div class=\"icon-box-img\" style=\"width: 60px\">\n\t\t\t\t<div class=\"icon\">\n\t\t\t\t\t<div class=\"icon-inner\" >\n\t\t\t\t\t\t<?xml version=\"1.0\" encoding=\"UTF-8\"?>\n<!-- Generated by IcoMoon.io -->\n<svg xmlns=\"http:\/\/www.w3.org\/2000\/svg\" xmlns:xlink=\"http:\/\/www.w3.org\/1999\/xlink\" version=\"1.1\" width=\"16\" height=\"16\" viewbox=\"0 0 16 16\">\n  <path fill=\"#000000\" d=\"M16 9l-2-4h-3v-2c0-0.55-0.45-1-1-1h-9c-0.55 0-1 0.45-1 1v8l1 1h1.268c-0.17 0.294-0.268 0.636-0.268 1 0 1.105 0.895 2 2 2s2-0.895 2-2c0-0.364-0.098-0.706-0.268-1h5.536c-0.17 0.294-0.268 0.636-0.268 1 0 1.105 0.895 2 2 2s2-0.895 2-2c0-0.364-0.098-0.706-0.268-1h1.268v-3zM11 9v-3h2.073l1.5 3h-3.573z\"><\/path>\n<\/svg>\n\t\t\t\t\t<\/div>\n\t\t\t\t<\/div>\n\t\t\t<\/div>\n\t\t\t\t<div class=\"icon-box-text last-reset\">\n\t\t\t\t\t\t\t\t\t\n\n<h3>Preprava + zabezpe\u010denie<\/h3>\n\n\t\t<\/div>\n\t<\/div>\n\t\n\t\n\n\t\t<\/div>\n\t\t\t\t\t<\/div>\n\n\t\n\n\t<div id=\"col-1757900684\" class=\"col medium-12 small-12 large-8\"  >\n\t\t\t\t<div class=\"col-inner text-left\"  >\n\t\t\t\n\t\t\t\n\n<div class=\"accordion\">\n\n\t<div id=\"accordion-2571011949\" class=\"accordion-item\">\n\t\t<a id=\"accordion-2571011949-label\" class=\"accordion-title plain\" href=\"#accordion-item-shipping-costs\" aria-expanded=\"false\" aria-controls=\"accordion-2571011949-content\">\n\t\t\t<button class=\"toggle\" aria-label=\"Prep\u00edna\u010d\"><i class=\"icon-angle-down\" aria-hidden=\"true\"><\/i><\/button>\n\t\t\t<span>N\u00e1klady na dopravu<\/span>\n\t\t<\/a>\n\t\t<div id=\"accordion-2571011949-content\" class=\"accordion-inner\" aria-labelledby=\"accordion-2571011949-label\">\n\t\t\t\n\n<p>Podrobn\u00e9 inform\u00e1cie o preprave na na\u0161ej str\u00e1nke <a title=\"N\u00e1klady na dopravu\" href=\"https:\/\/ecoturbino.shop\/sk\/naklady-na-dopravu\/\">n\u00e1klady na dopravu<\/a>.<\/p>\n\n\t\t<\/div>\n\t<\/div>\n\t\n\t<div id=\"accordion-2617736364\" class=\"accordion-item\">\n\t\t<a id=\"accordion-2617736364-label\" class=\"accordion-title plain\" href=\"#accordion-item-shipping-time-+-package-tracking\" aria-expanded=\"false\" aria-controls=\"accordion-2617736364-content\">\n\t\t\t<button class=\"toggle\" aria-label=\"Prep\u00edna\u010d\"><i class=\"icon-angle-down\" aria-hidden=\"true\"><\/i><\/button>\n\t\t\t<span>\u010cas prepravy + sledovanie bal\u00edka<\/span>\n\t\t<\/a>\n\t\t<div id=\"accordion-2617736364-content\" class=\"accordion-inner\" aria-labelledby=\"accordion-2617736364-label\">\n\t\t\t\n\n<p>Z\u00e1sielky odosielame denne od pondelka do piatku s v\u00fdnimkou sviatkov. Podrobn\u00e9 inform\u00e1cie o trvan\u00ed prepravy n\u00e1jdete na na\u0161ej str\u00e1nke <a title=\"N\u00e1klady na dopravu\" href=\"https:\/\/ecoturbino.shop\/sk\/naklady-na-dopravu\/\">N\u00e1klady na dopravu<\/a>.<\/p>\n<p>Po zabalen\u00ed a pr\u00edprave objedn\u00e1vky na odoslanie odo\u0161leme na e-mailov\u00fa adresu uveden\u00fa pri objedn\u00e1vke e-mail s ozna\u010den\u00edm \"Dokon\u010den\u00e9\". Tento e-mail okrem \u00fadajov o objedn\u00e1vke obsahuje aj odkaz na sledovanie z\u00e1sielky, ako aj fakt\u00faru vo form\u00e1te PDF.<\/p>\n<p>Tie\u017e si skontrolujte prie\u010dinok SPAM, \u010di sa v \u0148om nenach\u00e1dzaj\u00fa na\u0161e e-maily!<\/p>\n\n\t\t<\/div>\n\t<\/div>\n\t\n\t<div id=\"accordion-2251381976\" class=\"accordion-item\">\n\t\t<a id=\"accordion-2251381976-label\" class=\"accordion-title plain\" href=\"#accordion-item-pick-up-on-site\" aria-expanded=\"false\" aria-controls=\"accordion-2251381976-content\">\n\t\t\t<button class=\"toggle\" aria-label=\"Prep\u00edna\u010d\"><i class=\"icon-angle-down\" aria-hidden=\"true\"><\/i><\/button>\n\t\t\t<span>Vyzdvihnutie na mieste<\/span>\n\t\t<\/a>\n\t\t<div id=\"accordion-2251381976-content\" class=\"accordion-inner\" aria-labelledby=\"accordion-2251381976-label\">\n\t\t\t\n\n<p>Nem\u00e1me \u010das na otv\u00e1racie hodiny! ecoturbino\u00ae je internetov\u00fd obchod s nepretr\u017eitou prev\u00e1dzkou, a preto nem\u00e1 tradi\u010dn\u00fa maloobchodn\u00fa predaj\u0148u so stanoven\u00fdmi otv\u00e1rac\u00edmi hodinami.<\/p>\n<p>\u010cas objedn\u00e1vky v obchode ur\u010duje len z\u00e1kazn\u00edk. Pre n\u00e1s je viazanie na konkr\u00e9tne hodiny neprijate\u013en\u00fdm obmedzen\u00edm.<\/p>\n<p>V d\u00f4sledku toho neexistuje mo\u017enos\u0165 osobn\u00e9ho vyzdvihnutia objedn\u00e1vky.<\/p>\n\n\t\t<\/div>\n\t<\/div>\n\t\n\t<div id=\"accordion-2921641651\" class=\"accordion-item\">\n\t\t<a id=\"accordion-2921641651-label\" class=\"accordion-title plain\" href=\"#accordion-item-order-as-a-gift\" aria-expanded=\"false\" aria-controls=\"accordion-2921641651-content\">\n\t\t\t<button class=\"toggle\" aria-label=\"Prep\u00edna\u010d\"><i class=\"icon-angle-down\" aria-hidden=\"true\"><\/i><\/button>\n\t\t\t<span>Objedn\u00e1vka ako dar\u010dek<\/span>\n\t\t<\/a>\n\t\t<div id=\"accordion-2921641651-content\" class=\"accordion-inner\" aria-labelledby=\"accordion-2921641651-label\">\n\t\t\t\n\n<p>Pri objedn\u00e1vke uve\u010fte aj in\u00fa adresu doru\u010denia. Pole pre koment\u00e1r k objedn\u00e1vke na str\u00e1nke objedn\u00e1vky sl\u00fa\u017ei ako mo\u017enos\u0165 vytla\u010di\u0165 osobn\u00fd odkaz na dodac\u00ed list a fakt\u00faru. Bal\u00edk obsahuje len dodac\u00ed list s vytla\u010den\u00fdm t\u00fdmto odkazom. Fakt\u00faru za\u0161leme e-mailom.<\/p>\n<p>Doru\u010denie do kraj\u00edn mimo E\u00da je v\u00fdnimkou. V tomto pr\u00edpade sme povinn\u00ed prilo\u017ei\u0165 aj fakt\u00faru z d\u00f4vodu coln\u00e9ho odbavenia.<\/p>\n\n\t\t<\/div>\n\t<\/div>\n\t\n\t<div id=\"accordion-2487846169\" class=\"accordion-item\">\n\t\t<a id=\"accordion-2487846169-label\" class=\"accordion-title plain\" href=\"#accordion-item-&#039;purchase-on-account&#039;-is-our-security-seal\" aria-expanded=\"false\" aria-controls=\"accordion-2487846169-content\">\n\t\t\t<button class=\"toggle\" aria-label=\"Prep\u00edna\u010d\"><i class=\"icon-angle-down\" aria-hidden=\"true\"><\/i><\/button>\n\t\t\t<span>'N\u00e1kup na \u00fa\u010det' je na\u0161a bezpe\u010dnostn\u00e1 pe\u010da\u0165<\/span>\n\t\t<\/a>\n\t\t<div id=\"accordion-2487846169-content\" class=\"accordion-inner\" aria-labelledby=\"accordion-2487846169-label\">\n\t\t\t\n\n<p>O podvodoch na internete zo strany falo\u0161n\u00fdch obchodov sa m\u00f4\u017eeme opakovane do\u010d\u00edta\u0165 v m\u00e9di\u00e1ch. Aby sa zabr\u00e1nilo marketingu a aby sa na tejto ne\u0161\u0165astnej situ\u00e1cii zarobilo, vynaliezav\u00e9 spolo\u010dnosti pri\u0161li s n\u00e1padom testovanej pe\u010date. T\u00e1to pe\u010da\u0165 potvrdzuje kupuj\u00facemu, \u017ee obchod je d\u00f4veryhodn\u00fd a bezpe\u010dn\u00fd. Registr\u00e1cia tejto pe\u010date je zlo\u017eit\u00e1 a pre spolo\u010dnosti ve\u013emi n\u00e1kladn\u00e1 - znova a znova.<\/p>\n<p><strong>Existuje alternat\u00edva k drah\u00e9mu tesneniu Trusted. Nie\u010do e\u0161te lep\u0161ie pre z\u00e1kazn\u00edka?<\/strong><\/p>\n<p>\u00c1no, je. Najlep\u0161\u00ed a najbezpe\u010dnej\u0161\u00ed sp\u00f4sob sa naz\u00fdva \"n\u00e1kup na \u00fa\u010det\". Najsk\u00f4r si tovar prevezmite, skontrolujte tovar a potom zapla\u0165te. V\u010faka tomu je ak\u00e1ko\u013evek plomba zbyto\u010dn\u00e1 a zastaran\u00e1. V z\u00e1ujme transparentnosti je u n\u00e1s jednoducho z\u00e1kazn\u00edk v\u017edy na prvom mieste. Nem\u00e1te za \u010do!<\/p>\n\n\t\t<\/div>\n\t<\/div>\n\t\n\t<div id=\"accordion-947180912\" class=\"accordion-item\">\n\t\t<a id=\"accordion-947180912-label\" class=\"accordion-title plain\" href=\"#accordion-item-security-+-privacy\" aria-expanded=\"false\" aria-controls=\"accordion-947180912-content\">\n\t\t\t<button class=\"toggle\" aria-label=\"Prep\u00edna\u010d\"><i class=\"icon-angle-down\" aria-hidden=\"true\"><\/i><\/button>\n\t\t\t<span>Bezpe\u010dnos\u0165 + s\u00fakromie<\/span>\n\t\t<\/a>\n\t\t<div id=\"accordion-947180912-content\" class=\"accordion-inner\" aria-labelledby=\"accordion-947180912-label\">\n\t\t\t\n\n<p>Cel\u00e1 n\u00e1v\u0161teva internetov\u00e9ho obchodu prebieha plne \u0161ifrovane. Pou\u017e\u00edvame na to ve\u013emi bezpe\u010dn\u00e9 2048-bitov\u00e9 \u0161ifrovanie. Osobn\u00e9 platobn\u00e9 \u00fadaje, ako napr\u00edklad \u010d\u00edsla kreditn\u00fdch kariet, sa z\u00e1sadne neukladaj\u00fa. Preto nie je mo\u017en\u00e9 sa k t\u00fdmto inform\u00e1ci\u00e1m dosta\u0165 ani z\u00e1konn\u00fdmi prostriedkami; pr\u00edpadn\u00e9 pr\u00e1vne ot\u00e1zky posielame na pr\u00edslu\u0161n\u00fd sp\u00f4sob platby, ktor\u00fd si z\u00e1kazn\u00edk zvolil. Podrobn\u00e9 inform\u00e1cie o mo\u017enostiach platby n\u00e1jdete na na\u0161ej str\u00e1nke <a title=\"Ako plati\u0165 v online obchode\" href=\"https:\/\/ecoturbino.shop\/sk\/sposoby-platby\/\">Sp\u00f4soby platby<\/a>.<\/p>\n\n\t\t<\/div>\n\t<\/div>\n\t\n\n<\/div>\n\n\t\t<\/div>\n\t\t\t\t\t<\/div>\n\n\t\n\n<\/div>\n<div class=\"is-divider divider clearfix\" style=\"margin-top:3em;margin-bottom:3em;max-width:100%;height:1px;background-color:rgb(9, 14, 29);\"><\/div>\n\n<div class=\"row row-collapse\"  id=\"row-194676448\">\n\n\n\t<div id=\"col-1830834562\" class=\"col medium-12 small-12 large-4\"  >\n\t\t\t\t<div class=\"col-inner\"  >\n\t\t\t\n\t\t\t\n\n\n\t\t<div class=\"icon-box featured-box icon-box-left text-left\"  style=\"margin:0px 0px 30px 0px;\">\n\t\t\t\t\t<div class=\"icon-box-img\" style=\"width: 60px\">\n\t\t\t\t<div class=\"icon\">\n\t\t\t\t\t<div class=\"icon-inner\" >\n\t\t\t\t\t\t<?xml version=\"1.0\" encoding=\"UTF-8\"?>\n<!-- Generated by IcoMoon.io -->\n<svg xmlns=\"http:\/\/www.w3.org\/2000\/svg\" xmlns:xlink=\"http:\/\/www.w3.org\/1999\/xlink\" version=\"1.1\" width=\"16\" height=\"16\" viewbox=\"0 0 16 16\">\n  <path fill=\"#000000\" d=\"M14.5 2h-13c-0.825 0-1.5 0.675-1.5 1.5v9c0 0.825 0.675 1.5 1.5 1.5h13c0.825 0 1.5-0.675 1.5-1.5v-9c0-0.825-0.675-1.5-1.5-1.5zM3 12h-1v-2h1v2zM5 12h-1v-2h1v2zM7 12h-1v-2h1v2zM15.5 8h-15v-3h15v3z\"><\/path>\n<\/svg>\n\t\t\t\t\t<\/div>\n\t\t\t\t<\/div>\n\t\t\t<\/div>\n\t\t\t\t<div class=\"icon-box-text last-reset\">\n\t\t\t\t\t\t\t\t\t\n\n<h3>Objedn\u00e1vka + platba<\/h3>\n\n\t\t<\/div>\n\t<\/div>\n\t\n\t\n\n\t\t<\/div>\n\t\t\t\t\t<\/div>\n\n\t\n\n\t<div id=\"col-2144584260\" class=\"col medium-12 small-12 large-8\"  >\n\t\t\t\t<div class=\"col-inner text-left\"  >\n\t\t\t\n\t\t\t\n\n<div class=\"accordion\">\n\n\t<div id=\"accordion-2894053149\" class=\"accordion-item\">\n\t\t<a id=\"accordion-2894053149-label\" class=\"accordion-title plain\" href=\"#accordion-item-payment-methods\" aria-expanded=\"false\" aria-controls=\"accordion-2894053149-content\">\n\t\t\t<button class=\"toggle\" aria-label=\"Prep\u00edna\u010d\"><i class=\"icon-angle-down\" aria-hidden=\"true\"><\/i><\/button>\n\t\t\t<span>Sp\u00f4soby platby<\/span>\n\t\t<\/a>\n\t\t<div id=\"accordion-2894053149-content\" class=\"accordion-inner\" aria-labelledby=\"accordion-2894053149-label\">\n\t\t\t\n\n<p>Podrobn\u00e9 inform\u00e1cie o mo\u017enostiach platby n\u00e1jdete na na\u0161ej str\u00e1nke <a title=\"Ako plati\u0165 v online obchode\" href=\"https:\/\/ecoturbino.shop\/sk\/sposoby-platby\/\">sp\u00f4soby platby<\/a>.<\/p>\n\n\t\t<\/div>\n\t<\/div>\n\t\n\t<div id=\"accordion-2825191375\" class=\"accordion-item\">\n\t\t<a id=\"accordion-2825191375-label\" class=\"accordion-title plain\" href=\"#accordion-item-service-fee-|-discount-for-prepayment\" aria-expanded=\"false\" aria-controls=\"accordion-2825191375-content\">\n\t\t\t<button class=\"toggle\" aria-label=\"Prep\u00edna\u010d\"><i class=\"icon-angle-down\" aria-hidden=\"true\"><\/i><\/button>\n\t\t\t<span>Poplatok za slu\u017ebu | Z\u013eava za predplatbu<\/span>\n\t\t<\/a>\n\t\t<div id=\"accordion-2825191375-content\" class=\"accordion-inner\" aria-labelledby=\"accordion-2825191375-label\">\n\t\t\t\n\n<p>\u010cestnos\u0165 a transparentnos\u0165 s\u00fa pre n\u00e1s ve\u013emi d\u00f4le\u017eit\u00e9. Preto sme sa rozhodli zv\u00fd\u0161i\u0165 povedomie o problematike online poplatkov od poskytovate\u013eov platobn\u00fdch slu\u017eieb. Prov\u00edzie a vr\u00e1tenie poplatkov od poskytovate\u013eov platobn\u00fdch slu\u017eieb obchodn\u00edkovi v pr\u00edpade zru\u0161enia produktu uv\u00e1dzame na na\u0161ej <a href=\"https:\/\/ecoturbino.shop\/sk\/sposoby-platby\/\">str\u00e1nka s preh\u013eadom dostupn\u00fdch platobn\u00fdch met\u00f3d<\/a>.<\/p>\n<p>V z\u00e1vislosti od ekonomickej potreby \u00fa\u010dtujeme poplatok za online platbu. To ist\u00e9 plat\u00ed pre z\u013eavu ako bonus, ak podporuje a u\u013eah\u010duje na\u0161u pr\u00e1cu.<\/p>\n\n\t\t<\/div>\n\t<\/div>\n\t\n\t<div id=\"accordion-495860134\" class=\"accordion-item\">\n\t\t<a id=\"accordion-495860134-label\" class=\"accordion-title plain\" href=\"#accordion-item-order-by-phone-or-email\" aria-expanded=\"false\" aria-controls=\"accordion-495860134-content\">\n\t\t\t<button class=\"toggle\" aria-label=\"Prep\u00edna\u010d\"><i class=\"icon-angle-down\" aria-hidden=\"true\"><\/i><\/button>\n\t\t\t<span>Objedn\u00e1vka cez telef\u00f3n alebo e-mail<\/span>\n\t\t<\/a>\n\t\t<div id=\"accordion-495860134-content\" class=\"accordion-inner\" aria-labelledby=\"accordion-495860134-label\">\n\t\t\t\n\n<p>Neust\u00e1le vyv\u00edjame a investujeme do modern\u00e9ho syst\u00e9mu obchodu, aby sme umo\u017enili \u010do najjednoduch\u0161ie objedn\u00e1vanie na v\u0161etk\u00fdch zariadeniach. Vo v\u00fdnimo\u010dn\u00fdch pr\u00edpadoch je st\u00e1le k dispoz\u00edcii mo\u017enos\u0165 objedn\u00e1vky prostredn\u00edctvom e-mailu alebo telef\u00f3nu, pri\u010dom sa zoh\u013ead\u0148uje <a href=\"https:\/\/ecoturbino.shop\/sk\/sukromie-v-kokpite\/ochrana-osobnych-udajov\/\">nariadenia o ochrane \u00fadajov<\/a> pod\u013ea GDPR.<\/p>\n<p>Aby sme mohli t\u00fato manu\u00e1lnu slu\u017ebu prev\u00e1dzkova\u0165 za n\u00e1klady, \u00fa\u010dtujeme si servisn\u00fd poplatok vo v\u00fd\u0161ke 10 EUR za ka\u017ed\u00fa objedn\u00e1vku. Okrem toho je bankov\u00fd prevod jedin\u00fdm dostupn\u00fdm sp\u00f4sobom platby ako z\u00e1loha.<\/p>\n\n\t\t<\/div>\n\t<\/div>\n\t\n\t<div id=\"accordion-943741234\" class=\"accordion-item\">\n\t\t<a id=\"accordion-943741234-label\" class=\"accordion-title plain\" href=\"#accordion-item-order-with-vat-\/-tax\" aria-expanded=\"false\" aria-controls=\"accordion-943741234-content\">\n\t\t\t<button class=\"toggle\" aria-label=\"Prep\u00edna\u010d\"><i class=\"icon-angle-down\" aria-hidden=\"true\"><\/i><\/button>\n\t\t\t<span>Objedn\u00e1vka s DPH \/ da\u0148ou<\/span>\n\t\t<\/a>\n\t\t<div id=\"accordion-943741234-content\" class=\"accordion-inner\" aria-labelledby=\"accordion-943741234-label\">\n\t\t\t\n\n<p>Objedn\u00e1vanie bez dane ako intrakomunit\u00e1rne dodanie prostredn\u00edctvom I\u010c DPH je mo\u017en\u00e9. Sta\u010d\u00ed na str\u00e1nke objedn\u00e1vky spolu s faktura\u010dn\u00fdmi a dodac\u00edmi \u00fadajmi zada\u0165 I\u010c DPH (identifika\u010dn\u00e9 \u010d\u00edslo pre da\u0148 z pridanej hodnoty). Overenie I\u010c DPH sa vykon\u00e1va v priamom prenose.<\/p>\n<p>Po potvrden\u00ed bude objedn\u00e1vka uvo\u013enen\u00e1 a my v\u00e1m za\u0161leme potvrdenie objedn\u00e1vky s pr\u00edslu\u0161n\u00fdm I\u010c DPH. Upozor\u0148ujeme, \u017ee intrakomunit\u00e1rne dodanie osloboden\u00e9 od DPH je mo\u017en\u00e9 len s platn\u00fdm I\u010c DPH a v\u00fdlu\u010dne v krajin\u00e1ch E\u00da mimo Rak\u00faska.<\/p>\n<p>Ako eur\u00f3pska spolo\u010dnos\u0165 sme povinn\u00ed \u00fa\u010dtova\u0165 miestnu da\u0148 z pridanej hodnoty v krajine ur\u010denia objedn\u00e1vky. Bez identifika\u010dn\u00e9ho \u010d\u00edsla pre DPH je teda mo\u017en\u00e9 uplatni\u0165 si vypo\u010d\u00edtan\u00fa DPH ako da\u0148 na vstupe.<\/p>\n\n\t\t<\/div>\n\t<\/div>\n\t\n\t<div id=\"accordion-3434391287\" class=\"accordion-item\">\n\t\t<a id=\"accordion-3434391287-label\" class=\"accordion-title plain\" href=\"#accordion-item-invoice-received\" aria-expanded=\"false\" aria-controls=\"accordion-3434391287-content\">\n\t\t\t<button class=\"toggle\" aria-label=\"Prep\u00edna\u010d\"><i class=\"icon-angle-down\" aria-hidden=\"true\"><\/i><\/button>\n\t\t\t<span>Prijat\u00e1 fakt\u00fara<\/span>\n\t\t<\/a>\n\t\t<div id=\"accordion-3434391287-content\" class=\"accordion-inner\" aria-labelledby=\"accordion-3434391287-label\">\n\t\t\t\n\n<p>Fakt\u00faru zasielame vo form\u00e1te PDF spolu s kone\u010dn\u00fdm e-mailom vr\u00e1tane odkazu na sledovanie z\u00e1sielky. K samotn\u00e9mu bal\u00edku priklad\u00e1me iba dodac\u00ed list alebo baliaci list.<\/p>\n\n\t\t<\/div>\n\t<\/div>\n\t\n\n<\/div>\n\n\t\t<\/div>\n\t\t\t\t\t<\/div>\n\n\t\n\n<\/div>\n<div class=\"is-divider divider clearfix\" style=\"margin-top:3em;margin-bottom:3em;max-width:100%;height:1px;background-color:rgb(9, 14, 29);\"><\/div>\n\n<div class=\"row row-collapse\"  id=\"row-1612360395\">\n\n\n\t<div id=\"col-1270687331\" class=\"col medium-12 small-12 large-4\"  >\n\t\t\t\t<div class=\"col-inner\"  >\n\t\t\t\n\t\t\t\n\n\n\t\t<div class=\"icon-box featured-box icon-box-left text-left\"  style=\"margin:0px 0px 30px 0px;\">\n\t\t\t\t\t<div class=\"icon-box-img\" style=\"width: 60px\">\n\t\t\t\t<div class=\"icon\">\n\t\t\t\t\t<div class=\"icon-inner\" >\n\t\t\t\t\t\t<?xml version=\"1.0\" encoding=\"UTF-8\"?>\n<!-- Generated by IcoMoon.io -->\n<svg xmlns=\"http:\/\/www.w3.org\/2000\/svg\" xmlns:xlink=\"http:\/\/www.w3.org\/1999\/xlink\" version=\"1.1\" width=\"16\" height=\"16\" viewbox=\"0 0 16 16\">\n  <path fill=\"#000000\" d=\"M16 1h-3v7h-7.5l2.5-2.5-2-2-6 6 6 6 2-2-2.5-2.5h10.5z\"><\/path>\n<\/svg>\n\t\t\t\t\t<\/div>\n\t\t\t\t<\/div>\n\t\t\t<\/div>\n\t\t\t\t<div class=\"icon-box-text last-reset\">\n\t\t\t\t\t\t\t\t\t\n\n<h3>Vracia<\/h3>\n\n\t\t<\/div>\n\t<\/div>\n\t\n\t\n\n\t\t<\/div>\n\t\t\t\t\t<\/div>\n\n\t\n\n\t<div id=\"col-1824618531\" class=\"col medium-12 small-12 large-8\"  >\n\t\t\t\t<div class=\"col-inner text-left\"  >\n\t\t\t\n\t\t\t\n\n<div class=\"accordion\">\n\n\t<div id=\"accordion-2334962208\" class=\"accordion-item\">\n\t\t<a id=\"accordion-2334962208-label\" class=\"accordion-title plain\" href=\"#accordion-item-withdrawal-of-an-order\" aria-expanded=\"false\" aria-controls=\"accordion-2334962208-content\">\n\t\t\t<button class=\"toggle\" aria-label=\"Prep\u00edna\u010d\"><i class=\"icon-angle-down\" aria-hidden=\"true\"><\/i><\/button>\n\t\t\t<span>Stiahnutie objedn\u00e1vky<\/span>\n\t\t<\/a>\n\t\t<div id=\"accordion-2334962208-content\" class=\"accordion-inner\" aria-labelledby=\"accordion-2334962208-label\">\n\t\t\t\n\n<p>V z\u00e1sade plat\u00ed, \u017ee do \u0161trn\u00e1stich dn\u00ed od prijatia objedn\u00e1vky a bez uvedenia d\u00f4vodu je mo\u017en\u00e9 objedn\u00e1vku zru\u0161i\u0165 jej vr\u00e1ten\u00edm. Na niektor\u00e9 v\u00fdrobky v na\u0161om sortimente sa v\u0161ak toto pr\u00e1vo na odst\u00fapenie od zmluvy nevz\u0165ahuje.<\/p>\n<p>Podrobn\u00e9 inform\u00e1cie o odvolan\u00ed, v\u00fdnimk\u00e1ch, spiato\u010dnej adrese a pravidl\u00e1ch odst\u00fapenia n\u00e1jdete na na\u0161ej str\u00e1nke <a href=\"https:\/\/ecoturbino.shop\/sk\/odstupenie-od-zmluvy\/\">odst\u00fapenie od zmluvy<\/a>.<\/p>\n\n\t\t<\/div>\n\t<\/div>\n\t\n\t<div id=\"accordion-3749505257\" class=\"accordion-item\">\n\t\t<a id=\"accordion-3749505257-label\" class=\"accordion-title plain\" aria-expanded=\"false\" aria-controls=\"accordion-3749505257-content\">\n\t\t\t<button class=\"toggle\" aria-label=\"Prep\u00edna\u010d\"><i class=\"icon-angle-down\" aria-hidden=\"true\"><\/i><\/button>\n\t\t\t<span>Odpor\u00fa\u010danie: Pred vr\u00e1ten\u00edm - vy\u017eiadajte si poradenstvo o aplik\u00e1cii!<\/span>\n\t\t<\/a>\n\t\t<div id=\"accordion-3749505257-content\" class=\"accordion-inner\" aria-labelledby=\"accordion-3749505257-label\">\n\t\t\t\n\n<p>Cel\u00fd n\u00e1\u0161 sortiment pozost\u00e1va zo \u0161pecializovan\u00fdch v\u00fdrobkov a nie je porovnate\u013en\u00fd s be\u017ene dostupn\u00fdm s\u00e9riovo vyr\u00e1ban\u00fdm tovarom. Mnoh\u00e9 z t\u00fdchto v\u00fdrobkov si vy\u017eaduj\u00fa aj konzult\u00e1cie pre spr\u00e1vnu aplik\u00e1ciu na dosiahnutie maxim\u00e1lneho v\u00fdkonu.<\/p>\n<p>M\u00e1me ve\u013emi m\u00e1lo n\u00e1vratov. Napriek tomu sme si na z\u00e1klade ot\u00e1zok o vr\u00e1ten\u00ed uvedomili, \u017ee tieto odst\u00fapenia od zmluvy \u010dasto vznikaj\u00fa v\u00fdlu\u010dne z d\u00f4vodu nespr\u00e1vneho pou\u017eitia alebo nespr\u00e1vneho v\u00fdkladu v\u00fdrobku.<\/p>\n<p>Preto d\u00f4razne odpor\u00fa\u010dame (aj preto, aby ste predi\u0161li n\u00e1kladom na zbyto\u010dn\u00e9 vr\u00e1tenie), aby ste pred vr\u00e1ten\u00edm v\u00fdrobku vyh\u013eadali poradenstvo o jeho spr\u00e1vnom pou\u017eit\u00ed; napr. pou\u017eitie mobiln\u00e9ho telef\u00f3nu ako kontroln\u00e9ho\/meracieho zariadenia, nespr\u00e1vne vyhodnotenie meracej krivky dB pre \u00fatlm tienenia at\u010f.<\/p>\n\n\t\t<\/div>\n\t<\/div>\n\t\n\n<\/div>\n\n\t\t<\/div>\n\t\t\t\t\t<\/div>\n\n\t\n\n<\/div>\n\t<div id=\"gap-1205842174\" class=\"gap-element clearfix\" style=\"display:block; height:auto;\">\n\t\t\n<style>\n#gap-1205842174 {\n  padding-top: 60px;\n}\n<\/style>\n\t<\/div>\n\t\n\n<div class=\"row align-center\"  id=\"row-1331491862\">\n\n\n\t<div id=\"col-188531812\" class=\"col small-12 large-12\"  >\n\t\t\t\t<div class=\"col-inner text-center dark\" style=\"background-color:rgb(85, 85, 85);\" >\n\t\t\t\n\t\t\t\n\n<h3>M\u00e1te e\u0161te ot\u00e1zky?<\/h3>\n<a href=\"https:\/\/ecoturbino.shop\/sk\/kontakt\/\" class=\"button secondary\" style=\"border-radius:5px;\">\n\t\t<span>Priamy kontakt na t\u00edm ecoturbino\u00ae<\/span>\n\t<i class=\"icon-angle-right\" aria-hidden=\"true\"><\/i><\/a>\n\n\n\n\t\t<\/div>\n\t\t\t\t\n<style>\n#col-188531812 > .col-inner {\n  border-radius: 10px;\n}\n<\/style>\n\t<\/div>\n\n\t\n\n\n<style>\n#row-1331491862 > .col > .col-inner {\n  padding: 40px 20px 40px 20px;\n  background-color: rgb(244, 244, 244);\n}\n@media (min-width:550px) {\n  #row-1331491862 > .col > .col-inner {\n    padding: 40px 40px 40px 40px;\n  }\n}\n<\/style>\n<\/div>\n\n\t\t<\/div>\n\t\t\t\t\t<\/div>\n\n\t\n\n<\/div>\n\n\t\t<\/div>\n\n\t\t\n<style>\n#section_1066558359 {\n  padding-top: 30px;\n  padding-bottom: 30px;\n}\n<\/style>\n\t<\/section>\n\t\n\t\t<\/div>\n\t\t\t\t\t<\/div>\n\n\t\n<\/div>","protected":false},"excerpt":{"rendered":"","protected":false},"author":1319,"featured_media":47649,"parent":0,"menu_order":0,"comment_status":"closed","ping_status":"closed","template":"page-blank.php","meta":{"inline_featured_image":false,"footnotes":""},"class_list":["post-7231","page","type-page","status-publish","has-post-thumbnail","hentry"],"_links":{"self":[{"href":"https:\/\/ecoturbino.shop\/sk\/wp-json\/wp\/v2\/pages\/7231","targetHints":{"allow":["GET"]}}],"collection":[{"href":"https:\/\/ecoturbino.shop\/sk\/wp-json\/wp\/v2\/pages"}],"about":[{"href":"https:\/\/ecoturbino.shop\/sk\/wp-json\/wp\/v2\/types\/page"}],"author":[{"embeddable":true,"href":"https:\/\/ecoturbino.shop\/sk\/wp-json\/wp\/v2\/users\/1319"}],"replies":[{"embeddable":true,"href":"https:\/\/ecoturbino.shop\/sk\/wp-json\/wp\/v2\/comments?post=7231"}],"version-history":[{"count":0,"href":"https:\/\/ecoturbino.shop\/sk\/wp-json\/wp\/v2\/pages\/7231\/revisions"}],"wp:featuredmedia":[{"embeddable":true,"href":"https:\/\/ecoturbino.shop\/sk\/wp-json\/wp\/v2\/media\/47649"}],"wp:attachment":[{"href":"https:\/\/ecoturbino.shop\/sk\/wp-json\/wp\/v2\/media?parent=7231"}],"curies":[{"name":"wp","href":"https:\/\/api.w.org\/{rel}","templated":true}]}}