{"id":8166,"date":"2015-02-14T16:37:30","date_gmt":"2015-02-14T15:37:30","guid":{"rendered":"http:\/\/shop.pronatur24.eu\/?page_id=8166"},"modified":"2025-08-15T11:10:48","modified_gmt":"2025-08-15T09:10:48","slug":"partnersky-program","status":"publish","type":"page","link":"https:\/\/ecoturbino.shop\/sk\/affiliate-partner-program\/","title":{"rendered":"AFFILIATES \u00bb Partnersk\u00fd program"},"content":{"rendered":"<div class=\"banner has-hover\" id=\"banner-1229925042\">\n          <div class=\"banner-inner fill\">\n        <div class=\"banner-bg fill\" >\n            <img decoding=\"async\" width=\"2000\" height=\"230\" src=\"https:\/\/ecoturbino.shop\/wp-content\/uploads\/2023\/08\/bonuspunkte-webdeals_1050.webp\" class=\"bg attachment-original size-original\" alt=\"Affiliate Header\" \/>                        <div class=\"overlay\"><\/div>            \n                    <\/div>\n\t\t\n        <div class=\"banner-layers container\">\n            <div class=\"fill banner-link\"><\/div>            \n   <div id=\"text-box-1394622151\" class=\"text-box banner-layer x50 md-x50 lg-x50 y50 md-y50 lg-y50 res-text\">\n                                <div class=\"text-box-content text dark\">\n              \n              <div class=\"text-inner text-center\">\n                  \n<h1>AFFILIATE<\/h1>\n              <\/div>\n           <\/div>\n                            \n<style>\n#text-box-1394622151 {\n  width: 80%;\n}\n#text-box-1394622151 .text-box-content {\n  font-size: 100%;\n}\n@media (min-width:550px) {\n  #text-box-1394622151 {\n    width: 67%;\n  }\n}\n@media (min-width:850px) {\n  #text-box-1394622151 {\n    width: 44%;\n  }\n}\n<\/style>\n    <\/div>\n \n        <\/div>\n      <\/div>\n\n            \n<style>\n#banner-1229925042 {\n  padding-top: 110px;\n}\n#banner-1229925042 .overlay {\n  background-color: rgba(0,0,0,.5);\n}\n@media (min-width:550px) {\n  #banner-1229925042 {\n    padding-top: 170px;\n  }\n}\n@media (min-width:850px) {\n  #banner-1229925042 {\n    padding-top: 190px;\n  }\n}\n<\/style>\n  <\/div>\n\n\n<div class=\"row\"  id=\"row-968858437\">\n\n\t<div id=\"col-468578434\" class=\"col small-12 large-12\"  >\n\t\t\t\t<div class=\"col-inner\"  >\n\t\t\t\n\t\t\t\n<div class=\"row\"  id=\"row-875516458\">\n\n\t<div id=\"col-2013639432\" class=\"col medium-8 small-12 large-8\"  >\n\t\t\t\t<div class=\"col-inner\"  >\n\t\t\t\n\t\t\t\n<h2 class=\"headlinefocus\">Hovor\u00edte u\u017e o ekoturbine\u00ae?<\/h2>\n<p>V\u010faka n\u00e1\u0161mu partnersk\u00e9mu programu v\u00e1m \u010fakujeme za va\u0161e uznanie a odpor\u00fa\u010danie. Mnoh\u00ed pou\u017e\u00edvatelia maj\u00fa sk\u00fasenosti s na\u0161imi v\u00fdrobkami a oce\u0148uj\u00fa ich potenci\u00e1l \u0161etri\u0165 n\u00e1klady spojen\u00e9 s vodou. A to \u00faplne nez\u00e1visle od toho, \u010di ide o aplik\u00e1ciu v s\u00fakromnom alebo komer\u010dnom sektore.<\/p>\n<p><strong>Aby sa o kvalite a potenci\u00e1li ecoturbino\u00ae dozvedelo e\u0161te viac pou\u017e\u00edvate\u013eov, potrebujeme \u013eud\u00ed, ako ste vy.<\/strong> Je potrebn\u00e9 pokra\u010dova\u0165 v zvy\u0161ovan\u00ed povedomia o energetickej \u00fa\u010dinnosti, ochrane \u017eivotn\u00e9ho prostredia a skuto\u010dn\u00fdch \u00faspor\u00e1ch n\u00e1kladov. V\u010faka n\u00e1\u0161mu partnersk\u00e9mu programu na to kladieme z\u00e1klady, preto\u017ee si ve\u013emi dobre uvedomujeme hodnotu odpor\u00fa\u010dan\u00ed.<\/p>\n<p><strong>M\u00e1te vlastn\u00fa webov\u00fa str\u00e1nku, ste bloger, YouTuber, influencer alebo dokonca prev\u00e1dzkujete internetov\u00fd obchod?<\/strong> Potom sa zaregistrujte ako partner ecoturbino\u00ae a spolu s nami pon\u00faknite \u013eu\u010fom alternat\u00edvu. Ve\u013emi \u00fa\u010dinn\u00fd n\u00e1stroj, ktor\u00fd opakovane \u0161etr\u00ed \u0165a\u017eko zaroben\u00e9 peniaze a z\u00e1rove\u0148 zabezpe\u010duje pln\u00fd komfort pod sprchou - pre host\u00ed a zamestnancov vo firm\u00e1ch, ako aj v s\u00fakromn\u00fdch dom\u00e1cnostiach.<\/p>\n<p><strong>Atrakt\u00edvne prov\u00edzie s\u00fa na\u0161\u00edm po\u010fakovan\u00edm za va\u0161u hodnotn\u00fa pr\u00e1cu!<\/strong><\/p>\n\t\t<\/div>\n\t\t\t\t\t<\/div>\n\n\t\n\n\t<div id=\"col-717138700\" class=\"col hide-for-small medium-4 small-12 large-4\"  >\n\t\t\t\t<div class=\"col-inner\"  >\n\t\t\t\n\t\t\t\n\t<div id=\"ux-lottie-3381091537\" class=\"ux-lottie hide-for-small\">\n\t\t\t\t<lottie-player class=\"ux-lottie__player\" data-params=\"{&quot;src&quot;:&quot;https:\\\/\\\/ecoturbino.shop\\\/wp-content\\\/uploads\\\/2023\\\/08\\\/102516-growth.json&quot;,&quot;loop&quot;:true,&quot;autoplay&quot;:true,&quot;controls&quot;:false,&quot;speed&quot;:&quot;1&quot;,&quot;direction&quot;:1,&quot;trigger&quot;:&quot;&quot;,&quot;mouseout&quot;:&quot;&quot;,&quot;start&quot;:0,&quot;end&quot;:100,&quot;scrollActionType&quot;:&quot;seek&quot;,&quot;visibilityStart&quot;:0,&quot;visibilityEnd&quot;:100,&quot;id&quot;:&quot;ux-lottie-3381091537&quot;}\"><\/lottie-player>\n\t\t\t\t\n<style>\n#ux-lottie-3381091537 {\n  width: 100%;\n  height: 300px;\n}\n<\/style>\n\t<\/div>\n\t\n\t\t<\/div>\n\t\t\t\t\t<\/div>\n\n\t\n<\/div>\n<div class=\"is-divider divider clearfix\" style=\"max-width:100%;height:1px;\"><\/div>\n\t<div class=\"img has-hover x md-x lg-x y md-y lg-y\" id=\"image_1377109537\">\n\t\t\t\t\t\t\t\t<div class=\"img-inner dark\" >\n\t\t\t<img decoding=\"async\" width=\"1050\" height=\"250\" src=\"https:\/\/ecoturbino.shop\/wp-content\/uploads\/2023\/08\/affiliate-erfolg-webdeals_1050.webp\" class=\"attachment-original size-original\" alt=\"Affiliate partnersk\u00fd program\" srcset=\"https:\/\/ecoturbino.shop\/wp-content\/uploads\/2023\/08\/affiliate-erfolg-webdeals_1050.webp 1050w, https:\/\/ecoturbino.shop\/wp-content\/uploads\/2023\/08\/affiliate-erfolg-webdeals_1050-470x112.webp 470w, https:\/\/ecoturbino.shop\/wp-content\/uploads\/2023\/08\/affiliate-erfolg-webdeals_1050-635x151.webp 635w, https:\/\/ecoturbino.shop\/wp-content\/uploads\/2023\/08\/affiliate-erfolg-webdeals_1050-800x190.webp 800w\" sizes=\"(max-width: 1050px) 100vw, 1050px\" \/>\t\t\t\t\t\t\n\t\t\t\t\t<\/div>\n\t\t\t\t\t\t\t\t\n<style>\n#image_1377109537 {\n  width: 100%;\n}\n<\/style>\n\t<\/div>\n\t\n<h3>Partnersk\u00e1 aplik\u00e1cia je predov\u0161etk\u00fdm jedna vec: EASY!<\/h3>\n<p>Sta\u010d\u00ed vyplni\u0165 a odosla\u0165 formul\u00e1r \u017eiadosti na tejto str\u00e1nke. To je v\u0161etko. Ka\u017ed\u00e9mu nov\u00e9mu partnerovi venujeme ve\u013ea \u010dasu na objasnenie v\u0161etk\u00fdch ot\u00e1zok. Po kr\u00e1tkom \u010dase v\u00e1m zavol\u00e1me - aj preto, aby sme v\u00e1s spoznali.<\/p>\n<p>A potom sa to za\u010dne. Spolu s identifika\u010dn\u00fdm \u010d\u00edslom partnera, na\u0161imi obr\u00e1zkami produktov a digit\u00e1lnymi reklamn\u00fdmi materi\u00e1lmi v\u00e1m u\u017e ni\u010d nestoj\u00ed v ceste do sveta \u00fa\u010dinnej stavebnej biol\u00f3gie a pre zdravie \u013eud\u00ed.<\/p>\n\t<div id=\"gap-838787571\" class=\"gap-element clearfix\" style=\"display:block; height:auto;\">\n\t\t\n<style>\n#gap-838787571 {\n  padding-top: 15px;\n}\n<\/style>\n\t<\/div>\n\t\n<div class=\"is-divider divider clearfix\" style=\"max-width:100%;height:1px;\"><\/div>\n<div class=\"row\"  id=\"row-1089526223\">\n\n\t<div id=\"col-531201601\" class=\"col medium-8 small-12 large-8\"  >\n\t\t\t\t<div class=\"col-inner\"  >\n\t\t\t\n\t\t\t\n<h3>Partnersk\u00fd program ecoturbino\u00ae je jednoducho presved\u010div\u00fd!<\/h3>\n<ul>\n<li><strong>Vlastn\u00fd affiliate syst\u00e9m a \u017eiadna extern\u00e1 platforma<\/strong><\/li>\n<li><strong>Udr\u017eiavanie osobn\u00fdch kontaktov a vyh\u013ead\u00e1vanie alebo optimaliz\u00e1cia n\u00e1padov<\/strong><\/li>\n<li><strong>Individu\u00e1lne dohody<\/strong> a reklamn\u00e9 materi\u00e1ly alebo kampane<\/li>\n<li>Atrakt\u00edvne prov\u00edzie<\/li>\n<li>Individu\u00e1lne \u010dasy v\u00fdplaty<\/li>\n<li>30 dn\u00ed trvania s\u00faborov cookie<\/li>\n<li>Najni\u017e\u0161ie storno sadzby - <strong>ve\u013emi m\u00e1lo n\u00e1vratov<\/strong><\/li>\n<li>Vysok\u00e1 miera konverzie<\/li>\n<\/ul>\n\t<div id=\"gap-1831217736\" class=\"gap-element clearfix\" style=\"display:block; height:auto;\">\n\t\t\n<style>\n#gap-1831217736 {\n  padding-top: 15px;\n}\n<\/style>\n\t<\/div>\n\t\n<h3>Usmernenia pre marketing vo vyh\u013ead\u00e1va\u010doch<\/h3>\n<ul>\n<li>Marketing vo vyh\u013ead\u00e1va\u010doch je v\u0161eobecne povolen\u00fd a podporovan\u00fd. Adresa URL sa m\u00f4\u017ee pou\u017e\u00edva\u0165 ako zobrazovacia a cie\u013eov\u00e1 adresa URL.<\/li>\n<li>Brandbidding (\u201cecoturbino\u201d a podobn\u00e9 hl\u00e1skovanie) nie je povolen\u00fd.<\/li>\n<li>Pou\u017e\u00edvanie port\u00e1lov s kup\u00f3nmi, ktor\u00e9 pou\u017e\u00edvaj\u00fa zna\u010dku \u201cecoturbino\u201d, nie je povolen\u00e9.<\/li>\n<\/ul>\n\t\t<\/div>\n\t\t\t\t\t<\/div>\n\n\t\n\n\t<div id=\"col-1933323487\" class=\"col medium-4 small-12 large-4\"  >\n\t\t\t\t<div class=\"col-inner\"  >\n\t\t\t\n\t\t\t\n\t<div class=\"img has-hover x md-x lg-x y md-y lg-y\" id=\"image_380180157\">\n\t\t\t\t\t\t\t\t<div class=\"img-inner dark\" >\n\t\t\t<img decoding=\"async\" width=\"1000\" height=\"1000\" src=\"https:\/\/ecoturbino.shop\/wp-content\/uploads\/2023\/09\/ecoturbino-crometta-vario-hansgrohe-handbrause-pronatur24-feedbild2_1000.webp\" class=\"attachment-original size-original\" alt=\"hansgrohe Crometta Vario, 2-tryskov\u00fd SET + ecoturbino\u00ae 10 Legio | adapt\u00e9r na \u00fasporu vody ET10L + sprchov\u00e1 hadica + sprchov\u00e1 hlavica. Obr\u00e1zok nap\u00e1jania.\" srcset=\"https:\/\/ecoturbino.shop\/wp-content\/uploads\/2023\/09\/ecoturbino-crometta-vario-hansgrohe-handbrause-pronatur24-feedbild2_1000.webp 1000w, https:\/\/ecoturbino.shop\/wp-content\/uploads\/2023\/09\/ecoturbino-crometta-vario-hansgrohe-handbrause-pronatur24-feedbild2_1000-470x470.webp 470w, https:\/\/ecoturbino.shop\/wp-content\/uploads\/2023\/09\/ecoturbino-crometta-vario-hansgrohe-handbrause-pronatur24-feedbild2_1000-635x635.webp 635w, https:\/\/ecoturbino.shop\/wp-content\/uploads\/2023\/09\/ecoturbino-crometta-vario-hansgrohe-handbrause-pronatur24-feedbild2_1000-800x800.webp 800w, https:\/\/ecoturbino.shop\/wp-content\/uploads\/2023\/09\/ecoturbino-crometta-vario-hansgrohe-handbrause-pronatur24-feedbild2_1000-340x340.webp 340w\" sizes=\"(max-width: 1000px) 100vw, 1000px\" \/>\t\t\t\t\t\t\n\t\t\t\t\t<\/div>\n\t\t\t\t\t\t\t\t\n<style>\n#image_380180157 {\n  width: 100%;\n}\n<\/style>\n\t<\/div>\n\t\n\t\t<\/div>\n\t\t\t\t\t<\/div>\n\n\t\n<\/div>\n\t<div id=\"gap-2024299204\" class=\"gap-element clearfix\" style=\"display:block; height:auto;\">\n\t\t\n<style>\n#gap-2024299204 {\n  padding-top: 15px;\n}\n<\/style>\n\t<\/div>\n\t\n\n\t<section class=\"section\" id=\"section_1434718978\">\n\t\t<div class=\"section-bg fill\" >\n\t\t\t\t\t\t\t\t\t\n\t\t\t\n\n\t\t<\/div>\n\n\t\t\t<div class=\"ux-shape-divider ux-shape-divider--top ux-shape-divider--style-curve-opacity\">\n\t\t<svg viewbox=\"0 0 1000 100\" xmlns=\"http:\/\/www.w3.org\/2000\/svg\" preserveaspectratio=\"none\">\n\t\t<path class=\"ux-shape-fill\" opacity=\"0.15\" d=\"M0 14C0 14 88.64 17.48 300 50C560 90 814 77 1003 40L1015 68L1018 104H0V14Z\"\/>\n\t\t<path class=\"ux-shape-fill\" opacity=\"0.3\" d=\"M0 45C0 45 271 90.13 500 77C657 68 830 30 1015 14V100H0V45Z\"\/>\n\t\t<path class=\"ux-shape-fill\" d=\"M0 58C0 58 188.29 90 508 90C798 90 1002 55 1002 55V100H0V58Z\"\/>\n<\/svg>\n\t<\/div>\n\n\t<div class=\"ux-shape-divider ux-shape-divider--bottom ux-shape-divider--style-waves-opacity-3\">\n\t\t<svg viewbox=\"0 0 1000 300\" xmlns=\"http:\/\/www.w3.org\/2000\/svg\" preserveaspectratio=\"none\">\n\t<path class=\"ux-shape-fill\" opacity=\"0.05\" d=\"M1014 264V386H206L34 300C34 300 344.42 277.16 436 221C542 156 590 160 704 209C811 255 899.11 214.94 979 346L1014 264Z\"\/>\n\t<path class=\"ux-shape-fill\" opacity=\"0.1\" d=\"M-302 55C-302 55 -66.73 263.25 50 214C178 160 283 116 353 141C445.68 174.1 534.28 256.19 588 249C692.9 235 764.52 75.94 855 131C940.61 183.09 1000 254 1000 254V328L-306 338L-302 55Z\"\/>\n\t<path class=\"ux-shape-fill\" opacity=\"0.15\" d=\"M-286 255C-286 255 -72 152 52 126C176 100 255 155 436 227C581.57 284.91 614.7 277.79 708 227C787 184 1009 3.0001 1093 164C1146 265.63 1031 293 1031 293L924 377L-288 389L-286 255Z\"\/>\n\t<path class=\"ux-shape-fill\" opacity=\"0.3\" d=\"M-24 69C-24 69 275.68 370.66 389 314C397 310 622 316 673 356C690.47 369.7 845 224 890 182C944.8 130.85 1018 92 1078 143C1154.12 207.7 1196 242 1196 242L1184 374L-28 386L-24 69Z\"\/>\n\t<path class=\"ux-shape-fill\" d=\"M-12 201C-12 201 58 284 182 258C306 232 342.29 221.23 456 264C565 305 640.82 288.36 721 249C776 222 837.5 191.31 935 253C984 284 1030 279 1030 279L1024 430L-12 440V201Z\"\/>\n<\/svg>\n\t<\/div>\n\n\t\t<div class=\"section-content relative\">\n\t\t\t\n\t<div id=\"gap-913626517\" class=\"gap-element clearfix\" style=\"display:block; height:auto;\">\n\t\t\n<style>\n#gap-913626517 {\n  padding-top: 40px;\n}\n<\/style>\n\t<\/div>\n\t\n<h3>\u017dIADOS\u0164 O PARTNERSK\u00dd PROGRAM ECOTURBINO\u00ae<\/h3>\n\t<div id=\"gap-877882352\" class=\"gap-element clearfix\" style=\"display:block; height:auto;\">\n\t\t\n<style>\n#gap-877882352 {\n  padding-top: 15px;\n}\n<\/style>\n\t<\/div>\n\t\n\n<div class=\"wpcf7 no-js\" id=\"wpcf7-f9590-o1\" lang=\"de-DE\" dir=\"ltr\" data-wpcf7-id=\"9590\">\n<div class=\"screen-reader-response\"><p role=\"status\" aria-live=\"polite\" aria-atomic=\"true\"><\/p> <ul><\/ul><\/div>\n<form action=\"\/sk\/wp-json\/wp\/v2\/pages\/8166#wpcf7-f9590-o1\" method=\"post\" class=\"wpcf7-form init\" aria-label=\"Kontaktformular\" novalidate=\"novalidate\" data-status=\"init\" data-trp-original-action=\"\/sk\/wp-json\/wp\/v2\/pages\/8166#wpcf7-f9590-o1\">\n<fieldset class=\"hidden-fields-container\"><input type=\"hidden\" name=\"_wpcf7\" value=\"9590\" \/><input type=\"hidden\" name=\"_wpcf7_version\" value=\"6.1.5\" \/><input type=\"hidden\" name=\"_wpcf7_locale\" value=\"de_DE\" \/><input type=\"hidden\" name=\"_wpcf7_unit_tag\" value=\"wpcf7-f9590-o1\" \/><input type=\"hidden\" name=\"_wpcf7_container_post\" value=\"0\" \/><input type=\"hidden\" name=\"_wpcf7_posted_data_hash\" value=\"\" \/>\n<\/fieldset>\n<p><span class=\"wpcf7-form-control-wrap\" data-name=\"name102\"><input size=\"60\" maxlength=\"100\" class=\"wpcf7-form-control wpcf7-text wpcf7-validates-as-required\" aria-required=\"true\" aria-invalid=\"false\" placeholder=\"N\u00e1zov\" value=\"\" type=\"text\" name=\"name102\" \/><\/span>\n<\/p>\n<p><span class=\"wpcf7-form-control-wrap\" data-name=\"email102\"><input size=\"60\" maxlength=\"100\" class=\"wpcf7-form-control wpcf7-email wpcf7-validates-as-required wpcf7-text wpcf7-validates-as-email\" aria-required=\"true\" aria-invalid=\"false\" placeholder=\"@eMail-adresa\" value=\"\" type=\"email\" name=\"email102\" \/><\/span>\n<\/p>\n<p><span class=\"wpcf7-form-control-wrap\" data-name=\"telefon102\"><input size=\"30\" maxlength=\"50\" class=\"wpcf7-form-control wpcf7-text\" aria-invalid=\"false\" placeholder=\"Telef\u00f3n\" value=\"\" type=\"text\" name=\"telefon102\" \/><\/span>\n<\/p>\n<p><span class=\"wpcf7-form-control-wrap\" data-name=\"homepage102\"><input size=\"60\" maxlength=\"100\" class=\"wpcf7-form-control wpcf7-text\" aria-invalid=\"false\" placeholder=\"Domovsk\u00e1 str\u00e1nka\" value=\"\" type=\"text\" name=\"homepage102\" \/><\/span>\n<\/p>\n<p><span class=\"wpcf7-form-control-wrap\" data-name=\"nachricht102\"><textarea cols=\"60\" rows=\"5\" maxlength=\"500\" class=\"wpcf7-form-control wpcf7-textarea wpcf7-validates-as-required\" aria-required=\"true\" aria-invalid=\"false\" placeholder=\"Kde a ako by ste o n\u00e1s chceli hovori\u0165? \u010co potrebujete na odpor\u00fa\u010danie ecoturbino (obr\u00e1zky, odkazy)?\" name=\"nachricht102\"><\/textarea><\/span>\n<\/p>\n<div class=\"wpcf7-turnstile cf-turnstile\" data-sitekey=\"0x4AAAAAAALCOGxAMe4ujVPQ\" data-response-field-name=\"_wpcf7_turnstile_response\"><\/div>\n<p><input class=\"wpcf7-form-control wpcf7-submit has-spinner\" type=\"submit\" value=\"Odosla\u0165\" \/>\n<\/p><div class=\"wpcf7-response-output\" aria-hidden=\"true\"><\/div>\n<input type=\"hidden\" name=\"trp-form-language\" value=\"sk\"\/><\/form>\n<\/div>\n\n\t\t<\/div>\n\n\t\t\n<style>\n#section_1434718978 {\n  padding-top: 0px;\n  padding-bottom: 0px;\n  background-color: rgba(83, 166, 0, 0.05);\n}\n#section_1434718978 .ux-shape-divider--top svg {\n  height: 150px;\n  --divider-top-width: 100%;\n}\n#section_1434718978 .ux-shape-divider--top .ux-shape-fill {\n  fill: #c0d63d;\n}\n#section_1434718978 .ux-shape-divider--bottom svg {\n  height: 150px;\n  --divider-width: 100%;\n}\n<\/style>\n\t<\/section>\n\t\n\t\t<\/div>\n\t\t\t\t\t<\/div>\n\n\t\n<\/div>","protected":false},"excerpt":{"rendered":"","protected":false},"author":1319,"featured_media":47649,"parent":0,"menu_order":0,"comment_status":"closed","ping_status":"closed","template":"page-blank.php","meta":{"inline_featured_image":false,"footnotes":""},"class_list":["post-8166","page","type-page","status-publish","has-post-thumbnail","hentry"],"_links":{"self":[{"href":"https:\/\/ecoturbino.shop\/sk\/wp-json\/wp\/v2\/pages\/8166","targetHints":{"allow":["GET"]}}],"collection":[{"href":"https:\/\/ecoturbino.shop\/sk\/wp-json\/wp\/v2\/pages"}],"about":[{"href":"https:\/\/ecoturbino.shop\/sk\/wp-json\/wp\/v2\/types\/page"}],"author":[{"embeddable":true,"href":"https:\/\/ecoturbino.shop\/sk\/wp-json\/wp\/v2\/users\/1319"}],"replies":[{"embeddable":true,"href":"https:\/\/ecoturbino.shop\/sk\/wp-json\/wp\/v2\/comments?post=8166"}],"version-history":[{"count":0,"href":"https:\/\/ecoturbino.shop\/sk\/wp-json\/wp\/v2\/pages\/8166\/revisions"}],"wp:featuredmedia":[{"embeddable":true,"href":"https:\/\/ecoturbino.shop\/sk\/wp-json\/wp\/v2\/media\/47649"}],"wp:attachment":[{"href":"https:\/\/ecoturbino.shop\/sk\/wp-json\/wp\/v2\/media?parent=8166"}],"curies":[{"name":"wp","href":"https:\/\/api.w.org\/{rel}","templated":true}]}}