{"id":50551,"date":"2024-09-17T08:50:09","date_gmt":"2024-09-17T06:50:09","guid":{"rendered":"https:\/\/en.ecoturbino.shop\/?post_type=product&#038;p=50551"},"modified":"2025-08-15T20:41:43","modified_gmt":"2025-08-15T18:41:43","slug":"sprcha-na-umyvanie-riadu-ecopre-pre-gastronomiu","status":"publish","type":"product","link":"https:\/\/ecoturbino.shop\/sk\/buy\/dishwashing-shower-ecopre-for-gastronomy\/","title":{"rendered":"Sprcha na um\u00fdvanie riadu | Predoplachovac\u00ed koh\u00fatik um\u00fdva\u010dky riadu \u201cecoPre\u201d pre gastron\u00f3miu | \u00daspora ve\u013ek\u00e9ho mno\u017estva vody v\u010faka ecoturbino\u00ae | Inov\u00e1cia a udr\u017eate\u013enos\u0165 pri predoplachovan\u00ed vo ve\u013ek\u00fdch kuchyniach"},"content":{"rendered":"<div id=\"gap-379363205\" class=\"gap-element clearfix\" style=\"display:block; height:auto;\">\n\t\t\n<style>\n#gap-379363205 {\n  padding-top: 0px;\n}\n<\/style>\n\t<\/div>\n\t\n\n  <div class=\"banner has-hover radius10\" id=\"banner-1642464029\">\n          <div class=\"banner-inner fill\">\n        <div class=\"banner-bg fill\" >\n            <img decoding=\"async\" width=\"1920\" height=\"683\" src=\"https:\/\/ecoturbino.shop\/wp-content\/uploads\/2026\/01\/ecoturbino-function_1920.webp\" class=\"bg attachment-original size-original\" alt=\"funkcia ecoturbino\" \/>                                    \n                    <\/div>\n\t\t\n        <div class=\"banner-layers container\">\n            <div class=\"fill banner-link\"><\/div>            \n\n\t<div class=\"img has-hover x95 md-x95 lg-x95 y5 md-y5 lg-y5\" id=\"image_1189173023\">\n\t\t\t\t\t\t\t\t<div class=\"img-inner dark\" >\n\t\t\t<img decoding=\"async\" width=\"100\" height=\"100\" src=\"https:\/\/ecoturbino.shop\/wp-content\/uploads\/2023\/08\/LOGO-ecoturbino-RGB-weiss.svg\" class=\"attachment-original size-original\" alt=\"Logo ecoturbino\" \/>\t\t\t\t\t\t\n\t\t\t\t\t<\/div>\n\t\t\t\t\t\t\t\t\n<style>\n#image_1189173023 {\n  width: 30%;\n}\n<\/style>\n\t<\/div>\n\t\n\n\n        <\/div>\n      <\/div>\n\n            \n<style>\n#banner-1642464029 {\n  padding-top: 350px;\n}\n<\/style>\n  <\/div>\n\n\n<div class=\"is-divider divider clearfix\" style=\"margin-top:2em;margin-bottom:2em;max-width:100%;height:1px;\"><\/div>\n<h2 class=\"headlinefocus\">Sprcha na um\u00fdvanie riadu \u201cecoPre\u201d pre gastron\u00f3miu | Jednoduch\u00e1 \u00faspora vody v kuchyni pri um\u00fdvan\u00ed riadu | Inov\u00e1cia v predum\u00fdvan\u00ed pre ve\u013ek\u00e9 kuchyne<\/h2>\n<p><strong>Pozn\u00e1mka: Na obr\u00e1zku prototypu je mosadz - dodan\u00e1 verzia je pochr\u00f3movan\u00e1.<\/strong><\/p>\n<p>Str\u00e1nka <strong>sprcha na um\u00fdvanie riadu \u201cecoPre\u201d<\/strong> na profesion\u00e1lne pou\u017eitie v<strong> gastron\u00f3mia prin\u00e1\u0161a revol\u00faciu v procese predum\u00fdvania<\/strong> vo ve\u013ek\u00fdch kuchyniach, nastavenie <strong>nov\u00e9 \u0161tandardy v oblasti udr\u017eate\u013enosti<\/strong> a zachovanie zdrojov.<\/p>\n<div class=\"row\"  id=\"row-1962217200\">\n\n\t<div id=\"col-890495456\" class=\"col medium-8 small-12 large-8\"  >\n\t\t\t\t<div class=\"col-inner\"  >\n\t\t\t\n\t\t\t\n<p>V \u010dase, ke\u010f <strong>plytvanie vodou sa \u010doraz viac dost\u00e1va do popredia<\/strong> a efekt\u00edvnos\u0165 je jedn\u00fdm z <strong>k\u013e\u00fa\u010dov\u00e9 faktory \u00faspechu podnikov v oblasti pohostinstva<\/strong>, sprcha na um\u00fdvanie riadu ecoPre pon\u00faka rie\u0161enie, ktor\u00e9 nielen v\u00fdrazne zni\u017euje spotrebu vody, ale aj pom\u00e1ha<strong> ni\u017e\u0161ie prev\u00e1dzkov\u00e9 n\u00e1klady.<\/strong><\/p>\n<h3>Spotreba vody vo ve\u013ek\u00fdch kuchyniach: V\u00fdzva pre priemysel<\/h3>\n<blockquote><p>Ve\u013ek\u00e9 kuchyne v re\u0161taur\u00e1ci\u00e1ch, hoteloch a kaviar\u0148ach s\u00fa denne vystaven\u00e9 vysok\u00e9mu pracovn\u00e9mu za\u0165a\u017eeniu, pri\u010dom proces predum\u00fdvania riadu predstavuje obzvl\u00e1\u0161\u0165 ve\u013ek\u00fa v\u00fdzvu.<\/p><\/blockquote>\n<p>Obrovsk\u00e9 mno\u017estvo <strong>na odstr\u00e1nenie potrav\u00edn je potrebn\u00e1 \u010derstv\u00e1 voda<\/strong> zvy\u0161ky a pripravte riad na um\u00fdvac\u00ed cyklus v um\u00fdva\u010dke riadu.<\/p>\n<p>V tradi\u010dn\u00fdch syst\u00e9moch, <strong>spotreba vody m\u00f4\u017ee by\u0165 mimoriadne vysok\u00e1,<\/strong> \u010do m\u00e1 negat\u00edvny vplyv na prev\u00e1dzkov\u00e9 n\u00e1klady a environment\u00e1lnu stopu.<\/p>\n<p>Sprchy na um\u00fdvanie riadu patria medzi najpou\u017e\u00edvanej\u0161ie zariadenia vo ve\u013ekej kuchyni. Mnoh\u00e9 <strong>modely spotrebuj\u00fa 15 a\u017e 20 litrov vody za min\u00fatu<\/strong> pri prev\u00e1dzkovom tlaku 4 bary.<\/p>\n<blockquote><p>Vzh\u013eadom na to, \u017ee tieto sprchy s\u00fa v prev\u00e1dzke nieko\u013eko hod\u00edn denne, spotreba vody m\u00f4\u017ee do konca d\u0148a dosiahnu\u0165 nieko\u013eko tis\u00edc litrov.<\/p><\/blockquote>\n\t\t<\/div>\n\t\t\t\t\t<\/div>\n\n\t\n\n\t<div id=\"col-1674885574\" class=\"col medium-4 small-12 large-4\"  >\n\t\t\t\t<div class=\"col-inner text-center\"  >\n\t\t\t\n\t\t\t\n<a href=\"https:\/\/ecoturbino.shop\/sk\/svetova-premiera-veltrhu-fafga-v-innsbrucku\/\" class=\"button secondary\" style=\"border-radius:9px;\">\n\t\t<span>Spr\u00e1va Premi\u00e9ra ve\u013etrhu ecoPre FAFGA<\/span>\n\t<\/a>\n\n\t<div class=\"img has-hover x md-x lg-x y md-y lg-y\" id=\"image_1123296627\">\n\t\t<a class=\"image-lightbox lightbox-gallery\" title=\"\" href=\"https:\/\/ecoturbino.shop\/wp-content\/uploads\/2024\/09\/Screenshot_1.jpg\">\t\t\t\t\t\t<div class=\"img-inner dark\" >\n\t\t\t<img decoding=\"async\" width=\"846\" height=\"302\" src=\"https:\/\/ecoturbino.shop\/wp-content\/uploads\/2024\/09\/Screenshot_1.jpg\" class=\"attachment-original size-original\" alt=\"Sprcha na um\u00fdvanie riadu ecoPre | ecoturbino\" srcset=\"https:\/\/ecoturbino.shop\/wp-content\/uploads\/2024\/09\/Screenshot_1.jpg 846w, https:\/\/ecoturbino.shop\/wp-content\/uploads\/2024\/09\/Screenshot_1-470x168.jpg 470w, https:\/\/ecoturbino.shop\/wp-content\/uploads\/2024\/09\/Screenshot_1-635x227.jpg 635w, https:\/\/ecoturbino.shop\/wp-content\/uploads\/2024\/09\/Screenshot_1-800x286.jpg 800w\" sizes=\"(max-width: 846px) 100vw, 846px\" \/>\t\t\t\t\t\t\n\t\t\t\t\t<\/div>\n\t\t\t\t\t\t<\/a>\t\t\n<style>\n#image_1123296627 {\n  width: 100%;\n}\n<\/style>\n\t<\/div>\n\t\n<div class=\"is-divider divider clearfix\" ><\/div>\n\t<div class=\"img has-hover x md-x lg-x y md-y lg-y\" id=\"image_1737575933\">\n\t\t<a class=\"image-lightbox lightbox-gallery\" title=\"\" href=\"https:\/\/ecoturbino.shop\/wp-content\/uploads\/2024\/09\/FAFGA2024.webp\">\t\t\t\t\t\t<div class=\"img-inner dark\" >\n\t\t\t<img decoding=\"async\" width=\"1200\" height=\"750\" src=\"https:\/\/ecoturbino.shop\/wp-content\/uploads\/2024\/09\/FAFGA2024.webp\" class=\"attachment-original size-original\" alt=\"Ve\u013etrh FAFGA 2024 Innsbruck\" srcset=\"https:\/\/ecoturbino.shop\/wp-content\/uploads\/2024\/09\/FAFGA2024.webp 1200w, https:\/\/ecoturbino.shop\/wp-content\/uploads\/2024\/09\/FAFGA2024-470x294.webp 470w, https:\/\/ecoturbino.shop\/wp-content\/uploads\/2024\/09\/FAFGA2024-635x397.webp 635w, https:\/\/ecoturbino.shop\/wp-content\/uploads\/2024\/09\/FAFGA2024-800x500.webp 800w\" sizes=\"(max-width: 1200px) 100vw, 1200px\" \/>\t\t\t\t\t\t\n\t\t\t\t\t<\/div>\n\t\t\t\t\t\t<\/a>\t\t\n<style>\n#image_1737575933 {\n  width: 100%;\n}\n<\/style>\n\t<\/div>\n\t\n\t\t<\/div>\n\t\t\t\t\t<\/div>\n\n\t\n<\/div>\n<p>To vedie nielen k mimoriadne vysokej spotrebe \u010derstvej vody, ale aj k \u010fal\u0161\u00edm n\u00e1kladom, preto\u017ee odpadov\u00fa vodu treba \u010disti\u0165 a likvidova\u0165, \u010do m\u00f4\u017ee by\u0165 n\u00e1ro\u010dn\u00e9 na zdroje.<\/p>\n<h3>Inov\u00e1cia: sprcha na um\u00fdvanie riadu ecoPre s technol\u00f3giou ecoturbino\u00ae<\/h3>\n<p>Str\u00e1nka <strong>sprcha na um\u00fdvanie riadu ecoPre<\/strong> rie\u0161i tento probl\u00e9m zaveden\u00edm<strong> revolu\u010dn\u00e9 rie\u0161enie vybaven\u00e9 technol\u00f3giou ecoturbino\u00ae.<\/strong><\/p>\n<p>V\u010faka tejto inovat\u00edvnej technol\u00f3gii sa spotreba vody pri tlaku 4 bary zn\u00ed\u017ei len na 7-8 litrov za min\u00fatu, \u010do je o viac ako 50% menej ako u be\u017en\u00fdch modelov.<\/p>\n<blockquote><p>Toto zn\u00ed\u017eenie predstavuje v\u00fdznamn\u00fd pokrok pre ve\u013ek\u00e9 kuchyne, ktor\u00e9 chc\u00fa zn\u00ed\u017ei\u0165 n\u00e1klady a z\u00e1rove\u0148 zn\u00ed\u017ei\u0165 svoju ekologick\u00fa stopu.<\/p><\/blockquote>\n<p>Technol\u00f3gia ecoturbino\u00ae funguje na princ\u00edpe optimaliz\u00e1cie prietoku, ktor\u00fd zabezpe\u010duje, \u017ee prietok vody je navrhnut\u00fd tak, aby udr\u017eiaval oplachovac\u00ed tlak a \u010distiaci v\u00fdkon.<\/p>\n<p>To znamen\u00e1, \u017ee <strong>napriek zn\u00ed\u017eenej spotrebe vody sa \u00fa\u010dinnos\u0165 predum\u00fdvania nezni\u017euje.<\/strong> Str\u00e1nka <strong>sila sprchy zost\u00e1va dostato\u010dne siln\u00e1<\/strong> bez n\u00e1mahy odstr\u00e1ni aj odoln\u00e9 zvy\u0161ky potrav\u00edn, \u010d\u00edm optimalizuje cel\u00fd proces predum\u00fdvania a zni\u017euje pracovn\u00e9 za\u0165a\u017eenie kuchynsk\u00e9ho person\u00e1lu.<\/p>\n<h3>Udr\u017eate\u013enos\u0165 v centre pozornosti: Zachovanie a ochrana \u017eivotn\u00e9ho prostredia<\/h3>\n<p>Ke\u010f\u017ee sa ochrana \u017eivotn\u00e9ho prostredia dost\u00e1va do popredia z\u00e1ujmu spolo\u010dnosti a politiky, je ve\u013emi d\u00f4le\u017eit\u00e9, aby aj hotelierstvo prispievalo k zni\u017eovaniu spotreby zdrojov.<\/p>\n<p>Sprcha na um\u00fdvanie riadu ecoPre t\u00fato po\u017eiadavku plne sp\u013a\u0148a. Pod\u013ea <strong>v\u00fdrazn\u00e9 zn\u00ed\u017eenie spotreby vody,<\/strong> cenn\u00e9 <strong>zachovanie pr\u00edrodn\u00fdch zdrojov,<\/strong> a v\u00fdrazne sa zn\u00ed\u017ei za\u0165a\u017eenie syst\u00e9mov odpadov\u00fdch v\u00f4d.<\/p>\n<p>Okrem \u00faspory vody <strong>Sprcha na um\u00fdvanie riadu ecoPre tie\u017e pom\u00e1ha zni\u017eova\u0165 spotrebu energie.<\/strong> Men\u0161ia spotreba vody znamen\u00e1, \u017ee na jej ohrev je potrebn\u00e9 menej energie, \u010do m\u00f4\u017ee ma\u0165 v\u00fdznamn\u00fd vplyv na zn\u00ed\u017eenie n\u00e1kladov na energiu, najm\u00e4 vo ve\u013ek\u00fdch kuchyniach s vysokou spotrebou.<\/p>\n<p>To je \u010fal\u0161ia v\u00fdhoda pre podniky, ktor\u00e9 chc\u00fa minimalizova\u0165 prev\u00e1dzkov\u00e9 n\u00e1klady a z\u00e1rove\u0148 fungova\u0165 udr\u017eate\u013ene.<\/p>\n<h3>Modern\u00e9 a efekt\u00edvne: Zn\u00ed\u017eenie prev\u00e1dzkov\u00fdch n\u00e1kladov<\/h3>\n<a href=\"https:\/\/ecoturbino.shop\/sk\/kalkulacka-uspory-vody\/\" target=\"_blank\" class=\"button secondary\" rel=\"noopener\" style=\"border-radius:6px;\">\n\t\t<span>V\u0161eobecn\u00e1 kalkula\u010dka \u00faspor pre firmy<\/span>\n\t<\/a>\n\n<a href=\"https:\/\/ecoturbino.shop\/sk\/prezentacia-hoteloveho-systemu\/\" target=\"_blank\" class=\"button success\" rel=\"noopener\" style=\"border-radius:6px;\">\n\t\t<span>Prezent\u00e1cie syst\u00e9mu pre hotely<\/span>\n\t<\/a>\n\n<p>Pre <strong>Re\u0161taur\u00e1tori a prev\u00e1dzkovatelia ve\u013ek\u00fdch kuch\u00fd\u0148<\/strong>, K\u013e\u00fa\u010dom k \u00faspechu je zn\u00ed\u017eenie prev\u00e1dzkov\u00fdch n\u00e1kladov. Sprcha na um\u00fdvanie riadu ecoPre poskytuje mo\u017enos\u0165 <strong>dosiahnu\u0165 v\u00fdrazn\u00e9 \u00faspory n\u00e1kladov.<\/strong> v\u010faka zn\u00ed\u017eenej spotrebe vody a s\u00favisiacim \u00faspor\u00e1m energie.<\/p>\n<blockquote><p>V priebehu roka m\u00f4\u017eu tieto \u00faspory vo v\u00e4\u010d\u0161\u00edch zariadeniach dosiahnu\u0165 nieko\u013eko tis\u00edc eur.<\/p><\/blockquote>\n<p>\u010eal\u0161\u00edm n\u00e1kladov\u00fdm faktorom, ktor\u00fd ecoPre zni\u017euje, je \u00fadr\u017eba a \u00fadr\u017eba syst\u00e9mov na \u00fapravu vody. Ni\u017e\u0161\u00ed prietok vody zni\u017euje opotrebovanie potrubia a filtrov, \u010d\u00edm sa predl\u017euje \u017eivotnos\u0165 t\u00fdchto syst\u00e9mov a minimalizuj\u00fa sa n\u00e1klady na \u00fadr\u017ebu.<\/p>\n<h3>Komfort a jednoduchos\u0165 pou\u017e\u00edvania<\/h3>\n<p>Okrem technick\u00fdch a ekologick\u00fdch v\u00fdhod kladie sprcha na um\u00fdvanie riadu ecoPre ve\u013ek\u00fd d\u00f4raz na pou\u017e\u00edvate\u013esk\u00fa pr\u00edvetivos\u0165. V r\u00fdchlo sa meniacom prostred\u00ed ve\u013ekej kuchyne je ve\u013emi d\u00f4le\u017eit\u00e9, aby v\u0161etky zariadenia fungovali intuit\u00edvne a spo\u013eahlivo.<\/p>\n<p>Sprcha ecoPre bola navrhnut\u00e1 tak, aby sa \u013eahko pou\u017e\u00edvala a dala sa bezprobl\u00e9movo integrova\u0165 do existuj\u00facich oplachovac\u00edch syst\u00e9mov. Jej ergonomick\u00e1 rukov\u00e4\u0165 a plynul\u00fd syst\u00e9m ventilov zabezpe\u010duj\u00fa pohodln\u00fa manipul\u00e1ciu aj po\u010das dlh\u0161ieho pou\u017e\u00edvania. Okrem toho je sprcha mimoriadne odoln\u00e1 a skon\u0161truovan\u00e1 tak, aby vydr\u017eala po\u017eiadavky ka\u017edodenn\u00e9ho pou\u017e\u00edvania v n\u00e1ro\u010dn\u00fdch podmienkach.<\/p>\n<h3>Pr\u00edspevok k certifik\u00e1cii udr\u017eate\u013enosti<\/h3>\n<p>Viac a <strong>\u010doraz viac podnikov v oblasti pohostinstva sa zameriava na udr\u017eate\u013enos\u0165 a usiluje sa o z\u00edskanie environment\u00e1lnych certifik\u00e1tov.<\/strong>, ako napr\u00edklad Zelen\u00fd k\u013e\u00fa\u010d alebo Modr\u00fd anjel. Pou\u017e\u00edvanie sprchy na um\u00fdvanie riadu ecoPre m\u00f4\u017ee v\u00fdznamne prispie\u0165 k z\u00edskaniu t\u00fdchto certifik\u00e1tov.<\/p>\n<blockquote><p>Preuk\u00e1zate\u013en\u00fdm zn\u00ed\u017een\u00edm spotreby vody a energie sa zlep\u0161uje ekologick\u00e1 stopa, \u010do pom\u00e1ha nielen pri certifik\u00e1cii, ale aj zlep\u0161uje pozit\u00edvny imid\u017e podniku.<\/p><\/blockquote>\n<p>Hostia a z\u00e1kazn\u00edci \u010doraz viac oce\u0148uj\u00fa podniky, ktor\u00e9 zodpovedne hospod\u00e1ria so zdrojmi a akt\u00edvne sa zap\u00e1jaj\u00fa do ochrany \u017eivotn\u00e9ho prostredia.<\/p>\n<h3>Z\u00e1ver: ecoPre - bud\u00facnos\u0165 technol\u00f3gie predum\u00fdvania vo ve\u013ek\u00fdch kuchyniach<\/h3>\n<p>Str\u00e1nka <strong>Sprcha na um\u00fdvanie riadu ecoPre je prelomovou inov\u00e1ciou pre ve\u013ek\u00e9 kuchyne v pohostinstve.<\/strong> V\u010faka integrovanej technol\u00f3gii ecoturbino\u00ae sa spotreba vody zni\u017euje o viac ako polovicu bez toho, aby sa zn\u00ed\u017eil \u010distiaci v\u00fdkon.<\/p>\n<p>To vedie nielen k v\u00fdrazn\u00e9mu zn\u00ed\u017eeniu prev\u00e1dzkov\u00fdch n\u00e1kladov, ale podporuje aj udr\u017eate\u013en\u00e9 vyu\u017e\u00edvanie cenn\u00fdch zdrojov.<\/p>\n<p>Re\u0161taur\u00e1torom, ktor\u00ed h\u013eadaj\u00fa modern\u00e9 rie\u0161enia na zlep\u0161enie svojej ekologickej stopy a zn\u00ed\u017eenie prev\u00e1dzkov\u00fdch n\u00e1kladov, pon\u00faka sprcha na um\u00fdvanie riadu ecoPre dokonal\u00e9 rie\u0161enie. Sp\u00e1ja najmodernej\u0161iu technol\u00f3giu s jednoduch\u00fdm pou\u017e\u00edvan\u00edm a odolnos\u0165ou, \u010d\u00edm sp\u013a\u0148a po\u017eiadavky udr\u017eate\u013en\u00fdch a na bud\u00facnos\u0165 orientovan\u00fdch pracovn\u00fdch postupov v profesion\u00e1lnych kuchyniach.<\/p>\n<div class=\"text-center\"><div class=\"is-divider divider clearfix\" style=\"margin-top:2em;margin-bottom:2em;max-width:100%;height:1px;\"><\/div><\/div>\n<div class=\"row\"  id=\"row-1900207648\">\n\n\t<div id=\"col-965335958\" class=\"col medium-9 small-12 large-9\"  >\n\t\t\t\t<div class=\"col-inner\"  >\n\t\t\t\n\t\t\t\n<h3>Pre\u010do je strieborn\u00fd adapt\u00e9r ecoturbino\u00ae ecoPre* na \u00fasporu vody ide\u00e1lny<\/h3>\n<p>\u0160etrenie vodou a najm\u00e4 teplou vodou dnes znamen\u00e1 predov\u0161etk\u00fdm jedno: u\u0161etri\u0165 ve\u013ea pe\u0148az\u00ed!<\/p>\n<p><strong>Voda<\/strong> je u\u017e <strong>drah\u00e9<\/strong> v d\u00f4sledku <strong>n\u00e1klady na odpadov\u00fa vodu<\/strong> a pravdepodobne sa stane e\u0161te <strong>v bud\u00facnosti drah\u0161ie.<\/strong> E\u0161te hor\u0161ia situ\u00e1cia je v pr\u00edpade <strong>hor\u00faca voda<\/strong>. To sa e\u0161te viac predra\u017eilo v d\u00f4sledku rast\u00faceho <a href=\"https:\/\/en.wikipedia.org\/wiki\/Cost_of_electricity_by_source\" target=\"_blank\" rel=\"noopener sponsored\">energia<\/a> n\u00e1klady na<strong> elektrinu, plyn a ropu.<\/strong><\/p>\n<p>Preto sa inovat\u00edvne rie\u0161enia s <strong>zn\u00ed\u017eenie spotreby vody<\/strong> v\u017edy pon\u00faka\u0165 <strong>dobr\u00fd potenci\u00e1l \u00faspor<\/strong> \u010do je okam\u017eite vidite\u013en\u00e9 v n\u00e1kladoch.<\/p>\n<p>A pr\u00e1ve tu prich\u00e1dzaj\u00fa na rad origin\u00e1lne v\u00fdrobky ecoturbino.<br \/>\n<span style=\"font-size: 80%;\">*Z\u00e1ruka na funkciu adapt\u00e9ra ecoturbino<\/span><\/p>\n\t\t<\/div>\n\t\t\t\t\t<\/div>\n\n\t\n\n\t<div id=\"col-1447410430\" class=\"col medium-3 small-12 large-3\"  data-animate=\"flipInY\">\n\t\t\t\t<div class=\"col-inner\"  >\n\t\t\t\n\t\t\t\n\t<div id=\"ux-lottie-3363409955\" class=\"ux-lottie\">\n\t\t\t\t<lottie-player class=\"ux-lottie__player\" data-params=\"{&quot;src&quot;:&quot;https:\\\/\\\/ecoturbino.shop\\\/wp-content\\\/uploads\\\/2023\\\/09\\\/ecoturbino-10-jahre-functional-guarantee.json&quot;,&quot;loop&quot;:true,&quot;autoplay&quot;:true,&quot;controls&quot;:false,&quot;speed&quot;:&quot;0.5&quot;,&quot;direction&quot;:1,&quot;trigger&quot;:&quot;&quot;,&quot;mouseout&quot;:&quot;&quot;,&quot;start&quot;:0,&quot;end&quot;:100,&quot;scrollActionType&quot;:&quot;seek&quot;,&quot;visibilityStart&quot;:0,&quot;visibilityEnd&quot;:100,&quot;id&quot;:&quot;ux-lottie-3363409955&quot;}\"><\/lottie-player>\n\t\t\t\t\n<style>\n#ux-lottie-3363409955 {\n  width: 100%;\n  height: 300px;\n}\n<\/style>\n\t<\/div>\n\t\n\t<div class=\"img has-hover x md-x lg-x y md-y lg-y\" id=\"image_245816512\">\n\t\t\t\t\t\t\t\t<div class=\"img-inner dark\" >\n\t\t\t<img decoding=\"async\" width=\"1020\" height=\"221\" src=\"https:\/\/ecoturbino.shop\/wp-content\/uploads\/2023\/08\/LOGO-ecoturbino-RGB.svg\" class=\"attachment-large size-large\" alt=\"Logo ecoturbino\" \/>\t\t\t\t\t\t\n\t\t\t\t\t<\/div>\n\t\t\t\t\t\t\t\t\n<style>\n#image_245816512 {\n  width: 100%;\n}\n<\/style>\n\t<\/div>\n\t\n\t\t<\/div>\n\t\t\t\t\t<\/div>\n\n\t\n\n<style>\n#row-1900207648 > .col > .col-inner {\n  padding: 0px 0px 30px 0px;\n}\n<\/style>\n<\/div>\n\t<div id=\"gap-1105063986\" class=\"gap-element clearfix\" style=\"display:block; height:auto;\">\n\t\t\n<style>\n#gap-1105063986 {\n  padding-top: 15px;\n}\n<\/style>\n\t<\/div>\n\t\n<div class=\"is-divider divider clearfix\" style=\"margin-top:2em;margin-bottom:2em;max-width:100%;height:1px;\"><\/div>\n\t<div id=\"text-2040753830\" class=\"text\">\n\t\t\n<h3 class=\"uppercase\"><span style=\"font-size: 120%;\"><span style=\"font-size: 130%;\">ECOTURBINO\u00ae A UDR\u017dATE\u013dNOS\u0164 SPOTREBY VODY<br \/>\n<\/span><\/span>stru\u010dne vysvetlen\u00e9 fakty<\/h3>\n\t\t\n<style>\n#text-2040753830 {\n  font-size: 1.5rem;\n  text-align: center;\n}\n@media (min-width:550px) {\n  #text-2040753830 {\n    font-size: 2rem;\n  }\n}\n<\/style>\n\t<\/div>\n\t\n\t<div id=\"gap-1741015867\" class=\"gap-element clearfix\" style=\"display:block; height:auto;\">\n\t\t\n<style>\n#gap-1741015867 {\n  padding-top: 30px;\n}\n<\/style>\n\t<\/div>\n\t\n<div class=\"row\"  id=\"row-207571886\">\n\n\t<div id=\"col-941493053\" class=\"col medium-4 small-12 large-4\"  >\n\t\t\t\t<div class=\"col-inner text-center\"  >\n\t\t\t\n\t\t\t\n\t<div id=\"ux-lottie-504361415\" class=\"ux-lottie\">\n\t\t\t\t<lottie-player class=\"ux-lottie__player\" data-params=\"{&quot;src&quot;:&quot;https:\\\/\\\/ecoturbino.shop\\\/wp-content\\\/uploads\\\/2023\\\/08\\\/logo-ecoturbino-lottie.json&quot;,&quot;loop&quot;:true,&quot;autoplay&quot;:true,&quot;controls&quot;:false,&quot;speed&quot;:&quot;0.5&quot;,&quot;direction&quot;:1,&quot;trigger&quot;:&quot;&quot;,&quot;mouseout&quot;:&quot;&quot;,&quot;start&quot;:0,&quot;end&quot;:100,&quot;scrollActionType&quot;:&quot;seek&quot;,&quot;visibilityStart&quot;:0,&quot;visibilityEnd&quot;:100,&quot;id&quot;:&quot;ux-lottie-504361415&quot;}\"><\/lottie-player>\n\t\t\t\t\n<style>\n#ux-lottie-504361415 {\n  width: 100%;\n  height: 100px;\n}\n@media (min-width:550px) {\n  #ux-lottie-504361415 {\n    height: 200px;\n  }\n}\n<\/style>\n\t<\/div>\n\t\n<div class=\"row align-middle\"  id=\"row-559382040\">\n\n\t<div id=\"col-1080591495\" class=\"col medium-8 small-12 large-8\"  >\n\t\t\t\t<div class=\"col-inner text-center\"  >\n\t\t\t\n\t\t\t\n\t<div class=\"img has-hover x md-x lg-x y md-y lg-y\" id=\"image_1844948876\">\n\t\t\t\t\t\t\t\t<div class=\"img-inner dark\" >\n\t\t\t<img decoding=\"async\" width=\"1020\" height=\"1020\" src=\"https:\/\/ecoturbino.shop\/wp-content\/uploads\/2023\/08\/tuev-austria.svg\" class=\"attachment-large size-large\" alt=\"T\u00dcV Rak\u00fasko\" \/>\t\t\t\t\t\t\n\t\t\t\t\t<\/div>\n\t\t\t\t\t\t\t\t\n<style>\n#image_1844948876 {\n  width: 75%;\n}\n<\/style>\n\t<\/div>\n\t\n\t\t<\/div>\n\t\t\t\t\t<\/div>\n\n\t\n<\/div>\n\t\t<\/div>\n\t\t\t\t\t<\/div>\n\n\t\n\n\t<div id=\"col-1057710266\" class=\"col medium-8 small-12 large-8\"  >\n\t\t\t\t<div class=\"col-inner dark\" style=\"background-color:rgb(85, 85, 85);\" >\n\t\t\t\n\t\t\t\n<p><strong>VYROBEN\u00c9 V NEMECKU A RAK\u00daSKU<\/strong><br \/>\nEcoturbino 100% sa vyr\u00e1ba v Nemecku a Rak\u00fasku v s\u00falade s najpr\u00edsnej\u0161\u00edmi toleranciami.<\/p>\n<p><strong>PRAVDA O ECOTURBINO POTVRDEN\u00c1 T\u00dcV<\/strong><br \/>\nP\u00f4vodn\u00e9 ecoturbino\u00ae bolo certifikovan\u00e9 nez\u00e1visl\u00fdmi odborn\u00edkmi a spolo\u010dnos\u0165ou T\u00dcV AUSTRIA a z\u00edskalo rak\u00fasku environment\u00e1lnu zna\u010dku a Energy Globe Upper Austria.<\/p>\n<p><strong>\u010cISTO FYZICK\u00c9 \u00daKONY<br \/>\nV \u201cturb\u00edne\u201d sa vytv\u00e1raj\u00fa vysok\u00e9 r\u00fdchlosti vody\u201d<\/strong> a v d\u00f4sledku toho <strong>do pr\u00fadu vody sa primie\u0161ava vzduch<\/strong>. Sprchov\u00e1 hadica by nemala by\u0165 dlh\u0161ia ako 2 m. Pr\u00edli\u0161 dlh\u00e1 hadica umo\u017en\u00ed op\u00e4tovn\u00fd \u00fanik vzduchu z pr\u00fadu vody.<\/p>\n<p><strong>JEDNODUCH\u00c1 A R\u00ddCHLA MONT\u00c1\u017d<br \/>\n<\/strong>Sta\u010d\u00ed vymeni\u0165 existuj\u00facu sprchov\u00fa hadicu na predum\u00fdvanie za sprchov\u00fa hadicu na um\u00fdvanie riadu \u201cecoPre\u201d Hotovo.<\/p>\n\t\t<\/div>\n\t\t\t\t\n<style>\n#col-1057710266 > .col-inner {\n  padding: 15px 15px 10px 20px;\n  border-radius: 10px;\n}\n<\/style>\n\t<\/div>\n\n\t\n<\/div>\n\t<div id=\"gap-1981413752\" class=\"gap-element clearfix\" style=\"display:block; height:auto;\">\n\t\t\n<style>\n#gap-1981413752 {\n  padding-top: 30px;\n}\n<\/style>\n\t<\/div>","protected":false},"excerpt":{"rendered":"<p>Odteraz je spotreba vody po\u010das predum\u00fdvania pribli\u017ene o polovicu ni\u017e\u0161ia!<\/p>\n<p><strong>Prev\u00e1dzkov\u00e9 podmienky: 4 bar optim\u00e1lne + 1\/2 palcov\u00e1 z\u00e1vitov\u00e1 pr\u00edpojka!<\/strong><\/p>\n<p>Prv\u00e1 prezent\u00e1cia na<strong> <a href=\"https:\/\/ecoturbino.shop\/sk\/svetova-premiera-veltrhu-fafga-v-innsbrucku\/\">Ve\u013etrh FAFGA 2024.<\/a><\/strong><\/p>\n<p>Ecoturbino\u00ae bolo certifikovan\u00e9 nez\u00e1visl\u00fdmi odborn\u00edkmi a <a href=\"https:\/\/ecoturbino.shop\/wp-content\/uploads\/2024\/01\/EEffG_Expertise-TUEV_en-komp.pdf\" target=\"_blank\" rel=\"noopener\">T\u00dcV AUSTRIA<\/a> a z\u00edskala rak\u00fasku environment\u00e1lnu zna\u010dku a Energy Globe Upper Austria.<\/p>\n<div class=\"is-divider divider clearfix\" style=\"max-width:small;\"><\/div>\n<p><span style=\"font-size: 90%;\">Dodacia lehota: pribli\u017ene 4 t\u00fd\u017edne.<\/span><\/p>","protected":false},"featured_media":50571,"comment_status":"open","ping_status":"closed","template":"","meta":{"inline_featured_image":false,"footnotes":""},"product_brand":[],"product_cat":[3125,3124],"product_tag":[3211,3082,3210,3213,3212],"class_list":{"0":"post-50551","1":"product","2":"type-product","3":"status-publish","4":"has-post-thumbnail","6":"product_cat-accessories","7":"product_cat-complete-sets","8":"product_tag-dishwasher-shower","9":"product_tag-ecoturbino","10":"product_tag-gastronomy","11":"product_tag-kitchen","12":"product_tag-pre-rinse-shower","13":"product_shipping_class-parcel","14":"pa_brand-ecoturbino","16":"first","17":"outofstock","18":"taxable","19":"shipping-taxable","20":"purchasable","21":"product-type-simple"},"bundled_by":[],"bundle_stock_status":"outofstock","bundle_stock_quantity":null,"bundle_virtual":false,"bundle_layout":"","bundle_add_to_cart_form_location":"","bundle_editable_in_cart":false,"bundle_sold_individually_context":"","bundle_item_grouping":"","bundle_min_size":"","bundle_max_size":"","bundle_price":[],"bundled_items":[],"bundle_sell_ids":[],"_links":{"self":[{"href":"https:\/\/ecoturbino.shop\/sk\/wp-json\/wp\/v2\/product\/50551","targetHints":{"allow":["GET"]}}],"collection":[{"href":"https:\/\/ecoturbino.shop\/sk\/wp-json\/wp\/v2\/product"}],"about":[{"href":"https:\/\/ecoturbino.shop\/sk\/wp-json\/wp\/v2\/types\/product"}],"replies":[{"embeddable":true,"href":"https:\/\/ecoturbino.shop\/sk\/wp-json\/wp\/v2\/comments?post=50551"}],"version-history":[{"count":0,"href":"https:\/\/ecoturbino.shop\/sk\/wp-json\/wp\/v2\/product\/50551\/revisions"}],"wp:featuredmedia":[{"embeddable":true,"href":"https:\/\/ecoturbino.shop\/sk\/wp-json\/wp\/v2\/media\/50571"}],"wp:attachment":[{"href":"https:\/\/ecoturbino.shop\/sk\/wp-json\/wp\/v2\/media?parent=50551"}],"wp:term":[{"taxonomy":"product_brand","embeddable":true,"href":"https:\/\/ecoturbino.shop\/sk\/wp-json\/wp\/v2\/product_brand?post=50551"},{"taxonomy":"product_cat","embeddable":true,"href":"https:\/\/ecoturbino.shop\/sk\/wp-json\/wp\/v2\/product_cat?post=50551"},{"taxonomy":"product_tag","embeddable":true,"href":"https:\/\/ecoturbino.shop\/sk\/wp-json\/wp\/v2\/product_tag?post=50551"}],"curies":[{"name":"wp","href":"https:\/\/api.w.org\/{rel}","templated":true}]}}