{"id":11170,"date":"2016-02-05T21:31:25","date_gmt":"2016-02-05T20:31:25","guid":{"rendered":"http:\/\/shop.pronatur24.eu\/?page_id=11170"},"modified":"2025-06-25T00:02:38","modified_gmt":"2025-06-24T22:02:38","slug":"stranke-svica-liechtenstein-2","status":"publish","type":"page","link":"https:\/\/ecoturbino.shop\/sl\/customers-switzerland-liechtenstein\/","title":{"rendered":"Informacije za stranke iz \u0160vice in Lihten\u0161tajna"},"content":{"rendered":"<div class=\"banner has-hover\" id=\"banner-650482641\">\n          <div class=\"banner-inner fill\">\n        <div class=\"banner-bg fill\" >\n            <img decoding=\"async\" width=\"2000\" height=\"230\" src=\"https:\/\/ecoturbino.shop\/wp-content\/uploads\/2023\/08\/schweiz-liechtenstein-webdeals_2000.webp\" class=\"bg attachment-original size-original\" alt=\"\u0160vica Header\" \/>                        <div class=\"overlay\"><\/div>            \n                    <\/div>\n\t\t\n        <div class=\"banner-layers container\">\n            <div class=\"fill banner-link\"><\/div>            \n   <div id=\"text-box-1707481985\" class=\"text-box banner-layer x50 md-x50 lg-x50 y50 md-y50 lg-y50 res-text\">\n                                <div class=\"text-box-content text dark\">\n              \n              <div class=\"text-inner text-center\">\n                  \n<h1>\u0160VICA \/LI + TRETJE DR\u017dAVE<\/h1>\n              <\/div>\n           <\/div>\n                            \n<style>\n#text-box-1707481985 {\n  width: 97%;\n}\n#text-box-1707481985 .text-box-content {\n  font-size: 100%;\n}\n@media (min-width:550px) {\n  #text-box-1707481985 {\n    width: 80%;\n  }\n}\n@media (min-width:850px) {\n  #text-box-1707481985 {\n    width: 83%;\n  }\n}\n<\/style>\n    <\/div>\n \n        <\/div>\n      <\/div>\n\n            \n<style>\n#banner-650482641 {\n  padding-top: 110px;\n}\n#banner-650482641 .overlay {\n  background-color: rgba(0,0,0,.5);\n}\n@media (min-width:550px) {\n  #banner-650482641 {\n    padding-top: 170px;\n  }\n}\n@media (min-width:850px) {\n  #banner-650482641 {\n    padding-top: 190px;\n  }\n}\n<\/style>\n  <\/div>\n\n\n<div class=\"row\"  id=\"row-734027667\">\n\n\t<div id=\"col-1658698487\" class=\"col medium-8 small-12 large-8\"  >\n\t\t\t\t<div class=\"col-inner\"  >\n\t\t\t\n\t\t\t\n<h2 class=\"headlinefocus\">Dostavo izvajamo neposredno v \u0160vico, Lihten\u0161tajn in tretje dr\u017eave (sosednje dr\u017eave EU). Sledite drugim dr\u017eavam!<\/h2>\n<p>Na tej strani posebej poudarjamo mo\u017enost oddaje naro\u010dila iz \u0160vice in Lihten\u0161tajna. <strong> Naslednji podatki se \u0161tejejo za vsebino za izvoz v tretje dr\u017eave zunaj EU. <\/strong><\/p>\n<ul>\n<li>\u010ce \u017eivite v \u0160vici\/Lichten\u0161tajnu in \u017eelite, da vam ga dostavijo neposredno v \u0160vico\/LI, ga lahko takoj kupite brez davka na dodano vrednost.<\/li>\n<li>Va\u0161e naro\u010dilo bomo poslali po avstrijski po\u0161ti. \u0160vicarski uvozni davek in nekatere pristojbine za pla\u010dilo ali obdelavo obra\u010duna \u0161vicarska po\u0161ta ob dostavi paketa.<\/li>\n<li>Blago v vrednosti do 100 evrov po\u0161iljamo kot zavarovano po\u0161iljko. Sami se odlo\u010dite za pove\u010dano zavarovalno vsoto do najve\u010d 510 \u20ac kot premijsko po\u0161iljanje paketov s hitrej\u0161im \u010dasom po\u0161iljanja. Upo\u0161tevajte, da zavarovalna vsota predstavlja najvi\u0161ji znesek od\u0161kodnine za izgubo paketa.<\/li>\n<li>Naro\u010dila od 20 kg te\u017ee so relativno draga za po\u0161iljanje. Od 30 kg transportne te\u017ee neposredno naro\u010dilo v trgovini ni ve\u010d mogo\u010de. V primeru ve\u010djega naro\u010dila vam priporo\u010damo, da se obrnete neposredno na nas, da se lahko dogovorimo o razmeroma ugodni \u0161pedicijski po\u0161iljki. To \u0161e posebej velja za izdelke z ve\u010djo te\u017eo, kot so barve za platna ali platnene tapete.<\/li>\n<\/ul>\n\t\t<\/div>\n\t\t\t\t\t<\/div>\n\n\t\n\n\t<div id=\"col-1849517907\" class=\"col medium-4 small-12 large-4\"  >\n\t\t\t\t<div class=\"col-inner text-center\"  >\n\t\t\t\n\t\t\t\n\t<div id=\"ux-lottie-3511231839\" class=\"ux-lottie\">\n\t\t\t\t<lottie-player class=\"ux-lottie__player\" data-params=\"{&quot;src&quot;:&quot;https:\\\/\\\/ecoturbino.shop\\\/wp-content\\\/uploads\\\/2023\\\/08\\\/swiss-flag-move.json&quot;,&quot;loop&quot;:true,&quot;autoplay&quot;:true,&quot;controls&quot;:false,&quot;speed&quot;:&quot;1&quot;,&quot;direction&quot;:1,&quot;trigger&quot;:&quot;&quot;,&quot;mouseout&quot;:&quot;&quot;,&quot;start&quot;:0,&quot;end&quot;:100,&quot;scrollActionType&quot;:&quot;seek&quot;,&quot;visibilityStart&quot;:0,&quot;visibilityEnd&quot;:100,&quot;id&quot;:&quot;ux-lottie-3511231839&quot;}\"><\/lottie-player>\n\t\t\t\t\n<style>\n#ux-lottie-3511231839 {\n  width: 100%;\n  height: 300px;\n}\n<\/style>\n\t<\/div>\n\t\n\t\t<\/div>\n\t\t\t\t\t<\/div>\n\n\t\n\n\t<div id=\"col-28961305\" class=\"col small-12 large-12\"  >\n\t\t\t\t<div class=\"col-inner\"  >\n\t\t\t\n\t\t\t\n<a href=\"https:\/\/en.ecoturbino.shop\/shippingcosts\/\" class=\"button primary is-larger expand\" style=\"border-radius:10px;\">\n\t\t<span>Stro\u0161ki po\u0161iljanja za \u0160vico, Lihten\u0161tajn in TRETJE DR\u017dAVE<\/span>\n\t<\/a>\n\n\t<div id=\"gap-191483577\" class=\"gap-element clearfix\" style=\"display:block; height:auto;\">\n\t\t\n<style>\n#gap-191483577 {\n  padding-top: 15px;\n}\n<\/style>\n\t<\/div>\n\t\n<div class=\"is-divider divider clearfix\" style=\"max-width:100%;height:1px;\"><\/div>\n<h3><strong> <span style=\"font-size: 120%;\"> PARCEL SERVICE, alternativa neposrednemu po\u0161iljanju v \u0160vico in Lihten\u0161tajn<br \/>\n<\/span> <\/strong><\/h3>\n<p>Alternativa neposrednemu po\u0161iljanju brez davka je dostava na naslov v EU blizu \u0161vicarske meje, \u010de blago uvozite sami ali uporabite storitev dostave paketov. Glavna prednost pri tem je zavarovanje celotnega paketa do predaje na naslov dostave znotraj EU, prav tako pa se lahko zmanj\u0161ajo stro\u0161ki po\u0161iljanja.<\/p>\n<h3>Uporaba storitev dostave paketov na obmejnem obmo\u010dju<\/h3>\n<p>Glede na to, kaj storitev dostave paketov ponuja, se lahko uporablja zgolj kot naslov za dostavo z mo\u017enostjo samostojnega uvoza ali kot storitev dostave na \u017eeleni doma\u010di naslov.<\/p>\n<p>\u010ce je izbrana storitev dostave paketov polnopravna storitev dostave paketov, bo naro\u010dilo prepeljano neposredno na va\u0161 naslov v \u0160vici ali Lihten\u0161tajnu. Storitev dostave paketov bo za vas poskrbela za vse carinske formalnosti in nadaljnji prevoz na va\u0161 naslov. Za podrobnosti se obrnite neposredno na \u017eelenega ponudnika ali obi\u0161\u010dite njegovo spletno stran.<\/p>\n<p>Spodaj so navedeni trije znani ponudniki, ki so jih na\u0161e \u0161vicarske stranke \u017ee uporabljale. \u010ceprav s strani PROnatur24\u00ae ne podajamo nobenih priporo\u010dil, smo ob primerjavi spletnih strani dobili vtis, da \u201cmeineinkauf.ch\u201d stranki ponuja najbolj prepoznaven portfelj spletnih samopostre\u017enih storitev.<\/p>\n\t<div id=\"gap-969337390\" class=\"gap-element clearfix\" style=\"display:block; height:auto;\">\n\t\t\n<style>\n#gap-969337390 {\n  padding-top: 30px;\n}\n<\/style>\n\t<\/div>\n\t\n<div class=\"row align-bottom row-divided\"  id=\"row-1574397374\">\n\n\t<div id=\"col-2008996726\" class=\"col medium-4 small-12 large-4\"  >\n\t\t\t\t<div class=\"col-inner text-center\"  >\n\t\t\t\n\t\t\t\n\t<div class=\"img has-hover x md-x lg-x y md-y lg-y\" id=\"image_1262264868\">\n\t\t<a class=\"\" href=\"https:\/\/meineinkauf.ch\/einkaufen\/\" target=\"_blank\" rel=\"sponsored noopener\">\t\t\t\t\t\t<div class=\"img-inner dark\" >\n\t\t\t<img decoding=\"async\" width=\"842\" height=\"264\" src=\"https:\/\/ecoturbino.shop\/wp-content\/uploads\/2023\/08\/meineinkaufch-logo.svg\" class=\"attachment-original size-original\" alt=\"Logotip podjetja MeinEinkauf\" \/>\t\t\t\t\t\t\n\t\t\t\t\t<\/div>\n\t\t\t\t\t\t<\/a>\t\t\n<style>\n#image_1262264868 {\n  width: 75%;\n}\n<\/style>\n\t<\/div>\n\t\n<p>MeinEinkauf GmbH<br \/>\nMaybachstra\u00dfe 19<br \/>\n78467 Konstanz<br \/>\nDEUTSCHLAND<\/p>\n<a href=\"https:\/\/meineinkauf.ch\/einkaufen\/\" target=\"_blank\" class=\"button primary\" rel=\"sponsored noopener\" style=\"border-radius:10px;\">\n\t\t<span>www.meineinkauf.ch<\/span>\n\t<\/a>\n\n\t\t<\/div>\n\t\t\t\t\t<\/div>\n\n\t\n\n\t<div id=\"col-962996099\" class=\"col medium-4 small-12 large-4\"  >\n\t\t\t\t<div class=\"col-inner text-center\"  >\n\t\t\t\n\t\t\t\n\t<div class=\"img has-hover x md-x lg-x y md-y lg-y\" id=\"image_1888813440\">\n\t\t<a class=\"\" href=\"https:\/\/swiss-paket.de\" target=\"_blank\" rel=\"sponsored noopener\">\t\t\t\t\t\t<div class=\"img-inner dark\" >\n\t\t\t<img decoding=\"async\" width=\"900\" height=\"270\" src=\"https:\/\/ecoturbino.shop\/wp-content\/uploads\/2023\/08\/swisspaket-logo.png\" class=\"attachment-original size-original\" alt=\"\u0160vicarski logotip Paket\" srcset=\"https:\/\/ecoturbino.shop\/wp-content\/uploads\/2023\/08\/swisspaket-logo.png 900w, https:\/\/ecoturbino.shop\/wp-content\/uploads\/2023\/08\/swisspaket-logo-470x141.png 470w, https:\/\/ecoturbino.shop\/wp-content\/uploads\/2023\/08\/swisspaket-logo-635x191.png 635w, https:\/\/ecoturbino.shop\/wp-content\/uploads\/2023\/08\/swisspaket-logo-800x240.png 800w\" sizes=\"(max-width: 900px) 100vw, 900px\" \/>\t\t\t\t\t\t\n\t\t\t\t\t<\/div>\n\t\t\t\t\t\t<\/a>\t\t\n<style>\n#image_1888813440 {\n  width: 75%;\n}\n<\/style>\n\t<\/div>\n\t\n<p>\u0160vicarski paket \/ HAM OHG<br \/>\nSchn\u00f6tring 9<br \/>\n79804 Dogern<br \/>\nDEUTSCHLAND<\/p>\n<a href=\"https:\/\/swiss-paket.de\/filialen\" target=\"_blank\" class=\"button primary\" rel=\"sponsored noopener\" style=\"border-radius:10px;\">\n\t\t<span>www.swiss-paket.de<\/span>\n\t<\/a>\n\n\t\t<\/div>\n\t\t\t\t\t<\/div>\n\n\t\n\n\t<div id=\"col-888424147\" class=\"col medium-4 small-12 large-4\"  >\n\t\t\t\t<div class=\"col-inner text-center\"  >\n\t\t\t\n\t\t\t\n\t<div class=\"img has-hover x md-x lg-x y md-y lg-y\" id=\"image_156727687\">\n\t\t<a class=\"\" href=\"https:\/\/grenzpaket.ch\" target=\"_blank\" rel=\"sponsored noopener\">\t\t\t\t\t\t<div class=\"img-inner dark\" >\n\t\t\t<img decoding=\"async\" width=\"450\" height=\"94\" src=\"https:\/\/ecoturbino.shop\/wp-content\/uploads\/2023\/08\/grenzpaket-logo.png\" class=\"attachment-original size-original\" alt=\"Logotip Grenzpaket\" srcset=\"https:\/\/ecoturbino.shop\/wp-content\/uploads\/2023\/08\/grenzpaket-logo.png 450w, https:\/\/ecoturbino.shop\/wp-content\/uploads\/2023\/08\/grenzpaket-logo-304x64.png 304w\" sizes=\"(max-width: 450px) 100vw, 450px\" \/>\t\t\t\t\t\t\n\t\t\t\t\t<\/div>\n\t\t\t\t\t\t<\/a>\t\t\n<style>\n#image_156727687 {\n  width: 75%;\n}\n<\/style>\n\t<\/div>\n\t\n<p>Grenzpaket GmbH<br \/>\nHirsacker 14<br \/>\n78244 Gottmadingen<br \/>\nDEUTSCHLAND<\/p>\n<a href=\"https:\/\/www.grenzpaket.ch\/de\/lieferadresse-deutschland-oesterreich\" target=\"_blank\" class=\"button primary\" rel=\"sponsored noopener\" style=\"border-radius:10px;\">\n\t\t<span>www.grenzpaket.ch<\/span>\n\t<\/a>\n\n\t\t<\/div>\n\t\t\t\t\t<\/div>\n\n\t\n<\/div>\n\t\t<\/div>\n\t\t\t\t\t<\/div>\n\n\t\n\n<\/div>\n<div class=\"row\"  id=\"row-399385384\">\n\n\t<div id=\"col-187078050\" class=\"col small-12 large-12\"  >\n\t\t\t\t<div class=\"col-inner\"  >\n\t\t\t\n\t\t\t\n<a href=\"https:\/\/en.ecoturbino.shop\/contact\/\" class=\"button secondary is-larger expand\" style=\"border-radius:10px;\">\n\t\t<span>Ve\u010d vpra\u0161anj o tuji dostavi? Uporabite na\u0161o vro\u010do linijo!<\/span>\n\t<\/a>\n\n<div class=\"is-divider divider clearfix\" style=\"max-width:100%;height:1px;\"><\/div>\n<p>Razen tiskarskih in tipkarskih napak. Stanje: 01.10.2023.<\/p>\n\t\t<\/div>\n\t\t\t\t\t<\/div>\n\n\t\n<\/div>","protected":false},"excerpt":{"rendered":"","protected":false},"author":1319,"featured_media":47649,"parent":0,"menu_order":0,"comment_status":"closed","ping_status":"closed","template":"page-blank.php","meta":{"inline_featured_image":false,"footnotes":""},"class_list":["post-11170","page","type-page","status-publish","has-post-thumbnail","hentry"],"_links":{"self":[{"href":"https:\/\/ecoturbino.shop\/sl\/wp-json\/wp\/v2\/pages\/11170","targetHints":{"allow":["GET"]}}],"collection":[{"href":"https:\/\/ecoturbino.shop\/sl\/wp-json\/wp\/v2\/pages"}],"about":[{"href":"https:\/\/ecoturbino.shop\/sl\/wp-json\/wp\/v2\/types\/page"}],"author":[{"embeddable":true,"href":"https:\/\/ecoturbino.shop\/sl\/wp-json\/wp\/v2\/users\/1319"}],"replies":[{"embeddable":true,"href":"https:\/\/ecoturbino.shop\/sl\/wp-json\/wp\/v2\/comments?post=11170"}],"version-history":[{"count":0,"href":"https:\/\/ecoturbino.shop\/sl\/wp-json\/wp\/v2\/pages\/11170\/revisions"}],"wp:featuredmedia":[{"embeddable":true,"href":"https:\/\/ecoturbino.shop\/sl\/wp-json\/wp\/v2\/media\/47649"}],"wp:attachment":[{"href":"https:\/\/ecoturbino.shop\/sl\/wp-json\/wp\/v2\/media?parent=11170"}],"curies":[{"name":"wp","href":"https:\/\/api.w.org\/{rel}","templated":true}]}}