{"id":4392,"date":"2013-12-11T00:17:04","date_gmt":"2013-12-10T23:17:04","guid":{"rendered":"http:\/\/shop.pronatur24.eu\/?page_id=4392"},"modified":"2023-10-13T12:26:50","modified_gmt":"2023-10-13T10:26:50","slug":"tezave-placilo-za-narocilo-odpreme","status":"publish","type":"page","link":"https:\/\/ecoturbino.shop\/sl\/problems-order-dispatch-pay\/","title":{"rendered":"Znane te\u017eave, ki lahko ote\u017eijo va\u0161e naro\u010dilo"},"content":{"rendered":"<div class=\"banner has-hover\" id=\"banner-1794940436\">\n          <div class=\"banner-inner fill\">\n        <div class=\"banner-bg fill\" >\n            <img decoding=\"async\" width=\"2000\" height=\"230\" src=\"https:\/\/ecoturbino.shop\/wp-content\/uploads\/2023\/08\/support-webdeals_2000.webp\" class=\"bg attachment-original size-original\" alt=\"Podpora Header\" \/>                        <div class=\"overlay\"><\/div>            \n                    <\/div>\n\t\t\n        <div class=\"banner-layers container\">\n            <div class=\"fill banner-link\"><\/div>            \n   <div id=\"text-box-1733151949\" class=\"text-box banner-layer x50 md-x50 lg-x100 y50 md-y50 lg-y50 res-text\">\n                                <div class=\"text-box-content text dark\">\n              \n              <div class=\"text-inner text-center\">\n                  \n\t<div id=\"text-1742190286\" class=\"text\">\n\t\t\n<h1><a href=\"tel:+43557424010\"><img decoding=\"async\" class=\"wp-image-113483\" title=\"vro\u010da linija ecoturbino\u00ae\" src=\"\/wp-content\/uploads\/2023\/10\/phone-weiss-voll.svg\" alt=\"vro\u010da linija ecoturbino\u00ae\" width=\"100\" height=\"100\" \/> +43 (0)5574 24010<\/a><\/h1>\n\t\t\n<style>\n#text-1742190286 {\n  font-size: 0.75rem;\n}\n<\/style>\n\t<\/div>\n\t\n              <\/div>\n           <\/div>\n                            \n<style>\n#text-box-1733151949 {\n  width: 100%;\n}\n#text-box-1733151949 .text-box-content {\n  font-size: 100%;\n}\n@media (min-width:550px) {\n  #text-box-1733151949 {\n    width: 75%;\n  }\n}\n@media (min-width:850px) {\n  #text-box-1733151949 {\n    width: 60%;\n  }\n}\n<\/style>\n    <\/div>\n \n        <\/div>\n      <\/div>\n\n            \n<style>\n#banner-1794940436 {\n  padding-top: 110px;\n}\n#banner-1794940436 .overlay {\n  background-color: rgba(0, 0, 0, 0.17);\n}\n@media (min-width:550px) {\n  #banner-1794940436 {\n    padding-top: 170px;\n  }\n}\n@media (min-width:850px) {\n  #banner-1794940436 {\n    padding-top: 190px;\n  }\n}\n<\/style>\n  <\/div>\n\n\n<div class=\"row\"  id=\"row-355224127\">\n\n\t<div id=\"col-311126806\" class=\"col small-12 large-12\"  >\n\t\t\t\t<div class=\"col-inner\"  >\n\t\t\t\n\t\t\t\n<div class=\"row\"  id=\"row-269855155\">\n\n\t<div id=\"col-1106709873\" class=\"col medium-7 small-12 large-7\"  >\n\t\t\t\t<div class=\"col-inner\"  >\n\t\t\t\n\t\t\t\n<h2 class=\"headlinefocus\">Tukaj je prva pomo\u010d za uspe\u0161no naro\u010dilo!<\/h2>\n<p>Na voljo je na\u0161a takoj\u0161nja telefonska linija ali klepetalnica, ki je ve\u010dinoma na voljo od ponedeljka do petka med 13.00 in 20.00. Lahko pa uporabite tudi pisni neposredni stik.<\/p>\n<p><strong>Ve\u010dinoma pa gre le za majhne ovire, ki jih je mogo\u010de hitro odpraviti:<\/strong><\/p>\n<div class=\"is-divider divider clearfix\" style=\"max-width:100%;height:1px;\"><\/div>\n<ul>\n<li><strong>Izpolniti je treba VSA ZAHTEVANA POLJA!<\/strong><\/li>\n<li>Spletna stran <strong>TELEFONSKA \u0160TEVILKA<\/strong> je obvezno polje in je v\u010dasih zelo pomembno, npr. \u010de voznik po\u0161iljke ne more najti naslova ali \u010de imamo hitro poizvedbo, da bi lahko poslali po\u0161iljko.<\/li>\n<li>A <strong>\u0160TEVILKA HI\u0160E<\/strong> je obvezna za uspe\u0161no dostavo paketov. Pri samodejnem izpolnjevanju obrazca (prek sistema PayPal ali Amazon Pay) preverite, ali so vsa polja pravilno izpolnjena.<\/li>\n<li><strong>POGOJI IN DOLO\u010cILA<\/strong> in . <strong>POGOJI ODPOVEDI<\/strong> so prav tako potrebni za uspe\u0161no naro\u010dilo.<\/li>\n<li>Naro\u010dilo je uspe\u0161no \u0161ele, ko se prika\u017ee stran za potrditev naro\u010dila po kliku na <strong>KUPITE ZDAJ<\/strong> gumb.<\/li>\n<li>Po naro\u010dilu ni elektronskega sporo\u010dila? Prosimo, preverite <strong>OBE MAPI ZA NE\u017dELENO PO\u0160TO<\/strong>. Lokalno v napravi in mapo za ne\u017eeleno po\u0161to v spletni e-po\u0161ti.<\/li>\n<\/ul>\n\t\t<\/div>\n\t\t\t\t\t<\/div>\n\n\t\n\n\t<div id=\"col-1161841268\" class=\"col medium-5 small-12 large-5\"  >\n\t\t\t\t<div class=\"col-inner\"  >\n\t\t\t\n\t\t\t\n\t<div class=\"img has-hover x md-x lg-x y md-y lg-y\" id=\"image_1951923392\">\n\t\t<a class=\"image-lightbox lightbox-gallery\" title=\"\" href=\"https:\/\/ecoturbino.shop\/wp-content\/uploads\/2023\/10\/checkout-ecoturbino-en.webp\">\t\t\t\t\t\t<div class=\"img-inner dark\" >\n\t\t\t<img decoding=\"async\" width=\"1950\" height=\"2101\" src=\"https:\/\/ecoturbino.shop\/wp-content\/uploads\/2023\/10\/checkout-ecoturbino-en.webp\" class=\"attachment-original size-original\" alt=\"Checkout ecoturbino\" srcset=\"https:\/\/ecoturbino.shop\/wp-content\/uploads\/2023\/10\/checkout-ecoturbino-en.webp 1950w, https:\/\/ecoturbino.shop\/wp-content\/uploads\/2023\/10\/checkout-ecoturbino-en-470x506.webp 470w, https:\/\/ecoturbino.shop\/wp-content\/uploads\/2023\/10\/checkout-ecoturbino-en-436x470.webp 436w, https:\/\/ecoturbino.shop\/wp-content\/uploads\/2023\/10\/checkout-ecoturbino-en-635x684.webp 635w, https:\/\/ecoturbino.shop\/wp-content\/uploads\/2023\/10\/checkout-ecoturbino-en-743x800.webp 743w, https:\/\/ecoturbino.shop\/wp-content\/uploads\/2023\/10\/checkout-ecoturbino-en-1485x1600.webp 1485w, https:\/\/ecoturbino.shop\/wp-content\/uploads\/2023\/10\/checkout-ecoturbino-en-1426x1536.webp 1426w, https:\/\/ecoturbino.shop\/wp-content\/uploads\/2023\/10\/checkout-ecoturbino-en-1901x2048.webp 1901w\" sizes=\"(max-width: 1950px) 100vw, 1950px\" \/>\t\t\t\t\t\t\n\t\t\t\t\t\t\t<div class=\"caption\">Checkout ecoturbino<\/div>\n\t\t\t\t\t<\/div>\n\t\t\t\t\t\t<\/a>\t\t\n<style>\n#image_1951923392 {\n  width: 100%;\n}\n<\/style>\n\t<\/div>\n\t\n\t\t<\/div>\n\t\t\t\t\t<\/div>\n\n\t\n<\/div>\n<div class=\"is-divider divider clearfix\" style=\"max-width:100%;height:1px;\"><\/div>\n<h3 class=\"accordion_title\">Znane ovire, ki lahko ovirajo va\u0161 nakup<\/h3><div class=\"accordion\">\n\t<div id=\"accordion-1798543467\" class=\"accordion-item\">\n\t\t<a id=\"accordion-1798543467-label\" class=\"accordion-title plain\" href=\"#accordion-item-the-shop-does-not-work.-no-fields-are-displayed.-payment-methods-cannot-be-selected.\" aria-expanded=\"false\" aria-controls=\"accordion-1798543467-content\">\n\t\t\t<button class=\"toggle\" aria-label=\"Toggle\"><i class=\"icon-angle-down\" aria-hidden=\"true\"><\/i><\/button>\n\t\t\t<span>Trgovina ne deluje. Polja niso prikazana. Ni mogo\u010de izbrati na\u010dina pla\u010dila.<\/span>\n\t\t<\/a>\n\t\t<div id=\"accordion-1798543467-content\" class=\"accordion-inner\" aria-labelledby=\"accordion-1798543467-label\">\n\t\t\t\n<p><strong>Onemogo\u010dite blokiranje raz\u0161iritev v brskalniku!<\/strong><\/p>\n<p>Raz\u0161iritve blokatorjev lahko izredno mo\u010dno vplivajo na osnovno delovanje spletne trgovine. To lahko gre tako dale\u010d, da vsebina ni ve\u010d prikazana, pla\u010dilni sistemi ne delujejo ve\u010d ali naro\u010dila ni ve\u010d mogo\u010de dokon\u010dati. Znane raz\u0161iritve brskalnikov za to so:<\/p>\n<ul>\n<li><strong>NoScript <\/strong>(<a title=\"Iskanje za NoScript\" href=\"http:\/\/www.google.at\/search?q=noscript\" target=\"_blank\" rel=\"noopener\">http:\/\/www.google.com\/search?q=noscript<\/a>)<br \/>\nNoScript je raz\u0161iritev brskalnika, ki prepre\u010duje samodejne funkcije JavaScript v brskalniku. Posledica tega je, da izdelka na primer ni ve\u010d mogo\u010de polo\u017eiti v nakupovalno ko\u0161arico. Ali pa je blokirano posredovanje na izbrani na\u010din pla\u010dila za pla\u010dilo naro\u010dila.<\/li>\n<li><strong>AdBlocker<\/strong> (<a title=\"Iskanje za AdBlocker\" href=\"http:\/\/www.google.com\/search?q=adblocker\" target=\"_blank\" rel=\"noopener\">http:\/\/www.google.com\/search?q=adblocker<\/a>)<br \/>\nAdBlocker je raz\u0161iritev, ki prepre\u010duje prikazovanje oglasov na doma\u010di strani. To ne vpliva nujno na spletno trgovino. Vendar pa ta raz\u0161iritev blokira prikaz pomo\u010di ali dodatnih informacij o posameznih izdelkih.<\/li>\n<\/ul>\n\t\t<\/div>\n\t<\/div>\n\t\n\t<div id=\"accordion-1641869180\" class=\"accordion-item\">\n\t\t<a id=\"accordion-1641869180-label\" class=\"accordion-title plain\" href=\"#accordion-item-the-shop-looks-&#039;torn&#039;.-fields-and-graphics-are-pointlessly-shifted.\" aria-expanded=\"false\" aria-controls=\"accordion-1641869180-content\">\n\t\t\t<button class=\"toggle\" aria-label=\"Toggle\"><i class=\"icon-angle-down\" aria-hidden=\"true\"><\/i><\/button>\n\t\t\t<span>Trgovina je videti 'raztrgana'. Polja in grafike so nesmiselno premaknjene.<\/span>\n\t\t<\/a>\n\t\t<div id=\"accordion-1641869180-content\" class=\"accordion-inner\" aria-labelledby=\"accordion-1641869180-label\">\n\t\t\t\n<p><strong>Za brskanje po internetu vedno uporabljajte posodobljen brskalnik!<\/strong><\/p>\n<p>Za sodobno in ve\u010dpredstavnostno brskanje po internetu lahko izbirate med temi tremi internetnimi programi. Ne pozabite, da vedno uporabljajte najnovej\u0161o razli\u010dico. Seveda so priporo\u010dljivi tudi drugi brskalniki, npr. <a title=\"Prenesite Opero\" href=\"http:\/\/www.opera.com\/de\/download\" target=\"_blank\" rel=\"noopener\">Opera<\/a> ali <a title=\"Prenesi Safari\" href=\"https:\/\/www.apple.com\/uk\/safari\/\" target=\"_blank\" rel=\"noopener\">Safari (v ra\u010dunalniku Mac)<\/a><a title=\"Prenesite Opero\" href=\"http:\/\/www.opera.com\/de\/download\" target=\"_blank\" rel=\"noopener\">.<\/a><\/p>\n<p style=\"text-align: left;\">\n<div class=\"row\"  id=\"row-119663568\">\n\n\t<div id=\"col-1242289473\" class=\"col medium-3 small-12 large-3\"  >\n\t\t\t\t<div class=\"col-inner\"  >\n\t\t\t\n\t\t\t\n\t<div class=\"box has-hover   has-hover box-text-bottom\" >\n\n\t\t<div class=\"box-image\" style=\"width:80%;\">\n\t\t\t<a href=\"https:\/\/www.mozilla.org\/de\/firefox\/new\/\" rel=\"sponsored noopener\">\t\t\t<div class=\"\" >\n\t\t\t\t<img decoding=\"async\" width=\"77\" height=\"79\" src=\"https:\/\/ecoturbino.shop\/wp-content\/uploads\/2023\/08\/firefox-logo-icon.svg\" class=\"attachment- size-\" alt=\"Brskalnik Firefox\" \/>\t\t\t\t\t\t\t\t\t\t\t<\/div>\n\t\t\t<\/a>\t\t<\/div>\n\n\t\t<div class=\"box-text text-center\" >\n\t\t\t<div class=\"box-text-inner\">\n\t\t\t\t\n<h3>Firefox<\/h3>\n<p><a href=\"https:\/\/www.mozilla.org\/de\/firefox\/new\/\" target=\"_blank\" rel=\"noopener sponsored\">Namestite zdaj<\/a><\/p>\n\t\t\t<\/div>\n\t\t<\/div>\n\t<\/div>\n\t\n\t\t<\/div>\n\t\t\t\t\t<\/div>\n\n\t\n\n\t<div id=\"col-1568608453\" class=\"col medium-3 small-12 large-3\"  >\n\t\t\t\t<div class=\"col-inner\"  >\n\t\t\t\n\t\t\t\n\t<div class=\"box has-hover   has-hover box-text-bottom\" >\n\n\t\t<div class=\"box-image\" style=\"width:80%;\">\n\t\t\t<a href=\"https:\/\/www.google.com\/intl\/de_de\/chrome\/\" target=\"_blank\" rel=\"sponsored noopener\">\t\t\t<div class=\"\" >\n\t\t\t\t<img decoding=\"async\" width=\"1\" height=\"1\" src=\"https:\/\/ecoturbino.shop\/wp-content\/uploads\/2023\/08\/chrome-logo-icon.svg\" class=\"attachment- size-\" alt=\"Brskalnik Chrome\" \/>\t\t\t\t\t\t\t\t\t\t\t<\/div>\n\t\t\t<\/a>\t\t<\/div>\n\n\t\t<div class=\"box-text text-center\" >\n\t\t\t<div class=\"box-text-inner\">\n\t\t\t\t\n<h3>Chrome<\/h3>\n<p><a href=\"https:\/\/www.google.com\/intl\/de_de\/chrome\/\" target=\"_blank\" rel=\"noopener sponsored\">Namestite zdaj<\/a><\/p>\n\t\t\t<\/div>\n\t\t<\/div>\n\t<\/div>\n\t\n\t\t<\/div>\n\t\t\t\t\t<\/div>\n\n\t\n\n\t<div id=\"col-461827925\" class=\"col medium-3 small-12 large-3\"  >\n\t\t\t\t<div class=\"col-inner\"  >\n\t\t\t\n\t\t\t\n\t<div class=\"box has-hover   has-hover box-text-bottom\" >\n\n\t\t<div class=\"box-image\" style=\"width:80%;\">\n\t\t\t<a href=\"https:\/\/www.microsoft.com\/de-de\/edge\/\" target=\"_blank\" rel=\"sponsored noopener\">\t\t\t<div class=\"\" >\n\t\t\t\t<img decoding=\"async\" width=\"1\" height=\"1\" src=\"https:\/\/ecoturbino.shop\/wp-content\/uploads\/2023\/08\/microsoft-edge-icon.svg\" class=\"attachment- size-\" alt=\"Brskalnik Edge\" \/>\t\t\t\t\t\t\t\t\t\t\t<\/div>\n\t\t\t<\/a>\t\t<\/div>\n\n\t\t<div class=\"box-text text-center\" >\n\t\t\t<div class=\"box-text-inner\">\n\t\t\t\t\n<h3>Rob<\/h3>\n<p><a href=\"https:\/\/www.microsoft.com\/de-de\/edge\/\" target=\"_blank\" rel=\"noopener sponsored\">Namestite zdaj<\/a><\/p>\n\t\t\t<\/div>\n\t\t<\/div>\n\t<\/div>\n\t\n\t\t<\/div>\n\t\t\t\t\t<\/div>\n\n\t\n\n\t<div id=\"col-283353907\" class=\"col medium-3 small-12 large-3\"  >\n\t\t\t\t<div class=\"col-inner\"  >\n\t\t\t\n\t\t\t\n\t<div class=\"box has-hover   has-hover box-text-bottom\" >\n\n\t\t<div class=\"box-image\" style=\"width:80%;\">\n\t\t\t<a href=\"https:\/\/brave.com\/\" target=\"_blank\" rel=\"sponsored noopener\">\t\t\t<div class=\"\" >\n\t\t\t\t<img decoding=\"async\" width=\"256\" height=\"301\" src=\"https:\/\/ecoturbino.shop\/wp-content\/uploads\/2023\/08\/brave-logo-icon.svg\" class=\"attachment- size-\" alt=\"Pogumni brskalnik\" \/>\t\t\t\t\t\t\t\t\t\t\t<\/div>\n\t\t\t<\/a>\t\t<\/div>\n\n\t\t<div class=\"box-text text-center\" >\n\t\t\t<div class=\"box-text-inner\">\n\t\t\t\t\n<h3>Pogumni<\/h3>\n<p><a href=\"https:\/\/brave.com\/\" target=\"_blank\" rel=\"noopener sponsored\">Namestite zdaj<\/a><\/p>\n\t\t\t<\/div>\n\t\t<\/div>\n\t<\/div>\n\t\n\t\t<\/div>\n\t\t\t\t\t<\/div>\n\n\t\n<\/div>\n\t\t<\/div>\n\t<\/div>\n\t\n\t<div id=\"accordion-756977458\" class=\"accordion-item\">\n\t\t<a id=\"accordion-756977458-label\" class=\"accordion-title plain\" href=\"#accordion-item-live-chat-for-quick-technical-help-and-advice\" aria-expanded=\"false\" aria-controls=\"accordion-756977458-content\">\n\t\t\t<button class=\"toggle\" aria-label=\"Toggle\"><i class=\"icon-angle-down\" aria-hidden=\"true\"><\/i><\/button>\n\t\t\t<span>klepet v \u017eivo za hitro tehni\u010dno pomo\u010d in nasvete<\/span>\n\t\t<\/a>\n\t\t<div id=\"accordion-756977458-content\" class=\"accordion-inner\" aria-labelledby=\"accordion-756977458-label\">\n\t\t\t\n<div class=\"row\"  id=\"row-222301629\">\n\n\t<div id=\"col-1757379418\" class=\"col medium-10 small-12 large-10\"  >\n\t\t\t\t<div class=\"col-inner\"  >\n\t\t\t\n\t\t\t\n<p>Klepet v \u017eivo uporabljamo iz razli\u010dnih razlogov. Jasno je, da lahko \u010dim hitreje odgovorimo na vpra\u0161anja o izdelkih. In seveda, da bi lahko ponudili hitro pomo\u010d, morajo biti pri naro\u010danju manj\u0161e ovire.<\/p>\n<p>Tudi \u010de klepet ni vedno na voljo v \u017eivo, lahko sporo\u010dila po\u0161ljete na vro\u010do linijo PROnatur24\u00ae. Preprosto se pogovorite z nami - poskusite!<\/p>\n\t\t<\/div>\n\t\t\t\t\t<\/div>\n\n\t\n\n\t<div id=\"col-1986834446\" class=\"col medium-2 small-12 large-2\"  >\n\t\t\t\t<div class=\"col-inner\"  >\n\t\t\t\n\t\t\t\n\t<div class=\"img has-hover x md-x lg-x y md-y lg-y\" id=\"image_1084119267\">\n\t\t\t\t\t\t\t\t<div class=\"img-inner dark\" >\n\t\t\t<img decoding=\"async\" width=\"297\" height=\"302\" src=\"https:\/\/ecoturbino.shop\/wp-content\/uploads\/2023\/08\/live-chat-sferics-en.webp\" class=\"attachment-original size-original\" alt=\"Klepet v \u017eivo\" \/>\t\t\t\t\t\t\n\t\t\t\t\t<\/div>\n\t\t\t\t\t\t\t\t\n<style>\n#image_1084119267 {\n  width: 100%;\n}\n<\/style>\n\t<\/div>\n\t\n\t\t<\/div>\n\t\t\t\t\t<\/div>\n\n\t\n<\/div>\n\t\t<\/div>\n\t<\/div>\n\t\n<\/div>\n\t<div id=\"gap-1076229167\" class=\"gap-element clearfix\" style=\"display:block; height:auto;\">\n\t\t\n<style>\n#gap-1076229167 {\n  padding-top: 30px;\n}\n<\/style>\n\t<\/div>\n\t\n\t\t<\/div>\n\t\t\t\t\t<\/div>\n\n\t\n<\/div>","protected":false},"excerpt":{"rendered":"","protected":false},"author":1319,"featured_media":0,"parent":0,"menu_order":0,"comment_status":"closed","ping_status":"closed","template":"page-blank.php","meta":{"inline_featured_image":false,"footnotes":""},"class_list":["post-4392","page","type-page","status-publish","hentry"],"_links":{"self":[{"href":"https:\/\/ecoturbino.shop\/sl\/wp-json\/wp\/v2\/pages\/4392","targetHints":{"allow":["GET"]}}],"collection":[{"href":"https:\/\/ecoturbino.shop\/sl\/wp-json\/wp\/v2\/pages"}],"about":[{"href":"https:\/\/ecoturbino.shop\/sl\/wp-json\/wp\/v2\/types\/page"}],"author":[{"embeddable":true,"href":"https:\/\/ecoturbino.shop\/sl\/wp-json\/wp\/v2\/users\/1319"}],"replies":[{"embeddable":true,"href":"https:\/\/ecoturbino.shop\/sl\/wp-json\/wp\/v2\/comments?post=4392"}],"version-history":[{"count":0,"href":"https:\/\/ecoturbino.shop\/sl\/wp-json\/wp\/v2\/pages\/4392\/revisions"}],"wp:attachment":[{"href":"https:\/\/ecoturbino.shop\/sl\/wp-json\/wp\/v2\/media?parent=4392"}],"curies":[{"name":"wp","href":"https:\/\/api.w.org\/{rel}","templated":true}]}}