{"id":4689,"date":"2014-06-07T14:52:06","date_gmt":"2014-06-07T12:52:06","guid":{"rendered":"http:\/\/shop.pronatur24.eu\/?page_id=4689"},"modified":"2025-04-21T23:58:12","modified_gmt":"2025-04-21T21:58:12","slug":"umik-2","status":"publish","type":"page","link":"https:\/\/ecoturbino.shop\/sl\/withdrawal\/","title":{"rendered":"Pogoji za umik"},"content":{"rendered":"<div class=\"banner has-hover\" id=\"banner-213814066\">\n          <div class=\"banner-inner fill\">\n        <div class=\"banner-bg fill\" >\n            <img decoding=\"async\" width=\"2000\" height=\"230\" src=\"https:\/\/ecoturbino.shop\/wp-content\/uploads\/2023\/08\/tastatur-webdeals-2000.webp\" class=\"bg attachment-original size-original\" alt=\"Tipkovnica za glavo\" \/>                        <div class=\"overlay\"><\/div>            \n                    <\/div>\n\t\t\n        <div class=\"banner-layers container\">\n            <div class=\"fill banner-link\"><\/div>            \n   <div id=\"text-box-335974792\" class=\"text-box banner-layer x50 md-x50 lg-x50 y50 md-y50 lg-y50 res-text\">\n                                <div class=\"text-box-content text dark\">\n              \n              <div class=\"text-inner text-center\">\n                  \n<h1>IZJAVA<\/h1>\n              <\/div>\n           <\/div>\n                            \n<style>\n#text-box-335974792 {\n  width: 80%;\n}\n#text-box-335974792 .text-box-content {\n  font-size: 100%;\n}\n@media (min-width:550px) {\n  #text-box-335974792 {\n    width: 67%;\n  }\n}\n@media (min-width:850px) {\n  #text-box-335974792 {\n    width: 44%;\n  }\n}\n<\/style>\n    <\/div>\n \n        <\/div>\n      <\/div>\n\n            \n<style>\n#banner-213814066 {\n  padding-top: 110px;\n}\n#banner-213814066 .overlay {\n  background-color: rgba(0,0,0,.5);\n}\n@media (min-width:550px) {\n  #banner-213814066 {\n    padding-top: 170px;\n  }\n}\n@media (min-width:850px) {\n  #banner-213814066 {\n    padding-top: 190px;\n  }\n}\n<\/style>\n  <\/div>\n\n\n<div class=\"row\"  id=\"row-520689582\">\n\n\t<div id=\"col-2035314976\" class=\"col small-12 large-12\"  >\n\t\t\t\t<div class=\"col-inner\"  >\n\t\t\t\n\t\t\t\n<p><strong>Pogoji odpovedi za kon\u010dne stranke (potro\u0161nike).<\/strong> V \u0161tirinajstih dneh imate pravico preklicati naro\u010dilo brez navedbe razloga.<\/p>\n<p>Rok za odpoved se za\u010dne po prejemu pisnega obvestila, vendar ne pred prejemom predmeta (pri ponovnih naro\u010dilih istih predmetov ne pred prejemom prvega dela dostave).<\/p>\n<p>Za uveljavljanje pravice do preklica morate obvestiti:<\/p>\n<div class=\"is-divider divider clearfix\" style=\"max-width:100%;height:1px;\"><\/div>\n<div class=\"row\"  id=\"row-1957936026\">\n\n\t<div id=\"col-506119837\" class=\"col medium-4 small-12 large-4\"  >\n\t\t\t\t<div class=\"col-inner\"  >\n\t\t\t\n\t\t\t\n<p>Webdeals Shops GmbH<br \/>\nEkipa ecoturbino<br \/>\nHolzbodenweg 6<br \/>\nAT- 6858 Schwarzach<br \/>\ninfo@ecoturbino.shop<\/p>\n\t\t<\/div>\n\t\t\t\t\t<\/div>\n\n\t\n\n\t<div id=\"col-1146685863\" class=\"col medium-8 small-12 large-8\"  >\n\t\t\t\t<div class=\"col-inner dark\" style=\"background-color:rgb(164, 57, 6);\" >\n\t\t\t\n\t\t\t\n<p>Naslov za vra\u010dilo (glej podrobnosti spodaj):<\/p>\n<p>N.E.W. Development GmbH<br \/>\nEkipa ecoturbino<br \/>\nNeugasse 10<br \/>\nAT- 7020 Loipersbach<\/p>\n<p>Mi <span style=\"text-decoration: underline;\">mo\u010dno priporo\u010damo.<\/span> za vra\u010dilo izberite zavarovan in sledljiv na\u010din po\u0161iljanja s \u0161tevilko za sledenje. Po po\u0161iljanju nas lahko obvestite o \u0161tevilki za sledenje.<\/p>\n\t\t<\/div>\n\t\t\t\t\n<style>\n#col-1146685863 > .col-inner {\n  padding: 10px 10px 10px 15px;\n  margin: 0px 0px -20px 0px;\n  border-radius: 10px;\n}\n<\/style>\n\t<\/div>\n\n\t\n<\/div>\n<div class=\"is-divider divider clearfix\" style=\"max-width:100%;height:1px;\"><\/div>\n<p>z jasnim pojasnilom (npr. s pismom, poslanim po po\u0161ti, elektronskim sporo\u010dilom ali telefonskim klicem) o svoji odlo\u010ditvi, da prekli\u010dete naro\u010dilo, ali - \u010de vam je izdelek dostavljen pred iztekom 14 dni - s po\u0161iljanjem izdelka nazaj. Uporabite lahko na\u0161e\u00a0<a title=\"Vorlage Widerruf der Bestellung runterladen\" href=\"https:\/\/ecoturbino.shop\/wp-content\/uploads\/2023\/10\/Cancellation-order-form.pdf\" target=\"_blank\" rel=\"noopener noreferrer\">vzorec obrazca za umik<\/a>\u00a0za to, \u010deprav to ni obvezno. Obrazlo\u017eitev odpovedi lahko izpolnite in nam jo po\u0161ljete tudi na na\u0161em spletnem mestu (<a title=\"Formular zum Widerruf einer Bestellung\" href=\"\/sl\/preklic-narocila\/\">https:\/\/ecoturbino.shop\/cancel-order<\/a>). Uporabite to mo\u017enost in takoj vam bomo poslali potrdilo (na primer po elektronski po\u0161ti) o prejemu tak\u0161ne odpovedi. Za ohranitev roka za preklic je dovolj, da nas o uporabi pravice do preklica obvestite pred iztekom roka za preklic.<\/p>\n<p><a title=\"Spletni obrazec za raz\u0161iritev prodaje\" href=\"https:\/\/ecoturbino.shop\/sl\/preklic-narocila\/\">\u00bb Na spletni obrazec za preklic naro\u010dila<\/a><\/p>\n<p><a title=\"Vorlage Widerruf der Bestellung runterladen\" href=\"https:\/\/ecoturbino.shop\/wp-content\/uploads\/2023\/10\/Cancellation-order-form.pdf\" target=\"_blank\" rel=\"noopener noreferrer\">\u00bb Prenesite obrazec \u201cUmik naro\u010dila\u201d (.pdf)<\/a><\/p>\n<h3>V zvezi s pravico do preklica za skupine izdelkov z izjemo<\/h3>\n<p>Storitve, tekstilni za\u0161\u010ditni izdelki*, higienski izdelki, hitro pokvarljivo blago za vsakdanjo uporabo, razrezano blago, odprti zvitki z metrskim blagom in izdelki, izdelani za naro\u010dnika. \u010ce se vra\u010dilo kljub temu izvede, se za vsak izdelek odlo\u010dimo, ali bomo sprejeli vra\u010dilo z zmanj\u0161anjem vrednosti in ustreznim povra\u010dilom, izra\u010dunali stro\u0161ke obdelave za preverjanje vra\u010dila (80 EUR na uro) ali izdelek odstranili brez povra\u010dila.<\/p>\n<p>\u010ce se razveljavi za\u0161\u010dita, elektri\u010dni in elektronski izdelki (merilne naprave, stikala, filtri itd.), so za preverjanje kakovosti potrebni stro\u0161kovno intenzivni meroslovni preskusi v laboratoriju za EMP. Vse nastale stro\u0161ke imamo pravico od\u0161teti od zneska vra\u010dila.<\/p>\n<div class=\"row\"  id=\"row-1082157682\">\n\n\t<div id=\"col-161012228\" class=\"col small-12 large-12\"  >\n\t\t\t\t<div class=\"col-inner dark\"  >\n\t\t\t\n\t\t\t\n<p>*Tekstilni za\u0161\u010ditni izdelki spadajo v skupino posebnih higienskih izdelkov in so zato izklju\u010deni iz pravice do umika ali zamenjave, ko so uporabljeni; mednje spadajo obla\u010dila, spalne vre\u010de, posteljnina, odeje, \u0161otori in nadstre\u0161ki iz prora\u010dunske serije. Vsako vra\u010dilo izdelkov te razvrstitve bo za pla\u010dilo preverjeno v laboratoriju EMF in od\u0161teto od zneska vra\u010dila. Nadstre\u0161ki, izdelani po naro\u010dilu, vklju\u010dno s posebnimi velikostmi, so na splo\u0161no izklju\u010deni iz preklica.<\/p>\n<p><strong>Namesto da kupite nadstre\u0161ek, ga raje najemite:<\/strong><br \/>\nZaradi omejitve pravice do odstopa od pogodbe obstaja mo\u017enost brez tveganja najema na\u0161ih nadstre\u0161kov za 2 tedna, da jih spoznate. Ta mo\u017enost najema je zelo primerna tudi za izku\u0161njo za\u0161\u010ditnega u\u010dinka popolne za\u0161\u010dite pred elektrosmogom, zlasti pred sanitarno za\u0161\u010dito pred EMP ali ve\u010djo nalo\u017ebo v za\u0161\u010dito.<\/p>\n<p><strong>Za\u0161\u010ditna obla\u010dila:<br \/>\n<\/strong>Ne priporo\u010damo, da se osredoto\u010dite na velikost, temve\u010d da z merilnim trakom poi\u0161\u010dete \u017eeleno velikost. Podrobnosti so navedene v opisu izdelka.<\/p>\n\t\t<\/div>\n\t\t\t\t\n<style>\n#col-161012228 > .col-inner {\n  padding: 10px 15px 10px 15px;\n}\n<\/style>\n\t<\/div>\n\n\t\n\n<style>\n#row-1082157682 > .col > .col-inner {\n  background-color: rgb(85, 85, 85);\n  border-radius: 10px;\n}\n<\/style>\n<\/div>\n<h3>Rezultati odpovedi<\/h3>\n<p>\u010ce prekli\u010dete naro\u010dilo z avstrijskim naslovom za dostavo (doma\u010dim), vam bomo vrnili vsa pla\u010dila, ki smo jih prejeli od vas, vklju\u010dno s stro\u0161ki dostave (razen dodatnih stro\u0161kov, ki nastanejo zaradi dejstva, da ste izbrali drugo vrsto dostave, kot smo jo izbrali pri najcenej\u0161i ponujeni standardni dostavi). \u010ce prekli\u010dete naro\u010dilo z naslovom dostave v drugih evropskih dr\u017eavah ali tretjih dr\u017eavah, imamo pravico zavrniti povra\u010dilo stro\u0161kov dostave, tj. te stro\u0161ke od\u0161teti od zneska vra\u010dila. \u010ce ponudnik pla\u010dilnih storitev, prek katerega ste opravili pla\u010dilo (PayPal, Amazon, kreditna kartica itd.), ne povrne stro\u0161kov, ki so nastali med nakupom, imamo pravico zadr\u017eati te stro\u0161ke, tj. jih od\u0161teti od zneska vra\u010dila. V primeru digitalnega blaga se to povra\u010dilo lahko izvede takoj, vendar mora biti povrnjeno najpozneje v \u0161tirinajstih dneh od dneva, ko smo prejeli obvestilo o va\u0161em odstopu od te pogodbe. Enako obdobje za vra\u010dilo velja za vse drugo blago, vendar se za\u010dne na dan, ko prejmete vrnjeno blago. To pomeni, da lahko zavrnemo vra\u010dilo, dokler od vas ne prejmemo vrnjenega blaga. Za to povra\u010dilo uporabimo isto pla\u010dilno sredstvo, kot ste ga uporabili pri prvotni transakciji, razen \u010de je bilo z vami izrecno dogovorjeno kaj drugega.<\/p>\n<h3>Samodejni preklic \/ vrnitev<\/h3>\n<p>V primeru odstopa od pogodbe nam blago vrnite. Stro\u0161ke povratne po\u0161iljke krije kupec. Samodejno vra\u010dilo je enakovredno odstopu od pogodbe in se obravnava enako.\u00a0<strong>Samodejni preklic vklju\u010duje:<\/strong><\/p>\n<ul>\n<li>nesprejem naro\u010dila\/dobave ali<\/li>\n<li>nedostavitev s strani poobla\u0161\u010dene slu\u017ebe za dostavo paketov ali<\/li>\n<li>blago ni bilo prevzeto v trgovini s paketi (\u010de je na voljo) kljub ustreznim informacijam s strani slu\u017ebe za po\u0161iljanje paketov ali povezave za sledenje paketom. (Pojasnilo: od naro\u010dene paketne slu\u017ebe zahtevamo, da izvede dostavo od vrat do vrat. Vendar zaradi zahtevnih, ote\u017eevalnih vpra\u0161anj pri dostavi paketov te dostave od vrat do vrat danes ni ve\u010d mogo\u010de zagotoviti (npr. prepovedi vo\u017enje, prepovedi ustavljanja, promet, pomanjkanje osebja itd.), zato stranka z naro\u010dilom potrdi pripravljenost za prevzem paketa tudi v paketni trgovini storitve dostave paketov).<\/li>\n<\/ul>\n<h3>Vra\u010danje predmetov<\/h3>\n<p>Predmete morate vrniti ali dostaviti nemudoma in najve\u010d \u0161tirinajst dni po prejemu obvestila o preklicu ali predmete dostaviti nam:<\/p>\n<p>N.E.W. Development GmbH<br \/>\nEkipa ecoturbino<br \/>\nNeugasse 10<br \/>\nAT- 7020 Loipersbach<\/p>\n<p>Rok je upo\u0161tevan, \u010de blago po\u0161ljete pred iztekom \u0161tirinajstdnevnega roka. Nosite neposredne stro\u0161ke in odgovornost za vra\u010dilo blaga, vklju\u010dno z avtomatskim vra\u010dilom. Na podlagi lastnih izku\u0161enj v praksi vam priporo\u010damo, da izberete zavarovano in sledljivo obliko vra\u010dila s \u0161tevilko za sledenje. Upo\u0161tevajte: Blago, vrnjeno po povzetju, ne bo sprejeto. Izgubo vrednosti blaga morate pla\u010dati le, \u010de je ta izguba vrednosti posledica ravnanja z blagom, ki ni potrebno za preverjanje narave, lastnosti in funkcionalnosti blaga.<\/p>\n<p>V primeru odpovedi zaradi neprevzema paketa nas morate o tem pisno obvestiti v 24 urah, sicer se bo po\u0161iljka samodejno \u0161tela za sprejeto in morebitni zahtevki za povra\u010dilo s strani dru\u017ebe Webdeals Shops GmbH ne bodo veljali.<\/p>\n<p>Vra\u010dila obravnavamo prednostno, v povpre\u010dju v 48 urah v delovnih dneh po prejemu preklicanih izdelkov. \u010ce v dveh tednih po vrnitvi z na\u0161e strani ne pride do komunikacije za obdelavo vra\u010dila, je odgovornost stranke, da se pozanima o stanju obdelave in da pri ponudniku storitev po\u0161iljanja paketa spro\u017ei sledenje paketu. \u010ce preklicano naro\u010dilo ni dostavljeno v 4 tednih po oddaji, kakr\u0161na koli pravica do povra\u010dila s strani dru\u017ebe Webdeals Shops GmbH preneha.<\/p>\n\t<div id=\"text-2846911946\" class=\"text hidden\">\n\t\t\n<h3>Brez dostave na pakirne postaje<\/h3>\n<p>\u010ce je naro\u010dilo kljub temu oddano na pakirni postaji, to brez spremembe naslova za dostavo vodi do samodejnega preklica\/povratka. <a href=\"https:\/\/ecoturbino.shop\/sl\/gtc-2\/\">Podrobnosti so na voljo v pogojih in dolo\u010dilih.<\/a><br \/>\n\t\t\t<\/div>\n\t\n\t\t<\/div>\n\t\t\t\t\t<\/div>\n\n\t\n<\/div>","protected":false},"excerpt":{"rendered":"","protected":false},"author":1319,"featured_media":47649,"parent":0,"menu_order":0,"comment_status":"closed","ping_status":"closed","template":"page-blank.php","meta":{"inline_featured_image":false,"footnotes":""},"class_list":["post-4689","page","type-page","status-publish","has-post-thumbnail","hentry"],"_links":{"self":[{"href":"https:\/\/ecoturbino.shop\/sl\/wp-json\/wp\/v2\/pages\/4689","targetHints":{"allow":["GET"]}}],"collection":[{"href":"https:\/\/ecoturbino.shop\/sl\/wp-json\/wp\/v2\/pages"}],"about":[{"href":"https:\/\/ecoturbino.shop\/sl\/wp-json\/wp\/v2\/types\/page"}],"author":[{"embeddable":true,"href":"https:\/\/ecoturbino.shop\/sl\/wp-json\/wp\/v2\/users\/1319"}],"replies":[{"embeddable":true,"href":"https:\/\/ecoturbino.shop\/sl\/wp-json\/wp\/v2\/comments?post=4689"}],"version-history":[{"count":0,"href":"https:\/\/ecoturbino.shop\/sl\/wp-json\/wp\/v2\/pages\/4689\/revisions"}],"wp:featuredmedia":[{"embeddable":true,"href":"https:\/\/ecoturbino.shop\/sl\/wp-json\/wp\/v2\/media\/47649"}],"wp:attachment":[{"href":"https:\/\/ecoturbino.shop\/sl\/wp-json\/wp\/v2\/media?parent=4689"}],"curies":[{"name":"wp","href":"https:\/\/api.w.org\/{rel}","templated":true}]}}