{"id":46964,"date":"2023-09-13T13:45:20","date_gmt":"2023-09-13T11:45:20","guid":{"rendered":"https:\/\/en.ecoturbino.shop\/?page_id=46964"},"modified":"2025-08-15T11:14:05","modified_gmt":"2025-08-15T09:14:05","slug":"zahteve-funkcija-ecoturbino","status":"publish","type":"page","link":"https:\/\/ecoturbino.shop\/sl\/requirements-function-ecoturbino\/","title":{"rendered":"Zahteve za brezhibno delovanje sistema ecoturbino\u00ae"},"content":{"rendered":"<h3>Pogoji za uporabo ecoturbino\u00ae v prhah<\/h3>\n<ul>\n<li>Nikoli ne uporabljajte v povezavi z <strong>glave za prhanje, ki var\u010dujejo z vodo.<\/strong>. To vodi neposredno do <a href=\"https:\/\/ecoturbino.shop\/sl\/ecoturbino-faq\/#accordion-item-water_is_leaking_from_the_ecoturbino_air_hole_while_showering!?\" target=\"_blank\" rel=\"noopener\">tehni\u010dne motnje.<\/a> in vpliva tudi na izku\u0161njo tu\u0161iranja (filozofija u\u017eivanja v tu\u0161iranju).<\/li>\n<li>Niti pr\u0161na glava niti cev za prhanje ne smeta imeti vgrajenega reduktorja vode. \u010ce ga imate, ga je treba predhodno odstraniti.<\/li>\n<li>Pri uporabi de\u017enega tu\u0161a je treba preveriti, ali ima vgrajen reduktor vode, in ga odstraniti, \u010de je vgrajen. Poleg tega mora biti prha izdelana iz kovine (plasti\u010dne prhe se zaradi delovanja turbine po\u0161kodujejo).<\/li>\n<\/ul>","protected":false},"excerpt":{"rendered":"<p>Conditions for using ecoturbino\u00ae in showers Never use in conjunction with water-saving showerheads. This leads direct to technical disruptions and also affects the shower experience (shower enjoyment philosophy). Neither the showerhead nor the shower hose should have a built-in water reducer. If one exists, it must be removed beforehand. When using a rain shower, it [&#8230;]\n","protected":false},"author":1319,"featured_media":0,"parent":0,"menu_order":0,"comment_status":"closed","ping_status":"closed","template":"page-blank-title-center.php","meta":{"inline_featured_image":false,"footnotes":""},"class_list":["post-46964","page","type-page","status-publish","hentry"],"_links":{"self":[{"href":"https:\/\/ecoturbino.shop\/sl\/wp-json\/wp\/v2\/pages\/46964","targetHints":{"allow":["GET"]}}],"collection":[{"href":"https:\/\/ecoturbino.shop\/sl\/wp-json\/wp\/v2\/pages"}],"about":[{"href":"https:\/\/ecoturbino.shop\/sl\/wp-json\/wp\/v2\/types\/page"}],"author":[{"embeddable":true,"href":"https:\/\/ecoturbino.shop\/sl\/wp-json\/wp\/v2\/users\/1319"}],"replies":[{"embeddable":true,"href":"https:\/\/ecoturbino.shop\/sl\/wp-json\/wp\/v2\/comments?post=46964"}],"version-history":[{"count":0,"href":"https:\/\/ecoturbino.shop\/sl\/wp-json\/wp\/v2\/pages\/46964\/revisions"}],"wp:attachment":[{"href":"https:\/\/ecoturbino.shop\/sl\/wp-json\/wp\/v2\/media?parent=46964"}],"curies":[{"name":"wp","href":"https:\/\/api.w.org\/{rel}","templated":true}]}}