{"id":47883,"date":"2023-10-03T01:25:02","date_gmt":"2023-10-02T23:25:02","guid":{"rendered":"https:\/\/en.ecoturbino.shop\/?page_id=47883"},"modified":"2023-10-04T00:02:31","modified_gmt":"2023-10-03T22:02:31","slug":"trgovsko-obmocje","status":"publish","type":"page","link":"https:\/\/ecoturbino.shop\/sl\/merchant-area\/","title":{"rendered":"Trgovsko obmo\u010dje"},"content":{"rendered":"<div class=\"banner has-hover\" id=\"banner-1245963629\">\n          <div class=\"banner-inner fill\">\n        <div class=\"banner-bg fill\" >\n            <img decoding=\"async\" width=\"2000\" height=\"230\" src=\"https:\/\/ecoturbino.shop\/wp-content\/uploads\/2023\/09\/wasser-faq-2000.webp\" class=\"bg attachment-original size-original\" alt=\"Kategorija vode\" \/>                        <div class=\"overlay\"><\/div>            \n                    <\/div>\n\t\t\n        <div class=\"banner-layers container\">\n            <div class=\"fill banner-link\"><\/div>            \n   <div id=\"text-box-2052217664\" class=\"text-box banner-layer x50 md-x50 lg-x50 y50 md-y50 lg-y50 res-text\">\n                                <div class=\"text-box-content text dark\">\n              \n              <div class=\"text-inner text-center\">\n                  \n<h1>TRGOVEC | MONTER<\/h1>\n              <\/div>\n           <\/div>\n                            \n<style>\n#text-box-2052217664 {\n  width: 84%;\n}\n#text-box-2052217664 .text-box-content {\n  font-size: 100%;\n}\n@media (min-width:550px) {\n  #text-box-2052217664 {\n    width: 75%;\n  }\n}\n@media (min-width:850px) {\n  #text-box-2052217664 {\n    width: 79%;\n  }\n}\n<\/style>\n    <\/div>\n \n        <\/div>\n      <\/div>\n\n            \n<style>\n#banner-1245963629 {\n  padding-top: 110px;\n}\n#banner-1245963629 .overlay {\n  background-color: rgba(0,0,0,.5);\n}\n@media (min-width:550px) {\n  #banner-1245963629 {\n    padding-top: 170px;\n  }\n}\n@media (min-width:850px) {\n  #banner-1245963629 {\n    padding-top: 190px;\n  }\n}\n<\/style>\n  <\/div>\n\n\n<div class=\"row\"  id=\"row-2138237050\">\n\n\t<div id=\"col-369430795\" class=\"col medium-6 small-12 large-6\"  >\n\t\t\t\t<div class=\"col-inner\"  >\n\t\t\t\n\t\t\t\n<h2 class=\"headlinefocus\">Va\u0161a registracija kot trgovca, monterja itd.<\/h2>\n<p>Po registraciji boste v najkraj\u0161em mo\u017enem \u010dasu prejeli pogoje za preprodajalce.<\/p>\n<p>Zelo verjetno je, da vas bomo poklicali osebno, da bi vas seznanili z delovanjem trgovine in vam razlo\u017eili njene funkcije.<\/p>\n<p>\u010ce vas zanima osebni pogovor pred registracijo, nas lahko neposredno pokli\u010dete na T <a href=\"tel:+4369918180000\">+43 699 18180000<\/a><\/p>\n<p>Veselimo se sre\u010danja z vami!<\/p>\n<div class=\"row\"  id=\"row-1757873931\">\n\n\t<div id=\"col-990633091\" class=\"col small-12 large-12\"  >\n\t\t\t\t<div class=\"col-inner dark\"  >\n\t\t\t\n\t\t\t\n<div class=\"accordion\">\n\t<div id=\"accordion-255687226\" class=\"accordion-item\">\n\t\t<a id=\"accordion-255687226-label\" class=\"accordion-title plain\" href=\"#accordion-item-click-and-register-as-a-merchant,-installer,-or-similar.\" aria-expanded=\"false\" aria-controls=\"accordion-255687226-content\">\n\t\t\t<button class=\"toggle\" aria-label=\"Toggle\"><i class=\"icon-angle-down\" aria-hidden=\"true\"><\/i><\/button>\n\t\t\t<span>Kliknite in se registrirajte kot trgovec, monter ali podobno.<\/span>\n\t\t<\/a>\n\t\t<div id=\"accordion-255687226-content\" class=\"accordion-inner\" aria-labelledby=\"accordion-255687226-label\">\n\t\t\t\n\n<div class=\"wpcf7 no-js\" id=\"wpcf7-f47918-o1\" lang=\"en-GB\" dir=\"ltr\" data-wpcf7-id=\"47918\">\n<div class=\"screen-reader-response\"><p role=\"status\" aria-live=\"polite\" aria-atomic=\"true\"><\/p> <ul><\/ul><\/div>\n<form action=\"\/sl\/wp-json\/wp\/v2\/pages\/47883#wpcf7-f47918-o1\" method=\"post\" class=\"wpcf7-form init\" aria-label=\"Kontaktni obrazec\" enctype=\"multipart\/form-data\" novalidate=\"novalidate\" data-status=\"init\" data-trp-original-action=\"\/sl\/wp-json\/wp\/v2\/pages\/47883#wpcf7-f47918-o1\">\n<fieldset class=\"hidden-fields-container\"><input type=\"hidden\" name=\"_wpcf7\" value=\"47918\" \/><input type=\"hidden\" name=\"_wpcf7_version\" value=\"6.1.5\" \/><input type=\"hidden\" name=\"_wpcf7_locale\" value=\"en_GB\" \/><input type=\"hidden\" name=\"_wpcf7_unit_tag\" value=\"wpcf7-f47918-o1\" \/><input type=\"hidden\" name=\"_wpcf7_container_post\" value=\"0\" \/><input type=\"hidden\" name=\"_wpcf7_posted_data_hash\" value=\"\" \/>\n<\/fieldset>\n<p><span class=\"wpcf7-form-control-wrap\" data-name=\"vorname10\"><input size=\"60\" maxlength=\"100\" class=\"wpcf7-form-control wpcf7-text wpcf7-validates-as-required\" aria-required=\"true\" aria-invalid=\"false\" placeholder=\"Ime in priimek\" value=\"\" type=\"text\" name=\"vorname10\" \/><\/span><span class=\"wpcf7-form-control-wrap\" data-name=\"nachname10\"><input size=\"60\" maxlength=\"100\" class=\"wpcf7-form-control wpcf7-text wpcf7-validates-as-required\" aria-required=\"true\" aria-invalid=\"false\" placeholder=\"Priimek\" value=\"\" type=\"text\" name=\"nachname10\" \/><\/span>\n<\/p>\n<p><span class=\"wpcf7-form-control-wrap\" data-name=\"unternehmen10\"><input size=\"60\" maxlength=\"100\" class=\"wpcf7-form-control wpcf7-text wpcf7-validates-as-required\" aria-required=\"true\" aria-invalid=\"false\" placeholder=\"Ime podjetja\" value=\"\" type=\"text\" name=\"unternehmen10\" \/><\/span>\n<\/p>\n<p><span class=\"wpcf7-form-control-wrap\" data-name=\"gewerbe10\"><select class=\"wpcf7-form-control wpcf7-select wpcf7-validates-as-required\" aria-required=\"true\" aria-invalid=\"false\" name=\"gewerbe10\"><option value=\"\">&#8212;Please choose an option&#8212;<\/option><option value=\"Trade\">Trgovina<\/option><option value=\"Installer\">Monter<\/option><option value=\"Others\">Drugo<\/option><\/select><\/span>\n<\/p>\n<p><span class=\"wpcf7-form-control-wrap\" data-name=\"firmenbuch10\"><input size=\"60\" maxlength=\"100\" class=\"wpcf7-form-control wpcf7-text\" aria-invalid=\"false\" placeholder=\"Registrska \u0161tevilka podjetja \/ \u0161tevilka DDV (\u010de je primerno)\" value=\"\" type=\"text\" name=\"firmenbuch10\" \/><\/span>\n<\/p>\n<p><span class=\"wpcf7-form-control-wrap\" data-name=\"email10\"><input size=\"60\" maxlength=\"100\" class=\"wpcf7-form-control wpcf7-email wpcf7-validates-as-required wpcf7-text wpcf7-validates-as-email\" aria-required=\"true\" aria-invalid=\"false\" placeholder=\"@e-po\u0161tni naslov\" value=\"\" type=\"email\" name=\"email10\" \/><\/span>\n<\/p>\n<p><span class=\"wpcf7-form-control-wrap\" data-name=\"telefon10\"><input size=\"30\" maxlength=\"50\" class=\"wpcf7-form-control wpcf7-text wpcf7-validates-as-required\" aria-required=\"true\" aria-invalid=\"false\" placeholder=\"Telefonska \u0161tevilka\" value=\"\" type=\"text\" name=\"telefon10\" \/><\/span>\n<\/p>\n<p><span class=\"wpcf7-form-control-wrap\" data-name=\"homepage10\"><input size=\"60\" maxlength=\"100\" class=\"wpcf7-form-control wpcf7-text\" aria-invalid=\"false\" placeholder=\"Spletna stran (\u010de je na voljo)\" value=\"\" type=\"text\" name=\"homepage10\" \/><\/span>\n<\/p>\n<p><span class=\"wpcf7-form-control-wrap\" data-name=\"nachricht10\"><textarea cols=\"60\" rows=\"10\" maxlength=\"500\" class=\"wpcf7-form-control wpcf7-textarea wpcf7-validates-as-required\" aria-required=\"true\" aria-invalid=\"false\" placeholder=\"Kje in kako prodajate? S katerimi izdelki se ukvarjate?\" name=\"nachricht10\"><\/textarea><\/span>\n<\/p>\n<p><span class=\"wpcf7-form-control-wrap\" data-name=\"erfahren10\"><textarea cols=\"60\" rows=\"1\" maxlength=\"200\" class=\"wpcf7-form-control wpcf7-textarea wpcf7-validates-as-required\" aria-required=\"true\" aria-invalid=\"false\" placeholder=\"Kako ste nas na\u0161li?\" name=\"erfahren10\"><\/textarea><\/span>\n<\/p>\n<p>Nalo\u017eite obrtno dovoljenje ali \u0161tevilko podjetja (.pdf\/.jpg): <span class=\"wpcf7-form-control-wrap\" data-name=\"gewerbeschein10\"><input size=\"40\" class=\"wpcf7-form-control wpcf7-file wpcf7-validates-as-required\" accept=\".jpg,.pdf,.gif,.png,.doc,.docx,.odt\" aria-required=\"true\" aria-invalid=\"false\" type=\"file\" name=\"gewerbeschein10\" \/><\/span>\n<\/p>\n<div class=\"wpcf7-turnstile cf-turnstile\" data-sitekey=\"0x4AAAAAAALCOGxAMe4ujVPQ\" data-response-field-name=\"_wpcf7_turnstile_response\"><\/div>\n<p><input class=\"wpcf7-form-control wpcf7-submit has-spinner\" type=\"submit\" value=\"Po\u0161lji\" \/>\n<\/p><div class=\"wpcf7-response-output\" aria-hidden=\"true\"><\/div>\n<input type=\"hidden\" name=\"trp-form-language\" value=\"sl\"\/><\/form>\n<\/div>\n\n\t\t<\/div>\n\t<\/div>\n\t\n\t<div id=\"accordion-1443868809\" class=\"accordion-item\">\n\t\t<a id=\"accordion-1443868809-label\" class=\"accordion-title plain\" href=\"#accordion-item-click-for-the-affiliate-program\" aria-expanded=\"false\" aria-controls=\"accordion-1443868809-content\">\n\t\t\t<button class=\"toggle\" aria-label=\"Toggle\"><i class=\"icon-angle-down\" aria-hidden=\"true\"><\/i><\/button>\n\t\t\t<span>Kliknite za affiliate program<\/span>\n\t\t<\/a>\n\t\t<div id=\"accordion-1443868809-content\" class=\"accordion-inner\" aria-labelledby=\"accordion-1443868809-label\">\n\t\t\t\n<a href=\"\/sl\/program-affiliate-partnerjev-2\/\" class=\"button white\" >\n\t<i class=\"icon-plus\" aria-hidden=\"true\"><\/i>\t<span>Affiliate Info + Registracija<\/span>\n\t<\/a>\n\n\t\t<\/div>\n\t<\/div>\n\t\n<\/div>\n\t\t<\/div>\n\t\t\t\t\t<\/div>\n\n\t\n\n<style>\n#row-1757873931 > .col > .col-inner {\n  background-color: rgb(119, 119, 119);\n  border-radius: 10px;\n}\n<\/style>\n<\/div>\n\t\t<\/div>\n\t\t\t\t\t<\/div>\n\n\t\n\n\t<div id=\"col-149866115\" class=\"col medium-6 small-12 large-6\"  >\n\t\t\t\t<div class=\"col-inner\"  >\n\t\t\t\n\t\t\t\n<a href=\"https:\/\/ecoturbino.shop\/sl\/moj-racun\/\" class=\"button secondary is-xlarge reveal-icon expand\" style=\"border-radius:10px;\">\n\t\t<span>Za prijavo<\/span>\n\t<i class=\"icon-user\" aria-hidden=\"true\"><\/i><\/a>\n\n<p>\u010ce se \u017eelite prijaviti, kliknite zgornji gumb ali ikono ra\u010duna poleg nakupovalne ko\u0161arice.<\/p>\n\t<div class=\"img has-hover radius10 x md-x lg-x y md-y lg-y\" id=\"image_1370816217\">\n\t\t\t\t\t\t\t\t<div class=\"img-inner dark\" >\n\t\t\t<img decoding=\"async\" width=\"600\" height=\"220\" src=\"https:\/\/ecoturbino.shop\/wp-content\/uploads\/2023\/10\/merchant-login_600.webp\" class=\"attachment-original size-original\" alt=\"Glava za prijavo trgovca\" srcset=\"https:\/\/ecoturbino.shop\/wp-content\/uploads\/2023\/10\/merchant-login_600.webp 600w, https:\/\/ecoturbino.shop\/wp-content\/uploads\/2023\/10\/merchant-login_600-470x172.webp 470w\" sizes=\"(max-width: 600px) 100vw, 600px\" \/>\t\t\t\t\t\t\t<div class=\"overlay\" style=\"background-color: rgba(0, 0, 0, 0.1)\"><\/div>\n\t\t\t\t\t\t\n\t\t\t\t\t<\/div>\n\t\t\t\t\t\t\t\t\n<style>\n#image_1370816217 {\n  width: 100%;\n}\n<\/style>\n\t<\/div>\n\t\n\t\t<\/div>\n\t\t\t\t\t<\/div>\n\n\t\n<\/div>\n\t<div id=\"gap-1305208133\" class=\"gap-element clearfix\" style=\"display:block; height:auto;\">\n\t\t\n<style>\n#gap-1305208133 {\n  padding-top: 30px;\n}\n<\/style>\n\t<\/div>\n\t\n\n\t<section class=\"section\" id=\"section_317276261\">\n\t\t<div class=\"section-bg fill\" >\n\t\t\t\t\t\t\t\t\t\n\t\t\t\n\n\t\t<\/div>\n\n\t\t\n\n\t\t<div class=\"section-content relative\">\n\t\t\t\n<div class=\"row\"  id=\"row-682310299\">\n\n\t<div id=\"col-2053390073\" class=\"col medium-4 small-12 large-4\"  >\n\t\t\t\t<div class=\"col-inner\"  >\n\t\t\t\n\t\t\t\n<h3>Kontakt | Podpora za trgovce<\/h3>\n<p><strong>ecoturbino\u00ae Trgovina po<br \/>Webdeals Shops GmbH<\/strong><br \/>Holzbodenweg 6<br \/>AT- 6858 Schwarzach<\/p>\n<p>E: <a href=\"mailto:wholesale@ecoturbino.shop\">wholesale@ecoturbino.shop<\/a><br \/>T: <a href=\"tel:+4369918180000\">+43 699 18180000<\/a><\/p>\n<div class=\"is-divider divider clearfix\" style=\"max-width:small;\"><\/div>\n<p><a href=\"\/sl\/nacini-placila-2\/\">Na\u010dini pla\u010dila<\/a> | <a href=\"\/sl\/stroski-posiljanja\/\">Stro\u0161ki po\u0161iljanja<\/a><\/p>\n\t\t<\/div>\n\t\t\t\t\t<\/div>\n\n\t\n\n\t<div id=\"col-631135058\" class=\"col medium-8 small-12 large-8\"  >\n\t\t\t\t<div class=\"col-inner\"  >\n\t\t\t\n\t\t\t\n\t<div class=\"img has-hover x md-x lg-x y md-y lg-y\" id=\"image_1218615281\">\n\t\t\t\t\t\t\t\t<div class=\"img-inner dark\" >\n\t\t\t<img decoding=\"async\" width=\"1222\" height=\"580\" src=\"https:\/\/ecoturbino.shop\/wp-content\/uploads\/2023\/10\/ecoturbino-produkte.webp\" class=\"attachment-original size-original\" alt=\"\" srcset=\"https:\/\/ecoturbino.shop\/wp-content\/uploads\/2023\/10\/ecoturbino-produkte.webp 1222w, https:\/\/ecoturbino.shop\/wp-content\/uploads\/2023\/10\/ecoturbino-produkte-470x223.webp 470w, https:\/\/ecoturbino.shop\/wp-content\/uploads\/2023\/10\/ecoturbino-produkte-635x301.webp 635w, https:\/\/ecoturbino.shop\/wp-content\/uploads\/2023\/10\/ecoturbino-produkte-800x380.webp 800w\" sizes=\"(max-width: 1222px) 100vw, 1222px\" \/>\t\t\t\t\t\t\n\t\t\t\t\t<\/div>\n\t\t\t\t\t\t\t\t\n<style>\n#image_1218615281 {\n  width: 100%;\n}\n<\/style>\n\t<\/div>\n\t\n\t\t<\/div>\n\t\t\t\t\n<style>\n#col-631135058 > .col-inner {\n  margin: 0px 0px -30px 0px;\n}\n<\/style>\n\t<\/div>\n\n\t\n<\/div>\n\t\t<\/div>\n\n\t\t\n<style>\n#section_317276261 {\n  padding-top: 30px;\n  padding-bottom: 30px;\n}\n<\/style>\n\t<\/section>","protected":false},"excerpt":{"rendered":"","protected":false},"author":1319,"featured_media":47649,"parent":0,"menu_order":0,"comment_status":"closed","ping_status":"closed","template":"page-blank.php","meta":{"inline_featured_image":false,"footnotes":""},"class_list":["post-47883","page","type-page","status-publish","has-post-thumbnail","hentry"],"_links":{"self":[{"href":"https:\/\/ecoturbino.shop\/sl\/wp-json\/wp\/v2\/pages\/47883","targetHints":{"allow":["GET"]}}],"collection":[{"href":"https:\/\/ecoturbino.shop\/sl\/wp-json\/wp\/v2\/pages"}],"about":[{"href":"https:\/\/ecoturbino.shop\/sl\/wp-json\/wp\/v2\/types\/page"}],"author":[{"embeddable":true,"href":"https:\/\/ecoturbino.shop\/sl\/wp-json\/wp\/v2\/users\/1319"}],"replies":[{"embeddable":true,"href":"https:\/\/ecoturbino.shop\/sl\/wp-json\/wp\/v2\/comments?post=47883"}],"version-history":[{"count":0,"href":"https:\/\/ecoturbino.shop\/sl\/wp-json\/wp\/v2\/pages\/47883\/revisions"}],"wp:featuredmedia":[{"embeddable":true,"href":"https:\/\/ecoturbino.shop\/sl\/wp-json\/wp\/v2\/media\/47649"}],"wp:attachment":[{"href":"https:\/\/ecoturbino.shop\/sl\/wp-json\/wp\/v2\/media?parent=47883"}],"curies":[{"name":"wp","href":"https:\/\/api.w.org\/{rel}","templated":true}]}}